{"id":57672,"date":"2024-02-20T15:33:10","date_gmt":"2024-02-20T15:33:10","guid":{"rendered":"https:\/\/velarogverkfaeri.is\/?post_type=product&#038;p=57672"},"modified":"2025-10-28T12:19:58","modified_gmt":"2025-10-28T12:19:58","slug":"smedbo-sideline-sturtuskafa-m-festingu","status":"publish","type":"product","link":"https:\/\/velarogverkfaeri.is\/en\/lykillausnir\/badherbergi-lykillausnir\/skofur-badherbergi-lykillausnir\/product\/smedbo-sideline-sturtuskafa-m-festingu\/","title":{"rendered":"SMEDBO Sideline Sturtuskafa m. festingu Kr\u00f3m 1330x388mm DK2170"},"content":{"rendered":"<p><img decoding=\"async\" src=\"data:image\/png;base64,iVBORw0KGgoAAAANSUhEUgAAAq0AAACeCAYAAAAYLTOBAAAAAXNSR0IArs4c6QAAAARnQU1BAACxjwv8YQUAAAAJcEhZcwAADsMAAA7DAcdvqGQAACjbSURBVHhe7d0NXFRl3jfwn0U6leawtTu4tgVbrcCmgm45sJWoCQh3arotKvdGao+OL\/mSbkhafGgtpXzBMkV3ibRV8d5HxO0RYUvEbYWxUoYtY9w0xt5gys96NO51NIrnus6cgWEAeRFxhn5fP6dzznUuzpxxh52f1\/mfc3rUCSAiIiIi8mLXaHMiIiIiIq\/F0EpEREREXo+hlYiIiIi8HkMrEREREXk9hlYiIiIi8noMrURERETk9RhaiYiIiMjrMbQSERERkddjaCUiIiIir8fQSkRERERej6GViIiIiLweQysREREReT2GViIiIiLyegytRERERF2gTvyhjmNoJSIiIuoCPcSfrlZX132Ccg\/xZhj7iYiIiDqRHFV1hVSr1aqGxx49GkKrXO\/Xrx\/0er3W0vlcEe\/7779X59K1116rLTm3ux+Tt2NoJSIiIrqC1q5dq86Li4sRHByMgIAANTBGR0fj7rvvVrddCWfPnsWXX36J2tpa+Pn5we86P9x1513aVt\/D0EpERETUBTIyMtSgGhoaqrVcWYdKDuGU7RT69OmjjugOHDiw0ciujIC+NNLKmlYiIiKiLtRV44Xn\/3Me3333nVoSIKe+fftqW5x8KbBKDK1EREREXagrw2KPa5yv1aMbnFdnaCUiIiLqhuSI7vffaRdh+dagarMYWomIiIi6IXmR19ChQ3HNNdd0h8zK0EpERETUHclbav3sZz9TQ2t3uOq+SWiVt0bgnHPOOeecc86vzJzoqugGqZW3vCIiIiLqAl19yyvp3LlzMJvNuKl3HwyLMPrcHQPcsTyAiIiIqJur44VYRERERERXHkMrEREREXk9hlYiIiIi8noMrURERETk9RhaiYiIiMjrMbQSERERkddjaCUiIiIir8fQSkRERERej6GViIiIiLweQysREREReT2GViIiIiLyeu0MrQ4oiiImh7auqdXaPZpRI\/sqcNRq6y2qRNErq\/HqW5Xaehs4tH1rq\/TD4\/D4bMl15+fTY\/L4kDiUSpQdKENljdbQDEd1BUotlW347Aris1hpKUXF6ZY\/ja3ury37kMdtrmj6e+ZJ\/j5e4r0RERH5onaG1jK8GuIP\/xGviqUGldnx8Pf3x8iN7q3V2D5N9PVfhqLWvkCry5A1bzHmvlEmfqptqndPF\/uejtzPtYZmOD4vQ5EIJ9VMtt2LUoHtT8VjSIj439\/1gamtQP4fs5DVaFqFOSPisO2E1qdGfH6njML0F3JR9H6RWA7F47s9PnGni7BsbCKWvZGPktznER\/9PEpb\/Pw6UJH9OOLnrULuWyXImj0EiTs8\/uHV6v7asI+aCmTNiMfcNeK438nC9HsSsd2mbWuGsm8xlh1QtDUiIiKgrq5OW\/Jh4k20w\/m6\/b+HeNcT6rZ9pjXVnanbO0u2iWn0n+o+0Vrrzu+vWyTbHtlWV6U1Xcr5M2fqzpzXVtqgavsEj+Noqi19yLecyV9aN+H32+o+qtpbt8j989aM86XL6yasOaqtVdXtmjq9blultip9vatuuvvn85uSuuWPLK8rOaOtC5+8Flc3YXvzn+BPtk+vm77V7QjEZ37pneLntdW27K\/VfYh3uM3juM8XLa0Leq6hR2Pyd5SfeSIib7R27dq6Y8eOaWtd4+zZs3WFhYV1hw4dqvv++++1Vt\/UzpFWHYbcP0fMc3G0Qhu+dBxF0UYgICAAeCsfpa6Rzw9LsU3MRo6OgNiiqj6QhWWzJ2LUtMXI2leJhrGgShTJkTH38oDaahRlL8Pc307E3FeKUF1diqyXVmP1mx6jULUKSrMX4\/Hox7E4O7\/+lG\/lm6uxXryG3PfeDc38HPkkXcRi7HpxCkKqK1ByfyiCtPYmPs\/F3M1BWLUw3LkuPq5BT63ClEDnqsrhwJlb9OJT7VT2x+XAk4sQodcahKCQSOSeaOazczofq\/eNxPLfuR2BLhSh4UdRqf0OtLq\/NuxDEZ\/jvaOXNzpu3V2hCP+gsoWzEhUo+zASIbdqq3Ikd\/er2G52ldIoqNyXhcXTRuHxp7ajTJG\/P7lw\/ToTERF5q3ZfiKUPj8QEMd9m1koBLDKcBmDuc8sw0i3MVpaJoIlwxN0jv5AdKP1DJPqNXIZcJUi0luD5uJ9jyLx8LbhWo+ypxVhscX0NVyN3WrgIt88j\/zNFfOnOReS05djeqI+kYO+zEzH9jTJUVu3F6mnxiHzKuU\/FJgJ0WZVYqkKZOR\/5Np4u7Q50emcCrHwvH5FGLZA2UYntz+Yj7rkpDaFWF4DwYLf0KD4lRZv3YuSMOKitjiLsemcCphhdEbbBSPkPMg+Vb2ZBP3VC\/T\/IGgQh4BYxa8P+Wt2HeB+7svWY\/nDTHggMcB63pxPiH5ERkeJ3TKitRO6T07Gtd6I4DhnOxfqMOdiuE0F5836sn6fHrldWYdc+B3RND5OIiMirtP\/uAbdGIG60iJXvfCS+AsXX6gcynCYi4neRiAtzhVkRQt8pAgImIlK0wfIq5jxbiglbS\/DR9lVY9VoJSv5nOipfWYYsi9ypB3MW5rwhIu8zon\/pfuwv+gj7J+sg9uihCI7Rf8JHRaLPByXY9oh45Y3bUCRybfgT+7Ht6UjRJxLLtortT7QUcMj3iH\/IlOkxJKS5pOVA2YrFqJyxHhPqRxsbKOKztfrZuZj46KvA7G2YIz+fguOdfFQ8Et9k5Lby46MID+ynrblUougvQxA\/wvP1K\/GREoIg0dz6\/lrfB04UITc8HiM9u9g+gnJXUP0IsTulogxBYSHOWlr5Hudtw\/LRznhbtnYujj6ahaUjxM\/6iRx\/axymB5SKkCteT+1BRETkvdofWsXX25AxIgC+VYSy6mqUijlmjcQQXTgiJwSgOrcEZY6PUPKG6Pq7CHXEp7pCtEF8kX6Qi9XyFL+YtpWdF9vKUFLR9CRndeVREXuBuOiI+i\/moBET1RHexiZg4v2ur9sgBA2Uc0fbrvgmH1aBkhNxiGgmlDrMq7Ecy7ComRFOSX\/3REyfPQfTQ0rwfHaZdspc7PH9EkSGeI5oinBciqbhuLoMRYHh8hPdmKUERVrJQqv7a8M+qsuKnAHUQ9l7RRg5sLmY6cDRd6oQ4shC\/OwKJG5ehQmusgJt5Hf6fR7vRadH3D38Bx0REXm\/DoRWIDxiIgKwHSUHilDyF2D66Ej1VGW4MVH90q3Y7axnnXP\/ELfRIJ06ulPPfwgSX1yFOHVIqXnXu\/dvSVv6UPfiFuwasW131rGmhDc7CqnqrYc+IARxKcsRtzVfuwtGNSor+qGfekrezeki5DoSEecZjj+vQFE\/\/yan58vEP+AmPhQhltqwv1b3AVSdKEK\/HzfpgaK3JiLOqK02UiF+vgoVtf0Q+Zn4R6V7RcyHpSgbM9Lj70xB2QHR925tlYiIuq0ePXpoS76rQ6EVYREQ8RTbnlyEVzEBI+9xfrHq7hmJOcjFqhd3ia\/tCYgM19p7y9OhVQgaPQeLfr\/IOS2cg+n\/R0xGzy9lQH+L86u15IOGC2AcFUdRoi3TD1vlByXN1LNWYvtzRY3rWFUOlO3IQqlnSbPjDKqCAurrSR3NXIhU9kYWglw1r+5qZSz1cDofWR8kItFVbtDa\/tqyj9qmZyGUN7Nw9HeJzppVT7KedcJqrJ88BXOe7odlLxfVjyQrn1WK38PrtTXNiV3IUiIR0vRXkIiIyOt0LLTqhmDkLPGlWy2+VEe7nabVRyJOtJdZyhq160dPx3JjNZ5\/ejGyzJVQbKXIenIk\/P1HYnUzNa26+xNFfyB\/xihMfGo1Vj\/7OOKfLYJnZWGr\/OR4Wy62ZeeiyMoLsbqH5k7Zywv9Wq5jPVO2DLvec0uRIgzmP\/cq\/J9N1AJuAELCyxruiCEoby3D8hpXmYEDlfLBAM5NQGAIppQ6a7pV8j6qT+UiUgRmZwhubX9Cq\/sAgoKnNP6HmzULi3dHYvlkz7IDp\/p6VkH\/0CIs\/XB1\/T1q9XeFo2r3XlS6Smeq87H66SxU3c96ViIi8g0dC63QY8j9zgrT8DFD3L70WmjXhWPpjr1Y5J+PxyN+Dv+gSDy+zx+L\/roNi7RRpUZk\/zdLsH5WOBRLPvI\/D8HyVxa3+8s1YMxcrBoThPxnJ2LUyyUi7pDva1rPKutYV\/m1VMeqw8jZWcCKIYiMHoVRcpqyCsqULCx16x\/+u\/UNfUaOwhzrRGQ9o9VUv\/8qRs3a3nBbqIA4LH4oH\/EDXfvLEgH4T41uS3XJ\/Ult2EfAQ4sR91Y8QsXPy31MfM0fSzd7jiS7OOtZXWc3ZI134rORyFqj3aHj7unIergCc8NDMWpsIhYfCELcQ\/1Yz0pERD6jh7xZq7bcNeSjXWt10OubCxhu5GNaRQiu72bbjolBiSh54SiqUtr5RSvP1fKePiQ\/e35un6lmyEfBig9nyzWx7uRntFbsr7e23oxW99fWffQW++jU+m0FudOWQbdmPeJYHkBE1CUyMjIQHR2N0NBQreXKO3fuHMxmM\/r06QOj0ejTta0dHGm9DPJCmNYC6+l8zA2Sj4udi6x9RSg6kIvn5y1CLiIwd3TTq6lbxcBKkvzstfJRkPeBbfOnRXfpsCm1ur+27uNyAmt1LubO2N5QiiBUvjEHrw6czsBKREQ+o+tDa1vcEodVB3ZheVARlsXJU6MTkfV1PFa9k4+lv2IAJWqXgDhMH1iExIhItRQhfuzj2N57Gfa6nhZGRETkA7q+PICIiIjoB4jlAZfHO0daiYiIiIjcMLQSERERkddjaCUiIiIir8fQSkRERERej6GViIiIiLweQysREREReT2GViIiIiLyegytREREROT1GFqJiIiIyOs1Ca1ffvmlOrmWOefcG+Zt6cM555xz7gtzIuqYJo9xvXjxorZEREREnalnz57aEv0Q8TGul4flAURERETdnMcYpU9iaCUiIiIir8fQSkRERERej6GViIiIiLweQysREREReT2GViIiIiLyegytRERERN2cL9\/qyoWhlYiIiOgydYdbSnk7hlYiIiKiy3TgwAEcP35cW6MrgaGViIiI6DJUVVdh1ty5+L+7duH8+fNaK3U2hlYiIiKiy3Cw+CAe+c1v4HedH6qrq7VW6mwMrUREREQd9M033yA3Nxf\/FR8HvV6vlgiwvvXKYGglH+aAoijq5KjVmq40h3i9Gm25JaKPrbwYllMOraEph2KD5aAFtkvsy2G3wlxu67r3RkRE7VZRYYX9q6\/V+ccnTuK9I0fx7bffalupMzG0ks9S9iZjkMEAg5gyjmiNV4wC685kjIschJl77VqbJwcsG5IQM2MF8vZbULw+AYNn5KFR7xoLMh+Nwcz0PBQfKcbGRwfDtMdjf6eLkTohCanbCmDOW4lxcSthbi0oExFRl\/vu++9QUlqK3zzyCO4eOBDRo0fj5CefqKOvzeEI7OVhaCXfVFOMFbMy6wNh1WlFW2pgLy+G+RKjnW2mFCB1ygpY7n4Ss2JCEPsrg7ahMfuuBci8OQ2FW9Ox4MkFWPDSFqRhBw58oXUQR5v3ZCb0fyjElhViu+iTvjkN2HmgIdjWmLFynhljXtuCdLmP1ExsSizF2haDMhERXS32ajtOnvgYv\/3NRNwzdChGP\/gg7rrz53jrrbe0Ho11h3ulXk0MreSD5IhmKjLsscjcsERtqa65oM7rHV6Je+6NwfC0gsYjnR3hZ8TC7emY9MsqWA+NQMgdWnsjIhwHLsDKhEBtXboAR00A9Ddqq7LLopWYdLu2Ll1w4MwtevTSVi2vrQDmL4BRrzUIgcERyDtZqa15sqFgUzGspwqQnWJCwrwMFJ8SzYpo35IMU5wJK\/dY5Utr2tufiIhaIu8UEBERgT59+qjrMpLGxsTC4eD\/i14JDK3ke07uQOozZhhfSsPUB0MwXjQ1CXW3hmHyzDQUpo5H8+Oi7dBbDzVDnizDvl8bEaY2etLBMDTY2U+j7N+AffdNRayrUWdA2IBGPVD8p30YMT3W+XOOYuz+x3hMGqZTt7qLMgRoSx5OHsDavTkotgZj8h8ysWncGSSnJGPlViuCJ6Yjc+tj0GXNx46THexPREQtuuOOOzBlyhTccMMNWgswdMgQPPbYY9oadSaGVvIxNuQ8Y0KBYQHSpon46Kc1f+NoPDrYPxbpLy9BlPuo5mVSrBbow0JEPL2E02Zkr0nF\/ClJyMRsbJndNOIqh7ORkTYfCdMyAdMWmAY72x2H9sE6MQ7uY7WS7UQZwgKbD63qMSWmwRQTCJ34u9APjYCxJhiT5sUisLfocIsRxqF6XK\/9PbW3PxERdUyd+EOdi6GVfIqydy2e2mWAaWMKomTI6h+IYLnhVDXOyvkVZH3f2mI9az19GB6eNhuzkkJQmp4NSzNniPS\/fBiPmWZhanApVmyx1Idt6xEzIoI996\/AehgID24uKjtg+Uc1Hr7P7WeOW2B5MNwt+Fpg3h+OYDW8t7c\/ERF1VA+1WKAxXoh1eRhayXfUX3xlR+YEA3r16iWm4Vgpt52oRpXaSVJgO2y+5O2k2k+GuZbqWd346aDXGxAcswRpsTtQUK61u5PlBoZgxD6VhjF\/LhB7luywWQMQcIu60uB0MfIckxHbX1tvxArLsQgEu22zfViKMcPcRne\/sKL010ZnsG93fyIi6kxX80Ks7hCYGVrJR7guvjJiydZCFP7NNe3EklFic3lDeYB1wzgMeGA4kjvzivtTzjDXXD2rozwH2Yc9717ggPJ1IAxqCBXHvjMb5iZdFFQFGuA68d9c3b5lezYCXTWvnk6W4YDR\/ZjsIlgHw6iVG0iKpRS6X2klDe3tT0RE5EUYWsk3lGdi\/jNmhD2djpSEKEQNd00RCFETXRls2q2l\/O8wYnzSOqTEX\/YlWPWUD0sBt3pW5ZgZNlcIPV2G1LyG0\/ySvXAFNvZJwWRtZFaxpGL3EbcetXYUPL8R\/ksna6fmDQgOs6DM2tBH2Z+KFTUpWNDMhVmSrE8NHOw2JuqoEH8L4Qhx624ttyEqzPn30N7+RERE3oShlXyADTnpyTAbTEibY\/QYBTQg8G45V3Bey3uGmHTs3GxCmKx57SSN61kteD3FDEUb\/tSNmoXNtSsw7IEYxMTJKQFrlMnY9LTrWHWIMm0G0odhuLpdTI+ugTJpE5a4BdKwxHUNfaJjMP\/4w2778OSsT40IcxuDLTfDOsrodrcEC8wFEQhXg3N7+xMREXmXHnUeRQ4XL17UloioOY6DqUhWFmLdOI+T9rUO9RGven3zMVNVo0Dx0+NSXRyKInfSQlglIl\/Ws2dPbYl+iDIyMhAdHY3Q0FCt5co7d+4czGYzevfurd5T1pcfcMCRVqJ2UVDw\/\/wx1TOwSupFWK1ETXkRVitddAysRERETTC0ErWHoiBwrqmFBwwQERF5p+7wCFmGVqL20Aci7HaOgxIREXU1hlYiIiIi8nodD621DtiPm1FcblMvPmnEoUBRlEa3ALryHOprKh14UYdig+WgGVa75zHbULwhA5n7bdo6EREREV0NHQitDlh3JiPm531x26DhiLl3AAw334aY3xeIiOdk3zMTBsNM5Gn3zWw\/BdaDxSg+7nk39kv4Ig8zDQbM3NOOG8qfNiNjygD0NQzAsOjhGHybAX1DE5BZrkVXuwXZC5Mxf5sFnXibeiIiIiJqp3aHVsfhDCQ9moGKX6Vhzz8\/hf3Tcux8OgQVL4\/D\/C2dNSJpRV50DGJ2WbX1K8GOnHnDkbwrAKbNB3Hcbsfxv6\/DVORh\/kMrUCxzq2E8Nol2+4bxbveyJCIiIqKu1u7Qaj28W31W+uzkJYgdYFCfoT4+dR02r0jHCFSj2bHRGgty1mQgI6sYdtf5d0UE0w3JMMUlYP6aHJhdQ5mKGdlrdqBULpt3IGNN48df2g9mI3VeAmJmJCNzp6WZ1zsP5VA2kmfEwJSSjYJTLdQLKGUo3SXmE2fh6SQjAvV6BA4zYWV2JtIX+MOhjhLbUPza63jdVR6gHpt4H57TFnPDcbT0vjTKsTxkps1HQpwJyRuabiciIiKiptodWgPvMKrzfTk5sJxWF4VgxD65AAtE+Gty90oRWDMeHYukjDIEPBgFg7zw+lQOkgYNRsJ6K3oNDoDtz09h+D0xyCwX2y4osL5tgTrGesKCfW9boVyQKw6YXxiO26JNyLGIiGgrwAuPDsOgaXmNTt0rhalIeEIcm60a+WtMGHd\/Mgrqj9ONPgBB8pnr\/9iB7IP2+lpW\/bCpWCDeS6z6VKBqWFKSkVxerW5zHts+cUzalLcRyWL7Gnk80qXel+DYn4xBQxKw9oj4G3uwL2zrk8T2+c0fHxERERHVa3do1ccvxJ55UajckIRh\/XvhtiExML3QwohhrQ0588YieW8Q0v6yCZNul40KClYnISdgCQ6+uwfrVqzDnnf\/irSAYszPKoBiiEV6fjqmyq7\/nY5CsRwrz83LZ8+nyWfPH0T53wtR+Ldy\/H1DLOzbVmCHFgqlYscYbDqqbX9tPGDPxA4RSpsKg+mP6zC+dwFSo29D314DMHzKfGQW2pofLZbUYxP7VqdNmHrnedE2CS8vjhVhvZX3JX7ccjhDBOzxSNu4DmlPpmPnvkJseeVhBKihnIiIiIha0oELsQIR+1Ih\/vXJYezZmo6HA6uRn5aE4bcNx8rD7qfibdixMAlJ2+ww\/bXQ7RnrVlg2iZnejuLN2un1l4tRFSDaNmkjrM2wW0vVsoSHYxuexR44fQ8uXDiMBXLEVDM+3iiO0CnwznB17qhVZ03oBpuw8592EYJ3IvPJESJVimA8dgAGTcupv6iseXLUV743Zxgf31+2tf6+ggZMggF5eOqhJLU0oEAJFMcbhTD154mIiIioJR0IrU66\/mGITViAdbnl+PRfWzDJYEZq2g63sGdBgbVaDZC7d+Y1DYG6Xo0eVRkUlY70FWGQGe+y+F2vLbSRnx7Bw8Zj6opMHPzIjoOpRti3JWHj\/hZqYQXbzpn4bVolJm3d4hbGNZd4X4aJW\/De3zIx+VfVMK9Pwrh7B6DvIBPyTjn7EhEREVHz2hla7cib1gu9es1Hgfu9WW8PRrhMZafPup1aj8K63cdRqJ7CT8L8LFds1UGnjoyGYbysg9Um07TH8Njs2PpRUk99b3FusVU3vIKjPEcd0Sw4qTW0x5GVuK1XL8Rsch\/bFQH2lyHqksPRQmgtl3dPyAESX0RagvvRtuF91SjoNXgy0jcXioB8Afa\/LUHYyWzM2ynHkImIiIioJe0MrQZETTSJ\/2ZixgQTMvcUo7gwByunJCC5HDD+d5TbM9n10PeWp\/DXYUuiAQWzk7DyiAyCYZicPAmGwlTMf7EAVrsd1sKVSBhkwKCnnLWfMgCq95jK24HsQot6xwHdrycjbRiQ\/YTYj\/q62UgWy8kZZ6DryOn1obF4UuyveN44JLyQg4KDxcjbYELCE9nitU0YM6zJJWUidJqx8olkmBGL2RMDYJP3klUnqzju1t6XgoJnBsFgiEGqrJtVbLCWW9WSh7gBLUV1IiIiIpI6cCFWOv62dQHCP8\/G\/N\/GIGZsElL\/ocOkFQexZ15DZG0QiEmpLzrLBxZmwFwjT5Nvwl\/XjoBt\/TgMvu02DB67AbaodfjrC\/KCJikMk9ZORXB1JkxjZ2LHcdGkC8OSN\/ZgQZgVqerrmrC7ZhLWvZmCKI8z9G0ThgW5B5GeoENpWhLGRccgYWE2bGELsOWtdMTeonVzd6wYqYflQgFSJ4hjkPeSVac8tWb10u9Lj9g\/\/BXrEhRkjx0gwusADF9lVf\/eVo5rJiATERERUb0edYK2rLp48aK21DqH+qhWHfT6DqVGQT56Veyhtx46P63JgzxLr\/PcfY0CpfZyXtdDrTiOGvlCIlp2yi5beV\/yMbfqy4ntWhMREXV\/PXv21JbohygjIwPR0dEIDQ3VWq68c+fOwWw2o0+fPjAajejRo4e2xfd0+EIsSYauywuOMni2HFilJoFVEmGw0wKr5Oc8js7bZSvvS4ZjBlYiIiKiNrus0EpERERE1BUYWomIiIjI6zG0ks+RtdRKo0nelaILOBTYyothOdXy6znsVpgPW9Wa5eY5oJyyoLjc1uJDL4iIiKgphlbyLUoBkg0GGBpNfXHbkCv5kAYHLBuSEDNjBfL2i8C5PgGDZ+Sh0cOBTxcjdcI4JGcWwHxoB5ZEez4hTuzleDZM0TOxYpcIvvs3ImFQEnL4YAkiIqI2YWgln+I4cgCZYh6buhOFfysU0x5kzjbCfqzxQxrs5cUwX2JEtD3suxYg8+Y0FG5Ndz404qUtSMMOHPhC6wALMmYcwIjX9mBdqnyoRBoy\/zgZB7YVNzxs47QI2+nAkvwtSFcfPJGOnWv1WLuHD5YgIiJqC4ZW8inWY8Xiv1EYnzAeUcOjxBSLqZPGqNtCbtbud3t4Je65NwbD0woaj4Z2iAi+gQuwstHTzy7AURMA\/Y3a6pECHIifiij32+369YIuQK\/dd1gE34M7oEucjED3O0r46RBo6KeteFDMyN5lge1IDjLmJcCUkgOLfAqd3YycNfORMGU+Mg81PB2u3f2JiIh8DEMr+RAbygosgGEEwu\/QmmptyNm0AbjDhIXjtGB5axgmz0xDYep49cFql0cHw9Dg+vApKfs3YN99UxHrahThUzlhk\/HWSR5T+mFMTTJqDUAvnR5WW7W2JoiQmZHlj5RxzR+h48huvL5zN8x+sTCt2YIlwbsx8+lkZLytQ+zsddjy0ghUTF6BYu1F29ufiIjI1zC0ku9QrLDslws7kBwXgxgxDf75AGy8+UWUl6xreIpZ\/1ikv7wEUbdr653htBnZa1Ixf0oSMjEbW2a7Pf1t8GNI\/\/FGjHtUhMQUE8bNzkPgC5kY7\/Z4YX38Qkw9Mh\/j5qUidd44jFtdjUmblyCshZv1Wo9ZMWZRCiYNlvf71SEwLAK6G8fAlBim3k9Y1z8MEUZd\/X2M29ufiIjI1zC0ks+or2c1pSElOUVMszAr1gjzy0mYufUK14bqw\/DwtNmYlRSC0vRsWOpHLG0oSFmC3TcvxKaXU\/BY8hLMMuzD2r02bbtQY0HmjJWwjUvH5ucWYuHSNIz\/IhXZR1oa9rSh7O0IRA1rSJh2aynC7gtreCCFCPClvcMRpK60tz8REZHvYWgln9G0nnU8TJvTsUS0ms1WrX5Vge2wGTZZz9mZ1KemGRAcswRpsTtQUO5stmWlovS\/MpCeZESg+oS4QMQuTUFgoVk7HgeKn18L\/dJMLIgJhkH2MYRh6tIFMB9qIWjLEeXAMARrq3IfFaJrRJhbkcJxC2y\/DnOWP7S3PxERkQ9iaCUf0Uw9q3SyAjL6Ge4IQF8xt24YhwEPDEfy3k64BKs8B9mHPS9eckD5OhAGtRTBgrxNIRjza49z7jUKzt6iRy+5rBRj96kxGOFZqlBzFrreHj+nkSPK1b8Od6ujtcB8LBZGt3IDy+F9IpQ6a3jb25+IiMgXMbSSb3DVswZUYPeaDGTIKc2EmBEmFBgm4cXHo9RT4f53GDE+aR1S4jthTPF0GVLzLA0XWAn2whXY2CcFk+uDcxls7vdarbEi++kCRC2KbQiRJypQ6T7yK+\/pmu5AyjS3ulg3sj41Itjt+EUwLzWGoCFy2mE1G2H8pXOtvf2JiIh8EUMr+QRXPSvKc7AyJRnJcsoqhW78OhS+twWTtJFMQ0w6dm42Iay3c\/1y6EbNwubaFRj2gPOir5i4BKxRJmPT00atVjQMpj+OwO6HB2vbxfRkHvotzaw\/HuhjsTDVgdQHhtf3SXiuEg9vWAJjs8forE81DtZWBfv7BQge5hZwlTKU6iIQoh5Ee\/sTERH5ph51grasunjxorZERKpaB5QakT\/lZfgtkI+WRW955b7W0Ay1j1700daJ6IenZ8+e2hL9EGVkZCA6OhqhoaFay5V37tw5mM1m9OnTB0ajET169NC2+B6OtBK1Rr0I69JRUyfD6CUCq6T20ZaJiIiofRhaiYiIiMjrMbQSERERkddjaCUiIiIir8fQSkRERERej6GViIiIiLweQysREREReT2GViIiIiLyegytRERERN2Yx3Ok2qVO\/FHnl7GPzsLQSkRERNTNtTV0yn7\/+c9\/8Pnnn+Ojjz7CsQ+Pqeve8CQthlYiIiKiH7Dvv\/8e1dXVOHLkCN5++20UFxejoqICX3\/9NaqqqnD27Fmtp5Nr9LWrMbQSERERdQMtjaa62uX822+\/xYULF9Qg+uGHH6KgoAC7d+\/G+++\/j3PnzuGGG25An5v6qCOrn332Ga677jr86Ec\/arTvHuLP1dAktMpELSfXMuece8O8LX0455xzzn1hTnSleJ7Cl0FTBtTa2lp1slqtePfdd9WR1EOHDqmjqz179sSNN96I7777Dl999RVOnjyJU6dO4ZtvvsHPfvYzDBo0CL169fKK8oAe4g1dnTFeIiIioh+QjIwMREdHIzQ0VGvpfBcvXlRP6\/\/73\/+Gw+FQ12VNqk6nU4PrNddcg5qaGpw5c0bdLksD+vbti379+qkjqn369IFer1fnsq83YWglIiIi6gJXIrTKGCcD6Keffoqv7XZcECG1Z69euP7669VT+5IMrV988QXsYrsMsXr9TRgwIBghISEisOrh5+enTtdee63a35OsYb1aJQHuGFqJiIiIusDatWsRExPTKLTKGNaWU+9yRFTWo8rJNZoqS05kbaoMmzKkylP98jS\/nM6eO4uv7F+pfXv26on+P+2P4OBg3H777aKfM8zKBHip15ZhVQbi63XXq\/u\/2hhaiYiIiLpAR0da5UipvJpfBtD\/\/d\/\/VQOsDKpykqf4ZZusXZXbZZs83S+nm2++GT\/96U\/V0\/0dPdWfmZmJe+65B0OHDtVarh7ePYCIiIjoCrrc8UFZn7p\/\/341nEqnT5\/Gxx9\/jH\/+85\/qaX9Zfzp48GCMHDkS8fHxiI2NxQMPPIC7775brVN1BVZfH6fkSCsRERHRFSJjlgyV8rS+a4TUFb3+\/Oc\/45FHHlGXL8VisWDXrl3qVfxyH\/I0f3h4uHqq31W32lqJgXxN2cc1bys50nrvvfdiyJAhWsvVw9BKRERE5MX+9a9\/qVf8BwYF4kf+P9JaW9daUHVdYCXLCuQ9WmV9rKIoaq2svLBLPhVL3iLrxRdfZGglIiIioq4lQ6q8R6sMpjabTS03kOQdBOTFXD\/+8Y9x6623qtNf\/vIX3HfffQytRERERNR2LY2aXoq8m4CsfZU1sPJRrcePH4fBYMAvfvELDBgwAP3791dLGORDBm648Qb4XeunvUYdMjM3qeUBshyhva\/b2RhaiYiIiLzcyy+\/jKioKPUJVS7uAVae6ldvd1X7nfoQAXlLLBlSDx8+jJKSEtx0000YPnw4IiIiMHDgQPTu3Vv9uda8\/vrramCVF3q5ygk6Epw7A0MrERERkZeToXXEiBFq4JRkfJO3wpJ3FpABVZ7il5NrWYbKO++8U32AgJzL2155Bk33EKoSm1t6iICr79XE0EpERETk5WRolafp5f1XT5w4UX9xljytL0dR\/f391VpUedr\/Jz\/5idom71TQnTC0EhEREXk5GVrz8\/PVkVN5ul6WCcgHB8jbYMlJXkDV2gMEXIGvufFSGQevds1qaxhaiYiIiLycZ3lAe3z11VcwmUxwXPxWhFPA4TiPSb99BDNmzGgxqHpjiOUTsYiIiIi6tR74Xkz5b76JfXvfxP\/k7EBhYaFaXtASbxx1ZWglIiIi8nJjx45Vn4B1WbQc+u23teqKLCvwJQytRERERF4uMDBQvejqctw5IERMwbg\/agQGDh6k1sH6EoZWIiIiIh8gT9lfzqVIHx+vEJMVR99\/F19\/\/RXMZrO2xTcwtBIRERH5iMupNZU\/Kaee112HH+n91bsJ+NLV+Lx7ABEREVE39tVXX2OGyQTdDTeI0At8e\/FbGIfdizmzZuH666\/Xenk\/hlYiIiIi8nosDyAiIiIir8fQSkRERERej6GViIiIiLweQysREREReT2GViIiIiLycsD\/B0WOpxt0scr\/AAAAAElFTkSuQmCC\" alt=\"\"><\/p>","protected":false},"excerpt":{"rendered":"<p>Tegund:&nbsp;DK2170&nbsp;<\/p>","protected":false},"featured_media":66085,"comment_status":"closed","ping_status":"closed","template":"","meta":[],"product_brand":[],"product_cat":[580,517,624],"product_tag":[],"class_list":{"0":"post-57672","1":"product","2":"type-product","3":"status-publish","4":"has-post-thumbnail","6":"product_cat-badherbergi-lykillausnir","7":"product_cat-lykillausnir","8":"product_cat-skofur-badherbergi-lykillausnir","10":"first","11":"instock","12":"taxable","13":"shipping-taxable","14":"purchasable","15":"product-type-simple"},"yoast_head":"<!-- This site is optimized with the Yoast SEO plugin v27.3 - https:\/\/yoast.com\/product\/yoast-seo-wordpress\/ -->\n<title>SMEDBO Sideline Sturtuskafa m. festingu Kr\u00f3m 1330x388mm DK2170 - V\u00e9lar &amp; Verkf\u00e6ri<\/title>\n<meta name=\"robots\" content=\"index, follow, max-snippet:-1, max-image-preview:large, max-video-preview:-1\" \/>\n<link rel=\"canonical\" href=\"https:\/\/velarogverkfaeri.is\/en\/lykillausnir\/badherbergi-lykillausnir\/skofur-badherbergi-lykillausnir\/product\/smedbo-sideline-sturtuskafa-m-festingu\/\" \/>\n<meta property=\"og:locale\" content=\"en_US\" \/>\n<meta property=\"og:type\" content=\"article\" \/>\n<meta property=\"og:title\" content=\"SMEDBO Sideline Sturtuskafa m. festingu Kr\u00f3m 1330x388mm DK2170 - V\u00e9lar &amp; Verkf\u00e6ri\" \/>\n<meta property=\"og:description\" content=\"Tegund:&nbsp;DK2170&nbsp;\" \/>\n<meta property=\"og:url\" content=\"https:\/\/velarogverkfaeri.is\/en\/lykillausnir\/badherbergi-lykillausnir\/skofur-badherbergi-lykillausnir\/product\/smedbo-sideline-sturtuskafa-m-festingu\/\" \/>\n<meta property=\"og:site_name\" content=\"V\u00e9lar &amp; Verkf\u00e6ri\" \/>\n<meta property=\"article:publisher\" content=\"https:\/\/www.facebook.com\/VelarOgVerkfaeri\" \/>\n<meta property=\"article:modified_time\" content=\"2025-10-28T12:19:58+00:00\" \/>\n<meta property=\"og:image\" content=\"https:\/\/velarogverkfaeri.is\/wp-content\/uploads\/2024\/09\/e8758a9b-e843-4f5d-90ed-e70975ce9a1a.jpg\" \/>\n\t<meta property=\"og:image:width\" content=\"1500\" \/>\n\t<meta property=\"og:image:height\" content=\"1500\" \/>\n\t<meta property=\"og:image:type\" content=\"image\/jpeg\" \/>\n<meta name=\"twitter:card\" content=\"summary_large_image\" \/>\n<script type=\"application\/ld+json\" class=\"yoast-schema-graph\">{\"@context\":\"https:\\\/\\\/schema.org\",\"@graph\":[{\"@type\":\"WebPage\",\"@id\":\"https:\\\/\\\/velarogverkfaeri.is\\\/lykillausnir\\\/badherbergi-lykillausnir\\\/skofur-badherbergi-lykillausnir\\\/product\\\/smedbo-sideline-sturtuskafa-m-festingu\\\/\",\"url\":\"https:\\\/\\\/velarogverkfaeri.is\\\/lykillausnir\\\/badherbergi-lykillausnir\\\/skofur-badherbergi-lykillausnir\\\/product\\\/smedbo-sideline-sturtuskafa-m-festingu\\\/\",\"name\":\"SMEDBO Sideline Sturtuskafa m. festingu Kr\u00f3m 1330x388mm DK2170 - V\u00e9lar &amp; Verkf\u00e6ri\",\"isPartOf\":{\"@id\":\"https:\\\/\\\/velarogverkfaeri.is\\\/en\\\/#website\"},\"primaryImageOfPage\":{\"@id\":\"https:\\\/\\\/velarogverkfaeri.is\\\/lykillausnir\\\/badherbergi-lykillausnir\\\/skofur-badherbergi-lykillausnir\\\/product\\\/smedbo-sideline-sturtuskafa-m-festingu\\\/#primaryimage\"},\"image\":{\"@id\":\"https:\\\/\\\/velarogverkfaeri.is\\\/lykillausnir\\\/badherbergi-lykillausnir\\\/skofur-badherbergi-lykillausnir\\\/product\\\/smedbo-sideline-sturtuskafa-m-festingu\\\/#primaryimage\"},\"thumbnailUrl\":\"https:\\\/\\\/velarogverkfaeri.is\\\/wp-content\\\/uploads\\\/2024\\\/09\\\/e8758a9b-e843-4f5d-90ed-e70975ce9a1a.jpg\",\"datePublished\":\"2024-02-20T15:33:10+00:00\",\"dateModified\":\"2025-10-28T12:19:58+00:00\",\"breadcrumb\":{\"@id\":\"https:\\\/\\\/velarogverkfaeri.is\\\/lykillausnir\\\/badherbergi-lykillausnir\\\/skofur-badherbergi-lykillausnir\\\/product\\\/smedbo-sideline-sturtuskafa-m-festingu\\\/#breadcrumb\"},\"inLanguage\":\"en-US\",\"potentialAction\":[{\"@type\":\"ReadAction\",\"target\":[\"https:\\\/\\\/velarogverkfaeri.is\\\/lykillausnir\\\/badherbergi-lykillausnir\\\/skofur-badherbergi-lykillausnir\\\/product\\\/smedbo-sideline-sturtuskafa-m-festingu\\\/\"]}]},{\"@type\":\"ImageObject\",\"inLanguage\":\"en-US\",\"@id\":\"https:\\\/\\\/velarogverkfaeri.is\\\/lykillausnir\\\/badherbergi-lykillausnir\\\/skofur-badherbergi-lykillausnir\\\/product\\\/smedbo-sideline-sturtuskafa-m-festingu\\\/#primaryimage\",\"url\":\"https:\\\/\\\/velarogverkfaeri.is\\\/wp-content\\\/uploads\\\/2024\\\/09\\\/e8758a9b-e843-4f5d-90ed-e70975ce9a1a.jpg\",\"contentUrl\":\"https:\\\/\\\/velarogverkfaeri.is\\\/wp-content\\\/uploads\\\/2024\\\/09\\\/e8758a9b-e843-4f5d-90ed-e70975ce9a1a.jpg\",\"width\":1500,\"height\":1500},{\"@type\":\"BreadcrumbList\",\"@id\":\"https:\\\/\\\/velarogverkfaeri.is\\\/lykillausnir\\\/badherbergi-lykillausnir\\\/skofur-badherbergi-lykillausnir\\\/product\\\/smedbo-sideline-sturtuskafa-m-festingu\\\/#breadcrumb\",\"itemListElement\":[{\"@type\":\"ListItem\",\"position\":1,\"name\":\"Home\",\"item\":\"https:\\\/\\\/velarogverkfaeri.is\\\/\"},{\"@type\":\"ListItem\",\"position\":2,\"name\":\"Vefverslun\",\"item\":\"https:\\\/\\\/velarogverkfaeri.is\\\/vefverslun\\\/\"},{\"@type\":\"ListItem\",\"position\":3,\"name\":\"SMEDBO Sideline Sturtuskafa m. festingu Kr\u00f3m 1330x388mm DK2170\"}]},{\"@type\":\"WebSite\",\"@id\":\"https:\\\/\\\/velarogverkfaeri.is\\\/en\\\/#website\",\"url\":\"https:\\\/\\\/velarogverkfaeri.is\\\/en\\\/\",\"name\":\"V\u00e9lar & Verkf\u00e6ri\",\"description\":\"Umbo\u00f0s- og heildverslun fr\u00e1 \u00e1rinu 1919\",\"publisher\":{\"@id\":\"https:\\\/\\\/velarogverkfaeri.is\\\/en\\\/#organization\"},\"potentialAction\":[{\"@type\":\"SearchAction\",\"target\":{\"@type\":\"EntryPoint\",\"urlTemplate\":\"https:\\\/\\\/velarogverkfaeri.is\\\/en\\\/?s={search_term_string}\"},\"query-input\":{\"@type\":\"PropertyValueSpecification\",\"valueRequired\":true,\"valueName\":\"search_term_string\"}}],\"inLanguage\":\"en-US\"},{\"@type\":\"Organization\",\"@id\":\"https:\\\/\\\/velarogverkfaeri.is\\\/en\\\/#organization\",\"name\":\"V\u00e9lar & Verkf\u00e6ri\",\"url\":\"https:\\\/\\\/velarogverkfaeri.is\\\/en\\\/\",\"logo\":{\"@type\":\"ImageObject\",\"inLanguage\":\"en-US\",\"@id\":\"https:\\\/\\\/velarogverkfaeri.is\\\/en\\\/#\\\/schema\\\/logo\\\/image\\\/\",\"url\":\"https:\\\/\\\/velarogverkfaeri.is\\\/wp-content\\\/uploads\\\/2021\\\/10\\\/vv_logo_350x100.png\",\"contentUrl\":\"https:\\\/\\\/velarogverkfaeri.is\\\/wp-content\\\/uploads\\\/2021\\\/10\\\/vv_logo_350x100.png\",\"width\":350,\"height\":100,\"caption\":\"V\u00e9lar & Verkf\u00e6ri\"},\"image\":{\"@id\":\"https:\\\/\\\/velarogverkfaeri.is\\\/en\\\/#\\\/schema\\\/logo\\\/image\\\/\"},\"sameAs\":[\"https:\\\/\\\/www.facebook.com\\\/VelarOgVerkfaeri\"]}]}<\/script>\n<!-- \/ Yoast SEO plugin. -->","yoast_head_json":{"title":"SMEDBO Sideline Sturtuskafa m. festingu Kr\u00f3m 1330x388mm DK2170 - V\u00e9lar &amp; Verkf\u00e6ri","robots":{"index":"index","follow":"follow","max-snippet":"max-snippet:-1","max-image-preview":"max-image-preview:large","max-video-preview":"max-video-preview:-1"},"canonical":"https:\/\/velarogverkfaeri.is\/en\/lykillausnir\/badherbergi-lykillausnir\/skofur-badherbergi-lykillausnir\/product\/smedbo-sideline-sturtuskafa-m-festingu\/","og_locale":"en_US","og_type":"article","og_title":"SMEDBO Sideline Sturtuskafa m. festingu Kr\u00f3m 1330x388mm DK2170 - V\u00e9lar &amp; Verkf\u00e6ri","og_description":"Tegund:&nbsp;DK2170&nbsp;","og_url":"https:\/\/velarogverkfaeri.is\/en\/lykillausnir\/badherbergi-lykillausnir\/skofur-badherbergi-lykillausnir\/product\/smedbo-sideline-sturtuskafa-m-festingu\/","og_site_name":"V\u00e9lar &amp; Verkf\u00e6ri","article_publisher":"https:\/\/www.facebook.com\/VelarOgVerkfaeri","article_modified_time":"2025-10-28T12:19:58+00:00","og_image":[{"width":1500,"height":1500,"url":"https:\/\/velarogverkfaeri.is\/wp-content\/uploads\/2024\/09\/e8758a9b-e843-4f5d-90ed-e70975ce9a1a.jpg","type":"image\/jpeg"}],"twitter_card":"summary_large_image","schema":{"@context":"https:\/\/schema.org","@graph":[{"@type":"WebPage","@id":"https:\/\/velarogverkfaeri.is\/lykillausnir\/badherbergi-lykillausnir\/skofur-badherbergi-lykillausnir\/product\/smedbo-sideline-sturtuskafa-m-festingu\/","url":"https:\/\/velarogverkfaeri.is\/lykillausnir\/badherbergi-lykillausnir\/skofur-badherbergi-lykillausnir\/product\/smedbo-sideline-sturtuskafa-m-festingu\/","name":"SMEDBO Sideline Sturtuskafa m. festingu Kr\u00f3m 1330x388mm DK2170 - V\u00e9lar &amp; Verkf\u00e6ri","isPartOf":{"@id":"https:\/\/velarogverkfaeri.is\/en\/#website"},"primaryImageOfPage":{"@id":"https:\/\/velarogverkfaeri.is\/lykillausnir\/badherbergi-lykillausnir\/skofur-badherbergi-lykillausnir\/product\/smedbo-sideline-sturtuskafa-m-festingu\/#primaryimage"},"image":{"@id":"https:\/\/velarogverkfaeri.is\/lykillausnir\/badherbergi-lykillausnir\/skofur-badherbergi-lykillausnir\/product\/smedbo-sideline-sturtuskafa-m-festingu\/#primaryimage"},"thumbnailUrl":"https:\/\/velarogverkfaeri.is\/wp-content\/uploads\/2024\/09\/e8758a9b-e843-4f5d-90ed-e70975ce9a1a.jpg","datePublished":"2024-02-20T15:33:10+00:00","dateModified":"2025-10-28T12:19:58+00:00","breadcrumb":{"@id":"https:\/\/velarogverkfaeri.is\/lykillausnir\/badherbergi-lykillausnir\/skofur-badherbergi-lykillausnir\/product\/smedbo-sideline-sturtuskafa-m-festingu\/#breadcrumb"},"inLanguage":"en-US","potentialAction":[{"@type":"ReadAction","target":["https:\/\/velarogverkfaeri.is\/lykillausnir\/badherbergi-lykillausnir\/skofur-badherbergi-lykillausnir\/product\/smedbo-sideline-sturtuskafa-m-festingu\/"]}]},{"@type":"ImageObject","inLanguage":"en-US","@id":"https:\/\/velarogverkfaeri.is\/lykillausnir\/badherbergi-lykillausnir\/skofur-badherbergi-lykillausnir\/product\/smedbo-sideline-sturtuskafa-m-festingu\/#primaryimage","url":"https:\/\/velarogverkfaeri.is\/wp-content\/uploads\/2024\/09\/e8758a9b-e843-4f5d-90ed-e70975ce9a1a.jpg","contentUrl":"https:\/\/velarogverkfaeri.is\/wp-content\/uploads\/2024\/09\/e8758a9b-e843-4f5d-90ed-e70975ce9a1a.jpg","width":1500,"height":1500},{"@type":"BreadcrumbList","@id":"https:\/\/velarogverkfaeri.is\/lykillausnir\/badherbergi-lykillausnir\/skofur-badherbergi-lykillausnir\/product\/smedbo-sideline-sturtuskafa-m-festingu\/#breadcrumb","itemListElement":[{"@type":"ListItem","position":1,"name":"Home","item":"https:\/\/velarogverkfaeri.is\/"},{"@type":"ListItem","position":2,"name":"Vefverslun","item":"https:\/\/velarogverkfaeri.is\/vefverslun\/"},{"@type":"ListItem","position":3,"name":"SMEDBO Sideline Sturtuskafa m. festingu Kr\u00f3m 1330x388mm DK2170"}]},{"@type":"WebSite","@id":"https:\/\/velarogverkfaeri.is\/en\/#website","url":"https:\/\/velarogverkfaeri.is\/en\/","name":"V\u00e9lar & Verkf\u00e6ri","description":"Umbo\u00f0s- og heildverslun fr\u00e1 \u00e1rinu 1919","publisher":{"@id":"https:\/\/velarogverkfaeri.is\/en\/#organization"},"potentialAction":[{"@type":"SearchAction","target":{"@type":"EntryPoint","urlTemplate":"https:\/\/velarogverkfaeri.is\/en\/?s={search_term_string}"},"query-input":{"@type":"PropertyValueSpecification","valueRequired":true,"valueName":"search_term_string"}}],"inLanguage":"en-US"},{"@type":"Organization","@id":"https:\/\/velarogverkfaeri.is\/en\/#organization","name":"V\u00e9lar & Verkf\u00e6ri","url":"https:\/\/velarogverkfaeri.is\/en\/","logo":{"@type":"ImageObject","inLanguage":"en-US","@id":"https:\/\/velarogverkfaeri.is\/en\/#\/schema\/logo\/image\/","url":"https:\/\/velarogverkfaeri.is\/wp-content\/uploads\/2021\/10\/vv_logo_350x100.png","contentUrl":"https:\/\/velarogverkfaeri.is\/wp-content\/uploads\/2021\/10\/vv_logo_350x100.png","width":350,"height":100,"caption":"V\u00e9lar & Verkf\u00e6ri"},"image":{"@id":"https:\/\/velarogverkfaeri.is\/en\/#\/schema\/logo\/image\/"},"sameAs":["https:\/\/www.facebook.com\/VelarOgVerkfaeri"]}]}},"_links":{"self":[{"href":"https:\/\/velarogverkfaeri.is\/en\/wp-json\/wp\/v2\/product\/57672","targetHints":{"allow":["GET"]}}],"collection":[{"href":"https:\/\/velarogverkfaeri.is\/en\/wp-json\/wp\/v2\/product"}],"about":[{"href":"https:\/\/velarogverkfaeri.is\/en\/wp-json\/wp\/v2\/types\/product"}],"replies":[{"embeddable":true,"href":"https:\/\/velarogverkfaeri.is\/en\/wp-json\/wp\/v2\/comments?post=57672"}],"wp:featuredmedia":[{"embeddable":true,"href":"https:\/\/velarogverkfaeri.is\/en\/wp-json\/wp\/v2\/media\/66085"}],"wp:attachment":[{"href":"https:\/\/velarogverkfaeri.is\/en\/wp-json\/wp\/v2\/media?parent=57672"}],"wp:term":[{"taxonomy":"product_brand","embeddable":true,"href":"https:\/\/velarogverkfaeri.is\/en\/wp-json\/wp\/v2\/product_brand?post=57672"},{"taxonomy":"product_cat","embeddable":true,"href":"https:\/\/velarogverkfaeri.is\/en\/wp-json\/wp\/v2\/product_cat?post=57672"},{"taxonomy":"product_tag","embeddable":true,"href":"https:\/\/velarogverkfaeri.is\/en\/wp-json\/wp\/v2\/product_tag?post=57672"}],"curies":[{"name":"wp","href":"https:\/\/api.w.org\/{rel}","templated":true}]}}