{"id":57671,"date":"2024-02-20T15:33:10","date_gmt":"2024-02-20T15:33:10","guid":{"rendered":"https:\/\/velarogverkfaeri.is\/?post_type=product&#038;p=57671"},"modified":"2026-01-27T11:16:29","modified_gmt":"2026-01-27T11:16:29","slug":"smedbo-sideline-glerskafa-m-festingu-svort-long-db2170","status":"publish","type":"product","link":"https:\/\/velarogverkfaeri.is\/en\/lykillausnir\/badherbergi-lykillausnir\/skofur-badherbergi-lykillausnir\/product\/smedbo-sideline-glerskafa-m-festingu-svort-long-db2170\/","title":{"rendered":"SMEDBO SIDELINE Glerskafa m. festingu sv\u00f6rt l\u00f6ng DB2170"},"content":{"rendered":"<p><img decoding=\"async\" src=\"data:image\/png;base64,iVBORw0KGgoAAAANSUhEUgAAAZkAAACfCAYAAAAri6RnAAAAAXNSR0IArs4c6QAAAARnQU1BAACxjwv8YQUAAAAJcEhZcwAADsMAAA7DAcdvqGQAAB8bSURBVHhe7d0JeEzn\/gfwXwhBgkiChNAWtaRii72Wi7\/dVVxuFaX3PrcLrbYetdbWeym11lJKe1VR1L6llliq1BJirf0m1BoRxNoQ4Z\/vzznpiOycyUz7\/fQ5z8xZ5swklfc7v\/d9Z47LwwRCRERkgWzGLRER0TPHkCEiIsswZIiIyDIMGSIisgxDhoiILMOQISIiyzBkiIjIMgwZIiKyDEOGiIgsw5AhIiLLMGSIiMgyDBkiIrIMQ4aIiCxjl29h\/vnnnyV37txSoUIFcXV1lfj4eDl06JDcvn1bt+XNm1ePO3r0qERFRUnJkiXF399ft6UkIiJCxo4dK506dZI6deoYW1NmPufdu3elUqVK4ubmZux5NvBrxGu6efOmBAYG6jY83\/Xr1\/W+CT+\/7c9848YN+eWXX\/R++fLlJV++fHrf9ODBA\/nf\/\/4nFy9e1N9L0aJFxcXFxdhLROTYsg9LYNy3zJAhQ2TDhg3yl7\/8RRvXS5cuSf\/+\/SU4OFgb1mLFiklsbKyGxoIFC6R27dpSpEgR49HJCw8Pl++\/\/16ee+45qVixorE1ZQiXcePGSUhIiDRu3Fjy5Mlj7PndrVu3ZNasWXLy5EkpXbq0ZM+e3diTOpx7xowZMnr0aA2DBg0aaDjMnDlTfvjhB9m9e7cuCNuffvpJ6tatK15eXrJ161bp1auXBtPx48flq6++0gD08fHR8yKE8btbtWqV3LlzR6ZPny7ZsmWTl156iUFDRE7BLt1lCIKrV6\/KmTNndP3ChQty7do1vX\/kyBG9RUOL\/YUKFdLj01K1alUNrtdff93Y8vQQFhs3bpSdO3dq5ZNey5Yt09c\/cOBAY4tIrly5NCAQhObStWtXrXJQpaHCmTdvngwfPlxGjBghI0eOlG7dusn8+fMTn3vXrl2JATZo0CCZPHmyrF27Vk6fPq37iYgcnV1CBoEA6D6Cffv2aZXg6empXUW\/\/fabBsyVK1ekTJkyUqBAAbl\/\/76+s2\/UqJFWBm3btpUdO3ZotxRs375dt6NRBmxfsWKFVinYPmHCBPn3v\/8tzZo1kxMnTugxgApj6dKljx2H58Jz9+jRQ7vrDhw4oM+Hx8XExMhbb70lH3zwgVYWyWnVqpX07dtXuwRTglBFVdOuXTvtqsufP79MmzZNKleubBwhWuUhVBAyWLZs2aI\/v7u7u+5HxYcA3rNnj64nB11rCCv8bG3atNHfCQIKv2MiInuzS8ggONCwogFElxRuMb4QFBQkZ8+e1YYcDTqCAoGEAEIQIECaNm0qH3\/8sXYhoTIwK5+kwsLCZNKkSZIzZ04NCwTHjz\/+aOz9XXR0tISGhmrIoMtq5cqVuu7h4aFhgls05ggNPz8\/iYuL04Yfrzul6gaPSav7Cq+lYMGCieM1JoQeAm7Tpk0yd+5cad26tf4M9+7d0\/EaVHYm\/F7Kli2bYiWD3yMqoiZNmmhFNmfOHNm2bVuK4UhEZDW7hAwa6+eff17HUbBgzOOFF16QGjVqaDfaqVOn5NixYxpECCR0PaHRxeM6dOig7\/bx7hwNMqqZ5GA79vfs2VMf88477+i4SlIIFlQ4CJHu3bvrtl9\/\/VWfG+MhGKvBMbVq1dLKAsGAsRV0WSUdlE+vpFWMLQTJJ598ol1hqG4wsG9CZYRtSSFAk4PfLR6DoMLYDV4\/7tthbgcRUbLsEjJo7DBYjfA4ePCgNrqoYhAC2IcqBA09ggjBgnfxOAZjN\/\/85z+lffv2MnjwYA2Ry5cvG2d9HCoNMIMA1UVyM9QwuwuVAiQ3+J8cVBDpnQSQnJSqGECXISowVG4IBIzPoCIBDPYjhG2hKsG5koOKCz8fFtPTvG4ioqdll5ABVAloBM2uqRdffFG7gkqUKKEzr9BlhC40hA5CAOMyGH9Yvny5bN68OXEZMGCAccbHmQ0vZq4BQufcuXN6PythjAddckmrGAQuxlbwOwF0t2FqM7rk8BhUJKhqbLsHcSy6FRHGycHvDmMvmKlnQlAREWUVu4VM8eLFtRHEQD+mJ6NLCg0pggXjMggFcxAcx9WsWVOrm6+\/\/lq71zA9GIPg6EZLDrq38A4e03wxLoHKB4\/LDExDRvcbGuv0DPynBmMjqM6SVjH4ecePH69TqlGhYVm\/fr12c\/n6+uoxGLzHfnSDocsLkx1QySGMklOqVCmtzr777js9Dp87wrgM0bOWVV2wyT0vu4Mdm91CxqxaAF1nCBJAtxlgHdWNqWPHjvruf\/Xq1drIr1u3TrfVq1fPOOJxAQEBOh0YDTq63\/BZm\/r16xt70wddV5gQgEri008\/1ZBKz8B\/SiIjI\/V1JzcWg9fZr18\/ndyA8DQDFDPBzC4\/\/G7wYVOMLzVs2FC++OILef\/99x+bDGALoY1wRVfje++9J\/\/97391lhzRs4RZn5iOb\/67xccIunTpol3hVsAbMPR0oKrfu3evzlJFl7oJvQAMGsdll0\/8Pw0McqOBRxeb7VhDUvgx0FWGrjZUSQgGNLioAqZMmaKNemaZ4WLV+IY5vRghkRz8kaGKSs8sNvy+UA1hAVQ\/Cxcu1OoupfMTZQaqbMAbMyvh7wNT8c+fP69\/C5gwhDeRqbUH5DjsVslkFv4hocJI6x8UpkW\/+eab+q4KDWqfPn10rAdfOZPSO\/\/0etqB\/7Sg8U8tAMyZYmkFDMIYlQ4++4PxKLyzxDcY4A+SAUNWMd+nPkz471nDuREseNOINgB\/Cxh\/ZcA4D4evZDICYzuLFi3SAXUE09\/+9jcNmaRdVX9k+CaBxYsX6wc5UfmgixG\/A7OyIXpW7FXJ3L59S5YsWSrXrl2V+3EPpEXLZlKuXICxlxzdHypkiMh+7BkyCxcu0pBBa9WiRXOGjBPh21sicmhubrmkefNmOnsSA\/58V+xcGDJE5NAw\/uLr6yfuHu6CYUl+\/7hzYcgQkZNADcOIcTYMGSJyIg\/TnGVJjoUhQ0QOy3b8xYWDMU6JIUNERJZhyBARkWUYMkREZBmGDBERWYYhQ0RElmHIEJHDenKyMrZwCrMzYcgQEZFlGDJERGQZhgwREVmGIUNERJZhyBARkWUYMkTksJL9ujJ+h5lTsUvIHD16VC8HjGX79u0SFRUl9+\/fN\/Y+Eh8fL998840MGTJEbt++bWx1LKtXr5ZevXrJpUuXjC1ERJQau4TM8uXLZdiwYbp8\/PHH8uqrr0rz5s1lxYoVYl79GaFz8uRJOXHihNy6dUu3ORK8ztOnT2tgXrlyxdhKRESpsWt3WceOHTVoevbsKfny5ZPPP\/9cNmzYoPvc3Nzk008\/lQULFkjhwoV1myPBNSzee+89Wbt2rQQE8PriRETpYdeQCQwMlPr160u7du1k7Nix4uHhIcuWLdPusd9++00+\/PBDrXJQKZjrH3zwgcyaNUsaNGggzZo1k71798r06dN1HcvChQsTqyGcZ\/jw4Yn7unXrJseOHdN9MHLkSD1\/cHCwtGzZUo\/p169fYvccqimcD8+DfY0aNZIpU6ZIbGys7sfjsQ\/VFuD4r776So\/D8dhnW52haxDbUckhoHC\/TZs2cvz4cd0PBw4c0NeJfVjeffddOXfunO67e\/eudh8inNlFR0TOKMsG\/n19faVkyZLaoEZHRxtbn3Tw4EENCoRDXFychkJ4eLh06tRJq5+5c+fKmTNndExnxowZsnnzZt3Xu3dvDYfBgwfLxYsXjbOJjgehWkLYFStWTEJDQ2XlypW6D40\/QqNUqVIydepU6dChg4YGwiI5S5culXnz5km1atWkf\/\/+er6JEyfKtm3bjCMemTlzpvj4+Ej16tXl+vXrMm3aNA1RhBsC8+rVqxomWM6ePavnRIA9ePBAj0PY3Lt3zzgbEZHzyLKQMaHxRCOaEjTOCIw333xT6tSpI9mzZ5d\/\/etfumDdfDzCA417hQoVpFWrVlKrVi0NJgTY4cOHjbOJPr5v37669OnTR9cx1gIIJYQVoIFHhRESEiINGzbUbbZu3rwpmzZtEi8vL622mjZtKu+\/\/75ky5ZNuwDN80Dr1q21m3DQoEFSpkwZDb07d+5okOAWEKCVK1fWUMNrc3V1ldy5c8tnn30mixYt0gAj+tN7iO8t4\/QyZ5JlIYMGFo26u7u75M2b19j6JDTaWBAGuXLlMrY+GiPBNhMafVQG+\/fv10qmffv2MnnyZN13+fJlvQU03qiAALdYN1WsWFGDCaGE7q0WLVpI9+7dE7uvbCHcrl27po\/PmTOnbkN1VqBAAa1WbCsP\/IyAY21\/hvz58+v5EWjoimvbtq0GJKoxs8sNP7vtayT6M3uY8B8v8e9csixk9u3bp7PJMIju7e1tbM08BBUa8xo1asi6deu0oTaX1157zTgqdWjMu3btqmM2c+bM0QYfXXXz5883jvgdggWBgrA0AyUyMlKDB+FhBk9agoKCtPsOY1Oo2FABocsuJibGOIKIyHnZNWTQkI4ePVob8qFDh0qePHmkc+fO6W6QU1OoUCGpVKmS7N69W0MBU43RHYYB\/iNHjhhHpQ7dX6hexowZo409QgTMSsQWQq1mzZo6noJxGATbpEmT9HEY77GtslKCbjME4Ntvv61ddgjbHDlyaDcZHs+BfyJydnYNmT179siaNWu0cUUDjQHwsmXLGnufDhplzMx6+eWXdTZajx495NChQ\/LWW29JuXLljKNSV69ePe1q++mnn+SNN97QagbjMa+\/\/rpxxOMQEOhe27Vrl4waNUqDAoGB86SHn5+ffPTRRzq4jw95Dhw4UMd4EI6Y4s2Bf6LksL\/Mmbg8NDv\/\/0DQIGNAHQ01xjQyCo07xnhQwaRnPARdZhgPQnWTmecDfAAVQYkqxhZeCxaOy5CjwaQYaNy4sd5aAY2TGSmbNoYkvKELk3bt2kiZZ\/TmlKyXZWMyVkL3m6enZ6YbfDwO4yrpbdhxHI7P7PMBPjOUNGAA52TA0J\/VEzWLbuDsMmfyhwwZIiJyDAwZIiKyDEOGiIgsw5AhIiLLMGSIiMgyDBkiIrIMQ4aIiCzDkCEiIsswZIiIyDIMGSIisgxDhoiILMOQISKH9fi3lGHN9iszyRkwZIjISZjhwi\/IdCYMGSJyWKxZnB9DhoicBkKHdYxzsWvIxMbGys6dO2XLli3y66+\/GlszDleKxFU2k57jxo0bsn37dl1wPylc\/OvEiRP6\/LjFelLmOXB+vF4iciAsbZyOXUPm4MGDeonhYcOG6aWXM3NJ4cjISPnwww+lb9++GgamrVu36uWQg4ODZdWqVdK1a1c5duyYsVf0ypUDBgyQTz75RB83ePBgmTBhgl7V0mR7jtmzZ+ullHltfSIHwYBxSnYLGVzleceOHXqJYVy18vDhw3L+\/Hljb\/rgeveff\/65tG3b9rFLvl6\/fl3mzZsnw4cPlxEjRsjIkSOlW7duMn\/+fImPj9djNm3apFfM\/PbbbzVsvvzyS61mjh49qvsRQosXL9Zr7uMcEydOlGrVqsmCBQv0tacFVY\/tcUnXbWG7bZWUdJ2IHnnsL0hXEpLmIdPGmdgtZGJiYmTv3r1SsmRJad++vV7Tfv\/+\/cbeR8LCwqRJkyYyZ84cY8vjEBJDhgzRY2zh0seojCpXrmxsEb3ePrrVzJD561\/\/Kv\/5z38SL2WM2xw5ciRWUxEREXq\/SpUquu7i4iL169fX6guvPTkIMQRaz549pXnz5hpQ+\/btk86dO+t6ly5d9LwmHDt16lTdjv3jxo2Tbdu2SatWrXQd57ly5YpxNBGR87NbyJw8eVLOnj0rL730klYIbm5uOjaC6sRkhsLNmzeNLY9DFZQnTx5j7UkYY0Ejjapl7ty50rp1aw0mW3i+U6dOaSghiAICAnQ7nhPnxusyFSlSRK+xf\/XqVWPLk44cOSKDBg2SkJAQKVSokIwZM0bDA+sVKlTQrjdb4eHhMmPGDFm9erWcOXNGFi1aJAsXLtR1PJdtFyBRVtma8Oanao0aEh0dbWwhyhy7hAy6gzZv3qy3QUFBUrRoUSlRooSOmSB4TLVr15Z169ZJ9+7djS0Zg0F7jLlMnjxZqxs8T1Jo\/Pv3768VBKoWNOymAgUKPBYygNdsVkPJQUgVLlxYK6PixYtLYGCg+Pr66nrdunW1YrNVtWpVcXd31wXH1axZM3Ed95MeT5QVjhw+LEEJfx8bN240thBljl1CBtUFupHQBbVmzRodD7l27ZpWLknfuaNxxnGZgbGeSZMmydKlS7WKwdhK0q4ubP\/+++\/lu+++06BBqJnwrs12bATdZ3g9qHiI\/izu3Lkju3fvlk6vvaZVN\/5OiTLLLiGDAXbM0kKVgPuhoaESFxen+3Afg+5PA11dmHJs\/jEgpNBVhQokKipKt2GA33bKM4KjevXqOgEBUI0gkGxDCVUWQsbDw8PYQvTHh2o\/NuFvCcuNhL\/NAwcPGXuIMs4uIYOpwdC7d2+tIrBglle5cuU0dMzB8bQG\/lOCLqbx48frHwfGZbCsX79eu8LQJQW7du2Szz77TC5fvqzrmNmGYypWrKjr\/v7+OgazbNkyndaM4MLMspdffpmVDP1p4N\/+rNlz5P8aN9E3WP944x\/yw5o1Ev8g5S5jotTYJWRQZXh5eemgvwljEKgkUG2gywxjH2kN\/KfEz89P+vXrp7O9GjVqpAsG\/zEgny9fPj2mY8eOGmp\/\/\/vfpUGDBvo5GkyDNmeqocrq1auXDuRjO7rVcF5Mlyb6s0BlfyPmmrzR9XVplPB30v2dt+XUqQi5eOGicQRRxrgkNO5pfwjEjvBOCrPIMjsuY85Wy507t94mhSoHlQ+6wGwH\/W3hHHgNSWemEf3R4bNsmEDTtGlTY4vI6uBgCSxfXp577jljyyPoOQDbz6w9a2iczJZg08YQCd0dJm1eaSNly5U1tpKjs0slkxFPM\/APCJeUAgYQLKhuUgoYwOMZMPRnVKtWLWnS9PHPobVq2fKJgCFKL4cLGSLKWi7Jfn\/Low6Ph49\/Bp8oTQwZIkoHBM\/DFALIzlwYdM6EIUNE6WT\/gHnyGRkwzoYhQ0RElmHIEBGRZRgyRERkGYYMERFZhiFDRE6FQ\/\/OhSFDRE4h8YKYjvUlJZQGhgwREVmGIUNERJZhyBARkWUYMkREZBmGDBE5Bf3KMo75Ox2GDBE5rOQzhUnjTBgyRERkGbuEzNGjR2XLli2Jy7FjxxKvYJlRuHLmwYMH9Tznzp3TyzYnFRUVJdu2bdPLPsfGxhpbf4cr\/+GSz1hwn4icA69n43zscvnlkSNHyvr1642133Xv3l06dOiQ7ithXrp0SQYOHKhXtSxRooSGROfOneXVV1\/Vc+BHWbRokXz77bdSvXp1uXLlily\/fl1Gjx4thQsX1nNs3bpVRo0aJZUqVdJLMSMAsV62LC\/nSpQRWXH55V2hu6VNm1ekXLmXjK3k6OzaXTZgwABZvHix3rq5uWkgREZGGnvTtnDhQg2PGTNm6DkmTZqk\/9DNc8TExMi6detk+PDhMnToUJk4caJUqVJFHweoapYvXy49e\/aUESNGaPh169ZNZs2aJffu3dNjUoPH22Zy0nVb2G5bRSVdJ6KMS+nvjRyXXUPGw8NDvL29pU6dOlK6dGmtJExhYWHSpEkTmTNnjrHlSQiHt99+O7HyyZUrl963DYjs2bMnXuMf+9zd3fW+LdttefPmNe4lb\/78+RpGeO7mzZvLRx99JPv27dMKCutdunSRiIgI4+hHVdvUqVN1O\/aPGzdOu+5atWql6zgPKiwiygz87aev54Mcg11D5tChQzqW8vXXX2s3Fbq5fH19dd\/du3clPj5ebt68qeupuXXrlhw+fFgmT54sgYGB4u\/vr9s9PT2lYcOGMn36dG3YlyxZIj\/++KO0aNFC9yOUXnnlFe1O27Rpk6xZs0bmzp0rrVu3lpw5c+oxyTly5IgMGjRIq6ZChQrJmDFjNDywXqFCBQkODjaOfCQ8PFyrrdWrV8uZM2e0YkM1hXV09aGbj4jSljROXDhXyenY9f\/YggULZNiwYbJs2TJt8HPkyJFY\/tauXVu7ujBOk5bZs2freU6ePKkhYzumg7GX06dP63Oha87Hx0fy5ctn7BXJnz+\/Vj7z5s3Thh+VD4IjNQEBAXpeV1dXKV68uD4nwhHrdevW1dCzVbVqVa2WsOC4mjVrJq7jftLjiSi9EtoL9pg5FbuGDMZBNm\/eLGvXrtWxElQimAFmQqNtGxgp6dGjh1YHEyZM0MDZu3evbkfF8c033+hYzJQpUzRIqlWrpmM3CJaLFy\/K+PHjpVevXlpN4Vh0a40dO5azzIiILJAltScG\/TEmgyoGXUvpga60\/fv3S3R0tLFFpGjRolKqVCmtaAAzyby8vKRgwYK6jsAKCgqSCxcuaDccFlRPqEZM5cuXl7i4uAxNQCCirMRSxpnYNWTQTYaxDHR1YUYXKheMaUB6Bv5XrVolX3zxhdy5c0fXUblgEL5cuXK6jq4wVCvmQDzGefAYdHVh0gEG+fH5HHzOBgGHiQfm1Oq0usyIKOsxXpyPXUMGXWMY\/MbgPwIBn3nBeAekNfCPsZN3331Xj2nZsqU0aNBAevfurbPNKlasqMfgXO+884707dtX9zdr1kw\/sInuMVRPfn5+ug9dZZgg0KhRIw0ZTIfGpAEicmycV+Z87PJhzPTCp\/kRJmmNy+A4VCSoTlI6FoPrmDGW0qwx8xsHzOnORJQx9vgwpi39MOauPY8+jGm8OSXHlyVjMilJ78A\/jkPXV2rHIoBSm5aMcGHAEBFZy6FChogoNY+6XTgy40wYMkTkVPjNMs6FIUNERJZhyBCRc+EUM6fCkCEip\/CQ4eKUGDJE5FQ4JONcGDJE5Fw48u9UGDJE5DQc6LPjlE4MGSIisgxDhoiILMOQISIiyzBkiIjIMgwZIiKyDEOGiIgsw5AhIiLLMGSIyIk85IcxnQxDhogcmvkBzEe3mQsYfogz6zBkiMihmVfAfXTrIg9TuCIuggSXVY+KipJTp07J3r17ZcWKFTLty2kyZ84cBk0WYcgQkdPQfLEJi\/v378ulS5ckLGyPbNgQIsHBwbJy5Ur54YcfZMeOHRJxKkJuXL8hBQsW1OMf8us17c4lId35WyeiDAsJCdHbxo0b663VNm0KkZ07Q6VFixaSI0dO+eWXXyQyMlLu3bsn2V2ziWt2V42Qu7F3JTY2VrJly5ZwXA6pVKmSNGrUSLJnz55YFaHZM++TtRgyRJQpVofMvXt35caNm3Lr1i1dwsJ2S3T0tYTgcNVgMSEs0IzlyZNHvL29JL+np\/gW9hV\/f3\/x9vEWF17lLEsxZIgoU551yKApun49Rs6dOycXL15MuH89Ybmh4yxxcXHy4MEDXdBFBrlyuYl\/MX8pUaKEeBXwFg8Pd8mbN59uT2ja9BjKegwZIsqU5EIGzUnK3VC\/NzVodXAsQgOhgq6viIgI7ebCdnRzoXsL4YKqBcGCbV5eXlK+fHld8ufPjzMlLGkHCs6RM2dOY43siSFDRJmS2UomPCJcTkWckvPnz8vVq1fkfny8PIh\/oGMogOBBl5inZwHx8fERzwKe4l\/UX4oWLSpubqhSMq5kyZISHh5urJE9MWSIKFMyGzKTJk3SigVQqaDwQfXj4+MtL7xQQooVK5bY9eXhkTcxfDIKM8nM8RiGTNZhyBBRhvTv319mzpyp3VoIANxiWbJkidSrV884KnlXr16ViRMnJlQkOcUtl1tCqLwggeUDNVxcXV31GJwruS631LZD0n2oiOITqiQsAQEB2h1H9seQISI7eSjXrl2TkydParh4e\/tkukpJDqqjqMtROq35UuQliY6O1skDGI8ZNWqUBhzZH0OGiLKMbZdWRqFCwaSBQ4cOyb59+3RGmp+fnzz\/\/PM6fblQoULi6ekpBQoU0IkCrGSyBkOGiOwKTc7du3d1ED\/lmWi\/ezRtOS5hidfKJCwsTH7++WfZunWrhkrDhg21m6506dI6A82E5zHPbzsmY7udrMeQISK7QpcZBv+HDh1qbHkcpitfvnxZu70uXLig3V74MObNmzc1cF588UVd8PmYfPnyGY9K3ZgxY6RPnz7GGtkTQ4aI7CppyKAJwpdaHj58WKuUI0eOaIWCEEHXF+7jMzFYPDw8tApJrpsN57GtUJ6mK46eHYYMEdlVTEyMDBs2TNq0aSOhoaHa9YXxlfr160udOnWkcuXKj3WlmeGRNERMKW2H1PaRfTBkiMiuUMl069ZNOnXqpLPMULHgO8ayuaQ90+zM2TOya9fuhBoFHspzxYtLUJUqidOfyfHwq\/6JyK5QWQQFBUnHjh2lRo0a+jX86QkYOHb0uBw\/fkwCypaR5xMCZtXKldrVRo6LIUNEdoWQwdRijJlknIsU8SuiU5KrVasmvr6+OuOMHBe7y4jIaaxfv0GWrVgudevU1WnQBw7sk8GDBom3t7dxBDkaVjJElCUyV8mIftCyUuWKUiWosvgUKihHjx419pAjYsgQkd3YBgumF2emI8WvcGEJKFNWKpQvLzWrVZeLly7pWdkl45gYMkRkN0k\/t5KZ6cU7Q0Nl9ndzZda3s2X7jh1SsUKgnpUTlR0Tx2SIyGngU\/+RCZWLycPdXQonVDbP8os26dliyBARkWUY\/0REZBmGDBERWYYhQ0RElmHIEBGRZRgyRERkGYYMERFZROT\/AShwGy1vx5b8AAAAAElFTkSuQmCC\" alt=\"\"><\/p>","protected":false},"excerpt":{"rendered":"<p>Tegund:&nbsp;DB2170&nbsp;&nbsp;<\/p>","protected":false},"featured_media":79440,"comment_status":"closed","ping_status":"closed","template":"","meta":[],"product_brand":[],"product_cat":[580,517,624],"product_tag":[],"class_list":{"0":"post-57671","1":"product","2":"type-product","3":"status-publish","4":"has-post-thumbnail","6":"product_cat-badherbergi-lykillausnir","7":"product_cat-lykillausnir","8":"product_cat-skofur-badherbergi-lykillausnir","10":"first","11":"instock","12":"taxable","13":"shipping-taxable","14":"purchasable","15":"product-type-simple"},"yoast_head":"<!-- This site is optimized with the Yoast SEO plugin v27.3 - https:\/\/yoast.com\/product\/yoast-seo-wordpress\/ -->\n<title>SMEDBO SIDELINE Glerskafa m. festingu sv\u00f6rt l\u00f6ng DB2170 - V\u00e9lar &amp; Verkf\u00e6ri<\/title>\n<meta name=\"robots\" content=\"index, follow, max-snippet:-1, max-image-preview:large, max-video-preview:-1\" \/>\n<link rel=\"canonical\" href=\"https:\/\/velarogverkfaeri.is\/en\/uncategorized\/product\/smedbo-sideline-glerskafa-m-festingu-svort-long-db2170\/\" \/>\n<meta property=\"og:locale\" content=\"en_US\" \/>\n<meta property=\"og:type\" content=\"article\" \/>\n<meta property=\"og:title\" content=\"SMEDBO SIDELINE Glerskafa m. festingu sv\u00f6rt l\u00f6ng DB2170 - V\u00e9lar &amp; Verkf\u00e6ri\" \/>\n<meta property=\"og:description\" content=\"Tegund:&nbsp;DB2170&nbsp;&nbsp;\" \/>\n<meta property=\"og:url\" content=\"https:\/\/velarogverkfaeri.is\/en\/uncategorized\/product\/smedbo-sideline-glerskafa-m-festingu-svort-long-db2170\/\" \/>\n<meta property=\"og:site_name\" content=\"V\u00e9lar &amp; Verkf\u00e6ri\" \/>\n<meta property=\"article:publisher\" content=\"https:\/\/www.facebook.com\/VelarOgVerkfaeri\" \/>\n<meta property=\"article:modified_time\" content=\"2026-01-27T11:16:29+00:00\" \/>\n<meta name=\"twitter:card\" content=\"summary_large_image\" \/>\n<script type=\"application\/ld+json\" class=\"yoast-schema-graph\">{\"@context\":\"https:\\\/\\\/schema.org\",\"@graph\":[{\"@type\":\"WebPage\",\"@id\":\"https:\\\/\\\/velarogverkfaeri.is\\\/uncategorized\\\/product\\\/smedbo-sideline-glerskafa-m-festingu-svort-long-db2170\\\/\",\"url\":\"https:\\\/\\\/velarogverkfaeri.is\\\/uncategorized\\\/product\\\/smedbo-sideline-glerskafa-m-festingu-svort-long-db2170\\\/\",\"name\":\"SMEDBO SIDELINE Glerskafa m. festingu sv\u00f6rt l\u00f6ng DB2170 - V\u00e9lar &amp; Verkf\u00e6ri\",\"isPartOf\":{\"@id\":\"https:\\\/\\\/velarogverkfaeri.is\\\/en\\\/#website\"},\"primaryImageOfPage\":{\"@id\":\"https:\\\/\\\/velarogverkfaeri.is\\\/uncategorized\\\/product\\\/smedbo-sideline-glerskafa-m-festingu-svort-long-db2170\\\/#primaryimage\"},\"image\":{\"@id\":\"https:\\\/\\\/velarogverkfaeri.is\\\/uncategorized\\\/product\\\/smedbo-sideline-glerskafa-m-festingu-svort-long-db2170\\\/#primaryimage\"},\"thumbnailUrl\":\"https:\\\/\\\/velarogverkfaeri.is\\\/wp-content\\\/uploads\\\/2026\\\/01\\\/3db365ac-7352-4a96-858d-8769de494467.png\",\"datePublished\":\"2024-02-20T15:33:10+00:00\",\"dateModified\":\"2026-01-27T11:16:29+00:00\",\"breadcrumb\":{\"@id\":\"https:\\\/\\\/velarogverkfaeri.is\\\/uncategorized\\\/product\\\/smedbo-sideline-glerskafa-m-festingu-svort-long-db2170\\\/#breadcrumb\"},\"inLanguage\":\"en-US\",\"potentialAction\":[{\"@type\":\"ReadAction\",\"target\":[\"https:\\\/\\\/velarogverkfaeri.is\\\/uncategorized\\\/product\\\/smedbo-sideline-glerskafa-m-festingu-svort-long-db2170\\\/\"]}]},{\"@type\":\"ImageObject\",\"inLanguage\":\"en-US\",\"@id\":\"https:\\\/\\\/velarogverkfaeri.is\\\/uncategorized\\\/product\\\/smedbo-sideline-glerskafa-m-festingu-svort-long-db2170\\\/#primaryimage\",\"url\":\"https:\\\/\\\/velarogverkfaeri.is\\\/wp-content\\\/uploads\\\/2026\\\/01\\\/3db365ac-7352-4a96-858d-8769de494467.png\",\"contentUrl\":\"https:\\\/\\\/velarogverkfaeri.is\\\/wp-content\\\/uploads\\\/2026\\\/01\\\/3db365ac-7352-4a96-858d-8769de494467.png\",\"width\":580,\"height\":648},{\"@type\":\"BreadcrumbList\",\"@id\":\"https:\\\/\\\/velarogverkfaeri.is\\\/uncategorized\\\/product\\\/smedbo-sideline-glerskafa-m-festingu-svort-long-db2170\\\/#breadcrumb\",\"itemListElement\":[{\"@type\":\"ListItem\",\"position\":1,\"name\":\"Home\",\"item\":\"https:\\\/\\\/velarogverkfaeri.is\\\/\"},{\"@type\":\"ListItem\",\"position\":2,\"name\":\"Vefverslun\",\"item\":\"https:\\\/\\\/velarogverkfaeri.is\\\/vefverslun\\\/\"},{\"@type\":\"ListItem\",\"position\":3,\"name\":\"SMEDBO SIDELINE Glerskafa m. festingu sv\u00f6rt l\u00f6ng DB2170\"}]},{\"@type\":\"WebSite\",\"@id\":\"https:\\\/\\\/velarogverkfaeri.is\\\/en\\\/#website\",\"url\":\"https:\\\/\\\/velarogverkfaeri.is\\\/en\\\/\",\"name\":\"V\u00e9lar & Verkf\u00e6ri\",\"description\":\"Umbo\u00f0s- og heildverslun fr\u00e1 \u00e1rinu 1919\",\"publisher\":{\"@id\":\"https:\\\/\\\/velarogverkfaeri.is\\\/en\\\/#organization\"},\"potentialAction\":[{\"@type\":\"SearchAction\",\"target\":{\"@type\":\"EntryPoint\",\"urlTemplate\":\"https:\\\/\\\/velarogverkfaeri.is\\\/en\\\/?s={search_term_string}\"},\"query-input\":{\"@type\":\"PropertyValueSpecification\",\"valueRequired\":true,\"valueName\":\"search_term_string\"}}],\"inLanguage\":\"en-US\"},{\"@type\":\"Organization\",\"@id\":\"https:\\\/\\\/velarogverkfaeri.is\\\/en\\\/#organization\",\"name\":\"V\u00e9lar & Verkf\u00e6ri\",\"url\":\"https:\\\/\\\/velarogverkfaeri.is\\\/en\\\/\",\"logo\":{\"@type\":\"ImageObject\",\"inLanguage\":\"en-US\",\"@id\":\"https:\\\/\\\/velarogverkfaeri.is\\\/en\\\/#\\\/schema\\\/logo\\\/image\\\/\",\"url\":\"https:\\\/\\\/velarogverkfaeri.is\\\/wp-content\\\/uploads\\\/2021\\\/10\\\/vv_logo_350x100.png\",\"contentUrl\":\"https:\\\/\\\/velarogverkfaeri.is\\\/wp-content\\\/uploads\\\/2021\\\/10\\\/vv_logo_350x100.png\",\"width\":350,\"height\":100,\"caption\":\"V\u00e9lar & Verkf\u00e6ri\"},\"image\":{\"@id\":\"https:\\\/\\\/velarogverkfaeri.is\\\/en\\\/#\\\/schema\\\/logo\\\/image\\\/\"},\"sameAs\":[\"https:\\\/\\\/www.facebook.com\\\/VelarOgVerkfaeri\"]}]}<\/script>\n<!-- \/ Yoast SEO plugin. -->","yoast_head_json":{"title":"SMEDBO SIDELINE Glerskafa m. festingu sv\u00f6rt l\u00f6ng DB2170 - V\u00e9lar &amp; Verkf\u00e6ri","robots":{"index":"index","follow":"follow","max-snippet":"max-snippet:-1","max-image-preview":"max-image-preview:large","max-video-preview":"max-video-preview:-1"},"canonical":"https:\/\/velarogverkfaeri.is\/en\/uncategorized\/product\/smedbo-sideline-glerskafa-m-festingu-svort-long-db2170\/","og_locale":"en_US","og_type":"article","og_title":"SMEDBO SIDELINE Glerskafa m. festingu sv\u00f6rt l\u00f6ng DB2170 - V\u00e9lar &amp; Verkf\u00e6ri","og_description":"Tegund:&nbsp;DB2170&nbsp;&nbsp;","og_url":"https:\/\/velarogverkfaeri.is\/en\/uncategorized\/product\/smedbo-sideline-glerskafa-m-festingu-svort-long-db2170\/","og_site_name":"V\u00e9lar &amp; Verkf\u00e6ri","article_publisher":"https:\/\/www.facebook.com\/VelarOgVerkfaeri","article_modified_time":"2026-01-27T11:16:29+00:00","twitter_card":"summary_large_image","schema":{"@context":"https:\/\/schema.org","@graph":[{"@type":"WebPage","@id":"https:\/\/velarogverkfaeri.is\/uncategorized\/product\/smedbo-sideline-glerskafa-m-festingu-svort-long-db2170\/","url":"https:\/\/velarogverkfaeri.is\/uncategorized\/product\/smedbo-sideline-glerskafa-m-festingu-svort-long-db2170\/","name":"SMEDBO SIDELINE Glerskafa m. festingu sv\u00f6rt l\u00f6ng DB2170 - V\u00e9lar &amp; Verkf\u00e6ri","isPartOf":{"@id":"https:\/\/velarogverkfaeri.is\/en\/#website"},"primaryImageOfPage":{"@id":"https:\/\/velarogverkfaeri.is\/uncategorized\/product\/smedbo-sideline-glerskafa-m-festingu-svort-long-db2170\/#primaryimage"},"image":{"@id":"https:\/\/velarogverkfaeri.is\/uncategorized\/product\/smedbo-sideline-glerskafa-m-festingu-svort-long-db2170\/#primaryimage"},"thumbnailUrl":"https:\/\/velarogverkfaeri.is\/wp-content\/uploads\/2026\/01\/3db365ac-7352-4a96-858d-8769de494467.png","datePublished":"2024-02-20T15:33:10+00:00","dateModified":"2026-01-27T11:16:29+00:00","breadcrumb":{"@id":"https:\/\/velarogverkfaeri.is\/uncategorized\/product\/smedbo-sideline-glerskafa-m-festingu-svort-long-db2170\/#breadcrumb"},"inLanguage":"en-US","potentialAction":[{"@type":"ReadAction","target":["https:\/\/velarogverkfaeri.is\/uncategorized\/product\/smedbo-sideline-glerskafa-m-festingu-svort-long-db2170\/"]}]},{"@type":"ImageObject","inLanguage":"en-US","@id":"https:\/\/velarogverkfaeri.is\/uncategorized\/product\/smedbo-sideline-glerskafa-m-festingu-svort-long-db2170\/#primaryimage","url":"https:\/\/velarogverkfaeri.is\/wp-content\/uploads\/2026\/01\/3db365ac-7352-4a96-858d-8769de494467.png","contentUrl":"https:\/\/velarogverkfaeri.is\/wp-content\/uploads\/2026\/01\/3db365ac-7352-4a96-858d-8769de494467.png","width":580,"height":648},{"@type":"BreadcrumbList","@id":"https:\/\/velarogverkfaeri.is\/uncategorized\/product\/smedbo-sideline-glerskafa-m-festingu-svort-long-db2170\/#breadcrumb","itemListElement":[{"@type":"ListItem","position":1,"name":"Home","item":"https:\/\/velarogverkfaeri.is\/"},{"@type":"ListItem","position":2,"name":"Vefverslun","item":"https:\/\/velarogverkfaeri.is\/vefverslun\/"},{"@type":"ListItem","position":3,"name":"SMEDBO SIDELINE Glerskafa m. festingu sv\u00f6rt l\u00f6ng DB2170"}]},{"@type":"WebSite","@id":"https:\/\/velarogverkfaeri.is\/en\/#website","url":"https:\/\/velarogverkfaeri.is\/en\/","name":"V\u00e9lar & Verkf\u00e6ri","description":"Umbo\u00f0s- og heildverslun fr\u00e1 \u00e1rinu 1919","publisher":{"@id":"https:\/\/velarogverkfaeri.is\/en\/#organization"},"potentialAction":[{"@type":"SearchAction","target":{"@type":"EntryPoint","urlTemplate":"https:\/\/velarogverkfaeri.is\/en\/?s={search_term_string}"},"query-input":{"@type":"PropertyValueSpecification","valueRequired":true,"valueName":"search_term_string"}}],"inLanguage":"en-US"},{"@type":"Organization","@id":"https:\/\/velarogverkfaeri.is\/en\/#organization","name":"V\u00e9lar & Verkf\u00e6ri","url":"https:\/\/velarogverkfaeri.is\/en\/","logo":{"@type":"ImageObject","inLanguage":"en-US","@id":"https:\/\/velarogverkfaeri.is\/en\/#\/schema\/logo\/image\/","url":"https:\/\/velarogverkfaeri.is\/wp-content\/uploads\/2021\/10\/vv_logo_350x100.png","contentUrl":"https:\/\/velarogverkfaeri.is\/wp-content\/uploads\/2021\/10\/vv_logo_350x100.png","width":350,"height":100,"caption":"V\u00e9lar & Verkf\u00e6ri"},"image":{"@id":"https:\/\/velarogverkfaeri.is\/en\/#\/schema\/logo\/image\/"},"sameAs":["https:\/\/www.facebook.com\/VelarOgVerkfaeri"]}]}},"_links":{"self":[{"href":"https:\/\/velarogverkfaeri.is\/en\/wp-json\/wp\/v2\/product\/57671","targetHints":{"allow":["GET"]}}],"collection":[{"href":"https:\/\/velarogverkfaeri.is\/en\/wp-json\/wp\/v2\/product"}],"about":[{"href":"https:\/\/velarogverkfaeri.is\/en\/wp-json\/wp\/v2\/types\/product"}],"replies":[{"embeddable":true,"href":"https:\/\/velarogverkfaeri.is\/en\/wp-json\/wp\/v2\/comments?post=57671"}],"wp:featuredmedia":[{"embeddable":true,"href":"https:\/\/velarogverkfaeri.is\/en\/wp-json\/wp\/v2\/media\/79440"}],"wp:attachment":[{"href":"https:\/\/velarogverkfaeri.is\/en\/wp-json\/wp\/v2\/media?parent=57671"}],"wp:term":[{"taxonomy":"product_brand","embeddable":true,"href":"https:\/\/velarogverkfaeri.is\/en\/wp-json\/wp\/v2\/product_brand?post=57671"},{"taxonomy":"product_cat","embeddable":true,"href":"https:\/\/velarogverkfaeri.is\/en\/wp-json\/wp\/v2\/product_cat?post=57671"},{"taxonomy":"product_tag","embeddable":true,"href":"https:\/\/velarogverkfaeri.is\/en\/wp-json\/wp\/v2\/product_tag?post=57671"}],"curies":[{"name":"wp","href":"https:\/\/api.w.org\/{rel}","templated":true}]}}