{"id":57569,"date":"2024-02-17T16:04:20","date_gmt":"2024-02-17T16:04:20","guid":{"rendered":"https:\/\/velarogverkfaeri.is\/?post_type=product&#038;p=57569"},"modified":"2026-01-15T09:32:04","modified_gmt":"2026-01-15T09:32:04","slug":"agfaphoto-rafhlodur-aa-alkaline-power-4-stk-apaaa-agfaphoto","status":"publish","type":"product","link":"https:\/\/velarogverkfaeri.is\/en\/lykillausnir\/rafhlodur-lykillausnir\/rafhlodur-rafhlodur-lykillausnir\/product\/agfaphoto-rafhlodur-aa-alkaline-power-4-stk-apaaa-agfaphoto\/","title":{"rendered":"AGFAPHOTO  Rafhl\u00f6\u00f0ur AA Alkaline Power 4 stk APAAA AGFAPHOTO"},"content":{"rendered":"","protected":false},"excerpt":{"rendered":"","protected":false},"featured_media":68529,"comment_status":"closed","ping_status":"closed","template":"","meta":[],"product_brand":[],"product_cat":[517,753,591,600,691,515],"product_tag":[1106],"class_list":{"0":"post-57569","1":"product","2":"type-product","3":"status-publish","4":"has-post-thumbnail","6":"product_cat-lykillausnir","7":"product_cat-rafhlodur-rafhlodur","8":"product_cat-rafhlodur","9":"product_cat-rafhlodur-lykillausnir","10":"product_cat-rafhlodur-rafhlodur-lykillausnir","11":"product_cat-verkfaeralausnir","12":"product_tag-jolatilbod","14":"first","15":"instock","16":"taxable","17":"shipping-taxable","18":"purchasable","19":"product-type-simple"},"yoast_head":"<!-- This site is optimized with the Yoast SEO plugin v27.3 - https:\/\/yoast.com\/product\/yoast-seo-wordpress\/ -->\n<title>AGFAPHOTO Rafhl\u00f6\u00f0ur AA Alkaline Power 4 stk APAAA AGFAPHOTO - V\u00e9lar &amp; Verkf\u00e6ri<\/title>\n<meta name=\"robots\" content=\"index, follow, max-snippet:-1, max-image-preview:large, max-video-preview:-1\" \/>\n<link rel=\"canonical\" href=\"https:\/\/velarogverkfaeri.is\/en\/lykillausnir\/rafhlodur-lykillausnir\/rafhlodur-rafhlodur-lykillausnir\/product\/agfaphoto-rafhlodur-aa-alkaline-power-4-stk-apaaa-agfaphoto\/\" \/>\n<meta property=\"og:locale\" content=\"en_US\" \/>\n<meta property=\"og:type\" content=\"article\" \/>\n<meta property=\"og:title\" content=\"AGFAPHOTO Rafhl\u00f6\u00f0ur AA Alkaline Power 4 stk APAAA AGFAPHOTO - V\u00e9lar &amp; Verkf\u00e6ri\" \/>\n<meta property=\"og:url\" content=\"https:\/\/velarogverkfaeri.is\/en\/lykillausnir\/rafhlodur-lykillausnir\/rafhlodur-rafhlodur-lykillausnir\/product\/agfaphoto-rafhlodur-aa-alkaline-power-4-stk-apaaa-agfaphoto\/\" \/>\n<meta property=\"og:site_name\" content=\"V\u00e9lar &amp; Verkf\u00e6ri\" \/>\n<meta property=\"article:publisher\" content=\"https:\/\/www.facebook.com\/VelarOgVerkfaeri\" \/>\n<meta property=\"article:modified_time\" content=\"2026-01-15T09:32:04+00:00\" \/>\n<meta property=\"og:image\" content=\"https:\/\/velarogverkfaeri.is\/wp-content\/uploads\/2024\/11\/243666a7-665d-4106-a118-0fd6d70d88b4.jpg\" \/>\n\t<meta property=\"og:image:width\" content=\"500\" \/>\n\t<meta property=\"og:image:height\" content=\"500\" \/>\n\t<meta property=\"og:image:type\" content=\"image\/jpeg\" \/>\n<meta name=\"twitter:card\" content=\"summary_large_image\" \/>\n<script type=\"application\/ld+json\" class=\"yoast-schema-graph\">{\"@context\":\"https:\\\/\\\/schema.org\",\"@graph\":[{\"@type\":\"WebPage\",\"@id\":\"https:\\\/\\\/velarogverkfaeri.is\\\/lykillausnir\\\/rafhlodur-lykillausnir\\\/rafhlodur-rafhlodur-lykillausnir\\\/product\\\/agfaphoto-rafhlodur-aa-alkaline-power-4-stk-apaaa-agfaphoto\\\/\",\"url\":\"https:\\\/\\\/velarogverkfaeri.is\\\/lykillausnir\\\/rafhlodur-lykillausnir\\\/rafhlodur-rafhlodur-lykillausnir\\\/product\\\/agfaphoto-rafhlodur-aa-alkaline-power-4-stk-apaaa-agfaphoto\\\/\",\"name\":\"AGFAPHOTO Rafhl\u00f6\u00f0ur AA Alkaline Power 4 stk APAAA AGFAPHOTO - V\u00e9lar &amp; Verkf\u00e6ri\",\"isPartOf\":{\"@id\":\"https:\\\/\\\/velarogverkfaeri.is\\\/en\\\/#website\"},\"primaryImageOfPage\":{\"@id\":\"https:\\\/\\\/velarogverkfaeri.is\\\/lykillausnir\\\/rafhlodur-lykillausnir\\\/rafhlodur-rafhlodur-lykillausnir\\\/product\\\/agfaphoto-rafhlodur-aa-alkaline-power-4-stk-apaaa-agfaphoto\\\/#primaryimage\"},\"image\":{\"@id\":\"https:\\\/\\\/velarogverkfaeri.is\\\/lykillausnir\\\/rafhlodur-lykillausnir\\\/rafhlodur-rafhlodur-lykillausnir\\\/product\\\/agfaphoto-rafhlodur-aa-alkaline-power-4-stk-apaaa-agfaphoto\\\/#primaryimage\"},\"thumbnailUrl\":\"https:\\\/\\\/velarogverkfaeri.is\\\/wp-content\\\/uploads\\\/2024\\\/11\\\/243666a7-665d-4106-a118-0fd6d70d88b4.jpg\",\"datePublished\":\"2024-02-17T16:04:20+00:00\",\"dateModified\":\"2026-01-15T09:32:04+00:00\",\"breadcrumb\":{\"@id\":\"https:\\\/\\\/velarogverkfaeri.is\\\/lykillausnir\\\/rafhlodur-lykillausnir\\\/rafhlodur-rafhlodur-lykillausnir\\\/product\\\/agfaphoto-rafhlodur-aa-alkaline-power-4-stk-apaaa-agfaphoto\\\/#breadcrumb\"},\"inLanguage\":\"en-US\",\"potentialAction\":[{\"@type\":\"ReadAction\",\"target\":[\"https:\\\/\\\/velarogverkfaeri.is\\\/lykillausnir\\\/rafhlodur-lykillausnir\\\/rafhlodur-rafhlodur-lykillausnir\\\/product\\\/agfaphoto-rafhlodur-aa-alkaline-power-4-stk-apaaa-agfaphoto\\\/\"]}]},{\"@type\":\"ImageObject\",\"inLanguage\":\"en-US\",\"@id\":\"https:\\\/\\\/velarogverkfaeri.is\\\/lykillausnir\\\/rafhlodur-lykillausnir\\\/rafhlodur-rafhlodur-lykillausnir\\\/product\\\/agfaphoto-rafhlodur-aa-alkaline-power-4-stk-apaaa-agfaphoto\\\/#primaryimage\",\"url\":\"https:\\\/\\\/velarogverkfaeri.is\\\/wp-content\\\/uploads\\\/2024\\\/11\\\/243666a7-665d-4106-a118-0fd6d70d88b4.jpg\",\"contentUrl\":\"https:\\\/\\\/velarogverkfaeri.is\\\/wp-content\\\/uploads\\\/2024\\\/11\\\/243666a7-665d-4106-a118-0fd6d70d88b4.jpg\",\"width\":500,\"height\":500},{\"@type\":\"BreadcrumbList\",\"@id\":\"https:\\\/\\\/velarogverkfaeri.is\\\/lykillausnir\\\/rafhlodur-lykillausnir\\\/rafhlodur-rafhlodur-lykillausnir\\\/product\\\/agfaphoto-rafhlodur-aa-alkaline-power-4-stk-apaaa-agfaphoto\\\/#breadcrumb\",\"itemListElement\":[{\"@type\":\"ListItem\",\"position\":1,\"name\":\"Home\",\"item\":\"https:\\\/\\\/velarogverkfaeri.is\\\/\"},{\"@type\":\"ListItem\",\"position\":2,\"name\":\"Vefverslun\",\"item\":\"https:\\\/\\\/velarogverkfaeri.is\\\/vefverslun\\\/\"},{\"@type\":\"ListItem\",\"position\":3,\"name\":\"AGFAPHOTO Rafhl\u00f6\u00f0ur AA Alkaline Power 4 stk APAAA AGFAPHOTO\"}]},{\"@type\":\"WebSite\",\"@id\":\"https:\\\/\\\/velarogverkfaeri.is\\\/en\\\/#website\",\"url\":\"https:\\\/\\\/velarogverkfaeri.is\\\/en\\\/\",\"name\":\"V\u00e9lar & Verkf\u00e6ri\",\"description\":\"Umbo\u00f0s- og heildverslun fr\u00e1 \u00e1rinu 1919\",\"publisher\":{\"@id\":\"https:\\\/\\\/velarogverkfaeri.is\\\/en\\\/#organization\"},\"potentialAction\":[{\"@type\":\"SearchAction\",\"target\":{\"@type\":\"EntryPoint\",\"urlTemplate\":\"https:\\\/\\\/velarogverkfaeri.is\\\/en\\\/?s={search_term_string}\"},\"query-input\":{\"@type\":\"PropertyValueSpecification\",\"valueRequired\":true,\"valueName\":\"search_term_string\"}}],\"inLanguage\":\"en-US\"},{\"@type\":\"Organization\",\"@id\":\"https:\\\/\\\/velarogverkfaeri.is\\\/en\\\/#organization\",\"name\":\"V\u00e9lar & Verkf\u00e6ri\",\"url\":\"https:\\\/\\\/velarogverkfaeri.is\\\/en\\\/\",\"logo\":{\"@type\":\"ImageObject\",\"inLanguage\":\"en-US\",\"@id\":\"https:\\\/\\\/velarogverkfaeri.is\\\/en\\\/#\\\/schema\\\/logo\\\/image\\\/\",\"url\":\"https:\\\/\\\/velarogverkfaeri.is\\\/wp-content\\\/uploads\\\/2021\\\/10\\\/vv_logo_350x100.png\",\"contentUrl\":\"https:\\\/\\\/velarogverkfaeri.is\\\/wp-content\\\/uploads\\\/2021\\\/10\\\/vv_logo_350x100.png\",\"width\":350,\"height\":100,\"caption\":\"V\u00e9lar & Verkf\u00e6ri\"},\"image\":{\"@id\":\"https:\\\/\\\/velarogverkfaeri.is\\\/en\\\/#\\\/schema\\\/logo\\\/image\\\/\"},\"sameAs\":[\"https:\\\/\\\/www.facebook.com\\\/VelarOgVerkfaeri\"]}]}<\/script>\n<!-- \/ Yoast SEO plugin. -->","yoast_head_json":{"title":"AGFAPHOTO Rafhl\u00f6\u00f0ur AA Alkaline Power 4 stk APAAA AGFAPHOTO - V\u00e9lar &amp; Verkf\u00e6ri","robots":{"index":"index","follow":"follow","max-snippet":"max-snippet:-1","max-image-preview":"max-image-preview:large","max-video-preview":"max-video-preview:-1"},"canonical":"https:\/\/velarogverkfaeri.is\/en\/lykillausnir\/rafhlodur-lykillausnir\/rafhlodur-rafhlodur-lykillausnir\/product\/agfaphoto-rafhlodur-aa-alkaline-power-4-stk-apaaa-agfaphoto\/","og_locale":"en_US","og_type":"article","og_title":"AGFAPHOTO Rafhl\u00f6\u00f0ur AA Alkaline Power 4 stk APAAA AGFAPHOTO - V\u00e9lar &amp; Verkf\u00e6ri","og_url":"https:\/\/velarogverkfaeri.is\/en\/lykillausnir\/rafhlodur-lykillausnir\/rafhlodur-rafhlodur-lykillausnir\/product\/agfaphoto-rafhlodur-aa-alkaline-power-4-stk-apaaa-agfaphoto\/","og_site_name":"V\u00e9lar &amp; Verkf\u00e6ri","article_publisher":"https:\/\/www.facebook.com\/VelarOgVerkfaeri","article_modified_time":"2026-01-15T09:32:04+00:00","og_image":[{"width":500,"height":500,"url":"https:\/\/velarogverkfaeri.is\/wp-content\/uploads\/2024\/11\/243666a7-665d-4106-a118-0fd6d70d88b4.jpg","type":"image\/jpeg"}],"twitter_card":"summary_large_image","schema":{"@context":"https:\/\/schema.org","@graph":[{"@type":"WebPage","@id":"https:\/\/velarogverkfaeri.is\/lykillausnir\/rafhlodur-lykillausnir\/rafhlodur-rafhlodur-lykillausnir\/product\/agfaphoto-rafhlodur-aa-alkaline-power-4-stk-apaaa-agfaphoto\/","url":"https:\/\/velarogverkfaeri.is\/lykillausnir\/rafhlodur-lykillausnir\/rafhlodur-rafhlodur-lykillausnir\/product\/agfaphoto-rafhlodur-aa-alkaline-power-4-stk-apaaa-agfaphoto\/","name":"AGFAPHOTO Rafhl\u00f6\u00f0ur AA Alkaline Power 4 stk APAAA AGFAPHOTO - V\u00e9lar &amp; Verkf\u00e6ri","isPartOf":{"@id":"https:\/\/velarogverkfaeri.is\/en\/#website"},"primaryImageOfPage":{"@id":"https:\/\/velarogverkfaeri.is\/lykillausnir\/rafhlodur-lykillausnir\/rafhlodur-rafhlodur-lykillausnir\/product\/agfaphoto-rafhlodur-aa-alkaline-power-4-stk-apaaa-agfaphoto\/#primaryimage"},"image":{"@id":"https:\/\/velarogverkfaeri.is\/lykillausnir\/rafhlodur-lykillausnir\/rafhlodur-rafhlodur-lykillausnir\/product\/agfaphoto-rafhlodur-aa-alkaline-power-4-stk-apaaa-agfaphoto\/#primaryimage"},"thumbnailUrl":"https:\/\/velarogverkfaeri.is\/wp-content\/uploads\/2024\/11\/243666a7-665d-4106-a118-0fd6d70d88b4.jpg","datePublished":"2024-02-17T16:04:20+00:00","dateModified":"2026-01-15T09:32:04+00:00","breadcrumb":{"@id":"https:\/\/velarogverkfaeri.is\/lykillausnir\/rafhlodur-lykillausnir\/rafhlodur-rafhlodur-lykillausnir\/product\/agfaphoto-rafhlodur-aa-alkaline-power-4-stk-apaaa-agfaphoto\/#breadcrumb"},"inLanguage":"en-US","potentialAction":[{"@type":"ReadAction","target":["https:\/\/velarogverkfaeri.is\/lykillausnir\/rafhlodur-lykillausnir\/rafhlodur-rafhlodur-lykillausnir\/product\/agfaphoto-rafhlodur-aa-alkaline-power-4-stk-apaaa-agfaphoto\/"]}]},{"@type":"ImageObject","inLanguage":"en-US","@id":"https:\/\/velarogverkfaeri.is\/lykillausnir\/rafhlodur-lykillausnir\/rafhlodur-rafhlodur-lykillausnir\/product\/agfaphoto-rafhlodur-aa-alkaline-power-4-stk-apaaa-agfaphoto\/#primaryimage","url":"https:\/\/velarogverkfaeri.is\/wp-content\/uploads\/2024\/11\/243666a7-665d-4106-a118-0fd6d70d88b4.jpg","contentUrl":"https:\/\/velarogverkfaeri.is\/wp-content\/uploads\/2024\/11\/243666a7-665d-4106-a118-0fd6d70d88b4.jpg","width":500,"height":500},{"@type":"BreadcrumbList","@id":"https:\/\/velarogverkfaeri.is\/lykillausnir\/rafhlodur-lykillausnir\/rafhlodur-rafhlodur-lykillausnir\/product\/agfaphoto-rafhlodur-aa-alkaline-power-4-stk-apaaa-agfaphoto\/#breadcrumb","itemListElement":[{"@type":"ListItem","position":1,"name":"Home","item":"https:\/\/velarogverkfaeri.is\/"},{"@type":"ListItem","position":2,"name":"Vefverslun","item":"https:\/\/velarogverkfaeri.is\/vefverslun\/"},{"@type":"ListItem","position":3,"name":"AGFAPHOTO Rafhl\u00f6\u00f0ur AA Alkaline Power 4 stk APAAA AGFAPHOTO"}]},{"@type":"WebSite","@id":"https:\/\/velarogverkfaeri.is\/en\/#website","url":"https:\/\/velarogverkfaeri.is\/en\/","name":"V\u00e9lar & Verkf\u00e6ri","description":"Umbo\u00f0s- og heildverslun fr\u00e1 \u00e1rinu 1919","publisher":{"@id":"https:\/\/velarogverkfaeri.is\/en\/#organization"},"potentialAction":[{"@type":"SearchAction","target":{"@type":"EntryPoint","urlTemplate":"https:\/\/velarogverkfaeri.is\/en\/?s={search_term_string}"},"query-input":{"@type":"PropertyValueSpecification","valueRequired":true,"valueName":"search_term_string"}}],"inLanguage":"en-US"},{"@type":"Organization","@id":"https:\/\/velarogverkfaeri.is\/en\/#organization","name":"V\u00e9lar & Verkf\u00e6ri","url":"https:\/\/velarogverkfaeri.is\/en\/","logo":{"@type":"ImageObject","inLanguage":"en-US","@id":"https:\/\/velarogverkfaeri.is\/en\/#\/schema\/logo\/image\/","url":"https:\/\/velarogverkfaeri.is\/wp-content\/uploads\/2021\/10\/vv_logo_350x100.png","contentUrl":"https:\/\/velarogverkfaeri.is\/wp-content\/uploads\/2021\/10\/vv_logo_350x100.png","width":350,"height":100,"caption":"V\u00e9lar & Verkf\u00e6ri"},"image":{"@id":"https:\/\/velarogverkfaeri.is\/en\/#\/schema\/logo\/image\/"},"sameAs":["https:\/\/www.facebook.com\/VelarOgVerkfaeri"]}]}},"_links":{"self":[{"href":"https:\/\/velarogverkfaeri.is\/en\/wp-json\/wp\/v2\/product\/57569","targetHints":{"allow":["GET"]}}],"collection":[{"href":"https:\/\/velarogverkfaeri.is\/en\/wp-json\/wp\/v2\/product"}],"about":[{"href":"https:\/\/velarogverkfaeri.is\/en\/wp-json\/wp\/v2\/types\/product"}],"replies":[{"embeddable":true,"href":"https:\/\/velarogverkfaeri.is\/en\/wp-json\/wp\/v2\/comments?post=57569"}],"wp:featuredmedia":[{"embeddable":true,"href":"https:\/\/velarogverkfaeri.is\/en\/wp-json\/wp\/v2\/media\/68529"}],"wp:attachment":[{"href":"https:\/\/velarogverkfaeri.is\/en\/wp-json\/wp\/v2\/media?parent=57569"}],"wp:term":[{"taxonomy":"product_brand","embeddable":true,"href":"https:\/\/velarogverkfaeri.is\/en\/wp-json\/wp\/v2\/product_brand?post=57569"},{"taxonomy":"product_cat","embeddable":true,"href":"https:\/\/velarogverkfaeri.is\/en\/wp-json\/wp\/v2\/product_cat?post=57569"},{"taxonomy":"product_tag","embeddable":true,"href":"https:\/\/velarogverkfaeri.is\/en\/wp-json\/wp\/v2\/product_tag?post=57569"}],"curies":[{"name":"wp","href":"https:\/\/api.w.org\/{rel}","templated":true}]}}