{"id":57388,"date":"2024-02-11T14:47:15","date_gmt":"2024-02-11T14:47:15","guid":{"rendered":"https:\/\/velarogverkfaeri.is\/?post_type=product&#038;p=57388"},"modified":"2025-10-24T11:53:22","modified_gmt":"2025-10-24T11:53:22","slug":"mediclinics-u-flow-handthurrkublasari-3","status":"publish","type":"product","link":"https:\/\/velarogverkfaeri.is\/en\/lykillausnir\/badherbergi-lykillausnir\/handthurrkublasarar\/product\/mediclinics-u-flow-handthurrkublasari-3\/","title":{"rendered":"MEDICLINICS U-Flow Hand\u00feurrkubl\u00e1sari Silfur M23ACS"},"content":{"rendered":"<p>-U-flow sj\u00e1lfvirkur hand\u00feurrkur me\u00f0 ABS hl\u00edf, sat\u00edn \u00e1fer\u00f0.<\/p>\n<p>-N\u00fdst\u00e1rleg og vinnuvistfr\u00e6\u00f0ileg U-laga h\u00f6nnun leyfir algj\u00f6rt hreyfifrelsi, sem gerir hand\u00feurrkun a\u00f0 einstakri upplifun fulla af vernd og hreinl\u00e6ti.<\/p>\n<p>-U-Flow er \u201ehands through\u201c, hra\u00f0virkur, orkusparandi, umhverfisv\u00e6nn, hreinl\u00e6tislegur og st\u00edlhreinn hand\u00feurrkari, hentugur fyrir mikla umfer\u00f0ara\u00f0st\u00f6\u00f0u.<\/p>\n<p>-\u00dea\u00f0 hefur eitt par af IR skynjara \u00e1 b\u00e1\u00f0um hli\u00f0um \u201eU\u201c opsins til a\u00f0 skynja hendur strax.<\/p>\n<p>-\u00dea\u00f0 felur \u00ed s\u00e9r hra\u00f0samsetningar \/ sundurt\u00f6kusett fyrir v\u00e9lina (tengikerfi) sem gerir \u00fe\u00e9r kleift a\u00f0 setja upp og fjarl\u00e6gja hand\u00feurrkann au\u00f0veldlega, flj\u00f3tt og \u00f6rugglega, sem gerir vi\u00f0hald mun skilvirkara og dregur \u00far kostna\u00f0i \u00fe\u00ednum \u00e1 sama t\u00edma.<\/p>\n<p>-\u00dea\u00f0 inniheldur HEPA s\u00edumi\u00f0il sem s\u00edar sviflausnar agnir (frj\u00f3korn, rykmaurar, t\u00f3baksreyk o.s.frv.) sem b\u00e6tir loftg\u00e6\u00f0i verulega.<\/p>\n<p>-\u00dea\u00f0 er afhent me\u00f0 j\u00f3nara (&#8222;Ion Hygienic&#8220; t\u00e6kni) sem hreinsar lofti\u00f0 \u00ed gegnum neikv\u00e6tt hla\u00f0nar agnir (anj\u00f3nir), \u00fatr\u00fdmir m\u00f6rgum \u00f6gnum og s\u00fdklum sem lofti\u00f0 flytur og gerir \u00fea\u00f0 heilbrig\u00f0ara og hreint. \u00deessar j\u00f3nir hindra \u00e6xlun \u00f6rvera \u00ed v\u00f6runni alla \u00e6vi.<\/p>\n<p>-Biocote\u00ae s\u00fdkla- og bakter\u00edudrepandi v\u00f6rn bygg\u00f0 \u00e1 silfurj\u00f3nat\u00e6kni. BioCote s\u00fdklalyfjat\u00e6kni dregur \u00far vexti \u00f6rvera eins og bakter\u00eda og myglu um allt a\u00f0 99,9%.<\/p>\n<p>-H\u00e1marks lofthra\u00f0i 350 km\/klst.<\/p>\n<p>-\u00deurrkar hendur \u00e1 a\u00f0eins 8 \/ 10 sek\u00fandum.<\/p>\n<p>-Stillanlegt m\u00f3torafl, sem gerir kleift a\u00f0 stilla rafmagnsnotkun \u00e1 milli 420 og 1100W.<\/p>\n<p>-30 sek\u00fandna \u00f6ryggist\u00edmam\u00e6lir.<\/p>\n<p>-L\u00e6gsta hlj\u00f3\u00f0stig \u00ed s\u00ednum flokki. (72,5 dBA \u00ed Eco-stillingu).<\/p>\n<p>-Kemur \u00ed veg fyrir vatn \u00e1 g\u00f3lfi: Hann hefur tvo vatnstanka sem h\u00e6gt er a\u00f0 fjarl\u00e6gja og h\u00e6gt er a\u00f0 tengja hann beint vi\u00f0 ni\u00f0urfall \u00e1 salerni til a\u00f0 fjarl\u00e6gja sk\u00f3lp.<\/p>\n<p>-Hann er me\u00f0 lyktarhlutleysandi perlum til a\u00f0 skapa hreint og notalegt andr\u00famsloft \u00e1 ba\u00f0herberginu.<\/p>","protected":false},"excerpt":{"rendered":"<p>Tegund:&nbsp;M23ACS<\/p>","protected":false},"featured_media":61947,"comment_status":"closed","ping_status":"closed","template":"","meta":[],"product_brand":[],"product_cat":[580,613,517],"product_tag":[],"class_list":{"0":"post-57388","1":"product","2":"type-product","3":"status-publish","4":"has-post-thumbnail","6":"product_cat-badherbergi-lykillausnir","7":"product_cat-handthurrkublasarar","8":"product_cat-lykillausnir","10":"first","11":"instock","12":"taxable","13":"shipping-taxable","14":"purchasable","15":"product-type-simple"},"yoast_head":"<!-- This site is optimized with the Yoast SEO plugin v27.3 - https:\/\/yoast.com\/product\/yoast-seo-wordpress\/ -->\n<title>MEDICLINICS U-Flow Hand\u00feurrkubl\u00e1sari Silfur M23ACS - V\u00e9lar &amp; Verkf\u00e6ri<\/title>\n<meta name=\"robots\" content=\"index, follow, max-snippet:-1, max-image-preview:large, max-video-preview:-1\" \/>\n<link rel=\"canonical\" href=\"https:\/\/velarogverkfaeri.is\/en\/lykillausnir\/badherbergi-lykillausnir\/handthurrkublasarar\/product\/mediclinics-u-flow-handthurrkublasari-3\/\" \/>\n<meta property=\"og:locale\" content=\"en_US\" \/>\n<meta property=\"og:type\" content=\"article\" \/>\n<meta property=\"og:title\" content=\"MEDICLINICS U-Flow Hand\u00feurrkubl\u00e1sari Silfur M23ACS - V\u00e9lar &amp; Verkf\u00e6ri\" \/>\n<meta property=\"og:description\" content=\"Tegund:&nbsp;M23ACS\" \/>\n<meta property=\"og:url\" content=\"https:\/\/velarogverkfaeri.is\/en\/lykillausnir\/badherbergi-lykillausnir\/handthurrkublasarar\/product\/mediclinics-u-flow-handthurrkublasari-3\/\" \/>\n<meta property=\"og:site_name\" content=\"V\u00e9lar &amp; Verkf\u00e6ri\" \/>\n<meta property=\"article:publisher\" content=\"https:\/\/www.facebook.com\/VelarOgVerkfaeri\" \/>\n<meta property=\"article:modified_time\" content=\"2025-10-24T11:53:22+00:00\" \/>\n<meta property=\"og:image\" content=\"https:\/\/velarogverkfaeri.is\/wp-content\/uploads\/2024\/06\/783c1776-603d-497e-875f-aa664de0e266.jpg\" \/>\n\t<meta property=\"og:image:width\" content=\"1200\" \/>\n\t<meta property=\"og:image:height\" content=\"1372\" \/>\n\t<meta property=\"og:image:type\" content=\"image\/jpeg\" \/>\n<meta name=\"twitter:card\" content=\"summary_large_image\" \/>\n<meta name=\"twitter:label1\" content=\"Est. reading time\" \/>\n\t<meta name=\"twitter:data1\" content=\"2 minutes\" \/>\n<script type=\"application\/ld+json\" class=\"yoast-schema-graph\">{\"@context\":\"https:\\\/\\\/schema.org\",\"@graph\":[{\"@type\":\"WebPage\",\"@id\":\"https:\\\/\\\/velarogverkfaeri.is\\\/lykillausnir\\\/badherbergi-lykillausnir\\\/handthurrkublasarar\\\/product\\\/mediclinics-u-flow-handthurrkublasari-3\\\/\",\"url\":\"https:\\\/\\\/velarogverkfaeri.is\\\/lykillausnir\\\/badherbergi-lykillausnir\\\/handthurrkublasarar\\\/product\\\/mediclinics-u-flow-handthurrkublasari-3\\\/\",\"name\":\"MEDICLINICS U-Flow Hand\u00feurrkubl\u00e1sari Silfur M23ACS - V\u00e9lar &amp; Verkf\u00e6ri\",\"isPartOf\":{\"@id\":\"https:\\\/\\\/velarogverkfaeri.is\\\/en\\\/#website\"},\"primaryImageOfPage\":{\"@id\":\"https:\\\/\\\/velarogverkfaeri.is\\\/lykillausnir\\\/badherbergi-lykillausnir\\\/handthurrkublasarar\\\/product\\\/mediclinics-u-flow-handthurrkublasari-3\\\/#primaryimage\"},\"image\":{\"@id\":\"https:\\\/\\\/velarogverkfaeri.is\\\/lykillausnir\\\/badherbergi-lykillausnir\\\/handthurrkublasarar\\\/product\\\/mediclinics-u-flow-handthurrkublasari-3\\\/#primaryimage\"},\"thumbnailUrl\":\"https:\\\/\\\/velarogverkfaeri.is\\\/wp-content\\\/uploads\\\/2024\\\/06\\\/783c1776-603d-497e-875f-aa664de0e266.jpg\",\"datePublished\":\"2024-02-11T14:47:15+00:00\",\"dateModified\":\"2025-10-24T11:53:22+00:00\",\"breadcrumb\":{\"@id\":\"https:\\\/\\\/velarogverkfaeri.is\\\/lykillausnir\\\/badherbergi-lykillausnir\\\/handthurrkublasarar\\\/product\\\/mediclinics-u-flow-handthurrkublasari-3\\\/#breadcrumb\"},\"inLanguage\":\"en-US\",\"potentialAction\":[{\"@type\":\"ReadAction\",\"target\":[\"https:\\\/\\\/velarogverkfaeri.is\\\/lykillausnir\\\/badherbergi-lykillausnir\\\/handthurrkublasarar\\\/product\\\/mediclinics-u-flow-handthurrkublasari-3\\\/\"]}]},{\"@type\":\"ImageObject\",\"inLanguage\":\"en-US\",\"@id\":\"https:\\\/\\\/velarogverkfaeri.is\\\/lykillausnir\\\/badherbergi-lykillausnir\\\/handthurrkublasarar\\\/product\\\/mediclinics-u-flow-handthurrkublasari-3\\\/#primaryimage\",\"url\":\"https:\\\/\\\/velarogverkfaeri.is\\\/wp-content\\\/uploads\\\/2024\\\/06\\\/783c1776-603d-497e-875f-aa664de0e266.jpg\",\"contentUrl\":\"https:\\\/\\\/velarogverkfaeri.is\\\/wp-content\\\/uploads\\\/2024\\\/06\\\/783c1776-603d-497e-875f-aa664de0e266.jpg\",\"width\":1200,\"height\":1372},{\"@type\":\"BreadcrumbList\",\"@id\":\"https:\\\/\\\/velarogverkfaeri.is\\\/lykillausnir\\\/badherbergi-lykillausnir\\\/handthurrkublasarar\\\/product\\\/mediclinics-u-flow-handthurrkublasari-3\\\/#breadcrumb\",\"itemListElement\":[{\"@type\":\"ListItem\",\"position\":1,\"name\":\"Home\",\"item\":\"https:\\\/\\\/velarogverkfaeri.is\\\/\"},{\"@type\":\"ListItem\",\"position\":2,\"name\":\"Vefverslun\",\"item\":\"https:\\\/\\\/velarogverkfaeri.is\\\/vefverslun\\\/\"},{\"@type\":\"ListItem\",\"position\":3,\"name\":\"MEDICLINICS U-Flow Hand\u00feurrkubl\u00e1sari Silfur M23ACS\"}]},{\"@type\":\"WebSite\",\"@id\":\"https:\\\/\\\/velarogverkfaeri.is\\\/en\\\/#website\",\"url\":\"https:\\\/\\\/velarogverkfaeri.is\\\/en\\\/\",\"name\":\"V\u00e9lar & Verkf\u00e6ri\",\"description\":\"Umbo\u00f0s- og heildverslun fr\u00e1 \u00e1rinu 1919\",\"publisher\":{\"@id\":\"https:\\\/\\\/velarogverkfaeri.is\\\/en\\\/#organization\"},\"potentialAction\":[{\"@type\":\"SearchAction\",\"target\":{\"@type\":\"EntryPoint\",\"urlTemplate\":\"https:\\\/\\\/velarogverkfaeri.is\\\/en\\\/?s={search_term_string}\"},\"query-input\":{\"@type\":\"PropertyValueSpecification\",\"valueRequired\":true,\"valueName\":\"search_term_string\"}}],\"inLanguage\":\"en-US\"},{\"@type\":\"Organization\",\"@id\":\"https:\\\/\\\/velarogverkfaeri.is\\\/en\\\/#organization\",\"name\":\"V\u00e9lar & Verkf\u00e6ri\",\"url\":\"https:\\\/\\\/velarogverkfaeri.is\\\/en\\\/\",\"logo\":{\"@type\":\"ImageObject\",\"inLanguage\":\"en-US\",\"@id\":\"https:\\\/\\\/velarogverkfaeri.is\\\/en\\\/#\\\/schema\\\/logo\\\/image\\\/\",\"url\":\"https:\\\/\\\/velarogverkfaeri.is\\\/wp-content\\\/uploads\\\/2021\\\/10\\\/vv_logo_350x100.png\",\"contentUrl\":\"https:\\\/\\\/velarogverkfaeri.is\\\/wp-content\\\/uploads\\\/2021\\\/10\\\/vv_logo_350x100.png\",\"width\":350,\"height\":100,\"caption\":\"V\u00e9lar & Verkf\u00e6ri\"},\"image\":{\"@id\":\"https:\\\/\\\/velarogverkfaeri.is\\\/en\\\/#\\\/schema\\\/logo\\\/image\\\/\"},\"sameAs\":[\"https:\\\/\\\/www.facebook.com\\\/VelarOgVerkfaeri\"]}]}<\/script>\n<!-- \/ Yoast SEO plugin. -->","yoast_head_json":{"title":"MEDICLINICS U-Flow Hand\u00feurrkubl\u00e1sari Silfur M23ACS - V\u00e9lar &amp; Verkf\u00e6ri","robots":{"index":"index","follow":"follow","max-snippet":"max-snippet:-1","max-image-preview":"max-image-preview:large","max-video-preview":"max-video-preview:-1"},"canonical":"https:\/\/velarogverkfaeri.is\/en\/lykillausnir\/badherbergi-lykillausnir\/handthurrkublasarar\/product\/mediclinics-u-flow-handthurrkublasari-3\/","og_locale":"en_US","og_type":"article","og_title":"MEDICLINICS U-Flow Hand\u00feurrkubl\u00e1sari Silfur M23ACS - V\u00e9lar &amp; Verkf\u00e6ri","og_description":"Tegund:&nbsp;M23ACS","og_url":"https:\/\/velarogverkfaeri.is\/en\/lykillausnir\/badherbergi-lykillausnir\/handthurrkublasarar\/product\/mediclinics-u-flow-handthurrkublasari-3\/","og_site_name":"V\u00e9lar &amp; Verkf\u00e6ri","article_publisher":"https:\/\/www.facebook.com\/VelarOgVerkfaeri","article_modified_time":"2025-10-24T11:53:22+00:00","og_image":[{"width":1200,"height":1372,"url":"https:\/\/velarogverkfaeri.is\/wp-content\/uploads\/2024\/06\/783c1776-603d-497e-875f-aa664de0e266.jpg","type":"image\/jpeg"}],"twitter_card":"summary_large_image","twitter_misc":{"Est. reading time":"2 minutes"},"schema":{"@context":"https:\/\/schema.org","@graph":[{"@type":"WebPage","@id":"https:\/\/velarogverkfaeri.is\/lykillausnir\/badherbergi-lykillausnir\/handthurrkublasarar\/product\/mediclinics-u-flow-handthurrkublasari-3\/","url":"https:\/\/velarogverkfaeri.is\/lykillausnir\/badherbergi-lykillausnir\/handthurrkublasarar\/product\/mediclinics-u-flow-handthurrkublasari-3\/","name":"MEDICLINICS U-Flow Hand\u00feurrkubl\u00e1sari Silfur M23ACS - V\u00e9lar &amp; Verkf\u00e6ri","isPartOf":{"@id":"https:\/\/velarogverkfaeri.is\/en\/#website"},"primaryImageOfPage":{"@id":"https:\/\/velarogverkfaeri.is\/lykillausnir\/badherbergi-lykillausnir\/handthurrkublasarar\/product\/mediclinics-u-flow-handthurrkublasari-3\/#primaryimage"},"image":{"@id":"https:\/\/velarogverkfaeri.is\/lykillausnir\/badherbergi-lykillausnir\/handthurrkublasarar\/product\/mediclinics-u-flow-handthurrkublasari-3\/#primaryimage"},"thumbnailUrl":"https:\/\/velarogverkfaeri.is\/wp-content\/uploads\/2024\/06\/783c1776-603d-497e-875f-aa664de0e266.jpg","datePublished":"2024-02-11T14:47:15+00:00","dateModified":"2025-10-24T11:53:22+00:00","breadcrumb":{"@id":"https:\/\/velarogverkfaeri.is\/lykillausnir\/badherbergi-lykillausnir\/handthurrkublasarar\/product\/mediclinics-u-flow-handthurrkublasari-3\/#breadcrumb"},"inLanguage":"en-US","potentialAction":[{"@type":"ReadAction","target":["https:\/\/velarogverkfaeri.is\/lykillausnir\/badherbergi-lykillausnir\/handthurrkublasarar\/product\/mediclinics-u-flow-handthurrkublasari-3\/"]}]},{"@type":"ImageObject","inLanguage":"en-US","@id":"https:\/\/velarogverkfaeri.is\/lykillausnir\/badherbergi-lykillausnir\/handthurrkublasarar\/product\/mediclinics-u-flow-handthurrkublasari-3\/#primaryimage","url":"https:\/\/velarogverkfaeri.is\/wp-content\/uploads\/2024\/06\/783c1776-603d-497e-875f-aa664de0e266.jpg","contentUrl":"https:\/\/velarogverkfaeri.is\/wp-content\/uploads\/2024\/06\/783c1776-603d-497e-875f-aa664de0e266.jpg","width":1200,"height":1372},{"@type":"BreadcrumbList","@id":"https:\/\/velarogverkfaeri.is\/lykillausnir\/badherbergi-lykillausnir\/handthurrkublasarar\/product\/mediclinics-u-flow-handthurrkublasari-3\/#breadcrumb","itemListElement":[{"@type":"ListItem","position":1,"name":"Home","item":"https:\/\/velarogverkfaeri.is\/"},{"@type":"ListItem","position":2,"name":"Vefverslun","item":"https:\/\/velarogverkfaeri.is\/vefverslun\/"},{"@type":"ListItem","position":3,"name":"MEDICLINICS U-Flow Hand\u00feurrkubl\u00e1sari Silfur M23ACS"}]},{"@type":"WebSite","@id":"https:\/\/velarogverkfaeri.is\/en\/#website","url":"https:\/\/velarogverkfaeri.is\/en\/","name":"V\u00e9lar & Verkf\u00e6ri","description":"Umbo\u00f0s- og heildverslun fr\u00e1 \u00e1rinu 1919","publisher":{"@id":"https:\/\/velarogverkfaeri.is\/en\/#organization"},"potentialAction":[{"@type":"SearchAction","target":{"@type":"EntryPoint","urlTemplate":"https:\/\/velarogverkfaeri.is\/en\/?s={search_term_string}"},"query-input":{"@type":"PropertyValueSpecification","valueRequired":true,"valueName":"search_term_string"}}],"inLanguage":"en-US"},{"@type":"Organization","@id":"https:\/\/velarogverkfaeri.is\/en\/#organization","name":"V\u00e9lar & Verkf\u00e6ri","url":"https:\/\/velarogverkfaeri.is\/en\/","logo":{"@type":"ImageObject","inLanguage":"en-US","@id":"https:\/\/velarogverkfaeri.is\/en\/#\/schema\/logo\/image\/","url":"https:\/\/velarogverkfaeri.is\/wp-content\/uploads\/2021\/10\/vv_logo_350x100.png","contentUrl":"https:\/\/velarogverkfaeri.is\/wp-content\/uploads\/2021\/10\/vv_logo_350x100.png","width":350,"height":100,"caption":"V\u00e9lar & Verkf\u00e6ri"},"image":{"@id":"https:\/\/velarogverkfaeri.is\/en\/#\/schema\/logo\/image\/"},"sameAs":["https:\/\/www.facebook.com\/VelarOgVerkfaeri"]}]}},"_links":{"self":[{"href":"https:\/\/velarogverkfaeri.is\/en\/wp-json\/wp\/v2\/product\/57388","targetHints":{"allow":["GET"]}}],"collection":[{"href":"https:\/\/velarogverkfaeri.is\/en\/wp-json\/wp\/v2\/product"}],"about":[{"href":"https:\/\/velarogverkfaeri.is\/en\/wp-json\/wp\/v2\/types\/product"}],"replies":[{"embeddable":true,"href":"https:\/\/velarogverkfaeri.is\/en\/wp-json\/wp\/v2\/comments?post=57388"}],"wp:featuredmedia":[{"embeddable":true,"href":"https:\/\/velarogverkfaeri.is\/en\/wp-json\/wp\/v2\/media\/61947"}],"wp:attachment":[{"href":"https:\/\/velarogverkfaeri.is\/en\/wp-json\/wp\/v2\/media?parent=57388"}],"wp:term":[{"taxonomy":"product_brand","embeddable":true,"href":"https:\/\/velarogverkfaeri.is\/en\/wp-json\/wp\/v2\/product_brand?post=57388"},{"taxonomy":"product_cat","embeddable":true,"href":"https:\/\/velarogverkfaeri.is\/en\/wp-json\/wp\/v2\/product_cat?post=57388"},{"taxonomy":"product_tag","embeddable":true,"href":"https:\/\/velarogverkfaeri.is\/en\/wp-json\/wp\/v2\/product_tag?post=57388"}],"curies":[{"name":"wp","href":"https:\/\/api.w.org\/{rel}","templated":true}]}}