{"id":57337,"date":"2023-11-25T12:46:24","date_gmt":"2023-11-25T12:46:24","guid":{"rendered":"https:\/\/velarogverkfaeri.is\/?post_type=product&#038;p=57337"},"modified":"2025-10-21T15:34:41","modified_gmt":"2025-10-21T15:34:41","slug":"ledx-hofudljos-mamba-x-pand-g4-kit-141wh-5000-lumens-ham-250-klst-102gr-ip65","status":"publish","type":"product","link":"https:\/\/velarogverkfaeri.is\/en\/lykillausnir\/utivistarvorur\/hofudljos\/product\/ledx-hofudljos-mamba-x-pand-g4-kit-141wh-5000-lumens-ham-250-klst-102gr-ip65\/","title":{"rendered":"LEDX H\u00f6fu\u00f0lj\u00f3s Mamba X-pand G4 Kit"},"content":{"rendered":"<p>Generation 4 Mamba fr\u00e1 LEDX Lights t\u00e1knar h\u00e1tindinn af afkastamiklum lj\u00f3sum. Hann b\u00fd\u00f0ur upp \u00e1 \u00f3vi\u00f0jafnanlegt birtustig, langa endingu rafhl\u00f6\u00f0unnar og \u00f3tr\u00falega l\u00e9tt h\u00f6nnun.<\/p>\n<p>Einkenni \u00feessara lj\u00f3ss er X-pand t\u00e6knin. S\u00e9reigna X-pand endurskinslj\u00f3si\u00f0 \u00e1samt n\u00fdjustu lj\u00f3st\u00e6kni framlei\u00f0ir einstakt lj\u00f3samynstur sem er \u00e1n efa \u00f3vi\u00f0jafnanlegt af \u00f6llum keppinautum.<\/p>\n<p>Mamba er hanna\u00f0 me\u00f0 notendaupplifunina \u00ed huga og b\u00fd\u00f0ur upp \u00e1 bestu vinnuvistfr\u00e6\u00f0i og \u00fe\u00e6gindi. Sta\u00f0a \u00feess, jafnv\u00e6gi og l\u00e1g \u00feyngd hafa veri\u00f0 vandlega f\u00ednstillt til a\u00f0 veita bestu m\u00f6gulegu \u00fe\u00e6gindin.<\/p>\n<p>\u00deegar \u00fea\u00f0 er sameina\u00f0 LEDX rafhl\u00f6\u00f0um gefur Mamba fr\u00e1 s\u00e9r \u00f6flugt 4500 lumens af lj\u00f3si fyrir allt a\u00f0 2 t\u00edma samfellda notkun og 270 metra dr\u00e6gni vi\u00f0 100% afl samkv\u00e6mt ANSI FL1. Fyrir \u00feau skipti sem \u00fe\u00fa \u00fearft auka upp\u00f6rvun, \u00fdttu bara tvisvar \u00e1 hnappinn til a\u00f0 virkja 5000 lumen boost a\u00f0ger\u00f0ina fyrir 290 metra svi\u00f0 samkv\u00e6mt ANSI FL1. Mamba er einnig h\u00e6gt a\u00f0 stj\u00f3rna me\u00f0 36 Wh sn\u00f3ker rafhl\u00f6\u00f0u.<\/p>\n<p>Mamba er a\u00f0eins 125 g a\u00f0 \u00feyngd og er \u00f3tr\u00falega l\u00e9tt.&nbsp;<\/p>\n<p>Far\u00f0u \u00ed handb\u00f3k til a\u00f0 sj\u00e1 alla eiginleika og lei\u00f0beiningar.<\/p>\n<p>Birtustig: 150 &#8211; 4500 l\u00famen, Boost: 5000 l\u00famen<\/p>\n<p>Brennslut\u00edmi, 106 Wh rafhla\u00f0a h\u00e1mark\/m\u00edn: 2 klst 10 m\u00edn \/ 125 klst<\/p>\n<p>Brennslut\u00edmi, 141 Wh rafhla\u00f0a h\u00e1mark\/m\u00edn: 2 klst 50 m\u00edn \/ 145 klst<\/p>\n<p>Brennslut\u00edmi, 36 Wh rafhla\u00f0a h\u00e1mark\/m\u00edn: 1 klst 50 m\u00edn (40% afl) \/ 9H<\/p>\n<p>Dr\u00e6gni 100%\/boost kraftur: 270\/290 m samkv\u00e6mt ANSI FL1<\/p>\n<p>Ger\u00f0 rafhl\u00f6\u00f0u: Li-ion<\/p>\n<p>Orkumagn: 106 Wh<\/p>\n<p>St\u00e6r\u00f0: 9,8 Ah<\/p>\n<p>Spenna: 10,8 V<\/p>\n<p>LED: 4 stk cree<\/p>\n<p>\u00deyngd lj\u00f3ss: 125 g<\/p>\n<p>\u00deyngd rafhl\u00f6\u00f0u: 595 g<\/p>\n<p>\u00deyngd lj\u00f3ss + h\u00f6fu\u00f0standur: 192 g<\/p>\n<p>Heildar\u00feyngd (lj\u00f3s+ h\u00f6fu\u00f0standur + rafhla\u00f0a): 787 g<\/p>\n<p>Vatns\u00feol: IP65<\/p>\n<p>\u00c1byrg\u00f0: 3 \u00e1r<\/p>","protected":false},"excerpt":{"rendered":"<p>Tegund: Mamba X-pand G4<\/p>","protected":false},"featured_media":58654,"comment_status":"closed","ping_status":"closed","template":"","meta":[],"product_brand":[],"product_cat":[695,517,601],"product_tag":[1095],"class_list":{"0":"post-57337","1":"product","2":"type-product","3":"status-publish","4":"has-post-thumbnail","6":"product_cat-hofudljos","7":"product_cat-lykillausnir","8":"product_cat-utivistarvorur","9":"product_tag-hofudljos","11":"first","12":"instock","13":"taxable","14":"shipping-taxable","15":"purchasable","16":"product-type-simple"},"yoast_head":"<!-- This site is optimized with the Yoast SEO plugin v27.3 - https:\/\/yoast.com\/product\/yoast-seo-wordpress\/ -->\n<title>LEDX H\u00f6fu\u00f0lj\u00f3s Mamba X-pand G4 Kit - V\u00e9lar &amp; Verkf\u00e6ri<\/title>\n<meta name=\"robots\" content=\"index, follow, max-snippet:-1, max-image-preview:large, max-video-preview:-1\" \/>\n<link rel=\"canonical\" href=\"https:\/\/velarogverkfaeri.is\/en\/lykillausnir\/utivistarvorur\/hofudljos\/product\/ledx-hofudljos-mamba-x-pand-g4-kit-141wh-5000-lumens-ham-250-klst-102gr-ip65\/\" \/>\n<meta property=\"og:locale\" content=\"en_US\" \/>\n<meta property=\"og:type\" content=\"article\" \/>\n<meta property=\"og:title\" content=\"LEDX H\u00f6fu\u00f0lj\u00f3s Mamba X-pand G4 Kit - V\u00e9lar &amp; Verkf\u00e6ri\" \/>\n<meta property=\"og:description\" content=\"Tegund: Mamba X-pand G4\" \/>\n<meta property=\"og:url\" content=\"https:\/\/velarogverkfaeri.is\/en\/lykillausnir\/utivistarvorur\/hofudljos\/product\/ledx-hofudljos-mamba-x-pand-g4-kit-141wh-5000-lumens-ham-250-klst-102gr-ip65\/\" \/>\n<meta property=\"og:site_name\" content=\"V\u00e9lar &amp; Verkf\u00e6ri\" \/>\n<meta property=\"article:publisher\" content=\"https:\/\/www.facebook.com\/VelarOgVerkfaeri\" \/>\n<meta property=\"article:modified_time\" content=\"2025-10-21T15:34:41+00:00\" \/>\n<meta property=\"og:image\" content=\"https:\/\/velarogverkfaeri.is\/wp-content\/uploads\/2024\/03\/e92d5669-ada1-48ba-bbdd-e1ea7dfd2947.jpg\" \/>\n\t<meta property=\"og:image:width\" content=\"627\" \/>\n\t<meta property=\"og:image:height\" content=\"561\" \/>\n\t<meta property=\"og:image:type\" content=\"image\/jpeg\" \/>\n<meta name=\"twitter:card\" content=\"summary_large_image\" \/>\n<meta name=\"twitter:label1\" content=\"Est. reading time\" \/>\n\t<meta name=\"twitter:data1\" content=\"1 minute\" \/>\n<script type=\"application\/ld+json\" class=\"yoast-schema-graph\">{\"@context\":\"https:\\\/\\\/schema.org\",\"@graph\":[{\"@type\":\"WebPage\",\"@id\":\"https:\\\/\\\/velarogverkfaeri.is\\\/lykillausnir\\\/utivistarvorur\\\/hofudljos\\\/product\\\/ledx-hofudljos-mamba-x-pand-g4-kit-141wh-5000-lumens-ham-250-klst-102gr-ip65\\\/\",\"url\":\"https:\\\/\\\/velarogverkfaeri.is\\\/lykillausnir\\\/utivistarvorur\\\/hofudljos\\\/product\\\/ledx-hofudljos-mamba-x-pand-g4-kit-141wh-5000-lumens-ham-250-klst-102gr-ip65\\\/\",\"name\":\"LEDX H\u00f6fu\u00f0lj\u00f3s Mamba X-pand G4 Kit - V\u00e9lar &amp; Verkf\u00e6ri\",\"isPartOf\":{\"@id\":\"https:\\\/\\\/velarogverkfaeri.is\\\/en\\\/#website\"},\"primaryImageOfPage\":{\"@id\":\"https:\\\/\\\/velarogverkfaeri.is\\\/lykillausnir\\\/utivistarvorur\\\/hofudljos\\\/product\\\/ledx-hofudljos-mamba-x-pand-g4-kit-141wh-5000-lumens-ham-250-klst-102gr-ip65\\\/#primaryimage\"},\"image\":{\"@id\":\"https:\\\/\\\/velarogverkfaeri.is\\\/lykillausnir\\\/utivistarvorur\\\/hofudljos\\\/product\\\/ledx-hofudljos-mamba-x-pand-g4-kit-141wh-5000-lumens-ham-250-klst-102gr-ip65\\\/#primaryimage\"},\"thumbnailUrl\":\"https:\\\/\\\/velarogverkfaeri.is\\\/wp-content\\\/uploads\\\/2024\\\/03\\\/e92d5669-ada1-48ba-bbdd-e1ea7dfd2947.jpg\",\"datePublished\":\"2023-11-25T12:46:24+00:00\",\"dateModified\":\"2025-10-21T15:34:41+00:00\",\"breadcrumb\":{\"@id\":\"https:\\\/\\\/velarogverkfaeri.is\\\/lykillausnir\\\/utivistarvorur\\\/hofudljos\\\/product\\\/ledx-hofudljos-mamba-x-pand-g4-kit-141wh-5000-lumens-ham-250-klst-102gr-ip65\\\/#breadcrumb\"},\"inLanguage\":\"en-US\",\"potentialAction\":[{\"@type\":\"ReadAction\",\"target\":[\"https:\\\/\\\/velarogverkfaeri.is\\\/lykillausnir\\\/utivistarvorur\\\/hofudljos\\\/product\\\/ledx-hofudljos-mamba-x-pand-g4-kit-141wh-5000-lumens-ham-250-klst-102gr-ip65\\\/\"]}]},{\"@type\":\"ImageObject\",\"inLanguage\":\"en-US\",\"@id\":\"https:\\\/\\\/velarogverkfaeri.is\\\/lykillausnir\\\/utivistarvorur\\\/hofudljos\\\/product\\\/ledx-hofudljos-mamba-x-pand-g4-kit-141wh-5000-lumens-ham-250-klst-102gr-ip65\\\/#primaryimage\",\"url\":\"https:\\\/\\\/velarogverkfaeri.is\\\/wp-content\\\/uploads\\\/2024\\\/03\\\/e92d5669-ada1-48ba-bbdd-e1ea7dfd2947.jpg\",\"contentUrl\":\"https:\\\/\\\/velarogverkfaeri.is\\\/wp-content\\\/uploads\\\/2024\\\/03\\\/e92d5669-ada1-48ba-bbdd-e1ea7dfd2947.jpg\",\"width\":627,\"height\":561},{\"@type\":\"BreadcrumbList\",\"@id\":\"https:\\\/\\\/velarogverkfaeri.is\\\/lykillausnir\\\/utivistarvorur\\\/hofudljos\\\/product\\\/ledx-hofudljos-mamba-x-pand-g4-kit-141wh-5000-lumens-ham-250-klst-102gr-ip65\\\/#breadcrumb\",\"itemListElement\":[{\"@type\":\"ListItem\",\"position\":1,\"name\":\"Home\",\"item\":\"https:\\\/\\\/velarogverkfaeri.is\\\/\"},{\"@type\":\"ListItem\",\"position\":2,\"name\":\"Vefverslun\",\"item\":\"https:\\\/\\\/velarogverkfaeri.is\\\/vefverslun\\\/\"},{\"@type\":\"ListItem\",\"position\":3,\"name\":\"LEDX H\u00f6fu\u00f0lj\u00f3s Mamba X-pand G4 Kit\"}]},{\"@type\":\"WebSite\",\"@id\":\"https:\\\/\\\/velarogverkfaeri.is\\\/en\\\/#website\",\"url\":\"https:\\\/\\\/velarogverkfaeri.is\\\/en\\\/\",\"name\":\"V\u00e9lar & Verkf\u00e6ri\",\"description\":\"Umbo\u00f0s- og heildverslun fr\u00e1 \u00e1rinu 1919\",\"publisher\":{\"@id\":\"https:\\\/\\\/velarogverkfaeri.is\\\/en\\\/#organization\"},\"potentialAction\":[{\"@type\":\"SearchAction\",\"target\":{\"@type\":\"EntryPoint\",\"urlTemplate\":\"https:\\\/\\\/velarogverkfaeri.is\\\/en\\\/?s={search_term_string}\"},\"query-input\":{\"@type\":\"PropertyValueSpecification\",\"valueRequired\":true,\"valueName\":\"search_term_string\"}}],\"inLanguage\":\"en-US\"},{\"@type\":\"Organization\",\"@id\":\"https:\\\/\\\/velarogverkfaeri.is\\\/en\\\/#organization\",\"name\":\"V\u00e9lar & Verkf\u00e6ri\",\"url\":\"https:\\\/\\\/velarogverkfaeri.is\\\/en\\\/\",\"logo\":{\"@type\":\"ImageObject\",\"inLanguage\":\"en-US\",\"@id\":\"https:\\\/\\\/velarogverkfaeri.is\\\/en\\\/#\\\/schema\\\/logo\\\/image\\\/\",\"url\":\"https:\\\/\\\/velarogverkfaeri.is\\\/wp-content\\\/uploads\\\/2021\\\/10\\\/vv_logo_350x100.png\",\"contentUrl\":\"https:\\\/\\\/velarogverkfaeri.is\\\/wp-content\\\/uploads\\\/2021\\\/10\\\/vv_logo_350x100.png\",\"width\":350,\"height\":100,\"caption\":\"V\u00e9lar & Verkf\u00e6ri\"},\"image\":{\"@id\":\"https:\\\/\\\/velarogverkfaeri.is\\\/en\\\/#\\\/schema\\\/logo\\\/image\\\/\"},\"sameAs\":[\"https:\\\/\\\/www.facebook.com\\\/VelarOgVerkfaeri\"]}]}<\/script>\n<!-- \/ Yoast SEO plugin. -->","yoast_head_json":{"title":"LEDX H\u00f6fu\u00f0lj\u00f3s Mamba X-pand G4 Kit - V\u00e9lar &amp; Verkf\u00e6ri","robots":{"index":"index","follow":"follow","max-snippet":"max-snippet:-1","max-image-preview":"max-image-preview:large","max-video-preview":"max-video-preview:-1"},"canonical":"https:\/\/velarogverkfaeri.is\/en\/lykillausnir\/utivistarvorur\/hofudljos\/product\/ledx-hofudljos-mamba-x-pand-g4-kit-141wh-5000-lumens-ham-250-klst-102gr-ip65\/","og_locale":"en_US","og_type":"article","og_title":"LEDX H\u00f6fu\u00f0lj\u00f3s Mamba X-pand G4 Kit - V\u00e9lar &amp; Verkf\u00e6ri","og_description":"Tegund: Mamba X-pand G4","og_url":"https:\/\/velarogverkfaeri.is\/en\/lykillausnir\/utivistarvorur\/hofudljos\/product\/ledx-hofudljos-mamba-x-pand-g4-kit-141wh-5000-lumens-ham-250-klst-102gr-ip65\/","og_site_name":"V\u00e9lar &amp; Verkf\u00e6ri","article_publisher":"https:\/\/www.facebook.com\/VelarOgVerkfaeri","article_modified_time":"2025-10-21T15:34:41+00:00","og_image":[{"width":627,"height":561,"url":"https:\/\/velarogverkfaeri.is\/wp-content\/uploads\/2024\/03\/e92d5669-ada1-48ba-bbdd-e1ea7dfd2947.jpg","type":"image\/jpeg"}],"twitter_card":"summary_large_image","twitter_misc":{"Est. reading time":"1 minute"},"schema":{"@context":"https:\/\/schema.org","@graph":[{"@type":"WebPage","@id":"https:\/\/velarogverkfaeri.is\/lykillausnir\/utivistarvorur\/hofudljos\/product\/ledx-hofudljos-mamba-x-pand-g4-kit-141wh-5000-lumens-ham-250-klst-102gr-ip65\/","url":"https:\/\/velarogverkfaeri.is\/lykillausnir\/utivistarvorur\/hofudljos\/product\/ledx-hofudljos-mamba-x-pand-g4-kit-141wh-5000-lumens-ham-250-klst-102gr-ip65\/","name":"LEDX H\u00f6fu\u00f0lj\u00f3s Mamba X-pand G4 Kit - V\u00e9lar &amp; Verkf\u00e6ri","isPartOf":{"@id":"https:\/\/velarogverkfaeri.is\/en\/#website"},"primaryImageOfPage":{"@id":"https:\/\/velarogverkfaeri.is\/lykillausnir\/utivistarvorur\/hofudljos\/product\/ledx-hofudljos-mamba-x-pand-g4-kit-141wh-5000-lumens-ham-250-klst-102gr-ip65\/#primaryimage"},"image":{"@id":"https:\/\/velarogverkfaeri.is\/lykillausnir\/utivistarvorur\/hofudljos\/product\/ledx-hofudljos-mamba-x-pand-g4-kit-141wh-5000-lumens-ham-250-klst-102gr-ip65\/#primaryimage"},"thumbnailUrl":"https:\/\/velarogverkfaeri.is\/wp-content\/uploads\/2024\/03\/e92d5669-ada1-48ba-bbdd-e1ea7dfd2947.jpg","datePublished":"2023-11-25T12:46:24+00:00","dateModified":"2025-10-21T15:34:41+00:00","breadcrumb":{"@id":"https:\/\/velarogverkfaeri.is\/lykillausnir\/utivistarvorur\/hofudljos\/product\/ledx-hofudljos-mamba-x-pand-g4-kit-141wh-5000-lumens-ham-250-klst-102gr-ip65\/#breadcrumb"},"inLanguage":"en-US","potentialAction":[{"@type":"ReadAction","target":["https:\/\/velarogverkfaeri.is\/lykillausnir\/utivistarvorur\/hofudljos\/product\/ledx-hofudljos-mamba-x-pand-g4-kit-141wh-5000-lumens-ham-250-klst-102gr-ip65\/"]}]},{"@type":"ImageObject","inLanguage":"en-US","@id":"https:\/\/velarogverkfaeri.is\/lykillausnir\/utivistarvorur\/hofudljos\/product\/ledx-hofudljos-mamba-x-pand-g4-kit-141wh-5000-lumens-ham-250-klst-102gr-ip65\/#primaryimage","url":"https:\/\/velarogverkfaeri.is\/wp-content\/uploads\/2024\/03\/e92d5669-ada1-48ba-bbdd-e1ea7dfd2947.jpg","contentUrl":"https:\/\/velarogverkfaeri.is\/wp-content\/uploads\/2024\/03\/e92d5669-ada1-48ba-bbdd-e1ea7dfd2947.jpg","width":627,"height":561},{"@type":"BreadcrumbList","@id":"https:\/\/velarogverkfaeri.is\/lykillausnir\/utivistarvorur\/hofudljos\/product\/ledx-hofudljos-mamba-x-pand-g4-kit-141wh-5000-lumens-ham-250-klst-102gr-ip65\/#breadcrumb","itemListElement":[{"@type":"ListItem","position":1,"name":"Home","item":"https:\/\/velarogverkfaeri.is\/"},{"@type":"ListItem","position":2,"name":"Vefverslun","item":"https:\/\/velarogverkfaeri.is\/vefverslun\/"},{"@type":"ListItem","position":3,"name":"LEDX H\u00f6fu\u00f0lj\u00f3s Mamba X-pand G4 Kit"}]},{"@type":"WebSite","@id":"https:\/\/velarogverkfaeri.is\/en\/#website","url":"https:\/\/velarogverkfaeri.is\/en\/","name":"V\u00e9lar & Verkf\u00e6ri","description":"Umbo\u00f0s- og heildverslun fr\u00e1 \u00e1rinu 1919","publisher":{"@id":"https:\/\/velarogverkfaeri.is\/en\/#organization"},"potentialAction":[{"@type":"SearchAction","target":{"@type":"EntryPoint","urlTemplate":"https:\/\/velarogverkfaeri.is\/en\/?s={search_term_string}"},"query-input":{"@type":"PropertyValueSpecification","valueRequired":true,"valueName":"search_term_string"}}],"inLanguage":"en-US"},{"@type":"Organization","@id":"https:\/\/velarogverkfaeri.is\/en\/#organization","name":"V\u00e9lar & Verkf\u00e6ri","url":"https:\/\/velarogverkfaeri.is\/en\/","logo":{"@type":"ImageObject","inLanguage":"en-US","@id":"https:\/\/velarogverkfaeri.is\/en\/#\/schema\/logo\/image\/","url":"https:\/\/velarogverkfaeri.is\/wp-content\/uploads\/2021\/10\/vv_logo_350x100.png","contentUrl":"https:\/\/velarogverkfaeri.is\/wp-content\/uploads\/2021\/10\/vv_logo_350x100.png","width":350,"height":100,"caption":"V\u00e9lar & Verkf\u00e6ri"},"image":{"@id":"https:\/\/velarogverkfaeri.is\/en\/#\/schema\/logo\/image\/"},"sameAs":["https:\/\/www.facebook.com\/VelarOgVerkfaeri"]}]}},"_links":{"self":[{"href":"https:\/\/velarogverkfaeri.is\/en\/wp-json\/wp\/v2\/product\/57337","targetHints":{"allow":["GET"]}}],"collection":[{"href":"https:\/\/velarogverkfaeri.is\/en\/wp-json\/wp\/v2\/product"}],"about":[{"href":"https:\/\/velarogverkfaeri.is\/en\/wp-json\/wp\/v2\/types\/product"}],"replies":[{"embeddable":true,"href":"https:\/\/velarogverkfaeri.is\/en\/wp-json\/wp\/v2\/comments?post=57337"}],"wp:featuredmedia":[{"embeddable":true,"href":"https:\/\/velarogverkfaeri.is\/en\/wp-json\/wp\/v2\/media\/58654"}],"wp:attachment":[{"href":"https:\/\/velarogverkfaeri.is\/en\/wp-json\/wp\/v2\/media?parent=57337"}],"wp:term":[{"taxonomy":"product_brand","embeddable":true,"href":"https:\/\/velarogverkfaeri.is\/en\/wp-json\/wp\/v2\/product_brand?post=57337"},{"taxonomy":"product_cat","embeddable":true,"href":"https:\/\/velarogverkfaeri.is\/en\/wp-json\/wp\/v2\/product_cat?post=57337"},{"taxonomy":"product_tag","embeddable":true,"href":"https:\/\/velarogverkfaeri.is\/en\/wp-json\/wp\/v2\/product_tag?post=57337"}],"curies":[{"name":"wp","href":"https:\/\/api.w.org\/{rel}","templated":true}]}}