{"id":56912,"date":"2023-04-28T17:48:51","date_gmt":"2023-04-28T17:48:51","guid":{"rendered":"https:\/\/velarogverkfaeri.is\/uncategorized\/product\/gsv-schwepper-thrystilas-7740-push-lock\/"},"modified":"2025-10-07T16:46:26","modified_gmt":"2025-10-07T16:46:26","slug":"gsv-schwepper-thrystilas-7740-push-lock","status":"publish","type":"product","link":"https:\/\/velarogverkfaeri.is\/en\/lykillausnir\/heimilid-lykillausnir\/skapalaesingar-heimilid-lykillausnir\/product\/gsv-schwepper-thrystilas-7740-push-lock\/","title":{"rendered":"GSV SCHWEPPER \u00der\u00fdstil\u00e1s 7740 Push Lock"},"content":{"rendered":"","protected":false},"excerpt":{"rendered":"","protected":false},"featured_media":56911,"comment_status":"closed","ping_status":"closed","template":"","meta":[],"product_brand":[],"product_cat":[895,517,897],"product_tag":[],"class_list":{"0":"post-56912","1":"product","2":"type-product","3":"status-publish","4":"has-post-thumbnail","6":"product_cat-heimilid-lykillausnir","7":"product_cat-lykillausnir","8":"product_cat-skapalaesingar-heimilid-lykillausnir","10":"first","11":"instock","12":"taxable","13":"shipping-taxable","14":"purchasable","15":"product-type-simple"},"yoast_head":"<!-- This site is optimized with the Yoast SEO plugin v27.3 - https:\/\/yoast.com\/product\/yoast-seo-wordpress\/ -->\n<title>GSV SCHWEPPER \u00der\u00fdstil\u00e1s 7740 Push Lock - V\u00e9lar &amp; Verkf\u00e6ri<\/title>\n<meta name=\"robots\" content=\"index, follow, max-snippet:-1, max-image-preview:large, max-video-preview:-1\" \/>\n<link rel=\"canonical\" href=\"https:\/\/velarogverkfaeri.is\/en\/lykillausnir\/heimilid-lykillausnir\/skapalaesingar-heimilid-lykillausnir\/product\/gsv-schwepper-thrystilas-7740-push-lock\/\" \/>\n<meta property=\"og:locale\" content=\"en_US\" \/>\n<meta property=\"og:type\" content=\"article\" \/>\n<meta property=\"og:title\" content=\"GSV SCHWEPPER \u00der\u00fdstil\u00e1s 7740 Push Lock - V\u00e9lar &amp; Verkf\u00e6ri\" \/>\n<meta property=\"og:url\" content=\"https:\/\/velarogverkfaeri.is\/en\/lykillausnir\/heimilid-lykillausnir\/skapalaesingar-heimilid-lykillausnir\/product\/gsv-schwepper-thrystilas-7740-push-lock\/\" \/>\n<meta property=\"og:site_name\" content=\"V\u00e9lar &amp; Verkf\u00e6ri\" \/>\n<meta property=\"article:publisher\" content=\"https:\/\/www.facebook.com\/VelarOgVerkfaeri\" \/>\n<meta property=\"article:modified_time\" content=\"2025-10-07T16:46:26+00:00\" \/>\n<meta property=\"og:image\" content=\"https:\/\/velarogverkfaeri.is\/wp-content\/uploads\/2024\/01\/24d42ba4-546b-4f0e-bd7b-7a0c9c27c8e1.jpg\" \/>\n\t<meta property=\"og:image:width\" content=\"755\" \/>\n\t<meta property=\"og:image:height\" content=\"1035\" \/>\n\t<meta property=\"og:image:type\" content=\"image\/jpeg\" \/>\n<meta name=\"twitter:card\" content=\"summary_large_image\" \/>\n<script type=\"application\/ld+json\" class=\"yoast-schema-graph\">{\"@context\":\"https:\\\/\\\/schema.org\",\"@graph\":[{\"@type\":\"WebPage\",\"@id\":\"https:\\\/\\\/velarogverkfaeri.is\\\/lykillausnir\\\/heimilid-lykillausnir\\\/skapalaesingar-heimilid-lykillausnir\\\/product\\\/gsv-schwepper-thrystilas-7740-push-lock\\\/\",\"url\":\"https:\\\/\\\/velarogverkfaeri.is\\\/lykillausnir\\\/heimilid-lykillausnir\\\/skapalaesingar-heimilid-lykillausnir\\\/product\\\/gsv-schwepper-thrystilas-7740-push-lock\\\/\",\"name\":\"GSV SCHWEPPER \u00der\u00fdstil\u00e1s 7740 Push Lock - V\u00e9lar &amp; Verkf\u00e6ri\",\"isPartOf\":{\"@id\":\"https:\\\/\\\/velarogverkfaeri.is\\\/en\\\/#website\"},\"primaryImageOfPage\":{\"@id\":\"https:\\\/\\\/velarogverkfaeri.is\\\/lykillausnir\\\/heimilid-lykillausnir\\\/skapalaesingar-heimilid-lykillausnir\\\/product\\\/gsv-schwepper-thrystilas-7740-push-lock\\\/#primaryimage\"},\"image\":{\"@id\":\"https:\\\/\\\/velarogverkfaeri.is\\\/lykillausnir\\\/heimilid-lykillausnir\\\/skapalaesingar-heimilid-lykillausnir\\\/product\\\/gsv-schwepper-thrystilas-7740-push-lock\\\/#primaryimage\"},\"thumbnailUrl\":\"https:\\\/\\\/velarogverkfaeri.is\\\/wp-content\\\/uploads\\\/2024\\\/01\\\/24d42ba4-546b-4f0e-bd7b-7a0c9c27c8e1.jpg\",\"datePublished\":\"2023-04-28T17:48:51+00:00\",\"dateModified\":\"2025-10-07T16:46:26+00:00\",\"breadcrumb\":{\"@id\":\"https:\\\/\\\/velarogverkfaeri.is\\\/lykillausnir\\\/heimilid-lykillausnir\\\/skapalaesingar-heimilid-lykillausnir\\\/product\\\/gsv-schwepper-thrystilas-7740-push-lock\\\/#breadcrumb\"},\"inLanguage\":\"en-US\",\"potentialAction\":[{\"@type\":\"ReadAction\",\"target\":[\"https:\\\/\\\/velarogverkfaeri.is\\\/lykillausnir\\\/heimilid-lykillausnir\\\/skapalaesingar-heimilid-lykillausnir\\\/product\\\/gsv-schwepper-thrystilas-7740-push-lock\\\/\"]}]},{\"@type\":\"ImageObject\",\"inLanguage\":\"en-US\",\"@id\":\"https:\\\/\\\/velarogverkfaeri.is\\\/lykillausnir\\\/heimilid-lykillausnir\\\/skapalaesingar-heimilid-lykillausnir\\\/product\\\/gsv-schwepper-thrystilas-7740-push-lock\\\/#primaryimage\",\"url\":\"https:\\\/\\\/velarogverkfaeri.is\\\/wp-content\\\/uploads\\\/2024\\\/01\\\/24d42ba4-546b-4f0e-bd7b-7a0c9c27c8e1.jpg\",\"contentUrl\":\"https:\\\/\\\/velarogverkfaeri.is\\\/wp-content\\\/uploads\\\/2024\\\/01\\\/24d42ba4-546b-4f0e-bd7b-7a0c9c27c8e1.jpg\",\"width\":755,\"height\":1035},{\"@type\":\"BreadcrumbList\",\"@id\":\"https:\\\/\\\/velarogverkfaeri.is\\\/lykillausnir\\\/heimilid-lykillausnir\\\/skapalaesingar-heimilid-lykillausnir\\\/product\\\/gsv-schwepper-thrystilas-7740-push-lock\\\/#breadcrumb\",\"itemListElement\":[{\"@type\":\"ListItem\",\"position\":1,\"name\":\"Home\",\"item\":\"https:\\\/\\\/velarogverkfaeri.is\\\/\"},{\"@type\":\"ListItem\",\"position\":2,\"name\":\"Vefverslun\",\"item\":\"https:\\\/\\\/velarogverkfaeri.is\\\/vefverslun\\\/\"},{\"@type\":\"ListItem\",\"position\":3,\"name\":\"GSV SCHWEPPER \u00der\u00fdstil\u00e1s 7740 Push Lock\"}]},{\"@type\":\"WebSite\",\"@id\":\"https:\\\/\\\/velarogverkfaeri.is\\\/en\\\/#website\",\"url\":\"https:\\\/\\\/velarogverkfaeri.is\\\/en\\\/\",\"name\":\"V\u00e9lar & Verkf\u00e6ri\",\"description\":\"Umbo\u00f0s- og heildverslun fr\u00e1 \u00e1rinu 1919\",\"publisher\":{\"@id\":\"https:\\\/\\\/velarogverkfaeri.is\\\/en\\\/#organization\"},\"potentialAction\":[{\"@type\":\"SearchAction\",\"target\":{\"@type\":\"EntryPoint\",\"urlTemplate\":\"https:\\\/\\\/velarogverkfaeri.is\\\/en\\\/?s={search_term_string}\"},\"query-input\":{\"@type\":\"PropertyValueSpecification\",\"valueRequired\":true,\"valueName\":\"search_term_string\"}}],\"inLanguage\":\"en-US\"},{\"@type\":\"Organization\",\"@id\":\"https:\\\/\\\/velarogverkfaeri.is\\\/en\\\/#organization\",\"name\":\"V\u00e9lar & Verkf\u00e6ri\",\"url\":\"https:\\\/\\\/velarogverkfaeri.is\\\/en\\\/\",\"logo\":{\"@type\":\"ImageObject\",\"inLanguage\":\"en-US\",\"@id\":\"https:\\\/\\\/velarogverkfaeri.is\\\/en\\\/#\\\/schema\\\/logo\\\/image\\\/\",\"url\":\"https:\\\/\\\/velarogverkfaeri.is\\\/wp-content\\\/uploads\\\/2021\\\/10\\\/vv_logo_350x100.png\",\"contentUrl\":\"https:\\\/\\\/velarogverkfaeri.is\\\/wp-content\\\/uploads\\\/2021\\\/10\\\/vv_logo_350x100.png\",\"width\":350,\"height\":100,\"caption\":\"V\u00e9lar & Verkf\u00e6ri\"},\"image\":{\"@id\":\"https:\\\/\\\/velarogverkfaeri.is\\\/en\\\/#\\\/schema\\\/logo\\\/image\\\/\"},\"sameAs\":[\"https:\\\/\\\/www.facebook.com\\\/VelarOgVerkfaeri\"]}]}<\/script>\n<!-- \/ Yoast SEO plugin. -->","yoast_head_json":{"title":"GSV SCHWEPPER \u00der\u00fdstil\u00e1s 7740 Push Lock - V\u00e9lar &amp; Verkf\u00e6ri","robots":{"index":"index","follow":"follow","max-snippet":"max-snippet:-1","max-image-preview":"max-image-preview:large","max-video-preview":"max-video-preview:-1"},"canonical":"https:\/\/velarogverkfaeri.is\/en\/lykillausnir\/heimilid-lykillausnir\/skapalaesingar-heimilid-lykillausnir\/product\/gsv-schwepper-thrystilas-7740-push-lock\/","og_locale":"en_US","og_type":"article","og_title":"GSV SCHWEPPER \u00der\u00fdstil\u00e1s 7740 Push Lock - V\u00e9lar &amp; Verkf\u00e6ri","og_url":"https:\/\/velarogverkfaeri.is\/en\/lykillausnir\/heimilid-lykillausnir\/skapalaesingar-heimilid-lykillausnir\/product\/gsv-schwepper-thrystilas-7740-push-lock\/","og_site_name":"V\u00e9lar &amp; Verkf\u00e6ri","article_publisher":"https:\/\/www.facebook.com\/VelarOgVerkfaeri","article_modified_time":"2025-10-07T16:46:26+00:00","og_image":[{"width":755,"height":1035,"url":"https:\/\/velarogverkfaeri.is\/wp-content\/uploads\/2024\/01\/24d42ba4-546b-4f0e-bd7b-7a0c9c27c8e1.jpg","type":"image\/jpeg"}],"twitter_card":"summary_large_image","schema":{"@context":"https:\/\/schema.org","@graph":[{"@type":"WebPage","@id":"https:\/\/velarogverkfaeri.is\/lykillausnir\/heimilid-lykillausnir\/skapalaesingar-heimilid-lykillausnir\/product\/gsv-schwepper-thrystilas-7740-push-lock\/","url":"https:\/\/velarogverkfaeri.is\/lykillausnir\/heimilid-lykillausnir\/skapalaesingar-heimilid-lykillausnir\/product\/gsv-schwepper-thrystilas-7740-push-lock\/","name":"GSV SCHWEPPER \u00der\u00fdstil\u00e1s 7740 Push Lock - V\u00e9lar &amp; Verkf\u00e6ri","isPartOf":{"@id":"https:\/\/velarogverkfaeri.is\/en\/#website"},"primaryImageOfPage":{"@id":"https:\/\/velarogverkfaeri.is\/lykillausnir\/heimilid-lykillausnir\/skapalaesingar-heimilid-lykillausnir\/product\/gsv-schwepper-thrystilas-7740-push-lock\/#primaryimage"},"image":{"@id":"https:\/\/velarogverkfaeri.is\/lykillausnir\/heimilid-lykillausnir\/skapalaesingar-heimilid-lykillausnir\/product\/gsv-schwepper-thrystilas-7740-push-lock\/#primaryimage"},"thumbnailUrl":"https:\/\/velarogverkfaeri.is\/wp-content\/uploads\/2024\/01\/24d42ba4-546b-4f0e-bd7b-7a0c9c27c8e1.jpg","datePublished":"2023-04-28T17:48:51+00:00","dateModified":"2025-10-07T16:46:26+00:00","breadcrumb":{"@id":"https:\/\/velarogverkfaeri.is\/lykillausnir\/heimilid-lykillausnir\/skapalaesingar-heimilid-lykillausnir\/product\/gsv-schwepper-thrystilas-7740-push-lock\/#breadcrumb"},"inLanguage":"en-US","potentialAction":[{"@type":"ReadAction","target":["https:\/\/velarogverkfaeri.is\/lykillausnir\/heimilid-lykillausnir\/skapalaesingar-heimilid-lykillausnir\/product\/gsv-schwepper-thrystilas-7740-push-lock\/"]}]},{"@type":"ImageObject","inLanguage":"en-US","@id":"https:\/\/velarogverkfaeri.is\/lykillausnir\/heimilid-lykillausnir\/skapalaesingar-heimilid-lykillausnir\/product\/gsv-schwepper-thrystilas-7740-push-lock\/#primaryimage","url":"https:\/\/velarogverkfaeri.is\/wp-content\/uploads\/2024\/01\/24d42ba4-546b-4f0e-bd7b-7a0c9c27c8e1.jpg","contentUrl":"https:\/\/velarogverkfaeri.is\/wp-content\/uploads\/2024\/01\/24d42ba4-546b-4f0e-bd7b-7a0c9c27c8e1.jpg","width":755,"height":1035},{"@type":"BreadcrumbList","@id":"https:\/\/velarogverkfaeri.is\/lykillausnir\/heimilid-lykillausnir\/skapalaesingar-heimilid-lykillausnir\/product\/gsv-schwepper-thrystilas-7740-push-lock\/#breadcrumb","itemListElement":[{"@type":"ListItem","position":1,"name":"Home","item":"https:\/\/velarogverkfaeri.is\/"},{"@type":"ListItem","position":2,"name":"Vefverslun","item":"https:\/\/velarogverkfaeri.is\/vefverslun\/"},{"@type":"ListItem","position":3,"name":"GSV SCHWEPPER \u00der\u00fdstil\u00e1s 7740 Push Lock"}]},{"@type":"WebSite","@id":"https:\/\/velarogverkfaeri.is\/en\/#website","url":"https:\/\/velarogverkfaeri.is\/en\/","name":"V\u00e9lar & Verkf\u00e6ri","description":"Umbo\u00f0s- og heildverslun fr\u00e1 \u00e1rinu 1919","publisher":{"@id":"https:\/\/velarogverkfaeri.is\/en\/#organization"},"potentialAction":[{"@type":"SearchAction","target":{"@type":"EntryPoint","urlTemplate":"https:\/\/velarogverkfaeri.is\/en\/?s={search_term_string}"},"query-input":{"@type":"PropertyValueSpecification","valueRequired":true,"valueName":"search_term_string"}}],"inLanguage":"en-US"},{"@type":"Organization","@id":"https:\/\/velarogverkfaeri.is\/en\/#organization","name":"V\u00e9lar & Verkf\u00e6ri","url":"https:\/\/velarogverkfaeri.is\/en\/","logo":{"@type":"ImageObject","inLanguage":"en-US","@id":"https:\/\/velarogverkfaeri.is\/en\/#\/schema\/logo\/image\/","url":"https:\/\/velarogverkfaeri.is\/wp-content\/uploads\/2021\/10\/vv_logo_350x100.png","contentUrl":"https:\/\/velarogverkfaeri.is\/wp-content\/uploads\/2021\/10\/vv_logo_350x100.png","width":350,"height":100,"caption":"V\u00e9lar & Verkf\u00e6ri"},"image":{"@id":"https:\/\/velarogverkfaeri.is\/en\/#\/schema\/logo\/image\/"},"sameAs":["https:\/\/www.facebook.com\/VelarOgVerkfaeri"]}]}},"_links":{"self":[{"href":"https:\/\/velarogverkfaeri.is\/en\/wp-json\/wp\/v2\/product\/56912","targetHints":{"allow":["GET"]}}],"collection":[{"href":"https:\/\/velarogverkfaeri.is\/en\/wp-json\/wp\/v2\/product"}],"about":[{"href":"https:\/\/velarogverkfaeri.is\/en\/wp-json\/wp\/v2\/types\/product"}],"replies":[{"embeddable":true,"href":"https:\/\/velarogverkfaeri.is\/en\/wp-json\/wp\/v2\/comments?post=56912"}],"wp:featuredmedia":[{"embeddable":true,"href":"https:\/\/velarogverkfaeri.is\/en\/wp-json\/wp\/v2\/media\/56911"}],"wp:attachment":[{"href":"https:\/\/velarogverkfaeri.is\/en\/wp-json\/wp\/v2\/media?parent=56912"}],"wp:term":[{"taxonomy":"product_brand","embeddable":true,"href":"https:\/\/velarogverkfaeri.is\/en\/wp-json\/wp\/v2\/product_brand?post=56912"},{"taxonomy":"product_cat","embeddable":true,"href":"https:\/\/velarogverkfaeri.is\/en\/wp-json\/wp\/v2\/product_cat?post=56912"},{"taxonomy":"product_tag","embeddable":true,"href":"https:\/\/velarogverkfaeri.is\/en\/wp-json\/wp\/v2\/product_tag?post=56912"}],"curies":[{"name":"wp","href":"https:\/\/api.w.org\/{rel}","templated":true}]}}