{"id":56739,"date":"2023-04-28T17:50:47","date_gmt":"2023-04-28T17:50:47","guid":{"rendered":"https:\/\/velarogverkfaeri.is\/uncategorized\/product\/d-line-qtoo-blondunartaeki-innbyggt-svart\/"},"modified":"2026-01-12T14:15:50","modified_gmt":"2026-01-12T14:15:50","slug":"d-line-qtoo-blondunartaeki-innbyggt-svart","status":"publish","type":"product","link":"https:\/\/velarogverkfaeri.is\/en\/lykillausnir\/badherbergi-lykillausnir\/hreinlaetistaeki-badherbergi-lykillausnir\/product\/d-line-qtoo-blondunartaeki-innbyggt-svart\/","title":{"rendered":"D LINE Qtoo Innbyggt bl\u00f6ndunart\u00e6ki"},"content":{"rendered":"<p>Fyrir Qtoo bor\u00f0pl\u00f6tuv\u00f6rur eru kranar og kranast\u00fatar sam\u00fe\u00e6ttir \u00ed eitt snyrtilegt, heilt stykki. Eins gata ger\u00f0ir koma \u00ed st\u00f6\u00f0lu\u00f0um og h\u00e6rri st\u00e6r\u00f0um fyrir ba\u00f0herbergi, \u00fear sem eldh\u00fas\u00fatg\u00e1fan er me\u00f0 l\u00e1r\u00e9ttri framlengingu \u00e1 st\u00fatnum. Qtoo eldh\u00faskraninn, en st\u00faturinn er sta\u00f0settur n\u00e1l\u00e6gt botni hans, er me\u00f0 klass\u00edskum, me\u00f0f\u00e6rilegum yfirvaskandi st\u00fat sem sameinar ferningasni\u00f0 me\u00f0 bognum br\u00fanum.<\/p>\n<p>L\u00ednur hvers Qtoo krana eru fullkomlega r\u00famfr\u00e6\u00f0ilega \u00ed jafnv\u00e6gi; \u00edgrunda\u00f0 hvert sm\u00e1atri\u00f0i \u2013 fr\u00e1 sj\u00e1lfb\u00e6rum efnisleika \u00feeirra til mj\u00faklega bogadregna st\u00fata. \u00cd takt vi\u00f0 restina af Qtoo safninu eru mismunandi \u00fatlit og virkni kranna algj\u00f6rlega samheldin.<\/p>\n<p>Innbygg\u00f0 d\u00fdpt 69mm<\/p>\n<p>250mm v\u00f6rpun<\/p>\n<p>Fastur st\u00fatur<\/p>\n<p>\u00deverm\u00e1l st\u00fats 22mm<\/p>\n<p>Innbygg\u00f0ur loftari<\/p>\n<p>R\u00f3sa\u00feverm\u00e1l 80mm<\/p>\n<p>Vatnsrennsli takmarka\u00f0 vi\u00f0 max. 1,3 gpm_5,0 ltr.<\/p>\n<p>Fr\u00edtt fl\u00e6\u00f0isloftara til vara fylgir<\/p>\n<p>Samh\u00e6ft vi\u00f0 bl\u00fdlaust<\/p>\n<p><\/p>","protected":false},"excerpt":{"rendered":"<p>Tegund:&nbsp;QT3100-250SMP4<\/p>\n<p>ATH a\u00f0eins 1 stk til \u00e1 lager<\/p>","protected":false},"featured_media":56738,"comment_status":"closed","ping_status":"closed","template":"","meta":[],"product_brand":[],"product_cat":[542,580,518,550,616,517],"product_tag":[848,846],"class_list":{"0":"post-56739","1":"product","2":"type-product","3":"status-publish","4":"has-post-thumbnail","6":"product_cat-badherbergi","7":"product_cat-badherbergi-lykillausnir","8":"product_cat-honnunarlausnir","9":"product_cat-hreinlaetistaeki-badherbergi","10":"product_cat-hreinlaetistaeki-badherbergi-lykillausnir","11":"product_cat-lykillausnir","12":"product_tag-dline","13":"product_tag-qtoo","15":"first","16":"instock","17":"taxable","18":"shipping-taxable","19":"purchasable","20":"product-type-simple"},"yoast_head":"<!-- This site is optimized with the Yoast SEO plugin v27.3 - https:\/\/yoast.com\/product\/yoast-seo-wordpress\/ -->\n<title>D LINE Qtoo Innbyggt bl\u00f6ndunart\u00e6ki - V\u00e9lar &amp; Verkf\u00e6ri<\/title>\n<meta name=\"robots\" content=\"index, follow, max-snippet:-1, max-image-preview:large, max-video-preview:-1\" \/>\n<link rel=\"canonical\" href=\"https:\/\/velarogverkfaeri.is\/en\/lykillausnir\/badherbergi-lykillausnir\/hreinlaetistaeki-badherbergi-lykillausnir\/product\/d-line-qtoo-blondunartaeki-innbyggt-svart\/\" \/>\n<meta property=\"og:locale\" content=\"en_US\" \/>\n<meta property=\"og:type\" content=\"article\" \/>\n<meta property=\"og:title\" content=\"D LINE Qtoo Innbyggt bl\u00f6ndunart\u00e6ki - V\u00e9lar &amp; Verkf\u00e6ri\" \/>\n<meta property=\"og:description\" content=\"Tegund:&nbsp;QT3100-250SMP4ATH a\u00f0eins 1 stk til \u00e1 lager\" \/>\n<meta property=\"og:url\" content=\"https:\/\/velarogverkfaeri.is\/en\/lykillausnir\/badherbergi-lykillausnir\/hreinlaetistaeki-badherbergi-lykillausnir\/product\/d-line-qtoo-blondunartaeki-innbyggt-svart\/\" \/>\n<meta property=\"og:site_name\" content=\"V\u00e9lar &amp; Verkf\u00e6ri\" \/>\n<meta property=\"article:publisher\" content=\"https:\/\/www.facebook.com\/VelarOgVerkfaeri\" \/>\n<meta property=\"article:modified_time\" content=\"2026-01-12T14:15:50+00:00\" \/>\n<meta property=\"og:image\" content=\"https:\/\/velarogverkfaeri.is\/wp-content\/uploads\/2024\/01\/77f69b4f-c542-4eb9-ba88-32bb9c5d2de9.jpeg\" \/>\n\t<meta property=\"og:image:width\" content=\"1240\" \/>\n\t<meta property=\"og:image:height\" content=\"1240\" \/>\n\t<meta property=\"og:image:type\" content=\"image\/jpeg\" \/>\n<meta name=\"twitter:card\" content=\"summary_large_image\" \/>\n<meta name=\"twitter:label1\" content=\"Est. reading time\" \/>\n\t<meta name=\"twitter:data1\" content=\"1 minute\" \/>\n<script type=\"application\/ld+json\" class=\"yoast-schema-graph\">{\"@context\":\"https:\\\/\\\/schema.org\",\"@graph\":[{\"@type\":\"WebPage\",\"@id\":\"https:\\\/\\\/velarogverkfaeri.is\\\/lykillausnir\\\/badherbergi-lykillausnir\\\/hreinlaetistaeki-badherbergi-lykillausnir\\\/product\\\/d-line-qtoo-blondunartaeki-innbyggt-svart\\\/\",\"url\":\"https:\\\/\\\/velarogverkfaeri.is\\\/lykillausnir\\\/badherbergi-lykillausnir\\\/hreinlaetistaeki-badherbergi-lykillausnir\\\/product\\\/d-line-qtoo-blondunartaeki-innbyggt-svart\\\/\",\"name\":\"D LINE Qtoo Innbyggt bl\u00f6ndunart\u00e6ki - V\u00e9lar &amp; Verkf\u00e6ri\",\"isPartOf\":{\"@id\":\"https:\\\/\\\/velarogverkfaeri.is\\\/en\\\/#website\"},\"primaryImageOfPage\":{\"@id\":\"https:\\\/\\\/velarogverkfaeri.is\\\/lykillausnir\\\/badherbergi-lykillausnir\\\/hreinlaetistaeki-badherbergi-lykillausnir\\\/product\\\/d-line-qtoo-blondunartaeki-innbyggt-svart\\\/#primaryimage\"},\"image\":{\"@id\":\"https:\\\/\\\/velarogverkfaeri.is\\\/lykillausnir\\\/badherbergi-lykillausnir\\\/hreinlaetistaeki-badherbergi-lykillausnir\\\/product\\\/d-line-qtoo-blondunartaeki-innbyggt-svart\\\/#primaryimage\"},\"thumbnailUrl\":\"https:\\\/\\\/velarogverkfaeri.is\\\/wp-content\\\/uploads\\\/2024\\\/01\\\/77f69b4f-c542-4eb9-ba88-32bb9c5d2de9.jpeg\",\"datePublished\":\"2023-04-28T17:50:47+00:00\",\"dateModified\":\"2026-01-12T14:15:50+00:00\",\"breadcrumb\":{\"@id\":\"https:\\\/\\\/velarogverkfaeri.is\\\/lykillausnir\\\/badherbergi-lykillausnir\\\/hreinlaetistaeki-badherbergi-lykillausnir\\\/product\\\/d-line-qtoo-blondunartaeki-innbyggt-svart\\\/#breadcrumb\"},\"inLanguage\":\"en-US\",\"potentialAction\":[{\"@type\":\"ReadAction\",\"target\":[\"https:\\\/\\\/velarogverkfaeri.is\\\/lykillausnir\\\/badherbergi-lykillausnir\\\/hreinlaetistaeki-badherbergi-lykillausnir\\\/product\\\/d-line-qtoo-blondunartaeki-innbyggt-svart\\\/\"]}]},{\"@type\":\"ImageObject\",\"inLanguage\":\"en-US\",\"@id\":\"https:\\\/\\\/velarogverkfaeri.is\\\/lykillausnir\\\/badherbergi-lykillausnir\\\/hreinlaetistaeki-badherbergi-lykillausnir\\\/product\\\/d-line-qtoo-blondunartaeki-innbyggt-svart\\\/#primaryimage\",\"url\":\"https:\\\/\\\/velarogverkfaeri.is\\\/wp-content\\\/uploads\\\/2024\\\/01\\\/77f69b4f-c542-4eb9-ba88-32bb9c5d2de9.jpeg\",\"contentUrl\":\"https:\\\/\\\/velarogverkfaeri.is\\\/wp-content\\\/uploads\\\/2024\\\/01\\\/77f69b4f-c542-4eb9-ba88-32bb9c5d2de9.jpeg\",\"width\":1240,\"height\":1240},{\"@type\":\"BreadcrumbList\",\"@id\":\"https:\\\/\\\/velarogverkfaeri.is\\\/lykillausnir\\\/badherbergi-lykillausnir\\\/hreinlaetistaeki-badherbergi-lykillausnir\\\/product\\\/d-line-qtoo-blondunartaeki-innbyggt-svart\\\/#breadcrumb\",\"itemListElement\":[{\"@type\":\"ListItem\",\"position\":1,\"name\":\"Home\",\"item\":\"https:\\\/\\\/velarogverkfaeri.is\\\/\"},{\"@type\":\"ListItem\",\"position\":2,\"name\":\"Vefverslun\",\"item\":\"https:\\\/\\\/velarogverkfaeri.is\\\/vefverslun\\\/\"},{\"@type\":\"ListItem\",\"position\":3,\"name\":\"D LINE Qtoo Innbyggt bl\u00f6ndunart\u00e6ki\"}]},{\"@type\":\"WebSite\",\"@id\":\"https:\\\/\\\/velarogverkfaeri.is\\\/en\\\/#website\",\"url\":\"https:\\\/\\\/velarogverkfaeri.is\\\/en\\\/\",\"name\":\"V\u00e9lar & Verkf\u00e6ri\",\"description\":\"Umbo\u00f0s- og heildverslun fr\u00e1 \u00e1rinu 1919\",\"publisher\":{\"@id\":\"https:\\\/\\\/velarogverkfaeri.is\\\/en\\\/#organization\"},\"potentialAction\":[{\"@type\":\"SearchAction\",\"target\":{\"@type\":\"EntryPoint\",\"urlTemplate\":\"https:\\\/\\\/velarogverkfaeri.is\\\/en\\\/?s={search_term_string}\"},\"query-input\":{\"@type\":\"PropertyValueSpecification\",\"valueRequired\":true,\"valueName\":\"search_term_string\"}}],\"inLanguage\":\"en-US\"},{\"@type\":\"Organization\",\"@id\":\"https:\\\/\\\/velarogverkfaeri.is\\\/en\\\/#organization\",\"name\":\"V\u00e9lar & Verkf\u00e6ri\",\"url\":\"https:\\\/\\\/velarogverkfaeri.is\\\/en\\\/\",\"logo\":{\"@type\":\"ImageObject\",\"inLanguage\":\"en-US\",\"@id\":\"https:\\\/\\\/velarogverkfaeri.is\\\/en\\\/#\\\/schema\\\/logo\\\/image\\\/\",\"url\":\"https:\\\/\\\/velarogverkfaeri.is\\\/wp-content\\\/uploads\\\/2021\\\/10\\\/vv_logo_350x100.png\",\"contentUrl\":\"https:\\\/\\\/velarogverkfaeri.is\\\/wp-content\\\/uploads\\\/2021\\\/10\\\/vv_logo_350x100.png\",\"width\":350,\"height\":100,\"caption\":\"V\u00e9lar & Verkf\u00e6ri\"},\"image\":{\"@id\":\"https:\\\/\\\/velarogverkfaeri.is\\\/en\\\/#\\\/schema\\\/logo\\\/image\\\/\"},\"sameAs\":[\"https:\\\/\\\/www.facebook.com\\\/VelarOgVerkfaeri\"]}]}<\/script>\n<!-- \/ Yoast SEO plugin. -->","yoast_head_json":{"title":"D LINE Qtoo Innbyggt bl\u00f6ndunart\u00e6ki - V\u00e9lar &amp; Verkf\u00e6ri","robots":{"index":"index","follow":"follow","max-snippet":"max-snippet:-1","max-image-preview":"max-image-preview:large","max-video-preview":"max-video-preview:-1"},"canonical":"https:\/\/velarogverkfaeri.is\/en\/lykillausnir\/badherbergi-lykillausnir\/hreinlaetistaeki-badherbergi-lykillausnir\/product\/d-line-qtoo-blondunartaeki-innbyggt-svart\/","og_locale":"en_US","og_type":"article","og_title":"D LINE Qtoo Innbyggt bl\u00f6ndunart\u00e6ki - V\u00e9lar &amp; Verkf\u00e6ri","og_description":"Tegund:&nbsp;QT3100-250SMP4ATH a\u00f0eins 1 stk til \u00e1 lager","og_url":"https:\/\/velarogverkfaeri.is\/en\/lykillausnir\/badherbergi-lykillausnir\/hreinlaetistaeki-badherbergi-lykillausnir\/product\/d-line-qtoo-blondunartaeki-innbyggt-svart\/","og_site_name":"V\u00e9lar &amp; Verkf\u00e6ri","article_publisher":"https:\/\/www.facebook.com\/VelarOgVerkfaeri","article_modified_time":"2026-01-12T14:15:50+00:00","og_image":[{"width":1240,"height":1240,"url":"https:\/\/velarogverkfaeri.is\/wp-content\/uploads\/2024\/01\/77f69b4f-c542-4eb9-ba88-32bb9c5d2de9.jpeg","type":"image\/jpeg"}],"twitter_card":"summary_large_image","twitter_misc":{"Est. reading time":"1 minute"},"schema":{"@context":"https:\/\/schema.org","@graph":[{"@type":"WebPage","@id":"https:\/\/velarogverkfaeri.is\/lykillausnir\/badherbergi-lykillausnir\/hreinlaetistaeki-badherbergi-lykillausnir\/product\/d-line-qtoo-blondunartaeki-innbyggt-svart\/","url":"https:\/\/velarogverkfaeri.is\/lykillausnir\/badherbergi-lykillausnir\/hreinlaetistaeki-badherbergi-lykillausnir\/product\/d-line-qtoo-blondunartaeki-innbyggt-svart\/","name":"D LINE Qtoo Innbyggt bl\u00f6ndunart\u00e6ki - V\u00e9lar &amp; Verkf\u00e6ri","isPartOf":{"@id":"https:\/\/velarogverkfaeri.is\/en\/#website"},"primaryImageOfPage":{"@id":"https:\/\/velarogverkfaeri.is\/lykillausnir\/badherbergi-lykillausnir\/hreinlaetistaeki-badherbergi-lykillausnir\/product\/d-line-qtoo-blondunartaeki-innbyggt-svart\/#primaryimage"},"image":{"@id":"https:\/\/velarogverkfaeri.is\/lykillausnir\/badherbergi-lykillausnir\/hreinlaetistaeki-badherbergi-lykillausnir\/product\/d-line-qtoo-blondunartaeki-innbyggt-svart\/#primaryimage"},"thumbnailUrl":"https:\/\/velarogverkfaeri.is\/wp-content\/uploads\/2024\/01\/77f69b4f-c542-4eb9-ba88-32bb9c5d2de9.jpeg","datePublished":"2023-04-28T17:50:47+00:00","dateModified":"2026-01-12T14:15:50+00:00","breadcrumb":{"@id":"https:\/\/velarogverkfaeri.is\/lykillausnir\/badherbergi-lykillausnir\/hreinlaetistaeki-badherbergi-lykillausnir\/product\/d-line-qtoo-blondunartaeki-innbyggt-svart\/#breadcrumb"},"inLanguage":"en-US","potentialAction":[{"@type":"ReadAction","target":["https:\/\/velarogverkfaeri.is\/lykillausnir\/badherbergi-lykillausnir\/hreinlaetistaeki-badherbergi-lykillausnir\/product\/d-line-qtoo-blondunartaeki-innbyggt-svart\/"]}]},{"@type":"ImageObject","inLanguage":"en-US","@id":"https:\/\/velarogverkfaeri.is\/lykillausnir\/badherbergi-lykillausnir\/hreinlaetistaeki-badherbergi-lykillausnir\/product\/d-line-qtoo-blondunartaeki-innbyggt-svart\/#primaryimage","url":"https:\/\/velarogverkfaeri.is\/wp-content\/uploads\/2024\/01\/77f69b4f-c542-4eb9-ba88-32bb9c5d2de9.jpeg","contentUrl":"https:\/\/velarogverkfaeri.is\/wp-content\/uploads\/2024\/01\/77f69b4f-c542-4eb9-ba88-32bb9c5d2de9.jpeg","width":1240,"height":1240},{"@type":"BreadcrumbList","@id":"https:\/\/velarogverkfaeri.is\/lykillausnir\/badherbergi-lykillausnir\/hreinlaetistaeki-badherbergi-lykillausnir\/product\/d-line-qtoo-blondunartaeki-innbyggt-svart\/#breadcrumb","itemListElement":[{"@type":"ListItem","position":1,"name":"Home","item":"https:\/\/velarogverkfaeri.is\/"},{"@type":"ListItem","position":2,"name":"Vefverslun","item":"https:\/\/velarogverkfaeri.is\/vefverslun\/"},{"@type":"ListItem","position":3,"name":"D LINE Qtoo Innbyggt bl\u00f6ndunart\u00e6ki"}]},{"@type":"WebSite","@id":"https:\/\/velarogverkfaeri.is\/en\/#website","url":"https:\/\/velarogverkfaeri.is\/en\/","name":"V\u00e9lar & Verkf\u00e6ri","description":"Umbo\u00f0s- og heildverslun fr\u00e1 \u00e1rinu 1919","publisher":{"@id":"https:\/\/velarogverkfaeri.is\/en\/#organization"},"potentialAction":[{"@type":"SearchAction","target":{"@type":"EntryPoint","urlTemplate":"https:\/\/velarogverkfaeri.is\/en\/?s={search_term_string}"},"query-input":{"@type":"PropertyValueSpecification","valueRequired":true,"valueName":"search_term_string"}}],"inLanguage":"en-US"},{"@type":"Organization","@id":"https:\/\/velarogverkfaeri.is\/en\/#organization","name":"V\u00e9lar & Verkf\u00e6ri","url":"https:\/\/velarogverkfaeri.is\/en\/","logo":{"@type":"ImageObject","inLanguage":"en-US","@id":"https:\/\/velarogverkfaeri.is\/en\/#\/schema\/logo\/image\/","url":"https:\/\/velarogverkfaeri.is\/wp-content\/uploads\/2021\/10\/vv_logo_350x100.png","contentUrl":"https:\/\/velarogverkfaeri.is\/wp-content\/uploads\/2021\/10\/vv_logo_350x100.png","width":350,"height":100,"caption":"V\u00e9lar & Verkf\u00e6ri"},"image":{"@id":"https:\/\/velarogverkfaeri.is\/en\/#\/schema\/logo\/image\/"},"sameAs":["https:\/\/www.facebook.com\/VelarOgVerkfaeri"]}]}},"_links":{"self":[{"href":"https:\/\/velarogverkfaeri.is\/en\/wp-json\/wp\/v2\/product\/56739","targetHints":{"allow":["GET"]}}],"collection":[{"href":"https:\/\/velarogverkfaeri.is\/en\/wp-json\/wp\/v2\/product"}],"about":[{"href":"https:\/\/velarogverkfaeri.is\/en\/wp-json\/wp\/v2\/types\/product"}],"replies":[{"embeddable":true,"href":"https:\/\/velarogverkfaeri.is\/en\/wp-json\/wp\/v2\/comments?post=56739"}],"wp:featuredmedia":[{"embeddable":true,"href":"https:\/\/velarogverkfaeri.is\/en\/wp-json\/wp\/v2\/media\/56738"}],"wp:attachment":[{"href":"https:\/\/velarogverkfaeri.is\/en\/wp-json\/wp\/v2\/media?parent=56739"}],"wp:term":[{"taxonomy":"product_brand","embeddable":true,"href":"https:\/\/velarogverkfaeri.is\/en\/wp-json\/wp\/v2\/product_brand?post=56739"},{"taxonomy":"product_cat","embeddable":true,"href":"https:\/\/velarogverkfaeri.is\/en\/wp-json\/wp\/v2\/product_cat?post=56739"},{"taxonomy":"product_tag","embeddable":true,"href":"https:\/\/velarogverkfaeri.is\/en\/wp-json\/wp\/v2\/product_tag?post=56739"}],"curies":[{"name":"wp","href":"https:\/\/api.w.org\/{rel}","templated":true}]}}