{"id":56735,"date":"2023-04-28T17:51:54","date_gmt":"2023-04-28T17:51:54","guid":{"rendered":"https:\/\/velarogverkfaeri.is\/?post_type=product&#038;p=56735"},"modified":"2025-06-08T17:31:04","modified_gmt":"2025-06-08T17:31:04","slug":"d-line-handlaugartaeki-snertifr-mattsvart","status":"publish","type":"product","link":"https:\/\/velarogverkfaeri.is\/en\/lykillausnir\/badherbergi-lykillausnir\/hreinlaetistaeki-badherbergi-lykillausnir\/product\/d-line-handlaugartaeki-snertifr-mattsvart\/","title":{"rendered":"D LINE Qtoo Ba\u00f0herbergisbl\u00f6ndunart\u00e6ki"},"content":{"rendered":"<p><a href=\"https:\/\/velarogverkfaeri.is\/en\/lykillausnir\/badherbergi-lykillausnir\/hreinlaetistaeki-badherbergi-lykillausnir\/product\/d-line-premix-flexbox-fyrir-sensortap-qsf01-9-2023-qtoo\/\" target=\"_blank\">Flexbox sem \u00fearf a\u00f0 kaupa me\u00f0.<\/a><\/p>\n<p>Snertifr\u00ed bl\u00f6ndunart\u00e6ki<\/p>\n<p>Me\u00f0 endingu rafhl\u00f6\u00f0unnar upp \u00e1 4,6 \u2013 8,4 \u00e1r&nbsp;<\/p>\n<p>\u00dar ry\u00f0fr\u00edu st\u00e1li <\/p>\n<p>Skynjakranar eru ennfremur mj\u00f6g sj\u00e1lfb\u00e6r vatnssparna\u00f0ur, sem gefur eiganda h\u00fassins betri stj\u00f3rn \u00e1 vatnsnotkuninni, sem lei\u00f0 til a\u00f0 var\u00f0veita og geyma vatn.<\/p>\n<p>Eins og \u00e1 vi\u00f0 um alla hluti \u00ed Knud Holscher og Qtoo s\u00f6fnunum, \u00fe\u00e1 eru skynjarakranar okkar f\u00e1anlegar \u00ed gl\u00e6silegum PVD m\u00e1lm\u00e1fer\u00f0.&nbsp;<\/p>\n<p>Skynjaraeiginleikar:<\/p>\n<p>Notkunarfjarl\u00e6g\u00f0 skynjara: 50 mm til 250 mm<\/p>\n<p>\u00de\u00e6gindat\u00edmi: 2 sek\u00fandur (+\/- 20%)<\/p>\n<p>\u00d6ryggist\u00edmi: 30 sek\u00fandur (+\/- 20%)<\/p>\n<p>Rennslishra\u00f0i 5 l\/m\u00edn<\/p>\n<p>Ending rafhl\u00f6\u00f0u (6 AA): 20 daglegar virkjanir = 8,4 \u00e1r, 150 daglegar virkjanir = 4,6 \u00e1r<\/p>\n<p>L\u00edtil rafhla\u00f0a: 1 blikk \u00e1 5 sek\u00fandna fresti (10 dagar)<\/p>\n<p>T\u00f3m rafhla\u00f0a: 1 blikk \u00e1 5 sek\u00fandna fresti (\u00fear til alveg t\u00f3m &#8211; og \u00fe\u00e1 ekkert vatn)<\/p>\n<p>Hreinsunarhamur 60 sek.<\/p>\n<p>Hreinl\u00e6tisskolun \u00f3virk<\/p>","protected":false},"excerpt":{"rendered":"<p>Einnig \u00fearf a\u00f0 kaupa v\u00f6run\u00famer 1051314 me\u00f0 \u00feessu handlaugart\u00e6ki.<\/p>\n<p>Tegund:&nbsp;QST1150MP4<\/p>\n<p>ATH a\u00f0eins 1 stk til \u00e1 lager<\/p>","protected":false},"featured_media":57375,"comment_status":"closed","ping_status":"closed","template":"","meta":[],"product_brand":[],"product_cat":[542,580,518,550,616,517],"product_tag":[848,846],"class_list":{"0":"post-56735","1":"product","2":"type-product","3":"status-publish","4":"has-post-thumbnail","6":"product_cat-badherbergi","7":"product_cat-badherbergi-lykillausnir","8":"product_cat-honnunarlausnir","9":"product_cat-hreinlaetistaeki-badherbergi","10":"product_cat-hreinlaetistaeki-badherbergi-lykillausnir","11":"product_cat-lykillausnir","12":"product_tag-dline","13":"product_tag-qtoo","15":"first","16":"instock","17":"taxable","18":"shipping-taxable","19":"purchasable","20":"product-type-simple"},"yoast_head":"<!-- This site is optimized with the Yoast SEO plugin v27.3 - https:\/\/yoast.com\/product\/yoast-seo-wordpress\/ -->\n<title>D LINE Qtoo Ba\u00f0herbergisbl\u00f6ndunart\u00e6ki - V\u00e9lar &amp; Verkf\u00e6ri<\/title>\n<meta name=\"robots\" content=\"index, follow, max-snippet:-1, max-image-preview:large, max-video-preview:-1\" \/>\n<link rel=\"canonical\" href=\"https:\/\/velarogverkfaeri.is\/en\/lykillausnir\/badherbergi-lykillausnir\/hreinlaetistaeki-badherbergi-lykillausnir\/product\/d-line-handlaugartaeki-snertifr-mattsvart\/\" \/>\n<meta property=\"og:locale\" content=\"en_US\" \/>\n<meta property=\"og:type\" content=\"article\" \/>\n<meta property=\"og:title\" content=\"D LINE Qtoo Ba\u00f0herbergisbl\u00f6ndunart\u00e6ki - V\u00e9lar &amp; Verkf\u00e6ri\" \/>\n<meta property=\"og:description\" content=\"Einnig \u00fearf a\u00f0 kaupa v\u00f6run\u00famer 1051314 me\u00f0 \u00feessu handlaugart\u00e6ki.Tegund:&nbsp;QST1150MP4ATH a\u00f0eins 1 stk til \u00e1 lager\" \/>\n<meta property=\"og:url\" content=\"https:\/\/velarogverkfaeri.is\/en\/lykillausnir\/badherbergi-lykillausnir\/hreinlaetistaeki-badherbergi-lykillausnir\/product\/d-line-handlaugartaeki-snertifr-mattsvart\/\" \/>\n<meta property=\"og:site_name\" content=\"V\u00e9lar &amp; Verkf\u00e6ri\" \/>\n<meta property=\"article:publisher\" content=\"https:\/\/www.facebook.com\/VelarOgVerkfaeri\" \/>\n<meta property=\"article:modified_time\" content=\"2025-06-08T17:31:04+00:00\" \/>\n<meta property=\"og:image\" content=\"https:\/\/velarogverkfaeri.is\/wp-content\/uploads\/2024\/02\/10016951-ddd5-45f3-9a96-b0167dfa0333.jpeg\" \/>\n\t<meta property=\"og:image:width\" content=\"922\" \/>\n\t<meta property=\"og:image:height\" content=\"922\" \/>\n\t<meta property=\"og:image:type\" content=\"image\/jpeg\" \/>\n<meta name=\"twitter:card\" content=\"summary_large_image\" \/>\n<meta name=\"twitter:label1\" content=\"Est. reading time\" \/>\n\t<meta name=\"twitter:data1\" content=\"1 minute\" \/>\n<script type=\"application\/ld+json\" class=\"yoast-schema-graph\">{\"@context\":\"https:\\\/\\\/schema.org\",\"@graph\":[{\"@type\":\"WebPage\",\"@id\":\"https:\\\/\\\/velarogverkfaeri.is\\\/lykillausnir\\\/badherbergi-lykillausnir\\\/hreinlaetistaeki-badherbergi-lykillausnir\\\/product\\\/d-line-handlaugartaeki-snertifr-mattsvart\\\/\",\"url\":\"https:\\\/\\\/velarogverkfaeri.is\\\/lykillausnir\\\/badherbergi-lykillausnir\\\/hreinlaetistaeki-badherbergi-lykillausnir\\\/product\\\/d-line-handlaugartaeki-snertifr-mattsvart\\\/\",\"name\":\"D LINE Qtoo Ba\u00f0herbergisbl\u00f6ndunart\u00e6ki - V\u00e9lar &amp; Verkf\u00e6ri\",\"isPartOf\":{\"@id\":\"https:\\\/\\\/velarogverkfaeri.is\\\/en\\\/#website\"},\"primaryImageOfPage\":{\"@id\":\"https:\\\/\\\/velarogverkfaeri.is\\\/lykillausnir\\\/badherbergi-lykillausnir\\\/hreinlaetistaeki-badherbergi-lykillausnir\\\/product\\\/d-line-handlaugartaeki-snertifr-mattsvart\\\/#primaryimage\"},\"image\":{\"@id\":\"https:\\\/\\\/velarogverkfaeri.is\\\/lykillausnir\\\/badherbergi-lykillausnir\\\/hreinlaetistaeki-badherbergi-lykillausnir\\\/product\\\/d-line-handlaugartaeki-snertifr-mattsvart\\\/#primaryimage\"},\"thumbnailUrl\":\"https:\\\/\\\/velarogverkfaeri.is\\\/wp-content\\\/uploads\\\/2024\\\/02\\\/10016951-ddd5-45f3-9a96-b0167dfa0333.jpeg\",\"datePublished\":\"2023-04-28T17:51:54+00:00\",\"dateModified\":\"2025-06-08T17:31:04+00:00\",\"breadcrumb\":{\"@id\":\"https:\\\/\\\/velarogverkfaeri.is\\\/lykillausnir\\\/badherbergi-lykillausnir\\\/hreinlaetistaeki-badherbergi-lykillausnir\\\/product\\\/d-line-handlaugartaeki-snertifr-mattsvart\\\/#breadcrumb\"},\"inLanguage\":\"en-US\",\"potentialAction\":[{\"@type\":\"ReadAction\",\"target\":[\"https:\\\/\\\/velarogverkfaeri.is\\\/lykillausnir\\\/badherbergi-lykillausnir\\\/hreinlaetistaeki-badherbergi-lykillausnir\\\/product\\\/d-line-handlaugartaeki-snertifr-mattsvart\\\/\"]}]},{\"@type\":\"ImageObject\",\"inLanguage\":\"en-US\",\"@id\":\"https:\\\/\\\/velarogverkfaeri.is\\\/lykillausnir\\\/badherbergi-lykillausnir\\\/hreinlaetistaeki-badherbergi-lykillausnir\\\/product\\\/d-line-handlaugartaeki-snertifr-mattsvart\\\/#primaryimage\",\"url\":\"https:\\\/\\\/velarogverkfaeri.is\\\/wp-content\\\/uploads\\\/2024\\\/02\\\/10016951-ddd5-45f3-9a96-b0167dfa0333.jpeg\",\"contentUrl\":\"https:\\\/\\\/velarogverkfaeri.is\\\/wp-content\\\/uploads\\\/2024\\\/02\\\/10016951-ddd5-45f3-9a96-b0167dfa0333.jpeg\",\"width\":922,\"height\":922},{\"@type\":\"BreadcrumbList\",\"@id\":\"https:\\\/\\\/velarogverkfaeri.is\\\/lykillausnir\\\/badherbergi-lykillausnir\\\/hreinlaetistaeki-badherbergi-lykillausnir\\\/product\\\/d-line-handlaugartaeki-snertifr-mattsvart\\\/#breadcrumb\",\"itemListElement\":[{\"@type\":\"ListItem\",\"position\":1,\"name\":\"Home\",\"item\":\"https:\\\/\\\/velarogverkfaeri.is\\\/\"},{\"@type\":\"ListItem\",\"position\":2,\"name\":\"Vefverslun\",\"item\":\"https:\\\/\\\/velarogverkfaeri.is\\\/vefverslun\\\/\"},{\"@type\":\"ListItem\",\"position\":3,\"name\":\"D LINE Qtoo Ba\u00f0herbergisbl\u00f6ndunart\u00e6ki\"}]},{\"@type\":\"WebSite\",\"@id\":\"https:\\\/\\\/velarogverkfaeri.is\\\/en\\\/#website\",\"url\":\"https:\\\/\\\/velarogverkfaeri.is\\\/en\\\/\",\"name\":\"V\u00e9lar & Verkf\u00e6ri\",\"description\":\"Umbo\u00f0s- og heildverslun fr\u00e1 \u00e1rinu 1919\",\"publisher\":{\"@id\":\"https:\\\/\\\/velarogverkfaeri.is\\\/en\\\/#organization\"},\"potentialAction\":[{\"@type\":\"SearchAction\",\"target\":{\"@type\":\"EntryPoint\",\"urlTemplate\":\"https:\\\/\\\/velarogverkfaeri.is\\\/en\\\/?s={search_term_string}\"},\"query-input\":{\"@type\":\"PropertyValueSpecification\",\"valueRequired\":true,\"valueName\":\"search_term_string\"}}],\"inLanguage\":\"en-US\"},{\"@type\":\"Organization\",\"@id\":\"https:\\\/\\\/velarogverkfaeri.is\\\/en\\\/#organization\",\"name\":\"V\u00e9lar & Verkf\u00e6ri\",\"url\":\"https:\\\/\\\/velarogverkfaeri.is\\\/en\\\/\",\"logo\":{\"@type\":\"ImageObject\",\"inLanguage\":\"en-US\",\"@id\":\"https:\\\/\\\/velarogverkfaeri.is\\\/en\\\/#\\\/schema\\\/logo\\\/image\\\/\",\"url\":\"https:\\\/\\\/velarogverkfaeri.is\\\/wp-content\\\/uploads\\\/2021\\\/10\\\/vv_logo_350x100.png\",\"contentUrl\":\"https:\\\/\\\/velarogverkfaeri.is\\\/wp-content\\\/uploads\\\/2021\\\/10\\\/vv_logo_350x100.png\",\"width\":350,\"height\":100,\"caption\":\"V\u00e9lar & Verkf\u00e6ri\"},\"image\":{\"@id\":\"https:\\\/\\\/velarogverkfaeri.is\\\/en\\\/#\\\/schema\\\/logo\\\/image\\\/\"},\"sameAs\":[\"https:\\\/\\\/www.facebook.com\\\/VelarOgVerkfaeri\"]}]}<\/script>\n<!-- \/ Yoast SEO plugin. -->","yoast_head_json":{"title":"D LINE Qtoo Ba\u00f0herbergisbl\u00f6ndunart\u00e6ki - V\u00e9lar &amp; Verkf\u00e6ri","robots":{"index":"index","follow":"follow","max-snippet":"max-snippet:-1","max-image-preview":"max-image-preview:large","max-video-preview":"max-video-preview:-1"},"canonical":"https:\/\/velarogverkfaeri.is\/en\/lykillausnir\/badherbergi-lykillausnir\/hreinlaetistaeki-badherbergi-lykillausnir\/product\/d-line-handlaugartaeki-snertifr-mattsvart\/","og_locale":"en_US","og_type":"article","og_title":"D LINE Qtoo Ba\u00f0herbergisbl\u00f6ndunart\u00e6ki - V\u00e9lar &amp; Verkf\u00e6ri","og_description":"Einnig \u00fearf a\u00f0 kaupa v\u00f6run\u00famer 1051314 me\u00f0 \u00feessu handlaugart\u00e6ki.Tegund:&nbsp;QST1150MP4ATH a\u00f0eins 1 stk til \u00e1 lager","og_url":"https:\/\/velarogverkfaeri.is\/en\/lykillausnir\/badherbergi-lykillausnir\/hreinlaetistaeki-badherbergi-lykillausnir\/product\/d-line-handlaugartaeki-snertifr-mattsvart\/","og_site_name":"V\u00e9lar &amp; Verkf\u00e6ri","article_publisher":"https:\/\/www.facebook.com\/VelarOgVerkfaeri","article_modified_time":"2025-06-08T17:31:04+00:00","og_image":[{"width":922,"height":922,"url":"https:\/\/velarogverkfaeri.is\/wp-content\/uploads\/2024\/02\/10016951-ddd5-45f3-9a96-b0167dfa0333.jpeg","type":"image\/jpeg"}],"twitter_card":"summary_large_image","twitter_misc":{"Est. reading time":"1 minute"},"schema":{"@context":"https:\/\/schema.org","@graph":[{"@type":"WebPage","@id":"https:\/\/velarogverkfaeri.is\/lykillausnir\/badherbergi-lykillausnir\/hreinlaetistaeki-badherbergi-lykillausnir\/product\/d-line-handlaugartaeki-snertifr-mattsvart\/","url":"https:\/\/velarogverkfaeri.is\/lykillausnir\/badherbergi-lykillausnir\/hreinlaetistaeki-badherbergi-lykillausnir\/product\/d-line-handlaugartaeki-snertifr-mattsvart\/","name":"D LINE Qtoo Ba\u00f0herbergisbl\u00f6ndunart\u00e6ki - V\u00e9lar &amp; Verkf\u00e6ri","isPartOf":{"@id":"https:\/\/velarogverkfaeri.is\/en\/#website"},"primaryImageOfPage":{"@id":"https:\/\/velarogverkfaeri.is\/lykillausnir\/badherbergi-lykillausnir\/hreinlaetistaeki-badherbergi-lykillausnir\/product\/d-line-handlaugartaeki-snertifr-mattsvart\/#primaryimage"},"image":{"@id":"https:\/\/velarogverkfaeri.is\/lykillausnir\/badherbergi-lykillausnir\/hreinlaetistaeki-badherbergi-lykillausnir\/product\/d-line-handlaugartaeki-snertifr-mattsvart\/#primaryimage"},"thumbnailUrl":"https:\/\/velarogverkfaeri.is\/wp-content\/uploads\/2024\/02\/10016951-ddd5-45f3-9a96-b0167dfa0333.jpeg","datePublished":"2023-04-28T17:51:54+00:00","dateModified":"2025-06-08T17:31:04+00:00","breadcrumb":{"@id":"https:\/\/velarogverkfaeri.is\/lykillausnir\/badherbergi-lykillausnir\/hreinlaetistaeki-badherbergi-lykillausnir\/product\/d-line-handlaugartaeki-snertifr-mattsvart\/#breadcrumb"},"inLanguage":"en-US","potentialAction":[{"@type":"ReadAction","target":["https:\/\/velarogverkfaeri.is\/lykillausnir\/badherbergi-lykillausnir\/hreinlaetistaeki-badherbergi-lykillausnir\/product\/d-line-handlaugartaeki-snertifr-mattsvart\/"]}]},{"@type":"ImageObject","inLanguage":"en-US","@id":"https:\/\/velarogverkfaeri.is\/lykillausnir\/badherbergi-lykillausnir\/hreinlaetistaeki-badherbergi-lykillausnir\/product\/d-line-handlaugartaeki-snertifr-mattsvart\/#primaryimage","url":"https:\/\/velarogverkfaeri.is\/wp-content\/uploads\/2024\/02\/10016951-ddd5-45f3-9a96-b0167dfa0333.jpeg","contentUrl":"https:\/\/velarogverkfaeri.is\/wp-content\/uploads\/2024\/02\/10016951-ddd5-45f3-9a96-b0167dfa0333.jpeg","width":922,"height":922},{"@type":"BreadcrumbList","@id":"https:\/\/velarogverkfaeri.is\/lykillausnir\/badherbergi-lykillausnir\/hreinlaetistaeki-badherbergi-lykillausnir\/product\/d-line-handlaugartaeki-snertifr-mattsvart\/#breadcrumb","itemListElement":[{"@type":"ListItem","position":1,"name":"Home","item":"https:\/\/velarogverkfaeri.is\/"},{"@type":"ListItem","position":2,"name":"Vefverslun","item":"https:\/\/velarogverkfaeri.is\/vefverslun\/"},{"@type":"ListItem","position":3,"name":"D LINE Qtoo Ba\u00f0herbergisbl\u00f6ndunart\u00e6ki"}]},{"@type":"WebSite","@id":"https:\/\/velarogverkfaeri.is\/en\/#website","url":"https:\/\/velarogverkfaeri.is\/en\/","name":"V\u00e9lar & Verkf\u00e6ri","description":"Umbo\u00f0s- og heildverslun fr\u00e1 \u00e1rinu 1919","publisher":{"@id":"https:\/\/velarogverkfaeri.is\/en\/#organization"},"potentialAction":[{"@type":"SearchAction","target":{"@type":"EntryPoint","urlTemplate":"https:\/\/velarogverkfaeri.is\/en\/?s={search_term_string}"},"query-input":{"@type":"PropertyValueSpecification","valueRequired":true,"valueName":"search_term_string"}}],"inLanguage":"en-US"},{"@type":"Organization","@id":"https:\/\/velarogverkfaeri.is\/en\/#organization","name":"V\u00e9lar & Verkf\u00e6ri","url":"https:\/\/velarogverkfaeri.is\/en\/","logo":{"@type":"ImageObject","inLanguage":"en-US","@id":"https:\/\/velarogverkfaeri.is\/en\/#\/schema\/logo\/image\/","url":"https:\/\/velarogverkfaeri.is\/wp-content\/uploads\/2021\/10\/vv_logo_350x100.png","contentUrl":"https:\/\/velarogverkfaeri.is\/wp-content\/uploads\/2021\/10\/vv_logo_350x100.png","width":350,"height":100,"caption":"V\u00e9lar & Verkf\u00e6ri"},"image":{"@id":"https:\/\/velarogverkfaeri.is\/en\/#\/schema\/logo\/image\/"},"sameAs":["https:\/\/www.facebook.com\/VelarOgVerkfaeri"]}]}},"_links":{"self":[{"href":"https:\/\/velarogverkfaeri.is\/en\/wp-json\/wp\/v2\/product\/56735","targetHints":{"allow":["GET"]}}],"collection":[{"href":"https:\/\/velarogverkfaeri.is\/en\/wp-json\/wp\/v2\/product"}],"about":[{"href":"https:\/\/velarogverkfaeri.is\/en\/wp-json\/wp\/v2\/types\/product"}],"replies":[{"embeddable":true,"href":"https:\/\/velarogverkfaeri.is\/en\/wp-json\/wp\/v2\/comments?post=56735"}],"wp:featuredmedia":[{"embeddable":true,"href":"https:\/\/velarogverkfaeri.is\/en\/wp-json\/wp\/v2\/media\/57375"}],"wp:attachment":[{"href":"https:\/\/velarogverkfaeri.is\/en\/wp-json\/wp\/v2\/media?parent=56735"}],"wp:term":[{"taxonomy":"product_brand","embeddable":true,"href":"https:\/\/velarogverkfaeri.is\/en\/wp-json\/wp\/v2\/product_brand?post=56735"},{"taxonomy":"product_cat","embeddable":true,"href":"https:\/\/velarogverkfaeri.is\/en\/wp-json\/wp\/v2\/product_cat?post=56735"},{"taxonomy":"product_tag","embeddable":true,"href":"https:\/\/velarogverkfaeri.is\/en\/wp-json\/wp\/v2\/product_tag?post=56735"}],"curies":[{"name":"wp","href":"https:\/\/api.w.org\/{rel}","templated":true}]}}