{"id":56244,"date":"2023-12-20T08:59:13","date_gmt":"2023-12-20T08:59:13","guid":{"rendered":"https:\/\/velarogverkfaeri.is\/?post_type=product&#038;p=56244"},"modified":"2026-02-11T14:01:11","modified_gmt":"2026-02-11T14:01:11","slug":"arcas-olle-verdmaetaskapur-602le20-smart-16litra-12kg","status":"publish","type":"product","link":"https:\/\/velarogverkfaeri.is\/en\/lykillausnir\/oryggisvorur\/verdmaetaskapar-oryggisvorur\/product\/arcas-olle-verdmaetaskapur-602le20-smart-16litra-12kg\/","title":{"rendered":"ARCAS OLLE Ver\u00f0m\u00e6task\u00e1pur 602LE20 SMART 16L\u00edtra 12kg"},"content":{"rendered":"<p><img decoding=\"async\" src=\"data:image\/png;base64,iVBORw0KGgoAAAANSUhEUgAAAPMAAAAwCAYAAADEikwlAAAAAXNSR0IArs4c6QAAAARnQU1BAACxjwv8YQUAAAAJcEhZcwAADsMAAA7DAcdvqGQAABJ8SURBVHhe7d0HkBRFFwfwNuecc845Z8WAigFzwBIBFUXFiAHFQImWgjlnETOIEbTMioqKOQCCYsKEIgpiAFH3u1+7wzesu3t73ILHOf+qqbudme3pfv1yT7+dLleDkCFDhmke0+f\/ZsiQYRpHJswZMjQSZMKcIUMjQSbMGTI0EmTCnCFDI0GjFuZPP\/00XHrppWHMmDH5M9MWfv3113DUUUeF22+\/PX7+888\/wx133BGee+65+DlDhjTqLMyffPJJOOmkk8LWW28dNtxww\/j3iCOOCAMHDszf0XDwzTffhOeffz6MHj06f2bK4ttvvw0nn3xy2HPPPcP333+fPzsp3HP++edPpN\/ee+8dfvjhh\/zV8vj999\/DG2+8Ed599938mQwZ\/o+KhdlydK9evULr1q3DXHPNFW6++ebw+OOPh+7du4e11lorzDDDDPk7Gw4233zz8Mgjj4RlllkmfiYMZ511Vvjggw\/i52oBbZ588snQqlWrsoL54YcfhjZt2oRx48aFO++8M7z88svhtttuC\/POO2\/+jvKYbbbZwhVXXBFOOOGE\/JkQXnvttXDeeeflP2X4L6NiYR4yZEi48cYbw+GHHx46d+4cVl555bDggguGFVZYIRx77LFhtdVWy9\/ZcDFy5Mjw0Ucf5T9VDz\/++GNUbF26dInKrhjGjx8fbrjhhrDpppuGc845Jyy99NJh5plnDnPPPXeYfvrJj3ZY6j\/++CP\/KcN\/GRVxEcvTp0+fyIDcwummmy5\/5Z8YMWJEOPfcc8P2228f3chtt9023HTTTRMZLokDWbJrrrkmupsbb7xxtFhDhw6N9yRgydIu\/S677BItbfqltV9++SVcddVVYccdd4z3eG7v3r3jtRdeeGGiy+t5Bx98cBg2bFho2bJlvPfss88Oxx13XLj44ovj\/WlQXPo5duzYKHyEtFTsPf\/888fYfKONNsqf+SeEJ8anPzPOOGP+bN2QjqH1ixJl2fv27RvHs9122030OtDFuLbYYouwySabhCOPPDIMHz48XgP3oYN+nXnmmfGejh07xrj8nXfeCYcddlg8Z2722muvqKwyNGxUJMwYZ\/DgwWHLLbcMc845Z\/5scWDUddddN9x7771hwIAB0Vr17NkzPPvss\/k7\/gZ3caaZZgoPPvhgZMallloqdOjQIXzxxRf5O0K8vvPOO0cBfvXVVyODXXnlleH999+P1zE3Bnz99ddjexjusssuC5tttlm8ngZhv\/baa8MSSywRk0gsGqXTrFmz+P20e\/zTTz9FF5gimmWWWaJ7Xl\/r99lnn8XwhEKsBrRFiVFwu+22WxwPGvOQeAEUFS\/kvvvuiwkzc3LaaaeF7777Lt\/C3wJvfvTpoYceCp06dYoxPbqg+4svvhhzDtrigWVo2KhImDGzJNKyyy6bP1MaXO\/mzZuHhRZaKMbRBIvVYBHTwBxizAUWWCAsvPDCMQ6cY445JsnULrfcclEIxZSURNOmTcOSSy4Zvvrqq3idBfn444+j5cTEnr322mtHga0U66yzTpgwYUIMIxKwVoR7gw02iK7wBRdcEGPceeaZJ39H3cHFn2+++UK\/fv0ifdDE2O66666qu8kSZCzvqaeeGhZffPEw++yzhwMOOCD89ddf4aWXXsrfFeKcsrxt27YNiy22WFQQifex\/vrrx7H77nrrrRdWWmmleD5Dw8XkB2sVgkDPOuusk1gEYClYvQRcVQJJkEqBQEsCEQwggJJbGHFy4bvi2Mceeyy6mPD000+H1VdfvSLlVSm4uNzsQYMGRddY4kruoUePHuHhhx\/O31UdFKMLRUQ58rASmBfKNh02+R5lyEsSWvF+MkwbqEiYaWjWkatYG8Snl19+eYytxWssEDe6EJXEjZ9\/\/nl0+biR4jexM5c4AQFZZJFFovWYXGDkJk2aRCbnYrJWb731Vow\/q5mhp6wIihjd\/5Jesu0HHnhgdI9\/++23\/J31B4WITkmuwYF+lFTaCxDGpBUqoKVYm7WmaHhDPnPJMzRsVCTM3K\/ll18+urXisVLgmmJWfy1d9e\/fP8ZyhLEQP\/\/8c\/6\/vyGpxQ1MgCEle7jrSfwtoZVOMon1CGB9rQcrTFlxTyXdLB2tueaa+avVwaKLLhqtI8WYButp3OmkXn2BLltttVWM+9E\/ffAGagMB33XXXWO8Lc9AMQg1Es8lQ8NERcLMeu20007hvffeizFfKYiLWeYWLVpE6wMEjcAVgiuYVgyWd7ihYl6gODD+fvvtNzHpRgHIlidYccUV41teXg6pD7TPOhsbKykEqI\/rXgxic7RJ04IAoxkhL7SQ9cGqq64avahidK8LzLt+y4SPGjWqrCLP8O+j4phZMsgShWSTN5gknjAnV\/fRRx8NX3\/99cSk19tvvx2TZiz09ddfHwWuEBI0t956a3Rr3cc1BxlzkOgivBSItmS5ZbJlmhNI0kikXXjhhdGi6o+\/pd6QShJYr7zySmwzbdGFBJSJBNEOO+wQGRncJ5FkWas+r4WKv9dYY434ggeaGZs4He1kpCfXpZfgEiIISbjq3GjKCP1kp9EZXeQsuNmFichCmEerAvISPAYKQR8lKikcNEALNEGbDA0HFQuzGNe6JsHB9AcddFBcvjCxJhsw7Iknnhgzv+JB17ir4q9CiKkxn8yudmSoL7roopjZBoJq7dnSiba8Juk7lpISsKjcPyGAl1m00759+5IWCeMLA6xDUxpXX311\/sr\/hU1GnWVLQMgk3SqJ8ctBO2hDKcri8wS8PUcouMSTC54LD2X\/\/fcP++yzT7TI4t6uXbvGTPXxxx8f6UIRe4OvEqVhKdB6uO9r3yqBfvquA40qaSfD1MVULxvEGsqUyqIecsgh+bP\/PsSDLJl48+ijj86fzZBh2kHFlrmxg0UTxydufoYM0xr+08LMKeHqiw9lbWW1HRkyTIv4TwuzJSixuGUYb4Fx\/+sbG2fI8G8hK7WbIUMjQRYzZ8jQSJAJc4YMjQSZMGfI0EiQCXOGDI0EU0SYvT6o8saXX36ZP9PwkVW+zDCto2JhVqom2U6XHN4pVu2icHucd61VqKjvi\/5TE94ztquooVa+pCC9v56UR\/IuuWU171In8HadnWaF81SuWmg14F38bbbZZmJJ4DTsfvMaa7Id9phjjim73bMYnznsmKsWvHP+1FNPxVdgvbJajJbgPXfFIxKaK\/Bge2yDhaWpStCjR4\/coYcemhs+fHhu5MiR8agR2FzLli1zzZs3zw0ZMiR\/Z4Zqo4apct26dcudcsopuaFDh0ba1whJrkOHDrk2bdrkxo4dG++rUaq5du3a5fr27TtxjhyjRo3K1Xge8Z5qQ9tt27aNPIBH0ujXr1+uSZMmuRqFnxsxYkRuwoQJuTFjxuRqhCl\/xz+hjY4dO07Sf8f48ePzd9Qfffr0ye277765Z555Jrad0LJ169a50aNH5+\/K5Xr37p1r2rRprkaRxPvuv\/\/+XI0Byw0cODB\/R8NCnYQZo2CYNMaNG5fr3LnzJEyVYepg0KBBud133z03ePDg+JlgYdL+\/fvHz1MahPKSSy6J89++fftJhFlfWrRokevevXtZ4S1Ely5d4jElQbFRLGkMGzYs16xZs9yAAQPiZ0qnVatWuZ49e8bPYBxdu3bNderUKSrYhoZ6x8y2xXFXxMe2K4Jtd3vssUf8m3xWCfLNN9+MRfm4NqpgeIXSlkbxdVKl097ZwhJD3PUzzjgjVsvgEvnf\/toEXDDuJRfITqvEddJuepuj76QL0KvkqYoGty9xUdOuInfsiSeemFizy\/cK20zGZuzeINNHR2Efyz1bvF5bBdBisH1UH5X\/geR\/tcYqhaqlxscdTmC7qXO2aJaDgn\/GbU7TFUzAjyIIv7io6bJEtUE7NrtUCs+xk07xigRoiA+uu+66okUfVHkpfNNPAQ7nvBUI9s3jTdtJExiHubP9V5HLYvA8fJhUN3X4kYgayz6Rx\/AUPsKjrtvYg8eTufAMIaziEnVBVRJgakbZXmijQikgju2TBmlfraqa99xzT9xKaYuhOlg1bky8175lDA7ibzEXQhssBvO\/ihlpoVLMQPsESryuvK+9ybZjgvZU7sRgKlGq9mkLImImwlAI\/auxPKHGvY1FCwi67Z8K6ac36hvb6aefHmPTGtctVuggvJ7nubU923Uxe6FAFMJ19BD\/6g9loBBEUqtMn7yWWhcoj4R5VIbRvkPfbF0liKWgIERSjjgpRJEGIbM11fbJSoEOiTBVCttWxbL2zRNiwqTiK+CtShWJfd6UoSqxgMbaKhybohVopJhGMVBw4m\/bWtVQM9+EOV0M0lZf7bouJvcsBsFn23LNbY3HFbexFsbx5VAVYSZcBNKm+1IwUTUxd9ybrPC7AgCYyIQ7z5ogpInBCAmxCKbvqt6JIA77gWlH96XhHkxoP68NE8oVSWixfhidgNG0CKnPSXmdYhNOaOzrtYfbPfpMaOzrZY3TiTL90yf32WOtXeNQNACD1fbsSiuAKp1b40bH\/ckUinfKKZCk\/ywJxrB\/HG0pC8qToisFfbEXXNuUJUaS0CKkrhVDIvAsCy+oGHhXaEaxJQkkVsczillLQCf0oiS0m3ynV69e8ZnFYOxogoZ333135An71e1bL0fLNBgFituOucQr8LxS\/aR4iykd\/fds84Mf7M0n\/MaRLhflM+HFC\/aiqwMH+Nfz0c3edM+vrZhEGlNkaaoYMHnyMzFgcIhtQOmSOYUMxI1TtdN9CVQ0Qaj0QJ1DmDS0RdsiCgE3WVx7VrK2TDtrSwkUtmlyjCPthRhbYc2w5NmOuj67FNCBsKnJpS4apUIRJmGJogqqt1BCLARvR9kfng0BLQVeFQXAKnD\/\/J9YqGIQ1rDMGLKYIkQ3bqV+EpQHHnggeiNcX96TyqTFgE6KUVAAlDgPTrEJXgNPq5RwoT+lq0gGD4mSS7vH5UBoKVE0JID1KbpAEdlKq9prMbok8Gsw6efwXow9rXyEAnX9pZOqCDOCmEBWthQMrtwAiwEjYPzkFxuSg2tIA6e1dSWD53ZhWARn0VitdKyYBgunPUqiNlQytro8uzZ4FmETl0NSC9t5mp3i4ykpIigH4bfAkmowpaBQou9hrGI\/IpCA28cqq0DCOqETr4O1EkbwaNBNDKpaDGVD2Cg346bULAuVgudTmJhbkUVWnefgO6VcWyAgq6yySuQJMXQlvEY5sOa8BUomXfdNf0u1YXzFhB4dfKc2nik0WNVCVYSZyysBli63Uw1gSIThhhRWmXTUtVIJQrOgfv1CfMIisVrF4hJMxaqyMNVAXZ5dKcTbBLCw0mkavB73pBVfITC1Pom3hQwseikryBviEfjZIO5kUpJI2HHLLbdEl5eSQj\/CmGZ6NKBgyvWlGHwn8XJKgULTN8pMbqO2ZxgfD4ChkJhUUzwN\/ddfyikNHonzrhdCnTTtVotn6op6CzNG4gZxAQtdzfoiEQCF47kw1YTJ4JqxGsXaJmxqXSU\/hZPAZCqeVx\/FVduzKwVLoHYaZi8FcRyGTGqrFYPY3k8IEVClkySQ0LwYZOMLlWpSAlmcKgzAC3Ijiiumx0fAeCbl+lIMQh6KIR13pmFO\/Cgf5S4xqu\/6UQoEjqXv0aNHXEVg0Qth\/j0znW\/wPeOVjykWj5tPyWAhRSllOCVRJ2HmSmEgrhUCioUU7eP+cPm4RtWGwnfcbbGUKp\/Js1WQrItV03euJquBqbRpiUB4UGxiTCQrQ1GJP90nwdetW7fIrGLRSlHbs10vVwGUMIq3xZr+p0AJCotCkCW6AE3MCfqgk\/6qBipUYT2LQVvatlQm6SQ7zNrK4tdH0YhZeQXaYanwiNiUoHkWWKqUBEx+0QN9LCcllV\/FsZJf4mWCKjFUCPTk9qtGKuFJCMW+Qpr075al4ZVdKwF+e8uPKHhWcljuI4gEk0fo10fMv2uUnDhecqqYm43\/hR\/mQb\/138FrKLWUVU3USZi5UpjCZIt\/xBsqZiJ2Ot6oJmhxzCbbbZI8W6aY5i2lqUsBk0juSFD4UThJFllkDFAMxmaZwVICpiNstDjFkk7aVYJyz8YY5SqA8hCAYBo\/BScxRPAk1BJlhKExUpLx1l+uuKW+YvODaWVfCZo1bp6QQ3wP5ndyLQzGpmw8H6+ou64uuXOJJTR\/rnsmmGN9sZSj\/5ZnKD1LNGhWDPiAJfSaaDIn4mweHcVQzN3mSVCK6VAhOSTQKFnwax7t2rWL8+QawbaKUC65pp\/myTIr5WIM3PmpgazSSIYMjQRVSYBlyJDh30cmzBkyNBJkwpwhQyNBJswZMjQSZMKcIUMjQSbMGTI0CoTwP3REuGJkKdS8AAAAAElFTkSuQmCC\" alt=\"\"><\/p>","protected":false},"excerpt":{"rendered":"<p>Tegund:&nbsp;602LE20&nbsp;<\/p>","protected":false},"featured_media":79968,"comment_status":"closed","ping_status":"closed","template":"","meta":[],"product_brand":[],"product_cat":[517,602,705],"product_tag":[],"class_list":{"0":"post-56244","1":"product","2":"type-product","3":"status-publish","4":"has-post-thumbnail","6":"product_cat-lykillausnir","7":"product_cat-oryggisvorur","8":"product_cat-verdmaetaskapar-oryggisvorur","10":"first","11":"instock","12":"taxable","13":"shipping-taxable","14":"purchasable","15":"product-type-simple"},"yoast_head":"<!-- This site is optimized with the Yoast SEO plugin v27.3 - https:\/\/yoast.com\/product\/yoast-seo-wordpress\/ -->\n<title>ARCAS OLLE Ver\u00f0m\u00e6task\u00e1pur 602LE20 SMART 16L\u00edtra 12kg - V\u00e9lar &amp; Verkf\u00e6ri<\/title>\n<meta name=\"robots\" content=\"index, follow, max-snippet:-1, max-image-preview:large, max-video-preview:-1\" \/>\n<link rel=\"canonical\" href=\"https:\/\/velarogverkfaeri.is\/en\/lykillausnir\/oryggisvorur\/verdmaetaskapar-oryggisvorur\/product\/arcas-olle-verdmaetaskapur-602le20-smart-16litra-12kg\/\" \/>\n<meta property=\"og:locale\" content=\"en_US\" \/>\n<meta property=\"og:type\" content=\"article\" \/>\n<meta property=\"og:title\" content=\"ARCAS OLLE Ver\u00f0m\u00e6task\u00e1pur 602LE20 SMART 16L\u00edtra 12kg - V\u00e9lar &amp; Verkf\u00e6ri\" \/>\n<meta property=\"og:description\" content=\"Tegund:&nbsp;602LE20&nbsp;\" \/>\n<meta property=\"og:url\" content=\"https:\/\/velarogverkfaeri.is\/en\/lykillausnir\/oryggisvorur\/verdmaetaskapar-oryggisvorur\/product\/arcas-olle-verdmaetaskapur-602le20-smart-16litra-12kg\/\" \/>\n<meta property=\"og:site_name\" content=\"V\u00e9lar &amp; Verkf\u00e6ri\" \/>\n<meta property=\"article:publisher\" content=\"https:\/\/www.facebook.com\/VelarOgVerkfaeri\" \/>\n<meta property=\"article:modified_time\" content=\"2026-02-11T14:01:11+00:00\" \/>\n<meta name=\"twitter:card\" content=\"summary_large_image\" \/>\n<script type=\"application\/ld+json\" class=\"yoast-schema-graph\">{\"@context\":\"https:\\\/\\\/schema.org\",\"@graph\":[{\"@type\":\"WebPage\",\"@id\":\"https:\\\/\\\/velarogverkfaeri.is\\\/lykillausnir\\\/oryggisvorur\\\/verdmaetaskapar-oryggisvorur\\\/product\\\/arcas-olle-verdmaetaskapur-602le20-smart-16litra-12kg\\\/\",\"url\":\"https:\\\/\\\/velarogverkfaeri.is\\\/lykillausnir\\\/oryggisvorur\\\/verdmaetaskapar-oryggisvorur\\\/product\\\/arcas-olle-verdmaetaskapur-602le20-smart-16litra-12kg\\\/\",\"name\":\"ARCAS OLLE Ver\u00f0m\u00e6task\u00e1pur 602LE20 SMART 16L\u00edtra 12kg - V\u00e9lar &amp; Verkf\u00e6ri\",\"isPartOf\":{\"@id\":\"https:\\\/\\\/velarogverkfaeri.is\\\/en\\\/#website\"},\"primaryImageOfPage\":{\"@id\":\"https:\\\/\\\/velarogverkfaeri.is\\\/lykillausnir\\\/oryggisvorur\\\/verdmaetaskapar-oryggisvorur\\\/product\\\/arcas-olle-verdmaetaskapur-602le20-smart-16litra-12kg\\\/#primaryimage\"},\"image\":{\"@id\":\"https:\\\/\\\/velarogverkfaeri.is\\\/lykillausnir\\\/oryggisvorur\\\/verdmaetaskapar-oryggisvorur\\\/product\\\/arcas-olle-verdmaetaskapur-602le20-smart-16litra-12kg\\\/#primaryimage\"},\"thumbnailUrl\":\"https:\\\/\\\/velarogverkfaeri.is\\\/wp-content\\\/uploads\\\/2026\\\/02\\\/997d419e-0513-4d68-9c04-d076bd4ab49a.jpg\",\"datePublished\":\"2023-12-20T08:59:13+00:00\",\"dateModified\":\"2026-02-11T14:01:11+00:00\",\"breadcrumb\":{\"@id\":\"https:\\\/\\\/velarogverkfaeri.is\\\/lykillausnir\\\/oryggisvorur\\\/verdmaetaskapar-oryggisvorur\\\/product\\\/arcas-olle-verdmaetaskapur-602le20-smart-16litra-12kg\\\/#breadcrumb\"},\"inLanguage\":\"en-US\",\"potentialAction\":[{\"@type\":\"ReadAction\",\"target\":[\"https:\\\/\\\/velarogverkfaeri.is\\\/lykillausnir\\\/oryggisvorur\\\/verdmaetaskapar-oryggisvorur\\\/product\\\/arcas-olle-verdmaetaskapur-602le20-smart-16litra-12kg\\\/\"]}]},{\"@type\":\"ImageObject\",\"inLanguage\":\"en-US\",\"@id\":\"https:\\\/\\\/velarogverkfaeri.is\\\/lykillausnir\\\/oryggisvorur\\\/verdmaetaskapar-oryggisvorur\\\/product\\\/arcas-olle-verdmaetaskapur-602le20-smart-16litra-12kg\\\/#primaryimage\",\"url\":\"https:\\\/\\\/velarogverkfaeri.is\\\/wp-content\\\/uploads\\\/2026\\\/02\\\/997d419e-0513-4d68-9c04-d076bd4ab49a.jpg\",\"contentUrl\":\"https:\\\/\\\/velarogverkfaeri.is\\\/wp-content\\\/uploads\\\/2026\\\/02\\\/997d419e-0513-4d68-9c04-d076bd4ab49a.jpg\",\"width\":1200,\"height\":1080},{\"@type\":\"BreadcrumbList\",\"@id\":\"https:\\\/\\\/velarogverkfaeri.is\\\/lykillausnir\\\/oryggisvorur\\\/verdmaetaskapar-oryggisvorur\\\/product\\\/arcas-olle-verdmaetaskapur-602le20-smart-16litra-12kg\\\/#breadcrumb\",\"itemListElement\":[{\"@type\":\"ListItem\",\"position\":1,\"name\":\"Home\",\"item\":\"https:\\\/\\\/velarogverkfaeri.is\\\/\"},{\"@type\":\"ListItem\",\"position\":2,\"name\":\"Vefverslun\",\"item\":\"https:\\\/\\\/velarogverkfaeri.is\\\/vefverslun\\\/\"},{\"@type\":\"ListItem\",\"position\":3,\"name\":\"ARCAS OLLE Ver\u00f0m\u00e6task\u00e1pur 602LE20 SMART 16L\u00edtra 12kg\"}]},{\"@type\":\"WebSite\",\"@id\":\"https:\\\/\\\/velarogverkfaeri.is\\\/en\\\/#website\",\"url\":\"https:\\\/\\\/velarogverkfaeri.is\\\/en\\\/\",\"name\":\"V\u00e9lar & Verkf\u00e6ri\",\"description\":\"Umbo\u00f0s- og heildverslun fr\u00e1 \u00e1rinu 1919\",\"publisher\":{\"@id\":\"https:\\\/\\\/velarogverkfaeri.is\\\/en\\\/#organization\"},\"potentialAction\":[{\"@type\":\"SearchAction\",\"target\":{\"@type\":\"EntryPoint\",\"urlTemplate\":\"https:\\\/\\\/velarogverkfaeri.is\\\/en\\\/?s={search_term_string}\"},\"query-input\":{\"@type\":\"PropertyValueSpecification\",\"valueRequired\":true,\"valueName\":\"search_term_string\"}}],\"inLanguage\":\"en-US\"},{\"@type\":\"Organization\",\"@id\":\"https:\\\/\\\/velarogverkfaeri.is\\\/en\\\/#organization\",\"name\":\"V\u00e9lar & Verkf\u00e6ri\",\"url\":\"https:\\\/\\\/velarogverkfaeri.is\\\/en\\\/\",\"logo\":{\"@type\":\"ImageObject\",\"inLanguage\":\"en-US\",\"@id\":\"https:\\\/\\\/velarogverkfaeri.is\\\/en\\\/#\\\/schema\\\/logo\\\/image\\\/\",\"url\":\"https:\\\/\\\/velarogverkfaeri.is\\\/wp-content\\\/uploads\\\/2021\\\/10\\\/vv_logo_350x100.png\",\"contentUrl\":\"https:\\\/\\\/velarogverkfaeri.is\\\/wp-content\\\/uploads\\\/2021\\\/10\\\/vv_logo_350x100.png\",\"width\":350,\"height\":100,\"caption\":\"V\u00e9lar & Verkf\u00e6ri\"},\"image\":{\"@id\":\"https:\\\/\\\/velarogverkfaeri.is\\\/en\\\/#\\\/schema\\\/logo\\\/image\\\/\"},\"sameAs\":[\"https:\\\/\\\/www.facebook.com\\\/VelarOgVerkfaeri\"]}]}<\/script>\n<!-- \/ Yoast SEO plugin. -->","yoast_head_json":{"title":"ARCAS OLLE Ver\u00f0m\u00e6task\u00e1pur 602LE20 SMART 16L\u00edtra 12kg - V\u00e9lar &amp; Verkf\u00e6ri","robots":{"index":"index","follow":"follow","max-snippet":"max-snippet:-1","max-image-preview":"max-image-preview:large","max-video-preview":"max-video-preview:-1"},"canonical":"https:\/\/velarogverkfaeri.is\/en\/lykillausnir\/oryggisvorur\/verdmaetaskapar-oryggisvorur\/product\/arcas-olle-verdmaetaskapur-602le20-smart-16litra-12kg\/","og_locale":"en_US","og_type":"article","og_title":"ARCAS OLLE Ver\u00f0m\u00e6task\u00e1pur 602LE20 SMART 16L\u00edtra 12kg - V\u00e9lar &amp; Verkf\u00e6ri","og_description":"Tegund:&nbsp;602LE20&nbsp;","og_url":"https:\/\/velarogverkfaeri.is\/en\/lykillausnir\/oryggisvorur\/verdmaetaskapar-oryggisvorur\/product\/arcas-olle-verdmaetaskapur-602le20-smart-16litra-12kg\/","og_site_name":"V\u00e9lar &amp; Verkf\u00e6ri","article_publisher":"https:\/\/www.facebook.com\/VelarOgVerkfaeri","article_modified_time":"2026-02-11T14:01:11+00:00","twitter_card":"summary_large_image","schema":{"@context":"https:\/\/schema.org","@graph":[{"@type":"WebPage","@id":"https:\/\/velarogverkfaeri.is\/lykillausnir\/oryggisvorur\/verdmaetaskapar-oryggisvorur\/product\/arcas-olle-verdmaetaskapur-602le20-smart-16litra-12kg\/","url":"https:\/\/velarogverkfaeri.is\/lykillausnir\/oryggisvorur\/verdmaetaskapar-oryggisvorur\/product\/arcas-olle-verdmaetaskapur-602le20-smart-16litra-12kg\/","name":"ARCAS OLLE Ver\u00f0m\u00e6task\u00e1pur 602LE20 SMART 16L\u00edtra 12kg - V\u00e9lar &amp; Verkf\u00e6ri","isPartOf":{"@id":"https:\/\/velarogverkfaeri.is\/en\/#website"},"primaryImageOfPage":{"@id":"https:\/\/velarogverkfaeri.is\/lykillausnir\/oryggisvorur\/verdmaetaskapar-oryggisvorur\/product\/arcas-olle-verdmaetaskapur-602le20-smart-16litra-12kg\/#primaryimage"},"image":{"@id":"https:\/\/velarogverkfaeri.is\/lykillausnir\/oryggisvorur\/verdmaetaskapar-oryggisvorur\/product\/arcas-olle-verdmaetaskapur-602le20-smart-16litra-12kg\/#primaryimage"},"thumbnailUrl":"https:\/\/velarogverkfaeri.is\/wp-content\/uploads\/2026\/02\/997d419e-0513-4d68-9c04-d076bd4ab49a.jpg","datePublished":"2023-12-20T08:59:13+00:00","dateModified":"2026-02-11T14:01:11+00:00","breadcrumb":{"@id":"https:\/\/velarogverkfaeri.is\/lykillausnir\/oryggisvorur\/verdmaetaskapar-oryggisvorur\/product\/arcas-olle-verdmaetaskapur-602le20-smart-16litra-12kg\/#breadcrumb"},"inLanguage":"en-US","potentialAction":[{"@type":"ReadAction","target":["https:\/\/velarogverkfaeri.is\/lykillausnir\/oryggisvorur\/verdmaetaskapar-oryggisvorur\/product\/arcas-olle-verdmaetaskapur-602le20-smart-16litra-12kg\/"]}]},{"@type":"ImageObject","inLanguage":"en-US","@id":"https:\/\/velarogverkfaeri.is\/lykillausnir\/oryggisvorur\/verdmaetaskapar-oryggisvorur\/product\/arcas-olle-verdmaetaskapur-602le20-smart-16litra-12kg\/#primaryimage","url":"https:\/\/velarogverkfaeri.is\/wp-content\/uploads\/2026\/02\/997d419e-0513-4d68-9c04-d076bd4ab49a.jpg","contentUrl":"https:\/\/velarogverkfaeri.is\/wp-content\/uploads\/2026\/02\/997d419e-0513-4d68-9c04-d076bd4ab49a.jpg","width":1200,"height":1080},{"@type":"BreadcrumbList","@id":"https:\/\/velarogverkfaeri.is\/lykillausnir\/oryggisvorur\/verdmaetaskapar-oryggisvorur\/product\/arcas-olle-verdmaetaskapur-602le20-smart-16litra-12kg\/#breadcrumb","itemListElement":[{"@type":"ListItem","position":1,"name":"Home","item":"https:\/\/velarogverkfaeri.is\/"},{"@type":"ListItem","position":2,"name":"Vefverslun","item":"https:\/\/velarogverkfaeri.is\/vefverslun\/"},{"@type":"ListItem","position":3,"name":"ARCAS OLLE Ver\u00f0m\u00e6task\u00e1pur 602LE20 SMART 16L\u00edtra 12kg"}]},{"@type":"WebSite","@id":"https:\/\/velarogverkfaeri.is\/en\/#website","url":"https:\/\/velarogverkfaeri.is\/en\/","name":"V\u00e9lar & Verkf\u00e6ri","description":"Umbo\u00f0s- og heildverslun fr\u00e1 \u00e1rinu 1919","publisher":{"@id":"https:\/\/velarogverkfaeri.is\/en\/#organization"},"potentialAction":[{"@type":"SearchAction","target":{"@type":"EntryPoint","urlTemplate":"https:\/\/velarogverkfaeri.is\/en\/?s={search_term_string}"},"query-input":{"@type":"PropertyValueSpecification","valueRequired":true,"valueName":"search_term_string"}}],"inLanguage":"en-US"},{"@type":"Organization","@id":"https:\/\/velarogverkfaeri.is\/en\/#organization","name":"V\u00e9lar & Verkf\u00e6ri","url":"https:\/\/velarogverkfaeri.is\/en\/","logo":{"@type":"ImageObject","inLanguage":"en-US","@id":"https:\/\/velarogverkfaeri.is\/en\/#\/schema\/logo\/image\/","url":"https:\/\/velarogverkfaeri.is\/wp-content\/uploads\/2021\/10\/vv_logo_350x100.png","contentUrl":"https:\/\/velarogverkfaeri.is\/wp-content\/uploads\/2021\/10\/vv_logo_350x100.png","width":350,"height":100,"caption":"V\u00e9lar & Verkf\u00e6ri"},"image":{"@id":"https:\/\/velarogverkfaeri.is\/en\/#\/schema\/logo\/image\/"},"sameAs":["https:\/\/www.facebook.com\/VelarOgVerkfaeri"]}]}},"_links":{"self":[{"href":"https:\/\/velarogverkfaeri.is\/en\/wp-json\/wp\/v2\/product\/56244","targetHints":{"allow":["GET"]}}],"collection":[{"href":"https:\/\/velarogverkfaeri.is\/en\/wp-json\/wp\/v2\/product"}],"about":[{"href":"https:\/\/velarogverkfaeri.is\/en\/wp-json\/wp\/v2\/types\/product"}],"replies":[{"embeddable":true,"href":"https:\/\/velarogverkfaeri.is\/en\/wp-json\/wp\/v2\/comments?post=56244"}],"wp:featuredmedia":[{"embeddable":true,"href":"https:\/\/velarogverkfaeri.is\/en\/wp-json\/wp\/v2\/media\/79968"}],"wp:attachment":[{"href":"https:\/\/velarogverkfaeri.is\/en\/wp-json\/wp\/v2\/media?parent=56244"}],"wp:term":[{"taxonomy":"product_brand","embeddable":true,"href":"https:\/\/velarogverkfaeri.is\/en\/wp-json\/wp\/v2\/product_brand?post=56244"},{"taxonomy":"product_cat","embeddable":true,"href":"https:\/\/velarogverkfaeri.is\/en\/wp-json\/wp\/v2\/product_cat?post=56244"},{"taxonomy":"product_tag","embeddable":true,"href":"https:\/\/velarogverkfaeri.is\/en\/wp-json\/wp\/v2\/product_tag?post=56244"}],"curies":[{"name":"wp","href":"https:\/\/api.w.org\/{rel}","templated":true}]}}