{"id":56100,"date":"2023-12-06T09:31:41","date_gmt":"2023-12-06T09:31:41","guid":{"rendered":"https:\/\/velarogverkfaeri.is\/?post_type=product&#038;p=56100"},"modified":"2025-12-23T10:45:33","modified_gmt":"2025-12-23T10:45:33","slug":"blackdecker-rafstod-inverter-6000-6500w-electric-remote-start-ats-start-bxgni6500e","status":"publish","type":"product","link":"https:\/\/velarogverkfaeri.is\/en\/lykillausnir\/orkuver\/rafstodvar-orkuver\/product\/blackdecker-rafstod-inverter-6000-6500w-electric-remote-start-ats-start-bxgni6500e\/","title":{"rendered":"BLACK &#038; DECKER Rafst\u00f6\u00f0 Inverter 6000\/6500w, Electric, Remote start, ATS start"},"content":{"rendered":"<table class=\"MsoTableGrid\" border=\"1\" cellspacing=\"0\" cellpadding=\"0\" style=\"border: none;\">\n<tbody>\n<tr>\n<td width=\"170\" valign=\"top\" style=\"width:127.35pt;border:solid windowtext 1.0pt;  mso-border-alt:solid windowtext .5pt;padding:0cm 5.4pt 0cm 5.4pt\"><\/p>\n<p class=\"MsoNormal\" style=\"margin-bottom:0cm;line-height:normal;mso-layout-grid-align:  none;text-autospace:none\"><span lang=\"EN-GB\" style=\"font-family:&quot;GothamNarrow-Thin&quot;,sans-serif;  mso-bidi-font-family:GothamNarrow-Thin;color:#1D1D1B;mso-ansi-language:EN-GB\">Model<o:p><\/o:p><\/span><\/p>\n<p class=\"MsoNormal\" style=\"margin-bottom:0cm;line-height:normal;mso-layout-grid-align:  none;text-autospace:none\"><span lang=\"EN-GB\" style=\"font-family:&quot;GothamNarrow-Thin&quot;,sans-serif;  mso-bidi-font-family:GothamNarrow-Thin;color:#1D1D1B;mso-ansi-language:EN-GB\">Rated<br \/>\n  Power<o:p><\/o:p><\/span><\/p>\n<p class=\"MsoNormal\" style=\"margin-bottom:0cm;line-height:normal;mso-layout-grid-align:  none;text-autospace:none\"><span lang=\"EN-GB\" style=\"font-family:&quot;GothamNarrow-Thin&quot;,sans-serif;  mso-bidi-font-family:GothamNarrow-Thin;color:#1D1D1B;mso-ansi-language:EN-GB\">Maximum<br \/>\n  Power<o:p><\/o:p><\/span><\/p>\n<p class=\"MsoNormal\" style=\"margin-bottom:0cm;line-height:normal;mso-layout-grid-align:  none;text-autospace:none\"><span lang=\"EN-GB\" style=\"font-family:&quot;GothamNarrow-Thin&quot;,sans-serif;  mso-bidi-font-family:GothamNarrow-Thin;color:#1D1D1B;mso-ansi-language:EN-GB\">Frequency<o:p><\/o:p><\/span><\/p>\n<p class=\"MsoNormal\" style=\"margin-bottom:0cm;line-height:normal;mso-layout-grid-align:  none;text-autospace:none\"><span lang=\"EN-GB\" style=\"font-family:&quot;GothamNarrow-Thin&quot;,sans-serif;  mso-bidi-font-family:GothamNarrow-Thin;color:#1D1D1B;mso-ansi-language:EN-GB\">Voltage<o:p><\/o:p><\/span><\/p>\n<p class=\"MsoNormal\" style=\"margin-bottom:0cm;line-height:normal;mso-layout-grid-align:  none;text-autospace:none\"><span lang=\"EN-GB\" style=\"font-family:&quot;GothamNarrow-Thin&quot;,sans-serif;  mso-bidi-font-family:GothamNarrow-Thin;color:#1D1D1B;mso-ansi-language:EN-GB\">start<o:p><\/o:p><\/span><\/p>\n<p class=\"MsoNormal\" style=\"margin-bottom:0cm;line-height:normal;mso-layout-grid-align:  none;text-autospace:none\"><span lang=\"EN-GB\" style=\"font-family:&quot;GothamNarrow-Thin&quot;,sans-serif;  mso-bidi-font-family:GothamNarrow-Thin;color:#1D1D1B;mso-ansi-language:EN-GB\">Engine<o:p><\/o:p><\/span><\/p>\n<p class=\"MsoNormal\" style=\"margin-bottom:0cm;line-height:normal;mso-layout-grid-align:  none;text-autospace:none\"><span lang=\"EN-GB\" style=\"font-family:&quot;GothamNarrow-Thin&quot;,sans-serif;  mso-bidi-font-family:GothamNarrow-Thin;color:#1D1D1B;mso-ansi-language:EN-GB\">Tank<br \/>\n  capacity<o:p><\/o:p><\/span><\/p>\n<p class=\"MsoNormal\" style=\"margin-bottom:0cm;line-height:normal;mso-layout-grid-align:  none;text-autospace:none\"><span lang=\"EN-GB\" style=\"font-family:&quot;GothamNarrow-Thin&quot;,sans-serif;  mso-bidi-font-family:GothamNarrow-Thin;color:#1D1D1B;mso-ansi-language:EN-GB\">100%<br \/>\n  load autonomy<o:p><\/o:p><\/span><\/p>\n<p class=\"MsoNormal\" style=\"margin-bottom:0cm;line-height:normal;mso-layout-grid-align:  none;text-autospace:none\"><span lang=\"EN-GB\" style=\"font-family:&quot;GothamNarrow-Thin&quot;,sans-serif;  mso-bidi-font-family:GothamNarrow-Thin;color:#1D1D1B;mso-ansi-language:EN-GB\">Weight<o:p><\/o:p><\/span><\/p>\n<p class=\"MsoNormal\" style=\"margin-bottom:0cm;line-height:normal;mso-layout-grid-align:  none;text-autospace:none\"><span lang=\"EN-GB\" style=\"font-family:&quot;GothamNarrow-Thin&quot;,sans-serif;  mso-bidi-font-family:GothamNarrow-Thin;color:#1D1D1B;mso-ansi-language:EN-GB\">Package<br \/>\n  dimensions<o:p><\/o:p><\/span><\/p>\n<p class=\"MsoNormal\" style=\"margin-bottom:0cm;line-height:normal;mso-layout-grid-align:  none;text-autospace:none\"><span lang=\"EN-GB\" style=\"font-family:&quot;GothamNarrow-Thin&quot;,sans-serif;  mso-bidi-font-family:GothamNarrow-Thin;color:#1D1D1B;mso-ansi-language:EN-GB\">EAN<\/span><span lang=\"EN-GB\" style=\"font-family:&quot;Gotham-Book&quot;,sans-serif;mso-bidi-font-family:  Gotham-Book;color:#1D1D1B;mso-ansi-language:EN-GB\"><o:p><\/o:p><\/span><\/p>\n<\/td>\n<td width=\"170\" valign=\"top\" style=\"width:127.55pt;border:solid windowtext 1.0pt;  border-left:none;mso-border-left-alt:solid windowtext .5pt;mso-border-alt:  solid windowtext .5pt;padding:0cm 5.4pt 0cm 5.4pt\"><\/p>\n<p class=\"MsoNormal\" style=\"margin-bottom:0cm;line-height:normal;mso-layout-grid-align:  none;text-autospace:none\"><span style=\"font-family:&quot;GothamNarrow-Book&quot;,sans-serif;  mso-bidi-font-family:GothamNarrow-Book;color:#1D1D1B\">BXGNi6500E<o:p><\/o:p><\/span><\/p>\n<p class=\"MsoNormal\" style=\"margin-bottom:0cm;line-height:normal;mso-layout-grid-align:  none;text-autospace:none\"><span style=\"font-family:&quot;GothamNarrow-Book&quot;,sans-serif;  mso-bidi-font-family:GothamNarrow-Book;color:#1D1D1B\">6000 w<o:p><\/o:p><\/span><\/p>\n<p class=\"MsoNormal\" style=\"margin-bottom:0cm;line-height:normal;mso-layout-grid-align:  none;text-autospace:none\"><span style=\"font-family:&quot;GothamNarrow-Book&quot;,sans-serif;  mso-bidi-font-family:GothamNarrow-Book;color:#1D1D1B\">6500 w<o:p><\/o:p><\/span><\/p>\n<p class=\"MsoNormal\" style=\"margin-bottom:0cm;line-height:normal;mso-layout-grid-align:  none;text-autospace:none\"><span style=\"font-family:&quot;GothamNarrow-Book&quot;,sans-serif;  mso-bidi-font-family:GothamNarrow-Book;color:#1D1D1B\">50 hz<o:p><\/o:p><\/span><\/p>\n<p class=\"MsoNormal\" style=\"margin-bottom:0cm;line-height:normal;mso-layout-grid-align:  none;text-autospace:none\"><span style=\"font-family:&quot;GothamNarrow-Book&quot;,sans-serif;  mso-bidi-font-family:GothamNarrow-Book;color:#1D1D1B\">230 v<o:p><\/o:p><\/span><\/p>\n<p class=\"MsoNormal\" style=\"margin-bottom:0cm;line-height:normal;mso-layout-grid-align:  none;text-autospace:none\"><span style=\"font-family:&quot;GothamNarrow-Book&quot;,sans-serif;  mso-bidi-font-family:GothamNarrow-Book;color:#1D1D1B\">Electric \/ Automatic<o:p><\/o:p><\/span><\/p>\n<p class=\"MsoNormal\" style=\"margin-bottom:0cm;line-height:normal;mso-layout-grid-align:  none;text-autospace:none\"><span style=\"font-family:&quot;GothamNarrow-Book&quot;,sans-serif;  mso-bidi-font-family:GothamNarrow-Book;color:#1D1D1B\">4 stroke engine 389 cc<o:p><\/o:p><\/span><\/p>\n<p class=\"MsoNormal\" style=\"margin-bottom:0cm;line-height:normal;mso-layout-grid-align:  none;text-autospace:none\"><span style=\"font-family:&quot;GothamNarrow-Book&quot;,sans-serif;  mso-bidi-font-family:GothamNarrow-Book;color:#1D1D1B\">8,5 L<o:p><\/o:p><\/span><\/p>\n<p class=\"MsoNormal\" style=\"margin-bottom:0cm;line-height:normal;mso-layout-grid-align:  none;text-autospace:none\"><span style=\"font-family:&quot;GothamNarrow-Book&quot;,sans-serif;  mso-bidi-font-family:GothamNarrow-Book;color:#1D1D1B\">4,5 H<o:p><\/o:p><\/span><\/p>\n<p class=\"MsoNormal\" style=\"margin-bottom:0cm;line-height:normal;mso-layout-grid-align:  none;text-autospace:none\"><span style=\"font-family:&quot;GothamNarrow-Book&quot;,sans-serif;  mso-bidi-font-family:GothamNarrow-Book;color:#1D1D1B\">89 Kg<o:p><\/o:p><\/span><\/p>\n<p class=\"MsoNormal\" style=\"margin-bottom:0cm;line-height:normal;mso-layout-grid-align:  none;text-autospace:none\"><span style=\"font-family:&quot;GothamNarrow-Book&quot;,sans-serif;  mso-bidi-font-family:GothamNarrow-Book;color:#1D1D1B\">800 x 590 x 670 mm<o:p><\/o:p><\/span><\/p>\n<p class=\"MsoNormal\" style=\"margin-bottom:0cm;line-height:normal;mso-layout-grid-align:  none;text-autospace:none\"><span style=\"font-family:&quot;GothamNarrow-Book&quot;,sans-serif;  mso-bidi-font-family:GothamNarrow-Book;color:#1D1D1B\">8435528161995<\/span><span lang=\"EN-GB\" style=\"font-family:&quot;Gotham-Book&quot;,sans-serif;mso-bidi-font-family:  Gotham-Book;color:#1D1D1B;mso-ansi-language:EN-GB\"><o:p><\/o:p><\/span><\/p>\n<\/td>\n<\/tr>\n<\/tbody>\n<\/table>","protected":false},"excerpt":{"rendered":"<p>Vara ekki send \u00ed p\u00f3sti, \u00fearf a\u00f0 s\u00e6kja \u00e1 lager okkar.<\/p>","protected":false},"featured_media":57333,"comment_status":"closed","ping_status":"closed","template":"","meta":[],"product_brand":[],"product_cat":[517,883,887],"product_tag":[1015,1011],"class_list":{"0":"post-56100","1":"product","2":"type-product","3":"status-publish","4":"has-post-thumbnail","6":"product_cat-lykillausnir","7":"product_cat-orkuver","8":"product_cat-rafstodvar-orkuver","9":"product_tag-rafstodvar","10":"product_tag-vetur","12":"first","13":"instock","14":"taxable","15":"shipping-taxable","16":"purchasable","17":"product-type-simple"},"yoast_head":"<!-- This site is optimized with the Yoast SEO plugin v27.3 - https:\/\/yoast.com\/product\/yoast-seo-wordpress\/ -->\n<title>BLACK &amp; DECKER Rafst\u00f6\u00f0 Inverter 6000\/6500w, Electric, Remote start, ATS start - V\u00e9lar &amp; Verkf\u00e6ri<\/title>\n<meta name=\"robots\" content=\"index, follow, max-snippet:-1, max-image-preview:large, max-video-preview:-1\" \/>\n<link rel=\"canonical\" href=\"https:\/\/velarogverkfaeri.is\/en\/lykillausnir\/orkuver\/rafstodvar-orkuver\/product\/blackdecker-rafstod-inverter-6000-6500w-electric-remote-start-ats-start-bxgni6500e\/\" \/>\n<meta property=\"og:locale\" content=\"en_US\" \/>\n<meta property=\"og:type\" content=\"article\" \/>\n<meta property=\"og:title\" content=\"BLACK &amp; DECKER Rafst\u00f6\u00f0 Inverter 6000\/6500w, Electric, Remote start, ATS start - V\u00e9lar &amp; Verkf\u00e6ri\" \/>\n<meta property=\"og:description\" content=\"Vara ekki send \u00ed p\u00f3sti, \u00fearf a\u00f0 s\u00e6kja \u00e1 lager okkar.\" \/>\n<meta property=\"og:url\" content=\"https:\/\/velarogverkfaeri.is\/en\/lykillausnir\/orkuver\/rafstodvar-orkuver\/product\/blackdecker-rafstod-inverter-6000-6500w-electric-remote-start-ats-start-bxgni6500e\/\" \/>\n<meta property=\"og:site_name\" content=\"V\u00e9lar &amp; Verkf\u00e6ri\" \/>\n<meta property=\"article:publisher\" content=\"https:\/\/www.facebook.com\/VelarOgVerkfaeri\" \/>\n<meta property=\"article:modified_time\" content=\"2025-12-23T10:45:33+00:00\" \/>\n<meta property=\"og:image\" content=\"https:\/\/velarogverkfaeri.is\/wp-content\/uploads\/2024\/02\/cc8281ab-8b74-4173-b9bd-17dec32dacc6.jpeg\" \/>\n\t<meta property=\"og:image:width\" content=\"600\" \/>\n\t<meta property=\"og:image:height\" content=\"600\" \/>\n\t<meta property=\"og:image:type\" content=\"image\/jpeg\" \/>\n<meta name=\"twitter:card\" content=\"summary_large_image\" \/>\n<script type=\"application\/ld+json\" class=\"yoast-schema-graph\">{\"@context\":\"https:\\\/\\\/schema.org\",\"@graph\":[{\"@type\":\"WebPage\",\"@id\":\"https:\\\/\\\/velarogverkfaeri.is\\\/lykillausnir\\\/orkuver\\\/rafstodvar-orkuver\\\/product\\\/blackdecker-rafstod-inverter-6000-6500w-electric-remote-start-ats-start-bxgni6500e\\\/\",\"url\":\"https:\\\/\\\/velarogverkfaeri.is\\\/lykillausnir\\\/orkuver\\\/rafstodvar-orkuver\\\/product\\\/blackdecker-rafstod-inverter-6000-6500w-electric-remote-start-ats-start-bxgni6500e\\\/\",\"name\":\"BLACK & DECKER Rafst\u00f6\u00f0 Inverter 6000\\\/6500w, Electric, Remote start, ATS start - V\u00e9lar &amp; Verkf\u00e6ri\",\"isPartOf\":{\"@id\":\"https:\\\/\\\/velarogverkfaeri.is\\\/en\\\/#website\"},\"primaryImageOfPage\":{\"@id\":\"https:\\\/\\\/velarogverkfaeri.is\\\/lykillausnir\\\/orkuver\\\/rafstodvar-orkuver\\\/product\\\/blackdecker-rafstod-inverter-6000-6500w-electric-remote-start-ats-start-bxgni6500e\\\/#primaryimage\"},\"image\":{\"@id\":\"https:\\\/\\\/velarogverkfaeri.is\\\/lykillausnir\\\/orkuver\\\/rafstodvar-orkuver\\\/product\\\/blackdecker-rafstod-inverter-6000-6500w-electric-remote-start-ats-start-bxgni6500e\\\/#primaryimage\"},\"thumbnailUrl\":\"https:\\\/\\\/velarogverkfaeri.is\\\/wp-content\\\/uploads\\\/2024\\\/02\\\/cc8281ab-8b74-4173-b9bd-17dec32dacc6.jpeg\",\"datePublished\":\"2023-12-06T09:31:41+00:00\",\"dateModified\":\"2025-12-23T10:45:33+00:00\",\"breadcrumb\":{\"@id\":\"https:\\\/\\\/velarogverkfaeri.is\\\/lykillausnir\\\/orkuver\\\/rafstodvar-orkuver\\\/product\\\/blackdecker-rafstod-inverter-6000-6500w-electric-remote-start-ats-start-bxgni6500e\\\/#breadcrumb\"},\"inLanguage\":\"en-US\",\"potentialAction\":[{\"@type\":\"ReadAction\",\"target\":[\"https:\\\/\\\/velarogverkfaeri.is\\\/lykillausnir\\\/orkuver\\\/rafstodvar-orkuver\\\/product\\\/blackdecker-rafstod-inverter-6000-6500w-electric-remote-start-ats-start-bxgni6500e\\\/\"]}]},{\"@type\":\"ImageObject\",\"inLanguage\":\"en-US\",\"@id\":\"https:\\\/\\\/velarogverkfaeri.is\\\/lykillausnir\\\/orkuver\\\/rafstodvar-orkuver\\\/product\\\/blackdecker-rafstod-inverter-6000-6500w-electric-remote-start-ats-start-bxgni6500e\\\/#primaryimage\",\"url\":\"https:\\\/\\\/velarogverkfaeri.is\\\/wp-content\\\/uploads\\\/2024\\\/02\\\/cc8281ab-8b74-4173-b9bd-17dec32dacc6.jpeg\",\"contentUrl\":\"https:\\\/\\\/velarogverkfaeri.is\\\/wp-content\\\/uploads\\\/2024\\\/02\\\/cc8281ab-8b74-4173-b9bd-17dec32dacc6.jpeg\",\"width\":600,\"height\":600},{\"@type\":\"BreadcrumbList\",\"@id\":\"https:\\\/\\\/velarogverkfaeri.is\\\/lykillausnir\\\/orkuver\\\/rafstodvar-orkuver\\\/product\\\/blackdecker-rafstod-inverter-6000-6500w-electric-remote-start-ats-start-bxgni6500e\\\/#breadcrumb\",\"itemListElement\":[{\"@type\":\"ListItem\",\"position\":1,\"name\":\"Home\",\"item\":\"https:\\\/\\\/velarogverkfaeri.is\\\/\"},{\"@type\":\"ListItem\",\"position\":2,\"name\":\"Vefverslun\",\"item\":\"https:\\\/\\\/velarogverkfaeri.is\\\/vefverslun\\\/\"},{\"@type\":\"ListItem\",\"position\":3,\"name\":\"BLACK &#038; DECKER Rafst\u00f6\u00f0 Inverter 6000\\\/6500w, Electric, Remote start, ATS start\"}]},{\"@type\":\"WebSite\",\"@id\":\"https:\\\/\\\/velarogverkfaeri.is\\\/en\\\/#website\",\"url\":\"https:\\\/\\\/velarogverkfaeri.is\\\/en\\\/\",\"name\":\"V\u00e9lar & Verkf\u00e6ri\",\"description\":\"Umbo\u00f0s- og heildverslun fr\u00e1 \u00e1rinu 1919\",\"publisher\":{\"@id\":\"https:\\\/\\\/velarogverkfaeri.is\\\/en\\\/#organization\"},\"potentialAction\":[{\"@type\":\"SearchAction\",\"target\":{\"@type\":\"EntryPoint\",\"urlTemplate\":\"https:\\\/\\\/velarogverkfaeri.is\\\/en\\\/?s={search_term_string}\"},\"query-input\":{\"@type\":\"PropertyValueSpecification\",\"valueRequired\":true,\"valueName\":\"search_term_string\"}}],\"inLanguage\":\"en-US\"},{\"@type\":\"Organization\",\"@id\":\"https:\\\/\\\/velarogverkfaeri.is\\\/en\\\/#organization\",\"name\":\"V\u00e9lar & Verkf\u00e6ri\",\"url\":\"https:\\\/\\\/velarogverkfaeri.is\\\/en\\\/\",\"logo\":{\"@type\":\"ImageObject\",\"inLanguage\":\"en-US\",\"@id\":\"https:\\\/\\\/velarogverkfaeri.is\\\/en\\\/#\\\/schema\\\/logo\\\/image\\\/\",\"url\":\"https:\\\/\\\/velarogverkfaeri.is\\\/wp-content\\\/uploads\\\/2021\\\/10\\\/vv_logo_350x100.png\",\"contentUrl\":\"https:\\\/\\\/velarogverkfaeri.is\\\/wp-content\\\/uploads\\\/2021\\\/10\\\/vv_logo_350x100.png\",\"width\":350,\"height\":100,\"caption\":\"V\u00e9lar & Verkf\u00e6ri\"},\"image\":{\"@id\":\"https:\\\/\\\/velarogverkfaeri.is\\\/en\\\/#\\\/schema\\\/logo\\\/image\\\/\"},\"sameAs\":[\"https:\\\/\\\/www.facebook.com\\\/VelarOgVerkfaeri\"]}]}<\/script>\n<!-- \/ Yoast SEO plugin. -->","yoast_head_json":{"title":"BLACK & DECKER Rafst\u00f6\u00f0 Inverter 6000\/6500w, Electric, Remote start, ATS start - V\u00e9lar &amp; Verkf\u00e6ri","robots":{"index":"index","follow":"follow","max-snippet":"max-snippet:-1","max-image-preview":"max-image-preview:large","max-video-preview":"max-video-preview:-1"},"canonical":"https:\/\/velarogverkfaeri.is\/en\/lykillausnir\/orkuver\/rafstodvar-orkuver\/product\/blackdecker-rafstod-inverter-6000-6500w-electric-remote-start-ats-start-bxgni6500e\/","og_locale":"en_US","og_type":"article","og_title":"BLACK & DECKER Rafst\u00f6\u00f0 Inverter 6000\/6500w, Electric, Remote start, ATS start - V\u00e9lar &amp; Verkf\u00e6ri","og_description":"Vara ekki send \u00ed p\u00f3sti, \u00fearf a\u00f0 s\u00e6kja \u00e1 lager okkar.","og_url":"https:\/\/velarogverkfaeri.is\/en\/lykillausnir\/orkuver\/rafstodvar-orkuver\/product\/blackdecker-rafstod-inverter-6000-6500w-electric-remote-start-ats-start-bxgni6500e\/","og_site_name":"V\u00e9lar &amp; Verkf\u00e6ri","article_publisher":"https:\/\/www.facebook.com\/VelarOgVerkfaeri","article_modified_time":"2025-12-23T10:45:33+00:00","og_image":[{"width":600,"height":600,"url":"https:\/\/velarogverkfaeri.is\/wp-content\/uploads\/2024\/02\/cc8281ab-8b74-4173-b9bd-17dec32dacc6.jpeg","type":"image\/jpeg"}],"twitter_card":"summary_large_image","schema":{"@context":"https:\/\/schema.org","@graph":[{"@type":"WebPage","@id":"https:\/\/velarogverkfaeri.is\/lykillausnir\/orkuver\/rafstodvar-orkuver\/product\/blackdecker-rafstod-inverter-6000-6500w-electric-remote-start-ats-start-bxgni6500e\/","url":"https:\/\/velarogverkfaeri.is\/lykillausnir\/orkuver\/rafstodvar-orkuver\/product\/blackdecker-rafstod-inverter-6000-6500w-electric-remote-start-ats-start-bxgni6500e\/","name":"BLACK & DECKER Rafst\u00f6\u00f0 Inverter 6000\/6500w, Electric, Remote start, ATS start - V\u00e9lar &amp; Verkf\u00e6ri","isPartOf":{"@id":"https:\/\/velarogverkfaeri.is\/en\/#website"},"primaryImageOfPage":{"@id":"https:\/\/velarogverkfaeri.is\/lykillausnir\/orkuver\/rafstodvar-orkuver\/product\/blackdecker-rafstod-inverter-6000-6500w-electric-remote-start-ats-start-bxgni6500e\/#primaryimage"},"image":{"@id":"https:\/\/velarogverkfaeri.is\/lykillausnir\/orkuver\/rafstodvar-orkuver\/product\/blackdecker-rafstod-inverter-6000-6500w-electric-remote-start-ats-start-bxgni6500e\/#primaryimage"},"thumbnailUrl":"https:\/\/velarogverkfaeri.is\/wp-content\/uploads\/2024\/02\/cc8281ab-8b74-4173-b9bd-17dec32dacc6.jpeg","datePublished":"2023-12-06T09:31:41+00:00","dateModified":"2025-12-23T10:45:33+00:00","breadcrumb":{"@id":"https:\/\/velarogverkfaeri.is\/lykillausnir\/orkuver\/rafstodvar-orkuver\/product\/blackdecker-rafstod-inverter-6000-6500w-electric-remote-start-ats-start-bxgni6500e\/#breadcrumb"},"inLanguage":"en-US","potentialAction":[{"@type":"ReadAction","target":["https:\/\/velarogverkfaeri.is\/lykillausnir\/orkuver\/rafstodvar-orkuver\/product\/blackdecker-rafstod-inverter-6000-6500w-electric-remote-start-ats-start-bxgni6500e\/"]}]},{"@type":"ImageObject","inLanguage":"en-US","@id":"https:\/\/velarogverkfaeri.is\/lykillausnir\/orkuver\/rafstodvar-orkuver\/product\/blackdecker-rafstod-inverter-6000-6500w-electric-remote-start-ats-start-bxgni6500e\/#primaryimage","url":"https:\/\/velarogverkfaeri.is\/wp-content\/uploads\/2024\/02\/cc8281ab-8b74-4173-b9bd-17dec32dacc6.jpeg","contentUrl":"https:\/\/velarogverkfaeri.is\/wp-content\/uploads\/2024\/02\/cc8281ab-8b74-4173-b9bd-17dec32dacc6.jpeg","width":600,"height":600},{"@type":"BreadcrumbList","@id":"https:\/\/velarogverkfaeri.is\/lykillausnir\/orkuver\/rafstodvar-orkuver\/product\/blackdecker-rafstod-inverter-6000-6500w-electric-remote-start-ats-start-bxgni6500e\/#breadcrumb","itemListElement":[{"@type":"ListItem","position":1,"name":"Home","item":"https:\/\/velarogverkfaeri.is\/"},{"@type":"ListItem","position":2,"name":"Vefverslun","item":"https:\/\/velarogverkfaeri.is\/vefverslun\/"},{"@type":"ListItem","position":3,"name":"BLACK &#038; DECKER Rafst\u00f6\u00f0 Inverter 6000\/6500w, Electric, Remote start, ATS start"}]},{"@type":"WebSite","@id":"https:\/\/velarogverkfaeri.is\/en\/#website","url":"https:\/\/velarogverkfaeri.is\/en\/","name":"V\u00e9lar & Verkf\u00e6ri","description":"Umbo\u00f0s- og heildverslun fr\u00e1 \u00e1rinu 1919","publisher":{"@id":"https:\/\/velarogverkfaeri.is\/en\/#organization"},"potentialAction":[{"@type":"SearchAction","target":{"@type":"EntryPoint","urlTemplate":"https:\/\/velarogverkfaeri.is\/en\/?s={search_term_string}"},"query-input":{"@type":"PropertyValueSpecification","valueRequired":true,"valueName":"search_term_string"}}],"inLanguage":"en-US"},{"@type":"Organization","@id":"https:\/\/velarogverkfaeri.is\/en\/#organization","name":"V\u00e9lar & Verkf\u00e6ri","url":"https:\/\/velarogverkfaeri.is\/en\/","logo":{"@type":"ImageObject","inLanguage":"en-US","@id":"https:\/\/velarogverkfaeri.is\/en\/#\/schema\/logo\/image\/","url":"https:\/\/velarogverkfaeri.is\/wp-content\/uploads\/2021\/10\/vv_logo_350x100.png","contentUrl":"https:\/\/velarogverkfaeri.is\/wp-content\/uploads\/2021\/10\/vv_logo_350x100.png","width":350,"height":100,"caption":"V\u00e9lar & Verkf\u00e6ri"},"image":{"@id":"https:\/\/velarogverkfaeri.is\/en\/#\/schema\/logo\/image\/"},"sameAs":["https:\/\/www.facebook.com\/VelarOgVerkfaeri"]}]}},"_links":{"self":[{"href":"https:\/\/velarogverkfaeri.is\/en\/wp-json\/wp\/v2\/product\/56100","targetHints":{"allow":["GET"]}}],"collection":[{"href":"https:\/\/velarogverkfaeri.is\/en\/wp-json\/wp\/v2\/product"}],"about":[{"href":"https:\/\/velarogverkfaeri.is\/en\/wp-json\/wp\/v2\/types\/product"}],"replies":[{"embeddable":true,"href":"https:\/\/velarogverkfaeri.is\/en\/wp-json\/wp\/v2\/comments?post=56100"}],"wp:featuredmedia":[{"embeddable":true,"href":"https:\/\/velarogverkfaeri.is\/en\/wp-json\/wp\/v2\/media\/57333"}],"wp:attachment":[{"href":"https:\/\/velarogverkfaeri.is\/en\/wp-json\/wp\/v2\/media?parent=56100"}],"wp:term":[{"taxonomy":"product_brand","embeddable":true,"href":"https:\/\/velarogverkfaeri.is\/en\/wp-json\/wp\/v2\/product_brand?post=56100"},{"taxonomy":"product_cat","embeddable":true,"href":"https:\/\/velarogverkfaeri.is\/en\/wp-json\/wp\/v2\/product_cat?post=56100"},{"taxonomy":"product_tag","embeddable":true,"href":"https:\/\/velarogverkfaeri.is\/en\/wp-json\/wp\/v2\/product_tag?post=56100"}],"curies":[{"name":"wp","href":"https:\/\/api.w.org\/{rel}","templated":true}]}}