{"id":55824,"date":"2023-12-08T09:01:48","date_gmt":"2023-12-08T09:01:48","guid":{"rendered":"https:\/\/velarogverkfaeri.is\/?post_type=product&#038;p=55824"},"modified":"2026-02-13T00:45:43","modified_gmt":"2026-02-13T00:45:43","slug":"agfaphoto-solarsellur-sp120","status":"publish","type":"product","link":"https:\/\/velarogverkfaeri.is\/en\/lykillausnir\/orkuver\/solarsellur-og-fylgihlutir\/product\/agfaphoto-solarsellur-sp120\/","title":{"rendered":"AGFAPHOTO S\u00f3larsellur SP120"},"content":{"rendered":"<p class=\"MsoNormal\"><span style=\"font-size: 13pt; line-height: 107%; font-family: Calibri, sans-serif;\">Ladeleistung<br \/>\n120 W<br \/>\nLeistung 15 W pro Panel<br \/>\nAnzahl der Panels 8<br \/>\nAusg\u00e4nge 1x DC | 18V 5.4A oder 36V 2.7A<br \/>\nGewicht 4,48 kg<br \/>\nAbmessungen (geschlossen) 360 x 295 x 40 mm<br \/>\nAbmessungen (ge\u00f6ffnet) 1350 x 720 x 4 mm<br \/>\nZertifikate CE, FCC, ROHS<br \/>\nGarantie 24 Monate<o:p><\/o:p><\/span><\/p>","protected":false},"excerpt":{"rendered":"<p>Ladeleistung 120 W Leistung 15 W pro Panel Anzahl der Panels 8 Ausg\u00e4nge 1x DC | 18V 5.4A oder 36V 2.7A Gewicht 4,48 kg Abmessungen (geschlossen) 360 x 295 x 40 mm Abmessungen (ge\u00f6ffnet) 1350 x 720 x 4 mm Zertifikate CE, FCC, ROHS Garantie 24 Monate<\/p>","protected":false},"featured_media":59298,"comment_status":"closed","ping_status":"closed","template":"","meta":[],"product_brand":[],"product_cat":[517,883,886],"product_tag":[],"class_list":{"0":"post-55824","1":"product","2":"type-product","3":"status-publish","4":"has-post-thumbnail","6":"product_cat-lykillausnir","7":"product_cat-orkuver","8":"product_cat-solarsellur-og-fylgihlutir","10":"first","11":"instock","12":"taxable","13":"shipping-taxable","14":"purchasable","15":"product-type-simple"},"yoast_head":"<!-- This site is optimized with the Yoast SEO plugin v27.3 - https:\/\/yoast.com\/product\/yoast-seo-wordpress\/ -->\n<title>AGFAPHOTO S\u00f3larsellur SP120 - V\u00e9lar &amp; Verkf\u00e6ri<\/title>\n<meta name=\"robots\" content=\"index, follow, max-snippet:-1, max-image-preview:large, max-video-preview:-1\" \/>\n<link rel=\"canonical\" href=\"https:\/\/velarogverkfaeri.is\/en\/lykillausnir\/orkuver\/solarsellur-og-fylgihlutir\/product\/agfaphoto-solarsellur-sp120\/\" \/>\n<meta property=\"og:locale\" content=\"en_US\" \/>\n<meta property=\"og:type\" content=\"article\" \/>\n<meta property=\"og:title\" content=\"AGFAPHOTO S\u00f3larsellur SP120 - V\u00e9lar &amp; Verkf\u00e6ri\" \/>\n<meta property=\"og:description\" content=\"Ladeleistung 120 W Leistung 15 W pro Panel Anzahl der Panels 8 Ausg\u00e4nge 1x DC | 18V 5.4A oder 36V 2.7A Gewicht 4,48 kg Abmessungen (geschlossen) 360 x 295 x 40 mm Abmessungen (ge\u00f6ffnet) 1350 x 720 x 4 mm Zertifikate CE, FCC, ROHS Garantie 24 Monate\" \/>\n<meta property=\"og:url\" content=\"https:\/\/velarogverkfaeri.is\/en\/lykillausnir\/orkuver\/solarsellur-og-fylgihlutir\/product\/agfaphoto-solarsellur-sp120\/\" \/>\n<meta property=\"og:site_name\" content=\"V\u00e9lar &amp; Verkf\u00e6ri\" \/>\n<meta property=\"article:publisher\" content=\"https:\/\/www.facebook.com\/VelarOgVerkfaeri\" \/>\n<meta property=\"article:modified_time\" content=\"2026-02-13T00:45:43+00:00\" \/>\n<meta property=\"og:image\" content=\"https:\/\/velarogverkfaeri.is\/wp-content\/uploads\/2024\/04\/d24633c9-7dc2-4d58-b40f-c85bf6fab0a4.jpeg\" \/>\n\t<meta property=\"og:image:width\" content=\"600\" \/>\n\t<meta property=\"og:image:height\" content=\"600\" \/>\n\t<meta property=\"og:image:type\" content=\"image\/jpeg\" \/>\n<meta name=\"twitter:card\" content=\"summary_large_image\" \/>\n<script type=\"application\/ld+json\" class=\"yoast-schema-graph\">{\"@context\":\"https:\\\/\\\/schema.org\",\"@graph\":[{\"@type\":\"WebPage\",\"@id\":\"https:\\\/\\\/velarogverkfaeri.is\\\/lykillausnir\\\/orkuver\\\/solarsellur-og-fylgihlutir\\\/product\\\/agfaphoto-solarsellur-sp120\\\/\",\"url\":\"https:\\\/\\\/velarogverkfaeri.is\\\/lykillausnir\\\/orkuver\\\/solarsellur-og-fylgihlutir\\\/product\\\/agfaphoto-solarsellur-sp120\\\/\",\"name\":\"AGFAPHOTO S\u00f3larsellur SP120 - V\u00e9lar &amp; Verkf\u00e6ri\",\"isPartOf\":{\"@id\":\"https:\\\/\\\/velarogverkfaeri.is\\\/en\\\/#website\"},\"primaryImageOfPage\":{\"@id\":\"https:\\\/\\\/velarogverkfaeri.is\\\/lykillausnir\\\/orkuver\\\/solarsellur-og-fylgihlutir\\\/product\\\/agfaphoto-solarsellur-sp120\\\/#primaryimage\"},\"image\":{\"@id\":\"https:\\\/\\\/velarogverkfaeri.is\\\/lykillausnir\\\/orkuver\\\/solarsellur-og-fylgihlutir\\\/product\\\/agfaphoto-solarsellur-sp120\\\/#primaryimage\"},\"thumbnailUrl\":\"https:\\\/\\\/velarogverkfaeri.is\\\/wp-content\\\/uploads\\\/2024\\\/04\\\/d24633c9-7dc2-4d58-b40f-c85bf6fab0a4.jpeg\",\"datePublished\":\"2023-12-08T09:01:48+00:00\",\"dateModified\":\"2026-02-13T00:45:43+00:00\",\"breadcrumb\":{\"@id\":\"https:\\\/\\\/velarogverkfaeri.is\\\/lykillausnir\\\/orkuver\\\/solarsellur-og-fylgihlutir\\\/product\\\/agfaphoto-solarsellur-sp120\\\/#breadcrumb\"},\"inLanguage\":\"en-US\",\"potentialAction\":[{\"@type\":\"ReadAction\",\"target\":[\"https:\\\/\\\/velarogverkfaeri.is\\\/lykillausnir\\\/orkuver\\\/solarsellur-og-fylgihlutir\\\/product\\\/agfaphoto-solarsellur-sp120\\\/\"]}]},{\"@type\":\"ImageObject\",\"inLanguage\":\"en-US\",\"@id\":\"https:\\\/\\\/velarogverkfaeri.is\\\/lykillausnir\\\/orkuver\\\/solarsellur-og-fylgihlutir\\\/product\\\/agfaphoto-solarsellur-sp120\\\/#primaryimage\",\"url\":\"https:\\\/\\\/velarogverkfaeri.is\\\/wp-content\\\/uploads\\\/2024\\\/04\\\/d24633c9-7dc2-4d58-b40f-c85bf6fab0a4.jpeg\",\"contentUrl\":\"https:\\\/\\\/velarogverkfaeri.is\\\/wp-content\\\/uploads\\\/2024\\\/04\\\/d24633c9-7dc2-4d58-b40f-c85bf6fab0a4.jpeg\",\"width\":600,\"height\":600},{\"@type\":\"BreadcrumbList\",\"@id\":\"https:\\\/\\\/velarogverkfaeri.is\\\/lykillausnir\\\/orkuver\\\/solarsellur-og-fylgihlutir\\\/product\\\/agfaphoto-solarsellur-sp120\\\/#breadcrumb\",\"itemListElement\":[{\"@type\":\"ListItem\",\"position\":1,\"name\":\"Home\",\"item\":\"https:\\\/\\\/velarogverkfaeri.is\\\/\"},{\"@type\":\"ListItem\",\"position\":2,\"name\":\"Vefverslun\",\"item\":\"https:\\\/\\\/velarogverkfaeri.is\\\/vefverslun\\\/\"},{\"@type\":\"ListItem\",\"position\":3,\"name\":\"AGFAPHOTO S\u00f3larsellur SP120\"}]},{\"@type\":\"WebSite\",\"@id\":\"https:\\\/\\\/velarogverkfaeri.is\\\/en\\\/#website\",\"url\":\"https:\\\/\\\/velarogverkfaeri.is\\\/en\\\/\",\"name\":\"V\u00e9lar & Verkf\u00e6ri\",\"description\":\"Umbo\u00f0s- og heildverslun fr\u00e1 \u00e1rinu 1919\",\"publisher\":{\"@id\":\"https:\\\/\\\/velarogverkfaeri.is\\\/en\\\/#organization\"},\"potentialAction\":[{\"@type\":\"SearchAction\",\"target\":{\"@type\":\"EntryPoint\",\"urlTemplate\":\"https:\\\/\\\/velarogverkfaeri.is\\\/en\\\/?s={search_term_string}\"},\"query-input\":{\"@type\":\"PropertyValueSpecification\",\"valueRequired\":true,\"valueName\":\"search_term_string\"}}],\"inLanguage\":\"en-US\"},{\"@type\":\"Organization\",\"@id\":\"https:\\\/\\\/velarogverkfaeri.is\\\/en\\\/#organization\",\"name\":\"V\u00e9lar & Verkf\u00e6ri\",\"url\":\"https:\\\/\\\/velarogverkfaeri.is\\\/en\\\/\",\"logo\":{\"@type\":\"ImageObject\",\"inLanguage\":\"en-US\",\"@id\":\"https:\\\/\\\/velarogverkfaeri.is\\\/en\\\/#\\\/schema\\\/logo\\\/image\\\/\",\"url\":\"https:\\\/\\\/velarogverkfaeri.is\\\/wp-content\\\/uploads\\\/2021\\\/10\\\/vv_logo_350x100.png\",\"contentUrl\":\"https:\\\/\\\/velarogverkfaeri.is\\\/wp-content\\\/uploads\\\/2021\\\/10\\\/vv_logo_350x100.png\",\"width\":350,\"height\":100,\"caption\":\"V\u00e9lar & Verkf\u00e6ri\"},\"image\":{\"@id\":\"https:\\\/\\\/velarogverkfaeri.is\\\/en\\\/#\\\/schema\\\/logo\\\/image\\\/\"},\"sameAs\":[\"https:\\\/\\\/www.facebook.com\\\/VelarOgVerkfaeri\"]}]}<\/script>\n<!-- \/ Yoast SEO plugin. -->","yoast_head_json":{"title":"AGFAPHOTO S\u00f3larsellur SP120 - V\u00e9lar &amp; Verkf\u00e6ri","robots":{"index":"index","follow":"follow","max-snippet":"max-snippet:-1","max-image-preview":"max-image-preview:large","max-video-preview":"max-video-preview:-1"},"canonical":"https:\/\/velarogverkfaeri.is\/en\/lykillausnir\/orkuver\/solarsellur-og-fylgihlutir\/product\/agfaphoto-solarsellur-sp120\/","og_locale":"en_US","og_type":"article","og_title":"AGFAPHOTO S\u00f3larsellur SP120 - V\u00e9lar &amp; Verkf\u00e6ri","og_description":"Ladeleistung 120 W Leistung 15 W pro Panel Anzahl der Panels 8 Ausg\u00e4nge 1x DC | 18V 5.4A oder 36V 2.7A Gewicht 4,48 kg Abmessungen (geschlossen) 360 x 295 x 40 mm Abmessungen (ge\u00f6ffnet) 1350 x 720 x 4 mm Zertifikate CE, FCC, ROHS Garantie 24 Monate","og_url":"https:\/\/velarogverkfaeri.is\/en\/lykillausnir\/orkuver\/solarsellur-og-fylgihlutir\/product\/agfaphoto-solarsellur-sp120\/","og_site_name":"V\u00e9lar &amp; Verkf\u00e6ri","article_publisher":"https:\/\/www.facebook.com\/VelarOgVerkfaeri","article_modified_time":"2026-02-13T00:45:43+00:00","og_image":[{"width":600,"height":600,"url":"https:\/\/velarogverkfaeri.is\/wp-content\/uploads\/2024\/04\/d24633c9-7dc2-4d58-b40f-c85bf6fab0a4.jpeg","type":"image\/jpeg"}],"twitter_card":"summary_large_image","schema":{"@context":"https:\/\/schema.org","@graph":[{"@type":"WebPage","@id":"https:\/\/velarogverkfaeri.is\/lykillausnir\/orkuver\/solarsellur-og-fylgihlutir\/product\/agfaphoto-solarsellur-sp120\/","url":"https:\/\/velarogverkfaeri.is\/lykillausnir\/orkuver\/solarsellur-og-fylgihlutir\/product\/agfaphoto-solarsellur-sp120\/","name":"AGFAPHOTO S\u00f3larsellur SP120 - V\u00e9lar &amp; Verkf\u00e6ri","isPartOf":{"@id":"https:\/\/velarogverkfaeri.is\/en\/#website"},"primaryImageOfPage":{"@id":"https:\/\/velarogverkfaeri.is\/lykillausnir\/orkuver\/solarsellur-og-fylgihlutir\/product\/agfaphoto-solarsellur-sp120\/#primaryimage"},"image":{"@id":"https:\/\/velarogverkfaeri.is\/lykillausnir\/orkuver\/solarsellur-og-fylgihlutir\/product\/agfaphoto-solarsellur-sp120\/#primaryimage"},"thumbnailUrl":"https:\/\/velarogverkfaeri.is\/wp-content\/uploads\/2024\/04\/d24633c9-7dc2-4d58-b40f-c85bf6fab0a4.jpeg","datePublished":"2023-12-08T09:01:48+00:00","dateModified":"2026-02-13T00:45:43+00:00","breadcrumb":{"@id":"https:\/\/velarogverkfaeri.is\/lykillausnir\/orkuver\/solarsellur-og-fylgihlutir\/product\/agfaphoto-solarsellur-sp120\/#breadcrumb"},"inLanguage":"en-US","potentialAction":[{"@type":"ReadAction","target":["https:\/\/velarogverkfaeri.is\/lykillausnir\/orkuver\/solarsellur-og-fylgihlutir\/product\/agfaphoto-solarsellur-sp120\/"]}]},{"@type":"ImageObject","inLanguage":"en-US","@id":"https:\/\/velarogverkfaeri.is\/lykillausnir\/orkuver\/solarsellur-og-fylgihlutir\/product\/agfaphoto-solarsellur-sp120\/#primaryimage","url":"https:\/\/velarogverkfaeri.is\/wp-content\/uploads\/2024\/04\/d24633c9-7dc2-4d58-b40f-c85bf6fab0a4.jpeg","contentUrl":"https:\/\/velarogverkfaeri.is\/wp-content\/uploads\/2024\/04\/d24633c9-7dc2-4d58-b40f-c85bf6fab0a4.jpeg","width":600,"height":600},{"@type":"BreadcrumbList","@id":"https:\/\/velarogverkfaeri.is\/lykillausnir\/orkuver\/solarsellur-og-fylgihlutir\/product\/agfaphoto-solarsellur-sp120\/#breadcrumb","itemListElement":[{"@type":"ListItem","position":1,"name":"Home","item":"https:\/\/velarogverkfaeri.is\/"},{"@type":"ListItem","position":2,"name":"Vefverslun","item":"https:\/\/velarogverkfaeri.is\/vefverslun\/"},{"@type":"ListItem","position":3,"name":"AGFAPHOTO S\u00f3larsellur SP120"}]},{"@type":"WebSite","@id":"https:\/\/velarogverkfaeri.is\/en\/#website","url":"https:\/\/velarogverkfaeri.is\/en\/","name":"V\u00e9lar & Verkf\u00e6ri","description":"Umbo\u00f0s- og heildverslun fr\u00e1 \u00e1rinu 1919","publisher":{"@id":"https:\/\/velarogverkfaeri.is\/en\/#organization"},"potentialAction":[{"@type":"SearchAction","target":{"@type":"EntryPoint","urlTemplate":"https:\/\/velarogverkfaeri.is\/en\/?s={search_term_string}"},"query-input":{"@type":"PropertyValueSpecification","valueRequired":true,"valueName":"search_term_string"}}],"inLanguage":"en-US"},{"@type":"Organization","@id":"https:\/\/velarogverkfaeri.is\/en\/#organization","name":"V\u00e9lar & Verkf\u00e6ri","url":"https:\/\/velarogverkfaeri.is\/en\/","logo":{"@type":"ImageObject","inLanguage":"en-US","@id":"https:\/\/velarogverkfaeri.is\/en\/#\/schema\/logo\/image\/","url":"https:\/\/velarogverkfaeri.is\/wp-content\/uploads\/2021\/10\/vv_logo_350x100.png","contentUrl":"https:\/\/velarogverkfaeri.is\/wp-content\/uploads\/2021\/10\/vv_logo_350x100.png","width":350,"height":100,"caption":"V\u00e9lar & Verkf\u00e6ri"},"image":{"@id":"https:\/\/velarogverkfaeri.is\/en\/#\/schema\/logo\/image\/"},"sameAs":["https:\/\/www.facebook.com\/VelarOgVerkfaeri"]}]}},"_links":{"self":[{"href":"https:\/\/velarogverkfaeri.is\/en\/wp-json\/wp\/v2\/product\/55824","targetHints":{"allow":["GET"]}}],"collection":[{"href":"https:\/\/velarogverkfaeri.is\/en\/wp-json\/wp\/v2\/product"}],"about":[{"href":"https:\/\/velarogverkfaeri.is\/en\/wp-json\/wp\/v2\/types\/product"}],"replies":[{"embeddable":true,"href":"https:\/\/velarogverkfaeri.is\/en\/wp-json\/wp\/v2\/comments?post=55824"}],"wp:featuredmedia":[{"embeddable":true,"href":"https:\/\/velarogverkfaeri.is\/en\/wp-json\/wp\/v2\/media\/59298"}],"wp:attachment":[{"href":"https:\/\/velarogverkfaeri.is\/en\/wp-json\/wp\/v2\/media?parent=55824"}],"wp:term":[{"taxonomy":"product_brand","embeddable":true,"href":"https:\/\/velarogverkfaeri.is\/en\/wp-json\/wp\/v2\/product_brand?post=55824"},{"taxonomy":"product_cat","embeddable":true,"href":"https:\/\/velarogverkfaeri.is\/en\/wp-json\/wp\/v2\/product_cat?post=55824"},{"taxonomy":"product_tag","embeddable":true,"href":"https:\/\/velarogverkfaeri.is\/en\/wp-json\/wp\/v2\/product_tag?post=55824"}],"curies":[{"name":"wp","href":"https:\/\/api.w.org\/{rel}","templated":true}]}}