{"id":55770,"date":"2023-12-06T10:01:42","date_gmt":"2023-12-06T10:01:42","guid":{"rendered":"https:\/\/velarogverkfaeri.is\/?post_type=product&#038;p=55770"},"modified":"2026-03-09T11:00:21","modified_gmt":"2026-03-09T11:00:21","slug":"dewalt-rafstod-inverter-3200-3400w-dxgni35e","status":"publish","type":"product","link":"https:\/\/velarogverkfaeri.is\/en\/lykillausnir\/orkuver\/rafstodvar-orkuver\/product\/dewalt-rafstod-inverter-3200-3400w-dxgni35e\/","title":{"rendered":"DeWALT Rafst\u00f6\u00f0 inverter 3200\/3400w"},"content":{"rendered":"<table class=\"MsoTableGrid\" border=\"1\" cellspacing=\"0\" cellpadding=\"0\" style=\"border: none;\">\n<tbody>\n<tr>\n<td width=\"141\" valign=\"top\" style=\"width:106.1pt;border:solid windowtext 1.0pt;  mso-border-alt:solid windowtext .5pt;padding:0cm 5.4pt 0cm 5.4pt\"><\/p>\n<p class=\"MsoNormal\" style=\"margin-bottom:0cm;line-height:normal;mso-layout-grid-align:  none;text-autospace:none\"><span lang=\"EN-GB\" style=\"font-size:12.0pt;  font-family:&quot;Gotham-Book&quot;,sans-serif;mso-bidi-font-family:Gotham-Book;  color:#1D1D1B;mso-ansi-language:EN-GB\">Rated Power<o:p><\/o:p><\/span><\/p>\n<p class=\"MsoNormal\" style=\"margin-bottom:0cm;line-height:normal;mso-layout-grid-align:  none;text-autospace:none\"><span lang=\"EN-GB\" style=\"font-size:12.0pt;  font-family:&quot;Gotham-Book&quot;,sans-serif;mso-bidi-font-family:Gotham-Book;  color:#1D1D1B;mso-ansi-language:EN-GB\">Maximum Power<o:p><\/o:p><\/span><\/p>\n<p class=\"MsoNormal\" style=\"margin-bottom:0cm;line-height:normal;mso-layout-grid-align:  none;text-autospace:none\"><span lang=\"EN-GB\" style=\"font-size:12.0pt;  font-family:&quot;Gotham-Book&quot;,sans-serif;mso-bidi-font-family:Gotham-Book;  color:#1D1D1B;mso-ansi-language:EN-GB\">Power<o:p><\/o:p><\/span><\/p>\n<p class=\"MsoNormal\" style=\"margin-bottom:0cm;line-height:normal;mso-layout-grid-align:  none;text-autospace:none\"><span lang=\"EN-GB\" style=\"font-size:12.0pt;  font-family:&quot;Gotham-Book&quot;,sans-serif;mso-bidi-font-family:Gotham-Book;  color:#1D1D1B;mso-ansi-language:EN-GB\">Displacement<o:p><\/o:p><\/span><\/p>\n<p class=\"MsoNormal\" style=\"margin-bottom:0cm;line-height:normal;mso-layout-grid-align:  none;text-autospace:none\"><span lang=\"EN-GB\" style=\"font-size:12.0pt;  font-family:&quot;Gotham-Book&quot;,sans-serif;mso-bidi-font-family:Gotham-Book;  color:#1D1D1B;mso-ansi-language:EN-GB\">Voltage<o:p><\/o:p><\/span><\/p>\n<p class=\"MsoNormal\" style=\"margin-bottom:0cm;line-height:normal;mso-layout-grid-align:  none;text-autospace:none\"><span lang=\"EN-GB\" style=\"font-size:12.0pt;  font-family:&quot;Gotham-Book&quot;,sans-serif;mso-bidi-font-family:Gotham-Book;  color:#1D1D1B;mso-ansi-language:EN-GB\">Voltage Regulation<o:p><\/o:p><\/span><\/p>\n<p class=\"MsoNormal\" style=\"margin-bottom:0cm;line-height:normal;mso-layout-grid-align:  none;text-autospace:none\"><span lang=\"EN-GB\" style=\"font-size:12.0pt;  font-family:&quot;Gotham-Book&quot;,sans-serif;mso-bidi-font-family:Gotham-Book;  color:#1D1D1B;mso-ansi-language:EN-GB\">Starting system<o:p><\/o:p><\/span><\/p>\n<p class=\"MsoNormal\" style=\"margin-bottom:0cm;line-height:normal;mso-layout-grid-align:  none;text-autospace:none\"><span lang=\"EN-GB\" style=\"font-size:12.0pt;  font-family:&quot;Gotham-Book&quot;,sans-serif;mso-bidi-font-family:Gotham-Book;  color:#1D1D1B;mso-ansi-language:EN-GB\">Weight<o:p><\/o:p><\/span><\/p>\n<p class=\"MsoNormal\" style=\"margin-bottom:0cm;line-height:normal;mso-layout-grid-align:  none;text-autospace:none\"><span lang=\"EN-GB\" style=\"font-size:12.0pt;  font-family:&quot;Gotham-Book&quot;,sans-serif;mso-bidi-font-family:Gotham-Book;  color:#1D1D1B;mso-ansi-language:EN-GB\">EAN<o:p><\/o:p><\/span><\/p>\n<\/td>\n<td width=\"123\" valign=\"top\" style=\"width:92.1pt;border:solid windowtext 1.0pt;  border-left:none;mso-border-left-alt:solid windowtext .5pt;mso-border-alt:  solid windowtext .5pt;padding:0cm 5.4pt 0cm 5.4pt\"><\/p>\n<p class=\"MsoNormal\" style=\"margin-bottom:0cm;line-height:normal;mso-layout-grid-align:  none;text-autospace:none\"><span style=\"font-size:12.0pt;font-family:&quot;Gotham-Book&quot;,sans-serif;  mso-bidi-font-family:Gotham-Book;color:#1D1D1B\">3,2 kW<o:p><\/o:p><\/span><\/p>\n<p class=\"MsoNormal\" style=\"margin-bottom:0cm;line-height:normal;mso-layout-grid-align:  none;text-autospace:none\"><span style=\"font-size:12.0pt;font-family:&quot;Gotham-Book&quot;,sans-serif;  mso-bidi-font-family:Gotham-Book;color:#1D1D1B\">3,4 kW<o:p><\/o:p><\/span><\/p>\n<p class=\"MsoNormal\" style=\"margin-bottom:0cm;line-height:normal;mso-layout-grid-align:  none;text-autospace:none\"><span style=\"font-size:12.0pt;font-family:&quot;Gotham-Book&quot;,sans-serif;  mso-bidi-font-family:Gotham-Book;color:#1D1D1B\">6 Hp<o:p><\/o:p><\/span><\/p>\n<p class=\"MsoNormal\" style=\"margin-bottom:0cm;line-height:normal;mso-layout-grid-align:  none;text-autospace:none\"><span style=\"font-size:12.0pt;font-family:&quot;Gotham-Book&quot;,sans-serif;  mso-bidi-font-family:Gotham-Book;color:#1D1D1B\">163 cc<o:p><\/o:p><\/span><\/p>\n<p class=\"MsoNormal\" style=\"margin-bottom:0cm;line-height:normal;mso-layout-grid-align:  none;text-autospace:none\"><span style=\"font-size:12.0pt;font-family:&quot;Gotham-Book&quot;,sans-serif;  mso-bidi-font-family:Gotham-Book;color:#1D1D1B\">230 V<o:p><\/o:p><\/span><\/p>\n<p class=\"MsoNormal\" style=\"margin-bottom:0cm;line-height:normal;mso-layout-grid-align:  none;text-autospace:none\"><span style=\"font-size:12.0pt;font-family:&quot;Gotham-Book&quot;,sans-serif;  mso-bidi-font-family:Gotham-Book;color:#1D1D1B\">Electronic<o:p><\/o:p><\/span><\/p>\n<p class=\"MsoNormal\" style=\"margin-bottom:0cm;line-height:normal;mso-layout-grid-align:  none;text-autospace:none\"><span style=\"font-size:12.0pt;font-family:&quot;Gotham-Book&quot;,sans-serif;  mso-bidi-font-family:Gotham-Book;color:#1D1D1B\">Recoil \/ Elect.<o:p><\/o:p><\/span><\/p>\n<p class=\"MsoNormal\" style=\"margin-bottom:0cm;line-height:normal;mso-layout-grid-align:  none;text-autospace:none\"><span style=\"font-size:12.0pt;font-family:&quot;Gotham-Book&quot;,sans-serif;  mso-bidi-font-family:Gotham-Book;color:#1D1D1B\">27\/31 Kg<o:p><\/o:p><\/span><\/p>\n<p class=\"MsoNormal\" style=\"margin-bottom:0cm;line-height:normal;mso-layout-grid-align:  none;text-autospace:none\"><span style=\"font-size:12.0pt;font-family:&quot;Gotham-Book&quot;,sans-serif;  mso-bidi-font-family:Gotham-Book;color:#1D1D1B\">8435528162886<\/span><span lang=\"EN-GB\" style=\"font-size:12.0pt;font-family:&quot;Gotham-Book&quot;,sans-serif;  mso-bidi-font-family:Gotham-Book;color:#1D1D1B;mso-ansi-language:EN-GB\"><o:p><\/o:p><\/span><\/p>\n<\/td>\n<\/tr>\n<\/tbody>\n<\/table>","protected":false},"excerpt":{"rendered":"<p>Kr\u00f6ftug rafst\u00f6\u00f0 fr\u00e1 DeWALT.<\/p>","protected":false},"featured_media":57357,"comment_status":"closed","ping_status":"closed","template":"","meta":[],"product_brand":[],"product_cat":[517,883,887],"product_tag":[1015,1011],"class_list":{"0":"post-55770","1":"product","2":"type-product","3":"status-publish","4":"has-post-thumbnail","6":"product_cat-lykillausnir","7":"product_cat-orkuver","8":"product_cat-rafstodvar-orkuver","9":"product_tag-rafstodvar","10":"product_tag-vetur","12":"first","13":"instock","14":"taxable","15":"shipping-taxable","16":"purchasable","17":"product-type-simple"},"yoast_head":"<!-- This site is optimized with the Yoast SEO plugin v27.3 - https:\/\/yoast.com\/product\/yoast-seo-wordpress\/ -->\n<title>DeWALT Rafst\u00f6\u00f0 inverter 3200\/3400w - V\u00e9lar &amp; Verkf\u00e6ri<\/title>\n<meta name=\"robots\" content=\"index, follow, max-snippet:-1, max-image-preview:large, max-video-preview:-1\" \/>\n<link rel=\"canonical\" href=\"https:\/\/velarogverkfaeri.is\/en\/lykillausnir\/orkuver\/rafstodvar-orkuver\/product\/dewalt-rafstod-inverter-3200-3400w-dxgni35e\/\" \/>\n<meta property=\"og:locale\" content=\"en_US\" \/>\n<meta property=\"og:type\" content=\"article\" \/>\n<meta property=\"og:title\" content=\"DeWALT Rafst\u00f6\u00f0 inverter 3200\/3400w - V\u00e9lar &amp; Verkf\u00e6ri\" \/>\n<meta property=\"og:description\" content=\"Kr\u00f6ftug rafst\u00f6\u00f0 fr\u00e1 DeWALT.\" \/>\n<meta property=\"og:url\" content=\"https:\/\/velarogverkfaeri.is\/en\/lykillausnir\/orkuver\/rafstodvar-orkuver\/product\/dewalt-rafstod-inverter-3200-3400w-dxgni35e\/\" \/>\n<meta property=\"og:site_name\" content=\"V\u00e9lar &amp; Verkf\u00e6ri\" \/>\n<meta property=\"article:publisher\" content=\"https:\/\/www.facebook.com\/VelarOgVerkfaeri\" \/>\n<meta property=\"article:modified_time\" content=\"2026-03-09T11:00:21+00:00\" \/>\n<meta property=\"og:image\" content=\"https:\/\/velarogverkfaeri.is\/wp-content\/uploads\/2024\/02\/69ab986d-f4bd-40cb-a2db-e6c35e7b973b-1024x964.png\" \/>\n\t<meta property=\"og:image:width\" content=\"1024\" \/>\n\t<meta property=\"og:image:height\" content=\"964\" \/>\n\t<meta property=\"og:image:type\" content=\"image\/png\" \/>\n<meta name=\"twitter:card\" content=\"summary_large_image\" \/>\n<script type=\"application\/ld+json\" class=\"yoast-schema-graph\">{\"@context\":\"https:\\\/\\\/schema.org\",\"@graph\":[{\"@type\":\"WebPage\",\"@id\":\"https:\\\/\\\/velarogverkfaeri.is\\\/lykillausnir\\\/orkuver\\\/rafstodvar-orkuver\\\/product\\\/dewalt-rafstod-inverter-3200-3400w-dxgni35e\\\/\",\"url\":\"https:\\\/\\\/velarogverkfaeri.is\\\/lykillausnir\\\/orkuver\\\/rafstodvar-orkuver\\\/product\\\/dewalt-rafstod-inverter-3200-3400w-dxgni35e\\\/\",\"name\":\"DeWALT Rafst\u00f6\u00f0 inverter 3200\\\/3400w - V\u00e9lar &amp; Verkf\u00e6ri\",\"isPartOf\":{\"@id\":\"https:\\\/\\\/velarogverkfaeri.is\\\/en\\\/#website\"},\"primaryImageOfPage\":{\"@id\":\"https:\\\/\\\/velarogverkfaeri.is\\\/lykillausnir\\\/orkuver\\\/rafstodvar-orkuver\\\/product\\\/dewalt-rafstod-inverter-3200-3400w-dxgni35e\\\/#primaryimage\"},\"image\":{\"@id\":\"https:\\\/\\\/velarogverkfaeri.is\\\/lykillausnir\\\/orkuver\\\/rafstodvar-orkuver\\\/product\\\/dewalt-rafstod-inverter-3200-3400w-dxgni35e\\\/#primaryimage\"},\"thumbnailUrl\":\"https:\\\/\\\/velarogverkfaeri.is\\\/wp-content\\\/uploads\\\/2024\\\/02\\\/69ab986d-f4bd-40cb-a2db-e6c35e7b973b.png\",\"datePublished\":\"2023-12-06T10:01:42+00:00\",\"dateModified\":\"2026-03-09T11:00:21+00:00\",\"breadcrumb\":{\"@id\":\"https:\\\/\\\/velarogverkfaeri.is\\\/lykillausnir\\\/orkuver\\\/rafstodvar-orkuver\\\/product\\\/dewalt-rafstod-inverter-3200-3400w-dxgni35e\\\/#breadcrumb\"},\"inLanguage\":\"en-US\",\"potentialAction\":[{\"@type\":\"ReadAction\",\"target\":[\"https:\\\/\\\/velarogverkfaeri.is\\\/lykillausnir\\\/orkuver\\\/rafstodvar-orkuver\\\/product\\\/dewalt-rafstod-inverter-3200-3400w-dxgni35e\\\/\"]}]},{\"@type\":\"ImageObject\",\"inLanguage\":\"en-US\",\"@id\":\"https:\\\/\\\/velarogverkfaeri.is\\\/lykillausnir\\\/orkuver\\\/rafstodvar-orkuver\\\/product\\\/dewalt-rafstod-inverter-3200-3400w-dxgni35e\\\/#primaryimage\",\"url\":\"https:\\\/\\\/velarogverkfaeri.is\\\/wp-content\\\/uploads\\\/2024\\\/02\\\/69ab986d-f4bd-40cb-a2db-e6c35e7b973b.png\",\"contentUrl\":\"https:\\\/\\\/velarogverkfaeri.is\\\/wp-content\\\/uploads\\\/2024\\\/02\\\/69ab986d-f4bd-40cb-a2db-e6c35e7b973b.png\",\"width\":1600,\"height\":1506},{\"@type\":\"BreadcrumbList\",\"@id\":\"https:\\\/\\\/velarogverkfaeri.is\\\/lykillausnir\\\/orkuver\\\/rafstodvar-orkuver\\\/product\\\/dewalt-rafstod-inverter-3200-3400w-dxgni35e\\\/#breadcrumb\",\"itemListElement\":[{\"@type\":\"ListItem\",\"position\":1,\"name\":\"Home\",\"item\":\"https:\\\/\\\/velarogverkfaeri.is\\\/\"},{\"@type\":\"ListItem\",\"position\":2,\"name\":\"Vefverslun\",\"item\":\"https:\\\/\\\/velarogverkfaeri.is\\\/vefverslun\\\/\"},{\"@type\":\"ListItem\",\"position\":3,\"name\":\"DeWALT Rafst\u00f6\u00f0 inverter 3200\\\/3400w\"}]},{\"@type\":\"WebSite\",\"@id\":\"https:\\\/\\\/velarogverkfaeri.is\\\/en\\\/#website\",\"url\":\"https:\\\/\\\/velarogverkfaeri.is\\\/en\\\/\",\"name\":\"V\u00e9lar & Verkf\u00e6ri\",\"description\":\"Umbo\u00f0s- og heildverslun fr\u00e1 \u00e1rinu 1919\",\"publisher\":{\"@id\":\"https:\\\/\\\/velarogverkfaeri.is\\\/en\\\/#organization\"},\"potentialAction\":[{\"@type\":\"SearchAction\",\"target\":{\"@type\":\"EntryPoint\",\"urlTemplate\":\"https:\\\/\\\/velarogverkfaeri.is\\\/en\\\/?s={search_term_string}\"},\"query-input\":{\"@type\":\"PropertyValueSpecification\",\"valueRequired\":true,\"valueName\":\"search_term_string\"}}],\"inLanguage\":\"en-US\"},{\"@type\":\"Organization\",\"@id\":\"https:\\\/\\\/velarogverkfaeri.is\\\/en\\\/#organization\",\"name\":\"V\u00e9lar & Verkf\u00e6ri\",\"url\":\"https:\\\/\\\/velarogverkfaeri.is\\\/en\\\/\",\"logo\":{\"@type\":\"ImageObject\",\"inLanguage\":\"en-US\",\"@id\":\"https:\\\/\\\/velarogverkfaeri.is\\\/en\\\/#\\\/schema\\\/logo\\\/image\\\/\",\"url\":\"https:\\\/\\\/velarogverkfaeri.is\\\/wp-content\\\/uploads\\\/2021\\\/10\\\/vv_logo_350x100.png\",\"contentUrl\":\"https:\\\/\\\/velarogverkfaeri.is\\\/wp-content\\\/uploads\\\/2021\\\/10\\\/vv_logo_350x100.png\",\"width\":350,\"height\":100,\"caption\":\"V\u00e9lar & Verkf\u00e6ri\"},\"image\":{\"@id\":\"https:\\\/\\\/velarogverkfaeri.is\\\/en\\\/#\\\/schema\\\/logo\\\/image\\\/\"},\"sameAs\":[\"https:\\\/\\\/www.facebook.com\\\/VelarOgVerkfaeri\"]}]}<\/script>\n<!-- \/ Yoast SEO plugin. -->","yoast_head_json":{"title":"DeWALT Rafst\u00f6\u00f0 inverter 3200\/3400w - V\u00e9lar &amp; Verkf\u00e6ri","robots":{"index":"index","follow":"follow","max-snippet":"max-snippet:-1","max-image-preview":"max-image-preview:large","max-video-preview":"max-video-preview:-1"},"canonical":"https:\/\/velarogverkfaeri.is\/en\/lykillausnir\/orkuver\/rafstodvar-orkuver\/product\/dewalt-rafstod-inverter-3200-3400w-dxgni35e\/","og_locale":"en_US","og_type":"article","og_title":"DeWALT Rafst\u00f6\u00f0 inverter 3200\/3400w - V\u00e9lar &amp; Verkf\u00e6ri","og_description":"Kr\u00f6ftug rafst\u00f6\u00f0 fr\u00e1 DeWALT.","og_url":"https:\/\/velarogverkfaeri.is\/en\/lykillausnir\/orkuver\/rafstodvar-orkuver\/product\/dewalt-rafstod-inverter-3200-3400w-dxgni35e\/","og_site_name":"V\u00e9lar &amp; Verkf\u00e6ri","article_publisher":"https:\/\/www.facebook.com\/VelarOgVerkfaeri","article_modified_time":"2026-03-09T11:00:21+00:00","og_image":[{"width":1024,"height":964,"url":"https:\/\/velarogverkfaeri.is\/wp-content\/uploads\/2024\/02\/69ab986d-f4bd-40cb-a2db-e6c35e7b973b-1024x964.png","type":"image\/png"}],"twitter_card":"summary_large_image","schema":{"@context":"https:\/\/schema.org","@graph":[{"@type":"WebPage","@id":"https:\/\/velarogverkfaeri.is\/lykillausnir\/orkuver\/rafstodvar-orkuver\/product\/dewalt-rafstod-inverter-3200-3400w-dxgni35e\/","url":"https:\/\/velarogverkfaeri.is\/lykillausnir\/orkuver\/rafstodvar-orkuver\/product\/dewalt-rafstod-inverter-3200-3400w-dxgni35e\/","name":"DeWALT Rafst\u00f6\u00f0 inverter 3200\/3400w - V\u00e9lar &amp; Verkf\u00e6ri","isPartOf":{"@id":"https:\/\/velarogverkfaeri.is\/en\/#website"},"primaryImageOfPage":{"@id":"https:\/\/velarogverkfaeri.is\/lykillausnir\/orkuver\/rafstodvar-orkuver\/product\/dewalt-rafstod-inverter-3200-3400w-dxgni35e\/#primaryimage"},"image":{"@id":"https:\/\/velarogverkfaeri.is\/lykillausnir\/orkuver\/rafstodvar-orkuver\/product\/dewalt-rafstod-inverter-3200-3400w-dxgni35e\/#primaryimage"},"thumbnailUrl":"https:\/\/velarogverkfaeri.is\/wp-content\/uploads\/2024\/02\/69ab986d-f4bd-40cb-a2db-e6c35e7b973b.png","datePublished":"2023-12-06T10:01:42+00:00","dateModified":"2026-03-09T11:00:21+00:00","breadcrumb":{"@id":"https:\/\/velarogverkfaeri.is\/lykillausnir\/orkuver\/rafstodvar-orkuver\/product\/dewalt-rafstod-inverter-3200-3400w-dxgni35e\/#breadcrumb"},"inLanguage":"en-US","potentialAction":[{"@type":"ReadAction","target":["https:\/\/velarogverkfaeri.is\/lykillausnir\/orkuver\/rafstodvar-orkuver\/product\/dewalt-rafstod-inverter-3200-3400w-dxgni35e\/"]}]},{"@type":"ImageObject","inLanguage":"en-US","@id":"https:\/\/velarogverkfaeri.is\/lykillausnir\/orkuver\/rafstodvar-orkuver\/product\/dewalt-rafstod-inverter-3200-3400w-dxgni35e\/#primaryimage","url":"https:\/\/velarogverkfaeri.is\/wp-content\/uploads\/2024\/02\/69ab986d-f4bd-40cb-a2db-e6c35e7b973b.png","contentUrl":"https:\/\/velarogverkfaeri.is\/wp-content\/uploads\/2024\/02\/69ab986d-f4bd-40cb-a2db-e6c35e7b973b.png","width":1600,"height":1506},{"@type":"BreadcrumbList","@id":"https:\/\/velarogverkfaeri.is\/lykillausnir\/orkuver\/rafstodvar-orkuver\/product\/dewalt-rafstod-inverter-3200-3400w-dxgni35e\/#breadcrumb","itemListElement":[{"@type":"ListItem","position":1,"name":"Home","item":"https:\/\/velarogverkfaeri.is\/"},{"@type":"ListItem","position":2,"name":"Vefverslun","item":"https:\/\/velarogverkfaeri.is\/vefverslun\/"},{"@type":"ListItem","position":3,"name":"DeWALT Rafst\u00f6\u00f0 inverter 3200\/3400w"}]},{"@type":"WebSite","@id":"https:\/\/velarogverkfaeri.is\/en\/#website","url":"https:\/\/velarogverkfaeri.is\/en\/","name":"V\u00e9lar & Verkf\u00e6ri","description":"Umbo\u00f0s- og heildverslun fr\u00e1 \u00e1rinu 1919","publisher":{"@id":"https:\/\/velarogverkfaeri.is\/en\/#organization"},"potentialAction":[{"@type":"SearchAction","target":{"@type":"EntryPoint","urlTemplate":"https:\/\/velarogverkfaeri.is\/en\/?s={search_term_string}"},"query-input":{"@type":"PropertyValueSpecification","valueRequired":true,"valueName":"search_term_string"}}],"inLanguage":"en-US"},{"@type":"Organization","@id":"https:\/\/velarogverkfaeri.is\/en\/#organization","name":"V\u00e9lar & Verkf\u00e6ri","url":"https:\/\/velarogverkfaeri.is\/en\/","logo":{"@type":"ImageObject","inLanguage":"en-US","@id":"https:\/\/velarogverkfaeri.is\/en\/#\/schema\/logo\/image\/","url":"https:\/\/velarogverkfaeri.is\/wp-content\/uploads\/2021\/10\/vv_logo_350x100.png","contentUrl":"https:\/\/velarogverkfaeri.is\/wp-content\/uploads\/2021\/10\/vv_logo_350x100.png","width":350,"height":100,"caption":"V\u00e9lar & Verkf\u00e6ri"},"image":{"@id":"https:\/\/velarogverkfaeri.is\/en\/#\/schema\/logo\/image\/"},"sameAs":["https:\/\/www.facebook.com\/VelarOgVerkfaeri"]}]}},"_links":{"self":[{"href":"https:\/\/velarogverkfaeri.is\/en\/wp-json\/wp\/v2\/product\/55770","targetHints":{"allow":["GET"]}}],"collection":[{"href":"https:\/\/velarogverkfaeri.is\/en\/wp-json\/wp\/v2\/product"}],"about":[{"href":"https:\/\/velarogverkfaeri.is\/en\/wp-json\/wp\/v2\/types\/product"}],"replies":[{"embeddable":true,"href":"https:\/\/velarogverkfaeri.is\/en\/wp-json\/wp\/v2\/comments?post=55770"}],"wp:featuredmedia":[{"embeddable":true,"href":"https:\/\/velarogverkfaeri.is\/en\/wp-json\/wp\/v2\/media\/57357"}],"wp:attachment":[{"href":"https:\/\/velarogverkfaeri.is\/en\/wp-json\/wp\/v2\/media?parent=55770"}],"wp:term":[{"taxonomy":"product_brand","embeddable":true,"href":"https:\/\/velarogverkfaeri.is\/en\/wp-json\/wp\/v2\/product_brand?post=55770"},{"taxonomy":"product_cat","embeddable":true,"href":"https:\/\/velarogverkfaeri.is\/en\/wp-json\/wp\/v2\/product_cat?post=55770"},{"taxonomy":"product_tag","embeddable":true,"href":"https:\/\/velarogverkfaeri.is\/en\/wp-json\/wp\/v2\/product_tag?post=55770"}],"curies":[{"name":"wp","href":"https:\/\/api.w.org\/{rel}","templated":true}]}}