{"id":55703,"date":"2023-12-02T15:31:21","date_gmt":"2023-12-02T15:31:21","guid":{"rendered":"https:\/\/velarogverkfaeri.is\/?post_type=product&#038;p=55703"},"modified":"2025-04-25T18:58:41","modified_gmt":"2025-04-25T18:58:41","slug":"hygienevision-vision-air-led-dispenser-24-6","status":"publish","type":"product","link":"https:\/\/velarogverkfaeri.is\/en\/lykillausnir\/badherbergi-lykillausnir\/lyktareydir-og-fylgihlutir\/product\/hygienevision-vision-air-led-dispenser-24-6\/","title":{"rendered":"HYGIENEVISION Vision Air LED Dispenser 24\/6"},"content":{"rendered":"<p class=\"MsoNormal\">Stillanlegt. \u00d3d\u00fdrt \u00ed rekstri.<o:p><\/o:p><\/p>\n<p class=\"MsoNormal\">Lyktarey\u00f0ir stilltur \u00e1 30 daga. Maxi hylki dugir \u00ed ca 100<br \/>\ndaga<o:p><\/o:p><\/p>\n<p class=\"MsoNormal\">Lyktarey\u00f0ir stilltur \u00e1 45 daga. Maxi hylki dugir \u00ed ca 150<br \/>\ndaga<o:p><\/o:p><\/p>\n<\/p>\n<p class=\"MsoNormal\">Lyktarey\u00f0ir stilltur \u00e1 60 daga. Maxi hylki dugir \u00ed ca 180<br \/>\ndaga<o:p><\/o:p><\/p>","protected":false},"excerpt":{"rendered":"<p>Stillanlegt. \u00d3d\u00fdrt \u00ed rekstri. Lyktarey\u00f0ir stilltur \u00e1 30 daga. Maxi hylki dugir \u00ed ca 100 daga Lyktarey\u00f0ir stilltur \u00e1 45 daga. Maxi hylki dugir \u00ed ca 150 daga Lyktarey\u00f0ir stilltur \u00e1 60 daga. Maxi hylki dugir \u00ed ca 180 daga<\/p>","protected":false},"featured_media":68741,"comment_status":"closed","ping_status":"closed","template":"","meta":[],"product_brand":[],"product_cat":[580,517,979],"product_tag":[],"class_list":{"0":"post-55703","1":"product","2":"type-product","3":"status-publish","4":"has-post-thumbnail","6":"product_cat-badherbergi-lykillausnir","7":"product_cat-lykillausnir","8":"product_cat-lyktareydir-og-fylgihlutir","10":"first","11":"instock","12":"taxable","13":"shipping-taxable","14":"purchasable","15":"product-type-simple"},"yoast_head":"<!-- This site is optimized with the Yoast SEO plugin v27.3 - https:\/\/yoast.com\/product\/yoast-seo-wordpress\/ -->\n<title>HYGIENEVISION Vision Air LED Dispenser 24\/6 - V\u00e9lar &amp; Verkf\u00e6ri<\/title>\n<meta name=\"robots\" content=\"index, follow, max-snippet:-1, max-image-preview:large, max-video-preview:-1\" \/>\n<link rel=\"canonical\" href=\"https:\/\/velarogverkfaeri.is\/en\/lykillausnir\/badherbergi-lykillausnir\/lyktareydir-og-fylgihlutir\/product\/hygienevision-vision-air-led-dispenser-24-6\/\" \/>\n<meta property=\"og:locale\" content=\"en_US\" \/>\n<meta property=\"og:type\" content=\"article\" \/>\n<meta property=\"og:title\" content=\"HYGIENEVISION Vision Air LED Dispenser 24\/6 - V\u00e9lar &amp; Verkf\u00e6ri\" \/>\n<meta property=\"og:description\" content=\"Stillanlegt. \u00d3d\u00fdrt \u00ed rekstri. Lyktarey\u00f0ir stilltur \u00e1 30 daga. Maxi hylki dugir \u00ed ca 100 daga Lyktarey\u00f0ir stilltur \u00e1 45 daga. Maxi hylki dugir \u00ed ca 150 daga Lyktarey\u00f0ir stilltur \u00e1 60 daga. Maxi hylki dugir \u00ed ca 180 daga\" \/>\n<meta property=\"og:url\" content=\"https:\/\/velarogverkfaeri.is\/en\/lykillausnir\/badherbergi-lykillausnir\/lyktareydir-og-fylgihlutir\/product\/hygienevision-vision-air-led-dispenser-24-6\/\" \/>\n<meta property=\"og:site_name\" content=\"V\u00e9lar &amp; Verkf\u00e6ri\" \/>\n<meta property=\"article:publisher\" content=\"https:\/\/www.facebook.com\/VelarOgVerkfaeri\" \/>\n<meta property=\"article:modified_time\" content=\"2025-04-25T18:58:41+00:00\" \/>\n<meta property=\"og:image\" content=\"https:\/\/velarogverkfaeri.is\/wp-content\/uploads\/2024\/11\/6efc33f3-228b-4e6c-8fd4-14c02687b87a.jpg\" \/>\n\t<meta property=\"og:image:width\" content=\"377\" \/>\n\t<meta property=\"og:image:height\" content=\"377\" \/>\n\t<meta property=\"og:image:type\" content=\"image\/jpeg\" \/>\n<meta name=\"twitter:card\" content=\"summary_large_image\" \/>\n<script type=\"application\/ld+json\" class=\"yoast-schema-graph\">{\"@context\":\"https:\\\/\\\/schema.org\",\"@graph\":[{\"@type\":\"WebPage\",\"@id\":\"https:\\\/\\\/velarogverkfaeri.is\\\/lykillausnir\\\/badherbergi-lykillausnir\\\/lyktareydir-og-fylgihlutir\\\/product\\\/hygienevision-vision-air-led-dispenser-24-6\\\/\",\"url\":\"https:\\\/\\\/velarogverkfaeri.is\\\/lykillausnir\\\/badherbergi-lykillausnir\\\/lyktareydir-og-fylgihlutir\\\/product\\\/hygienevision-vision-air-led-dispenser-24-6\\\/\",\"name\":\"HYGIENEVISION Vision Air LED Dispenser 24\\\/6 - V\u00e9lar &amp; Verkf\u00e6ri\",\"isPartOf\":{\"@id\":\"https:\\\/\\\/velarogverkfaeri.is\\\/en\\\/#website\"},\"primaryImageOfPage\":{\"@id\":\"https:\\\/\\\/velarogverkfaeri.is\\\/lykillausnir\\\/badherbergi-lykillausnir\\\/lyktareydir-og-fylgihlutir\\\/product\\\/hygienevision-vision-air-led-dispenser-24-6\\\/#primaryimage\"},\"image\":{\"@id\":\"https:\\\/\\\/velarogverkfaeri.is\\\/lykillausnir\\\/badherbergi-lykillausnir\\\/lyktareydir-og-fylgihlutir\\\/product\\\/hygienevision-vision-air-led-dispenser-24-6\\\/#primaryimage\"},\"thumbnailUrl\":\"https:\\\/\\\/velarogverkfaeri.is\\\/wp-content\\\/uploads\\\/2024\\\/11\\\/6efc33f3-228b-4e6c-8fd4-14c02687b87a.jpg\",\"datePublished\":\"2023-12-02T15:31:21+00:00\",\"dateModified\":\"2025-04-25T18:58:41+00:00\",\"breadcrumb\":{\"@id\":\"https:\\\/\\\/velarogverkfaeri.is\\\/lykillausnir\\\/badherbergi-lykillausnir\\\/lyktareydir-og-fylgihlutir\\\/product\\\/hygienevision-vision-air-led-dispenser-24-6\\\/#breadcrumb\"},\"inLanguage\":\"en-US\",\"potentialAction\":[{\"@type\":\"ReadAction\",\"target\":[\"https:\\\/\\\/velarogverkfaeri.is\\\/lykillausnir\\\/badherbergi-lykillausnir\\\/lyktareydir-og-fylgihlutir\\\/product\\\/hygienevision-vision-air-led-dispenser-24-6\\\/\"]}]},{\"@type\":\"ImageObject\",\"inLanguage\":\"en-US\",\"@id\":\"https:\\\/\\\/velarogverkfaeri.is\\\/lykillausnir\\\/badherbergi-lykillausnir\\\/lyktareydir-og-fylgihlutir\\\/product\\\/hygienevision-vision-air-led-dispenser-24-6\\\/#primaryimage\",\"url\":\"https:\\\/\\\/velarogverkfaeri.is\\\/wp-content\\\/uploads\\\/2024\\\/11\\\/6efc33f3-228b-4e6c-8fd4-14c02687b87a.jpg\",\"contentUrl\":\"https:\\\/\\\/velarogverkfaeri.is\\\/wp-content\\\/uploads\\\/2024\\\/11\\\/6efc33f3-228b-4e6c-8fd4-14c02687b87a.jpg\",\"width\":377,\"height\":377},{\"@type\":\"BreadcrumbList\",\"@id\":\"https:\\\/\\\/velarogverkfaeri.is\\\/lykillausnir\\\/badherbergi-lykillausnir\\\/lyktareydir-og-fylgihlutir\\\/product\\\/hygienevision-vision-air-led-dispenser-24-6\\\/#breadcrumb\",\"itemListElement\":[{\"@type\":\"ListItem\",\"position\":1,\"name\":\"Home\",\"item\":\"https:\\\/\\\/velarogverkfaeri.is\\\/\"},{\"@type\":\"ListItem\",\"position\":2,\"name\":\"Vefverslun\",\"item\":\"https:\\\/\\\/velarogverkfaeri.is\\\/vefverslun\\\/\"},{\"@type\":\"ListItem\",\"position\":3,\"name\":\"HYGIENEVISION Vision Air LED Dispenser 24\\\/6\"}]},{\"@type\":\"WebSite\",\"@id\":\"https:\\\/\\\/velarogverkfaeri.is\\\/en\\\/#website\",\"url\":\"https:\\\/\\\/velarogverkfaeri.is\\\/en\\\/\",\"name\":\"V\u00e9lar & Verkf\u00e6ri\",\"description\":\"Umbo\u00f0s- og heildverslun fr\u00e1 \u00e1rinu 1919\",\"publisher\":{\"@id\":\"https:\\\/\\\/velarogverkfaeri.is\\\/en\\\/#organization\"},\"potentialAction\":[{\"@type\":\"SearchAction\",\"target\":{\"@type\":\"EntryPoint\",\"urlTemplate\":\"https:\\\/\\\/velarogverkfaeri.is\\\/en\\\/?s={search_term_string}\"},\"query-input\":{\"@type\":\"PropertyValueSpecification\",\"valueRequired\":true,\"valueName\":\"search_term_string\"}}],\"inLanguage\":\"en-US\"},{\"@type\":\"Organization\",\"@id\":\"https:\\\/\\\/velarogverkfaeri.is\\\/en\\\/#organization\",\"name\":\"V\u00e9lar & Verkf\u00e6ri\",\"url\":\"https:\\\/\\\/velarogverkfaeri.is\\\/en\\\/\",\"logo\":{\"@type\":\"ImageObject\",\"inLanguage\":\"en-US\",\"@id\":\"https:\\\/\\\/velarogverkfaeri.is\\\/en\\\/#\\\/schema\\\/logo\\\/image\\\/\",\"url\":\"https:\\\/\\\/velarogverkfaeri.is\\\/wp-content\\\/uploads\\\/2021\\\/10\\\/vv_logo_350x100.png\",\"contentUrl\":\"https:\\\/\\\/velarogverkfaeri.is\\\/wp-content\\\/uploads\\\/2021\\\/10\\\/vv_logo_350x100.png\",\"width\":350,\"height\":100,\"caption\":\"V\u00e9lar & Verkf\u00e6ri\"},\"image\":{\"@id\":\"https:\\\/\\\/velarogverkfaeri.is\\\/en\\\/#\\\/schema\\\/logo\\\/image\\\/\"},\"sameAs\":[\"https:\\\/\\\/www.facebook.com\\\/VelarOgVerkfaeri\"]}]}<\/script>\n<!-- \/ Yoast SEO plugin. -->","yoast_head_json":{"title":"HYGIENEVISION Vision Air LED Dispenser 24\/6 - V\u00e9lar &amp; Verkf\u00e6ri","robots":{"index":"index","follow":"follow","max-snippet":"max-snippet:-1","max-image-preview":"max-image-preview:large","max-video-preview":"max-video-preview:-1"},"canonical":"https:\/\/velarogverkfaeri.is\/en\/lykillausnir\/badherbergi-lykillausnir\/lyktareydir-og-fylgihlutir\/product\/hygienevision-vision-air-led-dispenser-24-6\/","og_locale":"en_US","og_type":"article","og_title":"HYGIENEVISION Vision Air LED Dispenser 24\/6 - V\u00e9lar &amp; Verkf\u00e6ri","og_description":"Stillanlegt. \u00d3d\u00fdrt \u00ed rekstri. Lyktarey\u00f0ir stilltur \u00e1 30 daga. Maxi hylki dugir \u00ed ca 100 daga Lyktarey\u00f0ir stilltur \u00e1 45 daga. Maxi hylki dugir \u00ed ca 150 daga Lyktarey\u00f0ir stilltur \u00e1 60 daga. Maxi hylki dugir \u00ed ca 180 daga","og_url":"https:\/\/velarogverkfaeri.is\/en\/lykillausnir\/badherbergi-lykillausnir\/lyktareydir-og-fylgihlutir\/product\/hygienevision-vision-air-led-dispenser-24-6\/","og_site_name":"V\u00e9lar &amp; Verkf\u00e6ri","article_publisher":"https:\/\/www.facebook.com\/VelarOgVerkfaeri","article_modified_time":"2025-04-25T18:58:41+00:00","og_image":[{"width":377,"height":377,"url":"https:\/\/velarogverkfaeri.is\/wp-content\/uploads\/2024\/11\/6efc33f3-228b-4e6c-8fd4-14c02687b87a.jpg","type":"image\/jpeg"}],"twitter_card":"summary_large_image","schema":{"@context":"https:\/\/schema.org","@graph":[{"@type":"WebPage","@id":"https:\/\/velarogverkfaeri.is\/lykillausnir\/badherbergi-lykillausnir\/lyktareydir-og-fylgihlutir\/product\/hygienevision-vision-air-led-dispenser-24-6\/","url":"https:\/\/velarogverkfaeri.is\/lykillausnir\/badherbergi-lykillausnir\/lyktareydir-og-fylgihlutir\/product\/hygienevision-vision-air-led-dispenser-24-6\/","name":"HYGIENEVISION Vision Air LED Dispenser 24\/6 - V\u00e9lar &amp; Verkf\u00e6ri","isPartOf":{"@id":"https:\/\/velarogverkfaeri.is\/en\/#website"},"primaryImageOfPage":{"@id":"https:\/\/velarogverkfaeri.is\/lykillausnir\/badherbergi-lykillausnir\/lyktareydir-og-fylgihlutir\/product\/hygienevision-vision-air-led-dispenser-24-6\/#primaryimage"},"image":{"@id":"https:\/\/velarogverkfaeri.is\/lykillausnir\/badherbergi-lykillausnir\/lyktareydir-og-fylgihlutir\/product\/hygienevision-vision-air-led-dispenser-24-6\/#primaryimage"},"thumbnailUrl":"https:\/\/velarogverkfaeri.is\/wp-content\/uploads\/2024\/11\/6efc33f3-228b-4e6c-8fd4-14c02687b87a.jpg","datePublished":"2023-12-02T15:31:21+00:00","dateModified":"2025-04-25T18:58:41+00:00","breadcrumb":{"@id":"https:\/\/velarogverkfaeri.is\/lykillausnir\/badherbergi-lykillausnir\/lyktareydir-og-fylgihlutir\/product\/hygienevision-vision-air-led-dispenser-24-6\/#breadcrumb"},"inLanguage":"en-US","potentialAction":[{"@type":"ReadAction","target":["https:\/\/velarogverkfaeri.is\/lykillausnir\/badherbergi-lykillausnir\/lyktareydir-og-fylgihlutir\/product\/hygienevision-vision-air-led-dispenser-24-6\/"]}]},{"@type":"ImageObject","inLanguage":"en-US","@id":"https:\/\/velarogverkfaeri.is\/lykillausnir\/badherbergi-lykillausnir\/lyktareydir-og-fylgihlutir\/product\/hygienevision-vision-air-led-dispenser-24-6\/#primaryimage","url":"https:\/\/velarogverkfaeri.is\/wp-content\/uploads\/2024\/11\/6efc33f3-228b-4e6c-8fd4-14c02687b87a.jpg","contentUrl":"https:\/\/velarogverkfaeri.is\/wp-content\/uploads\/2024\/11\/6efc33f3-228b-4e6c-8fd4-14c02687b87a.jpg","width":377,"height":377},{"@type":"BreadcrumbList","@id":"https:\/\/velarogverkfaeri.is\/lykillausnir\/badherbergi-lykillausnir\/lyktareydir-og-fylgihlutir\/product\/hygienevision-vision-air-led-dispenser-24-6\/#breadcrumb","itemListElement":[{"@type":"ListItem","position":1,"name":"Home","item":"https:\/\/velarogverkfaeri.is\/"},{"@type":"ListItem","position":2,"name":"Vefverslun","item":"https:\/\/velarogverkfaeri.is\/vefverslun\/"},{"@type":"ListItem","position":3,"name":"HYGIENEVISION Vision Air LED Dispenser 24\/6"}]},{"@type":"WebSite","@id":"https:\/\/velarogverkfaeri.is\/en\/#website","url":"https:\/\/velarogverkfaeri.is\/en\/","name":"V\u00e9lar & Verkf\u00e6ri","description":"Umbo\u00f0s- og heildverslun fr\u00e1 \u00e1rinu 1919","publisher":{"@id":"https:\/\/velarogverkfaeri.is\/en\/#organization"},"potentialAction":[{"@type":"SearchAction","target":{"@type":"EntryPoint","urlTemplate":"https:\/\/velarogverkfaeri.is\/en\/?s={search_term_string}"},"query-input":{"@type":"PropertyValueSpecification","valueRequired":true,"valueName":"search_term_string"}}],"inLanguage":"en-US"},{"@type":"Organization","@id":"https:\/\/velarogverkfaeri.is\/en\/#organization","name":"V\u00e9lar & Verkf\u00e6ri","url":"https:\/\/velarogverkfaeri.is\/en\/","logo":{"@type":"ImageObject","inLanguage":"en-US","@id":"https:\/\/velarogverkfaeri.is\/en\/#\/schema\/logo\/image\/","url":"https:\/\/velarogverkfaeri.is\/wp-content\/uploads\/2021\/10\/vv_logo_350x100.png","contentUrl":"https:\/\/velarogverkfaeri.is\/wp-content\/uploads\/2021\/10\/vv_logo_350x100.png","width":350,"height":100,"caption":"V\u00e9lar & Verkf\u00e6ri"},"image":{"@id":"https:\/\/velarogverkfaeri.is\/en\/#\/schema\/logo\/image\/"},"sameAs":["https:\/\/www.facebook.com\/VelarOgVerkfaeri"]}]}},"_links":{"self":[{"href":"https:\/\/velarogverkfaeri.is\/en\/wp-json\/wp\/v2\/product\/55703","targetHints":{"allow":["GET"]}}],"collection":[{"href":"https:\/\/velarogverkfaeri.is\/en\/wp-json\/wp\/v2\/product"}],"about":[{"href":"https:\/\/velarogverkfaeri.is\/en\/wp-json\/wp\/v2\/types\/product"}],"replies":[{"embeddable":true,"href":"https:\/\/velarogverkfaeri.is\/en\/wp-json\/wp\/v2\/comments?post=55703"}],"wp:featuredmedia":[{"embeddable":true,"href":"https:\/\/velarogverkfaeri.is\/en\/wp-json\/wp\/v2\/media\/68741"}],"wp:attachment":[{"href":"https:\/\/velarogverkfaeri.is\/en\/wp-json\/wp\/v2\/media?parent=55703"}],"wp:term":[{"taxonomy":"product_brand","embeddable":true,"href":"https:\/\/velarogverkfaeri.is\/en\/wp-json\/wp\/v2\/product_brand?post=55703"},{"taxonomy":"product_cat","embeddable":true,"href":"https:\/\/velarogverkfaeri.is\/en\/wp-json\/wp\/v2\/product_cat?post=55703"},{"taxonomy":"product_tag","embeddable":true,"href":"https:\/\/velarogverkfaeri.is\/en\/wp-json\/wp\/v2\/product_tag?post=55703"}],"curies":[{"name":"wp","href":"https:\/\/api.w.org\/{rel}","templated":true}]}}