{"id":55635,"date":"2023-11-30T13:01:16","date_gmt":"2023-11-30T13:01:16","guid":{"rendered":"https:\/\/velarogverkfaeri.is\/?post_type=product&#038;p=55635"},"modified":"2026-04-09T06:32:01","modified_gmt":"2026-04-09T06:32:01","slug":"zafe-takkalas-za-oval-fyrir-assa-lashus-gylltur","status":"publish","type":"product","link":"https:\/\/velarogverkfaeri.is\/en\/lykillausnir\/adgangskerfi\/takkalasar-adgangskerfi\/product\/zafe-takkalas-za-oval-fyrir-assa-lashus-gylltur\/","title":{"rendered":"ZAFE ZA-OVAL Takkal\u00e1s f. ASSA l\u00e1sh\u00fas"},"content":{"rendered":"<p>Zafe T-Lock er upprunalegi snjalll\u00e1sinn sinnar tegundar.<\/p>\n<p>Snjalll\u00e1sinn er hluti af \u201eZafe-heiminum\u201c sem er \u00ed \u00f6rum \u00feroska me\u00f0 t.d. &#8222;snjall&#8220; E-Cylinder, lyklabox, vegglesari, h\u00fasgagnal\u00e1s.<\/p>\n<p>Me\u00f0 Zafe T-Lock opnast m\u00f6guleikarnir fyrir a\u00f0gangsst\u00fdringu og snjallst\u00fdringu \u00e1 n\u00e1nast \u00f6llum ger\u00f0um hur\u00f0a. Snjalll\u00e1sinn getur m.a. H\u00e6gt a\u00f0 opna me\u00f0 mifare fl\u00edsum, fingraf\u00f6rum, pin-k\u00f3\u00f0a, fjarst\u00fdringu og eKey (Bluetooth), og gerir allt fr\u00e1 t\u00edmasettum a\u00f0gangi, lei\u00f0arstillingu, einskiptisk\u00f3\u00f0um, a\u00f0gangsskr\u00e1, fjarst\u00fdringu* og m\u00f6rgum notendastigum.<\/p>\n<p>Uppsetning og vi\u00f0hald notenda og a\u00f0ger\u00f0a \u00ed l\u00e6singunni er gert af stj\u00f3rnanda \u00ed TTLock appinu e\u00f0a af vefinum.<\/p>\n<p>&nbsp;&nbsp;&nbsp;&nbsp;*Me\u00f0 Gateway fyrir WiFi\/LAN er h\u00e6gt a\u00f0 fjarst\u00fdra snjalll\u00e1snum sem gerir t.d. fjarl\u00e6sing, \u00fathlutun k\u00f3\u00f0a og t\u00e1kna og lestur upp&nbsp;&nbsp;&nbsp;&nbsp;&nbsp;&nbsp;&nbsp;&nbsp;&nbsp;a\u00f0gangsskr\u00e1.<\/p>\n<p>\u00deetta l\u00edkan passar fyrir flestar hur\u00f0ir me\u00f0 strokka undir handfanginu, svo sem fallkerfi, hringlaga strokka, millihur\u00f0ir o.s.frv. Passar b\u00e6\u00f0i eins og 3 punkta. Snjalll\u00e1sinn er oft settur upp me\u00f0 skr\u00fafunni \u00ed gegnum strokkholi\u00f0 ne\u00f0st og \u00fearf a\u00f0 skr\u00fafa \u00ed gegnum hur\u00f0ina efst. Ne\u00f0st er ney\u00f0arh\u00f3lkur sem gerir kleift a\u00f0 taka \u00far l\u00e1s ef bilun kemur upp.<\/p>\n<p>Zafe T-Lock IP55 votta\u00f0 til notkunar utanh\u00fass.<\/p>","protected":false},"excerpt":{"rendered":"<p>Zafe T-Lock er upprunalegi snjalll\u00e1sinn sinnar tegundar. Snjalll\u00e1sinn er hluti af \u201eZafe-heiminum\u201c sem er \u00ed \u00f6rum \u00feroska me\u00f0 t.d. &#8222;snjall&#8220; E-Cylinder, lyklabox, vegglesari, h\u00fasgagnal\u00e1s. Me\u00f0 Zafe T-Lock opnast m\u00f6guleikarnir fyrir a\u00f0gangsst\u00fdringu og snjallst\u00fdringu \u00e1 n\u00e1nast \u00f6llum ger\u00f0um hur\u00f0a. Snjalll\u00e1sinn getur m.a. H\u00e6gt a\u00f0 opna me\u00f0 mifare fl\u00edsum, fingraf\u00f6rum, pin-k\u00f3\u00f0a, fjarst\u00fdringu og eKey (Bluetooth), og gerir [&hellip;]<\/p>\n","protected":false},"featured_media":59970,"comment_status":"closed","ping_status":"closed","template":"","meta":[],"product_brand":[],"product_cat":[579,517,608],"product_tag":[1144],"class_list":{"0":"post-55635","1":"product","2":"type-product","3":"status-publish","4":"has-post-thumbnail","6":"product_cat-adgangskerfi","7":"product_cat-lykillausnir","8":"product_cat-takkalasar-adgangskerfi","9":"product_tag-snjallvorudagar","11":"first","12":"instock","13":"sale","14":"taxable","15":"shipping-taxable","16":"purchasable","17":"product-type-simple"},"yoast_head":"<!-- This site is optimized with the Yoast SEO plugin v27.3 - https:\/\/yoast.com\/product\/yoast-seo-wordpress\/ -->\n<title>ZAFE ZA-OVAL Takkal\u00e1s f. ASSA l\u00e1sh\u00fas - V\u00e9lar &amp; Verkf\u00e6ri<\/title>\n<meta name=\"robots\" content=\"index, follow, max-snippet:-1, max-image-preview:large, max-video-preview:-1\" \/>\n<link rel=\"canonical\" href=\"https:\/\/velarogverkfaeri.is\/en\/lykillausnir\/adgangskerfi\/takkalasar-adgangskerfi\/product\/zafe-takkalas-za-oval-fyrir-assa-lashus-gylltur\/\" \/>\n<meta property=\"og:locale\" content=\"en_US\" \/>\n<meta property=\"og:type\" content=\"article\" \/>\n<meta property=\"og:title\" content=\"ZAFE ZA-OVAL Takkal\u00e1s f. ASSA l\u00e1sh\u00fas - V\u00e9lar &amp; Verkf\u00e6ri\" \/>\n<meta property=\"og:description\" content=\"Zafe T-Lock er upprunalegi snjalll\u00e1sinn sinnar tegundar. Snjalll\u00e1sinn er hluti af \u201eZafe-heiminum\u201c sem er \u00ed \u00f6rum \u00feroska me\u00f0 t.d. &#8222;snjall&#8220; E-Cylinder, lyklabox, vegglesari, h\u00fasgagnal\u00e1s. Me\u00f0 Zafe T-Lock opnast m\u00f6guleikarnir fyrir a\u00f0gangsst\u00fdringu og snjallst\u00fdringu \u00e1 n\u00e1nast \u00f6llum ger\u00f0um hur\u00f0a. Snjalll\u00e1sinn getur m.a. H\u00e6gt a\u00f0 opna me\u00f0 mifare fl\u00edsum, fingraf\u00f6rum, pin-k\u00f3\u00f0a, fjarst\u00fdringu og eKey (Bluetooth), og gerir [&hellip;]\" \/>\n<meta property=\"og:url\" content=\"https:\/\/velarogverkfaeri.is\/en\/lykillausnir\/adgangskerfi\/takkalasar-adgangskerfi\/product\/zafe-takkalas-za-oval-fyrir-assa-lashus-gylltur\/\" \/>\n<meta property=\"og:site_name\" content=\"V\u00e9lar &amp; Verkf\u00e6ri\" \/>\n<meta property=\"article:publisher\" content=\"https:\/\/www.facebook.com\/VelarOgVerkfaeri\" \/>\n<meta property=\"article:modified_time\" content=\"2026-04-09T06:32:01+00:00\" \/>\n<meta property=\"og:image\" content=\"https:\/\/velarogverkfaeri.is\/wp-content\/uploads\/2024\/04\/1da81b85-3ffa-4448-97a9-2b400306e371.jpg\" \/>\n\t<meta property=\"og:image:width\" content=\"500\" \/>\n\t<meta property=\"og:image:height\" content=\"500\" \/>\n\t<meta property=\"og:image:type\" content=\"image\/jpeg\" \/>\n<meta name=\"twitter:card\" content=\"summary_large_image\" \/>\n<meta name=\"twitter:label1\" content=\"Est. reading time\" \/>\n\t<meta name=\"twitter:data1\" content=\"1 minute\" \/>\n<script type=\"application\/ld+json\" class=\"yoast-schema-graph\">{\"@context\":\"https:\\\/\\\/schema.org\",\"@graph\":[{\"@type\":\"WebPage\",\"@id\":\"https:\\\/\\\/velarogverkfaeri.is\\\/lykillausnir\\\/adgangskerfi\\\/takkalasar-adgangskerfi\\\/product\\\/zafe-takkalas-za-oval-fyrir-assa-lashus-gylltur\\\/\",\"url\":\"https:\\\/\\\/velarogverkfaeri.is\\\/lykillausnir\\\/adgangskerfi\\\/takkalasar-adgangskerfi\\\/product\\\/zafe-takkalas-za-oval-fyrir-assa-lashus-gylltur\\\/\",\"name\":\"ZAFE ZA-OVAL Takkal\u00e1s f. ASSA l\u00e1sh\u00fas - V\u00e9lar &amp; Verkf\u00e6ri\",\"isPartOf\":{\"@id\":\"https:\\\/\\\/velarogverkfaeri.is\\\/en\\\/#website\"},\"primaryImageOfPage\":{\"@id\":\"https:\\\/\\\/velarogverkfaeri.is\\\/lykillausnir\\\/adgangskerfi\\\/takkalasar-adgangskerfi\\\/product\\\/zafe-takkalas-za-oval-fyrir-assa-lashus-gylltur\\\/#primaryimage\"},\"image\":{\"@id\":\"https:\\\/\\\/velarogverkfaeri.is\\\/lykillausnir\\\/adgangskerfi\\\/takkalasar-adgangskerfi\\\/product\\\/zafe-takkalas-za-oval-fyrir-assa-lashus-gylltur\\\/#primaryimage\"},\"thumbnailUrl\":\"https:\\\/\\\/velarogverkfaeri.is\\\/wp-content\\\/uploads\\\/2024\\\/04\\\/1da81b85-3ffa-4448-97a9-2b400306e371.jpg\",\"datePublished\":\"2023-11-30T13:01:16+00:00\",\"dateModified\":\"2026-04-09T06:32:01+00:00\",\"breadcrumb\":{\"@id\":\"https:\\\/\\\/velarogverkfaeri.is\\\/lykillausnir\\\/adgangskerfi\\\/takkalasar-adgangskerfi\\\/product\\\/zafe-takkalas-za-oval-fyrir-assa-lashus-gylltur\\\/#breadcrumb\"},\"inLanguage\":\"en-US\",\"potentialAction\":[{\"@type\":\"ReadAction\",\"target\":[\"https:\\\/\\\/velarogverkfaeri.is\\\/lykillausnir\\\/adgangskerfi\\\/takkalasar-adgangskerfi\\\/product\\\/zafe-takkalas-za-oval-fyrir-assa-lashus-gylltur\\\/\"]}]},{\"@type\":\"ImageObject\",\"inLanguage\":\"en-US\",\"@id\":\"https:\\\/\\\/velarogverkfaeri.is\\\/lykillausnir\\\/adgangskerfi\\\/takkalasar-adgangskerfi\\\/product\\\/zafe-takkalas-za-oval-fyrir-assa-lashus-gylltur\\\/#primaryimage\",\"url\":\"https:\\\/\\\/velarogverkfaeri.is\\\/wp-content\\\/uploads\\\/2024\\\/04\\\/1da81b85-3ffa-4448-97a9-2b400306e371.jpg\",\"contentUrl\":\"https:\\\/\\\/velarogverkfaeri.is\\\/wp-content\\\/uploads\\\/2024\\\/04\\\/1da81b85-3ffa-4448-97a9-2b400306e371.jpg\",\"width\":500,\"height\":500},{\"@type\":\"BreadcrumbList\",\"@id\":\"https:\\\/\\\/velarogverkfaeri.is\\\/lykillausnir\\\/adgangskerfi\\\/takkalasar-adgangskerfi\\\/product\\\/zafe-takkalas-za-oval-fyrir-assa-lashus-gylltur\\\/#breadcrumb\",\"itemListElement\":[{\"@type\":\"ListItem\",\"position\":1,\"name\":\"Home\",\"item\":\"https:\\\/\\\/velarogverkfaeri.is\\\/\"},{\"@type\":\"ListItem\",\"position\":2,\"name\":\"Vefverslun\",\"item\":\"https:\\\/\\\/velarogverkfaeri.is\\\/vefverslun\\\/\"},{\"@type\":\"ListItem\",\"position\":3,\"name\":\"ZAFE ZA-OVAL Takkal\u00e1s f. ASSA l\u00e1sh\u00fas\"}]},{\"@type\":\"WebSite\",\"@id\":\"https:\\\/\\\/velarogverkfaeri.is\\\/en\\\/#website\",\"url\":\"https:\\\/\\\/velarogverkfaeri.is\\\/en\\\/\",\"name\":\"V\u00e9lar & Verkf\u00e6ri\",\"description\":\"Umbo\u00f0s- og heildverslun fr\u00e1 \u00e1rinu 1919\",\"publisher\":{\"@id\":\"https:\\\/\\\/velarogverkfaeri.is\\\/en\\\/#organization\"},\"potentialAction\":[{\"@type\":\"SearchAction\",\"target\":{\"@type\":\"EntryPoint\",\"urlTemplate\":\"https:\\\/\\\/velarogverkfaeri.is\\\/en\\\/?s={search_term_string}\"},\"query-input\":{\"@type\":\"PropertyValueSpecification\",\"valueRequired\":true,\"valueName\":\"search_term_string\"}}],\"inLanguage\":\"en-US\"},{\"@type\":\"Organization\",\"@id\":\"https:\\\/\\\/velarogverkfaeri.is\\\/en\\\/#organization\",\"name\":\"V\u00e9lar & Verkf\u00e6ri\",\"url\":\"https:\\\/\\\/velarogverkfaeri.is\\\/en\\\/\",\"logo\":{\"@type\":\"ImageObject\",\"inLanguage\":\"en-US\",\"@id\":\"https:\\\/\\\/velarogverkfaeri.is\\\/en\\\/#\\\/schema\\\/logo\\\/image\\\/\",\"url\":\"https:\\\/\\\/velarogverkfaeri.is\\\/wp-content\\\/uploads\\\/2021\\\/10\\\/vv_logo_350x100.png\",\"contentUrl\":\"https:\\\/\\\/velarogverkfaeri.is\\\/wp-content\\\/uploads\\\/2021\\\/10\\\/vv_logo_350x100.png\",\"width\":350,\"height\":100,\"caption\":\"V\u00e9lar & Verkf\u00e6ri\"},\"image\":{\"@id\":\"https:\\\/\\\/velarogverkfaeri.is\\\/en\\\/#\\\/schema\\\/logo\\\/image\\\/\"},\"sameAs\":[\"https:\\\/\\\/www.facebook.com\\\/VelarOgVerkfaeri\"]}]}<\/script>\n<!-- \/ Yoast SEO plugin. -->","yoast_head_json":{"title":"ZAFE ZA-OVAL Takkal\u00e1s f. ASSA l\u00e1sh\u00fas - V\u00e9lar &amp; Verkf\u00e6ri","robots":{"index":"index","follow":"follow","max-snippet":"max-snippet:-1","max-image-preview":"max-image-preview:large","max-video-preview":"max-video-preview:-1"},"canonical":"https:\/\/velarogverkfaeri.is\/en\/lykillausnir\/adgangskerfi\/takkalasar-adgangskerfi\/product\/zafe-takkalas-za-oval-fyrir-assa-lashus-gylltur\/","og_locale":"en_US","og_type":"article","og_title":"ZAFE ZA-OVAL Takkal\u00e1s f. ASSA l\u00e1sh\u00fas - V\u00e9lar &amp; Verkf\u00e6ri","og_description":"Zafe T-Lock er upprunalegi snjalll\u00e1sinn sinnar tegundar. Snjalll\u00e1sinn er hluti af \u201eZafe-heiminum\u201c sem er \u00ed \u00f6rum \u00feroska me\u00f0 t.d. &#8222;snjall&#8220; E-Cylinder, lyklabox, vegglesari, h\u00fasgagnal\u00e1s. Me\u00f0 Zafe T-Lock opnast m\u00f6guleikarnir fyrir a\u00f0gangsst\u00fdringu og snjallst\u00fdringu \u00e1 n\u00e1nast \u00f6llum ger\u00f0um hur\u00f0a. Snjalll\u00e1sinn getur m.a. H\u00e6gt a\u00f0 opna me\u00f0 mifare fl\u00edsum, fingraf\u00f6rum, pin-k\u00f3\u00f0a, fjarst\u00fdringu og eKey (Bluetooth), og gerir [&hellip;]","og_url":"https:\/\/velarogverkfaeri.is\/en\/lykillausnir\/adgangskerfi\/takkalasar-adgangskerfi\/product\/zafe-takkalas-za-oval-fyrir-assa-lashus-gylltur\/","og_site_name":"V\u00e9lar &amp; Verkf\u00e6ri","article_publisher":"https:\/\/www.facebook.com\/VelarOgVerkfaeri","article_modified_time":"2026-04-09T06:32:01+00:00","og_image":[{"width":500,"height":500,"url":"https:\/\/velarogverkfaeri.is\/wp-content\/uploads\/2024\/04\/1da81b85-3ffa-4448-97a9-2b400306e371.jpg","type":"image\/jpeg"}],"twitter_card":"summary_large_image","twitter_misc":{"Est. reading time":"1 minute"},"schema":{"@context":"https:\/\/schema.org","@graph":[{"@type":"WebPage","@id":"https:\/\/velarogverkfaeri.is\/lykillausnir\/adgangskerfi\/takkalasar-adgangskerfi\/product\/zafe-takkalas-za-oval-fyrir-assa-lashus-gylltur\/","url":"https:\/\/velarogverkfaeri.is\/lykillausnir\/adgangskerfi\/takkalasar-adgangskerfi\/product\/zafe-takkalas-za-oval-fyrir-assa-lashus-gylltur\/","name":"ZAFE ZA-OVAL Takkal\u00e1s f. ASSA l\u00e1sh\u00fas - V\u00e9lar &amp; Verkf\u00e6ri","isPartOf":{"@id":"https:\/\/velarogverkfaeri.is\/en\/#website"},"primaryImageOfPage":{"@id":"https:\/\/velarogverkfaeri.is\/lykillausnir\/adgangskerfi\/takkalasar-adgangskerfi\/product\/zafe-takkalas-za-oval-fyrir-assa-lashus-gylltur\/#primaryimage"},"image":{"@id":"https:\/\/velarogverkfaeri.is\/lykillausnir\/adgangskerfi\/takkalasar-adgangskerfi\/product\/zafe-takkalas-za-oval-fyrir-assa-lashus-gylltur\/#primaryimage"},"thumbnailUrl":"https:\/\/velarogverkfaeri.is\/wp-content\/uploads\/2024\/04\/1da81b85-3ffa-4448-97a9-2b400306e371.jpg","datePublished":"2023-11-30T13:01:16+00:00","dateModified":"2026-04-09T06:32:01+00:00","breadcrumb":{"@id":"https:\/\/velarogverkfaeri.is\/lykillausnir\/adgangskerfi\/takkalasar-adgangskerfi\/product\/zafe-takkalas-za-oval-fyrir-assa-lashus-gylltur\/#breadcrumb"},"inLanguage":"en-US","potentialAction":[{"@type":"ReadAction","target":["https:\/\/velarogverkfaeri.is\/lykillausnir\/adgangskerfi\/takkalasar-adgangskerfi\/product\/zafe-takkalas-za-oval-fyrir-assa-lashus-gylltur\/"]}]},{"@type":"ImageObject","inLanguage":"en-US","@id":"https:\/\/velarogverkfaeri.is\/lykillausnir\/adgangskerfi\/takkalasar-adgangskerfi\/product\/zafe-takkalas-za-oval-fyrir-assa-lashus-gylltur\/#primaryimage","url":"https:\/\/velarogverkfaeri.is\/wp-content\/uploads\/2024\/04\/1da81b85-3ffa-4448-97a9-2b400306e371.jpg","contentUrl":"https:\/\/velarogverkfaeri.is\/wp-content\/uploads\/2024\/04\/1da81b85-3ffa-4448-97a9-2b400306e371.jpg","width":500,"height":500},{"@type":"BreadcrumbList","@id":"https:\/\/velarogverkfaeri.is\/lykillausnir\/adgangskerfi\/takkalasar-adgangskerfi\/product\/zafe-takkalas-za-oval-fyrir-assa-lashus-gylltur\/#breadcrumb","itemListElement":[{"@type":"ListItem","position":1,"name":"Home","item":"https:\/\/velarogverkfaeri.is\/"},{"@type":"ListItem","position":2,"name":"Vefverslun","item":"https:\/\/velarogverkfaeri.is\/vefverslun\/"},{"@type":"ListItem","position":3,"name":"ZAFE ZA-OVAL Takkal\u00e1s f. ASSA l\u00e1sh\u00fas"}]},{"@type":"WebSite","@id":"https:\/\/velarogverkfaeri.is\/en\/#website","url":"https:\/\/velarogverkfaeri.is\/en\/","name":"V\u00e9lar & Verkf\u00e6ri","description":"Umbo\u00f0s- og heildverslun fr\u00e1 \u00e1rinu 1919","publisher":{"@id":"https:\/\/velarogverkfaeri.is\/en\/#organization"},"potentialAction":[{"@type":"SearchAction","target":{"@type":"EntryPoint","urlTemplate":"https:\/\/velarogverkfaeri.is\/en\/?s={search_term_string}"},"query-input":{"@type":"PropertyValueSpecification","valueRequired":true,"valueName":"search_term_string"}}],"inLanguage":"en-US"},{"@type":"Organization","@id":"https:\/\/velarogverkfaeri.is\/en\/#organization","name":"V\u00e9lar & Verkf\u00e6ri","url":"https:\/\/velarogverkfaeri.is\/en\/","logo":{"@type":"ImageObject","inLanguage":"en-US","@id":"https:\/\/velarogverkfaeri.is\/en\/#\/schema\/logo\/image\/","url":"https:\/\/velarogverkfaeri.is\/wp-content\/uploads\/2021\/10\/vv_logo_350x100.png","contentUrl":"https:\/\/velarogverkfaeri.is\/wp-content\/uploads\/2021\/10\/vv_logo_350x100.png","width":350,"height":100,"caption":"V\u00e9lar & Verkf\u00e6ri"},"image":{"@id":"https:\/\/velarogverkfaeri.is\/en\/#\/schema\/logo\/image\/"},"sameAs":["https:\/\/www.facebook.com\/VelarOgVerkfaeri"]}]}},"_links":{"self":[{"href":"https:\/\/velarogverkfaeri.is\/en\/wp-json\/wp\/v2\/product\/55635","targetHints":{"allow":["GET"]}}],"collection":[{"href":"https:\/\/velarogverkfaeri.is\/en\/wp-json\/wp\/v2\/product"}],"about":[{"href":"https:\/\/velarogverkfaeri.is\/en\/wp-json\/wp\/v2\/types\/product"}],"replies":[{"embeddable":true,"href":"https:\/\/velarogverkfaeri.is\/en\/wp-json\/wp\/v2\/comments?post=55635"}],"wp:featuredmedia":[{"embeddable":true,"href":"https:\/\/velarogverkfaeri.is\/en\/wp-json\/wp\/v2\/media\/59970"}],"wp:attachment":[{"href":"https:\/\/velarogverkfaeri.is\/en\/wp-json\/wp\/v2\/media?parent=55635"}],"wp:term":[{"taxonomy":"product_brand","embeddable":true,"href":"https:\/\/velarogverkfaeri.is\/en\/wp-json\/wp\/v2\/product_brand?post=55635"},{"taxonomy":"product_cat","embeddable":true,"href":"https:\/\/velarogverkfaeri.is\/en\/wp-json\/wp\/v2\/product_cat?post=55635"},{"taxonomy":"product_tag","embeddable":true,"href":"https:\/\/velarogverkfaeri.is\/en\/wp-json\/wp\/v2\/product_tag?post=55635"}],"curies":[{"name":"wp","href":"https:\/\/api.w.org\/{rel}","templated":true}]}}