{"id":55625,"date":"2023-11-30T09:01:24","date_gmt":"2023-11-30T09:01:24","guid":{"rendered":"https:\/\/velarogverkfaeri.is\/?post_type=product&#038;p=55625"},"modified":"2026-04-08T06:31:32","modified_gmt":"2026-04-08T06:31:32","slug":"zafe-itag-tracker-hvitur-med-find-my-iphone-app","status":"publish","type":"product","link":"https:\/\/velarogverkfaeri.is\/en\/lykillausnir\/snjallheimili\/stadsetningartaeki\/product\/zafe-itag-tracker-hvitur-med-find-my-iphone-app\/","title":{"rendered":"ZAFE iTag tracker hv\u00edtur  me\u00f0 FIND MY IPHONE APP"},"content":{"rendered":"<p data-start=\"159\" data-end=\"306\">Settu <strong data-start=\"165\" data-end=\"173\">iTag<\/strong> \u00e1 t\u00f6skuna \u00fe\u00edna e\u00f0a haf\u00f0u eitt \u00ed b\u00edlnum, og \u00fe\u00fa getur au\u00f0veldlega s\u00e9\u00f0 hvar \u00fea\u00f0 er statt, beint \u00ed iPhone-, iPad- og Mac-t\u00e6kjunum \u00fe\u00ednum.<\/p>\n<h3 data-start=\"308\" data-end=\"331\">Hvernig virkar \u00fea\u00f0?<\/h3>\n<p data-start=\"332\" data-end=\"669\">iTag sendir fr\u00e1 s\u00e9r Bluetooth-merki sem a\u00f0rar Apple-t\u00e6kur \u00ed n\u00e1grenninu nema. \u00cd gegnum <strong data-start=\"418\" data-end=\"436\">FIND-netkerfi\u00f0<\/strong> er sta\u00f0setning iTag-sins send \u00ed iCloud og \u00fear getur \u00fe\u00fa s\u00e9\u00f0 sta\u00f0setninguna \u00e1 korti. \u00de\u00fa getur s\u00ed\u00f0an einfaldlega vali\u00f0 \u201es\u00fdna lei\u00f0\u201c og fengi\u00f0 lei\u00f0s\u00f6gn beint \u00e1 sta\u00f0inn.<br data-start=\"600\" data-end=\"603\"><br \/>\nAllt ferli\u00f0 er nafnlaust og dulk\u00f3\u00f0a\u00f0 til a\u00f0 vernda fri\u00f0helgi \u00fe\u00edna.<\/p>\n<h3 data-start=\"671\" data-end=\"693\">Er iTag skilvirkt?<\/h3>\n<p data-start=\"694\" data-end=\"832\">\u00de\u00fa \u00fearft ekki a\u00f0 hafa \u00e1hyggjur af rafhl\u00f6\u00f0uendingu e\u00f0a gagnanotkun.<br data-start=\"760\" data-end=\"763\"><br \/>\nFIND-netkerfi\u00f0 n\u00fdtir alla iPhone-s\u00edma um allan heim og kostar ekkert.<\/p>\n<h3 data-start=\"834\" data-end=\"876\">Svo einfalt a\u00f0 \u00fea\u00f0 er n\u00e6stum \u00f3tr\u00falegt!<\/h3>\n<p data-start=\"877\" data-end=\"1097\">Opna\u00f0u FIND \u00ed iPhone-s\u00edmanum \u00fe\u00ednum og me\u00f0 \u00f6rf\u00e1um snertingum tengir\u00f0u iTag strax. Gef\u00f0u \u00fev\u00ed nafn og festu \u00fea\u00f0 \u00e1 hlutinn sem \u00fe\u00fa vilt fylgjast me\u00f0 \u2013 og \u00fe\u00e1 er \u00fea\u00f0 tilb\u00fai\u00f0.<br data-start=\"1044\" data-end=\"1047\"><br \/>\n\u00de\u00fa getur einnig fengi\u00f0 tilkynningar \u00ed Apple Watch.<\/p>\n<\/p>\n<p data-start=\"1099\" data-end=\"1142\"><strong data-start=\"1099\" data-end=\"1142\">Rafhla\u00f0a endist \u00ed 12 m\u00e1nu\u00f0i e\u00f0a lengur.<\/strong><\/p>","protected":false},"excerpt":{"rendered":"<p>Einfaldur tracker til a\u00f0 setja \u00e1 hj\u00f3li\u00f0 e\u00f0a d\u00fdri\u00f0.<\/p>","protected":false},"featured_media":79817,"comment_status":"closed","ping_status":"closed","template":"","meta":[],"product_brand":[],"product_cat":[517,853,948],"product_tag":[1125,1144],"class_list":{"0":"post-55625","1":"product","2":"type-product","3":"status-publish","4":"has-post-thumbnail","6":"product_cat-lykillausnir","7":"product_cat-snjallheimili","8":"product_cat-stadsetningartaeki","9":"product_tag-bestivinurinn","10":"product_tag-snjallvorudagar","12":"first","13":"instock","14":"sale","15":"taxable","16":"shipping-taxable","17":"purchasable","18":"product-type-simple"},"yoast_head":"<!-- This site is optimized with the Yoast SEO plugin v27.3 - https:\/\/yoast.com\/product\/yoast-seo-wordpress\/ -->\n<title>ZAFE iTag tracker hv\u00edtur me\u00f0 FIND MY IPHONE APP - V\u00e9lar &amp; Verkf\u00e6ri<\/title>\n<meta name=\"robots\" content=\"index, follow, max-snippet:-1, max-image-preview:large, max-video-preview:-1\" \/>\n<link rel=\"canonical\" href=\"https:\/\/velarogverkfaeri.is\/en\/lykillausnir\/snjallheimili\/stadsetningartaeki\/product\/zafe-itag-tracker-hvitur-med-find-my-iphone-app\/\" \/>\n<meta property=\"og:locale\" content=\"en_US\" \/>\n<meta property=\"og:type\" content=\"article\" \/>\n<meta property=\"og:title\" content=\"ZAFE iTag tracker hv\u00edtur me\u00f0 FIND MY IPHONE APP - V\u00e9lar &amp; Verkf\u00e6ri\" \/>\n<meta property=\"og:description\" content=\"Einfaldur tracker til a\u00f0 setja \u00e1 hj\u00f3li\u00f0 e\u00f0a d\u00fdri\u00f0.\" \/>\n<meta property=\"og:url\" content=\"https:\/\/velarogverkfaeri.is\/en\/lykillausnir\/snjallheimili\/stadsetningartaeki\/product\/zafe-itag-tracker-hvitur-med-find-my-iphone-app\/\" \/>\n<meta property=\"og:site_name\" content=\"V\u00e9lar &amp; Verkf\u00e6ri\" \/>\n<meta property=\"article:publisher\" content=\"https:\/\/www.facebook.com\/VelarOgVerkfaeri\" \/>\n<meta property=\"article:modified_time\" content=\"2026-04-08T06:31:32+00:00\" \/>\n<meta name=\"twitter:card\" content=\"summary_large_image\" \/>\n<meta name=\"twitter:label1\" content=\"Est. reading time\" \/>\n\t<meta name=\"twitter:data1\" content=\"1 minute\" \/>\n<script type=\"application\/ld+json\" class=\"yoast-schema-graph\">{\"@context\":\"https:\\\/\\\/schema.org\",\"@graph\":[{\"@type\":\"WebPage\",\"@id\":\"https:\\\/\\\/velarogverkfaeri.is\\\/lykillausnir\\\/snjallheimili\\\/stadsetningartaeki\\\/product\\\/zafe-itag-tracker-hvitur-med-find-my-iphone-app\\\/\",\"url\":\"https:\\\/\\\/velarogverkfaeri.is\\\/lykillausnir\\\/snjallheimili\\\/stadsetningartaeki\\\/product\\\/zafe-itag-tracker-hvitur-med-find-my-iphone-app\\\/\",\"name\":\"ZAFE iTag tracker hv\u00edtur me\u00f0 FIND MY IPHONE APP - V\u00e9lar &amp; Verkf\u00e6ri\",\"isPartOf\":{\"@id\":\"https:\\\/\\\/velarogverkfaeri.is\\\/en\\\/#website\"},\"primaryImageOfPage\":{\"@id\":\"https:\\\/\\\/velarogverkfaeri.is\\\/lykillausnir\\\/snjallheimili\\\/stadsetningartaeki\\\/product\\\/zafe-itag-tracker-hvitur-med-find-my-iphone-app\\\/#primaryimage\"},\"image\":{\"@id\":\"https:\\\/\\\/velarogverkfaeri.is\\\/lykillausnir\\\/snjallheimili\\\/stadsetningartaeki\\\/product\\\/zafe-itag-tracker-hvitur-med-find-my-iphone-app\\\/#primaryimage\"},\"thumbnailUrl\":\"https:\\\/\\\/velarogverkfaeri.is\\\/wp-content\\\/uploads\\\/2026\\\/02\\\/43940f6c-d7d4-4165-8b2e-2dd60cc49a4d.jpg\",\"datePublished\":\"2023-11-30T09:01:24+00:00\",\"dateModified\":\"2026-04-08T06:31:32+00:00\",\"breadcrumb\":{\"@id\":\"https:\\\/\\\/velarogverkfaeri.is\\\/lykillausnir\\\/snjallheimili\\\/stadsetningartaeki\\\/product\\\/zafe-itag-tracker-hvitur-med-find-my-iphone-app\\\/#breadcrumb\"},\"inLanguage\":\"en-US\",\"potentialAction\":[{\"@type\":\"ReadAction\",\"target\":[\"https:\\\/\\\/velarogverkfaeri.is\\\/lykillausnir\\\/snjallheimili\\\/stadsetningartaeki\\\/product\\\/zafe-itag-tracker-hvitur-med-find-my-iphone-app\\\/\"]}]},{\"@type\":\"ImageObject\",\"inLanguage\":\"en-US\",\"@id\":\"https:\\\/\\\/velarogverkfaeri.is\\\/lykillausnir\\\/snjallheimili\\\/stadsetningartaeki\\\/product\\\/zafe-itag-tracker-hvitur-med-find-my-iphone-app\\\/#primaryimage\",\"url\":\"https:\\\/\\\/velarogverkfaeri.is\\\/wp-content\\\/uploads\\\/2026\\\/02\\\/43940f6c-d7d4-4165-8b2e-2dd60cc49a4d.jpg\",\"contentUrl\":\"https:\\\/\\\/velarogverkfaeri.is\\\/wp-content\\\/uploads\\\/2026\\\/02\\\/43940f6c-d7d4-4165-8b2e-2dd60cc49a4d.jpg\",\"width\":932,\"height\":1046},{\"@type\":\"BreadcrumbList\",\"@id\":\"https:\\\/\\\/velarogverkfaeri.is\\\/lykillausnir\\\/snjallheimili\\\/stadsetningartaeki\\\/product\\\/zafe-itag-tracker-hvitur-med-find-my-iphone-app\\\/#breadcrumb\",\"itemListElement\":[{\"@type\":\"ListItem\",\"position\":1,\"name\":\"Home\",\"item\":\"https:\\\/\\\/velarogverkfaeri.is\\\/\"},{\"@type\":\"ListItem\",\"position\":2,\"name\":\"Vefverslun\",\"item\":\"https:\\\/\\\/velarogverkfaeri.is\\\/vefverslun\\\/\"},{\"@type\":\"ListItem\",\"position\":3,\"name\":\"ZAFE iTag tracker hv\u00edtur me\u00f0 FIND MY IPHONE APP\"}]},{\"@type\":\"WebSite\",\"@id\":\"https:\\\/\\\/velarogverkfaeri.is\\\/en\\\/#website\",\"url\":\"https:\\\/\\\/velarogverkfaeri.is\\\/en\\\/\",\"name\":\"V\u00e9lar & Verkf\u00e6ri\",\"description\":\"Umbo\u00f0s- og heildverslun fr\u00e1 \u00e1rinu 1919\",\"publisher\":{\"@id\":\"https:\\\/\\\/velarogverkfaeri.is\\\/en\\\/#organization\"},\"potentialAction\":[{\"@type\":\"SearchAction\",\"target\":{\"@type\":\"EntryPoint\",\"urlTemplate\":\"https:\\\/\\\/velarogverkfaeri.is\\\/en\\\/?s={search_term_string}\"},\"query-input\":{\"@type\":\"PropertyValueSpecification\",\"valueRequired\":true,\"valueName\":\"search_term_string\"}}],\"inLanguage\":\"en-US\"},{\"@type\":\"Organization\",\"@id\":\"https:\\\/\\\/velarogverkfaeri.is\\\/en\\\/#organization\",\"name\":\"V\u00e9lar & Verkf\u00e6ri\",\"url\":\"https:\\\/\\\/velarogverkfaeri.is\\\/en\\\/\",\"logo\":{\"@type\":\"ImageObject\",\"inLanguage\":\"en-US\",\"@id\":\"https:\\\/\\\/velarogverkfaeri.is\\\/en\\\/#\\\/schema\\\/logo\\\/image\\\/\",\"url\":\"https:\\\/\\\/velarogverkfaeri.is\\\/wp-content\\\/uploads\\\/2021\\\/10\\\/vv_logo_350x100.png\",\"contentUrl\":\"https:\\\/\\\/velarogverkfaeri.is\\\/wp-content\\\/uploads\\\/2021\\\/10\\\/vv_logo_350x100.png\",\"width\":350,\"height\":100,\"caption\":\"V\u00e9lar & Verkf\u00e6ri\"},\"image\":{\"@id\":\"https:\\\/\\\/velarogverkfaeri.is\\\/en\\\/#\\\/schema\\\/logo\\\/image\\\/\"},\"sameAs\":[\"https:\\\/\\\/www.facebook.com\\\/VelarOgVerkfaeri\"]}]}<\/script>\n<!-- \/ Yoast SEO plugin. -->","yoast_head_json":{"title":"ZAFE iTag tracker hv\u00edtur me\u00f0 FIND MY IPHONE APP - V\u00e9lar &amp; Verkf\u00e6ri","robots":{"index":"index","follow":"follow","max-snippet":"max-snippet:-1","max-image-preview":"max-image-preview:large","max-video-preview":"max-video-preview:-1"},"canonical":"https:\/\/velarogverkfaeri.is\/en\/lykillausnir\/snjallheimili\/stadsetningartaeki\/product\/zafe-itag-tracker-hvitur-med-find-my-iphone-app\/","og_locale":"en_US","og_type":"article","og_title":"ZAFE iTag tracker hv\u00edtur me\u00f0 FIND MY IPHONE APP - V\u00e9lar &amp; Verkf\u00e6ri","og_description":"Einfaldur tracker til a\u00f0 setja \u00e1 hj\u00f3li\u00f0 e\u00f0a d\u00fdri\u00f0.","og_url":"https:\/\/velarogverkfaeri.is\/en\/lykillausnir\/snjallheimili\/stadsetningartaeki\/product\/zafe-itag-tracker-hvitur-med-find-my-iphone-app\/","og_site_name":"V\u00e9lar &amp; Verkf\u00e6ri","article_publisher":"https:\/\/www.facebook.com\/VelarOgVerkfaeri","article_modified_time":"2026-04-08T06:31:32+00:00","twitter_card":"summary_large_image","twitter_misc":{"Est. reading time":"1 minute"},"schema":{"@context":"https:\/\/schema.org","@graph":[{"@type":"WebPage","@id":"https:\/\/velarogverkfaeri.is\/lykillausnir\/snjallheimili\/stadsetningartaeki\/product\/zafe-itag-tracker-hvitur-med-find-my-iphone-app\/","url":"https:\/\/velarogverkfaeri.is\/lykillausnir\/snjallheimili\/stadsetningartaeki\/product\/zafe-itag-tracker-hvitur-med-find-my-iphone-app\/","name":"ZAFE iTag tracker hv\u00edtur me\u00f0 FIND MY IPHONE APP - V\u00e9lar &amp; Verkf\u00e6ri","isPartOf":{"@id":"https:\/\/velarogverkfaeri.is\/en\/#website"},"primaryImageOfPage":{"@id":"https:\/\/velarogverkfaeri.is\/lykillausnir\/snjallheimili\/stadsetningartaeki\/product\/zafe-itag-tracker-hvitur-med-find-my-iphone-app\/#primaryimage"},"image":{"@id":"https:\/\/velarogverkfaeri.is\/lykillausnir\/snjallheimili\/stadsetningartaeki\/product\/zafe-itag-tracker-hvitur-med-find-my-iphone-app\/#primaryimage"},"thumbnailUrl":"https:\/\/velarogverkfaeri.is\/wp-content\/uploads\/2026\/02\/43940f6c-d7d4-4165-8b2e-2dd60cc49a4d.jpg","datePublished":"2023-11-30T09:01:24+00:00","dateModified":"2026-04-08T06:31:32+00:00","breadcrumb":{"@id":"https:\/\/velarogverkfaeri.is\/lykillausnir\/snjallheimili\/stadsetningartaeki\/product\/zafe-itag-tracker-hvitur-med-find-my-iphone-app\/#breadcrumb"},"inLanguage":"en-US","potentialAction":[{"@type":"ReadAction","target":["https:\/\/velarogverkfaeri.is\/lykillausnir\/snjallheimili\/stadsetningartaeki\/product\/zafe-itag-tracker-hvitur-med-find-my-iphone-app\/"]}]},{"@type":"ImageObject","inLanguage":"en-US","@id":"https:\/\/velarogverkfaeri.is\/lykillausnir\/snjallheimili\/stadsetningartaeki\/product\/zafe-itag-tracker-hvitur-med-find-my-iphone-app\/#primaryimage","url":"https:\/\/velarogverkfaeri.is\/wp-content\/uploads\/2026\/02\/43940f6c-d7d4-4165-8b2e-2dd60cc49a4d.jpg","contentUrl":"https:\/\/velarogverkfaeri.is\/wp-content\/uploads\/2026\/02\/43940f6c-d7d4-4165-8b2e-2dd60cc49a4d.jpg","width":932,"height":1046},{"@type":"BreadcrumbList","@id":"https:\/\/velarogverkfaeri.is\/lykillausnir\/snjallheimili\/stadsetningartaeki\/product\/zafe-itag-tracker-hvitur-med-find-my-iphone-app\/#breadcrumb","itemListElement":[{"@type":"ListItem","position":1,"name":"Home","item":"https:\/\/velarogverkfaeri.is\/"},{"@type":"ListItem","position":2,"name":"Vefverslun","item":"https:\/\/velarogverkfaeri.is\/vefverslun\/"},{"@type":"ListItem","position":3,"name":"ZAFE iTag tracker hv\u00edtur me\u00f0 FIND MY IPHONE APP"}]},{"@type":"WebSite","@id":"https:\/\/velarogverkfaeri.is\/en\/#website","url":"https:\/\/velarogverkfaeri.is\/en\/","name":"V\u00e9lar & Verkf\u00e6ri","description":"Umbo\u00f0s- og heildverslun fr\u00e1 \u00e1rinu 1919","publisher":{"@id":"https:\/\/velarogverkfaeri.is\/en\/#organization"},"potentialAction":[{"@type":"SearchAction","target":{"@type":"EntryPoint","urlTemplate":"https:\/\/velarogverkfaeri.is\/en\/?s={search_term_string}"},"query-input":{"@type":"PropertyValueSpecification","valueRequired":true,"valueName":"search_term_string"}}],"inLanguage":"en-US"},{"@type":"Organization","@id":"https:\/\/velarogverkfaeri.is\/en\/#organization","name":"V\u00e9lar & Verkf\u00e6ri","url":"https:\/\/velarogverkfaeri.is\/en\/","logo":{"@type":"ImageObject","inLanguage":"en-US","@id":"https:\/\/velarogverkfaeri.is\/en\/#\/schema\/logo\/image\/","url":"https:\/\/velarogverkfaeri.is\/wp-content\/uploads\/2021\/10\/vv_logo_350x100.png","contentUrl":"https:\/\/velarogverkfaeri.is\/wp-content\/uploads\/2021\/10\/vv_logo_350x100.png","width":350,"height":100,"caption":"V\u00e9lar & Verkf\u00e6ri"},"image":{"@id":"https:\/\/velarogverkfaeri.is\/en\/#\/schema\/logo\/image\/"},"sameAs":["https:\/\/www.facebook.com\/VelarOgVerkfaeri"]}]}},"_links":{"self":[{"href":"https:\/\/velarogverkfaeri.is\/en\/wp-json\/wp\/v2\/product\/55625","targetHints":{"allow":["GET"]}}],"collection":[{"href":"https:\/\/velarogverkfaeri.is\/en\/wp-json\/wp\/v2\/product"}],"about":[{"href":"https:\/\/velarogverkfaeri.is\/en\/wp-json\/wp\/v2\/types\/product"}],"replies":[{"embeddable":true,"href":"https:\/\/velarogverkfaeri.is\/en\/wp-json\/wp\/v2\/comments?post=55625"}],"wp:featuredmedia":[{"embeddable":true,"href":"https:\/\/velarogverkfaeri.is\/en\/wp-json\/wp\/v2\/media\/79817"}],"wp:attachment":[{"href":"https:\/\/velarogverkfaeri.is\/en\/wp-json\/wp\/v2\/media?parent=55625"}],"wp:term":[{"taxonomy":"product_brand","embeddable":true,"href":"https:\/\/velarogverkfaeri.is\/en\/wp-json\/wp\/v2\/product_brand?post=55625"},{"taxonomy":"product_cat","embeddable":true,"href":"https:\/\/velarogverkfaeri.is\/en\/wp-json\/wp\/v2\/product_cat?post=55625"},{"taxonomy":"product_tag","embeddable":true,"href":"https:\/\/velarogverkfaeri.is\/en\/wp-json\/wp\/v2\/product_tag?post=55625"}],"curies":[{"name":"wp","href":"https:\/\/api.w.org\/{rel}","templated":true}]}}