{"id":54764,"date":"2023-10-10T11:06:47","date_gmt":"2023-10-10T11:06:47","guid":{"rendered":"https:\/\/velarogverkfaeri.is\/?post_type=product&#038;p=54764"},"modified":"2025-04-25T17:31:22","modified_gmt":"2025-04-25T17:31:22","slug":"fiamm-rafhlada-varaafl-fv0-12v-72ah-10-ara-rafhlada","status":"publish","type":"product","link":"https:\/\/velarogverkfaeri.is\/en\/lykillausnir\/orkuver\/rafhlada-varaafl\/product\/fiamm-rafhlada-varaafl-fv0-12v-72ah-10-ara-rafhlada\/","title":{"rendered":"FIAMM Rafhla\u00f0a varaafl  (FV0) 12V 7,2Ah 10 \u00e1ra rafhla\u00f0a"},"content":{"rendered":"","protected":false},"excerpt":{"rendered":"","protected":false},"featured_media":60127,"comment_status":"closed","ping_status":"closed","template":"","meta":[],"product_brand":[],"product_cat":[894,517,883],"product_tag":[],"class_list":{"0":"post-54764","1":"product","2":"type-product","3":"status-publish","4":"has-post-thumbnail","6":"product_cat-rafhlada-varaafl","7":"product_cat-lykillausnir","8":"product_cat-orkuver","10":"first","11":"instock","12":"taxable","13":"shipping-taxable","14":"purchasable","15":"product-type-simple"},"yoast_head":"<!-- This site is optimized with the Yoast SEO plugin v27.3 - https:\/\/yoast.com\/product\/yoast-seo-wordpress\/ -->\n<title>FIAMM Rafhla\u00f0a varaafl (FV0) 12V 7,2Ah 10 \u00e1ra rafhla\u00f0a - V\u00e9lar &amp; Verkf\u00e6ri<\/title>\n<meta name=\"robots\" content=\"index, follow, max-snippet:-1, max-image-preview:large, max-video-preview:-1\" \/>\n<link rel=\"canonical\" href=\"https:\/\/velarogverkfaeri.is\/en\/lykillausnir\/orkuver\/rafhlada-varaafl\/product\/fiamm-rafhlada-varaafl-fv0-12v-72ah-10-ara-rafhlada\/\" \/>\n<meta property=\"og:locale\" content=\"en_US\" \/>\n<meta property=\"og:type\" content=\"article\" \/>\n<meta property=\"og:title\" content=\"FIAMM Rafhla\u00f0a varaafl (FV0) 12V 7,2Ah 10 \u00e1ra rafhla\u00f0a - V\u00e9lar &amp; Verkf\u00e6ri\" \/>\n<meta property=\"og:url\" content=\"https:\/\/velarogverkfaeri.is\/en\/lykillausnir\/orkuver\/rafhlada-varaafl\/product\/fiamm-rafhlada-varaafl-fv0-12v-72ah-10-ara-rafhlada\/\" \/>\n<meta property=\"og:site_name\" content=\"V\u00e9lar &amp; Verkf\u00e6ri\" \/>\n<meta property=\"article:publisher\" content=\"https:\/\/www.facebook.com\/VelarOgVerkfaeri\" \/>\n<meta property=\"article:modified_time\" content=\"2025-04-25T17:31:22+00:00\" \/>\n<meta property=\"og:image\" content=\"https:\/\/velarogverkfaeri.is\/wp-content\/uploads\/2024\/04\/a52a2c02-23d4-406f-9193-e7f9c2199ba9.jpg\" \/>\n\t<meta property=\"og:image:width\" content=\"1020\" \/>\n\t<meta property=\"og:image:height\" content=\"570\" \/>\n\t<meta property=\"og:image:type\" content=\"image\/jpeg\" \/>\n<meta name=\"twitter:card\" content=\"summary_large_image\" \/>\n<script type=\"application\/ld+json\" class=\"yoast-schema-graph\">{\"@context\":\"https:\\\/\\\/schema.org\",\"@graph\":[{\"@type\":\"WebPage\",\"@id\":\"https:\\\/\\\/velarogverkfaeri.is\\\/lykillausnir\\\/orkuver\\\/rafhlada-varaafl\\\/product\\\/fiamm-rafhlada-varaafl-fv0-12v-72ah-10-ara-rafhlada\\\/\",\"url\":\"https:\\\/\\\/velarogverkfaeri.is\\\/lykillausnir\\\/orkuver\\\/rafhlada-varaafl\\\/product\\\/fiamm-rafhlada-varaafl-fv0-12v-72ah-10-ara-rafhlada\\\/\",\"name\":\"FIAMM Rafhla\u00f0a varaafl (FV0) 12V 7,2Ah 10 \u00e1ra rafhla\u00f0a - V\u00e9lar &amp; Verkf\u00e6ri\",\"isPartOf\":{\"@id\":\"https:\\\/\\\/velarogverkfaeri.is\\\/en\\\/#website\"},\"primaryImageOfPage\":{\"@id\":\"https:\\\/\\\/velarogverkfaeri.is\\\/lykillausnir\\\/orkuver\\\/rafhlada-varaafl\\\/product\\\/fiamm-rafhlada-varaafl-fv0-12v-72ah-10-ara-rafhlada\\\/#primaryimage\"},\"image\":{\"@id\":\"https:\\\/\\\/velarogverkfaeri.is\\\/lykillausnir\\\/orkuver\\\/rafhlada-varaafl\\\/product\\\/fiamm-rafhlada-varaafl-fv0-12v-72ah-10-ara-rafhlada\\\/#primaryimage\"},\"thumbnailUrl\":\"https:\\\/\\\/velarogverkfaeri.is\\\/wp-content\\\/uploads\\\/2024\\\/04\\\/a52a2c02-23d4-406f-9193-e7f9c2199ba9.jpg\",\"datePublished\":\"2023-10-10T11:06:47+00:00\",\"dateModified\":\"2025-04-25T17:31:22+00:00\",\"breadcrumb\":{\"@id\":\"https:\\\/\\\/velarogverkfaeri.is\\\/lykillausnir\\\/orkuver\\\/rafhlada-varaafl\\\/product\\\/fiamm-rafhlada-varaafl-fv0-12v-72ah-10-ara-rafhlada\\\/#breadcrumb\"},\"inLanguage\":\"en-US\",\"potentialAction\":[{\"@type\":\"ReadAction\",\"target\":[\"https:\\\/\\\/velarogverkfaeri.is\\\/lykillausnir\\\/orkuver\\\/rafhlada-varaafl\\\/product\\\/fiamm-rafhlada-varaafl-fv0-12v-72ah-10-ara-rafhlada\\\/\"]}]},{\"@type\":\"ImageObject\",\"inLanguage\":\"en-US\",\"@id\":\"https:\\\/\\\/velarogverkfaeri.is\\\/lykillausnir\\\/orkuver\\\/rafhlada-varaafl\\\/product\\\/fiamm-rafhlada-varaafl-fv0-12v-72ah-10-ara-rafhlada\\\/#primaryimage\",\"url\":\"https:\\\/\\\/velarogverkfaeri.is\\\/wp-content\\\/uploads\\\/2024\\\/04\\\/a52a2c02-23d4-406f-9193-e7f9c2199ba9.jpg\",\"contentUrl\":\"https:\\\/\\\/velarogverkfaeri.is\\\/wp-content\\\/uploads\\\/2024\\\/04\\\/a52a2c02-23d4-406f-9193-e7f9c2199ba9.jpg\",\"width\":1020,\"height\":570},{\"@type\":\"BreadcrumbList\",\"@id\":\"https:\\\/\\\/velarogverkfaeri.is\\\/lykillausnir\\\/orkuver\\\/rafhlada-varaafl\\\/product\\\/fiamm-rafhlada-varaafl-fv0-12v-72ah-10-ara-rafhlada\\\/#breadcrumb\",\"itemListElement\":[{\"@type\":\"ListItem\",\"position\":1,\"name\":\"Home\",\"item\":\"https:\\\/\\\/velarogverkfaeri.is\\\/\"},{\"@type\":\"ListItem\",\"position\":2,\"name\":\"Vefverslun\",\"item\":\"https:\\\/\\\/velarogverkfaeri.is\\\/vefverslun\\\/\"},{\"@type\":\"ListItem\",\"position\":3,\"name\":\"FIAMM Rafhla\u00f0a varaafl (FV0) 12V 7,2Ah 10 \u00e1ra rafhla\u00f0a\"}]},{\"@type\":\"WebSite\",\"@id\":\"https:\\\/\\\/velarogverkfaeri.is\\\/en\\\/#website\",\"url\":\"https:\\\/\\\/velarogverkfaeri.is\\\/en\\\/\",\"name\":\"V\u00e9lar & Verkf\u00e6ri\",\"description\":\"Umbo\u00f0s- og heildverslun fr\u00e1 \u00e1rinu 1919\",\"publisher\":{\"@id\":\"https:\\\/\\\/velarogverkfaeri.is\\\/en\\\/#organization\"},\"potentialAction\":[{\"@type\":\"SearchAction\",\"target\":{\"@type\":\"EntryPoint\",\"urlTemplate\":\"https:\\\/\\\/velarogverkfaeri.is\\\/en\\\/?s={search_term_string}\"},\"query-input\":{\"@type\":\"PropertyValueSpecification\",\"valueRequired\":true,\"valueName\":\"search_term_string\"}}],\"inLanguage\":\"en-US\"},{\"@type\":\"Organization\",\"@id\":\"https:\\\/\\\/velarogverkfaeri.is\\\/en\\\/#organization\",\"name\":\"V\u00e9lar & Verkf\u00e6ri\",\"url\":\"https:\\\/\\\/velarogverkfaeri.is\\\/en\\\/\",\"logo\":{\"@type\":\"ImageObject\",\"inLanguage\":\"en-US\",\"@id\":\"https:\\\/\\\/velarogverkfaeri.is\\\/en\\\/#\\\/schema\\\/logo\\\/image\\\/\",\"url\":\"https:\\\/\\\/velarogverkfaeri.is\\\/wp-content\\\/uploads\\\/2021\\\/10\\\/vv_logo_350x100.png\",\"contentUrl\":\"https:\\\/\\\/velarogverkfaeri.is\\\/wp-content\\\/uploads\\\/2021\\\/10\\\/vv_logo_350x100.png\",\"width\":350,\"height\":100,\"caption\":\"V\u00e9lar & Verkf\u00e6ri\"},\"image\":{\"@id\":\"https:\\\/\\\/velarogverkfaeri.is\\\/en\\\/#\\\/schema\\\/logo\\\/image\\\/\"},\"sameAs\":[\"https:\\\/\\\/www.facebook.com\\\/VelarOgVerkfaeri\"]}]}<\/script>\n<!-- \/ Yoast SEO plugin. -->","yoast_head_json":{"title":"FIAMM Rafhla\u00f0a varaafl (FV0) 12V 7,2Ah 10 \u00e1ra rafhla\u00f0a - V\u00e9lar &amp; Verkf\u00e6ri","robots":{"index":"index","follow":"follow","max-snippet":"max-snippet:-1","max-image-preview":"max-image-preview:large","max-video-preview":"max-video-preview:-1"},"canonical":"https:\/\/velarogverkfaeri.is\/en\/lykillausnir\/orkuver\/rafhlada-varaafl\/product\/fiamm-rafhlada-varaafl-fv0-12v-72ah-10-ara-rafhlada\/","og_locale":"en_US","og_type":"article","og_title":"FIAMM Rafhla\u00f0a varaafl (FV0) 12V 7,2Ah 10 \u00e1ra rafhla\u00f0a - V\u00e9lar &amp; Verkf\u00e6ri","og_url":"https:\/\/velarogverkfaeri.is\/en\/lykillausnir\/orkuver\/rafhlada-varaafl\/product\/fiamm-rafhlada-varaafl-fv0-12v-72ah-10-ara-rafhlada\/","og_site_name":"V\u00e9lar &amp; Verkf\u00e6ri","article_publisher":"https:\/\/www.facebook.com\/VelarOgVerkfaeri","article_modified_time":"2025-04-25T17:31:22+00:00","og_image":[{"width":1020,"height":570,"url":"https:\/\/velarogverkfaeri.is\/wp-content\/uploads\/2024\/04\/a52a2c02-23d4-406f-9193-e7f9c2199ba9.jpg","type":"image\/jpeg"}],"twitter_card":"summary_large_image","schema":{"@context":"https:\/\/schema.org","@graph":[{"@type":"WebPage","@id":"https:\/\/velarogverkfaeri.is\/lykillausnir\/orkuver\/rafhlada-varaafl\/product\/fiamm-rafhlada-varaafl-fv0-12v-72ah-10-ara-rafhlada\/","url":"https:\/\/velarogverkfaeri.is\/lykillausnir\/orkuver\/rafhlada-varaafl\/product\/fiamm-rafhlada-varaafl-fv0-12v-72ah-10-ara-rafhlada\/","name":"FIAMM Rafhla\u00f0a varaafl (FV0) 12V 7,2Ah 10 \u00e1ra rafhla\u00f0a - V\u00e9lar &amp; Verkf\u00e6ri","isPartOf":{"@id":"https:\/\/velarogverkfaeri.is\/en\/#website"},"primaryImageOfPage":{"@id":"https:\/\/velarogverkfaeri.is\/lykillausnir\/orkuver\/rafhlada-varaafl\/product\/fiamm-rafhlada-varaafl-fv0-12v-72ah-10-ara-rafhlada\/#primaryimage"},"image":{"@id":"https:\/\/velarogverkfaeri.is\/lykillausnir\/orkuver\/rafhlada-varaafl\/product\/fiamm-rafhlada-varaafl-fv0-12v-72ah-10-ara-rafhlada\/#primaryimage"},"thumbnailUrl":"https:\/\/velarogverkfaeri.is\/wp-content\/uploads\/2024\/04\/a52a2c02-23d4-406f-9193-e7f9c2199ba9.jpg","datePublished":"2023-10-10T11:06:47+00:00","dateModified":"2025-04-25T17:31:22+00:00","breadcrumb":{"@id":"https:\/\/velarogverkfaeri.is\/lykillausnir\/orkuver\/rafhlada-varaafl\/product\/fiamm-rafhlada-varaafl-fv0-12v-72ah-10-ara-rafhlada\/#breadcrumb"},"inLanguage":"en-US","potentialAction":[{"@type":"ReadAction","target":["https:\/\/velarogverkfaeri.is\/lykillausnir\/orkuver\/rafhlada-varaafl\/product\/fiamm-rafhlada-varaafl-fv0-12v-72ah-10-ara-rafhlada\/"]}]},{"@type":"ImageObject","inLanguage":"en-US","@id":"https:\/\/velarogverkfaeri.is\/lykillausnir\/orkuver\/rafhlada-varaafl\/product\/fiamm-rafhlada-varaafl-fv0-12v-72ah-10-ara-rafhlada\/#primaryimage","url":"https:\/\/velarogverkfaeri.is\/wp-content\/uploads\/2024\/04\/a52a2c02-23d4-406f-9193-e7f9c2199ba9.jpg","contentUrl":"https:\/\/velarogverkfaeri.is\/wp-content\/uploads\/2024\/04\/a52a2c02-23d4-406f-9193-e7f9c2199ba9.jpg","width":1020,"height":570},{"@type":"BreadcrumbList","@id":"https:\/\/velarogverkfaeri.is\/lykillausnir\/orkuver\/rafhlada-varaafl\/product\/fiamm-rafhlada-varaafl-fv0-12v-72ah-10-ara-rafhlada\/#breadcrumb","itemListElement":[{"@type":"ListItem","position":1,"name":"Home","item":"https:\/\/velarogverkfaeri.is\/"},{"@type":"ListItem","position":2,"name":"Vefverslun","item":"https:\/\/velarogverkfaeri.is\/vefverslun\/"},{"@type":"ListItem","position":3,"name":"FIAMM Rafhla\u00f0a varaafl (FV0) 12V 7,2Ah 10 \u00e1ra rafhla\u00f0a"}]},{"@type":"WebSite","@id":"https:\/\/velarogverkfaeri.is\/en\/#website","url":"https:\/\/velarogverkfaeri.is\/en\/","name":"V\u00e9lar & Verkf\u00e6ri","description":"Umbo\u00f0s- og heildverslun fr\u00e1 \u00e1rinu 1919","publisher":{"@id":"https:\/\/velarogverkfaeri.is\/en\/#organization"},"potentialAction":[{"@type":"SearchAction","target":{"@type":"EntryPoint","urlTemplate":"https:\/\/velarogverkfaeri.is\/en\/?s={search_term_string}"},"query-input":{"@type":"PropertyValueSpecification","valueRequired":true,"valueName":"search_term_string"}}],"inLanguage":"en-US"},{"@type":"Organization","@id":"https:\/\/velarogverkfaeri.is\/en\/#organization","name":"V\u00e9lar & Verkf\u00e6ri","url":"https:\/\/velarogverkfaeri.is\/en\/","logo":{"@type":"ImageObject","inLanguage":"en-US","@id":"https:\/\/velarogverkfaeri.is\/en\/#\/schema\/logo\/image\/","url":"https:\/\/velarogverkfaeri.is\/wp-content\/uploads\/2021\/10\/vv_logo_350x100.png","contentUrl":"https:\/\/velarogverkfaeri.is\/wp-content\/uploads\/2021\/10\/vv_logo_350x100.png","width":350,"height":100,"caption":"V\u00e9lar & Verkf\u00e6ri"},"image":{"@id":"https:\/\/velarogverkfaeri.is\/en\/#\/schema\/logo\/image\/"},"sameAs":["https:\/\/www.facebook.com\/VelarOgVerkfaeri"]}]}},"_links":{"self":[{"href":"https:\/\/velarogverkfaeri.is\/en\/wp-json\/wp\/v2\/product\/54764","targetHints":{"allow":["GET"]}}],"collection":[{"href":"https:\/\/velarogverkfaeri.is\/en\/wp-json\/wp\/v2\/product"}],"about":[{"href":"https:\/\/velarogverkfaeri.is\/en\/wp-json\/wp\/v2\/types\/product"}],"replies":[{"embeddable":true,"href":"https:\/\/velarogverkfaeri.is\/en\/wp-json\/wp\/v2\/comments?post=54764"}],"wp:featuredmedia":[{"embeddable":true,"href":"https:\/\/velarogverkfaeri.is\/en\/wp-json\/wp\/v2\/media\/60127"}],"wp:attachment":[{"href":"https:\/\/velarogverkfaeri.is\/en\/wp-json\/wp\/v2\/media?parent=54764"}],"wp:term":[{"taxonomy":"product_brand","embeddable":true,"href":"https:\/\/velarogverkfaeri.is\/en\/wp-json\/wp\/v2\/product_brand?post=54764"},{"taxonomy":"product_cat","embeddable":true,"href":"https:\/\/velarogverkfaeri.is\/en\/wp-json\/wp\/v2\/product_cat?post=54764"},{"taxonomy":"product_tag","embeddable":true,"href":"https:\/\/velarogverkfaeri.is\/en\/wp-json\/wp\/v2\/product_tag?post=54764"}],"curies":[{"name":"wp","href":"https:\/\/api.w.org\/{rel}","templated":true}]}}