{"id":54500,"date":"2023-11-14T11:12:13","date_gmt":"2023-11-14T11:12:13","guid":{"rendered":"https:\/\/velarogverkfaeri.is\/?post_type=product&#038;p=54500"},"modified":"2026-04-09T09:31:44","modified_gmt":"2026-04-09T09:31:44","slug":"dewalt-heilgrima-large-med-siu-p3-sia-filter-dxir1ffmlp3","status":"publish","type":"product","link":"https:\/\/velarogverkfaeri.is\/en\/verkfaeralausnir\/vinnufatnadur\/rykgrimur\/product\/dewalt-heilgrima-large-med-siu-p3-sia-filter-dxir1ffmlp3\/","title":{"rendered":"DeWALT Heilgr\u00edma LARGE me\u00f0 s\u00edu P3 S\u00cdA (FILTER)"},"content":{"rendered":"<ul>\n<li>Hj\u00e1lmgr\u00edma \u00e6ur h\u00f6gg\u00feolnu p\u00f3l\u00fdkarb\u00f3nat tryggir \u00f3hindra\u00f0 sj\u00f3nsvi\u00f0 og verndar notendur efni sem sk\u00fdst \u00ed \u00e1ttina a\u00f0 andliti.<\/li>\n<li>5 punkta stillanlegt h\u00f6fu\u00f0belti hj\u00e1lpar notendum a\u00f0 l\u00ed\u00f0a vel vi\u00f0 notkun gr\u00edmunnar.<\/li>\n<li>Tv\u00f6f\u00f6ld s\u00edun tryggir jafnari \u00feyngdardreifingu me\u00f0 l\u00e1gmarks truflun \u00e1 sj\u00f3nsvi\u00f0i.<\/li>\n<li>H\u00e6gt er a\u00f0 skipta um alla hluta gr\u00edmunnar sem gerir vi\u00f0hald hennar au\u00f0velt<\/li>\n<li>P3 s\u00edun tryggir 99,95% s\u00edun loftborinna agna sem eru 0,3 micron e\u00f0a st\u00e6rri.<\/li>\n<li>Uppfyllir verndarstu\u00f0ul APF40, h\u00e6gt a\u00f0 nota me\u00f0 styrk mengunarefna sem er allt a\u00f0 40 sinnum vi\u00f0mi\u00f0unarm\u00f6rk fyrir v\u00e1hrif \u00e1 vinnusta\u00f0 (WEL).<\/li>\n<\/ul>\n<p><\/p>","protected":false},"excerpt":{"rendered":"<p>Fj\u00f6lnota gr\u00edma sem verndar allt andliti\u00f0 \u00e1 sama t\u00edma og au\u00f0velt er a\u00f0 anda.<\/p>","protected":false},"featured_media":56973,"comment_status":"closed","ping_status":"closed","template":"","meta":[],"product_brand":[],"product_cat":[710,515,595],"product_tag":[942],"class_list":{"0":"post-54500","1":"product","2":"type-product","3":"status-publish","4":"has-post-thumbnail","6":"product_cat-rykgrimur","7":"product_cat-verkfaeralausnir","8":"product_cat-vinnufatnadur","9":"product_tag-dewalt","11":"first","12":"instock","13":"taxable","14":"shipping-taxable","15":"purchasable","16":"product-type-simple"},"yoast_head":"<!-- This site is optimized with the Yoast SEO plugin v27.3 - https:\/\/yoast.com\/product\/yoast-seo-wordpress\/ -->\n<title>DeWALT Heilgr\u00edma LARGE me\u00f0 s\u00edu P3 S\u00cdA (FILTER) - V\u00e9lar &amp; Verkf\u00e6ri<\/title>\n<meta name=\"robots\" content=\"index, follow, max-snippet:-1, max-image-preview:large, max-video-preview:-1\" \/>\n<link rel=\"canonical\" href=\"https:\/\/velarogverkfaeri.is\/en\/verkfaeralausnir\/vinnufatnadur\/rykgrimur\/product\/dewalt-heilgrima-large-med-siu-p3-sia-filter-dxir1ffmlp3\/\" \/>\n<meta property=\"og:locale\" content=\"en_US\" \/>\n<meta property=\"og:type\" content=\"article\" \/>\n<meta property=\"og:title\" content=\"DeWALT Heilgr\u00edma LARGE me\u00f0 s\u00edu P3 S\u00cdA (FILTER) - V\u00e9lar &amp; Verkf\u00e6ri\" \/>\n<meta property=\"og:description\" content=\"Fj\u00f6lnota gr\u00edma sem verndar allt andliti\u00f0 \u00e1 sama t\u00edma og au\u00f0velt er a\u00f0 anda.\" \/>\n<meta property=\"og:url\" content=\"https:\/\/velarogverkfaeri.is\/en\/verkfaeralausnir\/vinnufatnadur\/rykgrimur\/product\/dewalt-heilgrima-large-med-siu-p3-sia-filter-dxir1ffmlp3\/\" \/>\n<meta property=\"og:site_name\" content=\"V\u00e9lar &amp; Verkf\u00e6ri\" \/>\n<meta property=\"article:publisher\" content=\"https:\/\/www.facebook.com\/VelarOgVerkfaeri\" \/>\n<meta property=\"article:modified_time\" content=\"2026-04-09T09:31:44+00:00\" \/>\n<meta property=\"og:image\" content=\"https:\/\/velarogverkfaeri.is\/wp-content\/uploads\/2024\/01\/53ad0bff-6945-4163-a670-534cee0a8ec1.jpg\" \/>\n\t<meta property=\"og:image:width\" content=\"451\" \/>\n\t<meta property=\"og:image:height\" content=\"451\" \/>\n\t<meta property=\"og:image:type\" content=\"image\/jpeg\" \/>\n<meta name=\"twitter:card\" content=\"summary_large_image\" \/>\n<meta name=\"twitter:label1\" content=\"Est. reading time\" \/>\n\t<meta name=\"twitter:data1\" content=\"1 minute\" \/>\n<script type=\"application\/ld+json\" class=\"yoast-schema-graph\">{\"@context\":\"https:\\\/\\\/schema.org\",\"@graph\":[{\"@type\":\"WebPage\",\"@id\":\"https:\\\/\\\/velarogverkfaeri.is\\\/verkfaeralausnir\\\/vinnufatnadur\\\/rykgrimur\\\/product\\\/dewalt-heilgrima-large-med-siu-p3-sia-filter-dxir1ffmlp3\\\/\",\"url\":\"https:\\\/\\\/velarogverkfaeri.is\\\/verkfaeralausnir\\\/vinnufatnadur\\\/rykgrimur\\\/product\\\/dewalt-heilgrima-large-med-siu-p3-sia-filter-dxir1ffmlp3\\\/\",\"name\":\"DeWALT Heilgr\u00edma LARGE me\u00f0 s\u00edu P3 S\u00cdA (FILTER) - V\u00e9lar &amp; Verkf\u00e6ri\",\"isPartOf\":{\"@id\":\"https:\\\/\\\/velarogverkfaeri.is\\\/en\\\/#website\"},\"primaryImageOfPage\":{\"@id\":\"https:\\\/\\\/velarogverkfaeri.is\\\/verkfaeralausnir\\\/vinnufatnadur\\\/rykgrimur\\\/product\\\/dewalt-heilgrima-large-med-siu-p3-sia-filter-dxir1ffmlp3\\\/#primaryimage\"},\"image\":{\"@id\":\"https:\\\/\\\/velarogverkfaeri.is\\\/verkfaeralausnir\\\/vinnufatnadur\\\/rykgrimur\\\/product\\\/dewalt-heilgrima-large-med-siu-p3-sia-filter-dxir1ffmlp3\\\/#primaryimage\"},\"thumbnailUrl\":\"https:\\\/\\\/velarogverkfaeri.is\\\/wp-content\\\/uploads\\\/2024\\\/01\\\/53ad0bff-6945-4163-a670-534cee0a8ec1.jpg\",\"datePublished\":\"2023-11-14T11:12:13+00:00\",\"dateModified\":\"2026-04-09T09:31:44+00:00\",\"breadcrumb\":{\"@id\":\"https:\\\/\\\/velarogverkfaeri.is\\\/verkfaeralausnir\\\/vinnufatnadur\\\/rykgrimur\\\/product\\\/dewalt-heilgrima-large-med-siu-p3-sia-filter-dxir1ffmlp3\\\/#breadcrumb\"},\"inLanguage\":\"en-US\",\"potentialAction\":[{\"@type\":\"ReadAction\",\"target\":[\"https:\\\/\\\/velarogverkfaeri.is\\\/verkfaeralausnir\\\/vinnufatnadur\\\/rykgrimur\\\/product\\\/dewalt-heilgrima-large-med-siu-p3-sia-filter-dxir1ffmlp3\\\/\"]}]},{\"@type\":\"ImageObject\",\"inLanguage\":\"en-US\",\"@id\":\"https:\\\/\\\/velarogverkfaeri.is\\\/verkfaeralausnir\\\/vinnufatnadur\\\/rykgrimur\\\/product\\\/dewalt-heilgrima-large-med-siu-p3-sia-filter-dxir1ffmlp3\\\/#primaryimage\",\"url\":\"https:\\\/\\\/velarogverkfaeri.is\\\/wp-content\\\/uploads\\\/2024\\\/01\\\/53ad0bff-6945-4163-a670-534cee0a8ec1.jpg\",\"contentUrl\":\"https:\\\/\\\/velarogverkfaeri.is\\\/wp-content\\\/uploads\\\/2024\\\/01\\\/53ad0bff-6945-4163-a670-534cee0a8ec1.jpg\",\"width\":451,\"height\":451},{\"@type\":\"BreadcrumbList\",\"@id\":\"https:\\\/\\\/velarogverkfaeri.is\\\/verkfaeralausnir\\\/vinnufatnadur\\\/rykgrimur\\\/product\\\/dewalt-heilgrima-large-med-siu-p3-sia-filter-dxir1ffmlp3\\\/#breadcrumb\",\"itemListElement\":[{\"@type\":\"ListItem\",\"position\":1,\"name\":\"Home\",\"item\":\"https:\\\/\\\/velarogverkfaeri.is\\\/\"},{\"@type\":\"ListItem\",\"position\":2,\"name\":\"Vefverslun\",\"item\":\"https:\\\/\\\/velarogverkfaeri.is\\\/vefverslun\\\/\"},{\"@type\":\"ListItem\",\"position\":3,\"name\":\"DeWALT Heilgr\u00edma LARGE me\u00f0 s\u00edu P3 S\u00cdA (FILTER)\"}]},{\"@type\":\"WebSite\",\"@id\":\"https:\\\/\\\/velarogverkfaeri.is\\\/en\\\/#website\",\"url\":\"https:\\\/\\\/velarogverkfaeri.is\\\/en\\\/\",\"name\":\"V\u00e9lar & Verkf\u00e6ri\",\"description\":\"Umbo\u00f0s- og heildverslun fr\u00e1 \u00e1rinu 1919\",\"publisher\":{\"@id\":\"https:\\\/\\\/velarogverkfaeri.is\\\/en\\\/#organization\"},\"potentialAction\":[{\"@type\":\"SearchAction\",\"target\":{\"@type\":\"EntryPoint\",\"urlTemplate\":\"https:\\\/\\\/velarogverkfaeri.is\\\/en\\\/?s={search_term_string}\"},\"query-input\":{\"@type\":\"PropertyValueSpecification\",\"valueRequired\":true,\"valueName\":\"search_term_string\"}}],\"inLanguage\":\"en-US\"},{\"@type\":\"Organization\",\"@id\":\"https:\\\/\\\/velarogverkfaeri.is\\\/en\\\/#organization\",\"name\":\"V\u00e9lar & Verkf\u00e6ri\",\"url\":\"https:\\\/\\\/velarogverkfaeri.is\\\/en\\\/\",\"logo\":{\"@type\":\"ImageObject\",\"inLanguage\":\"en-US\",\"@id\":\"https:\\\/\\\/velarogverkfaeri.is\\\/en\\\/#\\\/schema\\\/logo\\\/image\\\/\",\"url\":\"https:\\\/\\\/velarogverkfaeri.is\\\/wp-content\\\/uploads\\\/2021\\\/10\\\/vv_logo_350x100.png\",\"contentUrl\":\"https:\\\/\\\/velarogverkfaeri.is\\\/wp-content\\\/uploads\\\/2021\\\/10\\\/vv_logo_350x100.png\",\"width\":350,\"height\":100,\"caption\":\"V\u00e9lar & Verkf\u00e6ri\"},\"image\":{\"@id\":\"https:\\\/\\\/velarogverkfaeri.is\\\/en\\\/#\\\/schema\\\/logo\\\/image\\\/\"},\"sameAs\":[\"https:\\\/\\\/www.facebook.com\\\/VelarOgVerkfaeri\"]}]}<\/script>\n<!-- \/ Yoast SEO plugin. -->","yoast_head_json":{"title":"DeWALT Heilgr\u00edma LARGE me\u00f0 s\u00edu P3 S\u00cdA (FILTER) - V\u00e9lar &amp; Verkf\u00e6ri","robots":{"index":"index","follow":"follow","max-snippet":"max-snippet:-1","max-image-preview":"max-image-preview:large","max-video-preview":"max-video-preview:-1"},"canonical":"https:\/\/velarogverkfaeri.is\/en\/verkfaeralausnir\/vinnufatnadur\/rykgrimur\/product\/dewalt-heilgrima-large-med-siu-p3-sia-filter-dxir1ffmlp3\/","og_locale":"en_US","og_type":"article","og_title":"DeWALT Heilgr\u00edma LARGE me\u00f0 s\u00edu P3 S\u00cdA (FILTER) - V\u00e9lar &amp; Verkf\u00e6ri","og_description":"Fj\u00f6lnota gr\u00edma sem verndar allt andliti\u00f0 \u00e1 sama t\u00edma og au\u00f0velt er a\u00f0 anda.","og_url":"https:\/\/velarogverkfaeri.is\/en\/verkfaeralausnir\/vinnufatnadur\/rykgrimur\/product\/dewalt-heilgrima-large-med-siu-p3-sia-filter-dxir1ffmlp3\/","og_site_name":"V\u00e9lar &amp; Verkf\u00e6ri","article_publisher":"https:\/\/www.facebook.com\/VelarOgVerkfaeri","article_modified_time":"2026-04-09T09:31:44+00:00","og_image":[{"width":451,"height":451,"url":"https:\/\/velarogverkfaeri.is\/wp-content\/uploads\/2024\/01\/53ad0bff-6945-4163-a670-534cee0a8ec1.jpg","type":"image\/jpeg"}],"twitter_card":"summary_large_image","twitter_misc":{"Est. reading time":"1 minute"},"schema":{"@context":"https:\/\/schema.org","@graph":[{"@type":"WebPage","@id":"https:\/\/velarogverkfaeri.is\/verkfaeralausnir\/vinnufatnadur\/rykgrimur\/product\/dewalt-heilgrima-large-med-siu-p3-sia-filter-dxir1ffmlp3\/","url":"https:\/\/velarogverkfaeri.is\/verkfaeralausnir\/vinnufatnadur\/rykgrimur\/product\/dewalt-heilgrima-large-med-siu-p3-sia-filter-dxir1ffmlp3\/","name":"DeWALT Heilgr\u00edma LARGE me\u00f0 s\u00edu P3 S\u00cdA (FILTER) - V\u00e9lar &amp; Verkf\u00e6ri","isPartOf":{"@id":"https:\/\/velarogverkfaeri.is\/en\/#website"},"primaryImageOfPage":{"@id":"https:\/\/velarogverkfaeri.is\/verkfaeralausnir\/vinnufatnadur\/rykgrimur\/product\/dewalt-heilgrima-large-med-siu-p3-sia-filter-dxir1ffmlp3\/#primaryimage"},"image":{"@id":"https:\/\/velarogverkfaeri.is\/verkfaeralausnir\/vinnufatnadur\/rykgrimur\/product\/dewalt-heilgrima-large-med-siu-p3-sia-filter-dxir1ffmlp3\/#primaryimage"},"thumbnailUrl":"https:\/\/velarogverkfaeri.is\/wp-content\/uploads\/2024\/01\/53ad0bff-6945-4163-a670-534cee0a8ec1.jpg","datePublished":"2023-11-14T11:12:13+00:00","dateModified":"2026-04-09T09:31:44+00:00","breadcrumb":{"@id":"https:\/\/velarogverkfaeri.is\/verkfaeralausnir\/vinnufatnadur\/rykgrimur\/product\/dewalt-heilgrima-large-med-siu-p3-sia-filter-dxir1ffmlp3\/#breadcrumb"},"inLanguage":"en-US","potentialAction":[{"@type":"ReadAction","target":["https:\/\/velarogverkfaeri.is\/verkfaeralausnir\/vinnufatnadur\/rykgrimur\/product\/dewalt-heilgrima-large-med-siu-p3-sia-filter-dxir1ffmlp3\/"]}]},{"@type":"ImageObject","inLanguage":"en-US","@id":"https:\/\/velarogverkfaeri.is\/verkfaeralausnir\/vinnufatnadur\/rykgrimur\/product\/dewalt-heilgrima-large-med-siu-p3-sia-filter-dxir1ffmlp3\/#primaryimage","url":"https:\/\/velarogverkfaeri.is\/wp-content\/uploads\/2024\/01\/53ad0bff-6945-4163-a670-534cee0a8ec1.jpg","contentUrl":"https:\/\/velarogverkfaeri.is\/wp-content\/uploads\/2024\/01\/53ad0bff-6945-4163-a670-534cee0a8ec1.jpg","width":451,"height":451},{"@type":"BreadcrumbList","@id":"https:\/\/velarogverkfaeri.is\/verkfaeralausnir\/vinnufatnadur\/rykgrimur\/product\/dewalt-heilgrima-large-med-siu-p3-sia-filter-dxir1ffmlp3\/#breadcrumb","itemListElement":[{"@type":"ListItem","position":1,"name":"Home","item":"https:\/\/velarogverkfaeri.is\/"},{"@type":"ListItem","position":2,"name":"Vefverslun","item":"https:\/\/velarogverkfaeri.is\/vefverslun\/"},{"@type":"ListItem","position":3,"name":"DeWALT Heilgr\u00edma LARGE me\u00f0 s\u00edu P3 S\u00cdA (FILTER)"}]},{"@type":"WebSite","@id":"https:\/\/velarogverkfaeri.is\/en\/#website","url":"https:\/\/velarogverkfaeri.is\/en\/","name":"V\u00e9lar & Verkf\u00e6ri","description":"Umbo\u00f0s- og heildverslun fr\u00e1 \u00e1rinu 1919","publisher":{"@id":"https:\/\/velarogverkfaeri.is\/en\/#organization"},"potentialAction":[{"@type":"SearchAction","target":{"@type":"EntryPoint","urlTemplate":"https:\/\/velarogverkfaeri.is\/en\/?s={search_term_string}"},"query-input":{"@type":"PropertyValueSpecification","valueRequired":true,"valueName":"search_term_string"}}],"inLanguage":"en-US"},{"@type":"Organization","@id":"https:\/\/velarogverkfaeri.is\/en\/#organization","name":"V\u00e9lar & Verkf\u00e6ri","url":"https:\/\/velarogverkfaeri.is\/en\/","logo":{"@type":"ImageObject","inLanguage":"en-US","@id":"https:\/\/velarogverkfaeri.is\/en\/#\/schema\/logo\/image\/","url":"https:\/\/velarogverkfaeri.is\/wp-content\/uploads\/2021\/10\/vv_logo_350x100.png","contentUrl":"https:\/\/velarogverkfaeri.is\/wp-content\/uploads\/2021\/10\/vv_logo_350x100.png","width":350,"height":100,"caption":"V\u00e9lar & Verkf\u00e6ri"},"image":{"@id":"https:\/\/velarogverkfaeri.is\/en\/#\/schema\/logo\/image\/"},"sameAs":["https:\/\/www.facebook.com\/VelarOgVerkfaeri"]}]}},"_links":{"self":[{"href":"https:\/\/velarogverkfaeri.is\/en\/wp-json\/wp\/v2\/product\/54500","targetHints":{"allow":["GET"]}}],"collection":[{"href":"https:\/\/velarogverkfaeri.is\/en\/wp-json\/wp\/v2\/product"}],"about":[{"href":"https:\/\/velarogverkfaeri.is\/en\/wp-json\/wp\/v2\/types\/product"}],"replies":[{"embeddable":true,"href":"https:\/\/velarogverkfaeri.is\/en\/wp-json\/wp\/v2\/comments?post=54500"}],"wp:featuredmedia":[{"embeddable":true,"href":"https:\/\/velarogverkfaeri.is\/en\/wp-json\/wp\/v2\/media\/56973"}],"wp:attachment":[{"href":"https:\/\/velarogverkfaeri.is\/en\/wp-json\/wp\/v2\/media?parent=54500"}],"wp:term":[{"taxonomy":"product_brand","embeddable":true,"href":"https:\/\/velarogverkfaeri.is\/en\/wp-json\/wp\/v2\/product_brand?post=54500"},{"taxonomy":"product_cat","embeddable":true,"href":"https:\/\/velarogverkfaeri.is\/en\/wp-json\/wp\/v2\/product_cat?post=54500"},{"taxonomy":"product_tag","embeddable":true,"href":"https:\/\/velarogverkfaeri.is\/en\/wp-json\/wp\/v2\/product_tag?post=54500"}],"curies":[{"name":"wp","href":"https:\/\/api.w.org\/{rel}","templated":true}]}}