{"id":53520,"date":"2023-10-10T11:06:54","date_gmt":"2023-10-10T11:06:54","guid":{"rendered":"https:\/\/vv-dev.webdev.is\/?post_type=product&#038;p=53520"},"modified":"2026-03-04T12:31:27","modified_gmt":"2026-03-04T12:31:27","slug":"olympia-verdmaetaskapur-eldtraustur-12-litra-33kg-7127-6-2023","status":"publish","type":"product","link":"https:\/\/velarogverkfaeri.is\/en\/lykillausnir\/oryggisvorur\/verdmaetaskapar-oryggisvorur\/product\/olympia-verdmaetaskapur-eldtraustur-12-litra-33kg-7127-6-2023\/","title":{"rendered":"OLYMPIA Ver\u00f0m\u00e6task\u00e1pur ELDTRAUSTUR 12 L\u00edtra 33kg"},"content":{"rendered":"<ul>\n<li>3 opnunarvalkostir (fingrafar, t\u00f6luk\u00f3\u00f0i, \u00f6ryggislykill)<\/li>\n<li>Einstakur t\u00f6luk\u00f3\u00f0i (3\u20138 t\u00f6lustafir)<\/li>\n<li>Allt a\u00f0 50 fingraf\u00f6r m\u00f6guleg*<\/li>\n<li>Vi\u00f0v\u00f6run vi\u00f0 rangan innsl\u00e1tt e\u00f0a titring<\/li>\n<li>Hlj\u00f3\u00f0 ON \/ OFF virkni<\/li>\n<li>LCD skj\u00e1r<\/li>\n<li>L\u00e6sing me\u00f0 \u00feremur veglegum m\u00e1lmboltum<\/li>\n<li>Innr\u00e9tting me\u00f0 LED l\u00fdsingu** og f\u00e6ranlegu hillu<\/li>\n<li>Aukastraumbirg\u00f0ir me\u00f0 ytri rafhl\u00f6\u00f0ukassa<\/li>\n<li>R\u00famm\u00e1l: 12 l\u00edtrar<\/li>\n<li>Breidd: 300 mm<\/li>\n<li>D\u00fdpt: 420 mm<\/li>\n<li>H\u00e6\u00f0: 350 mm<\/li>\n<li>Innri m\u00e1l: 182 x 303 x 215 mm<\/li>\n<li>\u00deyngd: 33 kg<\/li>\n<\/ul>","protected":false},"excerpt":{"rendered":"<p>Verndar ver\u00f0m\u00e6ti \u00fe\u00edn vi\u00f0 h\u00e1skalegustu a\u00f0st\u00e6\u00f0ur<\/p>\n<p>V\u00f6ru \u00fearf a\u00f0 s\u00e6kja \u00e1 lager okkar. H\u00e6gt er a\u00f0 senda v\u00f6ru \u00e1 kostna\u00f0 kaupanda, vinsamlega hafi\u00f0 samband me\u00f0 t\u00f6lvup\u00f3sti \u00e1 vv@vv.is<\/p>","protected":false},"featured_media":58179,"comment_status":"closed","ping_status":"closed","template":"","meta":[],"product_brand":[],"product_cat":[517,602,705],"product_tag":[1048,1029],"class_list":{"0":"post-53520","1":"product","2":"type-product","3":"status-publish","4":"has-post-thumbnail","6":"product_cat-lykillausnir","7":"product_cat-oryggisvorur","8":"product_cat-verdmaetaskapar-oryggisvorur","9":"product_tag-eldtraustur","10":"product_tag-sumaroryggi","12":"first","13":"instock","14":"taxable","15":"shipping-taxable","16":"purchasable","17":"product-type-simple"},"yoast_head":"<!-- This site is optimized with the Yoast SEO plugin v27.3 - https:\/\/yoast.com\/product\/yoast-seo-wordpress\/ -->\n<title>OLYMPIA Ver\u00f0m\u00e6task\u00e1pur ELDTRAUSTUR 12 L\u00edtra 33kg - V\u00e9lar &amp; Verkf\u00e6ri<\/title>\n<meta name=\"robots\" content=\"index, follow, max-snippet:-1, max-image-preview:large, max-video-preview:-1\" \/>\n<link rel=\"canonical\" href=\"https:\/\/velarogverkfaeri.is\/en\/lykillausnir\/oryggisvorur\/verdmaetaskapar-oryggisvorur\/product\/olympia-verdmaetaskapur-eldtraustur-12-litra-33kg-7127-6-2023\/\" \/>\n<meta property=\"og:locale\" content=\"en_US\" \/>\n<meta property=\"og:type\" content=\"article\" \/>\n<meta property=\"og:title\" content=\"OLYMPIA Ver\u00f0m\u00e6task\u00e1pur ELDTRAUSTUR 12 L\u00edtra 33kg - V\u00e9lar &amp; Verkf\u00e6ri\" \/>\n<meta property=\"og:description\" content=\"Verndar ver\u00f0m\u00e6ti \u00fe\u00edn vi\u00f0 h\u00e1skalegustu a\u00f0st\u00e6\u00f0urV\u00f6ru \u00fearf a\u00f0 s\u00e6kja \u00e1 lager okkar. H\u00e6gt er a\u00f0 senda v\u00f6ru \u00e1 kostna\u00f0 kaupanda, vinsamlega hafi\u00f0 samband me\u00f0 t\u00f6lvup\u00f3sti \u00e1 vv@vv.is\" \/>\n<meta property=\"og:url\" content=\"https:\/\/velarogverkfaeri.is\/en\/lykillausnir\/oryggisvorur\/verdmaetaskapar-oryggisvorur\/product\/olympia-verdmaetaskapur-eldtraustur-12-litra-33kg-7127-6-2023\/\" \/>\n<meta property=\"og:site_name\" content=\"V\u00e9lar &amp; Verkf\u00e6ri\" \/>\n<meta property=\"article:publisher\" content=\"https:\/\/www.facebook.com\/VelarOgVerkfaeri\" \/>\n<meta property=\"article:modified_time\" content=\"2026-03-04T12:31:27+00:00\" \/>\n<meta property=\"og:image\" content=\"https:\/\/velarogverkfaeri.is\/wp-content\/uploads\/2024\/03\/cfc8f20e-d742-4c61-b7e9-1b9e44127d6e.jpeg\" \/>\n\t<meta property=\"og:image:width\" content=\"1200\" \/>\n\t<meta property=\"og:image:height\" content=\"891\" \/>\n\t<meta property=\"og:image:type\" content=\"image\/jpeg\" \/>\n<meta name=\"twitter:card\" content=\"summary_large_image\" \/>\n<script type=\"application\/ld+json\" class=\"yoast-schema-graph\">{\"@context\":\"https:\\\/\\\/schema.org\",\"@graph\":[{\"@type\":\"WebPage\",\"@id\":\"https:\\\/\\\/velarogverkfaeri.is\\\/lykillausnir\\\/oryggisvorur\\\/verdmaetaskapar-oryggisvorur\\\/product\\\/olympia-verdmaetaskapur-eldtraustur-12-litra-33kg-7127-6-2023\\\/\",\"url\":\"https:\\\/\\\/velarogverkfaeri.is\\\/lykillausnir\\\/oryggisvorur\\\/verdmaetaskapar-oryggisvorur\\\/product\\\/olympia-verdmaetaskapur-eldtraustur-12-litra-33kg-7127-6-2023\\\/\",\"name\":\"OLYMPIA Ver\u00f0m\u00e6task\u00e1pur ELDTRAUSTUR 12 L\u00edtra 33kg - V\u00e9lar &amp; Verkf\u00e6ri\",\"isPartOf\":{\"@id\":\"https:\\\/\\\/velarogverkfaeri.is\\\/en\\\/#website\"},\"primaryImageOfPage\":{\"@id\":\"https:\\\/\\\/velarogverkfaeri.is\\\/lykillausnir\\\/oryggisvorur\\\/verdmaetaskapar-oryggisvorur\\\/product\\\/olympia-verdmaetaskapur-eldtraustur-12-litra-33kg-7127-6-2023\\\/#primaryimage\"},\"image\":{\"@id\":\"https:\\\/\\\/velarogverkfaeri.is\\\/lykillausnir\\\/oryggisvorur\\\/verdmaetaskapar-oryggisvorur\\\/product\\\/olympia-verdmaetaskapur-eldtraustur-12-litra-33kg-7127-6-2023\\\/#primaryimage\"},\"thumbnailUrl\":\"https:\\\/\\\/velarogverkfaeri.is\\\/wp-content\\\/uploads\\\/2024\\\/03\\\/cfc8f20e-d742-4c61-b7e9-1b9e44127d6e.jpeg\",\"datePublished\":\"2023-10-10T11:06:54+00:00\",\"dateModified\":\"2026-03-04T12:31:27+00:00\",\"breadcrumb\":{\"@id\":\"https:\\\/\\\/velarogverkfaeri.is\\\/lykillausnir\\\/oryggisvorur\\\/verdmaetaskapar-oryggisvorur\\\/product\\\/olympia-verdmaetaskapur-eldtraustur-12-litra-33kg-7127-6-2023\\\/#breadcrumb\"},\"inLanguage\":\"en-US\",\"potentialAction\":[{\"@type\":\"ReadAction\",\"target\":[\"https:\\\/\\\/velarogverkfaeri.is\\\/lykillausnir\\\/oryggisvorur\\\/verdmaetaskapar-oryggisvorur\\\/product\\\/olympia-verdmaetaskapur-eldtraustur-12-litra-33kg-7127-6-2023\\\/\"]}]},{\"@type\":\"ImageObject\",\"inLanguage\":\"en-US\",\"@id\":\"https:\\\/\\\/velarogverkfaeri.is\\\/lykillausnir\\\/oryggisvorur\\\/verdmaetaskapar-oryggisvorur\\\/product\\\/olympia-verdmaetaskapur-eldtraustur-12-litra-33kg-7127-6-2023\\\/#primaryimage\",\"url\":\"https:\\\/\\\/velarogverkfaeri.is\\\/wp-content\\\/uploads\\\/2024\\\/03\\\/cfc8f20e-d742-4c61-b7e9-1b9e44127d6e.jpeg\",\"contentUrl\":\"https:\\\/\\\/velarogverkfaeri.is\\\/wp-content\\\/uploads\\\/2024\\\/03\\\/cfc8f20e-d742-4c61-b7e9-1b9e44127d6e.jpeg\",\"width\":1200,\"height\":891},{\"@type\":\"BreadcrumbList\",\"@id\":\"https:\\\/\\\/velarogverkfaeri.is\\\/lykillausnir\\\/oryggisvorur\\\/verdmaetaskapar-oryggisvorur\\\/product\\\/olympia-verdmaetaskapur-eldtraustur-12-litra-33kg-7127-6-2023\\\/#breadcrumb\",\"itemListElement\":[{\"@type\":\"ListItem\",\"position\":1,\"name\":\"Home\",\"item\":\"https:\\\/\\\/velarogverkfaeri.is\\\/\"},{\"@type\":\"ListItem\",\"position\":2,\"name\":\"Vefverslun\",\"item\":\"https:\\\/\\\/velarogverkfaeri.is\\\/vefverslun\\\/\"},{\"@type\":\"ListItem\",\"position\":3,\"name\":\"OLYMPIA Ver\u00f0m\u00e6task\u00e1pur ELDTRAUSTUR 12 L\u00edtra 33kg\"}]},{\"@type\":\"WebSite\",\"@id\":\"https:\\\/\\\/velarogverkfaeri.is\\\/en\\\/#website\",\"url\":\"https:\\\/\\\/velarogverkfaeri.is\\\/en\\\/\",\"name\":\"V\u00e9lar & Verkf\u00e6ri\",\"description\":\"Umbo\u00f0s- og heildverslun fr\u00e1 \u00e1rinu 1919\",\"publisher\":{\"@id\":\"https:\\\/\\\/velarogverkfaeri.is\\\/en\\\/#organization\"},\"potentialAction\":[{\"@type\":\"SearchAction\",\"target\":{\"@type\":\"EntryPoint\",\"urlTemplate\":\"https:\\\/\\\/velarogverkfaeri.is\\\/en\\\/?s={search_term_string}\"},\"query-input\":{\"@type\":\"PropertyValueSpecification\",\"valueRequired\":true,\"valueName\":\"search_term_string\"}}],\"inLanguage\":\"en-US\"},{\"@type\":\"Organization\",\"@id\":\"https:\\\/\\\/velarogverkfaeri.is\\\/en\\\/#organization\",\"name\":\"V\u00e9lar & Verkf\u00e6ri\",\"url\":\"https:\\\/\\\/velarogverkfaeri.is\\\/en\\\/\",\"logo\":{\"@type\":\"ImageObject\",\"inLanguage\":\"en-US\",\"@id\":\"https:\\\/\\\/velarogverkfaeri.is\\\/en\\\/#\\\/schema\\\/logo\\\/image\\\/\",\"url\":\"https:\\\/\\\/velarogverkfaeri.is\\\/wp-content\\\/uploads\\\/2021\\\/10\\\/vv_logo_350x100.png\",\"contentUrl\":\"https:\\\/\\\/velarogverkfaeri.is\\\/wp-content\\\/uploads\\\/2021\\\/10\\\/vv_logo_350x100.png\",\"width\":350,\"height\":100,\"caption\":\"V\u00e9lar & Verkf\u00e6ri\"},\"image\":{\"@id\":\"https:\\\/\\\/velarogverkfaeri.is\\\/en\\\/#\\\/schema\\\/logo\\\/image\\\/\"},\"sameAs\":[\"https:\\\/\\\/www.facebook.com\\\/VelarOgVerkfaeri\"]}]}<\/script>\n<!-- \/ Yoast SEO plugin. -->","yoast_head_json":{"title":"OLYMPIA Ver\u00f0m\u00e6task\u00e1pur ELDTRAUSTUR 12 L\u00edtra 33kg - V\u00e9lar &amp; Verkf\u00e6ri","robots":{"index":"index","follow":"follow","max-snippet":"max-snippet:-1","max-image-preview":"max-image-preview:large","max-video-preview":"max-video-preview:-1"},"canonical":"https:\/\/velarogverkfaeri.is\/en\/lykillausnir\/oryggisvorur\/verdmaetaskapar-oryggisvorur\/product\/olympia-verdmaetaskapur-eldtraustur-12-litra-33kg-7127-6-2023\/","og_locale":"en_US","og_type":"article","og_title":"OLYMPIA Ver\u00f0m\u00e6task\u00e1pur ELDTRAUSTUR 12 L\u00edtra 33kg - V\u00e9lar &amp; Verkf\u00e6ri","og_description":"Verndar ver\u00f0m\u00e6ti \u00fe\u00edn vi\u00f0 h\u00e1skalegustu a\u00f0st\u00e6\u00f0urV\u00f6ru \u00fearf a\u00f0 s\u00e6kja \u00e1 lager okkar. H\u00e6gt er a\u00f0 senda v\u00f6ru \u00e1 kostna\u00f0 kaupanda, vinsamlega hafi\u00f0 samband me\u00f0 t\u00f6lvup\u00f3sti \u00e1 vv@vv.is","og_url":"https:\/\/velarogverkfaeri.is\/en\/lykillausnir\/oryggisvorur\/verdmaetaskapar-oryggisvorur\/product\/olympia-verdmaetaskapur-eldtraustur-12-litra-33kg-7127-6-2023\/","og_site_name":"V\u00e9lar &amp; Verkf\u00e6ri","article_publisher":"https:\/\/www.facebook.com\/VelarOgVerkfaeri","article_modified_time":"2026-03-04T12:31:27+00:00","og_image":[{"width":1200,"height":891,"url":"https:\/\/velarogverkfaeri.is\/wp-content\/uploads\/2024\/03\/cfc8f20e-d742-4c61-b7e9-1b9e44127d6e.jpeg","type":"image\/jpeg"}],"twitter_card":"summary_large_image","schema":{"@context":"https:\/\/schema.org","@graph":[{"@type":"WebPage","@id":"https:\/\/velarogverkfaeri.is\/lykillausnir\/oryggisvorur\/verdmaetaskapar-oryggisvorur\/product\/olympia-verdmaetaskapur-eldtraustur-12-litra-33kg-7127-6-2023\/","url":"https:\/\/velarogverkfaeri.is\/lykillausnir\/oryggisvorur\/verdmaetaskapar-oryggisvorur\/product\/olympia-verdmaetaskapur-eldtraustur-12-litra-33kg-7127-6-2023\/","name":"OLYMPIA Ver\u00f0m\u00e6task\u00e1pur ELDTRAUSTUR 12 L\u00edtra 33kg - V\u00e9lar &amp; Verkf\u00e6ri","isPartOf":{"@id":"https:\/\/velarogverkfaeri.is\/en\/#website"},"primaryImageOfPage":{"@id":"https:\/\/velarogverkfaeri.is\/lykillausnir\/oryggisvorur\/verdmaetaskapar-oryggisvorur\/product\/olympia-verdmaetaskapur-eldtraustur-12-litra-33kg-7127-6-2023\/#primaryimage"},"image":{"@id":"https:\/\/velarogverkfaeri.is\/lykillausnir\/oryggisvorur\/verdmaetaskapar-oryggisvorur\/product\/olympia-verdmaetaskapur-eldtraustur-12-litra-33kg-7127-6-2023\/#primaryimage"},"thumbnailUrl":"https:\/\/velarogverkfaeri.is\/wp-content\/uploads\/2024\/03\/cfc8f20e-d742-4c61-b7e9-1b9e44127d6e.jpeg","datePublished":"2023-10-10T11:06:54+00:00","dateModified":"2026-03-04T12:31:27+00:00","breadcrumb":{"@id":"https:\/\/velarogverkfaeri.is\/lykillausnir\/oryggisvorur\/verdmaetaskapar-oryggisvorur\/product\/olympia-verdmaetaskapur-eldtraustur-12-litra-33kg-7127-6-2023\/#breadcrumb"},"inLanguage":"en-US","potentialAction":[{"@type":"ReadAction","target":["https:\/\/velarogverkfaeri.is\/lykillausnir\/oryggisvorur\/verdmaetaskapar-oryggisvorur\/product\/olympia-verdmaetaskapur-eldtraustur-12-litra-33kg-7127-6-2023\/"]}]},{"@type":"ImageObject","inLanguage":"en-US","@id":"https:\/\/velarogverkfaeri.is\/lykillausnir\/oryggisvorur\/verdmaetaskapar-oryggisvorur\/product\/olympia-verdmaetaskapur-eldtraustur-12-litra-33kg-7127-6-2023\/#primaryimage","url":"https:\/\/velarogverkfaeri.is\/wp-content\/uploads\/2024\/03\/cfc8f20e-d742-4c61-b7e9-1b9e44127d6e.jpeg","contentUrl":"https:\/\/velarogverkfaeri.is\/wp-content\/uploads\/2024\/03\/cfc8f20e-d742-4c61-b7e9-1b9e44127d6e.jpeg","width":1200,"height":891},{"@type":"BreadcrumbList","@id":"https:\/\/velarogverkfaeri.is\/lykillausnir\/oryggisvorur\/verdmaetaskapar-oryggisvorur\/product\/olympia-verdmaetaskapur-eldtraustur-12-litra-33kg-7127-6-2023\/#breadcrumb","itemListElement":[{"@type":"ListItem","position":1,"name":"Home","item":"https:\/\/velarogverkfaeri.is\/"},{"@type":"ListItem","position":2,"name":"Vefverslun","item":"https:\/\/velarogverkfaeri.is\/vefverslun\/"},{"@type":"ListItem","position":3,"name":"OLYMPIA Ver\u00f0m\u00e6task\u00e1pur ELDTRAUSTUR 12 L\u00edtra 33kg"}]},{"@type":"WebSite","@id":"https:\/\/velarogverkfaeri.is\/en\/#website","url":"https:\/\/velarogverkfaeri.is\/en\/","name":"V\u00e9lar & Verkf\u00e6ri","description":"Umbo\u00f0s- og heildverslun fr\u00e1 \u00e1rinu 1919","publisher":{"@id":"https:\/\/velarogverkfaeri.is\/en\/#organization"},"potentialAction":[{"@type":"SearchAction","target":{"@type":"EntryPoint","urlTemplate":"https:\/\/velarogverkfaeri.is\/en\/?s={search_term_string}"},"query-input":{"@type":"PropertyValueSpecification","valueRequired":true,"valueName":"search_term_string"}}],"inLanguage":"en-US"},{"@type":"Organization","@id":"https:\/\/velarogverkfaeri.is\/en\/#organization","name":"V\u00e9lar & Verkf\u00e6ri","url":"https:\/\/velarogverkfaeri.is\/en\/","logo":{"@type":"ImageObject","inLanguage":"en-US","@id":"https:\/\/velarogverkfaeri.is\/en\/#\/schema\/logo\/image\/","url":"https:\/\/velarogverkfaeri.is\/wp-content\/uploads\/2021\/10\/vv_logo_350x100.png","contentUrl":"https:\/\/velarogverkfaeri.is\/wp-content\/uploads\/2021\/10\/vv_logo_350x100.png","width":350,"height":100,"caption":"V\u00e9lar & Verkf\u00e6ri"},"image":{"@id":"https:\/\/velarogverkfaeri.is\/en\/#\/schema\/logo\/image\/"},"sameAs":["https:\/\/www.facebook.com\/VelarOgVerkfaeri"]}]}},"_links":{"self":[{"href":"https:\/\/velarogverkfaeri.is\/en\/wp-json\/wp\/v2\/product\/53520","targetHints":{"allow":["GET"]}}],"collection":[{"href":"https:\/\/velarogverkfaeri.is\/en\/wp-json\/wp\/v2\/product"}],"about":[{"href":"https:\/\/velarogverkfaeri.is\/en\/wp-json\/wp\/v2\/types\/product"}],"replies":[{"embeddable":true,"href":"https:\/\/velarogverkfaeri.is\/en\/wp-json\/wp\/v2\/comments?post=53520"}],"wp:featuredmedia":[{"embeddable":true,"href":"https:\/\/velarogverkfaeri.is\/en\/wp-json\/wp\/v2\/media\/58179"}],"wp:attachment":[{"href":"https:\/\/velarogverkfaeri.is\/en\/wp-json\/wp\/v2\/media?parent=53520"}],"wp:term":[{"taxonomy":"product_brand","embeddable":true,"href":"https:\/\/velarogverkfaeri.is\/en\/wp-json\/wp\/v2\/product_brand?post=53520"},{"taxonomy":"product_cat","embeddable":true,"href":"https:\/\/velarogverkfaeri.is\/en\/wp-json\/wp\/v2\/product_cat?post=53520"},{"taxonomy":"product_tag","embeddable":true,"href":"https:\/\/velarogverkfaeri.is\/en\/wp-json\/wp\/v2\/product_tag?post=53520"}],"curies":[{"name":"wp","href":"https:\/\/api.w.org\/{rel}","templated":true}]}}