{"id":53324,"date":"2023-10-10T11:06:43","date_gmt":"2023-10-10T11:06:43","guid":{"rendered":"https:\/\/vv-dev.webdev.is\/?post_type=product&#038;p=53324"},"modified":"2026-04-07T14:31:17","modified_gmt":"2026-04-07T14:31:17","slug":"elro-reykskynjari-med-rafhlodu-sem-endist-i-10-ar","status":"publish","type":"product","link":"https:\/\/velarogverkfaeri.is\/en\/lykillausnir\/oryggisvorur\/eldvarnir-og-slokkvutaeki\/product\/elro-reykskynjari-med-rafhlodu-sem-endist-i-10-ar\/","title":{"rendered":"ELRO Reykskynjari me\u00f0 10 \u00e1ra rafhl\u00f6\u00f0u"},"content":{"rendered":"<p data-start=\"132\" data-end=\"321\">ELRO reykskynjarinn me\u00f0 innbygg\u00f0ri 10 \u00e1ra lithium-rafhl\u00f6\u00f0u tryggir a\u00f0 \u00fe\u00fa f\u00e1ir vi\u00f0v\u00f6run t\u00edmanlega ef eldur kemur upp. \u00de\u00fa n\u00fdtur verndar hans \u00ed allt a\u00f0 10 \u00e1r \u00e1n \u00feess a\u00f0 \u00feurfa a\u00f0 skipta um rafhl\u00f6\u00f0u.<\/p>\n<p data-start=\"323\" data-end=\"549\">Skynjarinn er b\u00fainn h\u00e1g\u00e6\u00f0a <strong data-start=\"350\" data-end=\"383\">lj\u00f3sskynjara (optical sensor)<\/strong> sem bregst hratt vi\u00f0 eldi, dregur \u00far f\u00f6lskum vi\u00f0v\u00f6runum og er umhverfisv\u00e6nn. Ef reykur greinist gefur reykskynjarinn fr\u00e1 s\u00e9r h\u00e1tt vi\u00f0v\u00f6runarhlj\u00f3\u00f0, allt a\u00f0 <strong data-start=\"539\" data-end=\"548\">85 dB<\/strong>.<\/p>\n<p data-start=\"551\" data-end=\"761\">Reykskynjarinn uppfyllir evr\u00f3pska sta\u00f0alinn <strong data-start=\"595\" data-end=\"620\">EN 14604:2005\/AC:2008<\/strong>.&nbsp;<\/p>\n<h4 data-start=\"763\" data-end=\"779\">T\u00e6knil\u00fdsing<\/h4>\n<\/p>\n<ul data-start=\"780\" data-end=\"1077\">\n<li data-start=\"780\" data-end=\"814\">\n<p data-start=\"782\" data-end=\"814\">10 \u00e1ra vernd \u00e1n rafhl\u00f6\u00f0uskipta<\/p>\n<\/li>\n<li data-start=\"815\" data-end=\"863\">\n<p data-start=\"817\" data-end=\"863\">Lj\u00f3sskynjari fyrir hra\u00f0a og \u00f6rugga greiningu<\/p>\n<\/li>\n<li data-start=\"864\" data-end=\"899\">\n<p data-start=\"866\" data-end=\"899\">Pr\u00f3fhnappur til a\u00f0 kanna virkni<\/p>\n<\/li>\n<li data-start=\"900\" data-end=\"928\">\n<p data-start=\"902\" data-end=\"928\">P\u00e1sua\u00f0ger\u00f0 (hlj\u00f3\u00f0deyfir)<\/p>\n<\/li>\n<li data-start=\"929\" data-end=\"958\">\n<p data-start=\"931\" data-end=\"958\">Vi\u00f0v\u00f6run um l\u00e1ga rafhl\u00f6\u00f0u<\/p>\n<\/li>\n<li data-start=\"959\" data-end=\"985\">\n<p data-start=\"961\" data-end=\"985\">Vi\u00f0v\u00f6runarhlj\u00f3\u00f0: 85 dB<\/p>\n<\/li>\n<li data-start=\"986\" data-end=\"1004\">\n<p data-start=\"988\" data-end=\"1004\">\u00deverm\u00e1l: 10 cm<\/p>\n<\/li>\n<li data-start=\"1005\" data-end=\"1020\">\n<p data-start=\"1007\" data-end=\"1020\">H\u00e6\u00f0: 3,5 cm<\/p>\n<\/li>\n<li data-start=\"1021\" data-end=\"1077\">\n<p data-start=\"1023\" data-end=\"1077\"><\/p>\n<\/li>\n<\/ul>","protected":false},"excerpt":{"rendered":"<p>ELRO FS201011 reykskynjarinn tryggir a\u00f0 \u00fe\u00fa f\u00e1ir vi\u00f0v\u00f6run t\u00edmalega ef eldur br\u00fdst \u00fat. Reykskynjarinn inniheldur lithium rafhl\u00f6\u00f0u me\u00f0 10 \u00e1ra endingart\u00edma.<\/p>","protected":false},"featured_media":59704,"comment_status":"closed","ping_status":"closed","template":"","meta":[],"product_brand":[],"product_cat":[699,517,602],"product_tag":[],"class_list":{"0":"post-53324","1":"product","2":"type-product","3":"status-publish","4":"has-post-thumbnail","6":"product_cat-eldvarnir-og-slokkvutaeki","7":"product_cat-lykillausnir","8":"product_cat-oryggisvorur","10":"first","11":"instock","12":"taxable","13":"shipping-taxable","14":"purchasable","15":"product-type-simple"},"yoast_head":"<!-- This site is optimized with the Yoast SEO plugin v27.3 - https:\/\/yoast.com\/product\/yoast-seo-wordpress\/ -->\n<title>ELRO Reykskynjari me\u00f0 10 \u00e1ra rafhl\u00f6\u00f0u - V\u00e9lar &amp; Verkf\u00e6ri<\/title>\n<meta name=\"robots\" content=\"index, follow, max-snippet:-1, max-image-preview:large, max-video-preview:-1\" \/>\n<link rel=\"canonical\" href=\"https:\/\/velarogverkfaeri.is\/en\/lykillausnir\/oryggisvorur\/eldvarnir-og-slokkvutaeki\/product\/elro-reykskynjari-med-rafhlodu-sem-endist-i-10-ar\/\" \/>\n<meta property=\"og:locale\" content=\"en_US\" \/>\n<meta property=\"og:type\" content=\"article\" \/>\n<meta property=\"og:title\" content=\"ELRO Reykskynjari me\u00f0 10 \u00e1ra rafhl\u00f6\u00f0u - V\u00e9lar &amp; Verkf\u00e6ri\" \/>\n<meta property=\"og:description\" content=\"ELRO FS201011 reykskynjarinn tryggir a\u00f0 \u00fe\u00fa f\u00e1ir vi\u00f0v\u00f6run t\u00edmalega ef eldur br\u00fdst \u00fat. Reykskynjarinn inniheldur lithium rafhl\u00f6\u00f0u me\u00f0 10 \u00e1ra endingart\u00edma.\" \/>\n<meta property=\"og:url\" content=\"https:\/\/velarogverkfaeri.is\/en\/lykillausnir\/oryggisvorur\/eldvarnir-og-slokkvutaeki\/product\/elro-reykskynjari-med-rafhlodu-sem-endist-i-10-ar\/\" \/>\n<meta property=\"og:site_name\" content=\"V\u00e9lar &amp; Verkf\u00e6ri\" \/>\n<meta property=\"article:publisher\" content=\"https:\/\/www.facebook.com\/VelarOgVerkfaeri\" \/>\n<meta property=\"article:modified_time\" content=\"2026-04-07T14:31:17+00:00\" \/>\n<meta property=\"og:image\" content=\"https:\/\/velarogverkfaeri.is\/wp-content\/uploads\/2024\/04\/a4247c4b-a978-45c7-8654-f61a30e8b1cb.png\" \/>\n\t<meta property=\"og:image:width\" content=\"240\" \/>\n\t<meta property=\"og:image:height\" content=\"264\" \/>\n\t<meta property=\"og:image:type\" content=\"image\/png\" \/>\n<meta name=\"twitter:card\" content=\"summary_large_image\" \/>\n<meta name=\"twitter:label1\" content=\"Est. reading time\" \/>\n\t<meta name=\"twitter:data1\" content=\"1 minute\" \/>\n<script type=\"application\/ld+json\" class=\"yoast-schema-graph\">{\"@context\":\"https:\\\/\\\/schema.org\",\"@graph\":[{\"@type\":\"WebPage\",\"@id\":\"https:\\\/\\\/velarogverkfaeri.is\\\/lykillausnir\\\/oryggisvorur\\\/eldvarnir-og-slokkvutaeki\\\/product\\\/elro-reykskynjari-med-rafhlodu-sem-endist-i-10-ar\\\/\",\"url\":\"https:\\\/\\\/velarogverkfaeri.is\\\/lykillausnir\\\/oryggisvorur\\\/eldvarnir-og-slokkvutaeki\\\/product\\\/elro-reykskynjari-med-rafhlodu-sem-endist-i-10-ar\\\/\",\"name\":\"ELRO Reykskynjari me\u00f0 10 \u00e1ra rafhl\u00f6\u00f0u - V\u00e9lar &amp; Verkf\u00e6ri\",\"isPartOf\":{\"@id\":\"https:\\\/\\\/velarogverkfaeri.is\\\/en\\\/#website\"},\"primaryImageOfPage\":{\"@id\":\"https:\\\/\\\/velarogverkfaeri.is\\\/lykillausnir\\\/oryggisvorur\\\/eldvarnir-og-slokkvutaeki\\\/product\\\/elro-reykskynjari-med-rafhlodu-sem-endist-i-10-ar\\\/#primaryimage\"},\"image\":{\"@id\":\"https:\\\/\\\/velarogverkfaeri.is\\\/lykillausnir\\\/oryggisvorur\\\/eldvarnir-og-slokkvutaeki\\\/product\\\/elro-reykskynjari-med-rafhlodu-sem-endist-i-10-ar\\\/#primaryimage\"},\"thumbnailUrl\":\"https:\\\/\\\/velarogverkfaeri.is\\\/wp-content\\\/uploads\\\/2024\\\/04\\\/a4247c4b-a978-45c7-8654-f61a30e8b1cb.png\",\"datePublished\":\"2023-10-10T11:06:43+00:00\",\"dateModified\":\"2026-04-07T14:31:17+00:00\",\"breadcrumb\":{\"@id\":\"https:\\\/\\\/velarogverkfaeri.is\\\/lykillausnir\\\/oryggisvorur\\\/eldvarnir-og-slokkvutaeki\\\/product\\\/elro-reykskynjari-med-rafhlodu-sem-endist-i-10-ar\\\/#breadcrumb\"},\"inLanguage\":\"en-US\",\"potentialAction\":[{\"@type\":\"ReadAction\",\"target\":[\"https:\\\/\\\/velarogverkfaeri.is\\\/lykillausnir\\\/oryggisvorur\\\/eldvarnir-og-slokkvutaeki\\\/product\\\/elro-reykskynjari-med-rafhlodu-sem-endist-i-10-ar\\\/\"]}]},{\"@type\":\"ImageObject\",\"inLanguage\":\"en-US\",\"@id\":\"https:\\\/\\\/velarogverkfaeri.is\\\/lykillausnir\\\/oryggisvorur\\\/eldvarnir-og-slokkvutaeki\\\/product\\\/elro-reykskynjari-med-rafhlodu-sem-endist-i-10-ar\\\/#primaryimage\",\"url\":\"https:\\\/\\\/velarogverkfaeri.is\\\/wp-content\\\/uploads\\\/2024\\\/04\\\/a4247c4b-a978-45c7-8654-f61a30e8b1cb.png\",\"contentUrl\":\"https:\\\/\\\/velarogverkfaeri.is\\\/wp-content\\\/uploads\\\/2024\\\/04\\\/a4247c4b-a978-45c7-8654-f61a30e8b1cb.png\",\"width\":240,\"height\":264},{\"@type\":\"BreadcrumbList\",\"@id\":\"https:\\\/\\\/velarogverkfaeri.is\\\/lykillausnir\\\/oryggisvorur\\\/eldvarnir-og-slokkvutaeki\\\/product\\\/elro-reykskynjari-med-rafhlodu-sem-endist-i-10-ar\\\/#breadcrumb\",\"itemListElement\":[{\"@type\":\"ListItem\",\"position\":1,\"name\":\"Home\",\"item\":\"https:\\\/\\\/velarogverkfaeri.is\\\/\"},{\"@type\":\"ListItem\",\"position\":2,\"name\":\"Vefverslun\",\"item\":\"https:\\\/\\\/velarogverkfaeri.is\\\/vefverslun\\\/\"},{\"@type\":\"ListItem\",\"position\":3,\"name\":\"ELRO Reykskynjari me\u00f0 10 \u00e1ra rafhl\u00f6\u00f0u\"}]},{\"@type\":\"WebSite\",\"@id\":\"https:\\\/\\\/velarogverkfaeri.is\\\/en\\\/#website\",\"url\":\"https:\\\/\\\/velarogverkfaeri.is\\\/en\\\/\",\"name\":\"V\u00e9lar & Verkf\u00e6ri\",\"description\":\"Umbo\u00f0s- og heildverslun fr\u00e1 \u00e1rinu 1919\",\"publisher\":{\"@id\":\"https:\\\/\\\/velarogverkfaeri.is\\\/en\\\/#organization\"},\"potentialAction\":[{\"@type\":\"SearchAction\",\"target\":{\"@type\":\"EntryPoint\",\"urlTemplate\":\"https:\\\/\\\/velarogverkfaeri.is\\\/en\\\/?s={search_term_string}\"},\"query-input\":{\"@type\":\"PropertyValueSpecification\",\"valueRequired\":true,\"valueName\":\"search_term_string\"}}],\"inLanguage\":\"en-US\"},{\"@type\":\"Organization\",\"@id\":\"https:\\\/\\\/velarogverkfaeri.is\\\/en\\\/#organization\",\"name\":\"V\u00e9lar & Verkf\u00e6ri\",\"url\":\"https:\\\/\\\/velarogverkfaeri.is\\\/en\\\/\",\"logo\":{\"@type\":\"ImageObject\",\"inLanguage\":\"en-US\",\"@id\":\"https:\\\/\\\/velarogverkfaeri.is\\\/en\\\/#\\\/schema\\\/logo\\\/image\\\/\",\"url\":\"https:\\\/\\\/velarogverkfaeri.is\\\/wp-content\\\/uploads\\\/2021\\\/10\\\/vv_logo_350x100.png\",\"contentUrl\":\"https:\\\/\\\/velarogverkfaeri.is\\\/wp-content\\\/uploads\\\/2021\\\/10\\\/vv_logo_350x100.png\",\"width\":350,\"height\":100,\"caption\":\"V\u00e9lar & Verkf\u00e6ri\"},\"image\":{\"@id\":\"https:\\\/\\\/velarogverkfaeri.is\\\/en\\\/#\\\/schema\\\/logo\\\/image\\\/\"},\"sameAs\":[\"https:\\\/\\\/www.facebook.com\\\/VelarOgVerkfaeri\"]}]}<\/script>\n<!-- \/ Yoast SEO plugin. -->","yoast_head_json":{"title":"ELRO Reykskynjari me\u00f0 10 \u00e1ra rafhl\u00f6\u00f0u - V\u00e9lar &amp; Verkf\u00e6ri","robots":{"index":"index","follow":"follow","max-snippet":"max-snippet:-1","max-image-preview":"max-image-preview:large","max-video-preview":"max-video-preview:-1"},"canonical":"https:\/\/velarogverkfaeri.is\/en\/lykillausnir\/oryggisvorur\/eldvarnir-og-slokkvutaeki\/product\/elro-reykskynjari-med-rafhlodu-sem-endist-i-10-ar\/","og_locale":"en_US","og_type":"article","og_title":"ELRO Reykskynjari me\u00f0 10 \u00e1ra rafhl\u00f6\u00f0u - V\u00e9lar &amp; Verkf\u00e6ri","og_description":"ELRO FS201011 reykskynjarinn tryggir a\u00f0 \u00fe\u00fa f\u00e1ir vi\u00f0v\u00f6run t\u00edmalega ef eldur br\u00fdst \u00fat. Reykskynjarinn inniheldur lithium rafhl\u00f6\u00f0u me\u00f0 10 \u00e1ra endingart\u00edma.","og_url":"https:\/\/velarogverkfaeri.is\/en\/lykillausnir\/oryggisvorur\/eldvarnir-og-slokkvutaeki\/product\/elro-reykskynjari-med-rafhlodu-sem-endist-i-10-ar\/","og_site_name":"V\u00e9lar &amp; Verkf\u00e6ri","article_publisher":"https:\/\/www.facebook.com\/VelarOgVerkfaeri","article_modified_time":"2026-04-07T14:31:17+00:00","og_image":[{"width":240,"height":264,"url":"https:\/\/velarogverkfaeri.is\/wp-content\/uploads\/2024\/04\/a4247c4b-a978-45c7-8654-f61a30e8b1cb.png","type":"image\/png"}],"twitter_card":"summary_large_image","twitter_misc":{"Est. reading time":"1 minute"},"schema":{"@context":"https:\/\/schema.org","@graph":[{"@type":"WebPage","@id":"https:\/\/velarogverkfaeri.is\/lykillausnir\/oryggisvorur\/eldvarnir-og-slokkvutaeki\/product\/elro-reykskynjari-med-rafhlodu-sem-endist-i-10-ar\/","url":"https:\/\/velarogverkfaeri.is\/lykillausnir\/oryggisvorur\/eldvarnir-og-slokkvutaeki\/product\/elro-reykskynjari-med-rafhlodu-sem-endist-i-10-ar\/","name":"ELRO Reykskynjari me\u00f0 10 \u00e1ra rafhl\u00f6\u00f0u - V\u00e9lar &amp; Verkf\u00e6ri","isPartOf":{"@id":"https:\/\/velarogverkfaeri.is\/en\/#website"},"primaryImageOfPage":{"@id":"https:\/\/velarogverkfaeri.is\/lykillausnir\/oryggisvorur\/eldvarnir-og-slokkvutaeki\/product\/elro-reykskynjari-med-rafhlodu-sem-endist-i-10-ar\/#primaryimage"},"image":{"@id":"https:\/\/velarogverkfaeri.is\/lykillausnir\/oryggisvorur\/eldvarnir-og-slokkvutaeki\/product\/elro-reykskynjari-med-rafhlodu-sem-endist-i-10-ar\/#primaryimage"},"thumbnailUrl":"https:\/\/velarogverkfaeri.is\/wp-content\/uploads\/2024\/04\/a4247c4b-a978-45c7-8654-f61a30e8b1cb.png","datePublished":"2023-10-10T11:06:43+00:00","dateModified":"2026-04-07T14:31:17+00:00","breadcrumb":{"@id":"https:\/\/velarogverkfaeri.is\/lykillausnir\/oryggisvorur\/eldvarnir-og-slokkvutaeki\/product\/elro-reykskynjari-med-rafhlodu-sem-endist-i-10-ar\/#breadcrumb"},"inLanguage":"en-US","potentialAction":[{"@type":"ReadAction","target":["https:\/\/velarogverkfaeri.is\/lykillausnir\/oryggisvorur\/eldvarnir-og-slokkvutaeki\/product\/elro-reykskynjari-med-rafhlodu-sem-endist-i-10-ar\/"]}]},{"@type":"ImageObject","inLanguage":"en-US","@id":"https:\/\/velarogverkfaeri.is\/lykillausnir\/oryggisvorur\/eldvarnir-og-slokkvutaeki\/product\/elro-reykskynjari-med-rafhlodu-sem-endist-i-10-ar\/#primaryimage","url":"https:\/\/velarogverkfaeri.is\/wp-content\/uploads\/2024\/04\/a4247c4b-a978-45c7-8654-f61a30e8b1cb.png","contentUrl":"https:\/\/velarogverkfaeri.is\/wp-content\/uploads\/2024\/04\/a4247c4b-a978-45c7-8654-f61a30e8b1cb.png","width":240,"height":264},{"@type":"BreadcrumbList","@id":"https:\/\/velarogverkfaeri.is\/lykillausnir\/oryggisvorur\/eldvarnir-og-slokkvutaeki\/product\/elro-reykskynjari-med-rafhlodu-sem-endist-i-10-ar\/#breadcrumb","itemListElement":[{"@type":"ListItem","position":1,"name":"Home","item":"https:\/\/velarogverkfaeri.is\/"},{"@type":"ListItem","position":2,"name":"Vefverslun","item":"https:\/\/velarogverkfaeri.is\/vefverslun\/"},{"@type":"ListItem","position":3,"name":"ELRO Reykskynjari me\u00f0 10 \u00e1ra rafhl\u00f6\u00f0u"}]},{"@type":"WebSite","@id":"https:\/\/velarogverkfaeri.is\/en\/#website","url":"https:\/\/velarogverkfaeri.is\/en\/","name":"V\u00e9lar & Verkf\u00e6ri","description":"Umbo\u00f0s- og heildverslun fr\u00e1 \u00e1rinu 1919","publisher":{"@id":"https:\/\/velarogverkfaeri.is\/en\/#organization"},"potentialAction":[{"@type":"SearchAction","target":{"@type":"EntryPoint","urlTemplate":"https:\/\/velarogverkfaeri.is\/en\/?s={search_term_string}"},"query-input":{"@type":"PropertyValueSpecification","valueRequired":true,"valueName":"search_term_string"}}],"inLanguage":"en-US"},{"@type":"Organization","@id":"https:\/\/velarogverkfaeri.is\/en\/#organization","name":"V\u00e9lar & Verkf\u00e6ri","url":"https:\/\/velarogverkfaeri.is\/en\/","logo":{"@type":"ImageObject","inLanguage":"en-US","@id":"https:\/\/velarogverkfaeri.is\/en\/#\/schema\/logo\/image\/","url":"https:\/\/velarogverkfaeri.is\/wp-content\/uploads\/2021\/10\/vv_logo_350x100.png","contentUrl":"https:\/\/velarogverkfaeri.is\/wp-content\/uploads\/2021\/10\/vv_logo_350x100.png","width":350,"height":100,"caption":"V\u00e9lar & Verkf\u00e6ri"},"image":{"@id":"https:\/\/velarogverkfaeri.is\/en\/#\/schema\/logo\/image\/"},"sameAs":["https:\/\/www.facebook.com\/VelarOgVerkfaeri"]}]}},"_links":{"self":[{"href":"https:\/\/velarogverkfaeri.is\/en\/wp-json\/wp\/v2\/product\/53324","targetHints":{"allow":["GET"]}}],"collection":[{"href":"https:\/\/velarogverkfaeri.is\/en\/wp-json\/wp\/v2\/product"}],"about":[{"href":"https:\/\/velarogverkfaeri.is\/en\/wp-json\/wp\/v2\/types\/product"}],"replies":[{"embeddable":true,"href":"https:\/\/velarogverkfaeri.is\/en\/wp-json\/wp\/v2\/comments?post=53324"}],"wp:featuredmedia":[{"embeddable":true,"href":"https:\/\/velarogverkfaeri.is\/en\/wp-json\/wp\/v2\/media\/59704"}],"wp:attachment":[{"href":"https:\/\/velarogverkfaeri.is\/en\/wp-json\/wp\/v2\/media?parent=53324"}],"wp:term":[{"taxonomy":"product_brand","embeddable":true,"href":"https:\/\/velarogverkfaeri.is\/en\/wp-json\/wp\/v2\/product_brand?post=53324"},{"taxonomy":"product_cat","embeddable":true,"href":"https:\/\/velarogverkfaeri.is\/en\/wp-json\/wp\/v2\/product_cat?post=53324"},{"taxonomy":"product_tag","embeddable":true,"href":"https:\/\/velarogverkfaeri.is\/en\/wp-json\/wp\/v2\/product_tag?post=53324"}],"curies":[{"name":"wp","href":"https:\/\/api.w.org\/{rel}","templated":true}]}}