{"id":53212,"date":"2023-10-20T08:26:53","date_gmt":"2023-10-20T08:26:53","guid":{"rendered":"https:\/\/vv-dev.webdev.is\/?post_type=product&#038;p=53212"},"modified":"2026-01-07T11:02:20","modified_gmt":"2026-01-07T11:02:20","slug":"jcb-borvel-hledslu-18v-1x2-0ah-rafhl-45nm","status":"publish","type":"product","link":"https:\/\/velarogverkfaeri.is\/en\/verkfaeralausnir\/rafmagnsverkfaeri\/borvelar-rafmagnsverkfaeri\/product\/jcb-borvel-hledslu-18v-1x2-0ah-rafhl-45nm\/","title":{"rendered":"JCB Borv\u00e9l hle\u00f0slu 18V 1&#215;2.0Ah rafhl 45Nm"},"content":{"rendered":"<table class=\"MsoNormalTable\" border=\"0\" cellspacing=\"0\" cellpadding=\"0\">\n<tbody>\n<tr>\n<td width=\"302\" valign=\"top\" style=\"width:8.0cm;border-top:none;border-left:none;  border-bottom:solid windowtext 1.0pt;border-right:solid windowtext 1.0pt;  padding:0cm 5.4pt 0cm 5.4pt\"><\/p>\n<p class=\"xmsonormal\"><span style=\"font-size:10.0pt;font-family:&quot;Calibri&quot;,sans-serif\">Voltage<br \/>\n  18v<\/span><o:p><\/o:p><\/p>\n<p class=\"xmsonormal\"><span style=\"font-size:10.0pt;font-family:&quot;Calibri&quot;,sans-serif\">Battery<br \/>\n  Chemistry Lithium-ion<\/span><o:p><\/o:p><\/p>\n<p class=\"xmsonormal\"><span style=\"font-size:10.0pt;font-family:&quot;Calibri&quot;,sans-serif\">Battery<br \/>\n  Capacity 2.0Ah<\/span><o:p><\/o:p><\/p>\n<p class=\"xmsonormal\"><span style=\"font-size:10.0pt;font-family:&quot;Calibri&quot;,sans-serif\">No<br \/>\n  Load Speed 0-450rpm, 0-1600rpm<\/span><o:p><\/o:p><\/p>\n<p class=\"xmsonormal\"><span style=\"font-size:10.0pt;font-family:&quot;Calibri&quot;,sans-serif\">Impact<br \/>\n  Rate 0-25,600bpm<\/span><o:p><\/o:p><\/p>\n<p class=\"xmsonormal\"><span style=\"font-size:10.0pt;font-family:&quot;Calibri&quot;,sans-serif\">Max.<br \/>\n  Torque 45Nm<\/span><o:p><\/o:p><\/p>\n<p class=\"xmsonormal\"><span style=\"font-size:10.0pt;font-family:&quot;Calibri&quot;,sans-serif\">Chuck<br \/>\n  13mm (1\/2&#8243;) keyless<\/span><o:p><\/o:p><\/p>\n<p class=\"xmsonormal\"><span style=\"font-size:10.0pt;font-family:&quot;Calibri&quot;,sans-serif\">Torque<br \/>\n  Settings 16+3<\/span><o:p><\/o:p><\/p>\n<p class=\"xmsonormal\"><span style=\"font-size:10.0pt;font-family:&quot;Calibri&quot;,sans-serif\">Max.<br \/>\n  Drilling Capacity (Wood) 30mm<\/span><o:p><\/o:p><\/p>\n<p class=\"xmsonormal\"><span style=\"font-size:10.0pt;font-family:&quot;Calibri&quot;,sans-serif\">Max.<br \/>\n  Drilling Capacity (Metal) 13mm<\/span><o:p><\/o:p><\/p>\n<p class=\"xmsonormal\"><span style=\"font-size:10.0pt;font-family:&quot;Calibri&quot;,sans-serif\">Max.<br \/>\n  Drilling Capacity (Masonry) 10mm<\/span><o:p><\/o:p><\/p>\n<p class=\"xmsonormal\"><span style=\"font-size:10.0pt;font-family:&quot;Calibri&quot;,sans-serif\">Product<br \/>\n  Weight (no battery) 1.35kg<\/span><o:p><\/o:p><\/p>\n<\/td>\n<\/tr>\n<\/tbody>\n<\/table>","protected":false},"excerpt":{"rendered":"<p>45Nm, 0-340sn\/0-1600sn, 13mm patr\u00f3na sj\u00e1lfher\u00f0andi \u00far m\u00e1lmi, 2,58kg \u00e1n rafhl\u00f0\u00f0u<\/p>","protected":false},"featured_media":59006,"comment_status":"closed","ping_status":"closed","template":"","meta":[],"product_brand":[],"product_cat":[729,592,515],"product_tag":[817],"class_list":{"0":"post-53212","1":"product","2":"type-product","3":"status-publish","4":"has-post-thumbnail","6":"product_cat-borvelar-rafmagnsverkfaeri","7":"product_cat-rafmagnsverkfaeri","8":"product_cat-verkfaeralausnir","9":"product_tag-outlet","11":"first","12":"instock","13":"sale","14":"taxable","15":"shipping-taxable","16":"purchasable","17":"product-type-simple"},"yoast_head":"<!-- This site is optimized with the Yoast SEO plugin v27.3 - https:\/\/yoast.com\/product\/yoast-seo-wordpress\/ -->\n<title>JCB Borv\u00e9l hle\u00f0slu 18V 1x2.0Ah rafhl 45Nm - V\u00e9lar &amp; Verkf\u00e6ri<\/title>\n<meta name=\"robots\" content=\"index, follow, max-snippet:-1, max-image-preview:large, max-video-preview:-1\" \/>\n<link rel=\"canonical\" href=\"https:\/\/velarogverkfaeri.is\/en\/verkfaeralausnir\/rafmagnsverkfaeri\/borvelar-rafmagnsverkfaeri\/product\/jcb-borvel-hledslu-18v-1x2-0ah-rafhl-45nm\/\" \/>\n<meta property=\"og:locale\" content=\"en_US\" \/>\n<meta property=\"og:type\" content=\"article\" \/>\n<meta property=\"og:title\" content=\"JCB Borv\u00e9l hle\u00f0slu 18V 1x2.0Ah rafhl 45Nm - V\u00e9lar &amp; Verkf\u00e6ri\" \/>\n<meta property=\"og:description\" content=\"45Nm, 0-340sn\/0-1600sn, 13mm patr\u00f3na sj\u00e1lfher\u00f0andi \u00far m\u00e1lmi, 2,58kg \u00e1n rafhl\u00f0\u00f0u\" \/>\n<meta property=\"og:url\" content=\"https:\/\/velarogverkfaeri.is\/en\/verkfaeralausnir\/rafmagnsverkfaeri\/borvelar-rafmagnsverkfaeri\/product\/jcb-borvel-hledslu-18v-1x2-0ah-rafhl-45nm\/\" \/>\n<meta property=\"og:site_name\" content=\"V\u00e9lar &amp; Verkf\u00e6ri\" \/>\n<meta property=\"article:publisher\" content=\"https:\/\/www.facebook.com\/VelarOgVerkfaeri\" \/>\n<meta property=\"article:modified_time\" content=\"2026-01-07T11:02:20+00:00\" \/>\n<meta property=\"og:image\" content=\"https:\/\/velarogverkfaeri.is\/wp-content\/uploads\/2024\/03\/ae927c6b-7c7a-414b-90f4-dcbabd6af444.jpeg\" \/>\n\t<meta property=\"og:image:width\" content=\"672\" \/>\n\t<meta property=\"og:image:height\" content=\"605\" \/>\n\t<meta property=\"og:image:type\" content=\"image\/jpeg\" \/>\n<meta name=\"twitter:card\" content=\"summary_large_image\" \/>\n<script type=\"application\/ld+json\" class=\"yoast-schema-graph\">{\"@context\":\"https:\\\/\\\/schema.org\",\"@graph\":[{\"@type\":\"WebPage\",\"@id\":\"https:\\\/\\\/velarogverkfaeri.is\\\/verkfaeralausnir\\\/rafmagnsverkfaeri\\\/borvelar-rafmagnsverkfaeri\\\/product\\\/jcb-borvel-hledslu-18v-1x2-0ah-rafhl-45nm\\\/\",\"url\":\"https:\\\/\\\/velarogverkfaeri.is\\\/verkfaeralausnir\\\/rafmagnsverkfaeri\\\/borvelar-rafmagnsverkfaeri\\\/product\\\/jcb-borvel-hledslu-18v-1x2-0ah-rafhl-45nm\\\/\",\"name\":\"JCB Borv\u00e9l hle\u00f0slu 18V 1x2.0Ah rafhl 45Nm - V\u00e9lar &amp; Verkf\u00e6ri\",\"isPartOf\":{\"@id\":\"https:\\\/\\\/velarogverkfaeri.is\\\/en\\\/#website\"},\"primaryImageOfPage\":{\"@id\":\"https:\\\/\\\/velarogverkfaeri.is\\\/verkfaeralausnir\\\/rafmagnsverkfaeri\\\/borvelar-rafmagnsverkfaeri\\\/product\\\/jcb-borvel-hledslu-18v-1x2-0ah-rafhl-45nm\\\/#primaryimage\"},\"image\":{\"@id\":\"https:\\\/\\\/velarogverkfaeri.is\\\/verkfaeralausnir\\\/rafmagnsverkfaeri\\\/borvelar-rafmagnsverkfaeri\\\/product\\\/jcb-borvel-hledslu-18v-1x2-0ah-rafhl-45nm\\\/#primaryimage\"},\"thumbnailUrl\":\"https:\\\/\\\/velarogverkfaeri.is\\\/wp-content\\\/uploads\\\/2024\\\/03\\\/ae927c6b-7c7a-414b-90f4-dcbabd6af444.jpeg\",\"datePublished\":\"2023-10-20T08:26:53+00:00\",\"dateModified\":\"2026-01-07T11:02:20+00:00\",\"breadcrumb\":{\"@id\":\"https:\\\/\\\/velarogverkfaeri.is\\\/verkfaeralausnir\\\/rafmagnsverkfaeri\\\/borvelar-rafmagnsverkfaeri\\\/product\\\/jcb-borvel-hledslu-18v-1x2-0ah-rafhl-45nm\\\/#breadcrumb\"},\"inLanguage\":\"en-US\",\"potentialAction\":[{\"@type\":\"ReadAction\",\"target\":[\"https:\\\/\\\/velarogverkfaeri.is\\\/verkfaeralausnir\\\/rafmagnsverkfaeri\\\/borvelar-rafmagnsverkfaeri\\\/product\\\/jcb-borvel-hledslu-18v-1x2-0ah-rafhl-45nm\\\/\"]}]},{\"@type\":\"ImageObject\",\"inLanguage\":\"en-US\",\"@id\":\"https:\\\/\\\/velarogverkfaeri.is\\\/verkfaeralausnir\\\/rafmagnsverkfaeri\\\/borvelar-rafmagnsverkfaeri\\\/product\\\/jcb-borvel-hledslu-18v-1x2-0ah-rafhl-45nm\\\/#primaryimage\",\"url\":\"https:\\\/\\\/velarogverkfaeri.is\\\/wp-content\\\/uploads\\\/2024\\\/03\\\/ae927c6b-7c7a-414b-90f4-dcbabd6af444.jpeg\",\"contentUrl\":\"https:\\\/\\\/velarogverkfaeri.is\\\/wp-content\\\/uploads\\\/2024\\\/03\\\/ae927c6b-7c7a-414b-90f4-dcbabd6af444.jpeg\",\"width\":672,\"height\":605},{\"@type\":\"BreadcrumbList\",\"@id\":\"https:\\\/\\\/velarogverkfaeri.is\\\/verkfaeralausnir\\\/rafmagnsverkfaeri\\\/borvelar-rafmagnsverkfaeri\\\/product\\\/jcb-borvel-hledslu-18v-1x2-0ah-rafhl-45nm\\\/#breadcrumb\",\"itemListElement\":[{\"@type\":\"ListItem\",\"position\":1,\"name\":\"Home\",\"item\":\"https:\\\/\\\/velarogverkfaeri.is\\\/\"},{\"@type\":\"ListItem\",\"position\":2,\"name\":\"Vefverslun\",\"item\":\"https:\\\/\\\/velarogverkfaeri.is\\\/vefverslun\\\/\"},{\"@type\":\"ListItem\",\"position\":3,\"name\":\"JCB Borv\u00e9l hle\u00f0slu 18V 1&#215;2.0Ah rafhl 45Nm\"}]},{\"@type\":\"WebSite\",\"@id\":\"https:\\\/\\\/velarogverkfaeri.is\\\/en\\\/#website\",\"url\":\"https:\\\/\\\/velarogverkfaeri.is\\\/en\\\/\",\"name\":\"V\u00e9lar & Verkf\u00e6ri\",\"description\":\"Umbo\u00f0s- og heildverslun fr\u00e1 \u00e1rinu 1919\",\"publisher\":{\"@id\":\"https:\\\/\\\/velarogverkfaeri.is\\\/en\\\/#organization\"},\"potentialAction\":[{\"@type\":\"SearchAction\",\"target\":{\"@type\":\"EntryPoint\",\"urlTemplate\":\"https:\\\/\\\/velarogverkfaeri.is\\\/en\\\/?s={search_term_string}\"},\"query-input\":{\"@type\":\"PropertyValueSpecification\",\"valueRequired\":true,\"valueName\":\"search_term_string\"}}],\"inLanguage\":\"en-US\"},{\"@type\":\"Organization\",\"@id\":\"https:\\\/\\\/velarogverkfaeri.is\\\/en\\\/#organization\",\"name\":\"V\u00e9lar & Verkf\u00e6ri\",\"url\":\"https:\\\/\\\/velarogverkfaeri.is\\\/en\\\/\",\"logo\":{\"@type\":\"ImageObject\",\"inLanguage\":\"en-US\",\"@id\":\"https:\\\/\\\/velarogverkfaeri.is\\\/en\\\/#\\\/schema\\\/logo\\\/image\\\/\",\"url\":\"https:\\\/\\\/velarogverkfaeri.is\\\/wp-content\\\/uploads\\\/2021\\\/10\\\/vv_logo_350x100.png\",\"contentUrl\":\"https:\\\/\\\/velarogverkfaeri.is\\\/wp-content\\\/uploads\\\/2021\\\/10\\\/vv_logo_350x100.png\",\"width\":350,\"height\":100,\"caption\":\"V\u00e9lar & Verkf\u00e6ri\"},\"image\":{\"@id\":\"https:\\\/\\\/velarogverkfaeri.is\\\/en\\\/#\\\/schema\\\/logo\\\/image\\\/\"},\"sameAs\":[\"https:\\\/\\\/www.facebook.com\\\/VelarOgVerkfaeri\"]}]}<\/script>\n<!-- \/ Yoast SEO plugin. -->","yoast_head_json":{"title":"JCB Borv\u00e9l hle\u00f0slu 18V 1x2.0Ah rafhl 45Nm - V\u00e9lar &amp; Verkf\u00e6ri","robots":{"index":"index","follow":"follow","max-snippet":"max-snippet:-1","max-image-preview":"max-image-preview:large","max-video-preview":"max-video-preview:-1"},"canonical":"https:\/\/velarogverkfaeri.is\/en\/verkfaeralausnir\/rafmagnsverkfaeri\/borvelar-rafmagnsverkfaeri\/product\/jcb-borvel-hledslu-18v-1x2-0ah-rafhl-45nm\/","og_locale":"en_US","og_type":"article","og_title":"JCB Borv\u00e9l hle\u00f0slu 18V 1x2.0Ah rafhl 45Nm - V\u00e9lar &amp; Verkf\u00e6ri","og_description":"45Nm, 0-340sn\/0-1600sn, 13mm patr\u00f3na sj\u00e1lfher\u00f0andi \u00far m\u00e1lmi, 2,58kg \u00e1n rafhl\u00f0\u00f0u","og_url":"https:\/\/velarogverkfaeri.is\/en\/verkfaeralausnir\/rafmagnsverkfaeri\/borvelar-rafmagnsverkfaeri\/product\/jcb-borvel-hledslu-18v-1x2-0ah-rafhl-45nm\/","og_site_name":"V\u00e9lar &amp; Verkf\u00e6ri","article_publisher":"https:\/\/www.facebook.com\/VelarOgVerkfaeri","article_modified_time":"2026-01-07T11:02:20+00:00","og_image":[{"width":672,"height":605,"url":"https:\/\/velarogverkfaeri.is\/wp-content\/uploads\/2024\/03\/ae927c6b-7c7a-414b-90f4-dcbabd6af444.jpeg","type":"image\/jpeg"}],"twitter_card":"summary_large_image","schema":{"@context":"https:\/\/schema.org","@graph":[{"@type":"WebPage","@id":"https:\/\/velarogverkfaeri.is\/verkfaeralausnir\/rafmagnsverkfaeri\/borvelar-rafmagnsverkfaeri\/product\/jcb-borvel-hledslu-18v-1x2-0ah-rafhl-45nm\/","url":"https:\/\/velarogverkfaeri.is\/verkfaeralausnir\/rafmagnsverkfaeri\/borvelar-rafmagnsverkfaeri\/product\/jcb-borvel-hledslu-18v-1x2-0ah-rafhl-45nm\/","name":"JCB Borv\u00e9l hle\u00f0slu 18V 1x2.0Ah rafhl 45Nm - V\u00e9lar &amp; Verkf\u00e6ri","isPartOf":{"@id":"https:\/\/velarogverkfaeri.is\/en\/#website"},"primaryImageOfPage":{"@id":"https:\/\/velarogverkfaeri.is\/verkfaeralausnir\/rafmagnsverkfaeri\/borvelar-rafmagnsverkfaeri\/product\/jcb-borvel-hledslu-18v-1x2-0ah-rafhl-45nm\/#primaryimage"},"image":{"@id":"https:\/\/velarogverkfaeri.is\/verkfaeralausnir\/rafmagnsverkfaeri\/borvelar-rafmagnsverkfaeri\/product\/jcb-borvel-hledslu-18v-1x2-0ah-rafhl-45nm\/#primaryimage"},"thumbnailUrl":"https:\/\/velarogverkfaeri.is\/wp-content\/uploads\/2024\/03\/ae927c6b-7c7a-414b-90f4-dcbabd6af444.jpeg","datePublished":"2023-10-20T08:26:53+00:00","dateModified":"2026-01-07T11:02:20+00:00","breadcrumb":{"@id":"https:\/\/velarogverkfaeri.is\/verkfaeralausnir\/rafmagnsverkfaeri\/borvelar-rafmagnsverkfaeri\/product\/jcb-borvel-hledslu-18v-1x2-0ah-rafhl-45nm\/#breadcrumb"},"inLanguage":"en-US","potentialAction":[{"@type":"ReadAction","target":["https:\/\/velarogverkfaeri.is\/verkfaeralausnir\/rafmagnsverkfaeri\/borvelar-rafmagnsverkfaeri\/product\/jcb-borvel-hledslu-18v-1x2-0ah-rafhl-45nm\/"]}]},{"@type":"ImageObject","inLanguage":"en-US","@id":"https:\/\/velarogverkfaeri.is\/verkfaeralausnir\/rafmagnsverkfaeri\/borvelar-rafmagnsverkfaeri\/product\/jcb-borvel-hledslu-18v-1x2-0ah-rafhl-45nm\/#primaryimage","url":"https:\/\/velarogverkfaeri.is\/wp-content\/uploads\/2024\/03\/ae927c6b-7c7a-414b-90f4-dcbabd6af444.jpeg","contentUrl":"https:\/\/velarogverkfaeri.is\/wp-content\/uploads\/2024\/03\/ae927c6b-7c7a-414b-90f4-dcbabd6af444.jpeg","width":672,"height":605},{"@type":"BreadcrumbList","@id":"https:\/\/velarogverkfaeri.is\/verkfaeralausnir\/rafmagnsverkfaeri\/borvelar-rafmagnsverkfaeri\/product\/jcb-borvel-hledslu-18v-1x2-0ah-rafhl-45nm\/#breadcrumb","itemListElement":[{"@type":"ListItem","position":1,"name":"Home","item":"https:\/\/velarogverkfaeri.is\/"},{"@type":"ListItem","position":2,"name":"Vefverslun","item":"https:\/\/velarogverkfaeri.is\/vefverslun\/"},{"@type":"ListItem","position":3,"name":"JCB Borv\u00e9l hle\u00f0slu 18V 1&#215;2.0Ah rafhl 45Nm"}]},{"@type":"WebSite","@id":"https:\/\/velarogverkfaeri.is\/en\/#website","url":"https:\/\/velarogverkfaeri.is\/en\/","name":"V\u00e9lar & Verkf\u00e6ri","description":"Umbo\u00f0s- og heildverslun fr\u00e1 \u00e1rinu 1919","publisher":{"@id":"https:\/\/velarogverkfaeri.is\/en\/#organization"},"potentialAction":[{"@type":"SearchAction","target":{"@type":"EntryPoint","urlTemplate":"https:\/\/velarogverkfaeri.is\/en\/?s={search_term_string}"},"query-input":{"@type":"PropertyValueSpecification","valueRequired":true,"valueName":"search_term_string"}}],"inLanguage":"en-US"},{"@type":"Organization","@id":"https:\/\/velarogverkfaeri.is\/en\/#organization","name":"V\u00e9lar & Verkf\u00e6ri","url":"https:\/\/velarogverkfaeri.is\/en\/","logo":{"@type":"ImageObject","inLanguage":"en-US","@id":"https:\/\/velarogverkfaeri.is\/en\/#\/schema\/logo\/image\/","url":"https:\/\/velarogverkfaeri.is\/wp-content\/uploads\/2021\/10\/vv_logo_350x100.png","contentUrl":"https:\/\/velarogverkfaeri.is\/wp-content\/uploads\/2021\/10\/vv_logo_350x100.png","width":350,"height":100,"caption":"V\u00e9lar & Verkf\u00e6ri"},"image":{"@id":"https:\/\/velarogverkfaeri.is\/en\/#\/schema\/logo\/image\/"},"sameAs":["https:\/\/www.facebook.com\/VelarOgVerkfaeri"]}]}},"_links":{"self":[{"href":"https:\/\/velarogverkfaeri.is\/en\/wp-json\/wp\/v2\/product\/53212","targetHints":{"allow":["GET"]}}],"collection":[{"href":"https:\/\/velarogverkfaeri.is\/en\/wp-json\/wp\/v2\/product"}],"about":[{"href":"https:\/\/velarogverkfaeri.is\/en\/wp-json\/wp\/v2\/types\/product"}],"replies":[{"embeddable":true,"href":"https:\/\/velarogverkfaeri.is\/en\/wp-json\/wp\/v2\/comments?post=53212"}],"wp:featuredmedia":[{"embeddable":true,"href":"https:\/\/velarogverkfaeri.is\/en\/wp-json\/wp\/v2\/media\/59006"}],"wp:attachment":[{"href":"https:\/\/velarogverkfaeri.is\/en\/wp-json\/wp\/v2\/media?parent=53212"}],"wp:term":[{"taxonomy":"product_brand","embeddable":true,"href":"https:\/\/velarogverkfaeri.is\/en\/wp-json\/wp\/v2\/product_brand?post=53212"},{"taxonomy":"product_cat","embeddable":true,"href":"https:\/\/velarogverkfaeri.is\/en\/wp-json\/wp\/v2\/product_cat?post=53212"},{"taxonomy":"product_tag","embeddable":true,"href":"https:\/\/velarogverkfaeri.is\/en\/wp-json\/wp\/v2\/product_tag?post=53212"}],"curies":[{"name":"wp","href":"https:\/\/api.w.org\/{rel}","templated":true}]}}