{"id":53209,"date":"2023-10-19T14:57:49","date_gmt":"2023-10-19T14:57:49","guid":{"rendered":"https:\/\/vv-dev.webdev.is\/?post_type=product&#038;p=53209"},"modified":"2026-03-05T16:16:18","modified_gmt":"2026-03-05T16:16:18","slug":"usag-krafttong-med-bitara-180mm-134-u01340001","status":"publish","type":"product","link":"https:\/\/velarogverkfaeri.is\/en\/verkfaeralausnir\/handverkfaeri\/tangir\/product\/usag-krafttong-med-bitara-180mm-134-u01340001\/","title":{"rendered":"USAG Kraftt\u00f6ng me\u00f0 b\u00edtara 180mm 134 U01340001"},"content":{"rendered":"<p><img decoding=\"async\" src=\"data:image\/png;base64,iVBORw0KGgoAAAANSUhEUgAAAYMAAABWCAYAAAAt4Po6AAAAAXNSR0IArs4c6QAAAARnQU1BAACxjwv8YQUAAAAJcEhZcwAADsMAAA7DAcdvqGQAABd4SURBVHhe7Z3RaxxHnsd\/Zy\/7oCymiYURIwUGa8wqRAy+0yBkCMKB5ZiBPNjcS+4Q2E7uUY951EMg+gtiP9tirQeHNYnRg2eiPS5iHmKtMwIjRGx8471BHjlGSNrGR5QlG\/D9flXV3dU93T2j0diS7e8nGdQ93VX1q19X\/X5Vv2pP\/dNzhgAAALzRHDF\/AQAAvMHAGQAAAIAzAAAAAGcAAACAgTMAAAAAZwAAAADOAAAAAANnAAAAAM4AAAAAnAEAAAAGzgAAAAAd\/Ywxx4eHlXmavbpKfZN5ypivXnk2KnTliwrtDI9T7pj5ric0qXLlC7qxWKXqeh9N5g9KYzWan71KCx3JIPd+RU9adKHzWH1rkmKzUDq8QXd\/Oknjp9KV2CxfoS++2aGT4znqhbpVfn85YuqWJH9vqM3P0tUFfp5V77NKu6asXtfrRaHrsJ7Qh02bvbv70uoR0tse2tGLolmep+\/68j1pP+G22T2YGbziNMu3qOYUaWZmhmamCubbA2CDPw7\/f3xAn79AnBND5ug1Q4zU7CxVyDxP71NyqHZtnl3Qq0NhqkhZatCDFfOFzcYa1V2HCueLdJBP8uDaUZPWHrnm+PAAZ\/CK83TbfSkGuC2DBZqanqHp0gvsYINFmmbjODVmzl8reLT8dY3cLDuCqFMfm2KnMEUH6Oq7oEAjWaLGnQrXLEztW66nk6PRQfPFy+bA29FT2jp8voC6\/gnrzc1NKpfL9PjxY3rnnXeoVCrRiRMnzNV9ImGiMlHR7wAyLa\/wOMNgOoxMj+Ye5ejitDfC0Pe5YxcDo2TlxRepEmRi5W+Qkdm1LZooEVXK+sZsaYbObnI5K+bphTprvFwamQrPUc0kc7LSM1zKXZqmouoE4bSOLXMEmXIHcvOISuURzl9oyUPV3U+o6iIdQOlte4IuHl9OqFekTKdg6dik99JF5Nk6E3Sy+PvkWOq+TP3+uYfWCY0VyF1hg6G+S0sX0b9B9HCObqm2UXBqVPNuiDO0ISL5Wfd7OtPnrfKH6+rp2jwjmbnZ5ba0b0a1vbrVPuJR5aTUS57b8vEi5R5VdNvwr0XqZj\/TPbd7XU5S+\/CJrZOWg0xbTGqjvo5LOaqX49pCWvtiVNlBOt39PFthPz\/9jOrDVt+JyN2iU1Xfflry9Rkp2yOubgO2XEKQNlyfqH0KPz+7r4fb5j4QZ9ANc3Nzzz\/\/\/HP\/I+c9o3ad87z+\/Htz+v31z59fr5mT54+fly97598\/v\/755eflprpg0rE8l8t8l0bSXr7NZ5E8Je33fp6GZvn5ZUl\/3dwVPVflBbIky6Wv2XI8vn2Zy\/dk1fkouRThtDbRfHQ9gjr79WshLKvwfU3XQ8tip2utV4vsRgc6ra1Hlv22nEXqILqLyu2fR56bj5Yj+vyS0kXrbp97dQzJE9FHFEkfXA\/Xx9ZBVI4WndhlqWO7rgnPuqV9xtOuXkpfLbrVeo3qyteryWMv7T6pfYTRdbWvhXUl+Ub1Zl8Ll9Mis3WttX3Z9TVyhK57OtLXbN1oOcLtLNrn7HNVJ1sWRVhngtf\/wuVrWtpQB\/Xx8k7W\/97oOkwkMwKb6HkvKUwFo01iv97vELmbMvkc4GOX6qt6Ilq732DvW6Ssu8UTMfUNPWg4lMt7YxaXtiS2rShQwc\/Thj31B8bDDvbzGfvodz2PK+V5ZafJpcu1Y6JD+ZzKS7HygBo8ujjnj+KHqHgmS4370ahwaz40dpZHhUGd2+HJKhR4xO0TKt9M6VX5MbKXJijbeMBXdKzTERnMNSV7KWZEIlNxe7Q4wLr0n0s62TNBusK7LFhsumb7qTbX8az3fAZHKWc9n\/nZWZo1nyvlds8zDa2TbMkaxXHdJzx9qmPrea0s8egySyOxba9DEutlyE6ER6kt7Y3rym3cceu05veHTtt9WvuIots1+dei7adAU\/boV5Vr99GUtpDWvmL61+iw1GgfWDodOM55WWGuoROinPi2ndj\/QsS0IaUj83w6thf7o2tnIKEhm+h5r5Gpmtd5g5CJfsjuozVWpzRS6WRi2MzClVKieWgSd73EU85rJp\/53igyVq6NLWsa2Epzk6+6NZoz6dRHppPcoEKmJzYfY6S225lV6WgXeWo7Z8pIX4BUDVzKV2W6VPP0pD4yPZVOqmOdHS+8yXTbyyM0Ne4F3CGm7fqx\/t2wwUtGdBMs0Nqhtfh2lkZ8\/NfXJx+LEXPFCfCxDFjCztQgxkzp2Jz3ENXeoniGt10zipLaPsw9NmMjaiF5WRyuWTgOBmeC7ZitMFYnJLSv2Pq+dPbS\/3QbapQ9PchHQsD6+XRsL\/bJb8zfPSNrBNE1g16hKs9GXC+LBjG9mSndiFQMTx2xSZAR9wp7Zf40siM0JV9y56uw16xx03KGz7LZMKiFoyIf6DyvlAcS4\/TtSZcrDTWS4PrFxlltVIetmxMPPSJ2hjtZNBaDOUOqxhJXvFKhAS4zDlmIJqefhthxOvxffOya68yi19Vop43e\/Lj4jDZ8Kg67pS71CnmTSum\/62do0+3z1KPmaM18fcqJGP87c7Q8P889PksTJv8QaoTPbfbbGhX3G\/uNoNrbI3PioYw6P+e9vnug2mRS+4hDZjHLNMcDtso2G+xsMUjnx+Z5Rqa+07H8jngJ7Wv\/xPe\/1qev2xBZ620hVtLtRa8cQtczA1ksvnDhghpZyd+eLR5z1dRUcnjUVFy8pj2akBmAORRUJ2qohS9\/WiujkcYyLdvpNrijRUYu+3u1LEUuJROPnrhje6g3KMyxko89\/VLotbsmj8rNoY\/Mcjifr603MlSYwS43CZ4rrUSaiWecBHtayx1pmWXX+jNlWrILzQ3tANRMzIxyFZx23oRZbJRDZ+fsmbXmaj2of4+QgQCtBDMD9eEO113naNPOEtE6aZStkV9In4Ke1rsN\/jJuVqDge84XyGlUWmatYki6rxdj2tst6zl1\/0ZPWvuIRw3YuHxZ8A50wjxlh2TLIDN5c9iOtPbllRf0LzlOan2tM+3etNU2\/S+EaUORN698nXZsL\/ZH1zODXhNaSZc3F\/zRnhlZ8LRUN78sFcZkguuhFVlj7xnEYaXBVlTYwGtozacPeKrK3+lTXUacF+6YNLlkRFCkLZ72ytRXUGsZ7KA0MoWUl5tkume+kvHW2ARND4ZNhcSx+UaeInqdz4l\/cyHKxlN6wI2r4ucvbydYebOzWubyPX0Eb3EEZXqyC45ToInpISqUuOxtTuendSg71s9NMzzEVHFkq\/7OWIEl6OXIjUeR8gaMNzJU6DcullaKdNZ80znt2lkyQ6yTi8TtN0GfCunQZZf605y4mrmOqhmKrXv19sr5UXPSDV5743w9gyJ5tpuZJpDaPsx5CLVuUlP90V\/rEMyMyW\/b2YJaD+uE1PYleixtcd\/y+he3\/VKWja262oL8m4gHLXlFZ+R7JLX\/Gftk2ppqK9KGxAZyG\/JwnCzlzk9xX+\/cXuyHrl8tBa8uyvGGXsl9BfFDDJZjNKGCiegrw4cApfNevP4HwAsCzuAN5LVwBkLkPW49+jp8jkDL6XY2owPggIAzAAAAgJ+jAAAAAGcAAACAgTMAAAAAZwAAAADOAAAAAANnAAAAAM4AAAAAnAEAAAAGzgAAAACcAQAAADgDAAAAzCH6bSK9uYi9wbsishH3XpENSiq0tzz0z2lTD35YTP+ksr\/596HmxcraLM\/TWl5+jtd80SHdpotFfjDuTv+r\/wN9ALwADt3MQHb997YjnJm5SAW3dbOPl4ND\/fiFyR6hNyzaO92mAwDslUMeJtIb1wQbar8cZLOSmcP4U8ivLPH7BLen23QAgL3SdZhoc3OzZQ\/k\/W19GexBa+9L3Prb+zqc4f+KfXTHptBv3Gcpm23wvRImkp2CKuTyzCM9fyYUTpDylqm\/lKN62du6Mnm3MRWW8ovn8mWrQxN68TY4KVJF32NkJxWW8qyel3dr2EaHrxzrN\/sDnZ2jW+G8hYQQW0hGfw8AU95YgdyVhHqqzWOC7Tuju3mF8vWeSyRNrO4i98jscDq\/lpwuVY5w+1B5ec8bYSIAEjn6GWOO98TNmzeVIxCePXumnMPp06fVeXc8o\/rde7Tz9mkaP3XMfFejhS\/XyPngY3o\/o889g\/7pJx\/S5OQk9T28QTeru3RyPEfHxEj86QcaYOMw\/dEkX\/+FVhfqap\/VyXyB8m+t02K1QX2TeVLZqfyblPv3\/6B\/8YoUflylarOPTkue9IRWq2v0w1aGPvr0Y\/pQylxfpOo9U6ZJIoixvnl\/gI3rNH3E903+Y5UW6i45pyYpzwU+q9+le\/fX6NczRj4j8x+\/e9vPe\/Kth3Tjz08470nK\/rRKS+tHWHaRtknffbNMT\/7u0q9v6fxo4zuqLP+WJj55n34XzXt4l1aXqvTQu9eDDeLVmjgUIyPr6MlKhjIZqWedGj8n1NMYYMfXbR+tXv2KngyPU46VoByByw7ApD25XaG5v7Ds70\/SON+7Xt2i3KVP6eMP9f0B7ND+eJt23gueaebZQ3r2+0n6Q1y6VDmi7eMk7XwzR8tHjQ5CzxUAYNN1mMhzBB7R825xQxuc647tj\/pkw2wecZ6zRvaFDwrkuHVa22CzIhtZ82g4GCXKXqPmUJA9V50GPTD7wDbLy5xfZ5uCZ88Eo8nCu5ypvaG8Qse3syUrvCT73ppDH5Y\/tA+s7Ndqj1QH+rk+Ou+hE1aIbGON6pxzUfbl3dQbZev6BpuCh\/JWm\/KzmObeMC5t+ZtpF6hgyZNUzzjdSln1VclfNo\/nkfv5IK3ao3YP4T17Q\/Ihnp0ETzhMqhwt7UNvRN+4fxBrTgC8WnTtDCQ0ZBM975bwAvKMCn\/Mzs4ro9LcDIIGPoNsPMW4sS15uh1zPYReg2jcqbDpNsbbMn77Yx\/xbRnteg7QDo0oZ6KdlxhBGh6lQj5H9GgtkP\/dPa5sjE3RzKUc1a+Z8jpcnFe6bcim4SYdfyS0pYz4xhbL7FLNy1N9JFRjO50k2GBPz6jwlk53hSopadLkUO3DralNxf3rEjJkhxbnEgEAAV07A1kj8ByAt2bwIlAjTGMQ1Ug5ijJEDvUPmPM2qPzYYCzNL7GDiYzSDwKJY6tN3I0DvMQzHXNJRr0ys3E3a2z4iXJ5dlsy4uc5wtoKzxTcLI10I7\/MRlR5+m2tK+X2pnLgOEslaxCenN5H1iSUQ5aYfuTaTPy6ShyFKZOm5LBT0c4\/jjQ5VPuQtYroNawRANCWrp2BLBZfuHBBdTb5u7\/F42RUKIfdgTJ6MlJmQ37LMl61b3kkbUI9KqzRWA5GljziXvYXSj3EAfDsoMG59mxWIGjDrWcdGi17Omo0a4V6VBjEHAtSJ3elwsbRC2fJ7IaoficSIuqUjRrVIiNv50R7LQzxjMSxdStsyPxEkLrzzICfhU2Tr3dCbSVi+p1+SvLtqXKY9rFkwoAavpYy0wAAaLpeQO49egH5r\/97j6rVqv+596MsyHpx+AzlJ\/vo4Zc3acFclzi6\/3ZIJk8nf7pLt28v6vSNDJ19b5fqPw+ZRVjNsb4dWr33Wzr9kbeQHKFlAblOZBaB\/ev8Vc5fiNZk8idp9+5tur2oZWtkztLoz3XafcdaQP7b26EFzGOnjtD6QsWvTyMzSgM\/7lK\/l3fmF1qXwt77V\/qDWVgX+e8u\/5UGznzky9Sad9yCPJvG\/\/lv+q8\/LdCiKu8ePRngWUJRMmlTz2M5Gh\/eocq1Gyat6LdB7jY\/E84\/k5+kvtWrdHXBXJO6NH5DR1ieDP\/3iyxGL+nv10OL2jVa\/WqZbiyaZ8blFfwF\/Zh0v0+TY0S1j9WrV319VqsNahw9wjrgArGADEAih+hfIL885M2X5ePhV0wBAOBN5pD\/o7PeI69\/VhpZmoAjAAAAnzdyZgAAACDMGzczAAAA0AqcAQAAADgDAAAAcAYAAAAYOAMAAABwBgAAAOAMAAAAMHAGAAAA4AwAAADAGQAAAGDgDAAAABwmZyCbu88m7Lylr83721VeoXY7YinUDmId3NdCuLxuUDJ2uIuYyDnfwQYziXRdz5dNjeYjOpFfkPV2sgMAHByHb2bQYMPYkRF2qL\/DXbQOO9ENbV5bZI9ic6gRByi7kyVvZgMAeDkcOmeQzWapIT8znTLKHSpN04y\/4c2rT\/u9m18PWvewHqLCFD9LbEsJwIHT9U9Yb25uUrlcpsePH\/t7IO9v60sJzczR1pkZGrk\/SxXX2sHMujYl21\/KvsF3+q3rOtxQ8YedWb07moRPrtUpd8nbi7dG87JRu+yTy2mJnY5spq4xadRxpLwYJAw0tz1BF48vB3nI3ryyJzDjXQ+d+2XJfsEiky6nZtlIZ8zbdMfIqr+2vhfC6Rx2oNRwrXraxOVDOr29S5x3n6lDWF5bN4zSa7Bxv51nfdiS09J\/\/7f282Hsciw9ReVVexp7Mqr8tmhCypKN7hUR2QAAXdH1zMBzBIL8lfNeUZi6yJ27RnMdxtyVIxDn4W+CPkJbLTF4bWRcNlwyEtWOwGFDYtIoYxbsX9wRjQrdonOmzCJlk0JcbMRuPcoF8smm719LWUNUnJ6hIttyMahyzXYESlaV5iLlHs35edfmjSE3+Z077iaEmZLykXK1jr39pGvz5j7fESToxjgCp2SuSfm0xjmlIxveXxyzNrP3jb9NVF7WjcPtIPRcGlS5P2Kucx0cPu90bQYAkEjXzsBzBB7R8\/3Bxup8gRw2rlfaLqzW6AEPEsOb2xeoGNrJTEbS2shoY9uktUcuZUvWiHLsLB\/Xaa0lPCVpZZHTfGzDw6PWc345ZkP8+zGGabBI09Yshgb6yXG36Kk5bUFi66G8WR9nsiZvqS\/PLM4H+alN4s1xiNR8tI5p5RaPsueVM9X3petGrW9wnmetGdNQqRjcux9a5GWtfsDtwLWfC9edv9MM0egw15x1uScnDgBooWtnIKEhm+j5vhEDWsqSK8Yq7S2ZjS0eFTvUn7gC6VLtmoRU7K0un9IWD6UbZcvIz8o9Lm21WGgZRQej4PgRrWbgeIphkhG1V5YVYolDxdZdHhH7svFHwiKSt6pvZ6TmIzewjs+xUa+tNCxnmq4btb7h9Jt7e0vrmgIzyI6Ta9z6XAAAvaRrZyBrBJ4D8NYMes7YFF0UY3XtFo9LE2hrLCQ+L6GYhhUGGqB+iVhYoQ7vk7RG0AmJhlLWOCTW7ZVziUe75lIcQyf4Ko+Qg7CX+diziw5om4+Er1Z49D0mi\/be653pukl1ePtEyRulrbMHAPSCrp2BLBZfuHBBGQn5u7\/F42SGSueo4LjEA9METHjmjhVXZuMbjd2H1yF0eCGUhmlu7NHEsVH0fRAb1mUJV73bOnNQI97siB9Kafsq6dgIZXlEvxSqQ5Pl4z+Do5RjfdS+DcJRchybX1o+\/LfytcT+p6lYmtLOsgPdqJBUKE\/OZ17uHVJOxN0OvPKeX5k18nrrGIKqm5Oj0dfkNWIADitHP2PM8QHzjOp379HuO5OUz5ivFMcoN95H61WeG5wy135cpWqzj06P5\/gqUSZ\/knbv3qbbi1WqVvlTd8g59Qvlf7dLd+\/t0Nv\/PE65Y5IP31e9STcW12ngk\/+k97crNPflok7Dn0bDpZ3BPN+bJEvAs\/pduvfz32lrcZEWJf29JzTAo2lvZqGvD9EkZ3Ds1BFaX6jQgldOZpQGftyl\/sk8SfaZf6xzHktajvU+TlOg\/GQfrV696qepVhvUOHqExk+NaH1Y+f16pkhOvUl9qp66fE0mIZ8mPfzyz\/TDQJGmi7qCmbzJk8v\/8N\/O0ckk3QzmaPytdVooL5hrrCcnQ87xHBXeD8ul67njy3Wsb4dWl6paX6u7dJKfHyva15Mn78Mvb\/p51NmF+m8T\/V\/dep7yhdHz39722wIAoDu6frX0TUe9cSNvCO0xdAMAAIeRrsNEAAAAXh8wMwAAAICZAQAAADgDAAAADJwBAAAAOAMAAABwBgAAABg4AwAAAHAGAAAA4AwAAAAwcAYAAADgDAAAAMAZAAAAYOAMAAAAwBkAAAAg+n\/vf2puQzdEEwAAAABJRU5ErkJggg==\" alt=\"\"><\/p>","protected":false},"excerpt":{"rendered":"<p>Tegund:&nbsp;U01340001<\/p>","protected":false},"featured_media":81023,"comment_status":"closed","ping_status":"closed","template":"","meta":[],"product_brand":[],"product_cat":[588,786,515],"product_tag":[],"class_list":{"0":"post-53209","1":"product","2":"type-product","3":"status-publish","4":"has-post-thumbnail","6":"product_cat-handverkfaeri","7":"product_cat-tangir","8":"product_cat-verkfaeralausnir","10":"first","11":"instock","12":"taxable","13":"shipping-taxable","14":"purchasable","15":"product-type-simple"},"yoast_head":"<!-- This site is optimized with the Yoast SEO plugin v27.3 - https:\/\/yoast.com\/product\/yoast-seo-wordpress\/ -->\n<title>USAG Kraftt\u00f6ng me\u00f0 b\u00edtara 180mm 134 U01340001 - V\u00e9lar &amp; Verkf\u00e6ri<\/title>\n<meta name=\"robots\" content=\"index, follow, max-snippet:-1, max-image-preview:large, max-video-preview:-1\" \/>\n<link rel=\"canonical\" href=\"https:\/\/velarogverkfaeri.is\/en\/uncategorized\/product\/usag-krafttong-med-bitara-180mm-134-u01340001\/\" \/>\n<meta property=\"og:locale\" content=\"en_US\" \/>\n<meta property=\"og:type\" content=\"article\" \/>\n<meta property=\"og:title\" content=\"USAG Kraftt\u00f6ng me\u00f0 b\u00edtara 180mm 134 U01340001 - V\u00e9lar &amp; Verkf\u00e6ri\" \/>\n<meta property=\"og:description\" content=\"Tegund:&nbsp;U01340001\" \/>\n<meta property=\"og:url\" content=\"https:\/\/velarogverkfaeri.is\/en\/uncategorized\/product\/usag-krafttong-med-bitara-180mm-134-u01340001\/\" \/>\n<meta property=\"og:site_name\" content=\"V\u00e9lar &amp; Verkf\u00e6ri\" \/>\n<meta property=\"article:publisher\" content=\"https:\/\/www.facebook.com\/VelarOgVerkfaeri\" \/>\n<meta property=\"article:modified_time\" content=\"2026-03-05T16:16:18+00:00\" \/>\n<meta name=\"twitter:card\" content=\"summary_large_image\" \/>\n<script type=\"application\/ld+json\" class=\"yoast-schema-graph\">{\"@context\":\"https:\\\/\\\/schema.org\",\"@graph\":[{\"@type\":\"WebPage\",\"@id\":\"https:\\\/\\\/velarogverkfaeri.is\\\/uncategorized\\\/product\\\/usag-krafttong-med-bitara-180mm-134-u01340001\\\/\",\"url\":\"https:\\\/\\\/velarogverkfaeri.is\\\/uncategorized\\\/product\\\/usag-krafttong-med-bitara-180mm-134-u01340001\\\/\",\"name\":\"USAG Kraftt\u00f6ng me\u00f0 b\u00edtara 180mm 134 U01340001 - V\u00e9lar &amp; Verkf\u00e6ri\",\"isPartOf\":{\"@id\":\"https:\\\/\\\/velarogverkfaeri.is\\\/en\\\/#website\"},\"primaryImageOfPage\":{\"@id\":\"https:\\\/\\\/velarogverkfaeri.is\\\/uncategorized\\\/product\\\/usag-krafttong-med-bitara-180mm-134-u01340001\\\/#primaryimage\"},\"image\":{\"@id\":\"https:\\\/\\\/velarogverkfaeri.is\\\/uncategorized\\\/product\\\/usag-krafttong-med-bitara-180mm-134-u01340001\\\/#primaryimage\"},\"thumbnailUrl\":\"https:\\\/\\\/velarogverkfaeri.is\\\/wp-content\\\/uploads\\\/2026\\\/03\\\/597a1fad-d193-4cfe-8be6-3346dafecf87.png\",\"datePublished\":\"2023-10-19T14:57:49+00:00\",\"dateModified\":\"2026-03-05T16:16:18+00:00\",\"breadcrumb\":{\"@id\":\"https:\\\/\\\/velarogverkfaeri.is\\\/uncategorized\\\/product\\\/usag-krafttong-med-bitara-180mm-134-u01340001\\\/#breadcrumb\"},\"inLanguage\":\"en-US\",\"potentialAction\":[{\"@type\":\"ReadAction\",\"target\":[\"https:\\\/\\\/velarogverkfaeri.is\\\/uncategorized\\\/product\\\/usag-krafttong-med-bitara-180mm-134-u01340001\\\/\"]}]},{\"@type\":\"ImageObject\",\"inLanguage\":\"en-US\",\"@id\":\"https:\\\/\\\/velarogverkfaeri.is\\\/uncategorized\\\/product\\\/usag-krafttong-med-bitara-180mm-134-u01340001\\\/#primaryimage\",\"url\":\"https:\\\/\\\/velarogverkfaeri.is\\\/wp-content\\\/uploads\\\/2026\\\/03\\\/597a1fad-d193-4cfe-8be6-3346dafecf87.png\",\"contentUrl\":\"https:\\\/\\\/velarogverkfaeri.is\\\/wp-content\\\/uploads\\\/2026\\\/03\\\/597a1fad-d193-4cfe-8be6-3346dafecf87.png\",\"width\":795,\"height\":563},{\"@type\":\"BreadcrumbList\",\"@id\":\"https:\\\/\\\/velarogverkfaeri.is\\\/uncategorized\\\/product\\\/usag-krafttong-med-bitara-180mm-134-u01340001\\\/#breadcrumb\",\"itemListElement\":[{\"@type\":\"ListItem\",\"position\":1,\"name\":\"Home\",\"item\":\"https:\\\/\\\/velarogverkfaeri.is\\\/\"},{\"@type\":\"ListItem\",\"position\":2,\"name\":\"Vefverslun\",\"item\":\"https:\\\/\\\/velarogverkfaeri.is\\\/vefverslun\\\/\"},{\"@type\":\"ListItem\",\"position\":3,\"name\":\"USAG Kraftt\u00f6ng me\u00f0 b\u00edtara 180mm 134 U01340001\"}]},{\"@type\":\"WebSite\",\"@id\":\"https:\\\/\\\/velarogverkfaeri.is\\\/en\\\/#website\",\"url\":\"https:\\\/\\\/velarogverkfaeri.is\\\/en\\\/\",\"name\":\"V\u00e9lar & Verkf\u00e6ri\",\"description\":\"Umbo\u00f0s- og heildverslun fr\u00e1 \u00e1rinu 1919\",\"publisher\":{\"@id\":\"https:\\\/\\\/velarogverkfaeri.is\\\/en\\\/#organization\"},\"potentialAction\":[{\"@type\":\"SearchAction\",\"target\":{\"@type\":\"EntryPoint\",\"urlTemplate\":\"https:\\\/\\\/velarogverkfaeri.is\\\/en\\\/?s={search_term_string}\"},\"query-input\":{\"@type\":\"PropertyValueSpecification\",\"valueRequired\":true,\"valueName\":\"search_term_string\"}}],\"inLanguage\":\"en-US\"},{\"@type\":\"Organization\",\"@id\":\"https:\\\/\\\/velarogverkfaeri.is\\\/en\\\/#organization\",\"name\":\"V\u00e9lar & Verkf\u00e6ri\",\"url\":\"https:\\\/\\\/velarogverkfaeri.is\\\/en\\\/\",\"logo\":{\"@type\":\"ImageObject\",\"inLanguage\":\"en-US\",\"@id\":\"https:\\\/\\\/velarogverkfaeri.is\\\/en\\\/#\\\/schema\\\/logo\\\/image\\\/\",\"url\":\"https:\\\/\\\/velarogverkfaeri.is\\\/wp-content\\\/uploads\\\/2021\\\/10\\\/vv_logo_350x100.png\",\"contentUrl\":\"https:\\\/\\\/velarogverkfaeri.is\\\/wp-content\\\/uploads\\\/2021\\\/10\\\/vv_logo_350x100.png\",\"width\":350,\"height\":100,\"caption\":\"V\u00e9lar & Verkf\u00e6ri\"},\"image\":{\"@id\":\"https:\\\/\\\/velarogverkfaeri.is\\\/en\\\/#\\\/schema\\\/logo\\\/image\\\/\"},\"sameAs\":[\"https:\\\/\\\/www.facebook.com\\\/VelarOgVerkfaeri\"]}]}<\/script>\n<!-- \/ Yoast SEO plugin. -->","yoast_head_json":{"title":"USAG Kraftt\u00f6ng me\u00f0 b\u00edtara 180mm 134 U01340001 - V\u00e9lar &amp; Verkf\u00e6ri","robots":{"index":"index","follow":"follow","max-snippet":"max-snippet:-1","max-image-preview":"max-image-preview:large","max-video-preview":"max-video-preview:-1"},"canonical":"https:\/\/velarogverkfaeri.is\/en\/uncategorized\/product\/usag-krafttong-med-bitara-180mm-134-u01340001\/","og_locale":"en_US","og_type":"article","og_title":"USAG Kraftt\u00f6ng me\u00f0 b\u00edtara 180mm 134 U01340001 - V\u00e9lar &amp; Verkf\u00e6ri","og_description":"Tegund:&nbsp;U01340001","og_url":"https:\/\/velarogverkfaeri.is\/en\/uncategorized\/product\/usag-krafttong-med-bitara-180mm-134-u01340001\/","og_site_name":"V\u00e9lar &amp; Verkf\u00e6ri","article_publisher":"https:\/\/www.facebook.com\/VelarOgVerkfaeri","article_modified_time":"2026-03-05T16:16:18+00:00","twitter_card":"summary_large_image","schema":{"@context":"https:\/\/schema.org","@graph":[{"@type":"WebPage","@id":"https:\/\/velarogverkfaeri.is\/uncategorized\/product\/usag-krafttong-med-bitara-180mm-134-u01340001\/","url":"https:\/\/velarogverkfaeri.is\/uncategorized\/product\/usag-krafttong-med-bitara-180mm-134-u01340001\/","name":"USAG Kraftt\u00f6ng me\u00f0 b\u00edtara 180mm 134 U01340001 - V\u00e9lar &amp; Verkf\u00e6ri","isPartOf":{"@id":"https:\/\/velarogverkfaeri.is\/en\/#website"},"primaryImageOfPage":{"@id":"https:\/\/velarogverkfaeri.is\/uncategorized\/product\/usag-krafttong-med-bitara-180mm-134-u01340001\/#primaryimage"},"image":{"@id":"https:\/\/velarogverkfaeri.is\/uncategorized\/product\/usag-krafttong-med-bitara-180mm-134-u01340001\/#primaryimage"},"thumbnailUrl":"https:\/\/velarogverkfaeri.is\/wp-content\/uploads\/2026\/03\/597a1fad-d193-4cfe-8be6-3346dafecf87.png","datePublished":"2023-10-19T14:57:49+00:00","dateModified":"2026-03-05T16:16:18+00:00","breadcrumb":{"@id":"https:\/\/velarogverkfaeri.is\/uncategorized\/product\/usag-krafttong-med-bitara-180mm-134-u01340001\/#breadcrumb"},"inLanguage":"en-US","potentialAction":[{"@type":"ReadAction","target":["https:\/\/velarogverkfaeri.is\/uncategorized\/product\/usag-krafttong-med-bitara-180mm-134-u01340001\/"]}]},{"@type":"ImageObject","inLanguage":"en-US","@id":"https:\/\/velarogverkfaeri.is\/uncategorized\/product\/usag-krafttong-med-bitara-180mm-134-u01340001\/#primaryimage","url":"https:\/\/velarogverkfaeri.is\/wp-content\/uploads\/2026\/03\/597a1fad-d193-4cfe-8be6-3346dafecf87.png","contentUrl":"https:\/\/velarogverkfaeri.is\/wp-content\/uploads\/2026\/03\/597a1fad-d193-4cfe-8be6-3346dafecf87.png","width":795,"height":563},{"@type":"BreadcrumbList","@id":"https:\/\/velarogverkfaeri.is\/uncategorized\/product\/usag-krafttong-med-bitara-180mm-134-u01340001\/#breadcrumb","itemListElement":[{"@type":"ListItem","position":1,"name":"Home","item":"https:\/\/velarogverkfaeri.is\/"},{"@type":"ListItem","position":2,"name":"Vefverslun","item":"https:\/\/velarogverkfaeri.is\/vefverslun\/"},{"@type":"ListItem","position":3,"name":"USAG Kraftt\u00f6ng me\u00f0 b\u00edtara 180mm 134 U01340001"}]},{"@type":"WebSite","@id":"https:\/\/velarogverkfaeri.is\/en\/#website","url":"https:\/\/velarogverkfaeri.is\/en\/","name":"V\u00e9lar & Verkf\u00e6ri","description":"Umbo\u00f0s- og heildverslun fr\u00e1 \u00e1rinu 1919","publisher":{"@id":"https:\/\/velarogverkfaeri.is\/en\/#organization"},"potentialAction":[{"@type":"SearchAction","target":{"@type":"EntryPoint","urlTemplate":"https:\/\/velarogverkfaeri.is\/en\/?s={search_term_string}"},"query-input":{"@type":"PropertyValueSpecification","valueRequired":true,"valueName":"search_term_string"}}],"inLanguage":"en-US"},{"@type":"Organization","@id":"https:\/\/velarogverkfaeri.is\/en\/#organization","name":"V\u00e9lar & Verkf\u00e6ri","url":"https:\/\/velarogverkfaeri.is\/en\/","logo":{"@type":"ImageObject","inLanguage":"en-US","@id":"https:\/\/velarogverkfaeri.is\/en\/#\/schema\/logo\/image\/","url":"https:\/\/velarogverkfaeri.is\/wp-content\/uploads\/2021\/10\/vv_logo_350x100.png","contentUrl":"https:\/\/velarogverkfaeri.is\/wp-content\/uploads\/2021\/10\/vv_logo_350x100.png","width":350,"height":100,"caption":"V\u00e9lar & Verkf\u00e6ri"},"image":{"@id":"https:\/\/velarogverkfaeri.is\/en\/#\/schema\/logo\/image\/"},"sameAs":["https:\/\/www.facebook.com\/VelarOgVerkfaeri"]}]}},"_links":{"self":[{"href":"https:\/\/velarogverkfaeri.is\/en\/wp-json\/wp\/v2\/product\/53209","targetHints":{"allow":["GET"]}}],"collection":[{"href":"https:\/\/velarogverkfaeri.is\/en\/wp-json\/wp\/v2\/product"}],"about":[{"href":"https:\/\/velarogverkfaeri.is\/en\/wp-json\/wp\/v2\/types\/product"}],"replies":[{"embeddable":true,"href":"https:\/\/velarogverkfaeri.is\/en\/wp-json\/wp\/v2\/comments?post=53209"}],"wp:featuredmedia":[{"embeddable":true,"href":"https:\/\/velarogverkfaeri.is\/en\/wp-json\/wp\/v2\/media\/81023"}],"wp:attachment":[{"href":"https:\/\/velarogverkfaeri.is\/en\/wp-json\/wp\/v2\/media?parent=53209"}],"wp:term":[{"taxonomy":"product_brand","embeddable":true,"href":"https:\/\/velarogverkfaeri.is\/en\/wp-json\/wp\/v2\/product_brand?post=53209"},{"taxonomy":"product_cat","embeddable":true,"href":"https:\/\/velarogverkfaeri.is\/en\/wp-json\/wp\/v2\/product_cat?post=53209"},{"taxonomy":"product_tag","embeddable":true,"href":"https:\/\/velarogverkfaeri.is\/en\/wp-json\/wp\/v2\/product_tag?post=53209"}],"curies":[{"name":"wp","href":"https:\/\/api.w.org\/{rel}","templated":true}]}}