{"id":53208,"date":"2023-10-19T14:57:49","date_gmt":"2023-10-19T14:57:49","guid":{"rendered":"https:\/\/vv-dev.webdev.is\/?post_type=product&#038;p=53208"},"modified":"2026-03-05T16:16:18","modified_gmt":"2026-03-05T16:16:18","slug":"usag-krafttong-med-bitara-250mm-134-u01340002","status":"publish","type":"product","link":"https:\/\/velarogverkfaeri.is\/en\/verkfaeralausnir\/handverkfaeri\/tangir\/product\/usag-krafttong-med-bitara-250mm-134-u01340002\/","title":{"rendered":"USAG Kraftt\u00f6ng me\u00f0 b\u00edtara 250mm 134 U01340002"},"content":{"rendered":"<p><img decoding=\"async\" src=\"data:image\/png;base64,iVBORw0KGgoAAAANSUhEUgAAAXsAAABNCAYAAABHasQPAAAAAXNSR0IArs4c6QAAAARnQU1BAACxjwv8YQUAAAAJcEhZcwAADsMAAA7DAcdvqGQAABdqSURBVHhe7Z3RaxxHnse\/Zy\/7oCymiQczSAoM9phViBh8p0HIEIQDyzEDebC5l9whsJ3cox7zqIdA9BfEfpbFWg8OaxKjB89Ee1zEPMRaZwRGiNj4xnuDPHKMGHsbH1GWbMD3+1VVd1f3dM+MpLFka34f76y6p7uqflVd9atf\/aozv396SUAQBEE41BwxfwVBEIRDjCh7QRCEPkCUvSAIQh8gyl4QBKEPEGUvCILQB4iyFwRB6ANE2QuCIPQBouwFQRD6AFH2giAIfYAoe0EQhD7g6GeEOd5\/VhcwO7eGgckcBs1XbzybZVz9ooznp8aRPWa+6wkNlK9+gRtLFVQ2BjCZO6gWq2Jhdg6LXcnA936FJy1tofNYe2sSsVmoNryBuz+dxPjp9o3YKF3FF988x8nxLHrR3Cq\/vxwxdUuSvzdUF2Yxt0jPs+J91rBtyup1vV4Vug4bCWPY9Nm72\/tWj1C77aAfvSoapQV8N5DrSf8J982dI5b9G0KjdAtVp4CZmRnMTOXNtwfAJn0c+t\/xtD5\/hTgnhs3RIYOV0OwsyjDP0\/sUHVSvLdAU8+aQnyoggzoerJovbDbXUXMd5C8UcJBP8uD6UQPrj1xzfPCIsn9DePrM3RcF25GhPKamZzBdfIUDaKiAaVJ+U2Pm\/FBB1u7XVbgZUvTRSXtsipT+FA5wKt8FeYxkgPqdMtUsTPVbqqeTxeiQ+WK\/OfB+9BTN10fXo+OvXm5tbaFUKuHx48d45513UCwWceLECXN1j7AbpwQU\/A7Oy+Yy2QkGMyB4+TL\/KItL056FoO9zxy4FSsfKiy6iHGRi5W9gy+paExNFoFzSN2aKMzi3ReWsmqcTGozxcml4qTqPqknmZLjnu8henkZBdfJwWseWOQIviQO5ySJSeYTzZ1ryUHX3E6q6cAdX7fZsApeOryTUK1Kmk7fa2KT30kXkaZ4NBlH8fXzMdV9Byj\/30G2CsTzcVVII6rt26SLtb+B2OI9bqm\/knSqq3g1xijREJD\/rfq\/N9Hmr\/OG6em1tnhGvvOxyW\/o3ofpezeof8ahy2tSLn9vK8QKyj8q6b\/jXInWzn+mO+70uJ6l\/+MTWScsB0xeT+qjfxsUsaqW4vtCufxGq7CCdHn6errCfn35GtVPW2InI3dKmqr4pLPvtGSnbI65uaVsuJkgbrk9UP4Wfnz3Ww31zF7Cyb8f8\/PzLzz\/\/3P\/wec+oXqc8r7\/83px+f\/3zl9er5uTl45elK9759y+vf37lZamhLph0JM+VEt2l4bRXbtNZJE9O+72fp6FRenmF0183d0XPVXmBLMly6Wu2HI9vX6HyPVl1PkouRTitTTQfXY+gzn79WgjLynxf1fXQstjpWuvVIrtpA53WbkeS\/TafRerAbReV2z+PPDcfLUf0+SWli9bdPvfqGJIn0h5ROH1wPVwfuw2icrS0iV2WOrbrmvCsW\/pnPJ3qpdqrpW11u0bbym9Xk8dO+n1S\/wij62pfC7cV5xttN\/tauJwWma1rrf3Lrq+RI3TdayN9zW4bLUe4n0XHnH2u6mTLogi3GeONv3D5mpY+1EV9vLyT2787Orpx2KK3iZ73kvxUYC2C5uWUA7hbvDhM07GL2ppeKFbv12n2LCDjNmmhpL7Bg7qDbM6zOVw02besyCPv52lDM+0HZoYcStEZzbHvejMml+eV3U4uXa7tkxzOZVVeitUHqJN1cN63wodROJtB\/X7UK9uaD8bOkVUX1LkTnqxMnixmn1D5Zsmtyo+RvTiBTP0BXdG+RodlMNeU7MUYi4KXyra1l6a29J9LezJng3T5d0mw2HSNzkthquM57\/kMjSJrPZ+F2VnMms\/VUqfn2Q7dJpmiZYVR3Se89lTH1vNaXSbrMIOR2L7XJYn1MmQmwlZmS3+julIfd9wa1v3x0G2\/b9c\/ouh+Df9atP\/kMWVbr6pce4y26Qvt+lfM+Bo9xTXaA1abpo9TXpYbavgEN058304cfyFi+pBqI\/N8utYXu+M35m8i7LqxFTyfv0rCrgxq6+P8\/\/ohVh+tU3M9pU5Ig4iXMvfLamMoD26kLM7xQxmawoxaQtEA56Qdl\/TdESvXZlMt01Lqm1YaW3TVrWN+NvKwnBTVg2tliM1HK6HqM+5a\/p0x8EBKqyUq6TMixm1loTrwoyYa1Llc+lendgpL5yC1qX2NXW9shZbSDA3WnkEdfvqSVT+CBsSlqW5k47aJb4n4ftaOeP+r3550zEqqXCIlT4MZZJDwEryldFZWNLiVorMVdQ9Q\/S3aG5ViraLJ3WgnWz6qTyb1D\/oTlX1sBJlSGSs0oeZzemM2ML6YsHtC5WOOOpLQv2Lru+\/sZPzpPlQvkW4qma8MGXo+nfTFXumo7NlHH\/XZ9wpVOVLSug8GPrUZM5CVD00d0ZBni3mVZlX61DMjoOEE8OCiWa9KXcg5dS5QiWpjpkAHOs+rpXSin7wz7eVqh7IEqH6xfk4bNSBr5sRDW7TOqW5GKCvEGagas1\/vahlpKjMO3ujlzjNMg9Whf\/G+Y6oziV5T1kqHdvP90jO6g6uB2VSXegW\/iaTaf9fP0Ga3z1NbvdGa+e3JJ2yl3ZnHysICjegMJuImJGWhU5\/9topCD4wQG9XfHpkTD6W06TnvdG9f9cmk\/hEHr0JWME8GWfkZKWYysvx0vm+cVlTqO+1L74p96F97J378tT593Ydg7XeFWG2vL\/aq8Du6cXgz9uLFi+rVMP7bs81ZEl0t9U6NmorxrGdbA7yMNIeMGiR1tbHkLzvZmqivYMVOt0kDyVoeMnt79aqNXEomVw1cD\/UGgjlW8rlVLIdeS2soqzoMu1con6+tNxqUG8AuN4kGqquRbuApH8ZedtJAWSHZdfuZMi3ZmcamVvC8knJZBv21Srtg3CA2asKmyddTW421mmWB9Qae6LHKllPgkpmlAbW7zt+hnyWi26Resl6NDLUno5fdbp2+DLnAbOieC3k49TJmFyJtT4pi9\/UiTH+7ZT2n3b8R065\/xKMMMiqfN5SDNiGe0oRjy8DuCnPYiXb9yysvGF98nNT7jLtOrZQ1vemrHcZfCNOHIm8u+W3atb7YHR0t+14T2olmF4tvrRnLwF82ZpAfY8+eh3Hl0OwX+EG5Q5ZRdvN+R2o8fUBLSfpOn+oy4mbRrmknF8\/oBTRpeTrLbx4Qai+BJiANL\/H45SB72Ub20tgEpofCqoD9yHSjtYRz4nf+o2w+xQPqPGU\/f15GWnnTZLRC5XvtEbwFEZTpyc44Th4T08PIF6nsZ5TOT+sgM8bLybCJqPy4Vv2dsTxJ0EvLi6xAfoPEs+wU2iWwvFrAOfNN93TqZ8kMU5tcAvXfhPZUKHeGi1S7SVqtPEfN0j9oe+WeujBqTnaD198oX09hcJ6dVpYJtO0f5jyE2reoqvHo7zUwZsXj9+1MXu1HdUPb\/sXtWGzS2PLGF\/X9YoaUqbraAv83AQ9a8oquqHdI2\/Fn9JPpa6qvcB9iHUh9yMNxMshemKKx3r2+2A0ScPwQoybW0CurbyC+C8Ca+MxSfqLN3sRBodp8L6\/HCcIrQpT9IeZQKHsm8h6ztp5eP0Wv5XS7W5EJwj4jyl4QBKEPkJ9LEARB6ANE2QuCIPQBouwFQRD6AFH2giAIfYAoe0EQhD5AlL0gCEIfIMpeEAShDxBlLwiC0AeIshcEQegDRNkLgiD0AaLsBUEQ+oAD+G0cHTzCDqCt2GNEKRV5CDvLQ\/\/cMnrww1X6J3f94MqvNa9W1kZpAes5\/rlW80WX7DZdLPyDZHdSb\/4PwAlCDzkwy55DtnFAFP25hLzbGsxhf3CQkl8o7BE6IM3O2W06QRC65TVx4+jAJEHA4v2Bg1HMvI4\/lfvGEh+ntTO7TScIQrd0dONsbW21xKDdW2jCIAaoHRe29bfXtbvB\/xXzaMSd0G+cZ5DJ1OleduNwpJcyXFo5tM+fCC33ubwVpIpZ1EpeaMHkaFGhgNUZKp9D0RnXiBfAooCyvsfIDuU28rSal3erW0W7lxzrN9uDNjuPW+G8mQQXWEhG\/zfgTXljebirCfVUwUGC8IrRaEyhfL3nEkkT23aRe3h1N51bT07XVo5w\/1B5ec9b3DiC0MLRzwhzHMvNmzeVomdevHihlP+ZM2fU+e54gdrde3j+9hmMnz5mvqti8ct1OB98jPcH9bmnsD\/95ENMTk5i4OEN3Kxs4+R4FsdYCfzpB6Rp8E9\/NEnXf8HaYk3FuZzM5ZF7awNLlToGJnNQ2an8G8j++3\/gX7wimR\/XUGkM4AzniSdYq6zjh+YgPvr0Y3zIZW4soXLPlGmSMKyMb95Pk\/Kcxkd03+Q\/1rBYc+GcnkSOCnxRu4t799fx61kjn5H5j9+97ec9+dZD3PjzE8p7Epmf1rC8cYRkZ2kb+O6bFTz5u4tf39L5YfM7lFd+i4lP3sfvonmf2sbacgUPvXs9SOHNVXnCMDJSGz1ZHcTgINezhvrPCfU0Ctbx23YAa3Nf4cmpcWSpEZSid0nBm7Qnn5Ux\/xeS\/f1JjNO9G5Umspc\/xccf6vsDaML64208fy94poMvHuLF7yfxh7h0beWI9o+TeP7NPFaOmjYIPVdBEJiObhxP0XtEz3eLGwogrQeub7VxQGKyGM9blnn+gzwct4b1TVIbHCiYrNnAyuNYj+aQ4ZiXTh0PTBzORmmF8usu6HLmbGAN5t+lTO2A3QrtX84ULfcPxx01hz4kfygOJ8fLtC3NdIrqo\/MePmG5sDbXUaOcCxwXdUsHItb1DYIuh\/JWQc9JTHNvGBdNP1hxHnlLnqR6xrUtl1Vb4\/w5ODdZ3heCtCpG6A7cb3bA52FaXQRPOExbOVr6hw70Xb9\/EHs+gvBm0FHZs+vGJnq+W8IbtDPKPTE7qyP3q4jyUYZIObLyIl3x9FnM9RB2FHejnC3ltjf24F9ma9Wb4GzXhZos9OTESg6nRpHPZYFH64H8drT+bhibwszlLGrXTHldbn6rtq1zUGaTjj7selJKerNJMruoenmqD7tS7EklCQ7OPqPcTzrdVZTbpGknh+ofblUFbfavs0uPJqy4KU8QhC6UPfvoPQXv+exfBcpCNApPWbpRlKJxkEqb8w6o\/EghLC8s0wQSsbIPAvYjqyDZZoK7TCsVc4mtVl6ZuFtVUuxANkfTElvsZOOvr5Kl72Ywshv5eTWhytNvO10tdVaF6eMkFe8BeHJ6H94TUBMu+9Qj12bi9zXiyE+ZNEWHJg09ucfRTg7VP3ivIHpNfPSCkEhHZc+bsRcvXlSDif\/ubXM2GeVqIXWvlBpbuqSob1nKqfotWcLGFaPcDvWVwDIki3nF34j0YAVP1n2dcu2ZVc9oxaxXDRote3uUNWq5YpSbwhwzXCd3tUzKz3M38eoEqN2JuHC6ZbOKasRydk50boVhWlE4dtsym7y+YLjuZNnTs7Bp0PVuqK5GVLuTQtLc3VYO0z+WjZtOQ9farBQEod\/puEHbe\/QG7V\/\/9x4qlYr\/ufcjb3h6fvBB5CYH8PDLm1g019mP7b9dMZjDyZ\/u4vbtJZ2+Pohz722j9vOw2eTUHBt4jrV7v8WZj7yN2ggtG7Q1wGyy+tfpq6y\/0asZzJ3E9t3buL2kZasPnsPozzVsv2Nt0P7t7dAG4bHTR7CxWPbrUx8cRfrHbaS8vAd\/wQYX9t6\/4g9m45rlv7vyV6TPfuTL1Jp33IY3qb7\/+W\/8158WsaTKu4cnabLyC5xJh3oey2L81HOUr90wabl963Cf0TOh\/AdzkxhYm8PcornGdan\/BkdInkH69wtv9i7r7zdCm8ZVrH21ghtL5plReXl\/wzwm3e\/byTGi+sfa3JzfnpVKHfWjR6gNqEDZoBWEFg7gv6DdP\/jNkZXj4VcwBUEQ+pHX5D+q6j38emS5nsGEKHpBEITDbdkLgiAImkNr2QuCIAgBouwFQRD6AFH2giAIfYAoe0EQhD5AlL0gCEIfIMpeEAShDxBlLwiC0AeIshcEQegDRNkLgiD0AaLsBUEQ+gBR9oIgCH3AASh7Dp49mxA5SV9b8MMJXkWniEYKFQGqi\/taCJe3G5SMXUaBYjkXugggksiu67nfVLEQaRP+BVIvEpkgCPvPwVn2dVJ8XSlZB6kuoyC97kQDlhxaOEasOdTwBMfRpZKDlQiC8Go5MGWfyWRQ558hbmOlDhenMeMHNHnz6Rw793DQGkN4GPkpepYSNlAQDoyOP3G8tbWFUqmEx48f+zFo9xaakF0n82iencHI\/VmUXSsClXVtisMTctzWOynrunYHlH2zMaOjW7F741oN2cteLNQqFjgQNscppbSgSYWDVWtMGnUcKS8GdtPMP5vApeMrQR4cG5VjshLe9dC5XxbHa2WZdDlVSwdywHUdVMXIqr+2vmfC6RyaIFF3rXraxOUDnd6O8uXdZ+oQltduG0K1axAY3c6zdsqS02r\/1Lf28yHscqx2isqrYsp6Mqr8mpjgsjiQuCIimyAIO6KjZe8peob\/8nmvyE9dosFbxXyXPm+l6Hly8INMj6DZ4gPXSsQlxcSWpFb0DikKk0YpqyB+bFfUy7iF86bMAjJJLihSUrceZQP5OKj211zWMArTMyiQrmaFyddsRa9kVWkuIfto3s+7umAUtcnv\/HE3wQ2UlA+Xq9vYi+dbXTD3+Yo+oW2MoneK5hqXj3XKqT0cUPzSmBUs3FfuNlF5qW0c6geh51JH+f6IuU51cOi8270RQRBa6KjsPUXvET3fG6SMLuThkPK82nHjsooHZOSFg4fnUQhFomJLWCsRrUwbWH\/kIlO0LMKxc3Rcw3qL+4jT8iai+diKhazO8345JuD4\/RjFM1TAtLUKQToFx23iqTltgX3bobypPc5mTN5cX1oZXAjyU0G4zXGItvnoNsbqLbKSF9Rkqe9r3zZqf4HyPGeteIaLheDevdAiL7XqB9QPXPu5UN3pOw0HX6eaU1vuaJIWBMGno7Jn141N9HzPsIIsZuCyMmr3lslmk6xaB6nEHT4X1Wvs8rBDET5Fk0zheslS4rN8j4tmiwZmKziwYuMtUk36eBvFwxaxV5blAolD+bZdsmh92ejDbgvOW9W3O9rmwzdQG58npV1drVuTZfu2UfsLTsrc21taffrEEE2MVOPW5yIIQi\/oqOzZR+8peM9n33PGpmjpT8ro2i2yKxPoqAzYP86uElru++6ANFLsUbBcEd4nyUffDYmKkPcY2NfslXOZrFVzKY7hE3SVLNzALWU+9uqgCzrmw+6lVbKex3hT3Hv9sX3btJ3Q9oiSN0rHyVwQhL3QUdnzZuzFixeVEuC\/e9ucTWa4eB55xwUZlgkY98kdy69LyjXqOw\/vA+jlfygN0djcoQojpefPMaQ4V9id9G6r5a8s1syI7+ro+Krl2AgyZJEvh+rQIPnoz9AostQe1W8DdxEfx+bXLh\/6W\/6afe\/TKBSn9GTYRdsol1EoT8pnge8dVpOE+yyYdXf8SqmR19tHYFTdnCxGD8lrtoLwunH0M8Ic7xMvULt7D9vvTCI3aL5SHEN2fAAbFbLtT5trP66h0hjAmfEsXQUGcyexffc2bi9VUKnQp+bAOf0Lcr\/bxt17z\/H2P48je4zzofsqN3FjaQPpT\/4T7z8rY\/7LJZ2GPvW6i+dDObo3SZaAF7W7uPfz39FcWsISp7\/3BGmyhr2Vgb4+jEnK4NjpI9hYLGPRK2dwFOkft5GazIGzH\/zHBuWxrOXYGKA0eeQmB7A2N+enqVTqqB89gvHTI7o9rPx+PVuAU2tgQNVTl68ZTMingYdf\/hk\/pAuYLugKDuZMnlT+h\/92HieT2mYoi\/G3NrBYWjTXqJ2cQTjHs8i\/H5ZL1\/O5L9exgedYW67o9lrbxkl6ftTQfjt58j788qafR42mSP9tnP+rWc+TvzDt\/Le3\/b4gCMLO6PjqZb+j3ljhN2x26FoRBEF4nejoxhEEQRDefMSyFwRB6APEshcEQegDRNkLgiD0AaLsBUEQ+gBR9oIgCH2AKHtBEIRDD\/D\/G7ENaVNEKAgAAAAASUVORK5CYII=\" alt=\"\"><\/p>","protected":false},"excerpt":{"rendered":"<p>Tegund:&nbsp;U01340002<\/p>","protected":false},"featured_media":81024,"comment_status":"closed","ping_status":"closed","template":"","meta":[],"product_brand":[],"product_cat":[588,786,515],"product_tag":[],"class_list":{"0":"post-53208","1":"product","2":"type-product","3":"status-publish","4":"has-post-thumbnail","6":"product_cat-handverkfaeri","7":"product_cat-tangir","8":"product_cat-verkfaeralausnir","10":"first","11":"instock","12":"taxable","13":"shipping-taxable","14":"purchasable","15":"product-type-simple"},"yoast_head":"<!-- This site is optimized with the Yoast SEO plugin v27.3 - https:\/\/yoast.com\/product\/yoast-seo-wordpress\/ -->\n<title>USAG Kraftt\u00f6ng me\u00f0 b\u00edtara 250mm 134 U01340002 - V\u00e9lar &amp; Verkf\u00e6ri<\/title>\n<meta name=\"robots\" content=\"index, follow, max-snippet:-1, max-image-preview:large, max-video-preview:-1\" \/>\n<link rel=\"canonical\" href=\"https:\/\/velarogverkfaeri.is\/en\/uncategorized\/product\/usag-krafttong-med-bitara-250mm-134-u01340002\/\" \/>\n<meta property=\"og:locale\" content=\"en_US\" \/>\n<meta property=\"og:type\" content=\"article\" \/>\n<meta property=\"og:title\" content=\"USAG Kraftt\u00f6ng me\u00f0 b\u00edtara 250mm 134 U01340002 - V\u00e9lar &amp; Verkf\u00e6ri\" \/>\n<meta property=\"og:description\" content=\"Tegund:&nbsp;U01340002\" \/>\n<meta property=\"og:url\" content=\"https:\/\/velarogverkfaeri.is\/en\/uncategorized\/product\/usag-krafttong-med-bitara-250mm-134-u01340002\/\" \/>\n<meta property=\"og:site_name\" content=\"V\u00e9lar &amp; Verkf\u00e6ri\" \/>\n<meta property=\"article:publisher\" content=\"https:\/\/www.facebook.com\/VelarOgVerkfaeri\" \/>\n<meta property=\"article:modified_time\" content=\"2026-03-05T16:16:18+00:00\" \/>\n<meta name=\"twitter:card\" content=\"summary_large_image\" \/>\n<script type=\"application\/ld+json\" class=\"yoast-schema-graph\">{\"@context\":\"https:\\\/\\\/schema.org\",\"@graph\":[{\"@type\":\"WebPage\",\"@id\":\"https:\\\/\\\/velarogverkfaeri.is\\\/uncategorized\\\/product\\\/usag-krafttong-med-bitara-250mm-134-u01340002\\\/\",\"url\":\"https:\\\/\\\/velarogverkfaeri.is\\\/uncategorized\\\/product\\\/usag-krafttong-med-bitara-250mm-134-u01340002\\\/\",\"name\":\"USAG Kraftt\u00f6ng me\u00f0 b\u00edtara 250mm 134 U01340002 - V\u00e9lar &amp; Verkf\u00e6ri\",\"isPartOf\":{\"@id\":\"https:\\\/\\\/velarogverkfaeri.is\\\/en\\\/#website\"},\"primaryImageOfPage\":{\"@id\":\"https:\\\/\\\/velarogverkfaeri.is\\\/uncategorized\\\/product\\\/usag-krafttong-med-bitara-250mm-134-u01340002\\\/#primaryimage\"},\"image\":{\"@id\":\"https:\\\/\\\/velarogverkfaeri.is\\\/uncategorized\\\/product\\\/usag-krafttong-med-bitara-250mm-134-u01340002\\\/#primaryimage\"},\"thumbnailUrl\":\"https:\\\/\\\/velarogverkfaeri.is\\\/wp-content\\\/uploads\\\/2026\\\/03\\\/9988a58e-bb42-4f7c-86bc-cc36b16a6e41.png\",\"datePublished\":\"2023-10-19T14:57:49+00:00\",\"dateModified\":\"2026-03-05T16:16:18+00:00\",\"breadcrumb\":{\"@id\":\"https:\\\/\\\/velarogverkfaeri.is\\\/uncategorized\\\/product\\\/usag-krafttong-med-bitara-250mm-134-u01340002\\\/#breadcrumb\"},\"inLanguage\":\"en-US\",\"potentialAction\":[{\"@type\":\"ReadAction\",\"target\":[\"https:\\\/\\\/velarogverkfaeri.is\\\/uncategorized\\\/product\\\/usag-krafttong-med-bitara-250mm-134-u01340002\\\/\"]}]},{\"@type\":\"ImageObject\",\"inLanguage\":\"en-US\",\"@id\":\"https:\\\/\\\/velarogverkfaeri.is\\\/uncategorized\\\/product\\\/usag-krafttong-med-bitara-250mm-134-u01340002\\\/#primaryimage\",\"url\":\"https:\\\/\\\/velarogverkfaeri.is\\\/wp-content\\\/uploads\\\/2026\\\/03\\\/9988a58e-bb42-4f7c-86bc-cc36b16a6e41.png\",\"contentUrl\":\"https:\\\/\\\/velarogverkfaeri.is\\\/wp-content\\\/uploads\\\/2026\\\/03\\\/9988a58e-bb42-4f7c-86bc-cc36b16a6e41.png\",\"width\":808,\"height\":558},{\"@type\":\"BreadcrumbList\",\"@id\":\"https:\\\/\\\/velarogverkfaeri.is\\\/uncategorized\\\/product\\\/usag-krafttong-med-bitara-250mm-134-u01340002\\\/#breadcrumb\",\"itemListElement\":[{\"@type\":\"ListItem\",\"position\":1,\"name\":\"Home\",\"item\":\"https:\\\/\\\/velarogverkfaeri.is\\\/\"},{\"@type\":\"ListItem\",\"position\":2,\"name\":\"Vefverslun\",\"item\":\"https:\\\/\\\/velarogverkfaeri.is\\\/vefverslun\\\/\"},{\"@type\":\"ListItem\",\"position\":3,\"name\":\"USAG Kraftt\u00f6ng me\u00f0 b\u00edtara 250mm 134 U01340002\"}]},{\"@type\":\"WebSite\",\"@id\":\"https:\\\/\\\/velarogverkfaeri.is\\\/en\\\/#website\",\"url\":\"https:\\\/\\\/velarogverkfaeri.is\\\/en\\\/\",\"name\":\"V\u00e9lar & Verkf\u00e6ri\",\"description\":\"Umbo\u00f0s- og heildverslun fr\u00e1 \u00e1rinu 1919\",\"publisher\":{\"@id\":\"https:\\\/\\\/velarogverkfaeri.is\\\/en\\\/#organization\"},\"potentialAction\":[{\"@type\":\"SearchAction\",\"target\":{\"@type\":\"EntryPoint\",\"urlTemplate\":\"https:\\\/\\\/velarogverkfaeri.is\\\/en\\\/?s={search_term_string}\"},\"query-input\":{\"@type\":\"PropertyValueSpecification\",\"valueRequired\":true,\"valueName\":\"search_term_string\"}}],\"inLanguage\":\"en-US\"},{\"@type\":\"Organization\",\"@id\":\"https:\\\/\\\/velarogverkfaeri.is\\\/en\\\/#organization\",\"name\":\"V\u00e9lar & Verkf\u00e6ri\",\"url\":\"https:\\\/\\\/velarogverkfaeri.is\\\/en\\\/\",\"logo\":{\"@type\":\"ImageObject\",\"inLanguage\":\"en-US\",\"@id\":\"https:\\\/\\\/velarogverkfaeri.is\\\/en\\\/#\\\/schema\\\/logo\\\/image\\\/\",\"url\":\"https:\\\/\\\/velarogverkfaeri.is\\\/wp-content\\\/uploads\\\/2021\\\/10\\\/vv_logo_350x100.png\",\"contentUrl\":\"https:\\\/\\\/velarogverkfaeri.is\\\/wp-content\\\/uploads\\\/2021\\\/10\\\/vv_logo_350x100.png\",\"width\":350,\"height\":100,\"caption\":\"V\u00e9lar & Verkf\u00e6ri\"},\"image\":{\"@id\":\"https:\\\/\\\/velarogverkfaeri.is\\\/en\\\/#\\\/schema\\\/logo\\\/image\\\/\"},\"sameAs\":[\"https:\\\/\\\/www.facebook.com\\\/VelarOgVerkfaeri\"]}]}<\/script>\n<!-- \/ Yoast SEO plugin. -->","yoast_head_json":{"title":"USAG Kraftt\u00f6ng me\u00f0 b\u00edtara 250mm 134 U01340002 - V\u00e9lar &amp; Verkf\u00e6ri","robots":{"index":"index","follow":"follow","max-snippet":"max-snippet:-1","max-image-preview":"max-image-preview:large","max-video-preview":"max-video-preview:-1"},"canonical":"https:\/\/velarogverkfaeri.is\/en\/uncategorized\/product\/usag-krafttong-med-bitara-250mm-134-u01340002\/","og_locale":"en_US","og_type":"article","og_title":"USAG Kraftt\u00f6ng me\u00f0 b\u00edtara 250mm 134 U01340002 - V\u00e9lar &amp; Verkf\u00e6ri","og_description":"Tegund:&nbsp;U01340002","og_url":"https:\/\/velarogverkfaeri.is\/en\/uncategorized\/product\/usag-krafttong-med-bitara-250mm-134-u01340002\/","og_site_name":"V\u00e9lar &amp; Verkf\u00e6ri","article_publisher":"https:\/\/www.facebook.com\/VelarOgVerkfaeri","article_modified_time":"2026-03-05T16:16:18+00:00","twitter_card":"summary_large_image","schema":{"@context":"https:\/\/schema.org","@graph":[{"@type":"WebPage","@id":"https:\/\/velarogverkfaeri.is\/uncategorized\/product\/usag-krafttong-med-bitara-250mm-134-u01340002\/","url":"https:\/\/velarogverkfaeri.is\/uncategorized\/product\/usag-krafttong-med-bitara-250mm-134-u01340002\/","name":"USAG Kraftt\u00f6ng me\u00f0 b\u00edtara 250mm 134 U01340002 - V\u00e9lar &amp; Verkf\u00e6ri","isPartOf":{"@id":"https:\/\/velarogverkfaeri.is\/en\/#website"},"primaryImageOfPage":{"@id":"https:\/\/velarogverkfaeri.is\/uncategorized\/product\/usag-krafttong-med-bitara-250mm-134-u01340002\/#primaryimage"},"image":{"@id":"https:\/\/velarogverkfaeri.is\/uncategorized\/product\/usag-krafttong-med-bitara-250mm-134-u01340002\/#primaryimage"},"thumbnailUrl":"https:\/\/velarogverkfaeri.is\/wp-content\/uploads\/2026\/03\/9988a58e-bb42-4f7c-86bc-cc36b16a6e41.png","datePublished":"2023-10-19T14:57:49+00:00","dateModified":"2026-03-05T16:16:18+00:00","breadcrumb":{"@id":"https:\/\/velarogverkfaeri.is\/uncategorized\/product\/usag-krafttong-med-bitara-250mm-134-u01340002\/#breadcrumb"},"inLanguage":"en-US","potentialAction":[{"@type":"ReadAction","target":["https:\/\/velarogverkfaeri.is\/uncategorized\/product\/usag-krafttong-med-bitara-250mm-134-u01340002\/"]}]},{"@type":"ImageObject","inLanguage":"en-US","@id":"https:\/\/velarogverkfaeri.is\/uncategorized\/product\/usag-krafttong-med-bitara-250mm-134-u01340002\/#primaryimage","url":"https:\/\/velarogverkfaeri.is\/wp-content\/uploads\/2026\/03\/9988a58e-bb42-4f7c-86bc-cc36b16a6e41.png","contentUrl":"https:\/\/velarogverkfaeri.is\/wp-content\/uploads\/2026\/03\/9988a58e-bb42-4f7c-86bc-cc36b16a6e41.png","width":808,"height":558},{"@type":"BreadcrumbList","@id":"https:\/\/velarogverkfaeri.is\/uncategorized\/product\/usag-krafttong-med-bitara-250mm-134-u01340002\/#breadcrumb","itemListElement":[{"@type":"ListItem","position":1,"name":"Home","item":"https:\/\/velarogverkfaeri.is\/"},{"@type":"ListItem","position":2,"name":"Vefverslun","item":"https:\/\/velarogverkfaeri.is\/vefverslun\/"},{"@type":"ListItem","position":3,"name":"USAG Kraftt\u00f6ng me\u00f0 b\u00edtara 250mm 134 U01340002"}]},{"@type":"WebSite","@id":"https:\/\/velarogverkfaeri.is\/en\/#website","url":"https:\/\/velarogverkfaeri.is\/en\/","name":"V\u00e9lar & Verkf\u00e6ri","description":"Umbo\u00f0s- og heildverslun fr\u00e1 \u00e1rinu 1919","publisher":{"@id":"https:\/\/velarogverkfaeri.is\/en\/#organization"},"potentialAction":[{"@type":"SearchAction","target":{"@type":"EntryPoint","urlTemplate":"https:\/\/velarogverkfaeri.is\/en\/?s={search_term_string}"},"query-input":{"@type":"PropertyValueSpecification","valueRequired":true,"valueName":"search_term_string"}}],"inLanguage":"en-US"},{"@type":"Organization","@id":"https:\/\/velarogverkfaeri.is\/en\/#organization","name":"V\u00e9lar & Verkf\u00e6ri","url":"https:\/\/velarogverkfaeri.is\/en\/","logo":{"@type":"ImageObject","inLanguage":"en-US","@id":"https:\/\/velarogverkfaeri.is\/en\/#\/schema\/logo\/image\/","url":"https:\/\/velarogverkfaeri.is\/wp-content\/uploads\/2021\/10\/vv_logo_350x100.png","contentUrl":"https:\/\/velarogverkfaeri.is\/wp-content\/uploads\/2021\/10\/vv_logo_350x100.png","width":350,"height":100,"caption":"V\u00e9lar & Verkf\u00e6ri"},"image":{"@id":"https:\/\/velarogverkfaeri.is\/en\/#\/schema\/logo\/image\/"},"sameAs":["https:\/\/www.facebook.com\/VelarOgVerkfaeri"]}]}},"_links":{"self":[{"href":"https:\/\/velarogverkfaeri.is\/en\/wp-json\/wp\/v2\/product\/53208","targetHints":{"allow":["GET"]}}],"collection":[{"href":"https:\/\/velarogverkfaeri.is\/en\/wp-json\/wp\/v2\/product"}],"about":[{"href":"https:\/\/velarogverkfaeri.is\/en\/wp-json\/wp\/v2\/types\/product"}],"replies":[{"embeddable":true,"href":"https:\/\/velarogverkfaeri.is\/en\/wp-json\/wp\/v2\/comments?post=53208"}],"wp:featuredmedia":[{"embeddable":true,"href":"https:\/\/velarogverkfaeri.is\/en\/wp-json\/wp\/v2\/media\/81024"}],"wp:attachment":[{"href":"https:\/\/velarogverkfaeri.is\/en\/wp-json\/wp\/v2\/media?parent=53208"}],"wp:term":[{"taxonomy":"product_brand","embeddable":true,"href":"https:\/\/velarogverkfaeri.is\/en\/wp-json\/wp\/v2\/product_brand?post=53208"},{"taxonomy":"product_cat","embeddable":true,"href":"https:\/\/velarogverkfaeri.is\/en\/wp-json\/wp\/v2\/product_cat?post=53208"},{"taxonomy":"product_tag","embeddable":true,"href":"https:\/\/velarogverkfaeri.is\/en\/wp-json\/wp\/v2\/product_tag?post=53208"}],"curies":[{"name":"wp","href":"https:\/\/api.w.org\/{rel}","templated":true}]}}