{"id":53207,"date":"2023-10-19T14:57:49","date_gmt":"2023-10-19T14:57:49","guid":{"rendered":"https:\/\/vv-dev.webdev.is\/?post_type=product&#038;p=53207"},"modified":"2026-03-05T15:16:43","modified_gmt":"2026-03-05T15:16:43","slug":"usag-krafttong-med-bitara-300mm-134-u01340003","status":"publish","type":"product","link":"https:\/\/velarogverkfaeri.is\/en\/verkfaeralausnir\/handverkfaeri\/tangir\/product\/usag-krafttong-med-bitara-300mm-134-u01340003\/","title":{"rendered":"USAG Kraftt\u00f6ng me\u00f0 b\u00edtara 300mm 134 U01340003"},"content":{"rendered":"<p><img decoding=\"async\" src=\"data:image\/png;base64,iVBORw0KGgoAAAANSUhEUgAAAXoAAABFCAYAAABE+y1cAAAAAXNSR0IArs4c6QAAAARnQU1BAACxjwv8YQUAAAAJcEhZcwAADsMAAA7DAcdvqGQAABcsSURBVHhe7Z3RaxxHnse\/Zy\/7oCymiQczjBQY7DGrEDH4ToOQIQgHlmMG8mBzL7lDYDu5Rz3uox4C0V8Q+9kWaz04rEmMHjwT7XER8xBrnREYIWLjG+8N8sgxYuxtvERZsgHf71dV3VPd090zkkayPPf7eGfVPd1V9avqql\/96led+f3TKwKCIAjCwHLE\/BUEQRAGFFH0giAIA44oekEQhAFHFL0gCMKAI4peEARhwDn6KWGO94\/VBcxdW8PQVB4Z89Ubz2YFVz+v4MWpCeSOme\/6QhOVq5\/j5lIV1Y0hTOVfV4vVsDB3DYs9ycD3fomnHW2h81h7awqRWag2vIl7P57ExOnkRmyWr+Lzr1\/g5EQO\/Whuld+fj5i6xcnfH2oLc7i2SM+z6n3WsG3K6ne99gtdh42YMWz67L3tA6tHoN120I\/2i2Z5Ad8O5fvSf4J9sz+IRX\/IaJZvo+YUMTs7i9npgvn2NbBJH4f+dzytz\/cR58SIORowWAHNzaEC8zy9T8lB7foCTS9vDoXpIrJo4OGq+cJmcx1110HhQhGv80m+vn7UxPpj1xwfTkTRHzKePXcPRLl2ZbiA6ZlZzJT2cfAMFzFDim963JwPFGTlflWDmyUlH56wx6dJ4U\/jNU7ju6CA0SzQuFuhmgWpfUP1dHIYGzZfHDSvvR89Q+tw63n4\/8HU1tYWyuUynjx5gnfeeQelUgknTpxQN+0Zdt2UgaLfuXmpXCH7wGAGAy9Z5h\/ncGnGswz0fe74pbbCsfKii6i0M7HyN7BFdb2FyRJQKesbs6VZnNuiclbNkwkMxGi5NLw8nUfNJHOy3Otd5C7PoKg6eDCtY8scgpfBbbnJElJ5BPNnOvJQdfcTqrpw51bt9nwSl46vxNQrVKZTsNrYpPfSheRpnW0PoOj7+JjrvoKUf+6h2wTjBbirpAzUd0npQu1v4HY4j9uqbxScGmreDVFKNEAoP+t+r830eaf8wbp6bW2eEa+47HI7+jeh+l7d6h\/RqHIS6sXPbeV4EbnHFd03\/GuhutnPdMf9XpcT1z98Iuuk5YDpi3F91G\/jUg71clRfSOpfhCq7nU4PP09X2M9PP6P6KWvshOTuaFNV3xSW\/fYMle0RVbe0LRfTThusT1g\/BZ+fPdaDfbNPsKJn5ufnX3322Wf+h8\/7Ru0G5Xnj1Xfm9Lsbn726UTMnr568Kl\/xzr97deOzK6\/KTXXBpCN5rpTpLg2nvXKHzkJ5ctrv\/DwNzfKrK5z+hrkrfK7Ka8sSL5e+Zsvx5M4VKt+TVeej5FIE09qE89H1aNfZr18HQVmZ72q6HloWO11nvTpkN22g09rtSLLf4bNQHbjtwnL756Hn5qPlCD+\/uHThutvnXh0D8oTaIwynb18P1sdug7AcHW1il6WO7brGPOuO\/hlNt3qp9upoW92u4bby29XksZN+H9c\/gui62teCbcX5htvNvhYsp0Nm61pn\/7Lra+QIXPfaSF+z20bLEexn4TFnn6s62bIogm3GeOMvWL6mow\/1UB8v7\/j23z2+64YteZvweT8pTLetRNB8nHIAd4sXhGk6dlFf04vD2oMGzZpFZN0WLY7UN3jYcJDLe7aGixb7khUFFPw8bWiG\/cDMjMMpOqO59V1vpuTyvLKT5NLl2j7IkXxO5aVYfYgGWQXnfet7BMWzWTQehL2wnflg\/BxZc+06d8OTlSmQpewTKN8ss1X5EbKXJpFtPKQr2rfosAzmmpK9FGFJ8PLYtvLS1Jb+c0kme7adrvAuCRaZrtl9+Ut1POc9n+Ex5KznszA3hznzuVru9jyT0G2SLVnWF9V90mtPdWw9r9VlsgqzGI3sez0SWy9DdjJoXXb0N6or9XHHrWPdHw+99vuk\/hFG92v418L9p4Bp22pV5dpjNKEvJPWviPE1doprtAesNk0fp7ws19PICW6c6L4dO\/4CRPQh1Ubm+fSsL\/rHr8xf5a6xlTuf7ydB9wW183H+f\/0Aa4\/XqameUQekAcTLlwcVtQlUADdQDuf4gQxPY1Ytm2hwc9Kuy\/jeiJRrs6WWZin1TSfNLbrqNjA\/F3pQTorqwbUyROajFVDtOXcr\/84IeBCl1bKUdBkR4aqyUJ33cQtN6lgu\/WtQOwWlc5Da1L7FnjexAstnhgZq36DOPnPJqh9Bg+HSdC+ycdtEt0R0P0si2t\/qtycds4KqlEnB00AGGSO87O4onRUVDWyl5Gwl3QdUfwv3RqVUa2hxN9rJFo\/qk3H9g\/6EZR8fRbZcwQpNpoW83oRtG15M0CWh8jFHXYnpX5H1PXB2Mv50H2qUSTeVzVeGLD2fbvpiP\/AVPfvkwz76fqEqRgpa97+2D23WDGLlM1NHNNzZUl6l2ZQ+jewoaCgBPLBotqtR93FOnWurQ7UJU6QDnefVcjrWL96dZLmSUBYA1S\/Sr2mjBmPdnHhoS9Y51cvoZGU4C1Vj9uNdrSBNZUbBm7rccUZooDr0L9pXTHUm0evKSunSbr4felZ3bjUoW+pSv+A3jlT77\/oZ2uz2eWprN1wzvz35hK2zu\/NYWVig0ZzFZNRkpCxz6rPf1FDsp6+VUP3tsTnxUAqbnvNO9\/FVn4zrH1Hw6mMF82SMVZ6TUiYDy0\/n+8JpJaW+077znjiA\/rV3osdf59PXfQjW\/laA1WR9sR\/K3nfd8MbrxYsX1etf\/LdvG7EktlrenRozleLZzrYCeOloDhk1QBpqE8lfarIV0VjBip1ukwaRtSRk9vZ6VYJcSiZXDVoP9aaBOVbyuTUsB149ayprOgi7VCifr6w3F9TS3y43jiZqq6Eu4Ckexl5q0iBZIdl1+5kyLdmZ5qZW7ryCclkG\/bVKu2BcHzZqsqaJ11NZzbW6ZXn1B57kscoWU9sNM0eDaXcdv0s\/i0W3SaNsvf4YaE9GL7XdBn0ZcHvZ0D0XCnAaFcwthNqelMTu60WY\/nbbek67f\/MlqX9Eo4wxKp83j9ttQjyjycaWgV0U5rAbSf3LK689vvg4rvcZF51aIWv601e7jL8Apg+F3lDy27RnfdE\/fIu+3wR2nNmt4ltpxiLwl4pZFMbZk+dh3Dc067X9ntwZK6i4Bb8TNZ89pOUjfadPdRlRs2fPJMnFM3kRLVqSzvEbBoTaO6DJR8PLOn4JyF6qkZ00PomZ4aAaYL8x3Wgt25zoHf4wm8\/wkDpOxc+fl45W3jQRrVD5Xnu033Zol+nJzjhOAZMzIyiUqOznlM5P6yA7zkvIoGmo\/LZW\/Z3xAknQT4uLrD9+U8Sz6BTaDbC8WsQ5803vdOtn8YxQm1wC9d+Y9lQoF4aLVNIErVacY2a532575ZK6MGZOdoPX3yhfT1lwnt1WlDEk9g9zHkDtU9TUePT3Fhiz0vH7drag9p96IbF\/cTuWWjS2vPFFfb+UJUWqrnbA7\/w\/7MgrvJLeIYnjz+gn09dUX+E+xDqQ+pCH42SRuzBNY713fdEv5PfoBwA1qQZeS30D8Zf91qRnlu+TCXsRrwvV5v1+BU4Q9glR9APAQCh6JvSesraaDp+S13K6va3EBOEQIIpeEARhwJGfQBAEQRhwRNELgiAMOKLoBUEQBhxR9IIgCAOOKHpBEIQBRxS9IAjCgCOKXhAEYcARRS8IgjDgiKIXBEEYcETRC4IgDDii6AVBEAacffytGx34wQ52rdhjJCgVMQg7y0P\/ZDL68CNU+mdz\/UDIh5r9lbVZXsB6nn9y1XzRI7tNFwn\/uNjd1Jv\/Y26CsM\/su0XPYdY4mIn+XELB7QzEcDA4SMkvDfYJHUxm5+w2nSAIe+GAXTc6qEg7uPDBwIEkZg\/jz92+sUTHVe3ObtMJgrAXfNfN1tZWR8zYvYUTbMfstOO4dv52unYx+L9CHo6UE\/iN8iyy2Qbdy64bjtBSgUsrhuT8icASn8tbQaqUQ73shQOMj\/IUCC6dpfI5fJxxh3jBJ4qo6HuM7FCuIk+jeXl3ulK0S8mxfnO93WbncTuYNxPj9grI6P+GuylvvAB3NaaeKrBHOyRiOIpSIF\/vuYTSRLZd6B5e1c3k1+PTJcoR7B8qL+95i+tGEHri6KcEH9y6dUspeebly5dK8Z85c0ad746XqN+7jxdvn8HE6WPmuxoWv1iH88HHeD+jzz1l\/ftPPsTU1BSGHt3Ereo2Tk7kcIwVwB+\/R5oG\/sxHU3T9Z6wt1lVcyql8Afm3NrBUbWBoKg+Vncq\/idy\/\/wf+xSuS+WEN1eYQznCeeIq16jq+b2Xw0e8\/xodc5sYSqvdNmSYJw4r41oM0Kc4ZfET3Tf1jDYt1F87pKeSpwJf1e7j\/YB2\/nDXyGZn\/8O3bft5Tbz3CzT89pbynkP1xDcsbR0h2lraJb79ewdO\/u\/jlLZ0fNr9FZeXXmPzkffwmnPepbawtV\/HIu9eDlN21Gk8WRkZqo6erGWQyXM86Gj\/F1NMoV8dv2yGsXfsST09NIEeNoJS8S8rdpD35vIL5P5Ps709hgu7dqLaQu\/x7fPyhvr8NTVZ\/uIMX77WfaeblI7z87RR+F5UuUY5w\/ziJF1\/PY+WoaYPAcxUEIQ7fdeMpeY\/w+W5xA8Ge9aD1rTUOHkyW4nnLIi98UIDj1rG+SSqDg\/qSFdu27jg2ozlkOEal08BDEzezWV6h\/HoLkJw927YCC+9SpnZwbYX2J2dLlsuH44SaQx+SPxA3k+Nb2hZmOkX10Xmr6P2e22pzHXXKuchxTLd00GBd33aA5EDeKkA5iWnuDeKi5QcWLqBgyRNXz6i25bLqa5w\/B9Imi\/tCO62K6bkDl5sdnHmEVhXtJxwkUY6O\/qGDcjcevI49HkF4c\/EVPbtrbMLnuyW4GTurXBJzczrCvor8HmaYFCMrLtITz55HXA9gR1s3itlSbHtjD\/5ktlK9yc12V6iJQk9MrOBwagyFfA54vN6W346q3wvj05i9nEP9uimvx41u1bYNDqBs0tGH3U1KQW+2SGYXNS9P9WH3iT2hxMGB1GeVy0mnu4pKQpokOVT\/cGsqwLJ\/nd14NFlFTXeCIETjK3r2yXvK3fPR7wfKMjTKTlm4YZSScZBKm\/MuqPxIGSwvLNPkEbKuXwfsN1YBrc3kdplWKOYSW6u8InG3aqTUgVyepiS21Mm2X18lC9\/NYnQ38vMqQpWn32q6Wu6uBtPHSSr2+Xtyeh\/eA1CTLfvQQ9dmo\/cxoihMmzQlhyYMPbFHkSSH6h+8NxC+Jj55QdgRvqLnjdeLFy+qgcR\/97YRG49yr5CqVwqNLVxS0rctxVT7hixg435RrobGStsiJEt5xd909GDlTlZ9g3LtmzXPaKWsVwsaLXsyygq13C\/KNWGOGa6Tu1ohxee5mHhVAtTvhtw2vbJZQy1kMTsnurfCCK0kHLttmU1eVzBcd7Lo6VnYNOl6L9RWQ2rdSSFu3k6Uw\/SPZeOa09C1hBWCIAid+Jux\/Udvxv7lf++jWq36n\/s\/8Oam5\/fOID81hEdf3MKiuc5+a\/8tikweJ3+8hzt3lnT6Rgbn3ttG\/acRs6GpOTb0Amv3f40zH3mbsiE6NmPrgNlQ9a\/TVzl\/U1eTyZ\/E9r07uLOkZWtkzmHspzq237E2Y\/\/6dmAz8NjpI9hYrPj1aWTGkP5hGykv78zP2ODC3vtX\/M5sUrP891b+gvTZj3yZOvOO2twmtfc\/\/43\/+uMillR59\/E0TdZ9kTPpUs9jOUyceoHK9ZsmLbdvA+5zeiaUfyY\/haG1a7i2aK5xXRq\/whGSJ0P\/fuaN3WX9\/UZgg7iGtS9XcHPJPDMqr+Bvjkek+22SHKOqf6xdu+a3Z7XaQOPoEWoDKlA2YwWhJ\/bxv4w9OPgNkZXjwdcsBUEQBM0B\/wdT\/Ydfgaw0spgUJS8IghDJQFj0giAIQjxvvEUvCIIgJCOKXhAEYcARRS8IgjDgiKIXBEEYcETRC4IgDDii6AVBEAYcUfSCIAgDjih6QRCEAUcUvSAIwoAjil4QBGHAEUUvCIIw4OyjoudA13MxEY\/0tQU\/BOBVdItEpFCRm3q4r4NgebtBydhj9CaWc6GH4B+x7LqeB00NC6E24V8S9SKICYJwONh\/i75BSq8nBesg1WP0osNOONjIwMIxXc2hhic3jgoVH2hEEISDZ98VfTabRYN\/SjjBOh0pzWDWD0by5tM91u1g0BnzdwSFaXqWEupPEA4V\/s8Ub21toVwu48mTJ37M2L2FE2R3yTxaZ2cx+mAOFdeKHGVdU9H\/Oc7q3ZR1XbsAKr65mNVRqdilcb2O3GUvdmkNCxy0muOKUlrQhMKBpTUmjToOlRcBu2bmn0\/i0vGVdh4cy5RjqBLe9cC5XxbHV2WZdDk1S\/9xcHQdEMXIqr+2vmeC6RyaHNFwrXraROUDnd6OzuXdZ+oQlNduG0K1azuIuZ1n\/ZQlp9X+qW\/s50PY5VjtFJZXxYD1ZFT5tTDJZXHQb0VINkEQ9oxv0XtKnuG\/fN4vCtOXaODWMN+jj1speZ4Y\/IDQo2h1+Ly1AnFJKbEFqZW8Q0rCpFGKqh3vtScaFdzGeVNmEdk4txMpqNuPc235OAD2V1zWCIozsyiSnmZlyddsJa9kVWkuIfd43s+7tmCUtMnv\/HE3xvUTlw+Xq9vYi79bWzD3+Uo+pm2MkndK5hqXj3XKKRkO\/n1p3Ars7St2m7C81DYO9YPAc2mg8mDUXKc6OHTe616IIAg94St6T8l7hM\/3BimiCwU4pDivdt2krOEhGXfBQN8FFAMRpNgC1gpEK9Im1h+7yJYsS3D8HB3Xsd7hMuK0vGFoPrZSIWvzvF+OCQ7+IELpDBcxY60+kE7BcVt4Zk47YF92IG9qj7NZkzfXl1YEF9r5qYDZ5jhAYj66jbF6m6zjBTVR6vuS20btJ1Ce56yVzkip2L53L3TIS636AfUD134uVHf6TsOB0qnm1JY7mqAFQUjEV\/TsrrEJn+8ZVo6lLFxWRElvk2y2yJp1kIrdzXNRu85uDjt84DO0yARulC0FPsf3uGh1aF+2ftvWa7QlqkkfT1A6bAl7ZVlujyiUL9slS9aXjT7squC8VX17IzEfvoHa+Dwp7Npqw5ook9tG7Sc4KXNvf+n04RPDNClSjTufiyAI+4Wv6Nkn7yl3z0ffd8anablPiuj6bbInY+iqCNgfzu4RWuL7LoA0UuxFsNwP3ifOJ98LsUqQ9xTYt+yVc5msVHMpipETdJUs27YrynzsVUEPdM2HXUqrZDWP8wa494pjctskTmZ7RMkbputELghCv\/EVPW+8Xrx4USkA\/ru3jdh4RkrnUXBckEEZg3GZ3LX8uKRYw77yoN9fL\/kDaYjm5g7VFyk8f34hpbnCLqR3Oy1+ZalmR333RtfXKcdHkSVLfDlQhybJR3+Gx5Cj9qh903YR8XFkfkn50N\/KV+xrn0GxNK0nwh7aRrmJAnlSPgt874iaINzn7Rl3x6+NGnm9fQNG1c3JYWxAXqUVhDeBo58S5rjPvET93n1svzOFfMZ8pTiG3MQQNqpk0582135YQ7U5hDMTOboKZPInsX3vDu4sVVGt0qfuwDn9M\/K\/2ca9+y\/w9j9PIHeM86H7qrdwc2kD6U\/+E+8\/r2D+iyWdhj6NhosXw3m6N06WNi\/r93D\/p7+jtbSEJU5\/\/ynSZAV7KwJ9fQRTlMGx00ewsVjBoldOZgzpH7aRmsqDs8\/8Y4PyWNZybAxRmgLyU0NYu3bNT1OtNtA4egQTp0d1e1j5\/XK2CKfexJCqpy5fk4nJp4lHX\/wJ36eLmCnqCmbyJk8q\/8N\/O4+TcW0znMPEWxtYLC+aa9ROTgbO8RwK7wfl0vV84ct1bOgF1parur3WtnGSnh81tN9OnryPvrjl51Gn6dF\/6+Zvdet58hemnf\/6tt8XBEHYO\/7rlf\/fUW+m8Js0O3SnCIIgHHZ8140gCIIwmIhFLwiCMOCIRS8IgjDgiKIXBEEYaID\/A5EECV2qygQmAAAAAElFTkSuQmCC\" alt=\"\"><\/p>","protected":false},"excerpt":{"rendered":"<p>Tegund:&nbsp;U01340003<\/p>","protected":false},"featured_media":81002,"comment_status":"closed","ping_status":"closed","template":"","meta":[],"product_brand":[],"product_cat":[588,786,515],"product_tag":[],"class_list":{"0":"post-53207","1":"product","2":"type-product","3":"status-publish","4":"has-post-thumbnail","6":"product_cat-handverkfaeri","7":"product_cat-tangir","8":"product_cat-verkfaeralausnir","10":"first","11":"instock","12":"taxable","13":"shipping-taxable","14":"purchasable","15":"product-type-simple"},"yoast_head":"<!-- This site is optimized with the Yoast SEO plugin v27.3 - https:\/\/yoast.com\/product\/yoast-seo-wordpress\/ -->\n<title>USAG Kraftt\u00f6ng me\u00f0 b\u00edtara 300mm 134 U01340003 - V\u00e9lar &amp; Verkf\u00e6ri<\/title>\n<meta name=\"robots\" content=\"index, follow, max-snippet:-1, max-image-preview:large, max-video-preview:-1\" \/>\n<link rel=\"canonical\" href=\"https:\/\/velarogverkfaeri.is\/en\/uncategorized\/product\/usag-krafttong-med-bitara-300mm-134-u01340003\/\" \/>\n<meta property=\"og:locale\" content=\"en_US\" \/>\n<meta property=\"og:type\" content=\"article\" \/>\n<meta property=\"og:title\" content=\"USAG Kraftt\u00f6ng me\u00f0 b\u00edtara 300mm 134 U01340003 - V\u00e9lar &amp; Verkf\u00e6ri\" \/>\n<meta property=\"og:description\" content=\"Tegund:&nbsp;U01340003\" \/>\n<meta property=\"og:url\" content=\"https:\/\/velarogverkfaeri.is\/en\/uncategorized\/product\/usag-krafttong-med-bitara-300mm-134-u01340003\/\" \/>\n<meta property=\"og:site_name\" content=\"V\u00e9lar &amp; Verkf\u00e6ri\" \/>\n<meta property=\"article:publisher\" content=\"https:\/\/www.facebook.com\/VelarOgVerkfaeri\" \/>\n<meta property=\"article:modified_time\" content=\"2026-03-05T15:16:43+00:00\" \/>\n<meta name=\"twitter:card\" content=\"summary_large_image\" \/>\n<script type=\"application\/ld+json\" class=\"yoast-schema-graph\">{\"@context\":\"https:\\\/\\\/schema.org\",\"@graph\":[{\"@type\":\"WebPage\",\"@id\":\"https:\\\/\\\/velarogverkfaeri.is\\\/uncategorized\\\/product\\\/usag-krafttong-med-bitara-300mm-134-u01340003\\\/\",\"url\":\"https:\\\/\\\/velarogverkfaeri.is\\\/uncategorized\\\/product\\\/usag-krafttong-med-bitara-300mm-134-u01340003\\\/\",\"name\":\"USAG Kraftt\u00f6ng me\u00f0 b\u00edtara 300mm 134 U01340003 - V\u00e9lar &amp; Verkf\u00e6ri\",\"isPartOf\":{\"@id\":\"https:\\\/\\\/velarogverkfaeri.is\\\/en\\\/#website\"},\"primaryImageOfPage\":{\"@id\":\"https:\\\/\\\/velarogverkfaeri.is\\\/uncategorized\\\/product\\\/usag-krafttong-med-bitara-300mm-134-u01340003\\\/#primaryimage\"},\"image\":{\"@id\":\"https:\\\/\\\/velarogverkfaeri.is\\\/uncategorized\\\/product\\\/usag-krafttong-med-bitara-300mm-134-u01340003\\\/#primaryimage\"},\"thumbnailUrl\":\"https:\\\/\\\/velarogverkfaeri.is\\\/wp-content\\\/uploads\\\/2026\\\/03\\\/41e6e0fc-3bf3-41b6-9fc2-169ccf21519c.png\",\"datePublished\":\"2023-10-19T14:57:49+00:00\",\"dateModified\":\"2026-03-05T15:16:43+00:00\",\"breadcrumb\":{\"@id\":\"https:\\\/\\\/velarogverkfaeri.is\\\/uncategorized\\\/product\\\/usag-krafttong-med-bitara-300mm-134-u01340003\\\/#breadcrumb\"},\"inLanguage\":\"en-US\",\"potentialAction\":[{\"@type\":\"ReadAction\",\"target\":[\"https:\\\/\\\/velarogverkfaeri.is\\\/uncategorized\\\/product\\\/usag-krafttong-med-bitara-300mm-134-u01340003\\\/\"]}]},{\"@type\":\"ImageObject\",\"inLanguage\":\"en-US\",\"@id\":\"https:\\\/\\\/velarogverkfaeri.is\\\/uncategorized\\\/product\\\/usag-krafttong-med-bitara-300mm-134-u01340003\\\/#primaryimage\",\"url\":\"https:\\\/\\\/velarogverkfaeri.is\\\/wp-content\\\/uploads\\\/2026\\\/03\\\/41e6e0fc-3bf3-41b6-9fc2-169ccf21519c.png\",\"contentUrl\":\"https:\\\/\\\/velarogverkfaeri.is\\\/wp-content\\\/uploads\\\/2026\\\/03\\\/41e6e0fc-3bf3-41b6-9fc2-169ccf21519c.png\",\"width\":825,\"height\":634},{\"@type\":\"BreadcrumbList\",\"@id\":\"https:\\\/\\\/velarogverkfaeri.is\\\/uncategorized\\\/product\\\/usag-krafttong-med-bitara-300mm-134-u01340003\\\/#breadcrumb\",\"itemListElement\":[{\"@type\":\"ListItem\",\"position\":1,\"name\":\"Home\",\"item\":\"https:\\\/\\\/velarogverkfaeri.is\\\/\"},{\"@type\":\"ListItem\",\"position\":2,\"name\":\"Vefverslun\",\"item\":\"https:\\\/\\\/velarogverkfaeri.is\\\/vefverslun\\\/\"},{\"@type\":\"ListItem\",\"position\":3,\"name\":\"USAG Kraftt\u00f6ng me\u00f0 b\u00edtara 300mm 134 U01340003\"}]},{\"@type\":\"WebSite\",\"@id\":\"https:\\\/\\\/velarogverkfaeri.is\\\/en\\\/#website\",\"url\":\"https:\\\/\\\/velarogverkfaeri.is\\\/en\\\/\",\"name\":\"V\u00e9lar & Verkf\u00e6ri\",\"description\":\"Umbo\u00f0s- og heildverslun fr\u00e1 \u00e1rinu 1919\",\"publisher\":{\"@id\":\"https:\\\/\\\/velarogverkfaeri.is\\\/en\\\/#organization\"},\"potentialAction\":[{\"@type\":\"SearchAction\",\"target\":{\"@type\":\"EntryPoint\",\"urlTemplate\":\"https:\\\/\\\/velarogverkfaeri.is\\\/en\\\/?s={search_term_string}\"},\"query-input\":{\"@type\":\"PropertyValueSpecification\",\"valueRequired\":true,\"valueName\":\"search_term_string\"}}],\"inLanguage\":\"en-US\"},{\"@type\":\"Organization\",\"@id\":\"https:\\\/\\\/velarogverkfaeri.is\\\/en\\\/#organization\",\"name\":\"V\u00e9lar & Verkf\u00e6ri\",\"url\":\"https:\\\/\\\/velarogverkfaeri.is\\\/en\\\/\",\"logo\":{\"@type\":\"ImageObject\",\"inLanguage\":\"en-US\",\"@id\":\"https:\\\/\\\/velarogverkfaeri.is\\\/en\\\/#\\\/schema\\\/logo\\\/image\\\/\",\"url\":\"https:\\\/\\\/velarogverkfaeri.is\\\/wp-content\\\/uploads\\\/2021\\\/10\\\/vv_logo_350x100.png\",\"contentUrl\":\"https:\\\/\\\/velarogverkfaeri.is\\\/wp-content\\\/uploads\\\/2021\\\/10\\\/vv_logo_350x100.png\",\"width\":350,\"height\":100,\"caption\":\"V\u00e9lar & Verkf\u00e6ri\"},\"image\":{\"@id\":\"https:\\\/\\\/velarogverkfaeri.is\\\/en\\\/#\\\/schema\\\/logo\\\/image\\\/\"},\"sameAs\":[\"https:\\\/\\\/www.facebook.com\\\/VelarOgVerkfaeri\"]}]}<\/script>\n<!-- \/ Yoast SEO plugin. -->","yoast_head_json":{"title":"USAG Kraftt\u00f6ng me\u00f0 b\u00edtara 300mm 134 U01340003 - V\u00e9lar &amp; Verkf\u00e6ri","robots":{"index":"index","follow":"follow","max-snippet":"max-snippet:-1","max-image-preview":"max-image-preview:large","max-video-preview":"max-video-preview:-1"},"canonical":"https:\/\/velarogverkfaeri.is\/en\/uncategorized\/product\/usag-krafttong-med-bitara-300mm-134-u01340003\/","og_locale":"en_US","og_type":"article","og_title":"USAG Kraftt\u00f6ng me\u00f0 b\u00edtara 300mm 134 U01340003 - V\u00e9lar &amp; Verkf\u00e6ri","og_description":"Tegund:&nbsp;U01340003","og_url":"https:\/\/velarogverkfaeri.is\/en\/uncategorized\/product\/usag-krafttong-med-bitara-300mm-134-u01340003\/","og_site_name":"V\u00e9lar &amp; Verkf\u00e6ri","article_publisher":"https:\/\/www.facebook.com\/VelarOgVerkfaeri","article_modified_time":"2026-03-05T15:16:43+00:00","twitter_card":"summary_large_image","schema":{"@context":"https:\/\/schema.org","@graph":[{"@type":"WebPage","@id":"https:\/\/velarogverkfaeri.is\/uncategorized\/product\/usag-krafttong-med-bitara-300mm-134-u01340003\/","url":"https:\/\/velarogverkfaeri.is\/uncategorized\/product\/usag-krafttong-med-bitara-300mm-134-u01340003\/","name":"USAG Kraftt\u00f6ng me\u00f0 b\u00edtara 300mm 134 U01340003 - V\u00e9lar &amp; Verkf\u00e6ri","isPartOf":{"@id":"https:\/\/velarogverkfaeri.is\/en\/#website"},"primaryImageOfPage":{"@id":"https:\/\/velarogverkfaeri.is\/uncategorized\/product\/usag-krafttong-med-bitara-300mm-134-u01340003\/#primaryimage"},"image":{"@id":"https:\/\/velarogverkfaeri.is\/uncategorized\/product\/usag-krafttong-med-bitara-300mm-134-u01340003\/#primaryimage"},"thumbnailUrl":"https:\/\/velarogverkfaeri.is\/wp-content\/uploads\/2026\/03\/41e6e0fc-3bf3-41b6-9fc2-169ccf21519c.png","datePublished":"2023-10-19T14:57:49+00:00","dateModified":"2026-03-05T15:16:43+00:00","breadcrumb":{"@id":"https:\/\/velarogverkfaeri.is\/uncategorized\/product\/usag-krafttong-med-bitara-300mm-134-u01340003\/#breadcrumb"},"inLanguage":"en-US","potentialAction":[{"@type":"ReadAction","target":["https:\/\/velarogverkfaeri.is\/uncategorized\/product\/usag-krafttong-med-bitara-300mm-134-u01340003\/"]}]},{"@type":"ImageObject","inLanguage":"en-US","@id":"https:\/\/velarogverkfaeri.is\/uncategorized\/product\/usag-krafttong-med-bitara-300mm-134-u01340003\/#primaryimage","url":"https:\/\/velarogverkfaeri.is\/wp-content\/uploads\/2026\/03\/41e6e0fc-3bf3-41b6-9fc2-169ccf21519c.png","contentUrl":"https:\/\/velarogverkfaeri.is\/wp-content\/uploads\/2026\/03\/41e6e0fc-3bf3-41b6-9fc2-169ccf21519c.png","width":825,"height":634},{"@type":"BreadcrumbList","@id":"https:\/\/velarogverkfaeri.is\/uncategorized\/product\/usag-krafttong-med-bitara-300mm-134-u01340003\/#breadcrumb","itemListElement":[{"@type":"ListItem","position":1,"name":"Home","item":"https:\/\/velarogverkfaeri.is\/"},{"@type":"ListItem","position":2,"name":"Vefverslun","item":"https:\/\/velarogverkfaeri.is\/vefverslun\/"},{"@type":"ListItem","position":3,"name":"USAG Kraftt\u00f6ng me\u00f0 b\u00edtara 300mm 134 U01340003"}]},{"@type":"WebSite","@id":"https:\/\/velarogverkfaeri.is\/en\/#website","url":"https:\/\/velarogverkfaeri.is\/en\/","name":"V\u00e9lar & Verkf\u00e6ri","description":"Umbo\u00f0s- og heildverslun fr\u00e1 \u00e1rinu 1919","publisher":{"@id":"https:\/\/velarogverkfaeri.is\/en\/#organization"},"potentialAction":[{"@type":"SearchAction","target":{"@type":"EntryPoint","urlTemplate":"https:\/\/velarogverkfaeri.is\/en\/?s={search_term_string}"},"query-input":{"@type":"PropertyValueSpecification","valueRequired":true,"valueName":"search_term_string"}}],"inLanguage":"en-US"},{"@type":"Organization","@id":"https:\/\/velarogverkfaeri.is\/en\/#organization","name":"V\u00e9lar & Verkf\u00e6ri","url":"https:\/\/velarogverkfaeri.is\/en\/","logo":{"@type":"ImageObject","inLanguage":"en-US","@id":"https:\/\/velarogverkfaeri.is\/en\/#\/schema\/logo\/image\/","url":"https:\/\/velarogverkfaeri.is\/wp-content\/uploads\/2021\/10\/vv_logo_350x100.png","contentUrl":"https:\/\/velarogverkfaeri.is\/wp-content\/uploads\/2021\/10\/vv_logo_350x100.png","width":350,"height":100,"caption":"V\u00e9lar & Verkf\u00e6ri"},"image":{"@id":"https:\/\/velarogverkfaeri.is\/en\/#\/schema\/logo\/image\/"},"sameAs":["https:\/\/www.facebook.com\/VelarOgVerkfaeri"]}]}},"_links":{"self":[{"href":"https:\/\/velarogverkfaeri.is\/en\/wp-json\/wp\/v2\/product\/53207","targetHints":{"allow":["GET"]}}],"collection":[{"href":"https:\/\/velarogverkfaeri.is\/en\/wp-json\/wp\/v2\/product"}],"about":[{"href":"https:\/\/velarogverkfaeri.is\/en\/wp-json\/wp\/v2\/types\/product"}],"replies":[{"embeddable":true,"href":"https:\/\/velarogverkfaeri.is\/en\/wp-json\/wp\/v2\/comments?post=53207"}],"wp:featuredmedia":[{"embeddable":true,"href":"https:\/\/velarogverkfaeri.is\/en\/wp-json\/wp\/v2\/media\/81002"}],"wp:attachment":[{"href":"https:\/\/velarogverkfaeri.is\/en\/wp-json\/wp\/v2\/media?parent=53207"}],"wp:term":[{"taxonomy":"product_brand","embeddable":true,"href":"https:\/\/velarogverkfaeri.is\/en\/wp-json\/wp\/v2\/product_brand?post=53207"},{"taxonomy":"product_cat","embeddable":true,"href":"https:\/\/velarogverkfaeri.is\/en\/wp-json\/wp\/v2\/product_cat?post=53207"},{"taxonomy":"product_tag","embeddable":true,"href":"https:\/\/velarogverkfaeri.is\/en\/wp-json\/wp\/v2\/product_tag?post=53207"}],"curies":[{"name":"wp","href":"https:\/\/api.w.org\/{rel}","templated":true}]}}