{"id":53179,"date":"2023-10-19T12:27:40","date_gmt":"2023-10-19T12:27:40","guid":{"rendered":"https:\/\/vv-dev.webdev.is\/?post_type=product&#038;p=53179"},"modified":"2026-03-05T16:02:14","modified_gmt":"2026-03-05T16:02:14","slug":"usag-krafttong-136-m-200mm-med-rennslu-a-efra-kjaft-u01360511","status":"publish","type":"product","link":"https:\/\/velarogverkfaeri.is\/en\/verkfaeralausnir\/handverkfaeri\/tangir\/product\/usag-krafttong-136-m-200mm-med-rennslu-a-efra-kjaft-u01360511\/","title":{"rendered":"USAG Kraftt\u00f6ng 136 M 200mm me\u00f0 rennslu \u00e1 efra kjaft U01360511"},"content":{"rendered":"<p><img decoding=\"async\" src=\"data:image\/png;base64,iVBORw0KGgoAAAANSUhEUgAAAYAAAABnCAYAAAAJ8ZUxAAAAAXNSR0IArs4c6QAAAARnQU1BAACxjwv8YQUAAAAJcEhZcwAADsMAAA7DAcdvqGQAACIQSURBVHhe7Z3da1tXtsDXTUoH3CEcGhGM7IKIFZrSYDJjYRwoIoXhIkEfEu5L5mJI0t5HP\/bRDwP1X9D62TGtHlImtMEPluq5tEZwE40rgxGmCblKr3DkNBg5c\/BM3dIJk7vW\/jhnn6Nzjj4sx0q1fq3q87nP3mvvvdbea5+e9W\/PEWAYhmEGjmPqL8MwDDNgsAFgGIYZUNgAMAzDDChsABiGYQYUNgAMwzADChsAhmGYAYUNAMMwzIDCBoBhGGZA6RMDUIbc3BzMOb95KGyrU31CPT+v8pbD3L5gtgswb8iknOtNPur5nFfO4jlzMJ+vqwO9Aus3582tKIPvWL8j2oCT5zoU5ucgt652I6H27dafbEuH18YPKtumdtGHBLfdg8v0sOum3+gDA0AdqQD2xDWYnZ2Vv6wF5W\/6SDlg47q9bkFG5G8aUurw0UDK2cJ\/YzAsD3RJHTYf2mrbi3VqVG31iPX7UFObjMaC2Ija7CvC20X\/cNh57Ne66T1HbwC2N6FqW5AcN5TOxDTMTh+tmvXwpAH2gRVurxiF1PQMzM5kcOsgPIGGvw+NZGAGjdz0hNrvEfWdflcoL5bRLNbfkQ8kwghoF33H4eWxv+um93T8LaCdnR3I5\/Pw6NEjeOONNyCbzcKpU6fU2W6g6XEBaolMqNKnadniuq5xC1LXZyAzQveVIJZNQjVfBjqbyErl5b0+gSN3qlCaaSxCdewazGSV6lzPwVzeVunJQzR9LoCbF29aiJWCa0L5qnyrw+5xhKajNxowlQUo5OkKnWc6qfHd7ym\/zGtZPdZKJABqNiRVGiJPu1PyelEGUGWUeMog8iLlQ1g405oZ3\/Qcc\/OnZKqeQ+mUTmYg+bDg5oXu1\/Lzpa3R9UCIvJjDf1VOmccUpOxycNo++XjPaXR+p6BxQ1\/rlXVw28HN0DoKrxeP3FUdNS64ZQ1ud4RXrqLO7sac9uKVkb5P3WO0byGDU6tY3+pis80Z6PrP4H91um3Jtqk+SSZStmDUqSwnzYh1+bx9K1wOiO8ZbltpLq98vluXgsA84jVY1vkbVUhOWFBe1yXzPjsyXxpf3fhlpduDSOthsuk68mQ4cnb65kVoGP05rN6OguN\/QtR2W9y6dUsof2Jvb08YhPPnz4v97ojD6z9WYOPeJhSLRfxVYH9sEpIn5Fm3sc3AlXQa0uk4VP\/nASTPAFSKm\/BdIw5XPnwf3sNz4\/GA61+rwMIXj+H05O\/h98e3YKXyD9xOAiVf\/noJZx8\/w\/7x0zB5RhyBr5cakLx8yXn+iTOTmMYWFBtY2fQcca9b2R9+8B7mKQ1DD27CreK+TPvvVVjb+A42n6GymLmC593yaMq5BaE8Zq5QmU7DfvEWlI7LMpRzH0PxZ2wkqlzx7SKUfkBJ\/U6ms1ddg42fRiFNF\/9QgWIVIJkeR0lKHleKgF0Bz\/8LCp8uw9O33XzG9x7A3ptp+EN6CLaKWNbrH8L77+n8PUaZ1mFIPYfS2bzXgPgf6RqSJcqvuKHqBzs9pv2vd40yVDbgVdzXioKIj6fhNNXvby5KWVCeEZHH2n5I2n75noanXy068nGh\/GIb2HgGU6q+T\/+4Bst3nsp6QGXx6Z3XnfaRfu0B3PwLtYXwOoqqF4\/cYQ+qa5jfN1q1O2ovXrmKOqsPwXk6h0pioWy271\/g8Xoc4nFVNqd9D8GDz2\/Bkm6HlLe1Zbizq9uui5RtFZ7pcoztw9ryMjx4jfIaIds3kzDZ1C5k\/1zdOqbKXYc7X5Xg8c82PBPp4aHtO1AovQpTH7wD\/4qSg1LeFip9Kd8hqCx8AY9FnfvLi31qawWKG6pPiZIhJ4LyiMdFfX4P3\/9G1ye1x1UoPhgS+Y6uHwOzbnA3rD28kz4GWysV+IfWVetfw1LVhp9\/esVJk\/RLY+wSpKq3Yflv55z+nB6x4cHfsY49Dz4aOnYBaeWv8e93g5x2zcI1tN6Atr18Qy9ESl+fNXHRsNSjkMm6e4kLpiWV1yeyhmUX91ZhkxZ1hmNg2Woblfj9Go4Csgmwd5\/QAazE+1CzknDOHHEEIa5LwSVjRJp6N2WkTeDIBI+FkZo2FeUoxLDo9g6VmfKF9152yzU6nsTUuscpHzI6keps5JGYckdgE2dx3GRDQyTXg2l4WNpN8sU6v5CA2r3gdSGzvoWsdD2QS8scaYn6b2DONc11FF4vUbRody3BcjvX4azIMKBu+x4WebHGzql9lTejbj3gSNUpB8phiiaRJL8OZUuMnsIH1e5jy0TIZYt5zGBf1XKpV6pgJ87i0Wg5yOuMfOGZi7hdrbjyNftz6i3MtKe+WmHW5yicGyMBNTBX3ddPeHug+rCdvJfv1TD9DCSc\/Mp+7Li2zXKMYB230jEviFfU37Yht4+p9Gm\/VwhDgFNyOb3axGqLCSXT\/qKkVEq1\/JyYepkkSPoT5yBplWWlPcGOgI2WKvd+nho3Ng2sRGvsotMAw5A+7Zjc0YygcsFUhAJrc7HA7x6xTuJ\/thtieutLvUuwc8\/MQgyfM4ejPtFB\/FPqrkkB9g0cTRqypumx01m6R8jXrsHinE8pWTFsE1SqCMx6oHI2uQxQqbQgsF4iadHuouRN613DlEe8l\/YNl9Nh0JVsyTjnC3B\/HZv2Dk43aVQ7DlD6kvooSOV6gfKMco+Qw5NdOllQbdFACOkwOUD9IMHtQRqYstBTT8Rg8izV2z0ppxTIweRFTHt0BPXaqRyWm1xzeL\/pJjpiOjYA5PP3rwH0GjHieEhbctRTFRa3HYHJ68Hwy3pRlYajpvIuWuy3psXRswmqNOwQZLHfbf0cN38GQnHj\/W0pf9dnOjstn0eNrCS2eg+NYoRKIZ\/kjRzEgnyfXVDOSd9wL5S+iZAvdp6u\/KRmPTg+WFV+YQwatBVCt\/XSqt21QCy+Z3BDPn8+P4wKQp7qDXU5kBob7lK2KdFHSjtlVPYAyct4Jyq2JNyGTVR2VTsBU6Lc0XKo79BJvYbiJ3wGcnC6rZ\/o9iBmm+s4ssefGEzSQZy1FHA2VQbfYJIMvXg2ueAWIXeqy7bSYzp2AdGC79WrV4XLhv4ebAEYoU46X0BRa1Dod0l4NNWVCtteX3WbB3biXOh76vL62l0zPUxx290TlYajkAJZbFUBNNWs3S2B3Y77h6ARkV2G20Y+6LXVtu8XIxLzzSeaLqrNEZql2J7XYEXaarsJcmvgWdeFYKSFlMmwmfTwbSYhNxpVif8\/Qv168W6\/ku+q5x17nMiHTNdNF41ZD2K0K1wTEuGCUNvBRNRLJK3bXSjbqCx85erJa7jC9aGg\/qPL1aFsNVTX9noBJaLbOJUZlf9d7f7Rx8LlIPteyff+PjloDptu66dFexB9tSZeIki8pVoZyRfLWDLvwz7o7RUWxPrjlcLOZwC9pgxnIWMVPFNSc4pEbqHMLk6d1PSJhJeYkNPVIOj6a+RCwus1lpXAUcu0dH2ISsMKsVzFoKe49oT2r7ZCuz8WYU53pI5W9sn3WYJFnPbLUicgRT5VsU1umww0cJqsp8rCt4iNKhAcPV6awPL60qrt0jZOydGwzWHZJOQCmlZ5lKO6grrPfHOnLWg0TW9L4GzCKbMYYVMHT3ncTKLj31DlUXKKJsC9hHm3JqZgZiRg9PjwNqatVLtZD9kpSBhytCZSKJ2oGUBUvUTTst2FUH9yH0pYP7qGeuVGs6wG3Ma86LxT\/cp8tJJtSLsQfaQGtrMGIeuVlJt0\/0ii5YAzneuGu4uwsD+PXYLpjmY8AXlsoVC7q59W7UEalvK65QwmnbzZKWcwWN5Bg4Bt0OmFqN+mI9rEi4RDQr6EiDUS53XEI8JxrxjuJDrmeYXusJFvtJivKDLMgXjhbfhoYQPwUiEVXk2M5Hu1mNs98tU6Y3zc0SyoF7ABYHqF9PfTu\/odz4ZfYtgAMAzDDCh98jE4hmEY5kXDBoBhGGZAYQPAMAwzoLABYBiGGVDYADAMwwwobAAYhmEGFDYADMMwAwobAIZhmAGFDQDDMMyAwgaAYRhmQGEDwDAMM6B0HBP4UKEv8S1UYMiIb\/vSQ59I\/rgAT404x72BPl71MdxcKUJxS8Y9PRrog2wLsNRWHuhaHQNWHRLINCo6xqwfIcObsPZjc\/xbP\/SBuo+\/UjGB1bGDINL7q46HG5b\/3kDBRhaWKC62\/rnxsXtdrsNClmErpA+rNrvmi\/N7iHjk1kE7Oizq+RzcGRrvSfvxts3u4BnAS0o9fxvKVkYE5jnSz0JTcA8KMnXy8CNc9CRQSj9CimmO4l2o+tS\/rAXlGzk0Oy8PqekMJKAmwiI2QfGEbcsT7\/ooOLp2JGMT9xNsAF5SKL7qi1C6LRlJwfTM7OHGOBUhE3+tn+jFUfGXZREsvcmQUxjBHoXvfHFQQBRoir5FdBY17xA48nYkYxP3Ex1\/DnpnZ6cpJvCBw0JqmoKMyO+9O1HYVCehqc\/iQzOuqbzONoMtG2nhSSOoc8IbxIQQkawaMJUFEd6NoG+CX9wxvnfv6aDB+ZK43xUnrAT1BhuSzvf7vfdGBYim6bSbbx0DwJs+0ZSGKLtzo\/N9cyG33Sm4drIUUi7fM33f9xf3O9\/\/9+anYcRbDb6OtqnsJYg1xTKQMoGJFNjrOvxl1H0++StIDpfgtmgbKYr6pi8IUq4efOkZ12uZyf3m\/HvLqmWt6ohmaOZzm9o3Itpe1WgfwYjnRJRLxKo9mYHkw4JsG845X9nMOu243cvnhLUPh8AyyXw4sRtC2qgj42wSqvmgthDVvhDxbPc+2f20rjDrT9YRxft1+o4v300yFeWNwaojT9+zNUFlE4H\/db4I915vefz6yVt\/Zl\/3ts0uIQPQCYuLi88\/+ugj50f7PaP8Gab52fNv1e63n330\/LOy2nn+6Hn+E73\/7fPPPvrkeb4uTqj7MD+f5PEqCd37yTLu+dKke7910lTU888\/ofs\/U1f598Xz3LyE50ueM\/PxaPkTfL7Oq0xH5EvgvdfEn44sh1tmp3xNePNKfFuW5ZB5Me9rLldT3pUM5L2mHDHvy7TnKwPJzp9vZ99Xbw4yH\/76C7vPX3ZzX5fRkx+fPPzQ\/e55b3lMGfjz0SQT81li2yxrSF03tc9gWpVLyKtJtlKuflk5clVpdNLuw9qHF1lW85xXVpSuX27mOe9zmvJsnGtuX2Z5VT4857WM5DlTNjIf3nbm73PmviiTmReBV2aE7n\/e50ua2lAb5dFph8u\/fTp2AdHI38S\/30tS0+6okuJvUmR\/GQCcovzbUK3ISWb5Xg2tbAYSdgMnWeII3K+ZwZzNoOkpSDlpmqBFfldZ0hEKtI62WAd6Fs9zg4+H50s+1\/Rxini4ahvW70MNRxGXnNH6KGQuJKB2z+\/lbU4HJi7i6M8tcyvMQOkpHFk7eJ6vpuvi+QF5p5i6tft4RvouLcqDOifyng0YedA02xwVUtB6p16iSVxw76Mg5BTYvPm+eutpNJbxoq4fEQParR8RC1f95lVQ\/\/D6jELKJJE1RmtY9iktT7Ft1JcIzJ4AN3ZsF4SWS5GY8o5Gm9oblhXbuGVXYdPpD+22+6j24Ue2a3DO+dsPxSU25UbPNftoRFuIal8B\/Yti9h4IQ6bDJzEtw4U1eoqEE9y2Q\/ufh4A2JGSk6qdtfdE9HRsAcvuY+Pd7DU3DdId13SGyYu2HmyhCapjUsUiZqcUnIThVUeRHvY7TSQpETenkeiO8wHxtN4wpXjP1HTxrl0Vgan2vmCpiI\/Kom8B0lGLabaVKqXNdw2nronpG9CKiaNT0fPFMG8paTuJHU0\/qmNJ32fbiGU2ldRqeaW8voKD5ZvlQ\/rZXyYVDsnEXWU23WXA7iyLYn+vIE7dJcdmk+HGbBileA6ogBSZkrPZ7iGhvfrSybdWM\/ES2D3WNCQWRx7MlMrJq8dcdkBGmMTZcVO0Q0r4Cy\/vC6aT\/yTZUy2s50I\/cu7J+2tYXB+AV9bdtyOfvXwPoFaLAqLjl0qbro5udlg1H+OTEFqoBGlmvo\/XFXy1xFqbpIHa4AlrHMjYna+wiqgqFWPzJ4IZMcz4\/HOp3b010vqIQIwYsX6Df1ER00qra0ciRrzXWzsIvKclZECUmP+F8AYbxmUHQYjJYMRhFY2nhP8G+aCwzZr0qRjUt5Ob4uWelshN+1YY41SvoDSgh\/67r0KTb+pSjY3\/JHHnSDin8u4tQyuWwlydgSqXvQYzksc1+U4bMQXy5AYj29lDtaIQix3ru9P0B0SbD2kcQNFspwSIO0gq7qKQTGfc+x9eOMy9xTPrm2+IFtK+DE9z\/mmtftiEw1s88rEfri14YgY5nALTge\/XqVTGCor89WwDG4ohp4tg5VViyjuaogUb6apMQHacmFq+cKSuNOmolKJn3bWPn8o1QDvYaWES+RJ5wlISdWSPefFDbIn9o0Vc9r8jVcfStNh1oNoPpfGm8SSFcCOZzw8A50bqvaWiFRJhTVuw8Jcy7lJ96ppF3or4tlb6YcanRrADvzSkXiokw4miQtSqrV6pu+XsEGX9Yd2cA4oedrLsO0aKdhSJlUssbIzyPPAk5ZbdreDBo9C\/Aay6nwKoVmmanpDy6Lxei2ttto566fxMnqn0EIwZp+HxatHZlgjxBI2TmgWbsarMVUe1LP8\/tX7Qd1vqaZ9S9aast+p8H1YZ8b0w5Mm1bX3RPxzOAXuNZAac3DpxRnRpB4JRTNrkEpCZo8qqRwiujlXT9qtRIC8IloBtX\/cl9nIbiMbkrnxFkbdsmKl9k+TPQwCktTWsJsTaBRklC00N6KYmmcuoQjasmpmBmxKseyC+NF+L0T3c4K\/iNAz\/bT+A+NqiCkz69VWCkjQaqhM\/X8nDfvnCfqfNOWFYKpmZGIZXFZ+\/ifc69FiQmYtgcvUNJ4Rc2ym9NpDAHvRyh4WiR3lzRI0CBfFNidT0DF9WR9mnVzsIZRZlcA2y\/IfIUUCfO2xCLMtxihnpOzERM2Yu3Ti6fUzvdoNsbpquVCKXZagYaQmT7UPsexDpIWfRHZ+2CUDMjp20nUmJ9qx0i2xfJMdvAvqX7F7b9bAIVrDjbBP0\/C\/eb0vLPvDsksv8p\/aTammgr1IZIB2Ib0lhWApKXp7Gvt68vuqXj10CZlxdhbD2vz76EOO4DwxgqN8CU\/\/XePkDI\/KCv6jHMIcEGYID4VRgAwveetRxl9Z\/yl\/m025u5McwRwAaAYRhmQOFPQTAMwwwobAAYhmEGFDYADMMwAwobAIZhmAGFDQDDMMyAwgaAYRhmQGEDwDAMM6CwAWAYhhlQ2AAwDMMMKGwAGIZhBpQ++BSE\/B67GeNW4ItF2in0TfcCdJaG\/DIp9ODbLfLrlE78077mcPNaz+dgc5y+bKgOtEm39wVC3+S5G3v5v4HEMD2mb2YAFOxYR2qanb0GKbv5++gvBgti\/OGuHiFjPHROt\/cxDNMJfeoCkt\/6d2OKvhjo++6z\/fhVyZeW4LCJren2PoZhOqFjF9DOzk5TSMiDRQVzQ\/KZYRqbP10sXRXOR4D9gS08nwhOQCJRw2vJBUQBFQpg4wwjOn3E4yqg55Uglk1CNa+jeoUHZREuJ+fx+HyKAqXcKvqb8BkoyGtU3kG4nLSm02k3u2Ska8oyPnnsyuwS3PamTYS4zzx5dD6hrJ43kQJ7PaSc4nv7bmQzf9ATT7q6Xnz3BMrOdw3NAmfGN8Pvi8yHt32ItHR9swuIYQI5\/idEbbfFrVu3hPIn9vb2hEE4f\/682O+OPaiubcDT18\/D5JkT6lgZlj7fBOvd9+GduNzXSvzDD96DdDoNQw9uwq3iPpyeTMIJUgx\/\/g6GUSHMXEnj+V+gslQVYefS4ykYf20LVoo1GEqPg0hOpF+H5B\/\/E36vH0n8UIFifQjOU5rwGCrFTfiuEYcrH74P79Ezt1aguKGeqW4hSEHfujeMCnUGruB16X9WYKlqg3UmDeP4wL3qGmzc24RnF1T+VJ4\/vfO6k3b6tQdw8y+PMe00JH6swOrWMcw75bYOd74qweOfbXj2mkwPtu9AofQqTH3wDvzWn\/bYPlRWi\/BAX6tBJbhQJiOi8ogyerweh3icylmF2k8h5VRK13JkOwSVhS\/g8dgkJFEIQvnbqPTVvad3C7D4V8z7O2mYxGu3ig1IXv8Q3n9PXu+CRuzTZXj6tlun8b0HsPdmGv4QdF9kPvzt4zQ8\/WoRSseVDDz1yjCMpmMXkFb+Gv9+t9ieGK+yMzujO4oZiiPLS8YIPvVuCiy7CpvbqEoolieOet3RIIVeU5sEhaCzanBfhcWr50uYXntxURMX3FFj6i1M1IypK5D+6kTWcB1RGEC16YD594TFo\/B15oh0OIblkWmLYN7a\/bW9CVVMOUNhCkVQdl1eNy6qJ20Rlxizqa71YkPDiSeagpSRn7ByBsmWnlWtUPoUPxdH6Jfde0XIvg5cd2ZM1lGchbg17CUyH03tQ8bird07ijUkhnl56NgAkNvHxL\/fLd5F4Fnh2pibkwG3RSBoPyOoMEmhof54shtw3oMZfFkpbEPhHYwD+KtpVKuNnun2EAZEGixSfDB2DlIUCP3hppt\/M8h2O0xMw+z1JFRvqOe1ucAuZEsByx3jPCfcVkJxbzcwzzaUdZriR24Y09CEQfGTZ4XrSt43D4WIe6LyIdqHXRZxVZ3z5A5EIxZkBhmGkXRsAMjnr5W+XgM4DMRIUilBMSL2I5SPBTFvTPJQRHoUYT+3ikbFNxo\/CsgvrYKbC6N3HWc06hSNbmkGY++UUdkDJCmgOI3scS6wuY4zAjthBMLvABF83H3Laj7fWj0On8Rc0ZqCzqf+0RqDMMLko\/edmw1eJwmCAo2Le7IWGhJp8IOIyodoH7T24D\/HPn+GiaRjA0ALvlevXhUdjP4ebAE4HOGmQRMgFB2NiFF53zYUVvkbHDErN45wWdRK7ggSR9YlZ7FTQ0ofZwE1TLVno39CKms5u5DIvEcjRq2GG0e4ONQ2QWWy1wuoELWrimYxANW7PvdPu2yXoewbYVunWkthFGcelilbYpvmIQSVHWcAWBcmdTzfDuV1n7q3YhBmzyPzodrHqnLxSfBcxIyCYZguFoF7j1wE\/v7\/NqBYLDq\/jR9oUVX71eMwnh6CB5\/fgiV1nvzizlsd8XE4\/eMaLC+vyPtrcbj49j5UfxpVC6mSE0NPobLxKpy\/oheDfTQtAlcB1EKucx4PJZ3FZEl8\/DTsry3D8orMWy1+Ec79VIX9N4xF4L+97lmEPHHmGGwtFZzy1OLnYPiHfYjptOO\/wBY97O1\/hz+oxXHK\/1rpexi+cMXJU3PaQYvqqA7\/92v47z8vwYp43gY8HsbZQIYSaVHOE0mYHHsKhRs31b0k3xrYu1gnmH58PA1DlQVYWFLnqCy1V+AY5ieO\/\/xCC8qr8viWZ2G6DJUvSnBzRdUZPi\/lLMoH3PdmVD7OivZRWVhw5Fks1qB2\/BjKAB\/Ii8AME8hABYWnN1ZKJ72vgzIMwwwqffo\/gvUeelWzUEvAFCt\/hmEYwUDNABiGYRiXgZkBMAzDMF7YADAMwwwobAAYhmEGFDYADMMwAwobAIZhmAGFDQDDMMyAwgaAYRhmQGEDwDAMM6CwAWAYhhlQ2AAwDMMMKGwAGIZhBpQ+MAAU4HwuJEKVPJdzQjnOQ6vIUQIRaauN65rwPq8bRB7bjLZF+cy1EZQllK7L+aIpQ84nE\/oyq474xjDM0dA\/M4AaKsO2FK8FsTajTfU7\/iAwv1ooZq\/alJDRoyhe4QFgGIY5fPrGACQSCajRJ5sjRrOj2RmYdYLEvPy0jmX866A5pvMopKaxLjlkI8McKR1\/DnpnZwfy+Tw8evTIiQl8sLCQ5HZZhMaFWTh7bw4KthHpyzg3TaEhKY7u3ZhxXroSCs7wMiGjiJFr5EYVktd1bNoy5ChYOcWNxXsBDQ0FFJeoe8S273kBkItncXcKrp0suWlQrFqKkYvo855951kUP5fyJJ9TNvQiBcWXgWpUXuVh4zjhvc9Cowk12yinSVA6IO83o6np61QZvPk1ZYMIubrB6800q2NGPg35x74x6wcxn2PIyZ9fEeNX51Gk14ApehYFexf48sYwTMd0PAPQyp+gv7TfK1LT17BDl2GxTR+6UP5kMJxA4Geh0eRTl4rFRmVFI06p\/C1UHuoeocDceL5tUSvAbbiknpmBRJj7ChXX7YdJN38U+PxLetYoZGZmIYP6m5QonTOVv8iruOcaJB8uOmmXc0p5q\/QunbRDXEhh6dBzpYx1fOVyTl3nKP8Q2Sjlb2XVOXo+bGJK0VDQ92sTRkB3R+Gb+POLsrGwHXjqpQaFe2fVeSyDhfvtrrUwDBNIxwZAK3+Nf\/9goIK6nAILFep8y8XRMtzHwaA3wHsKMp6IXzRilopFKtg6bD60IZE1Ro4TF3G7CptNrie6lxYq1c9UNjg6veQ8RwWFvxegjEYyMGPMVmA4BpbdgCdqtwnylXvSRnlcSKi0qbw4g7jspicCpattD5HpSBnD+m0cTeeEAZXXRctGrFdgmheNmdFoNuNeexCa8otSfRfbgW3WC5Ydj0koQD6WHGXZkeFmGMZDxwaA3D4m\/v0DQ0ozmwCbFFTU2y3bDRz9WhALXUW0oXyD3CVmGMgn0MAhcy1vKPY5usaGRpNWptGyO9oNHrlKhk9GKCMaOetnGe6TIISv3MaRr5M3\/JHLg9IW5W2PyHToApTxJVTk5fWaYUCjZSPWK6yYura3NK8RICNoLLHEzfXCMEyv6NgAkM9fK329BtBzJqbhGimoG7dx\/BlCSwVB\/nZys9QMF88wxMgbYbgx9C\/M598OocqR1izId62fcx1HtepUEKOn8CyOhF2XlvqZs4g2aJkOuabWcZQ9QQvv+lXMaNlEGrkDIvLrp6WBZxjmoHRsAGjB9+rVq0Ix0N+DLQCHM5q9BCnLBhyAhqBcL3cNPzEqXL8v3ruuIF0HnnuQ+naHag0VoWN3UJmWyBX1VvMMQYxsE2cdN0nL1z4nzkICR+6rnjLUMX\/4Z+QcJFEe5W9cVxNtB6YXlQ7+LXxJvvwZyGSnpYFsQzbC3eRJE9PJ0bWjwnDYu64l7vj1VpVfvS5BiLJZSTj3K3nll2H6keN\/QtT2EbEH1bUN2H8jDeNxdUhwApKTQ7BVxDnAGXXuhwoU60NwfjKJZwHi46dhf20ZlleKUCzir2qBdeYXGP\/tPqxtPIXXfzcJyROUDl5XvAU3V7Zg+IP\/gnd2C7D4+Yq8B3+1mg1PR8bx2rC8uOxV12Djp5+hsbICK3T\/xmMYxlGznkHI86OQxgROnDkGW0sFWNLPiZ+D4R\/2IZYeB0o+\/s8tTGNV5mNrCO9JwXh6CCoLC849xWINasePweSZs1IeRnrPLmTAqtZhSJRTPl8SD0mnDg8+\/wt8N5yBmYwsYHxcpYnPf+8\/LsHpMNmMJGHytS1Yyi+pcygnKw7WySSk3vHmS5bzqZOvE0NPobJalPKq7MNprD8UtCMnnd8Hn99y0qii2XTeAvp71ahPOqDk\/LfXnbbAMEzndPwa6KAj3pShN3s6dMswDMP0Gx27gBiGYZhfBzwDYBiGGVB4BsAwDDOgsAFgGIYZUNgAMAzDDChsABiGYQYUNgAMwzADChsAhmGYAYUNAMMwzIDCBoBhGGZAYQPAMAwzoLABYBiGGUgA\/h8h7A+AR+JmsQAAAABJRU5ErkJggg==\" alt=\"\"><\/p>","protected":false},"excerpt":{"rendered":"<p>Tegund:&nbsp;U01360511&nbsp;<\/p>","protected":false},"featured_media":81022,"comment_status":"closed","ping_status":"closed","template":"","meta":[],"product_brand":[],"product_cat":[588,786,515],"product_tag":[],"class_list":{"0":"post-53179","1":"product","2":"type-product","3":"status-publish","4":"has-post-thumbnail","6":"product_cat-handverkfaeri","7":"product_cat-tangir","8":"product_cat-verkfaeralausnir","10":"first","11":"instock","12":"taxable","13":"shipping-taxable","14":"purchasable","15":"product-type-simple"},"yoast_head":"<!-- This site is optimized with the Yoast SEO plugin v27.3 - https:\/\/yoast.com\/product\/yoast-seo-wordpress\/ -->\n<title>USAG Kraftt\u00f6ng 136 M 200mm me\u00f0 rennslu \u00e1 efra kjaft U01360511 - V\u00e9lar &amp; Verkf\u00e6ri<\/title>\n<meta name=\"robots\" content=\"index, follow, max-snippet:-1, max-image-preview:large, max-video-preview:-1\" \/>\n<link rel=\"canonical\" href=\"https:\/\/velarogverkfaeri.is\/en\/uncategorized\/product\/usag-krafttong-136-m-200mm-med-rennslu-a-efra-kjaft-u01360511\/\" \/>\n<meta property=\"og:locale\" content=\"en_US\" \/>\n<meta property=\"og:type\" content=\"article\" \/>\n<meta property=\"og:title\" content=\"USAG Kraftt\u00f6ng 136 M 200mm me\u00f0 rennslu \u00e1 efra kjaft U01360511 - V\u00e9lar &amp; Verkf\u00e6ri\" \/>\n<meta property=\"og:description\" content=\"Tegund:&nbsp;U01360511&nbsp;\" \/>\n<meta property=\"og:url\" content=\"https:\/\/velarogverkfaeri.is\/en\/uncategorized\/product\/usag-krafttong-136-m-200mm-med-rennslu-a-efra-kjaft-u01360511\/\" \/>\n<meta property=\"og:site_name\" content=\"V\u00e9lar &amp; Verkf\u00e6ri\" \/>\n<meta property=\"article:publisher\" content=\"https:\/\/www.facebook.com\/VelarOgVerkfaeri\" \/>\n<meta property=\"article:modified_time\" content=\"2026-03-05T16:02:14+00:00\" \/>\n<meta name=\"twitter:card\" content=\"summary_large_image\" \/>\n<script type=\"application\/ld+json\" class=\"yoast-schema-graph\">{\"@context\":\"https:\\\/\\\/schema.org\",\"@graph\":[{\"@type\":\"WebPage\",\"@id\":\"https:\\\/\\\/velarogverkfaeri.is\\\/uncategorized\\\/product\\\/usag-krafttong-136-m-200mm-med-rennslu-a-efra-kjaft-u01360511\\\/\",\"url\":\"https:\\\/\\\/velarogverkfaeri.is\\\/uncategorized\\\/product\\\/usag-krafttong-136-m-200mm-med-rennslu-a-efra-kjaft-u01360511\\\/\",\"name\":\"USAG Kraftt\u00f6ng 136 M 200mm me\u00f0 rennslu \u00e1 efra kjaft U01360511 - V\u00e9lar &amp; Verkf\u00e6ri\",\"isPartOf\":{\"@id\":\"https:\\\/\\\/velarogverkfaeri.is\\\/en\\\/#website\"},\"primaryImageOfPage\":{\"@id\":\"https:\\\/\\\/velarogverkfaeri.is\\\/uncategorized\\\/product\\\/usag-krafttong-136-m-200mm-med-rennslu-a-efra-kjaft-u01360511\\\/#primaryimage\"},\"image\":{\"@id\":\"https:\\\/\\\/velarogverkfaeri.is\\\/uncategorized\\\/product\\\/usag-krafttong-136-m-200mm-med-rennslu-a-efra-kjaft-u01360511\\\/#primaryimage\"},\"thumbnailUrl\":\"https:\\\/\\\/velarogverkfaeri.is\\\/wp-content\\\/uploads\\\/2026\\\/03\\\/d76a9080-cb02-4bac-b4e7-577048f5bae6.png\",\"datePublished\":\"2023-10-19T12:27:40+00:00\",\"dateModified\":\"2026-03-05T16:02:14+00:00\",\"breadcrumb\":{\"@id\":\"https:\\\/\\\/velarogverkfaeri.is\\\/uncategorized\\\/product\\\/usag-krafttong-136-m-200mm-med-rennslu-a-efra-kjaft-u01360511\\\/#breadcrumb\"},\"inLanguage\":\"en-US\",\"potentialAction\":[{\"@type\":\"ReadAction\",\"target\":[\"https:\\\/\\\/velarogverkfaeri.is\\\/uncategorized\\\/product\\\/usag-krafttong-136-m-200mm-med-rennslu-a-efra-kjaft-u01360511\\\/\"]}]},{\"@type\":\"ImageObject\",\"inLanguage\":\"en-US\",\"@id\":\"https:\\\/\\\/velarogverkfaeri.is\\\/uncategorized\\\/product\\\/usag-krafttong-136-m-200mm-med-rennslu-a-efra-kjaft-u01360511\\\/#primaryimage\",\"url\":\"https:\\\/\\\/velarogverkfaeri.is\\\/wp-content\\\/uploads\\\/2026\\\/03\\\/d76a9080-cb02-4bac-b4e7-577048f5bae6.png\",\"contentUrl\":\"https:\\\/\\\/velarogverkfaeri.is\\\/wp-content\\\/uploads\\\/2026\\\/03\\\/d76a9080-cb02-4bac-b4e7-577048f5bae6.png\",\"width\":625,\"height\":666},{\"@type\":\"BreadcrumbList\",\"@id\":\"https:\\\/\\\/velarogverkfaeri.is\\\/uncategorized\\\/product\\\/usag-krafttong-136-m-200mm-med-rennslu-a-efra-kjaft-u01360511\\\/#breadcrumb\",\"itemListElement\":[{\"@type\":\"ListItem\",\"position\":1,\"name\":\"Home\",\"item\":\"https:\\\/\\\/velarogverkfaeri.is\\\/\"},{\"@type\":\"ListItem\",\"position\":2,\"name\":\"Vefverslun\",\"item\":\"https:\\\/\\\/velarogverkfaeri.is\\\/vefverslun\\\/\"},{\"@type\":\"ListItem\",\"position\":3,\"name\":\"USAG Kraftt\u00f6ng 136 M 200mm me\u00f0 rennslu \u00e1 efra kjaft U01360511\"}]},{\"@type\":\"WebSite\",\"@id\":\"https:\\\/\\\/velarogverkfaeri.is\\\/en\\\/#website\",\"url\":\"https:\\\/\\\/velarogverkfaeri.is\\\/en\\\/\",\"name\":\"V\u00e9lar & Verkf\u00e6ri\",\"description\":\"Umbo\u00f0s- og heildverslun fr\u00e1 \u00e1rinu 1919\",\"publisher\":{\"@id\":\"https:\\\/\\\/velarogverkfaeri.is\\\/en\\\/#organization\"},\"potentialAction\":[{\"@type\":\"SearchAction\",\"target\":{\"@type\":\"EntryPoint\",\"urlTemplate\":\"https:\\\/\\\/velarogverkfaeri.is\\\/en\\\/?s={search_term_string}\"},\"query-input\":{\"@type\":\"PropertyValueSpecification\",\"valueRequired\":true,\"valueName\":\"search_term_string\"}}],\"inLanguage\":\"en-US\"},{\"@type\":\"Organization\",\"@id\":\"https:\\\/\\\/velarogverkfaeri.is\\\/en\\\/#organization\",\"name\":\"V\u00e9lar & Verkf\u00e6ri\",\"url\":\"https:\\\/\\\/velarogverkfaeri.is\\\/en\\\/\",\"logo\":{\"@type\":\"ImageObject\",\"inLanguage\":\"en-US\",\"@id\":\"https:\\\/\\\/velarogverkfaeri.is\\\/en\\\/#\\\/schema\\\/logo\\\/image\\\/\",\"url\":\"https:\\\/\\\/velarogverkfaeri.is\\\/wp-content\\\/uploads\\\/2021\\\/10\\\/vv_logo_350x100.png\",\"contentUrl\":\"https:\\\/\\\/velarogverkfaeri.is\\\/wp-content\\\/uploads\\\/2021\\\/10\\\/vv_logo_350x100.png\",\"width\":350,\"height\":100,\"caption\":\"V\u00e9lar & Verkf\u00e6ri\"},\"image\":{\"@id\":\"https:\\\/\\\/velarogverkfaeri.is\\\/en\\\/#\\\/schema\\\/logo\\\/image\\\/\"},\"sameAs\":[\"https:\\\/\\\/www.facebook.com\\\/VelarOgVerkfaeri\"]}]}<\/script>\n<!-- \/ Yoast SEO plugin. -->","yoast_head_json":{"title":"USAG Kraftt\u00f6ng 136 M 200mm me\u00f0 rennslu \u00e1 efra kjaft U01360511 - V\u00e9lar &amp; Verkf\u00e6ri","robots":{"index":"index","follow":"follow","max-snippet":"max-snippet:-1","max-image-preview":"max-image-preview:large","max-video-preview":"max-video-preview:-1"},"canonical":"https:\/\/velarogverkfaeri.is\/en\/uncategorized\/product\/usag-krafttong-136-m-200mm-med-rennslu-a-efra-kjaft-u01360511\/","og_locale":"en_US","og_type":"article","og_title":"USAG Kraftt\u00f6ng 136 M 200mm me\u00f0 rennslu \u00e1 efra kjaft U01360511 - V\u00e9lar &amp; Verkf\u00e6ri","og_description":"Tegund:&nbsp;U01360511&nbsp;","og_url":"https:\/\/velarogverkfaeri.is\/en\/uncategorized\/product\/usag-krafttong-136-m-200mm-med-rennslu-a-efra-kjaft-u01360511\/","og_site_name":"V\u00e9lar &amp; Verkf\u00e6ri","article_publisher":"https:\/\/www.facebook.com\/VelarOgVerkfaeri","article_modified_time":"2026-03-05T16:02:14+00:00","twitter_card":"summary_large_image","schema":{"@context":"https:\/\/schema.org","@graph":[{"@type":"WebPage","@id":"https:\/\/velarogverkfaeri.is\/uncategorized\/product\/usag-krafttong-136-m-200mm-med-rennslu-a-efra-kjaft-u01360511\/","url":"https:\/\/velarogverkfaeri.is\/uncategorized\/product\/usag-krafttong-136-m-200mm-med-rennslu-a-efra-kjaft-u01360511\/","name":"USAG Kraftt\u00f6ng 136 M 200mm me\u00f0 rennslu \u00e1 efra kjaft U01360511 - V\u00e9lar &amp; Verkf\u00e6ri","isPartOf":{"@id":"https:\/\/velarogverkfaeri.is\/en\/#website"},"primaryImageOfPage":{"@id":"https:\/\/velarogverkfaeri.is\/uncategorized\/product\/usag-krafttong-136-m-200mm-med-rennslu-a-efra-kjaft-u01360511\/#primaryimage"},"image":{"@id":"https:\/\/velarogverkfaeri.is\/uncategorized\/product\/usag-krafttong-136-m-200mm-med-rennslu-a-efra-kjaft-u01360511\/#primaryimage"},"thumbnailUrl":"https:\/\/velarogverkfaeri.is\/wp-content\/uploads\/2026\/03\/d76a9080-cb02-4bac-b4e7-577048f5bae6.png","datePublished":"2023-10-19T12:27:40+00:00","dateModified":"2026-03-05T16:02:14+00:00","breadcrumb":{"@id":"https:\/\/velarogverkfaeri.is\/uncategorized\/product\/usag-krafttong-136-m-200mm-med-rennslu-a-efra-kjaft-u01360511\/#breadcrumb"},"inLanguage":"en-US","potentialAction":[{"@type":"ReadAction","target":["https:\/\/velarogverkfaeri.is\/uncategorized\/product\/usag-krafttong-136-m-200mm-med-rennslu-a-efra-kjaft-u01360511\/"]}]},{"@type":"ImageObject","inLanguage":"en-US","@id":"https:\/\/velarogverkfaeri.is\/uncategorized\/product\/usag-krafttong-136-m-200mm-med-rennslu-a-efra-kjaft-u01360511\/#primaryimage","url":"https:\/\/velarogverkfaeri.is\/wp-content\/uploads\/2026\/03\/d76a9080-cb02-4bac-b4e7-577048f5bae6.png","contentUrl":"https:\/\/velarogverkfaeri.is\/wp-content\/uploads\/2026\/03\/d76a9080-cb02-4bac-b4e7-577048f5bae6.png","width":625,"height":666},{"@type":"BreadcrumbList","@id":"https:\/\/velarogverkfaeri.is\/uncategorized\/product\/usag-krafttong-136-m-200mm-med-rennslu-a-efra-kjaft-u01360511\/#breadcrumb","itemListElement":[{"@type":"ListItem","position":1,"name":"Home","item":"https:\/\/velarogverkfaeri.is\/"},{"@type":"ListItem","position":2,"name":"Vefverslun","item":"https:\/\/velarogverkfaeri.is\/vefverslun\/"},{"@type":"ListItem","position":3,"name":"USAG Kraftt\u00f6ng 136 M 200mm me\u00f0 rennslu \u00e1 efra kjaft U01360511"}]},{"@type":"WebSite","@id":"https:\/\/velarogverkfaeri.is\/en\/#website","url":"https:\/\/velarogverkfaeri.is\/en\/","name":"V\u00e9lar & Verkf\u00e6ri","description":"Umbo\u00f0s- og heildverslun fr\u00e1 \u00e1rinu 1919","publisher":{"@id":"https:\/\/velarogverkfaeri.is\/en\/#organization"},"potentialAction":[{"@type":"SearchAction","target":{"@type":"EntryPoint","urlTemplate":"https:\/\/velarogverkfaeri.is\/en\/?s={search_term_string}"},"query-input":{"@type":"PropertyValueSpecification","valueRequired":true,"valueName":"search_term_string"}}],"inLanguage":"en-US"},{"@type":"Organization","@id":"https:\/\/velarogverkfaeri.is\/en\/#organization","name":"V\u00e9lar & Verkf\u00e6ri","url":"https:\/\/velarogverkfaeri.is\/en\/","logo":{"@type":"ImageObject","inLanguage":"en-US","@id":"https:\/\/velarogverkfaeri.is\/en\/#\/schema\/logo\/image\/","url":"https:\/\/velarogverkfaeri.is\/wp-content\/uploads\/2021\/10\/vv_logo_350x100.png","contentUrl":"https:\/\/velarogverkfaeri.is\/wp-content\/uploads\/2021\/10\/vv_logo_350x100.png","width":350,"height":100,"caption":"V\u00e9lar & Verkf\u00e6ri"},"image":{"@id":"https:\/\/velarogverkfaeri.is\/en\/#\/schema\/logo\/image\/"},"sameAs":["https:\/\/www.facebook.com\/VelarOgVerkfaeri"]}]}},"_links":{"self":[{"href":"https:\/\/velarogverkfaeri.is\/en\/wp-json\/wp\/v2\/product\/53179","targetHints":{"allow":["GET"]}}],"collection":[{"href":"https:\/\/velarogverkfaeri.is\/en\/wp-json\/wp\/v2\/product"}],"about":[{"href":"https:\/\/velarogverkfaeri.is\/en\/wp-json\/wp\/v2\/types\/product"}],"replies":[{"embeddable":true,"href":"https:\/\/velarogverkfaeri.is\/en\/wp-json\/wp\/v2\/comments?post=53179"}],"wp:featuredmedia":[{"embeddable":true,"href":"https:\/\/velarogverkfaeri.is\/en\/wp-json\/wp\/v2\/media\/81022"}],"wp:attachment":[{"href":"https:\/\/velarogverkfaeri.is\/en\/wp-json\/wp\/v2\/media?parent=53179"}],"wp:term":[{"taxonomy":"product_brand","embeddable":true,"href":"https:\/\/velarogverkfaeri.is\/en\/wp-json\/wp\/v2\/product_brand?post=53179"},{"taxonomy":"product_cat","embeddable":true,"href":"https:\/\/velarogverkfaeri.is\/en\/wp-json\/wp\/v2\/product_cat?post=53179"},{"taxonomy":"product_tag","embeddable":true,"href":"https:\/\/velarogverkfaeri.is\/en\/wp-json\/wp\/v2\/product_tag?post=53179"}],"curies":[{"name":"wp","href":"https:\/\/api.w.org\/{rel}","templated":true}]}}