{"id":53178,"date":"2023-10-19T12:27:40","date_gmt":"2023-10-19T12:27:40","guid":{"rendered":"https:\/\/vv-dev.webdev.is\/?post_type=product&#038;p=53178"},"modified":"2026-03-05T16:02:11","modified_gmt":"2026-03-05T16:02:11","slug":"usag-krafttong-136-m-100mm-med-rennslu-a-efra-kjaft-u01360510","status":"publish","type":"product","link":"https:\/\/velarogverkfaeri.is\/en\/verkfaeralausnir\/handverkfaeri\/tangir\/product\/usag-krafttong-136-m-100mm-med-rennslu-a-efra-kjaft-u01360510\/","title":{"rendered":"USAG Kraftt\u00f6ng 136 M 100mm me\u00f0 rennslu \u00e1 efra kjaft U01360510"},"content":{"rendered":"<p><img decoding=\"async\" src=\"data:image\/png;base64,iVBORw0KGgoAAAANSUhEUgAAAYIAAABiCAYAAABdydS\/AAAAAXNSR0IArs4c6QAAAARnQU1BAACxjwv8YQUAAAAJcEhZcwAADsMAAA7DAcdvqGQAACHwSURBVHhe7Z3daxxHtsDPtUMWlMU08WDESIHBGhOHGOFdDUaGMCiwXGYgDzL3xXsR2E7uox7zqIeF6C9I9GyLRA8OaxKjB81Ee0nEwLVnlRGIQcRCd5w7yCPHiJG30W6UkA3re059dFf3dPe0RiNL9pzf7kT9WV11quqcqlPtPv\/2DAGGYRimZzmh\/jIMwzA9ChsChmGYHocNAcMwTI\/DhoBhGKbHYUPAMAzT47AhYBiG6XHYEDAMw\/Q4bAgYhmF6HDYEDMMwPQ4bAoZhmB7nCA1BBeamp2Ha+c1AcUudOiY0CjMqb3OY2+fMVhFmDJlU5rqTj0Zhzitn8ZxpmCk01IFugfU7582tKIPv2HFHtAEnzw0ozkzD3IrajYTat1t\/si0dXhs\/qGxb2sUxJLjtHlymh103LwJHZAioQxXBHrkOU1NT8pe3oPLNMVIS2MjurliQE\/mbgIw6fDSQkrbw\/wnolwc6pAFrD2217cU6M6i2usTKOtTVJqOxIDGgNo8V4e3i+HDYeTyudfN8OBpDsLUGNduC9LChfEYmYGriaNWthydNsA+seLvFIGQmJmFqModbB+EJNP19aSAHk2jsJkbUfpdobB93xfJ8Gcxj\/R35gCKMgHZx7Di8PB7vunk+xPr66Pb2NhQKBXj06BG88cYbkM\/n4cyZM+psJ9C0uQj1VC5U+dN0bXZF17wFmRuTkBug+8qQyKehVqgAnU3lpRLzXp\/CkTxVLM08ZqE2dB0m80qFrszBdMFW6clDNK0ugpsXb1qIlYHrQgmrfKvD7nGEpqm3mjCaBygW6AqdZzqp8d3vKb\/Ma0U91kqlAOo2pFUaIk87o\/J6UQZQZZR4yiDyIuVDWDjzmhxe8xxz86dkqp5D6ZRP5yD9sOjmhe7X8vOlrdH1QIi8mNMBVU6Zxwxk7Epw2j75eM9pdH5HoXlLX+uVdXDbwc3QOgqvF4\/cVR01L7tlDW53hFeuos7uJ5z24pWRvk\/dY7RvIYMzS1jf6mKzzRno+s\/hf3W6sWTbUp8kEylbMOpUlpNmyLp83r4VLgfE9wy3rbSWVz7frUtBYB7xGizrzK0apEcsqKzoknmfHZkvja9u\/LLS7UGk9TDdch15Nhw5O31zDJpGfw6rt+PCyT8hajuUO3fuCCNA7O7uCsNw8eJFsd8ZSXj9xyqsPliDUqmEvyrsDV2C9Cl51m10k3A1m4VsNgm1\/9mA9DmAamkNvmsm4eqH78N7eG44GXD9a1W4+cVjOHvp9\/D7k5uwWP0HbqeBkq98PY+zkZ9h7+RZuHROHIGv55uQvjLuPP\/UuUuYxiaUmljp9Bxxr1vpH37wHuYpC30bt+FOaU+m\/fcaLK9+B2u\/otKYvIrn3fJoKnM3hRKZvEplOgt7pTtQPinLUJn7GEo\/Y2NR5UpulaD8A0rqdzKd3doyrP40CFm6+IcqlGoA6ewwSlLyuFoC7BJ4\/l9Q\/HQBnr7t5jO5uwG7b2bhD9k+2CxhWW98CO+\/p\/P3GGXagD71HEpn7UETkn+ka0iWKL\/Sqqof7PyY9r\/eNcpQXYVXcV8rDCI5nIWzVL+\/GZOyoDwjIo\/1vZC0\/fI9C0+\/mnXk40L5xTaw+iuMqvo+++MyLNx7KusBlcan91532kf2tQ24\/RdqC+F1FFUvHrnDLtSWMb9vtGt31F68chV11uiDi3QOlcXNitm+f4HHK0lIJlXZnPbdBxuf34F53Q4pb8sLcG9Ht10XKdsa\/KrLMbQHywsLsPEa5TVCtm+m4VJLu5D9c2nzhCp3A+59VYbHP9vwq0gPD23dg2L5VRj94B34V5QclBK3UPlL+fZB9eYX8FjUub+82Kc2F6G0qvqUKBlyKiiPeFzU5\/fw\/W90fVJ7XILSRp\/Id3T9GJh1g7th7eGd7AnYXKzCP7SuWvka5ms2\/PzTK06apF+aQ+OQqd2Fhb9dcPpzdsCGjb9jHXsefHyI5RrSRkDj3+8EOR2bgutozQFtfeWWXrCUvkBrZMyw3IOQy7t7qcumZZXXp\/KGpRf31mCNFn\/6E2DZahuV+XodRwX5FNg7T+gAVuY61K00XDBHIEGI6zIwboxQM+9mjLQJHKngsTAyE6bCHIQEFt3epjJTvvDeK265BofTmFrnOOVDBkcy+xuJpEbdEdnIeRxH2dAUyXVheh6Wdot8sc4vp6D+IHjdyKxvIStdD+TqMkdeov6bmHNNax2F10sUbdpdW7DcznU4SzIMqdu++0VerKELal\/lzahbDzhydcqBchilSSXJb5+yJQbP4IPq69gyEXLlYh5z2Fe1XBrVGtip83g0Wg7yOiNfeGYMt2tVV75mf868hZn21Fc7zPochAtDJKAm5qrz+glvD1QftpP3yoM6pp+DlJNf2Y8dl7dZjgGs43Y65gh5Rf2NhNxBpvKn\/W4hDAJO1eW0aw2rLyGUTfzFS6mc6oVpMSUzSVEtjFyAtFWRlfcEOwQ2Xqrk9QI1cmwiWJnW0JjTEMOQPu+E3NEMoJLBVIQii7mY4HebWKfxP1tNMe31pd4h2MknpyCBz5nGUaDoKP6pdsdkAPsIji4NWdO02ek0nSPka9dhdtqnnKwEtgkqVQRmPVA5W1wJqFzaEFgvkbRpd1HypvWwfsoj3kv7hivqMOhItmSkC0VYX8GmvY3TTxrlDgOUv6Q+ClLJXqY8o9wj5PBkh04WVVs0EEI6TA5QP0hwe5CGpiL01BMxqDxP9fZAyikDclA5hmkPDqBeOzOH5SaXHd5vuo+OIbEMAa0J+NcIuo0YgTykLTkKqgkLHEdw8now\/LZeVOXhKKqygxb8rQlx9HyKKg87Blnwd9s\/x82fgVDgeH8sI+D6VKcm5POosZXFVvehUY1QLeSzvDUHiSDfaAdU5qTvuBvK30TIFztRR35Usx4cH60qvzAKTdoKodN6adfu2iAW6XO4IZ8\/U+hHRSFPdYeGHFAN9Xco24zoI+XtCip9gPQVvBMVXBruwhoqvZqdglFR7mg5NLbppF5j8RM+Izk4ndZPdHsQs88VHOnjTwwq6SDOYoo4u6qAb1BJBl88m1xzszB3psO28hyI5RqiheFr164JVw79PdhCMUKddaaIIteg8O+TEGkKLBW3vbLkNhPszHOh77nL6+v3zfQwxS13T1QejkqKZMFVRdAUtH6\/DHYctxBBIyS7AneNfNDrrrHvFyMU800pmkaqzQGatdie12dF2mq7BXJ34FnXtWCkhVTIwJl08e0nITcaZYl\/X6F+3fi3AUq+S5539HGCHzKNN103Zj2I0a9wWUiEa0JtBxNRL5G0b3ehbKHS8JWrK6\/vCpeIgvqPLtc+ZauhurZXiigR3capzGgE7mu3kD4WLgfZ98q+9\/\/JcXPYdFo\/bdqD6Kt18bJB6i3Vyki+WMayeR\/2QW+vsCBxPF5BDCTWjKDbVOA85KyiZ6pqTp3IXZTbwSmVmlaREFMjchobBF1\/nVxLeL3GslI4ipmQLhFReVgxlqsg9NTXHtH+13Zot8gsTOsOta83Acg3WobZW9OqgaQgQz5XsU3unBw0cfqsp9DC94iNKxAcTY6PYHl9adV3aBun6mjgprFsEnINTag8ylFeUd1nvukTCxpd09sVOLtwyixG3NTRMx73k1AAt1R5lJyiCXA7Yd6tkVGYHAgYTT68i2krFW\/WQ34UUoYcrZEMSidqRhBVL9G0bXchNJ6sQxnrR9dQt9xrltWEu5gXnXeqX5mPdrINaReij9TBdtYoZL2SkpNuIUm0HHDmc8NwgxEW9uehcZjY1wwoII9tFGtn9dOuPUgDU1mxnEGlkzc74wwKK9toGLANOr0Q9dtERJs4ajh4\/QuCWENxXmM8Ihy3i+FmomOeV+8OG\/kGjPlqI8MciOfeho8fbAiOPVLx1cXIvluLvp0jX8kzxsv7mhV1AzYETLeQ6wH0rv++Z8cvGWwIGIZhepwj\/OgcwzAMcxxgQ8AwDNPjsCFgGIbpcdgQMAzD9DhsCBiGYXocNgQMwzA9DhsChmGYHocNAcMwTI\/DhoBhGKbHYUPAMAzT47AhYBiG6XFixSw+VOjLfzer0GfE333hoU8zf1yEp0Yc5u5AH8n6GG4vlqC0KeOyHg304bebMB8rD3StjlGrDglkGlUdA9ePkOFtWP6xNT6vH\/oQ3sdfqZjF6thBEOn9VcfrDct\/d6CgJzfnKW63\/rnxu7tdrsNClmEzpA+rNrvsi0N8iHjkto92dFg0CnNwr2+4K+3H2za7B88IXiAahbtQsXIiQNCRfo6agoxQ0KvThx9poysBW44jpKCmKd6Gqk\/9y1tQuTWH5ufFITORgxTURbjGFijesW154nEfBUfXjmTs5OMOG4IXCIr\/+jyUb1sGMjAxOXW4MVhFKMeX9dPAOEr+siKCurcYdApv2KWwos8PCswCLdHAiP1F8TsEjrwdydjJx51Yn6He3t5uiVl84HCVmpZgJ\/J78050ONVZaEo0+9CMuyqvs82g0EZaeNIIPp3yBlMhRGStJozmQYSdI+ib5GPbxvf2PR01OF8S97vmhJWiXmFD2okf4L03KpA1TbPdfOsYBN70iZY0RNmdG53vqwu57YzC9dPlkHL5numLLyDud+IPePPTNOLBBl9H21T2MiRaYilImcBIBuwVHZYz6j6f\/BUkh3G4K9pGhqLQ6QuClKwHX3rG9Vpmcr81\/96yalmrOqIZm\/nclvaNiLZXM9pHMOI5EeUSsXRP5yD9sCjbhnPOVzazTvfd7uVzwtqHQ2CZZD6c2BEhbdSRcT4NtUJQW4hqX4h4tnuf7H5aV5j1J+uI4hE7fceX7xaZivImYMmRp+\/ZmqCy9Zv5Itx7veXx6ydv\/Zl93ds2uwgZgnbMzs4+++ijj5wf7XeNymeY5mfPvlW733720bPPKmrn2aNnhU\/0\/rfPPvvok2eFhjih7sP8fFLAqyR07ycLuOdLk+791klT0Sg8+4Tu\/0xd5d8Xz3PzEp4vec7Mx6OFT\/D5Oq8yHZEvgfdeE386shxumZ3yteDNK\/FtRZZD5sW8r7VcLXlXMpD3mnLEvC\/Qnq8MJDt\/vp19X705yHz46y\/sPn\/ZzX1dRk9+fPLwQ\/e7573lMWXgz0eLTMxniW2zrCF13dI+g2lXLiGvFtlKufpl5chVpbGfdh\/WPrzIsprnvLKidP1yM895n9OSZ+Nca\/syy6vy4TmvZSTPmbKR+fC2M3+fM\/dFmcy8CLwyI3T\/8z5f0tKGYpRHpx0u\/4MRyzVEMwET\/343yUy4o0yKD5qwdKDyfty2oVaVk8\/Kgzpa3Ryk7CZOvsQRWK+bQafN4O4ZyDhpmqCFfldZ1gEKCI+2WQekFs9zg6SH50s+1\/SBini9ahtW1qGOo4pxZ\/Q+CLnLKag\/8HuBW9OBkTEcDbplbocZ0D2DI20Hz\/PVNF48PyDvFPO3vo5npG\/TojyocyLv+YCRCE2\/zVEiBdd36iWa1GX3PgqWTgHYW+9rtJ9eYxnHdP2IGNVu\/YhYveo3U2hXn1FImaTyxugNyz6q5Sm2jfoSAeRT4Ma27YDQcilSo97RaUt7w7JiG7fsGqw5\/SFuu49qH35kuwbnnL\/9UNxkU270XLOPRrSFqPYV0L8opvCBMGTafxrTMlxbg2dIOMFtO7T\/eQhoQ0JGqn5i64vuEssQkDvIxL\/fbWh6pjuu6yaRFWw\/XENRUgOlDkZKTS1SCQGqCiM\/6w2cZlLAbEpnrjtCDMzXVtOY+rXS2MazdkUE0Nb3iikkNiaP2glMRymonXYqlTrZdZzOzqpnRC82isZNzxfPtKGi5SR+NCWlDip9m7EX2WiKrdPwTIe7AQX3N8uH8re9yi4cko27GGu604LbWRTB\/l5HnrhNCswmA4DbNFjxGlIFKTIhY7XfRUR786OVbrtm5CeyfahrTCjYPZ4tk7FVi8TuwIwwjbLhuopDSPsKLO9zZz\/9T7ahekHLgX7k9pX1E1tfdJlX1N9IaE3Av0bQLUTBUYHLJVDXhzc1IRuQ8NmJLVQHNNJeQWuMv3rqPEzQQex4RbSWFWxW1tAYqgyFWCTK4YZMc6bQH+qXb090vqIQIwgsX6Bf1UR01pra0ciRsDUUZ4GYlOUUiBKTH3GmCP34zCBo0RmsBAyi0bTwf8G+aiwzZr0mRjlt5Ob4waek0hN+16Y41S3ojSkh\/47r0KTT+pSjZX\/JHHnSDin++7NQnpvD3p6CUZW+BzGyxzb7TQVyXfb1ivb2UO1ohELHet7vewaiTYa1jyBo9lKGWRysFXdQWady7n2OLx5nYuKY9N3H4jm0r4MT3P9aa1+2ITDW1zysROuLwzIGsWYEtDB87do1MaKiv11bKMZiienj0AVVaLKW5iiCRv5qkxAdqC4WuZypLI1C6mUom\/dtYSfzjVgO9vpYRL5EnnDUhJ1aI96UUNsif2jhlzyv1jVwNK42HWh2g+l8abx5IVwL5nPDwDnSiq+JaMVEmFNZ7ERlzLuUn3qmkXeisSWVv5iBqdGtAO+dU64VE2HM0TBrldao1tzydwkaBMCKOyMQP+xsnXWMNu0sFCmTesEY8XnkScipvF3Hg0GzAQFecyUDVr3YMlslJdJ5uRDV3u4a9dT5mztR7SMYMVjD59PitisT5AkaIzMPNINXm+2Ial\/6eW7\/ou2w1tc6w+5OW23T\/zyoNuR7w8qRaWx90V1izQi6jWfFnN5QcEZ5akSBU1HZ9FKQGaFJrUYKsYJW0\/W7UmMtCleBbmSNJ+s4PcVjclc+I8j6xiYqXzQSyEETp7o03SXE2gUaJwlNG+klJpriqUM0zhoZhckBr5ogvzVeiNNC3fGs4DcU\/Gw9gXVsWEUnfXoLwUgbDVUZn6\/l4b6t4T5T552wrAyMTg5CJo\/P3sH7nHstSI0ksFl6h5bCb2yU3xrJYA66OWLD0SO96aJHhAL5ZsXSSg7G1JH4tGtn4QyiTK4Dtt8QeQqoMxdsSEQZcDFjvSBmJqbsxVsqVy6onU7Q7Q3T1cqE0mw3Iw0hsn2ofQ9inaQi+qOztkGomZLTtlMZsf4Vh8j2RXLMN7Fv6f6FbT+fQkUrzrZA\/+ZhvSUt\/0x8n0T2P6WfVFsTbYXaEOlAbEMay0pB+soE9vX4+qKbxHp9lHlxEUbX89rtC4jjVjCMonIPjPpfCz4GCJkfxit+DHNIsCF4yXkpDAHhe09bjrqOnxGQ+bTjzeQY5pjAhoBhGKbH4U9MMAzD9DhsCBiGYXocNgQMwzA9DhsChmGYHocNAcMwTI\/DhoBhGKbHYUPAMAzT47AhYBiG6XHYEDAMw\/Q4bAgYhmF6nCP6xIT8HrwZg1fgi5W6X+ib8kXYXxryS6jQhW\/DyK9hOvFZjzWHm9dGYQ7WhulLiupATDq9LxD65s\/9xIv\/jSWGeQ4c6YyAgjLryFFTU9chY7d+n\/35YEGCPxDWJWSMif3T6X0MwxyUY+QakrEG3Jinzwf6vvzUcfyK5QtLcDjH9nR6H8MwByWWa2h7e7slVOXBopS5oQLN8JGtn0yWLgzn48P+ABueTxOnIJWq47XkGqLADkWwccYRnT7icSHQ88qQyKehVtBRxsKDwwhXlPN4fD5FpVLuFv1N+hwU5TUq7yBcUVrj6bRbXTXSZWUZn1p2ZTYOd71pEyFuNU8enU83q+eNZMBeCSmn+N6\/G2nNH3zFk66uF989gbLzXUOzwsnhtfD7IvPhbR8iLV3f7BpimNic\/BOitkO5c+eOMALE7u6uMAwXL14U+52xC7XlVXj6+kW4dO6UOlaB+c\/XwHr3fXgnKfe1Mv\/wg\/cgm81C38ZtuFPag7OX0nCKFMSfv4N+VAyTV7N4\/heoztdEOLzscAaGX9uExVId+rLDIJIT6Tcg\/cf\/hN\/rRxI\/VKHU6IOLlCY8hmppDb5rJuHqh+\/De\/TMzUUorapnqlsIUtR3HvSjYp2Eq3hd9p9VmK\/ZYJ3LwjA+cLe2DKsP1uDXyyp\/Ks+f3nvdSTv72gbc\/stjTDsLqR+rsLR5AvNOuW3Ava\/K8PhnG359TaYHW\/egWH4VRj94B37rT3toD6pLJdjQ12pQGd6skDFReUQZPV5JQjJJ5axB\/aeQcirlazmy7YPqzS\/g8dAlSKMQhBGwUfmre8\/uFGH2r5j3d7JwCa\/dLDUhfeNDeP89eb0LGrNPF+Dp226dJnc3YPfNLPwh6L7IfPjbx1l4+tUslE8qGXjqlWGYKGK5hrQR0Pj3O8X2xKCVndoZ7VFMUxxpjhsj+sy7GbDsGqxtoUqhWKM4CnZHhxQSTm0SFBrPqsO6CtfXKJQxvXhxW1OX3VFk5i1M1Iz5K5D+7FTecClReEK16YD594Tro7B65gi1P4HlkWmLoOPaLba1BjVMOUfhE0XweF1eN26rJ20RNxmzqa71YkPTiXeagYyRn7ByBsmWnlWrUvoU3xdH7Ffce0UowX249MyYsYM4K3Fr2EtkPlrah4wVXH9wFGtMDPNiE8sQkDvIxL\/fKd7F4inh8pieloHBRcBqPwOoOEmxoR55shNw3oMZJFopbkPxHYwD+LNplKuNn+kOEYZEGi5SgDB0ATIUsP3hmpt\/Mxh4HEYmYOpGGmq31PNiLsQL2VJgdcdITwt3llDgW03Msw0Vnab4kXvGNDhhUHznKeHSkvfNQDHinqh8iPZhV0TcV+c8uQnRmAWZQ4ZhwollCGhNQCt\/vUZwGIiRpVKGYoTsRyghCxLe2OmhiPRQWSzNLaFx8Y3OjwLyW6sg7ML43cAZjjpFo12a0djbFVT6AGkKfE4jfZwbrK3gDMFOGQH794EIku6+lTVTaK8m+09jrmjNQedT\/2gNQhhj8uH7zk0Fr6MEQQHRxT15Cw2KNPxBROVDtA9am\/Cf4zUBhtk3sQwBLQxfu3ZNdDT6e7CF4nCE+wZNgVB4NEJGJX7XUFyVb3AErdw7wpVRL7sjShxpl51FUQ0pf5wV1DHVrs0GCKm05WxDIvMejRjFGu4d4fpQ2wSVyV4pomLULiya1QDU7vvcQnHZqkDFN+K2zrSXwiDORCxTtsQWzUsIKjvOCLAuTBp4Pg6VFZ\/atxIQZtcj86Hax5Jy\/UnwXMQMg2GYYGItFncfuVj8\/f+tQqlUcn6rP9Diq\/a7J2E42wcbn9+BeXWe\/ObOWyDJYTj74zIsLCzK++tJGHt7D2o\/DaoFV8mpvqdQXX0VLl7Vi8Y+WhaLawBqwdc5j4fSzqKzJDl8FvaWF2BhUeatnhyDCz\/VYO8NY7H4b697FitPnTsBm\/NFpzz15AXo\/2EPEjrt5C+wSQ97+9\/hD2oRnfK\/XP4e+i9fdfLUmnbQ4juqxf\/9Gv77z\/OwKJ63Co\/7cXaQo0TalPNUGi4NPYXirdvqXpJvHewdrBNMPzmchb7qTbg5r85RWeqvwAnMTxL\/9wstPC\/J45ueBewKVL8ow+1FVWf4vIyzeB9w35tR+Tgv2kf15k1HnqVSHeonT6AM8IG8WMwwsXnpg9fTGy7l097XSBmGYRiXY\/QPyroPveJZrKdglI0AwzBMKC\/9jIBhGIaJ5qWeETAMwzDtYUPAMAzT47AhYBiG6XHYEDAMw\/Q4bAgYhmF6HDYEDMMwPQ4bAoZhmB6HDQHDMEyPw4aAYRimx2FDwDAM0+OwIWAYhulxjsgQUCD26ZCIWfLcnBNicgbaRbISiMhfMa5rwfu8ThB5jBn9i\/I5FyM4TCgdl\/N5U4E5n0zoS7A6Ah3DMMeHo50R1FEpxlLAFiRiRr867viD0by0UExhtSkh40dRxcID0TAMczQcqSFIpVJQp09FR4xuB\/OTMOUEq3nxaR9r+eWgNeb0IGQmsC45lCTDHDtifYZ6e3sbCoUCPHr0yIlZfLBwleSOmYXm5Sk4\/2AairYRecw4N0EhKynO7\/2EcV66GIrOcDMlo5qRy+RWDdI3dOzcCsxRUHWKa4v3AhocCnwuUfeIbd\/zAiDXz+zOKFw\/XXbToFi6FMMX0ec9+86zKL4v5Uk+p2LoRwreLwPmqLzKw8ZxwnufhcYT6rZRTpOgdEDeb0Z309epMnjza8oGEXJ1g+ybadaGjHwa8k98Y9YPYj7HkJM\/vyIGsc6jSK8Jo\/QsCkov8OWNYZiuEGtGoI0AQX9pv1tkJq5jx67AbEwfuzACZDicgOXnodnic5cKxkalRSNQaQQsVCLqHqHI3HjDsagX4S6Mq2fmIBXm1kIFdvdh2s0fBWj\/kp41CLnJKcihHidlSudMIyDyKu65DumHs07alTmlxFV646ftENdSWDr0XCljHf+5Mqeuc4xAiGyUEbDy6hw9H9YwpWgoOP31ESPwvKP4Tfz5RdlY2A489VKH4oPz6jyWwcL9uGsxDMPEJpYh0EZA498\/GKiormTAQsU603YRtQLrODj0BqLPQM4TgYxG0FLBSEXbgLWHNqTyxkhyZAy3a7DW4pKie2lBU\/1MpYOj1XHnOSp4\/YMApTSQg0lj9gL9CbDsJjxRuy2QL92TNsrjckqlTeXFGcUVNz0R0F1te4hMR8oYVu7i6HpOGFJ5XbRsxHoGpjlmzJQG8zn32oPQkl+U6rvYDmyzXrDseExCgfyx5CjLfRlwhmHaEssQkDvIxL9\/YEh55lNgk6KKehtmq4mjYQsSoauNNlRukRvFDE\/5BJo4hK4XDAU\/TdfY0GzRzjR6dke\/wSNZSf\/pCKVEI2n9LMOtEoTwpds4Enbyhj9yhVDaorzxiEyHLkAZj6NCr6zUDUMaLRuxnmEl1LXdpXUNARlAo4klbq0XhmEOk1iGgNYEtPLXawRdZ2QCrpOiunUXx6MhtFUU5I8n90vdcP30Q4K8FIZ7Q\/\/C1gTiEKokaU2DfNv6OTdwlKtOBTF4Bs\/iyNh1damfOauIQdt0yGW1gqPuEVqg169wRssm0tgdEJFfP20NPcMwh0EsQ0ALw9euXRMKgv4ebKE4nMH8OGQsG3BAGoJyydw3\/MioeP2+eu+6g3QpeO5BGlv7VG+oEB37g0q1TC6qt1pnDGKkmzrvuE\/avi46ch5SOJJf8pShgfnDPwMXII3yqHzjuqBoOzC9qHTwb\/FL8vVPQi4\/IQ1lDNkIN5QnTUxnjq4dFAbE3nEt8r5fi1X51esWhCiblYYLL8mrwgzzonDyT4jafo7sQm15FfbeyMJwUh0SnIL0pT7YLOGc4Jw690MVSo0+uHgpjWcBksNnYW95ARYWS1Aq4a9mgXXuFxj+7R4srz6F1393CdKnKB28rnQHbi9uQv8H\/wXv7BRh9vNFeQ\/+6nUbng4M47VheXHZrS3D6k8\/Q3NxERbp\/tXH0I+jaD2jkOcHIYsJnDp3AjbnizCvn5O8AP0\/7EEiOwyUfPKfm5jGkszHZh\/ek4HhbB9Ub9507imV6lA\/eQIunTsv5WGk9+vlHFi1BvSJcsrnS5Ih6TRg4\/O\/wHf9OZjMyQImh1Wa+Pz3\/mMczobJZiANl17bhPnCvDqHcrKSYJ1OQ+Ydb75kOZ86+TrV9xSqSyUpr+oenMX6Q0E7ctL53fj8jpNGDc2n89bQ32tGfdIBJee\/ve60BYZhukOs10d7HfFmDb0JtE93DcMwzItALNcQwzAM8\/LCMwKGYZgeh2cEDMMwPQ4bAoZhmB6HDQHDMExPA\/D\/\/lwXbnAowNwAAAAASUVORK5CYII=\" alt=\"\"><\/p>","protected":false},"excerpt":{"rendered":"<p>Tegund:&nbsp;U01360510<\/p>","protected":false},"featured_media":81021,"comment_status":"closed","ping_status":"closed","template":"","meta":[],"product_brand":[],"product_cat":[588,786,515],"product_tag":[],"class_list":{"0":"post-53178","1":"product","2":"type-product","3":"status-publish","4":"has-post-thumbnail","6":"product_cat-handverkfaeri","7":"product_cat-tangir","8":"product_cat-verkfaeralausnir","10":"first","11":"instock","12":"taxable","13":"shipping-taxable","14":"purchasable","15":"product-type-simple"},"yoast_head":"<!-- This site is optimized with the Yoast SEO plugin v27.3 - https:\/\/yoast.com\/product\/yoast-seo-wordpress\/ -->\n<title>USAG Kraftt\u00f6ng 136 M 100mm me\u00f0 rennslu \u00e1 efra kjaft U01360510 - V\u00e9lar &amp; Verkf\u00e6ri<\/title>\n<meta name=\"robots\" content=\"index, follow, max-snippet:-1, max-image-preview:large, max-video-preview:-1\" \/>\n<link rel=\"canonical\" href=\"https:\/\/velarogverkfaeri.is\/en\/uncategorized\/product\/usag-krafttong-136-m-100mm-med-rennslu-a-efra-kjaft-u01360510\/\" \/>\n<meta property=\"og:locale\" content=\"en_US\" \/>\n<meta property=\"og:type\" content=\"article\" \/>\n<meta property=\"og:title\" content=\"USAG Kraftt\u00f6ng 136 M 100mm me\u00f0 rennslu \u00e1 efra kjaft U01360510 - V\u00e9lar &amp; Verkf\u00e6ri\" \/>\n<meta property=\"og:description\" content=\"Tegund:&nbsp;U01360510\" \/>\n<meta property=\"og:url\" content=\"https:\/\/velarogverkfaeri.is\/en\/uncategorized\/product\/usag-krafttong-136-m-100mm-med-rennslu-a-efra-kjaft-u01360510\/\" \/>\n<meta property=\"og:site_name\" content=\"V\u00e9lar &amp; Verkf\u00e6ri\" \/>\n<meta property=\"article:publisher\" content=\"https:\/\/www.facebook.com\/VelarOgVerkfaeri\" \/>\n<meta property=\"article:modified_time\" content=\"2026-03-05T16:02:11+00:00\" \/>\n<meta name=\"twitter:card\" content=\"summary_large_image\" \/>\n<script type=\"application\/ld+json\" class=\"yoast-schema-graph\">{\"@context\":\"https:\\\/\\\/schema.org\",\"@graph\":[{\"@type\":\"WebPage\",\"@id\":\"https:\\\/\\\/velarogverkfaeri.is\\\/uncategorized\\\/product\\\/usag-krafttong-136-m-100mm-med-rennslu-a-efra-kjaft-u01360510\\\/\",\"url\":\"https:\\\/\\\/velarogverkfaeri.is\\\/uncategorized\\\/product\\\/usag-krafttong-136-m-100mm-med-rennslu-a-efra-kjaft-u01360510\\\/\",\"name\":\"USAG Kraftt\u00f6ng 136 M 100mm me\u00f0 rennslu \u00e1 efra kjaft U01360510 - V\u00e9lar &amp; Verkf\u00e6ri\",\"isPartOf\":{\"@id\":\"https:\\\/\\\/velarogverkfaeri.is\\\/en\\\/#website\"},\"primaryImageOfPage\":{\"@id\":\"https:\\\/\\\/velarogverkfaeri.is\\\/uncategorized\\\/product\\\/usag-krafttong-136-m-100mm-med-rennslu-a-efra-kjaft-u01360510\\\/#primaryimage\"},\"image\":{\"@id\":\"https:\\\/\\\/velarogverkfaeri.is\\\/uncategorized\\\/product\\\/usag-krafttong-136-m-100mm-med-rennslu-a-efra-kjaft-u01360510\\\/#primaryimage\"},\"thumbnailUrl\":\"https:\\\/\\\/velarogverkfaeri.is\\\/wp-content\\\/uploads\\\/2026\\\/03\\\/b33a338f-6c86-40e5-a853-590f272c4e66.png\",\"datePublished\":\"2023-10-19T12:27:40+00:00\",\"dateModified\":\"2026-03-05T16:02:11+00:00\",\"breadcrumb\":{\"@id\":\"https:\\\/\\\/velarogverkfaeri.is\\\/uncategorized\\\/product\\\/usag-krafttong-136-m-100mm-med-rennslu-a-efra-kjaft-u01360510\\\/#breadcrumb\"},\"inLanguage\":\"en-US\",\"potentialAction\":[{\"@type\":\"ReadAction\",\"target\":[\"https:\\\/\\\/velarogverkfaeri.is\\\/uncategorized\\\/product\\\/usag-krafttong-136-m-100mm-med-rennslu-a-efra-kjaft-u01360510\\\/\"]}]},{\"@type\":\"ImageObject\",\"inLanguage\":\"en-US\",\"@id\":\"https:\\\/\\\/velarogverkfaeri.is\\\/uncategorized\\\/product\\\/usag-krafttong-136-m-100mm-med-rennslu-a-efra-kjaft-u01360510\\\/#primaryimage\",\"url\":\"https:\\\/\\\/velarogverkfaeri.is\\\/wp-content\\\/uploads\\\/2026\\\/03\\\/b33a338f-6c86-40e5-a853-590f272c4e66.png\",\"contentUrl\":\"https:\\\/\\\/velarogverkfaeri.is\\\/wp-content\\\/uploads\\\/2026\\\/03\\\/b33a338f-6c86-40e5-a853-590f272c4e66.png\",\"width\":571,\"height\":650},{\"@type\":\"BreadcrumbList\",\"@id\":\"https:\\\/\\\/velarogverkfaeri.is\\\/uncategorized\\\/product\\\/usag-krafttong-136-m-100mm-med-rennslu-a-efra-kjaft-u01360510\\\/#breadcrumb\",\"itemListElement\":[{\"@type\":\"ListItem\",\"position\":1,\"name\":\"Home\",\"item\":\"https:\\\/\\\/velarogverkfaeri.is\\\/\"},{\"@type\":\"ListItem\",\"position\":2,\"name\":\"Vefverslun\",\"item\":\"https:\\\/\\\/velarogverkfaeri.is\\\/vefverslun\\\/\"},{\"@type\":\"ListItem\",\"position\":3,\"name\":\"USAG Kraftt\u00f6ng 136 M 100mm me\u00f0 rennslu \u00e1 efra kjaft U01360510\"}]},{\"@type\":\"WebSite\",\"@id\":\"https:\\\/\\\/velarogverkfaeri.is\\\/en\\\/#website\",\"url\":\"https:\\\/\\\/velarogverkfaeri.is\\\/en\\\/\",\"name\":\"V\u00e9lar & Verkf\u00e6ri\",\"description\":\"Umbo\u00f0s- og heildverslun fr\u00e1 \u00e1rinu 1919\",\"publisher\":{\"@id\":\"https:\\\/\\\/velarogverkfaeri.is\\\/en\\\/#organization\"},\"potentialAction\":[{\"@type\":\"SearchAction\",\"target\":{\"@type\":\"EntryPoint\",\"urlTemplate\":\"https:\\\/\\\/velarogverkfaeri.is\\\/en\\\/?s={search_term_string}\"},\"query-input\":{\"@type\":\"PropertyValueSpecification\",\"valueRequired\":true,\"valueName\":\"search_term_string\"}}],\"inLanguage\":\"en-US\"},{\"@type\":\"Organization\",\"@id\":\"https:\\\/\\\/velarogverkfaeri.is\\\/en\\\/#organization\",\"name\":\"V\u00e9lar & Verkf\u00e6ri\",\"url\":\"https:\\\/\\\/velarogverkfaeri.is\\\/en\\\/\",\"logo\":{\"@type\":\"ImageObject\",\"inLanguage\":\"en-US\",\"@id\":\"https:\\\/\\\/velarogverkfaeri.is\\\/en\\\/#\\\/schema\\\/logo\\\/image\\\/\",\"url\":\"https:\\\/\\\/velarogverkfaeri.is\\\/wp-content\\\/uploads\\\/2021\\\/10\\\/vv_logo_350x100.png\",\"contentUrl\":\"https:\\\/\\\/velarogverkfaeri.is\\\/wp-content\\\/uploads\\\/2021\\\/10\\\/vv_logo_350x100.png\",\"width\":350,\"height\":100,\"caption\":\"V\u00e9lar & Verkf\u00e6ri\"},\"image\":{\"@id\":\"https:\\\/\\\/velarogverkfaeri.is\\\/en\\\/#\\\/schema\\\/logo\\\/image\\\/\"},\"sameAs\":[\"https:\\\/\\\/www.facebook.com\\\/VelarOgVerkfaeri\"]}]}<\/script>\n<!-- \/ Yoast SEO plugin. -->","yoast_head_json":{"title":"USAG Kraftt\u00f6ng 136 M 100mm me\u00f0 rennslu \u00e1 efra kjaft U01360510 - V\u00e9lar &amp; Verkf\u00e6ri","robots":{"index":"index","follow":"follow","max-snippet":"max-snippet:-1","max-image-preview":"max-image-preview:large","max-video-preview":"max-video-preview:-1"},"canonical":"https:\/\/velarogverkfaeri.is\/en\/uncategorized\/product\/usag-krafttong-136-m-100mm-med-rennslu-a-efra-kjaft-u01360510\/","og_locale":"en_US","og_type":"article","og_title":"USAG Kraftt\u00f6ng 136 M 100mm me\u00f0 rennslu \u00e1 efra kjaft U01360510 - V\u00e9lar &amp; Verkf\u00e6ri","og_description":"Tegund:&nbsp;U01360510","og_url":"https:\/\/velarogverkfaeri.is\/en\/uncategorized\/product\/usag-krafttong-136-m-100mm-med-rennslu-a-efra-kjaft-u01360510\/","og_site_name":"V\u00e9lar &amp; Verkf\u00e6ri","article_publisher":"https:\/\/www.facebook.com\/VelarOgVerkfaeri","article_modified_time":"2026-03-05T16:02:11+00:00","twitter_card":"summary_large_image","schema":{"@context":"https:\/\/schema.org","@graph":[{"@type":"WebPage","@id":"https:\/\/velarogverkfaeri.is\/uncategorized\/product\/usag-krafttong-136-m-100mm-med-rennslu-a-efra-kjaft-u01360510\/","url":"https:\/\/velarogverkfaeri.is\/uncategorized\/product\/usag-krafttong-136-m-100mm-med-rennslu-a-efra-kjaft-u01360510\/","name":"USAG Kraftt\u00f6ng 136 M 100mm me\u00f0 rennslu \u00e1 efra kjaft U01360510 - V\u00e9lar &amp; Verkf\u00e6ri","isPartOf":{"@id":"https:\/\/velarogverkfaeri.is\/en\/#website"},"primaryImageOfPage":{"@id":"https:\/\/velarogverkfaeri.is\/uncategorized\/product\/usag-krafttong-136-m-100mm-med-rennslu-a-efra-kjaft-u01360510\/#primaryimage"},"image":{"@id":"https:\/\/velarogverkfaeri.is\/uncategorized\/product\/usag-krafttong-136-m-100mm-med-rennslu-a-efra-kjaft-u01360510\/#primaryimage"},"thumbnailUrl":"https:\/\/velarogverkfaeri.is\/wp-content\/uploads\/2026\/03\/b33a338f-6c86-40e5-a853-590f272c4e66.png","datePublished":"2023-10-19T12:27:40+00:00","dateModified":"2026-03-05T16:02:11+00:00","breadcrumb":{"@id":"https:\/\/velarogverkfaeri.is\/uncategorized\/product\/usag-krafttong-136-m-100mm-med-rennslu-a-efra-kjaft-u01360510\/#breadcrumb"},"inLanguage":"en-US","potentialAction":[{"@type":"ReadAction","target":["https:\/\/velarogverkfaeri.is\/uncategorized\/product\/usag-krafttong-136-m-100mm-med-rennslu-a-efra-kjaft-u01360510\/"]}]},{"@type":"ImageObject","inLanguage":"en-US","@id":"https:\/\/velarogverkfaeri.is\/uncategorized\/product\/usag-krafttong-136-m-100mm-med-rennslu-a-efra-kjaft-u01360510\/#primaryimage","url":"https:\/\/velarogverkfaeri.is\/wp-content\/uploads\/2026\/03\/b33a338f-6c86-40e5-a853-590f272c4e66.png","contentUrl":"https:\/\/velarogverkfaeri.is\/wp-content\/uploads\/2026\/03\/b33a338f-6c86-40e5-a853-590f272c4e66.png","width":571,"height":650},{"@type":"BreadcrumbList","@id":"https:\/\/velarogverkfaeri.is\/uncategorized\/product\/usag-krafttong-136-m-100mm-med-rennslu-a-efra-kjaft-u01360510\/#breadcrumb","itemListElement":[{"@type":"ListItem","position":1,"name":"Home","item":"https:\/\/velarogverkfaeri.is\/"},{"@type":"ListItem","position":2,"name":"Vefverslun","item":"https:\/\/velarogverkfaeri.is\/vefverslun\/"},{"@type":"ListItem","position":3,"name":"USAG Kraftt\u00f6ng 136 M 100mm me\u00f0 rennslu \u00e1 efra kjaft U01360510"}]},{"@type":"WebSite","@id":"https:\/\/velarogverkfaeri.is\/en\/#website","url":"https:\/\/velarogverkfaeri.is\/en\/","name":"V\u00e9lar & Verkf\u00e6ri","description":"Umbo\u00f0s- og heildverslun fr\u00e1 \u00e1rinu 1919","publisher":{"@id":"https:\/\/velarogverkfaeri.is\/en\/#organization"},"potentialAction":[{"@type":"SearchAction","target":{"@type":"EntryPoint","urlTemplate":"https:\/\/velarogverkfaeri.is\/en\/?s={search_term_string}"},"query-input":{"@type":"PropertyValueSpecification","valueRequired":true,"valueName":"search_term_string"}}],"inLanguage":"en-US"},{"@type":"Organization","@id":"https:\/\/velarogverkfaeri.is\/en\/#organization","name":"V\u00e9lar & Verkf\u00e6ri","url":"https:\/\/velarogverkfaeri.is\/en\/","logo":{"@type":"ImageObject","inLanguage":"en-US","@id":"https:\/\/velarogverkfaeri.is\/en\/#\/schema\/logo\/image\/","url":"https:\/\/velarogverkfaeri.is\/wp-content\/uploads\/2021\/10\/vv_logo_350x100.png","contentUrl":"https:\/\/velarogverkfaeri.is\/wp-content\/uploads\/2021\/10\/vv_logo_350x100.png","width":350,"height":100,"caption":"V\u00e9lar & Verkf\u00e6ri"},"image":{"@id":"https:\/\/velarogverkfaeri.is\/en\/#\/schema\/logo\/image\/"},"sameAs":["https:\/\/www.facebook.com\/VelarOgVerkfaeri"]}]}},"_links":{"self":[{"href":"https:\/\/velarogverkfaeri.is\/en\/wp-json\/wp\/v2\/product\/53178","targetHints":{"allow":["GET"]}}],"collection":[{"href":"https:\/\/velarogverkfaeri.is\/en\/wp-json\/wp\/v2\/product"}],"about":[{"href":"https:\/\/velarogverkfaeri.is\/en\/wp-json\/wp\/v2\/types\/product"}],"replies":[{"embeddable":true,"href":"https:\/\/velarogverkfaeri.is\/en\/wp-json\/wp\/v2\/comments?post=53178"}],"wp:featuredmedia":[{"embeddable":true,"href":"https:\/\/velarogverkfaeri.is\/en\/wp-json\/wp\/v2\/media\/81021"}],"wp:attachment":[{"href":"https:\/\/velarogverkfaeri.is\/en\/wp-json\/wp\/v2\/media?parent=53178"}],"wp:term":[{"taxonomy":"product_brand","embeddable":true,"href":"https:\/\/velarogverkfaeri.is\/en\/wp-json\/wp\/v2\/product_brand?post=53178"},{"taxonomy":"product_cat","embeddable":true,"href":"https:\/\/velarogverkfaeri.is\/en\/wp-json\/wp\/v2\/product_cat?post=53178"},{"taxonomy":"product_tag","embeddable":true,"href":"https:\/\/velarogverkfaeri.is\/en\/wp-json\/wp\/v2\/product_tag?post=53178"}],"curies":[{"name":"wp","href":"https:\/\/api.w.org\/{rel}","templated":true}]}}