{"id":52953,"date":"2023-10-10T11:17:08","date_gmt":"2023-10-10T11:17:08","guid":{"rendered":"https:\/\/vv-dev.webdev.is\/?post_type=product&#038;p=52953"},"modified":"2025-12-18T13:16:35","modified_gmt":"2025-12-18T13:16:35","slug":"petromax-hk500-fjosalugt-2","status":"publish","type":"product","link":"https:\/\/velarogverkfaeri.is\/en\/lykillausnir\/utivistarvorur\/oliulampar\/product\/petromax-hk500-fjosalugt-2\/","title":{"rendered":"Petromax Stormlukt HK500 Gyllt px5me-t"},"content":{"rendered":"<p style=\"text-align: center; \">Rafmagns\u00fatg\u00e1fa af Petromax HK500 var \u00fer\u00f3u\u00f0 sem hangandi lampi s\u00e9rstaklega til notkunar innanh\u00fass og er b\u00fainn E27 innstungu.<\/p>\n<p style=\"text-align: center; \"><b>N\u00fd t\u00e6kni \u00ed kunnuglegu \u00fatliti<\/b><\/p>\n<p style=\"text-align: center; \">Rafmagns\u00fatg\u00e1fan inniheldur alla grunn\u00edhluti eins og upprunalegi, sem er kn\u00fainn af bens\u00edni. Lampinn er \u00far l\u00e1t\u00fani og glerh\u00f3lkurinn er \u00far mj\u00f6g hita\u00feolnu og matu\u00f0u b\u00f3rs\u00edl\u00edkatgleri.<\/p>\n<p style=\"text-align: center; \">\u00deetta var\u00f0veitir nostalg\u00edskan sjarma hins \u00feekkta jar\u00f0ol\u00edulampa og er \u00e1 engan h\u00e1tt s\u00ed\u00f0ri en hann.<\/p>\n<p style=\"text-align: center; \"><b>\u00d6nnur loftlj\u00f3s<\/b><\/p>\n<p style=\"text-align: center; \">Rafmagnsstrengur hangandi lampans er leiddur \u00fat \u00ed gegnum h\u00faddi\u00f0. \u00deetta \u00fe\u00fd\u00f0ir a\u00f0 h\u00e6gt er a\u00f0 nota hann sem annan loftlampa e\u00f0a auka hangandi l\u00fdsingu innandyra og h\u00e6gt er a\u00f0 stj\u00f3rna honum me\u00f0 lj\u00f3srofa (lj\u00f3srofi fylgir ekki me\u00f0).<\/p>\n<p style=\"text-align: center; \"><b>H\u00e6gt a\u00f0 nota hann b\u00e6\u00f0i sem bor\u00f0lampa og sem loftlampa<\/b><\/p>","protected":false},"excerpt":{"rendered":"<p>Tegund:&nbsp;px5me-t<\/p>\n<p><\/p>","protected":false},"featured_media":61677,"comment_status":"closed","ping_status":"closed","template":"","meta":[],"product_brand":[],"product_cat":[518,546,517,964,965,601],"product_tag":[],"class_list":{"0":"post-52953","1":"product","2":"type-product","3":"status-publish","4":"has-post-thumbnail","6":"product_cat-honnunarlausnir","7":"product_cat-lampar","8":"product_cat-lykillausnir","9":"product_cat-oliulampar","10":"product_cat-oliulampar-lampar","11":"product_cat-utivistarvorur","13":"first","14":"instock","15":"taxable","16":"shipping-taxable","17":"purchasable","18":"product-type-simple"},"yoast_head":"<!-- This site is optimized with the Yoast SEO plugin v27.3 - https:\/\/yoast.com\/product\/yoast-seo-wordpress\/ -->\n<title>Petromax Stormlukt HK500 Gyllt px5me-t - V\u00e9lar &amp; Verkf\u00e6ri<\/title>\n<meta name=\"robots\" content=\"index, follow, max-snippet:-1, max-image-preview:large, max-video-preview:-1\" \/>\n<link rel=\"canonical\" href=\"https:\/\/velarogverkfaeri.is\/en\/lykillausnir\/utivistarvorur\/oliulampar\/product\/petromax-hk500-fjosalugt-2\/\" \/>\n<meta property=\"og:locale\" content=\"en_US\" \/>\n<meta property=\"og:type\" content=\"article\" \/>\n<meta property=\"og:title\" content=\"Petromax Stormlukt HK500 Gyllt px5me-t - V\u00e9lar &amp; Verkf\u00e6ri\" \/>\n<meta property=\"og:description\" content=\"Tegund:&nbsp;px5me-t\" \/>\n<meta property=\"og:url\" content=\"https:\/\/velarogverkfaeri.is\/en\/lykillausnir\/utivistarvorur\/oliulampar\/product\/petromax-hk500-fjosalugt-2\/\" \/>\n<meta property=\"og:site_name\" content=\"V\u00e9lar &amp; Verkf\u00e6ri\" \/>\n<meta property=\"article:publisher\" content=\"https:\/\/www.facebook.com\/VelarOgVerkfaeri\" \/>\n<meta property=\"article:modified_time\" content=\"2025-12-18T13:16:35+00:00\" \/>\n<meta property=\"og:image\" content=\"https:\/\/velarogverkfaeri.is\/wp-content\/uploads\/2024\/06\/46410a75-33a7-4c6b-96f4-a269652444e2.jpg\" \/>\n\t<meta property=\"og:image:width\" content=\"750\" \/>\n\t<meta property=\"og:image:height\" content=\"1662\" \/>\n\t<meta property=\"og:image:type\" content=\"image\/jpeg\" \/>\n<meta name=\"twitter:card\" content=\"summary_large_image\" \/>\n<meta name=\"twitter:label1\" content=\"Est. reading time\" \/>\n\t<meta name=\"twitter:data1\" content=\"1 minute\" \/>\n<script type=\"application\/ld+json\" class=\"yoast-schema-graph\">{\"@context\":\"https:\\\/\\\/schema.org\",\"@graph\":[{\"@type\":\"WebPage\",\"@id\":\"https:\\\/\\\/velarogverkfaeri.is\\\/lykillausnir\\\/utivistarvorur\\\/oliulampar\\\/product\\\/petromax-hk500-fjosalugt-2\\\/\",\"url\":\"https:\\\/\\\/velarogverkfaeri.is\\\/lykillausnir\\\/utivistarvorur\\\/oliulampar\\\/product\\\/petromax-hk500-fjosalugt-2\\\/\",\"name\":\"Petromax Stormlukt HK500 Gyllt px5me-t - V\u00e9lar &amp; Verkf\u00e6ri\",\"isPartOf\":{\"@id\":\"https:\\\/\\\/velarogverkfaeri.is\\\/en\\\/#website\"},\"primaryImageOfPage\":{\"@id\":\"https:\\\/\\\/velarogverkfaeri.is\\\/lykillausnir\\\/utivistarvorur\\\/oliulampar\\\/product\\\/petromax-hk500-fjosalugt-2\\\/#primaryimage\"},\"image\":{\"@id\":\"https:\\\/\\\/velarogverkfaeri.is\\\/lykillausnir\\\/utivistarvorur\\\/oliulampar\\\/product\\\/petromax-hk500-fjosalugt-2\\\/#primaryimage\"},\"thumbnailUrl\":\"https:\\\/\\\/velarogverkfaeri.is\\\/wp-content\\\/uploads\\\/2024\\\/06\\\/46410a75-33a7-4c6b-96f4-a269652444e2.jpg\",\"datePublished\":\"2023-10-10T11:17:08+00:00\",\"dateModified\":\"2025-12-18T13:16:35+00:00\",\"breadcrumb\":{\"@id\":\"https:\\\/\\\/velarogverkfaeri.is\\\/lykillausnir\\\/utivistarvorur\\\/oliulampar\\\/product\\\/petromax-hk500-fjosalugt-2\\\/#breadcrumb\"},\"inLanguage\":\"en-US\",\"potentialAction\":[{\"@type\":\"ReadAction\",\"target\":[\"https:\\\/\\\/velarogverkfaeri.is\\\/lykillausnir\\\/utivistarvorur\\\/oliulampar\\\/product\\\/petromax-hk500-fjosalugt-2\\\/\"]}]},{\"@type\":\"ImageObject\",\"inLanguage\":\"en-US\",\"@id\":\"https:\\\/\\\/velarogverkfaeri.is\\\/lykillausnir\\\/utivistarvorur\\\/oliulampar\\\/product\\\/petromax-hk500-fjosalugt-2\\\/#primaryimage\",\"url\":\"https:\\\/\\\/velarogverkfaeri.is\\\/wp-content\\\/uploads\\\/2024\\\/06\\\/46410a75-33a7-4c6b-96f4-a269652444e2.jpg\",\"contentUrl\":\"https:\\\/\\\/velarogverkfaeri.is\\\/wp-content\\\/uploads\\\/2024\\\/06\\\/46410a75-33a7-4c6b-96f4-a269652444e2.jpg\",\"width\":750,\"height\":1662},{\"@type\":\"BreadcrumbList\",\"@id\":\"https:\\\/\\\/velarogverkfaeri.is\\\/lykillausnir\\\/utivistarvorur\\\/oliulampar\\\/product\\\/petromax-hk500-fjosalugt-2\\\/#breadcrumb\",\"itemListElement\":[{\"@type\":\"ListItem\",\"position\":1,\"name\":\"Home\",\"item\":\"https:\\\/\\\/velarogverkfaeri.is\\\/\"},{\"@type\":\"ListItem\",\"position\":2,\"name\":\"Vefverslun\",\"item\":\"https:\\\/\\\/velarogverkfaeri.is\\\/vefverslun\\\/\"},{\"@type\":\"ListItem\",\"position\":3,\"name\":\"Petromax Stormlukt HK500 Gyllt px5me-t\"}]},{\"@type\":\"WebSite\",\"@id\":\"https:\\\/\\\/velarogverkfaeri.is\\\/en\\\/#website\",\"url\":\"https:\\\/\\\/velarogverkfaeri.is\\\/en\\\/\",\"name\":\"V\u00e9lar & Verkf\u00e6ri\",\"description\":\"Umbo\u00f0s- og heildverslun fr\u00e1 \u00e1rinu 1919\",\"publisher\":{\"@id\":\"https:\\\/\\\/velarogverkfaeri.is\\\/en\\\/#organization\"},\"potentialAction\":[{\"@type\":\"SearchAction\",\"target\":{\"@type\":\"EntryPoint\",\"urlTemplate\":\"https:\\\/\\\/velarogverkfaeri.is\\\/en\\\/?s={search_term_string}\"},\"query-input\":{\"@type\":\"PropertyValueSpecification\",\"valueRequired\":true,\"valueName\":\"search_term_string\"}}],\"inLanguage\":\"en-US\"},{\"@type\":\"Organization\",\"@id\":\"https:\\\/\\\/velarogverkfaeri.is\\\/en\\\/#organization\",\"name\":\"V\u00e9lar & Verkf\u00e6ri\",\"url\":\"https:\\\/\\\/velarogverkfaeri.is\\\/en\\\/\",\"logo\":{\"@type\":\"ImageObject\",\"inLanguage\":\"en-US\",\"@id\":\"https:\\\/\\\/velarogverkfaeri.is\\\/en\\\/#\\\/schema\\\/logo\\\/image\\\/\",\"url\":\"https:\\\/\\\/velarogverkfaeri.is\\\/wp-content\\\/uploads\\\/2021\\\/10\\\/vv_logo_350x100.png\",\"contentUrl\":\"https:\\\/\\\/velarogverkfaeri.is\\\/wp-content\\\/uploads\\\/2021\\\/10\\\/vv_logo_350x100.png\",\"width\":350,\"height\":100,\"caption\":\"V\u00e9lar & Verkf\u00e6ri\"},\"image\":{\"@id\":\"https:\\\/\\\/velarogverkfaeri.is\\\/en\\\/#\\\/schema\\\/logo\\\/image\\\/\"},\"sameAs\":[\"https:\\\/\\\/www.facebook.com\\\/VelarOgVerkfaeri\"]}]}<\/script>\n<!-- \/ Yoast SEO plugin. -->","yoast_head_json":{"title":"Petromax Stormlukt HK500 Gyllt px5me-t - V\u00e9lar &amp; Verkf\u00e6ri","robots":{"index":"index","follow":"follow","max-snippet":"max-snippet:-1","max-image-preview":"max-image-preview:large","max-video-preview":"max-video-preview:-1"},"canonical":"https:\/\/velarogverkfaeri.is\/en\/lykillausnir\/utivistarvorur\/oliulampar\/product\/petromax-hk500-fjosalugt-2\/","og_locale":"en_US","og_type":"article","og_title":"Petromax Stormlukt HK500 Gyllt px5me-t - V\u00e9lar &amp; Verkf\u00e6ri","og_description":"Tegund:&nbsp;px5me-t","og_url":"https:\/\/velarogverkfaeri.is\/en\/lykillausnir\/utivistarvorur\/oliulampar\/product\/petromax-hk500-fjosalugt-2\/","og_site_name":"V\u00e9lar &amp; Verkf\u00e6ri","article_publisher":"https:\/\/www.facebook.com\/VelarOgVerkfaeri","article_modified_time":"2025-12-18T13:16:35+00:00","og_image":[{"width":750,"height":1662,"url":"https:\/\/velarogverkfaeri.is\/wp-content\/uploads\/2024\/06\/46410a75-33a7-4c6b-96f4-a269652444e2.jpg","type":"image\/jpeg"}],"twitter_card":"summary_large_image","twitter_misc":{"Est. reading time":"1 minute"},"schema":{"@context":"https:\/\/schema.org","@graph":[{"@type":"WebPage","@id":"https:\/\/velarogverkfaeri.is\/lykillausnir\/utivistarvorur\/oliulampar\/product\/petromax-hk500-fjosalugt-2\/","url":"https:\/\/velarogverkfaeri.is\/lykillausnir\/utivistarvorur\/oliulampar\/product\/petromax-hk500-fjosalugt-2\/","name":"Petromax Stormlukt HK500 Gyllt px5me-t - V\u00e9lar &amp; Verkf\u00e6ri","isPartOf":{"@id":"https:\/\/velarogverkfaeri.is\/en\/#website"},"primaryImageOfPage":{"@id":"https:\/\/velarogverkfaeri.is\/lykillausnir\/utivistarvorur\/oliulampar\/product\/petromax-hk500-fjosalugt-2\/#primaryimage"},"image":{"@id":"https:\/\/velarogverkfaeri.is\/lykillausnir\/utivistarvorur\/oliulampar\/product\/petromax-hk500-fjosalugt-2\/#primaryimage"},"thumbnailUrl":"https:\/\/velarogverkfaeri.is\/wp-content\/uploads\/2024\/06\/46410a75-33a7-4c6b-96f4-a269652444e2.jpg","datePublished":"2023-10-10T11:17:08+00:00","dateModified":"2025-12-18T13:16:35+00:00","breadcrumb":{"@id":"https:\/\/velarogverkfaeri.is\/lykillausnir\/utivistarvorur\/oliulampar\/product\/petromax-hk500-fjosalugt-2\/#breadcrumb"},"inLanguage":"en-US","potentialAction":[{"@type":"ReadAction","target":["https:\/\/velarogverkfaeri.is\/lykillausnir\/utivistarvorur\/oliulampar\/product\/petromax-hk500-fjosalugt-2\/"]}]},{"@type":"ImageObject","inLanguage":"en-US","@id":"https:\/\/velarogverkfaeri.is\/lykillausnir\/utivistarvorur\/oliulampar\/product\/petromax-hk500-fjosalugt-2\/#primaryimage","url":"https:\/\/velarogverkfaeri.is\/wp-content\/uploads\/2024\/06\/46410a75-33a7-4c6b-96f4-a269652444e2.jpg","contentUrl":"https:\/\/velarogverkfaeri.is\/wp-content\/uploads\/2024\/06\/46410a75-33a7-4c6b-96f4-a269652444e2.jpg","width":750,"height":1662},{"@type":"BreadcrumbList","@id":"https:\/\/velarogverkfaeri.is\/lykillausnir\/utivistarvorur\/oliulampar\/product\/petromax-hk500-fjosalugt-2\/#breadcrumb","itemListElement":[{"@type":"ListItem","position":1,"name":"Home","item":"https:\/\/velarogverkfaeri.is\/"},{"@type":"ListItem","position":2,"name":"Vefverslun","item":"https:\/\/velarogverkfaeri.is\/vefverslun\/"},{"@type":"ListItem","position":3,"name":"Petromax Stormlukt HK500 Gyllt px5me-t"}]},{"@type":"WebSite","@id":"https:\/\/velarogverkfaeri.is\/en\/#website","url":"https:\/\/velarogverkfaeri.is\/en\/","name":"V\u00e9lar & Verkf\u00e6ri","description":"Umbo\u00f0s- og heildverslun fr\u00e1 \u00e1rinu 1919","publisher":{"@id":"https:\/\/velarogverkfaeri.is\/en\/#organization"},"potentialAction":[{"@type":"SearchAction","target":{"@type":"EntryPoint","urlTemplate":"https:\/\/velarogverkfaeri.is\/en\/?s={search_term_string}"},"query-input":{"@type":"PropertyValueSpecification","valueRequired":true,"valueName":"search_term_string"}}],"inLanguage":"en-US"},{"@type":"Organization","@id":"https:\/\/velarogverkfaeri.is\/en\/#organization","name":"V\u00e9lar & Verkf\u00e6ri","url":"https:\/\/velarogverkfaeri.is\/en\/","logo":{"@type":"ImageObject","inLanguage":"en-US","@id":"https:\/\/velarogverkfaeri.is\/en\/#\/schema\/logo\/image\/","url":"https:\/\/velarogverkfaeri.is\/wp-content\/uploads\/2021\/10\/vv_logo_350x100.png","contentUrl":"https:\/\/velarogverkfaeri.is\/wp-content\/uploads\/2021\/10\/vv_logo_350x100.png","width":350,"height":100,"caption":"V\u00e9lar & Verkf\u00e6ri"},"image":{"@id":"https:\/\/velarogverkfaeri.is\/en\/#\/schema\/logo\/image\/"},"sameAs":["https:\/\/www.facebook.com\/VelarOgVerkfaeri"]}]}},"_links":{"self":[{"href":"https:\/\/velarogverkfaeri.is\/en\/wp-json\/wp\/v2\/product\/52953","targetHints":{"allow":["GET"]}}],"collection":[{"href":"https:\/\/velarogverkfaeri.is\/en\/wp-json\/wp\/v2\/product"}],"about":[{"href":"https:\/\/velarogverkfaeri.is\/en\/wp-json\/wp\/v2\/types\/product"}],"replies":[{"embeddable":true,"href":"https:\/\/velarogverkfaeri.is\/en\/wp-json\/wp\/v2\/comments?post=52953"}],"wp:featuredmedia":[{"embeddable":true,"href":"https:\/\/velarogverkfaeri.is\/en\/wp-json\/wp\/v2\/media\/61677"}],"wp:attachment":[{"href":"https:\/\/velarogverkfaeri.is\/en\/wp-json\/wp\/v2\/media?parent=52953"}],"wp:term":[{"taxonomy":"product_brand","embeddable":true,"href":"https:\/\/velarogverkfaeri.is\/en\/wp-json\/wp\/v2\/product_brand?post=52953"},{"taxonomy":"product_cat","embeddable":true,"href":"https:\/\/velarogverkfaeri.is\/en\/wp-json\/wp\/v2\/product_cat?post=52953"},{"taxonomy":"product_tag","embeddable":true,"href":"https:\/\/velarogverkfaeri.is\/en\/wp-json\/wp\/v2\/product_tag?post=52953"}],"curies":[{"name":"wp","href":"https:\/\/api.w.org\/{rel}","templated":true}]}}