{"id":52637,"date":"2023-10-10T11:19:27","date_gmt":"2023-10-10T11:19:27","guid":{"rendered":"https:\/\/vv-dev.webdev.is\/?post_type=product&#038;p=52637"},"modified":"2026-02-17T14:03:16","modified_gmt":"2026-02-17T14:03:16","slug":"randi-sylinderhringur-fyrir-assa-11mm-svartur-pvd-110028a11u","status":"publish","type":"product","link":"https:\/\/velarogverkfaeri.is\/en\/lykillausnir\/hurdabunadur-lykillausnir\/sylinderhringir\/product\/randi-sylinderhringur-fyrir-assa-11mm-svartur-pvd-110028a11u\/","title":{"rendered":"RANDI Sylinderhringur fyrir ASSA 11mm Svartur PVD 110028A11U"},"content":{"rendered":"<p><img decoding=\"async\" src=\"data:image\/png;base64,iVBORw0KGgoAAAANSUhEUgAAAJcAAAAdCAYAAACntP7HAAAAAXNSR0IArs4c6QAAAARnQU1BAACxjwv8YQUAAAAJcEhZcwAADsMAAA7DAcdvqGQAAAbYSURBVHhe7ZsPTJRlHMe\/ZZPN7WgF5KbMReb\/tGknu4mNvCVyTjxX3ml6ml1zA4aioOc\/iJ1nidcULMY5i6sUSiE3gQq93J1OaQQmOgXBQgwPZ6lrcbMJ0739nvd9gku5OBo3Rj2f7b3n\/f153ud53\/d3z+\/3HOMxiYBAEAIe561AMOCI4BKEDBFcgpAhgksQMkRwCUKGCC5ByBDBJQgZIrgEIUMElyBkBA6utmIsmjIT4\/\/peL0YXnI9tYXJJjjblK694T1gwvhpicg9xxV94HWSP42ReZIrhjoPutByuhiZRi22BbqnYHyGEIGDa0QM5i3Ww8APzRhFHT2rR2eYG4MwRd0nHZ1dctt5V2n\/P3Shfl8qtPEGWL9T4fmnfbjHLT0E4zMEYX9bDIaTm9XSuMlqKcPDFX4otuVS0c9cMQBcL1oecLyhRaf00+Wr0r37isSe1aP3FIzP0GNAa65ffyhGmi5OTmdTZ5uRW+vjlt7TXMcF8l+gVVLsDC2WbClHSyc3PoyvGpnx5DeN0m8rU5DM+hkdqHRaoNOw1DwTauNe1PQMS6nGh3o\/+1RdKvJO+zsAt07YsWS2Mm95HjYPvP7z+MUD6zItpjL7lDiol9nhagt2BR6OsRNphR\/GxV4JxuchTmZD\/V6dMvcFRmi1WqgXZKPyF7LJ89VDm6CHerYeaYda0XM79Nw0dtQwnxVG6BISyceIzG\/u0LO6A5fNLPfTztZCm14W+H0EwQAGVzOctgogVgfDqzHAbxfhXOtAzQNufphzduiW7YXL9yySWIp9ORKNFTugSy7HLe7Sja8O1jfWofJ2BJI+cMBMl++mwYmtNOyMeXokvRiBjoZirHyvmhu7cGq7AUt2e9AxKZFSeSKmd9bBkUzph9d+nfSSdPQQGyP1yNljR05SJOoPWaDd4lFeyB\/0MvQWlDRFYnG2HQXZOkRdKqMvRRZcf8iXGDQ6Kt5HIVJw+KtSuN1uuDcAuanrsHp7K0yflMPtKsfZU\/mYUpaCvAu8E8N3DNYiYP2npahyHcPZqnRgVzpWr7WhZek+uZ\/7jBsfvVCOlfkXead\/AV\/B+qTvtLhQ2nmeK4jjGxTdnkuK\/Pc0d1sqXfVoKu1Or14\/\/2+vSkUGZWx90VXuyTgjZZBu3Nx86RxPJ9J9N9cVSg1MvlwozWHy2irpd9mBuFkqGZlu8xlZVMY0SIVXZJFolypybdLWd44q1\/BkyWMnOnrGvv51PtltUullrugHwaS8YHzkedF93eOiQpO0Z+6j5cmvZSn07Nq5xJ7bRqniLhc5DXkL\/Xw4t45KK147KF3nYn8ZwJVLhWee4qdE2BPs8wa8jyxDjCbU1FIzOq57o8CI31mHK7TymEdzBdGyPxu5DUD4fDsO\/G3J4qgiEPVXOhk2XGnbb8irn7e2Wt7NRg\/3oea4By52nL8hu+BKq2yb\/NJM+mxF4cZsOI83w+uLRNKmLLxr1WMy85ukhoau37J\/EzKdHjS2+xA1P53sWTBMZA6DyAjVQxsqFZ5UxWCs3zNlREVG8LO\/CEP4CH7KCQ9XYexzo7jEiYxEFD\/9NwxozdVvVCqE89NANDY0y21HbR1aAqXYQNxXGu83dqRlWPhRjHpFLRO1eBcOZ85BVNsx5GaYoNVQTWWkmorVLoyRehQcTEfCyHZU7rZgUQLVXhoTrCeoRhH8I4MbXD4fOvhpQKakoGDNBOA21Tm7+pn\/5dUT0FiP0YrIVkW\/44gJ0bJVhelmO9znqnHWVYyC5DiENdBYqxxolO30rX7RhIKqalysKcfRPWbEhzWjJN2MvCbuIOiVQQquidDEUtNejZruH1674MpguzHaDbZzFZGUakbCahvWUwq6VbKxuxAPhujYODmAar6gXajfqtdx4SKXW+F8i3ZGixyofzAc4aMnIGGNBW+zdNempNaWA6m0ezIij8YNU43C5HkpyHmTgp2l\/JvsGoJADFJwRcCwxkD5vBm5K8zIzNmBbckmpB0nU6wBSX41l8ywGKRsN1Og3EHJejsFAtf3xUQTchZSvdHkwKLXLdjGxkk3Im6ZGSs\/ZOk2BglzVPD+6ETair0ooZqsZFcWitiKFKuWa66xr8xC+M1WONabkXuIarZDe5H5GfUdNhOaSWwQQSAGLy3OsKDqc6plVNdQ+WU5ympvY\/pSO6o\/1vdeRLL0uJoKzn6lRxXid5TJNVX0TQ\/K2DjfA9OT81HFUi0RvdKBw9mJiG4rhZVqMuvha4hemIWqfXweY0w4cNBCAX8NJTaq2WylaBmdiHeP5MMwUr6EIADiv38EIWNwC3rBfxoRXIKQIYJLEDJEcAlChgguQcgQwSUIEcCfA29Xr+Rcr18AAAAASUVORK5CYII=\" alt=\"\"><\/p>","protected":false},"excerpt":{"rendered":"<p>Tegund:&nbsp;110028A11U<\/p>","protected":false},"featured_media":80393,"comment_status":"closed","ping_status":"closed","template":"","meta":[],"product_brand":[],"product_cat":[518,597,545,517,909,1134],"product_tag":[],"class_list":{"0":"post-52637","1":"product","2":"type-product","3":"status-publish","4":"has-post-thumbnail","6":"product_cat-honnunarlausnir","7":"product_cat-hurdabunadur-lykillausnir","8":"product_cat-hurdabunadur","9":"product_cat-lykillausnir","10":"product_cat-sylinderhringir","11":"product_cat-sylinderhringir-hurdabunadur","13":"first","14":"instock","15":"taxable","16":"shipping-taxable","17":"purchasable","18":"product-type-simple"},"yoast_head":"<!-- This site is optimized with the Yoast SEO plugin v27.3 - https:\/\/yoast.com\/product\/yoast-seo-wordpress\/ -->\n<title>RANDI Sylinderhringur fyrir ASSA 11mm Svartur PVD 110028A11U - V\u00e9lar &amp; Verkf\u00e6ri<\/title>\n<meta name=\"robots\" content=\"index, follow, max-snippet:-1, max-image-preview:large, max-video-preview:-1\" \/>\n<link rel=\"canonical\" href=\"https:\/\/velarogverkfaeri.is\/en\/lykillausnir\/hurdabunadur-lykillausnir\/sylinderhringir\/product\/randi-sylinderhringur-fyrir-assa-11mm-svartur-pvd-110028a11u\/\" \/>\n<meta property=\"og:locale\" content=\"en_US\" \/>\n<meta property=\"og:type\" content=\"article\" \/>\n<meta property=\"og:title\" content=\"RANDI Sylinderhringur fyrir ASSA 11mm Svartur PVD 110028A11U - V\u00e9lar &amp; Verkf\u00e6ri\" \/>\n<meta property=\"og:description\" content=\"Tegund:&nbsp;110028A11U\" \/>\n<meta property=\"og:url\" content=\"https:\/\/velarogverkfaeri.is\/en\/lykillausnir\/hurdabunadur-lykillausnir\/sylinderhringir\/product\/randi-sylinderhringur-fyrir-assa-11mm-svartur-pvd-110028a11u\/\" \/>\n<meta property=\"og:site_name\" content=\"V\u00e9lar &amp; Verkf\u00e6ri\" \/>\n<meta property=\"article:publisher\" content=\"https:\/\/www.facebook.com\/VelarOgVerkfaeri\" \/>\n<meta property=\"article:modified_time\" content=\"2026-02-17T14:03:16+00:00\" \/>\n<meta name=\"twitter:card\" content=\"summary_large_image\" \/>\n<script type=\"application\/ld+json\" class=\"yoast-schema-graph\">{\"@context\":\"https:\\\/\\\/schema.org\",\"@graph\":[{\"@type\":\"WebPage\",\"@id\":\"https:\\\/\\\/velarogverkfaeri.is\\\/lykillausnir\\\/hurdabunadur-lykillausnir\\\/sylinderhringir\\\/product\\\/randi-sylinderhringur-fyrir-assa-11mm-svartur-pvd-110028a11u\\\/\",\"url\":\"https:\\\/\\\/velarogverkfaeri.is\\\/lykillausnir\\\/hurdabunadur-lykillausnir\\\/sylinderhringir\\\/product\\\/randi-sylinderhringur-fyrir-assa-11mm-svartur-pvd-110028a11u\\\/\",\"name\":\"RANDI Sylinderhringur fyrir ASSA 11mm Svartur PVD 110028A11U - V\u00e9lar &amp; Verkf\u00e6ri\",\"isPartOf\":{\"@id\":\"https:\\\/\\\/velarogverkfaeri.is\\\/en\\\/#website\"},\"primaryImageOfPage\":{\"@id\":\"https:\\\/\\\/velarogverkfaeri.is\\\/lykillausnir\\\/hurdabunadur-lykillausnir\\\/sylinderhringir\\\/product\\\/randi-sylinderhringur-fyrir-assa-11mm-svartur-pvd-110028a11u\\\/#primaryimage\"},\"image\":{\"@id\":\"https:\\\/\\\/velarogverkfaeri.is\\\/lykillausnir\\\/hurdabunadur-lykillausnir\\\/sylinderhringir\\\/product\\\/randi-sylinderhringur-fyrir-assa-11mm-svartur-pvd-110028a11u\\\/#primaryimage\"},\"thumbnailUrl\":\"https:\\\/\\\/velarogverkfaeri.is\\\/wp-content\\\/uploads\\\/2026\\\/02\\\/6cae0cf5-344a-4577-b2fb-a5d94d0f5b2d.png\",\"datePublished\":\"2023-10-10T11:19:27+00:00\",\"dateModified\":\"2026-02-17T14:03:16+00:00\",\"breadcrumb\":{\"@id\":\"https:\\\/\\\/velarogverkfaeri.is\\\/lykillausnir\\\/hurdabunadur-lykillausnir\\\/sylinderhringir\\\/product\\\/randi-sylinderhringur-fyrir-assa-11mm-svartur-pvd-110028a11u\\\/#breadcrumb\"},\"inLanguage\":\"en-US\",\"potentialAction\":[{\"@type\":\"ReadAction\",\"target\":[\"https:\\\/\\\/velarogverkfaeri.is\\\/lykillausnir\\\/hurdabunadur-lykillausnir\\\/sylinderhringir\\\/product\\\/randi-sylinderhringur-fyrir-assa-11mm-svartur-pvd-110028a11u\\\/\"]}]},{\"@type\":\"ImageObject\",\"inLanguage\":\"en-US\",\"@id\":\"https:\\\/\\\/velarogverkfaeri.is\\\/lykillausnir\\\/hurdabunadur-lykillausnir\\\/sylinderhringir\\\/product\\\/randi-sylinderhringur-fyrir-assa-11mm-svartur-pvd-110028a11u\\\/#primaryimage\",\"url\":\"https:\\\/\\\/velarogverkfaeri.is\\\/wp-content\\\/uploads\\\/2026\\\/02\\\/6cae0cf5-344a-4577-b2fb-a5d94d0f5b2d.png\",\"contentUrl\":\"https:\\\/\\\/velarogverkfaeri.is\\\/wp-content\\\/uploads\\\/2026\\\/02\\\/6cae0cf5-344a-4577-b2fb-a5d94d0f5b2d.png\",\"width\":748,\"height\":724},{\"@type\":\"BreadcrumbList\",\"@id\":\"https:\\\/\\\/velarogverkfaeri.is\\\/lykillausnir\\\/hurdabunadur-lykillausnir\\\/sylinderhringir\\\/product\\\/randi-sylinderhringur-fyrir-assa-11mm-svartur-pvd-110028a11u\\\/#breadcrumb\",\"itemListElement\":[{\"@type\":\"ListItem\",\"position\":1,\"name\":\"Home\",\"item\":\"https:\\\/\\\/velarogverkfaeri.is\\\/\"},{\"@type\":\"ListItem\",\"position\":2,\"name\":\"Vefverslun\",\"item\":\"https:\\\/\\\/velarogverkfaeri.is\\\/vefverslun\\\/\"},{\"@type\":\"ListItem\",\"position\":3,\"name\":\"RANDI Sylinderhringur fyrir ASSA 11mm Svartur PVD 110028A11U\"}]},{\"@type\":\"WebSite\",\"@id\":\"https:\\\/\\\/velarogverkfaeri.is\\\/en\\\/#website\",\"url\":\"https:\\\/\\\/velarogverkfaeri.is\\\/en\\\/\",\"name\":\"V\u00e9lar & Verkf\u00e6ri\",\"description\":\"Umbo\u00f0s- og heildverslun fr\u00e1 \u00e1rinu 1919\",\"publisher\":{\"@id\":\"https:\\\/\\\/velarogverkfaeri.is\\\/en\\\/#organization\"},\"potentialAction\":[{\"@type\":\"SearchAction\",\"target\":{\"@type\":\"EntryPoint\",\"urlTemplate\":\"https:\\\/\\\/velarogverkfaeri.is\\\/en\\\/?s={search_term_string}\"},\"query-input\":{\"@type\":\"PropertyValueSpecification\",\"valueRequired\":true,\"valueName\":\"search_term_string\"}}],\"inLanguage\":\"en-US\"},{\"@type\":\"Organization\",\"@id\":\"https:\\\/\\\/velarogverkfaeri.is\\\/en\\\/#organization\",\"name\":\"V\u00e9lar & Verkf\u00e6ri\",\"url\":\"https:\\\/\\\/velarogverkfaeri.is\\\/en\\\/\",\"logo\":{\"@type\":\"ImageObject\",\"inLanguage\":\"en-US\",\"@id\":\"https:\\\/\\\/velarogverkfaeri.is\\\/en\\\/#\\\/schema\\\/logo\\\/image\\\/\",\"url\":\"https:\\\/\\\/velarogverkfaeri.is\\\/wp-content\\\/uploads\\\/2021\\\/10\\\/vv_logo_350x100.png\",\"contentUrl\":\"https:\\\/\\\/velarogverkfaeri.is\\\/wp-content\\\/uploads\\\/2021\\\/10\\\/vv_logo_350x100.png\",\"width\":350,\"height\":100,\"caption\":\"V\u00e9lar & Verkf\u00e6ri\"},\"image\":{\"@id\":\"https:\\\/\\\/velarogverkfaeri.is\\\/en\\\/#\\\/schema\\\/logo\\\/image\\\/\"},\"sameAs\":[\"https:\\\/\\\/www.facebook.com\\\/VelarOgVerkfaeri\"]}]}<\/script>\n<!-- \/ Yoast SEO plugin. -->","yoast_head_json":{"title":"RANDI Sylinderhringur fyrir ASSA 11mm Svartur PVD 110028A11U - V\u00e9lar &amp; Verkf\u00e6ri","robots":{"index":"index","follow":"follow","max-snippet":"max-snippet:-1","max-image-preview":"max-image-preview:large","max-video-preview":"max-video-preview:-1"},"canonical":"https:\/\/velarogverkfaeri.is\/en\/lykillausnir\/hurdabunadur-lykillausnir\/sylinderhringir\/product\/randi-sylinderhringur-fyrir-assa-11mm-svartur-pvd-110028a11u\/","og_locale":"en_US","og_type":"article","og_title":"RANDI Sylinderhringur fyrir ASSA 11mm Svartur PVD 110028A11U - V\u00e9lar &amp; Verkf\u00e6ri","og_description":"Tegund:&nbsp;110028A11U","og_url":"https:\/\/velarogverkfaeri.is\/en\/lykillausnir\/hurdabunadur-lykillausnir\/sylinderhringir\/product\/randi-sylinderhringur-fyrir-assa-11mm-svartur-pvd-110028a11u\/","og_site_name":"V\u00e9lar &amp; Verkf\u00e6ri","article_publisher":"https:\/\/www.facebook.com\/VelarOgVerkfaeri","article_modified_time":"2026-02-17T14:03:16+00:00","twitter_card":"summary_large_image","schema":{"@context":"https:\/\/schema.org","@graph":[{"@type":"WebPage","@id":"https:\/\/velarogverkfaeri.is\/lykillausnir\/hurdabunadur-lykillausnir\/sylinderhringir\/product\/randi-sylinderhringur-fyrir-assa-11mm-svartur-pvd-110028a11u\/","url":"https:\/\/velarogverkfaeri.is\/lykillausnir\/hurdabunadur-lykillausnir\/sylinderhringir\/product\/randi-sylinderhringur-fyrir-assa-11mm-svartur-pvd-110028a11u\/","name":"RANDI Sylinderhringur fyrir ASSA 11mm Svartur PVD 110028A11U - V\u00e9lar &amp; Verkf\u00e6ri","isPartOf":{"@id":"https:\/\/velarogverkfaeri.is\/en\/#website"},"primaryImageOfPage":{"@id":"https:\/\/velarogverkfaeri.is\/lykillausnir\/hurdabunadur-lykillausnir\/sylinderhringir\/product\/randi-sylinderhringur-fyrir-assa-11mm-svartur-pvd-110028a11u\/#primaryimage"},"image":{"@id":"https:\/\/velarogverkfaeri.is\/lykillausnir\/hurdabunadur-lykillausnir\/sylinderhringir\/product\/randi-sylinderhringur-fyrir-assa-11mm-svartur-pvd-110028a11u\/#primaryimage"},"thumbnailUrl":"https:\/\/velarogverkfaeri.is\/wp-content\/uploads\/2026\/02\/6cae0cf5-344a-4577-b2fb-a5d94d0f5b2d.png","datePublished":"2023-10-10T11:19:27+00:00","dateModified":"2026-02-17T14:03:16+00:00","breadcrumb":{"@id":"https:\/\/velarogverkfaeri.is\/lykillausnir\/hurdabunadur-lykillausnir\/sylinderhringir\/product\/randi-sylinderhringur-fyrir-assa-11mm-svartur-pvd-110028a11u\/#breadcrumb"},"inLanguage":"en-US","potentialAction":[{"@type":"ReadAction","target":["https:\/\/velarogverkfaeri.is\/lykillausnir\/hurdabunadur-lykillausnir\/sylinderhringir\/product\/randi-sylinderhringur-fyrir-assa-11mm-svartur-pvd-110028a11u\/"]}]},{"@type":"ImageObject","inLanguage":"en-US","@id":"https:\/\/velarogverkfaeri.is\/lykillausnir\/hurdabunadur-lykillausnir\/sylinderhringir\/product\/randi-sylinderhringur-fyrir-assa-11mm-svartur-pvd-110028a11u\/#primaryimage","url":"https:\/\/velarogverkfaeri.is\/wp-content\/uploads\/2026\/02\/6cae0cf5-344a-4577-b2fb-a5d94d0f5b2d.png","contentUrl":"https:\/\/velarogverkfaeri.is\/wp-content\/uploads\/2026\/02\/6cae0cf5-344a-4577-b2fb-a5d94d0f5b2d.png","width":748,"height":724},{"@type":"BreadcrumbList","@id":"https:\/\/velarogverkfaeri.is\/lykillausnir\/hurdabunadur-lykillausnir\/sylinderhringir\/product\/randi-sylinderhringur-fyrir-assa-11mm-svartur-pvd-110028a11u\/#breadcrumb","itemListElement":[{"@type":"ListItem","position":1,"name":"Home","item":"https:\/\/velarogverkfaeri.is\/"},{"@type":"ListItem","position":2,"name":"Vefverslun","item":"https:\/\/velarogverkfaeri.is\/vefverslun\/"},{"@type":"ListItem","position":3,"name":"RANDI Sylinderhringur fyrir ASSA 11mm Svartur PVD 110028A11U"}]},{"@type":"WebSite","@id":"https:\/\/velarogverkfaeri.is\/en\/#website","url":"https:\/\/velarogverkfaeri.is\/en\/","name":"V\u00e9lar & Verkf\u00e6ri","description":"Umbo\u00f0s- og heildverslun fr\u00e1 \u00e1rinu 1919","publisher":{"@id":"https:\/\/velarogverkfaeri.is\/en\/#organization"},"potentialAction":[{"@type":"SearchAction","target":{"@type":"EntryPoint","urlTemplate":"https:\/\/velarogverkfaeri.is\/en\/?s={search_term_string}"},"query-input":{"@type":"PropertyValueSpecification","valueRequired":true,"valueName":"search_term_string"}}],"inLanguage":"en-US"},{"@type":"Organization","@id":"https:\/\/velarogverkfaeri.is\/en\/#organization","name":"V\u00e9lar & Verkf\u00e6ri","url":"https:\/\/velarogverkfaeri.is\/en\/","logo":{"@type":"ImageObject","inLanguage":"en-US","@id":"https:\/\/velarogverkfaeri.is\/en\/#\/schema\/logo\/image\/","url":"https:\/\/velarogverkfaeri.is\/wp-content\/uploads\/2021\/10\/vv_logo_350x100.png","contentUrl":"https:\/\/velarogverkfaeri.is\/wp-content\/uploads\/2021\/10\/vv_logo_350x100.png","width":350,"height":100,"caption":"V\u00e9lar & Verkf\u00e6ri"},"image":{"@id":"https:\/\/velarogverkfaeri.is\/en\/#\/schema\/logo\/image\/"},"sameAs":["https:\/\/www.facebook.com\/VelarOgVerkfaeri"]}]}},"_links":{"self":[{"href":"https:\/\/velarogverkfaeri.is\/en\/wp-json\/wp\/v2\/product\/52637","targetHints":{"allow":["GET"]}}],"collection":[{"href":"https:\/\/velarogverkfaeri.is\/en\/wp-json\/wp\/v2\/product"}],"about":[{"href":"https:\/\/velarogverkfaeri.is\/en\/wp-json\/wp\/v2\/types\/product"}],"replies":[{"embeddable":true,"href":"https:\/\/velarogverkfaeri.is\/en\/wp-json\/wp\/v2\/comments?post=52637"}],"wp:featuredmedia":[{"embeddable":true,"href":"https:\/\/velarogverkfaeri.is\/en\/wp-json\/wp\/v2\/media\/80393"}],"wp:attachment":[{"href":"https:\/\/velarogverkfaeri.is\/en\/wp-json\/wp\/v2\/media?parent=52637"}],"wp:term":[{"taxonomy":"product_brand","embeddable":true,"href":"https:\/\/velarogverkfaeri.is\/en\/wp-json\/wp\/v2\/product_brand?post=52637"},{"taxonomy":"product_cat","embeddable":true,"href":"https:\/\/velarogverkfaeri.is\/en\/wp-json\/wp\/v2\/product_cat?post=52637"},{"taxonomy":"product_tag","embeddable":true,"href":"https:\/\/velarogverkfaeri.is\/en\/wp-json\/wp\/v2\/product_tag?post=52637"}],"curies":[{"name":"wp","href":"https:\/\/api.w.org\/{rel}","templated":true}]}}