{"id":52514,"date":"2023-10-10T11:20:31","date_gmt":"2023-10-10T11:20:31","guid":{"rendered":"https:\/\/vv-dev.webdev.is\/?post_type=product&#038;p=52514"},"modified":"2026-03-29T10:45:50","modified_gmt":"2026-03-29T10:45:50","slug":"scandtap-eldhustaeki-steel-accent-rydfr","status":"publish","type":"product","link":"https:\/\/velarogverkfaeri.is\/en\/honnunarlausnir\/heimilid\/eldhus\/blondunartaeki-eldhus\/product\/scandtap-eldhustaeki-steel-accent-rydfr\/","title":{"rendered":"SCANDTAP bl\u00f6ndunart\u00e6ki fyrir eldh\u00fas Steel Accent"},"content":{"rendered":"<p class=\"MsoNormal\"><b>Efni<\/b>: Ry\u00f0fr\u00edtt st\u00e1l <o:p><\/o:p><\/p>\n<p class=\"MsoNormal\"><b>Litur: <\/b>Ry\u00f0fr\u00edtt st\u00e1l (einnig f\u00e1anlegt \u00ed fleiri litum<br \/>\neins og &nbsp;Sand, Amber, Shadow, Classic,<br \/>\nRust, Scrap, Coal)<o:p><\/o:p><\/p>\n<p class=\"MsoNormal\"><b>H\u00f6gg\u00feolnar v\u00f6rur<\/b>: Hentar vel fyrir fj\u00f6lskylduheimili<o:p><\/o:p><\/p>\n<p class=\"MsoNormal\">H\u00e6gt er a\u00f0 draga h\u00f6fu\u00f0 \u00fat til a\u00f0 au\u00f0velda \u00ferif og a\u00f0gang a\u00f0 \u00f6llum<br \/>\nhornum vasksins.<o:p><\/o:p><\/p>","protected":false},"excerpt":{"rendered":"<p>\u200b<span class=\"relative -mx-px my-[-0.2rem] rounded px-px py-[0.2rem] transition-colors duration-100 ease-in-out\">Scandtap Steel Accent er h\u00e1g\u00e6\u00f0a eldh\u00fast\u00e6ki me\u00f0 n\u00fat\u00edmalegri h\u00f6nnun og endingarg\u00f3\u00f0u efni.<\/span><\/p>\n","protected":false},"featured_media":71503,"comment_status":"closed","ping_status":"closed","template":"","meta":[],"product_brand":[],"product_cat":[1057,565,544,518],"product_tag":[950],"class_list":{"0":"post-52514","1":"product","2":"type-product","3":"status-publish","4":"has-post-thumbnail","6":"product_cat-blondunartaeki-eldhus","7":"product_cat-eldhus","8":"product_cat-heimilid","9":"product_cat-honnunarlausnir","10":"product_tag-scandtap","12":"first","13":"instock","14":"taxable","15":"shipping-taxable","16":"purchasable","17":"product-type-simple"},"yoast_head":"<!-- This site is optimized with the Yoast SEO plugin v27.3 - https:\/\/yoast.com\/product\/yoast-seo-wordpress\/ -->\n<title>SCANDTAP bl\u00f6ndunart\u00e6ki fyrir eldh\u00fas Steel Accent - V\u00e9lar &amp; Verkf\u00e6ri<\/title>\n<meta name=\"robots\" content=\"index, follow, max-snippet:-1, max-image-preview:large, max-video-preview:-1\" \/>\n<link rel=\"canonical\" href=\"https:\/\/velarogverkfaeri.is\/en\/lykillausnir\/heimilid-lykillausnir\/eldhus-heimilid-lykillausnir\/product\/scandtap-eldhustaeki-steel-accent-rydfr\/\" \/>\n<meta property=\"og:locale\" content=\"en_US\" \/>\n<meta property=\"og:type\" content=\"article\" \/>\n<meta property=\"og:title\" content=\"SCANDTAP bl\u00f6ndunart\u00e6ki fyrir eldh\u00fas Steel Accent - V\u00e9lar &amp; Verkf\u00e6ri\" \/>\n<meta property=\"og:description\" content=\"\u200bScandtap Steel Accent er h\u00e1g\u00e6\u00f0a eldh\u00fast\u00e6ki me\u00f0 n\u00fat\u00edmalegri h\u00f6nnun og endingarg\u00f3\u00f0u efni.\" \/>\n<meta property=\"og:url\" content=\"https:\/\/velarogverkfaeri.is\/en\/lykillausnir\/heimilid-lykillausnir\/eldhus-heimilid-lykillausnir\/product\/scandtap-eldhustaeki-steel-accent-rydfr\/\" \/>\n<meta property=\"og:site_name\" content=\"V\u00e9lar &amp; Verkf\u00e6ri\" \/>\n<meta property=\"article:publisher\" content=\"https:\/\/www.facebook.com\/VelarOgVerkfaeri\" \/>\n<meta property=\"article:modified_time\" content=\"2026-03-29T10:45:50+00:00\" \/>\n<meta property=\"og:image\" content=\"https:\/\/velarogverkfaeri.is\/wp-content\/uploads\/2025\/04\/c7c0fc61-370a-4974-98f8-322219198f50.jpeg\" \/>\n\t<meta property=\"og:image:width\" content=\"1200\" \/>\n\t<meta property=\"og:image:height\" content=\"1200\" \/>\n\t<meta property=\"og:image:type\" content=\"image\/jpeg\" \/>\n<meta name=\"twitter:card\" content=\"summary_large_image\" \/>\n<script type=\"application\/ld+json\" class=\"yoast-schema-graph\">{\"@context\":\"https:\\\/\\\/schema.org\",\"@graph\":[{\"@type\":\"WebPage\",\"@id\":\"https:\\\/\\\/velarogverkfaeri.is\\\/lykillausnir\\\/heimilid-lykillausnir\\\/eldhus-heimilid-lykillausnir\\\/product\\\/scandtap-eldhustaeki-steel-accent-rydfr\\\/\",\"url\":\"https:\\\/\\\/velarogverkfaeri.is\\\/lykillausnir\\\/heimilid-lykillausnir\\\/eldhus-heimilid-lykillausnir\\\/product\\\/scandtap-eldhustaeki-steel-accent-rydfr\\\/\",\"name\":\"SCANDTAP bl\u00f6ndunart\u00e6ki fyrir eldh\u00fas Steel Accent - V\u00e9lar &amp; Verkf\u00e6ri\",\"isPartOf\":{\"@id\":\"https:\\\/\\\/velarogverkfaeri.is\\\/en\\\/#website\"},\"primaryImageOfPage\":{\"@id\":\"https:\\\/\\\/velarogverkfaeri.is\\\/lykillausnir\\\/heimilid-lykillausnir\\\/eldhus-heimilid-lykillausnir\\\/product\\\/scandtap-eldhustaeki-steel-accent-rydfr\\\/#primaryimage\"},\"image\":{\"@id\":\"https:\\\/\\\/velarogverkfaeri.is\\\/lykillausnir\\\/heimilid-lykillausnir\\\/eldhus-heimilid-lykillausnir\\\/product\\\/scandtap-eldhustaeki-steel-accent-rydfr\\\/#primaryimage\"},\"thumbnailUrl\":\"https:\\\/\\\/velarogverkfaeri.is\\\/wp-content\\\/uploads\\\/2025\\\/04\\\/c7c0fc61-370a-4974-98f8-322219198f50.jpeg\",\"datePublished\":\"2023-10-10T11:20:31+00:00\",\"dateModified\":\"2026-03-29T10:45:50+00:00\",\"breadcrumb\":{\"@id\":\"https:\\\/\\\/velarogverkfaeri.is\\\/lykillausnir\\\/heimilid-lykillausnir\\\/eldhus-heimilid-lykillausnir\\\/product\\\/scandtap-eldhustaeki-steel-accent-rydfr\\\/#breadcrumb\"},\"inLanguage\":\"en-US\",\"potentialAction\":[{\"@type\":\"ReadAction\",\"target\":[\"https:\\\/\\\/velarogverkfaeri.is\\\/lykillausnir\\\/heimilid-lykillausnir\\\/eldhus-heimilid-lykillausnir\\\/product\\\/scandtap-eldhustaeki-steel-accent-rydfr\\\/\"]}]},{\"@type\":\"ImageObject\",\"inLanguage\":\"en-US\",\"@id\":\"https:\\\/\\\/velarogverkfaeri.is\\\/lykillausnir\\\/heimilid-lykillausnir\\\/eldhus-heimilid-lykillausnir\\\/product\\\/scandtap-eldhustaeki-steel-accent-rydfr\\\/#primaryimage\",\"url\":\"https:\\\/\\\/velarogverkfaeri.is\\\/wp-content\\\/uploads\\\/2025\\\/04\\\/c7c0fc61-370a-4974-98f8-322219198f50.jpeg\",\"contentUrl\":\"https:\\\/\\\/velarogverkfaeri.is\\\/wp-content\\\/uploads\\\/2025\\\/04\\\/c7c0fc61-370a-4974-98f8-322219198f50.jpeg\",\"width\":1200,\"height\":1200},{\"@type\":\"BreadcrumbList\",\"@id\":\"https:\\\/\\\/velarogverkfaeri.is\\\/lykillausnir\\\/heimilid-lykillausnir\\\/eldhus-heimilid-lykillausnir\\\/product\\\/scandtap-eldhustaeki-steel-accent-rydfr\\\/#breadcrumb\",\"itemListElement\":[{\"@type\":\"ListItem\",\"position\":1,\"name\":\"Home\",\"item\":\"https:\\\/\\\/velarogverkfaeri.is\\\/\"},{\"@type\":\"ListItem\",\"position\":2,\"name\":\"Vefverslun\",\"item\":\"https:\\\/\\\/velarogverkfaeri.is\\\/vefverslun\\\/\"},{\"@type\":\"ListItem\",\"position\":3,\"name\":\"SCANDTAP bl\u00f6ndunart\u00e6ki fyrir eldh\u00fas Steel Accent\"}]},{\"@type\":\"WebSite\",\"@id\":\"https:\\\/\\\/velarogverkfaeri.is\\\/en\\\/#website\",\"url\":\"https:\\\/\\\/velarogverkfaeri.is\\\/en\\\/\",\"name\":\"V\u00e9lar & Verkf\u00e6ri\",\"description\":\"Umbo\u00f0s- og heildverslun fr\u00e1 \u00e1rinu 1919\",\"publisher\":{\"@id\":\"https:\\\/\\\/velarogverkfaeri.is\\\/en\\\/#organization\"},\"potentialAction\":[{\"@type\":\"SearchAction\",\"target\":{\"@type\":\"EntryPoint\",\"urlTemplate\":\"https:\\\/\\\/velarogverkfaeri.is\\\/en\\\/?s={search_term_string}\"},\"query-input\":{\"@type\":\"PropertyValueSpecification\",\"valueRequired\":true,\"valueName\":\"search_term_string\"}}],\"inLanguage\":\"en-US\"},{\"@type\":\"Organization\",\"@id\":\"https:\\\/\\\/velarogverkfaeri.is\\\/en\\\/#organization\",\"name\":\"V\u00e9lar & Verkf\u00e6ri\",\"url\":\"https:\\\/\\\/velarogverkfaeri.is\\\/en\\\/\",\"logo\":{\"@type\":\"ImageObject\",\"inLanguage\":\"en-US\",\"@id\":\"https:\\\/\\\/velarogverkfaeri.is\\\/en\\\/#\\\/schema\\\/logo\\\/image\\\/\",\"url\":\"https:\\\/\\\/velarogverkfaeri.is\\\/wp-content\\\/uploads\\\/2021\\\/10\\\/vv_logo_350x100.png\",\"contentUrl\":\"https:\\\/\\\/velarogverkfaeri.is\\\/wp-content\\\/uploads\\\/2021\\\/10\\\/vv_logo_350x100.png\",\"width\":350,\"height\":100,\"caption\":\"V\u00e9lar & Verkf\u00e6ri\"},\"image\":{\"@id\":\"https:\\\/\\\/velarogverkfaeri.is\\\/en\\\/#\\\/schema\\\/logo\\\/image\\\/\"},\"sameAs\":[\"https:\\\/\\\/www.facebook.com\\\/VelarOgVerkfaeri\"]}]}<\/script>\n<!-- \/ Yoast SEO plugin. -->","yoast_head_json":{"title":"SCANDTAP bl\u00f6ndunart\u00e6ki fyrir eldh\u00fas Steel Accent - V\u00e9lar &amp; Verkf\u00e6ri","robots":{"index":"index","follow":"follow","max-snippet":"max-snippet:-1","max-image-preview":"max-image-preview:large","max-video-preview":"max-video-preview:-1"},"canonical":"https:\/\/velarogverkfaeri.is\/en\/lykillausnir\/heimilid-lykillausnir\/eldhus-heimilid-lykillausnir\/product\/scandtap-eldhustaeki-steel-accent-rydfr\/","og_locale":"en_US","og_type":"article","og_title":"SCANDTAP bl\u00f6ndunart\u00e6ki fyrir eldh\u00fas Steel Accent - V\u00e9lar &amp; Verkf\u00e6ri","og_description":"\u200bScandtap Steel Accent er h\u00e1g\u00e6\u00f0a eldh\u00fast\u00e6ki me\u00f0 n\u00fat\u00edmalegri h\u00f6nnun og endingarg\u00f3\u00f0u efni.","og_url":"https:\/\/velarogverkfaeri.is\/en\/lykillausnir\/heimilid-lykillausnir\/eldhus-heimilid-lykillausnir\/product\/scandtap-eldhustaeki-steel-accent-rydfr\/","og_site_name":"V\u00e9lar &amp; Verkf\u00e6ri","article_publisher":"https:\/\/www.facebook.com\/VelarOgVerkfaeri","article_modified_time":"2026-03-29T10:45:50+00:00","og_image":[{"width":1200,"height":1200,"url":"https:\/\/velarogverkfaeri.is\/wp-content\/uploads\/2025\/04\/c7c0fc61-370a-4974-98f8-322219198f50.jpeg","type":"image\/jpeg"}],"twitter_card":"summary_large_image","schema":{"@context":"https:\/\/schema.org","@graph":[{"@type":"WebPage","@id":"https:\/\/velarogverkfaeri.is\/lykillausnir\/heimilid-lykillausnir\/eldhus-heimilid-lykillausnir\/product\/scandtap-eldhustaeki-steel-accent-rydfr\/","url":"https:\/\/velarogverkfaeri.is\/lykillausnir\/heimilid-lykillausnir\/eldhus-heimilid-lykillausnir\/product\/scandtap-eldhustaeki-steel-accent-rydfr\/","name":"SCANDTAP bl\u00f6ndunart\u00e6ki fyrir eldh\u00fas Steel Accent - V\u00e9lar &amp; Verkf\u00e6ri","isPartOf":{"@id":"https:\/\/velarogverkfaeri.is\/en\/#website"},"primaryImageOfPage":{"@id":"https:\/\/velarogverkfaeri.is\/lykillausnir\/heimilid-lykillausnir\/eldhus-heimilid-lykillausnir\/product\/scandtap-eldhustaeki-steel-accent-rydfr\/#primaryimage"},"image":{"@id":"https:\/\/velarogverkfaeri.is\/lykillausnir\/heimilid-lykillausnir\/eldhus-heimilid-lykillausnir\/product\/scandtap-eldhustaeki-steel-accent-rydfr\/#primaryimage"},"thumbnailUrl":"https:\/\/velarogverkfaeri.is\/wp-content\/uploads\/2025\/04\/c7c0fc61-370a-4974-98f8-322219198f50.jpeg","datePublished":"2023-10-10T11:20:31+00:00","dateModified":"2026-03-29T10:45:50+00:00","breadcrumb":{"@id":"https:\/\/velarogverkfaeri.is\/lykillausnir\/heimilid-lykillausnir\/eldhus-heimilid-lykillausnir\/product\/scandtap-eldhustaeki-steel-accent-rydfr\/#breadcrumb"},"inLanguage":"en-US","potentialAction":[{"@type":"ReadAction","target":["https:\/\/velarogverkfaeri.is\/lykillausnir\/heimilid-lykillausnir\/eldhus-heimilid-lykillausnir\/product\/scandtap-eldhustaeki-steel-accent-rydfr\/"]}]},{"@type":"ImageObject","inLanguage":"en-US","@id":"https:\/\/velarogverkfaeri.is\/lykillausnir\/heimilid-lykillausnir\/eldhus-heimilid-lykillausnir\/product\/scandtap-eldhustaeki-steel-accent-rydfr\/#primaryimage","url":"https:\/\/velarogverkfaeri.is\/wp-content\/uploads\/2025\/04\/c7c0fc61-370a-4974-98f8-322219198f50.jpeg","contentUrl":"https:\/\/velarogverkfaeri.is\/wp-content\/uploads\/2025\/04\/c7c0fc61-370a-4974-98f8-322219198f50.jpeg","width":1200,"height":1200},{"@type":"BreadcrumbList","@id":"https:\/\/velarogverkfaeri.is\/lykillausnir\/heimilid-lykillausnir\/eldhus-heimilid-lykillausnir\/product\/scandtap-eldhustaeki-steel-accent-rydfr\/#breadcrumb","itemListElement":[{"@type":"ListItem","position":1,"name":"Home","item":"https:\/\/velarogverkfaeri.is\/"},{"@type":"ListItem","position":2,"name":"Vefverslun","item":"https:\/\/velarogverkfaeri.is\/vefverslun\/"},{"@type":"ListItem","position":3,"name":"SCANDTAP bl\u00f6ndunart\u00e6ki fyrir eldh\u00fas Steel Accent"}]},{"@type":"WebSite","@id":"https:\/\/velarogverkfaeri.is\/en\/#website","url":"https:\/\/velarogverkfaeri.is\/en\/","name":"V\u00e9lar & Verkf\u00e6ri","description":"Umbo\u00f0s- og heildverslun fr\u00e1 \u00e1rinu 1919","publisher":{"@id":"https:\/\/velarogverkfaeri.is\/en\/#organization"},"potentialAction":[{"@type":"SearchAction","target":{"@type":"EntryPoint","urlTemplate":"https:\/\/velarogverkfaeri.is\/en\/?s={search_term_string}"},"query-input":{"@type":"PropertyValueSpecification","valueRequired":true,"valueName":"search_term_string"}}],"inLanguage":"en-US"},{"@type":"Organization","@id":"https:\/\/velarogverkfaeri.is\/en\/#organization","name":"V\u00e9lar & Verkf\u00e6ri","url":"https:\/\/velarogverkfaeri.is\/en\/","logo":{"@type":"ImageObject","inLanguage":"en-US","@id":"https:\/\/velarogverkfaeri.is\/en\/#\/schema\/logo\/image\/","url":"https:\/\/velarogverkfaeri.is\/wp-content\/uploads\/2021\/10\/vv_logo_350x100.png","contentUrl":"https:\/\/velarogverkfaeri.is\/wp-content\/uploads\/2021\/10\/vv_logo_350x100.png","width":350,"height":100,"caption":"V\u00e9lar & Verkf\u00e6ri"},"image":{"@id":"https:\/\/velarogverkfaeri.is\/en\/#\/schema\/logo\/image\/"},"sameAs":["https:\/\/www.facebook.com\/VelarOgVerkfaeri"]}]}},"_links":{"self":[{"href":"https:\/\/velarogverkfaeri.is\/en\/wp-json\/wp\/v2\/product\/52514","targetHints":{"allow":["GET"]}}],"collection":[{"href":"https:\/\/velarogverkfaeri.is\/en\/wp-json\/wp\/v2\/product"}],"about":[{"href":"https:\/\/velarogverkfaeri.is\/en\/wp-json\/wp\/v2\/types\/product"}],"replies":[{"embeddable":true,"href":"https:\/\/velarogverkfaeri.is\/en\/wp-json\/wp\/v2\/comments?post=52514"}],"wp:featuredmedia":[{"embeddable":true,"href":"https:\/\/velarogverkfaeri.is\/en\/wp-json\/wp\/v2\/media\/71503"}],"wp:attachment":[{"href":"https:\/\/velarogverkfaeri.is\/en\/wp-json\/wp\/v2\/media?parent=52514"}],"wp:term":[{"taxonomy":"product_brand","embeddable":true,"href":"https:\/\/velarogverkfaeri.is\/en\/wp-json\/wp\/v2\/product_brand?post=52514"},{"taxonomy":"product_cat","embeddable":true,"href":"https:\/\/velarogverkfaeri.is\/en\/wp-json\/wp\/v2\/product_cat?post=52514"},{"taxonomy":"product_tag","embeddable":true,"href":"https:\/\/velarogverkfaeri.is\/en\/wp-json\/wp\/v2\/product_tag?post=52514"}],"curies":[{"name":"wp","href":"https:\/\/api.w.org\/{rel}","templated":true}]}}