{"id":52219,"date":"2023-10-10T11:07:25","date_gmt":"2023-10-10T11:07:25","guid":{"rendered":"https:\/\/vv-dev.webdev.is\/?post_type=product&#038;p=52219"},"modified":"2026-02-17T14:03:10","modified_gmt":"2026-02-17T14:03:10","slug":"randi-sylinderhringur-fyrir-assa-7mm-svartur-pvd-110028a07u","status":"publish","type":"product","link":"https:\/\/velarogverkfaeri.is\/en\/lykillausnir\/hurdabunadur-lykillausnir\/sylinderhringir\/product\/randi-sylinderhringur-fyrir-assa-7mm-svartur-pvd-110028a07u\/","title":{"rendered":"RANDI Sylinderhringur fyrir ASSA 7mm Svartur PVD 110028A07U"},"content":{"rendered":"<p><img decoding=\"async\" src=\"data:image\/png;base64,iVBORw0KGgoAAAANSUhEUgAAAIoAAAAcCAYAAAC+uCc6AAAAAXNSR0IArs4c6QAAAARnQU1BAACxjwv8YQUAAAAJcEhZcwAADsMAAA7DAcdvqGQAAAcgSURBVGhD7ZoPTJNnHse\/d14kMSmXBZjJbJYx4z+ct+gqaYYXZzMrdWLNZqtzhbleSMCgKMyqGxypVYe9KXDHUeNGz9Nyw3ZLBDYLnWldTpIeeDjjQHBBPCzGKeZyNFsOo3nv97zvc9ihHS+ZCWv2fpKX5\/n9nt\/7Pk+e99ff7\/e84RcCAQWFCfglbxUUfhDFURRkoTiKgiwUR1GQheIoCrJQHEVBFoqjKMhCcRQFWcT\/4DbowTpDDXq4+EjmFyP4iQX9e5Yiv3kedvs9sD7Nx8YROW6B7v1hWI+1YvcSrvwBIm6yP9SHnD934tBLXJmARBq3I889wKUY7kURecIq7p+aq37KxI8oM9Kxar0RJn5puQOoX3ygM61MR5KknpCR0btiO\/qt1P5cUG+sRjDQ9NDl36VBxiu6hHASERZR5HB2t0aYk6ERSkJcEYM09oZQ\/y+ueAxcr38j7nyJz7Dg2bxTaPuWiwnAY61Rbv3TgyJDFuYuXIpFy6yo7IjyESmVMH3pWa4gRi6S\/RqdqJ+7RIcNe5rQP8oHxxNtR+lysvuNBVIkJ5ndZ3ahxW2DQUt9kjXmGoQfTAvcj+JCzPgiwxZU\/T3WALh9xokNy6R1i+twhBCJXcc3Idg36bCIjS\/MgmaTE4HBHxEZu+rhedYE\/Qwuj+dsOTQHOqV1rTFDp9NBs6YcLd\/QmLgWI3R6IzTLjChqHMCDpdKeaJ0IM5tcMwz6bLIxo\/T0HdqHOwg4rOJ9umU66Ip98ff6ETxGR+mD29EMZBpgejkd+PcluLe5EL7Ph8fT5YRhUw0C0WeQw9LYb1PR07wPhoIm3OYmY0Q7YX99O1qGU5DzRxes9Pgxut14h6ZdssqInOdTMNLtQd6Bdj54F1\/sNWHDoRBGFmRTuszG4tFOuApMsHdJFqP0Ugy0aT2pRlQcdqIiJxUXGm3Q7QlJL+A72nyjDQ29qVhf7kRtuQFpX\/nIwcsQ+E58xCS5i4DnPPSmpVx+NCPNf0AdCnHyUy+CwSCCbwOVW7Yjf+8ALH+R0tf5L6qx0FeIqov8Jka0FfZ6YMcxL\/yBVpz3FwMHi5G\/zYH+jUek1HcuiA+ea0Je9SV+kwx4ZJmQiVPPWuG9L7mCaHtb0h3+SpK\/n0qGBe\/mh9PVWAqLxNh\/flWoN0lzG+uvckvGOaGEdHNWVgtd97jqXpDr6oRuJl+uE1YweZtf+I9oQNz0Cmam231OFKU5TULdFVEkhoTmSofwzu9PSc8IlYlzZ7sezH39s2oadwjey1wxGdj8Fq9wi4uPhM1Ja\/4vFyV6hcMrH07vt3yFtC9DXGJ7slNoHpfSuqvWxthwbp8Scl89IVzn4kQ8xoiiwpNP8C6R9Cv29wYiD4UHRi\/CHdTMyhorkhnL3+vEFYoI1llcQfQfLUdlN5C82onj3wslHFUK0qbx\/rTpUjt0Q4xKkY52RKhVT48i3BZCgF1f3hBNcGVAHMt4gf2yB1C3sxzutj5EoqnI2VWG\/XYjMpjdAg209Pz+o7tQ6g6hZyiKtNXFNF4G03xmMDl6vD6kWYxI43JcZqjGHRRU+LUqHbPHnSrTUlN47\/8kIXlcSktOVmH2s09xiZOaOvEaYpja7ygqFZJ5Nx493X1iO9LRif54aSwe96QmctqJohIbvzy4IKlF0tYfxMnSFUgbbEVlCR3JtVSDmKkGYfUAY6YRtSeKoZ85hJZDNqzTU62itcB+hvL+ZLnfCd9pDSwvc4dOIKbWUaJRjPBuXBYWonbrPGCY6oKDk8ipDDGqAVp7K0UqFq1irrHvFyostjoR7GrH+YAHtQVZSOqmuTa7xr4hJT9vQa2\/HZfCTTh12IrlSX1oKLaiqpcbyGT0jA\/h1UYxQiUaU+Qo86HNpGaoHeFBSSMWeSXsVEGnmiGuInK2WKHPd2AHhfnbDTvHilA5qDOzRGcIf0SnqZhoNHLxEpcH4H6LTgHrXLhwfzqSZ82DfqsNv2MpZVBKX\/3Ht9BJwYwqmjdJ9RQyVhWi4k1yXJZWb7JnyKUPddXDsJjZvYnHFDlKCkxbTZQj+1CZa0VpxT68W2BBURsNZZqQE1OjiExLR+FeK730O2jY4aSXyvUTMd+CirWUw3tdWPeaDe+yeYrNyNpkRd6fWEpLh36FCpGv3SjKrUED1TANB8tQzyJFpkasUWa\/9CKSbw7AtYOO+41U4zTWoPSvdO+0pdAuYJPIpKMJHy\/IxfqZXE4wpi71LLHB\/zfK\/apraPm4Cb6OYSze6ET7h3EKPZaC8qkgm1QKUmH5Pp9Yg6hvhuBj8\/wDWFxQDT9LZ4Q6z4WT5dlQD3phpxrGfvIa1GvL4D\/C1\/G0BcdP2Mh5r6HBQTWOw4v+WdnY\/0k1TLJfOkXLxiD0G1fI\/pL9U0P552oFWUxtMauQMCiOoiALxVEUZKE4ioIsFEdRkIXiKAoyAP4HJ88WFCgwxjsAAAAASUVORK5CYII=\" alt=\"\"><\/p>","protected":false},"excerpt":{"rendered":"<p>Tegund:&nbsp;110028A07U<\/p>","protected":false},"featured_media":80390,"comment_status":"closed","ping_status":"closed","template":"","meta":[],"product_brand":[],"product_cat":[518,597,545,517,909,1134],"product_tag":[],"class_list":{"0":"post-52219","1":"product","2":"type-product","3":"status-publish","4":"has-post-thumbnail","6":"product_cat-honnunarlausnir","7":"product_cat-hurdabunadur-lykillausnir","8":"product_cat-hurdabunadur","9":"product_cat-lykillausnir","10":"product_cat-sylinderhringir","11":"product_cat-sylinderhringir-hurdabunadur","13":"first","14":"instock","15":"taxable","16":"shipping-taxable","17":"purchasable","18":"product-type-simple"},"yoast_head":"<!-- This site is optimized with the Yoast SEO plugin v27.3 - https:\/\/yoast.com\/product\/yoast-seo-wordpress\/ -->\n<title>RANDI Sylinderhringur fyrir ASSA 7mm Svartur PVD 110028A07U - V\u00e9lar &amp; Verkf\u00e6ri<\/title>\n<meta name=\"robots\" content=\"index, follow, max-snippet:-1, max-image-preview:large, max-video-preview:-1\" \/>\n<link rel=\"canonical\" href=\"https:\/\/velarogverkfaeri.is\/en\/lykillausnir\/hurdabunadur-lykillausnir\/sylinderhringir\/product\/randi-sylinderhringur-fyrir-assa-7mm-svartur-pvd-110028a07u\/\" \/>\n<meta property=\"og:locale\" content=\"en_US\" \/>\n<meta property=\"og:type\" content=\"article\" \/>\n<meta property=\"og:title\" content=\"RANDI Sylinderhringur fyrir ASSA 7mm Svartur PVD 110028A07U - V\u00e9lar &amp; Verkf\u00e6ri\" \/>\n<meta property=\"og:description\" content=\"Tegund:&nbsp;110028A07U\" \/>\n<meta property=\"og:url\" content=\"https:\/\/velarogverkfaeri.is\/en\/lykillausnir\/hurdabunadur-lykillausnir\/sylinderhringir\/product\/randi-sylinderhringur-fyrir-assa-7mm-svartur-pvd-110028a07u\/\" \/>\n<meta property=\"og:site_name\" content=\"V\u00e9lar &amp; Verkf\u00e6ri\" \/>\n<meta property=\"article:publisher\" content=\"https:\/\/www.facebook.com\/VelarOgVerkfaeri\" \/>\n<meta property=\"article:modified_time\" content=\"2026-02-17T14:03:10+00:00\" \/>\n<meta name=\"twitter:card\" content=\"summary_large_image\" \/>\n<script type=\"application\/ld+json\" class=\"yoast-schema-graph\">{\"@context\":\"https:\\\/\\\/schema.org\",\"@graph\":[{\"@type\":\"WebPage\",\"@id\":\"https:\\\/\\\/velarogverkfaeri.is\\\/lykillausnir\\\/hurdabunadur-lykillausnir\\\/sylinderhringir\\\/product\\\/randi-sylinderhringur-fyrir-assa-7mm-svartur-pvd-110028a07u\\\/\",\"url\":\"https:\\\/\\\/velarogverkfaeri.is\\\/lykillausnir\\\/hurdabunadur-lykillausnir\\\/sylinderhringir\\\/product\\\/randi-sylinderhringur-fyrir-assa-7mm-svartur-pvd-110028a07u\\\/\",\"name\":\"RANDI Sylinderhringur fyrir ASSA 7mm Svartur PVD 110028A07U - V\u00e9lar &amp; Verkf\u00e6ri\",\"isPartOf\":{\"@id\":\"https:\\\/\\\/velarogverkfaeri.is\\\/en\\\/#website\"},\"primaryImageOfPage\":{\"@id\":\"https:\\\/\\\/velarogverkfaeri.is\\\/lykillausnir\\\/hurdabunadur-lykillausnir\\\/sylinderhringir\\\/product\\\/randi-sylinderhringur-fyrir-assa-7mm-svartur-pvd-110028a07u\\\/#primaryimage\"},\"image\":{\"@id\":\"https:\\\/\\\/velarogverkfaeri.is\\\/lykillausnir\\\/hurdabunadur-lykillausnir\\\/sylinderhringir\\\/product\\\/randi-sylinderhringur-fyrir-assa-7mm-svartur-pvd-110028a07u\\\/#primaryimage\"},\"thumbnailUrl\":\"https:\\\/\\\/velarogverkfaeri.is\\\/wp-content\\\/uploads\\\/2026\\\/02\\\/33c826b9-a931-4fbd-aa73-e2492f5bb289.png\",\"datePublished\":\"2023-10-10T11:07:25+00:00\",\"dateModified\":\"2026-02-17T14:03:10+00:00\",\"breadcrumb\":{\"@id\":\"https:\\\/\\\/velarogverkfaeri.is\\\/lykillausnir\\\/hurdabunadur-lykillausnir\\\/sylinderhringir\\\/product\\\/randi-sylinderhringur-fyrir-assa-7mm-svartur-pvd-110028a07u\\\/#breadcrumb\"},\"inLanguage\":\"en-US\",\"potentialAction\":[{\"@type\":\"ReadAction\",\"target\":[\"https:\\\/\\\/velarogverkfaeri.is\\\/lykillausnir\\\/hurdabunadur-lykillausnir\\\/sylinderhringir\\\/product\\\/randi-sylinderhringur-fyrir-assa-7mm-svartur-pvd-110028a07u\\\/\"]}]},{\"@type\":\"ImageObject\",\"inLanguage\":\"en-US\",\"@id\":\"https:\\\/\\\/velarogverkfaeri.is\\\/lykillausnir\\\/hurdabunadur-lykillausnir\\\/sylinderhringir\\\/product\\\/randi-sylinderhringur-fyrir-assa-7mm-svartur-pvd-110028a07u\\\/#primaryimage\",\"url\":\"https:\\\/\\\/velarogverkfaeri.is\\\/wp-content\\\/uploads\\\/2026\\\/02\\\/33c826b9-a931-4fbd-aa73-e2492f5bb289.png\",\"contentUrl\":\"https:\\\/\\\/velarogverkfaeri.is\\\/wp-content\\\/uploads\\\/2026\\\/02\\\/33c826b9-a931-4fbd-aa73-e2492f5bb289.png\",\"width\":708,\"height\":705},{\"@type\":\"BreadcrumbList\",\"@id\":\"https:\\\/\\\/velarogverkfaeri.is\\\/lykillausnir\\\/hurdabunadur-lykillausnir\\\/sylinderhringir\\\/product\\\/randi-sylinderhringur-fyrir-assa-7mm-svartur-pvd-110028a07u\\\/#breadcrumb\",\"itemListElement\":[{\"@type\":\"ListItem\",\"position\":1,\"name\":\"Home\",\"item\":\"https:\\\/\\\/velarogverkfaeri.is\\\/\"},{\"@type\":\"ListItem\",\"position\":2,\"name\":\"Vefverslun\",\"item\":\"https:\\\/\\\/velarogverkfaeri.is\\\/vefverslun\\\/\"},{\"@type\":\"ListItem\",\"position\":3,\"name\":\"RANDI Sylinderhringur fyrir ASSA 7mm Svartur PVD 110028A07U\"}]},{\"@type\":\"WebSite\",\"@id\":\"https:\\\/\\\/velarogverkfaeri.is\\\/en\\\/#website\",\"url\":\"https:\\\/\\\/velarogverkfaeri.is\\\/en\\\/\",\"name\":\"V\u00e9lar & Verkf\u00e6ri\",\"description\":\"Umbo\u00f0s- og heildverslun fr\u00e1 \u00e1rinu 1919\",\"publisher\":{\"@id\":\"https:\\\/\\\/velarogverkfaeri.is\\\/en\\\/#organization\"},\"potentialAction\":[{\"@type\":\"SearchAction\",\"target\":{\"@type\":\"EntryPoint\",\"urlTemplate\":\"https:\\\/\\\/velarogverkfaeri.is\\\/en\\\/?s={search_term_string}\"},\"query-input\":{\"@type\":\"PropertyValueSpecification\",\"valueRequired\":true,\"valueName\":\"search_term_string\"}}],\"inLanguage\":\"en-US\"},{\"@type\":\"Organization\",\"@id\":\"https:\\\/\\\/velarogverkfaeri.is\\\/en\\\/#organization\",\"name\":\"V\u00e9lar & Verkf\u00e6ri\",\"url\":\"https:\\\/\\\/velarogverkfaeri.is\\\/en\\\/\",\"logo\":{\"@type\":\"ImageObject\",\"inLanguage\":\"en-US\",\"@id\":\"https:\\\/\\\/velarogverkfaeri.is\\\/en\\\/#\\\/schema\\\/logo\\\/image\\\/\",\"url\":\"https:\\\/\\\/velarogverkfaeri.is\\\/wp-content\\\/uploads\\\/2021\\\/10\\\/vv_logo_350x100.png\",\"contentUrl\":\"https:\\\/\\\/velarogverkfaeri.is\\\/wp-content\\\/uploads\\\/2021\\\/10\\\/vv_logo_350x100.png\",\"width\":350,\"height\":100,\"caption\":\"V\u00e9lar & Verkf\u00e6ri\"},\"image\":{\"@id\":\"https:\\\/\\\/velarogverkfaeri.is\\\/en\\\/#\\\/schema\\\/logo\\\/image\\\/\"},\"sameAs\":[\"https:\\\/\\\/www.facebook.com\\\/VelarOgVerkfaeri\"]}]}<\/script>\n<!-- \/ Yoast SEO plugin. -->","yoast_head_json":{"title":"RANDI Sylinderhringur fyrir ASSA 7mm Svartur PVD 110028A07U - V\u00e9lar &amp; Verkf\u00e6ri","robots":{"index":"index","follow":"follow","max-snippet":"max-snippet:-1","max-image-preview":"max-image-preview:large","max-video-preview":"max-video-preview:-1"},"canonical":"https:\/\/velarogverkfaeri.is\/en\/lykillausnir\/hurdabunadur-lykillausnir\/sylinderhringir\/product\/randi-sylinderhringur-fyrir-assa-7mm-svartur-pvd-110028a07u\/","og_locale":"en_US","og_type":"article","og_title":"RANDI Sylinderhringur fyrir ASSA 7mm Svartur PVD 110028A07U - V\u00e9lar &amp; Verkf\u00e6ri","og_description":"Tegund:&nbsp;110028A07U","og_url":"https:\/\/velarogverkfaeri.is\/en\/lykillausnir\/hurdabunadur-lykillausnir\/sylinderhringir\/product\/randi-sylinderhringur-fyrir-assa-7mm-svartur-pvd-110028a07u\/","og_site_name":"V\u00e9lar &amp; Verkf\u00e6ri","article_publisher":"https:\/\/www.facebook.com\/VelarOgVerkfaeri","article_modified_time":"2026-02-17T14:03:10+00:00","twitter_card":"summary_large_image","schema":{"@context":"https:\/\/schema.org","@graph":[{"@type":"WebPage","@id":"https:\/\/velarogverkfaeri.is\/lykillausnir\/hurdabunadur-lykillausnir\/sylinderhringir\/product\/randi-sylinderhringur-fyrir-assa-7mm-svartur-pvd-110028a07u\/","url":"https:\/\/velarogverkfaeri.is\/lykillausnir\/hurdabunadur-lykillausnir\/sylinderhringir\/product\/randi-sylinderhringur-fyrir-assa-7mm-svartur-pvd-110028a07u\/","name":"RANDI Sylinderhringur fyrir ASSA 7mm Svartur PVD 110028A07U - V\u00e9lar &amp; Verkf\u00e6ri","isPartOf":{"@id":"https:\/\/velarogverkfaeri.is\/en\/#website"},"primaryImageOfPage":{"@id":"https:\/\/velarogverkfaeri.is\/lykillausnir\/hurdabunadur-lykillausnir\/sylinderhringir\/product\/randi-sylinderhringur-fyrir-assa-7mm-svartur-pvd-110028a07u\/#primaryimage"},"image":{"@id":"https:\/\/velarogverkfaeri.is\/lykillausnir\/hurdabunadur-lykillausnir\/sylinderhringir\/product\/randi-sylinderhringur-fyrir-assa-7mm-svartur-pvd-110028a07u\/#primaryimage"},"thumbnailUrl":"https:\/\/velarogverkfaeri.is\/wp-content\/uploads\/2026\/02\/33c826b9-a931-4fbd-aa73-e2492f5bb289.png","datePublished":"2023-10-10T11:07:25+00:00","dateModified":"2026-02-17T14:03:10+00:00","breadcrumb":{"@id":"https:\/\/velarogverkfaeri.is\/lykillausnir\/hurdabunadur-lykillausnir\/sylinderhringir\/product\/randi-sylinderhringur-fyrir-assa-7mm-svartur-pvd-110028a07u\/#breadcrumb"},"inLanguage":"en-US","potentialAction":[{"@type":"ReadAction","target":["https:\/\/velarogverkfaeri.is\/lykillausnir\/hurdabunadur-lykillausnir\/sylinderhringir\/product\/randi-sylinderhringur-fyrir-assa-7mm-svartur-pvd-110028a07u\/"]}]},{"@type":"ImageObject","inLanguage":"en-US","@id":"https:\/\/velarogverkfaeri.is\/lykillausnir\/hurdabunadur-lykillausnir\/sylinderhringir\/product\/randi-sylinderhringur-fyrir-assa-7mm-svartur-pvd-110028a07u\/#primaryimage","url":"https:\/\/velarogverkfaeri.is\/wp-content\/uploads\/2026\/02\/33c826b9-a931-4fbd-aa73-e2492f5bb289.png","contentUrl":"https:\/\/velarogverkfaeri.is\/wp-content\/uploads\/2026\/02\/33c826b9-a931-4fbd-aa73-e2492f5bb289.png","width":708,"height":705},{"@type":"BreadcrumbList","@id":"https:\/\/velarogverkfaeri.is\/lykillausnir\/hurdabunadur-lykillausnir\/sylinderhringir\/product\/randi-sylinderhringur-fyrir-assa-7mm-svartur-pvd-110028a07u\/#breadcrumb","itemListElement":[{"@type":"ListItem","position":1,"name":"Home","item":"https:\/\/velarogverkfaeri.is\/"},{"@type":"ListItem","position":2,"name":"Vefverslun","item":"https:\/\/velarogverkfaeri.is\/vefverslun\/"},{"@type":"ListItem","position":3,"name":"RANDI Sylinderhringur fyrir ASSA 7mm Svartur PVD 110028A07U"}]},{"@type":"WebSite","@id":"https:\/\/velarogverkfaeri.is\/en\/#website","url":"https:\/\/velarogverkfaeri.is\/en\/","name":"V\u00e9lar & Verkf\u00e6ri","description":"Umbo\u00f0s- og heildverslun fr\u00e1 \u00e1rinu 1919","publisher":{"@id":"https:\/\/velarogverkfaeri.is\/en\/#organization"},"potentialAction":[{"@type":"SearchAction","target":{"@type":"EntryPoint","urlTemplate":"https:\/\/velarogverkfaeri.is\/en\/?s={search_term_string}"},"query-input":{"@type":"PropertyValueSpecification","valueRequired":true,"valueName":"search_term_string"}}],"inLanguage":"en-US"},{"@type":"Organization","@id":"https:\/\/velarogverkfaeri.is\/en\/#organization","name":"V\u00e9lar & Verkf\u00e6ri","url":"https:\/\/velarogverkfaeri.is\/en\/","logo":{"@type":"ImageObject","inLanguage":"en-US","@id":"https:\/\/velarogverkfaeri.is\/en\/#\/schema\/logo\/image\/","url":"https:\/\/velarogverkfaeri.is\/wp-content\/uploads\/2021\/10\/vv_logo_350x100.png","contentUrl":"https:\/\/velarogverkfaeri.is\/wp-content\/uploads\/2021\/10\/vv_logo_350x100.png","width":350,"height":100,"caption":"V\u00e9lar & Verkf\u00e6ri"},"image":{"@id":"https:\/\/velarogverkfaeri.is\/en\/#\/schema\/logo\/image\/"},"sameAs":["https:\/\/www.facebook.com\/VelarOgVerkfaeri"]}]}},"_links":{"self":[{"href":"https:\/\/velarogverkfaeri.is\/en\/wp-json\/wp\/v2\/product\/52219","targetHints":{"allow":["GET"]}}],"collection":[{"href":"https:\/\/velarogverkfaeri.is\/en\/wp-json\/wp\/v2\/product"}],"about":[{"href":"https:\/\/velarogverkfaeri.is\/en\/wp-json\/wp\/v2\/types\/product"}],"replies":[{"embeddable":true,"href":"https:\/\/velarogverkfaeri.is\/en\/wp-json\/wp\/v2\/comments?post=52219"}],"wp:featuredmedia":[{"embeddable":true,"href":"https:\/\/velarogverkfaeri.is\/en\/wp-json\/wp\/v2\/media\/80390"}],"wp:attachment":[{"href":"https:\/\/velarogverkfaeri.is\/en\/wp-json\/wp\/v2\/media?parent=52219"}],"wp:term":[{"taxonomy":"product_brand","embeddable":true,"href":"https:\/\/velarogverkfaeri.is\/en\/wp-json\/wp\/v2\/product_brand?post=52219"},{"taxonomy":"product_cat","embeddable":true,"href":"https:\/\/velarogverkfaeri.is\/en\/wp-json\/wp\/v2\/product_cat?post=52219"},{"taxonomy":"product_tag","embeddable":true,"href":"https:\/\/velarogverkfaeri.is\/en\/wp-json\/wp\/v2\/product_tag?post=52219"}],"curies":[{"name":"wp","href":"https:\/\/api.w.org\/{rel}","templated":true}]}}