{"id":52197,"date":"2023-10-10T11:07:27","date_gmt":"2023-10-10T11:07:27","guid":{"rendered":"https:\/\/vv-dev.webdev.is\/?post_type=product&#038;p=52197"},"modified":"2025-11-26T09:00:48","modified_gmt":"2025-11-26T09:00:48","slug":"berliner-bankerleuchte-bordlampi-nickel-matt-m-graenum-skermi","status":"publish","type":"product","link":"https:\/\/velarogverkfaeri.is\/en\/honnunarlausnir\/lampar\/bordlampar\/product\/berliner-bankerleuchte-bordlampi-nickel-matt-m-graenum-skermi\/","title":{"rendered":"BERLINER Bankerleuchte Bor\u00f0lampi Nickel matt  m. gr\u00e6num skermi"},"content":{"rendered":"<p><span style=\"color: rgb(101, 101, 101);\">Bankers Lamp of the Berlin Brass Lamps er draumkennd t\u00falkun \u00e1 Bankers lampanum sem var\u00f0 fr\u00e6gur \u00e1 2. \u00e1ratugnum \u00ed Bandar\u00edkjunum.<\/span><\/p>\n<p><font color=\"#656565\">Art Deco Bankers lampinn er s\u00e9rstaklega \u00e1berandi \u00e1 h\u00e1g\u00e6\u00f0a skrifbor\u00f0um, ritara e\u00f0a skenkum og mun b\u00e6ta vi\u00f0 hva\u00f0a innr\u00e9ttingu sem er. <br \/>\u00deegar hann var \u00e6tla\u00f0ur sem vinnulampi varpar hann mj\u00faku lj\u00f3si og l\u00fdsir upp vinnusta\u00f0inn \u00e1 \u00e1hrifar\u00edkan h\u00e1tt. <br \/>Gleri\u00f0 \u00ed \u00feessum lampa er handgert og getur innihaldi\u00f0 loftb\u00f3lur. \u00de\u00e6r eru litlar og ekki \u00e1st\u00e6\u00f0a til a\u00f0 kvarta. <br \/>Frekar er \u00fea\u00f0 g\u00e6\u00f0astimpill \u00fear sem \u00fea\u00f0 er vitnisbur\u00f0ur um handverk.<\/font><\/p>\n<p><span style=\"color: rgb(101, 101, 101);\">H\u00e6\u00f0 50 cm<\/span><\/p>\n<p><span style=\"color: rgb(101, 101, 101);\">Litur: Nikkel mattur f\u00f3tur me\u00f0 gr\u00e6num skermi.<\/span><\/p>\n<p><span style=\"color: rgb(101, 101, 101);\">Pera: 1 x E27 max. 60 w\u00f6tt<\/span><\/p>\n<div>\n<div style=\"\"><span style=\"color: rgb(101, 101, 101);\">Skermur: H\u00e6\u00f0 9 cm; breidd 23 cm<\/span><\/div>\n<\/div>","protected":false},"excerpt":{"rendered":"<p>Tegund:&nbsp;W2-99gr N Nickel matt<\/p>\n<p>Ekki r\u00e9ttur litur \u00e1 skermi, er gr\u00e6nn.<\/p>","protected":false},"featured_media":78167,"comment_status":"closed","ping_status":"closed","template":"","meta":[],"product_brand":[],"product_cat":[575,518,546],"product_tag":[1010],"class_list":{"0":"post-52197","1":"product","2":"type-product","3":"status-publish","4":"has-post-thumbnail","6":"product_cat-bordlampar","7":"product_cat-honnunarlausnir","8":"product_cat-lampar","9":"product_tag-berliner","11":"first","12":"instock","13":"taxable","14":"shipping-taxable","15":"purchasable","16":"product-type-simple"},"yoast_head":"<!-- This site is optimized with the Yoast SEO plugin v27.3 - https:\/\/yoast.com\/product\/yoast-seo-wordpress\/ -->\n<title>BERLINER Bankerleuchte Bor\u00f0lampi Nickel matt m. gr\u00e6num skermi - V\u00e9lar &amp; Verkf\u00e6ri<\/title>\n<meta name=\"robots\" content=\"index, follow, max-snippet:-1, max-image-preview:large, max-video-preview:-1\" \/>\n<link rel=\"canonical\" href=\"https:\/\/velarogverkfaeri.is\/en\/honnunarlausnir\/lampar\/bordlampar\/product\/berliner-bankerleuchte-bordlampi-nickel-matt-m-graenum-skermi\/\" \/>\n<meta property=\"og:locale\" content=\"en_US\" \/>\n<meta property=\"og:type\" content=\"article\" \/>\n<meta property=\"og:title\" content=\"BERLINER Bankerleuchte Bor\u00f0lampi Nickel matt m. gr\u00e6num skermi - V\u00e9lar &amp; Verkf\u00e6ri\" \/>\n<meta property=\"og:description\" content=\"Tegund:&nbsp;W2-99gr N Nickel mattEkki r\u00e9ttur litur \u00e1 skermi, er gr\u00e6nn.\" \/>\n<meta property=\"og:url\" content=\"https:\/\/velarogverkfaeri.is\/en\/honnunarlausnir\/lampar\/bordlampar\/product\/berliner-bankerleuchte-bordlampi-nickel-matt-m-graenum-skermi\/\" \/>\n<meta property=\"og:site_name\" content=\"V\u00e9lar &amp; Verkf\u00e6ri\" \/>\n<meta property=\"article:publisher\" content=\"https:\/\/www.facebook.com\/VelarOgVerkfaeri\" \/>\n<meta property=\"article:modified_time\" content=\"2025-11-26T09:00:48+00:00\" \/>\n<meta name=\"twitter:card\" content=\"summary_large_image\" \/>\n<meta name=\"twitter:label1\" content=\"Est. reading time\" \/>\n\t<meta name=\"twitter:data1\" content=\"1 minute\" \/>\n<script type=\"application\/ld+json\" class=\"yoast-schema-graph\">{\"@context\":\"https:\\\/\\\/schema.org\",\"@graph\":[{\"@type\":\"WebPage\",\"@id\":\"https:\\\/\\\/velarogverkfaeri.is\\\/honnunarlausnir\\\/lampar\\\/bordlampar\\\/product\\\/berliner-bankerleuchte-bordlampi-nickel-matt-m-graenum-skermi\\\/\",\"url\":\"https:\\\/\\\/velarogverkfaeri.is\\\/honnunarlausnir\\\/lampar\\\/bordlampar\\\/product\\\/berliner-bankerleuchte-bordlampi-nickel-matt-m-graenum-skermi\\\/\",\"name\":\"BERLINER Bankerleuchte Bor\u00f0lampi Nickel matt m. gr\u00e6num skermi - V\u00e9lar &amp; Verkf\u00e6ri\",\"isPartOf\":{\"@id\":\"https:\\\/\\\/velarogverkfaeri.is\\\/en\\\/#website\"},\"primaryImageOfPage\":{\"@id\":\"https:\\\/\\\/velarogverkfaeri.is\\\/honnunarlausnir\\\/lampar\\\/bordlampar\\\/product\\\/berliner-bankerleuchte-bordlampi-nickel-matt-m-graenum-skermi\\\/#primaryimage\"},\"image\":{\"@id\":\"https:\\\/\\\/velarogverkfaeri.is\\\/honnunarlausnir\\\/lampar\\\/bordlampar\\\/product\\\/berliner-bankerleuchte-bordlampi-nickel-matt-m-graenum-skermi\\\/#primaryimage\"},\"thumbnailUrl\":\"https:\\\/\\\/velarogverkfaeri.is\\\/wp-content\\\/uploads\\\/2025\\\/11\\\/ce87ed0d-097e-4247-8cda-51b57391a893.jpg\",\"datePublished\":\"2023-10-10T11:07:27+00:00\",\"dateModified\":\"2025-11-26T09:00:48+00:00\",\"breadcrumb\":{\"@id\":\"https:\\\/\\\/velarogverkfaeri.is\\\/honnunarlausnir\\\/lampar\\\/bordlampar\\\/product\\\/berliner-bankerleuchte-bordlampi-nickel-matt-m-graenum-skermi\\\/#breadcrumb\"},\"inLanguage\":\"en-US\",\"potentialAction\":[{\"@type\":\"ReadAction\",\"target\":[\"https:\\\/\\\/velarogverkfaeri.is\\\/honnunarlausnir\\\/lampar\\\/bordlampar\\\/product\\\/berliner-bankerleuchte-bordlampi-nickel-matt-m-graenum-skermi\\\/\"]}]},{\"@type\":\"ImageObject\",\"inLanguage\":\"en-US\",\"@id\":\"https:\\\/\\\/velarogverkfaeri.is\\\/honnunarlausnir\\\/lampar\\\/bordlampar\\\/product\\\/berliner-bankerleuchte-bordlampi-nickel-matt-m-graenum-skermi\\\/#primaryimage\",\"url\":\"https:\\\/\\\/velarogverkfaeri.is\\\/wp-content\\\/uploads\\\/2025\\\/11\\\/ce87ed0d-097e-4247-8cda-51b57391a893.jpg\",\"contentUrl\":\"https:\\\/\\\/velarogverkfaeri.is\\\/wp-content\\\/uploads\\\/2025\\\/11\\\/ce87ed0d-097e-4247-8cda-51b57391a893.jpg\",\"width\":1006,\"height\":1423},{\"@type\":\"BreadcrumbList\",\"@id\":\"https:\\\/\\\/velarogverkfaeri.is\\\/honnunarlausnir\\\/lampar\\\/bordlampar\\\/product\\\/berliner-bankerleuchte-bordlampi-nickel-matt-m-graenum-skermi\\\/#breadcrumb\",\"itemListElement\":[{\"@type\":\"ListItem\",\"position\":1,\"name\":\"Home\",\"item\":\"https:\\\/\\\/velarogverkfaeri.is\\\/\"},{\"@type\":\"ListItem\",\"position\":2,\"name\":\"Vefverslun\",\"item\":\"https:\\\/\\\/velarogverkfaeri.is\\\/vefverslun\\\/\"},{\"@type\":\"ListItem\",\"position\":3,\"name\":\"BERLINER Bankerleuchte Bor\u00f0lampi Nickel matt m. gr\u00e6num skermi\"}]},{\"@type\":\"WebSite\",\"@id\":\"https:\\\/\\\/velarogverkfaeri.is\\\/en\\\/#website\",\"url\":\"https:\\\/\\\/velarogverkfaeri.is\\\/en\\\/\",\"name\":\"V\u00e9lar & Verkf\u00e6ri\",\"description\":\"Umbo\u00f0s- og heildverslun fr\u00e1 \u00e1rinu 1919\",\"publisher\":{\"@id\":\"https:\\\/\\\/velarogverkfaeri.is\\\/en\\\/#organization\"},\"potentialAction\":[{\"@type\":\"SearchAction\",\"target\":{\"@type\":\"EntryPoint\",\"urlTemplate\":\"https:\\\/\\\/velarogverkfaeri.is\\\/en\\\/?s={search_term_string}\"},\"query-input\":{\"@type\":\"PropertyValueSpecification\",\"valueRequired\":true,\"valueName\":\"search_term_string\"}}],\"inLanguage\":\"en-US\"},{\"@type\":\"Organization\",\"@id\":\"https:\\\/\\\/velarogverkfaeri.is\\\/en\\\/#organization\",\"name\":\"V\u00e9lar & Verkf\u00e6ri\",\"url\":\"https:\\\/\\\/velarogverkfaeri.is\\\/en\\\/\",\"logo\":{\"@type\":\"ImageObject\",\"inLanguage\":\"en-US\",\"@id\":\"https:\\\/\\\/velarogverkfaeri.is\\\/en\\\/#\\\/schema\\\/logo\\\/image\\\/\",\"url\":\"https:\\\/\\\/velarogverkfaeri.is\\\/wp-content\\\/uploads\\\/2021\\\/10\\\/vv_logo_350x100.png\",\"contentUrl\":\"https:\\\/\\\/velarogverkfaeri.is\\\/wp-content\\\/uploads\\\/2021\\\/10\\\/vv_logo_350x100.png\",\"width\":350,\"height\":100,\"caption\":\"V\u00e9lar & Verkf\u00e6ri\"},\"image\":{\"@id\":\"https:\\\/\\\/velarogverkfaeri.is\\\/en\\\/#\\\/schema\\\/logo\\\/image\\\/\"},\"sameAs\":[\"https:\\\/\\\/www.facebook.com\\\/VelarOgVerkfaeri\"]}]}<\/script>\n<!-- \/ Yoast SEO plugin. -->","yoast_head_json":{"title":"BERLINER Bankerleuchte Bor\u00f0lampi Nickel matt m. gr\u00e6num skermi - V\u00e9lar &amp; Verkf\u00e6ri","robots":{"index":"index","follow":"follow","max-snippet":"max-snippet:-1","max-image-preview":"max-image-preview:large","max-video-preview":"max-video-preview:-1"},"canonical":"https:\/\/velarogverkfaeri.is\/en\/honnunarlausnir\/lampar\/bordlampar\/product\/berliner-bankerleuchte-bordlampi-nickel-matt-m-graenum-skermi\/","og_locale":"en_US","og_type":"article","og_title":"BERLINER Bankerleuchte Bor\u00f0lampi Nickel matt m. gr\u00e6num skermi - V\u00e9lar &amp; Verkf\u00e6ri","og_description":"Tegund:&nbsp;W2-99gr N Nickel mattEkki r\u00e9ttur litur \u00e1 skermi, er gr\u00e6nn.","og_url":"https:\/\/velarogverkfaeri.is\/en\/honnunarlausnir\/lampar\/bordlampar\/product\/berliner-bankerleuchte-bordlampi-nickel-matt-m-graenum-skermi\/","og_site_name":"V\u00e9lar &amp; Verkf\u00e6ri","article_publisher":"https:\/\/www.facebook.com\/VelarOgVerkfaeri","article_modified_time":"2025-11-26T09:00:48+00:00","twitter_card":"summary_large_image","twitter_misc":{"Est. reading time":"1 minute"},"schema":{"@context":"https:\/\/schema.org","@graph":[{"@type":"WebPage","@id":"https:\/\/velarogverkfaeri.is\/honnunarlausnir\/lampar\/bordlampar\/product\/berliner-bankerleuchte-bordlampi-nickel-matt-m-graenum-skermi\/","url":"https:\/\/velarogverkfaeri.is\/honnunarlausnir\/lampar\/bordlampar\/product\/berliner-bankerleuchte-bordlampi-nickel-matt-m-graenum-skermi\/","name":"BERLINER Bankerleuchte Bor\u00f0lampi Nickel matt m. gr\u00e6num skermi - V\u00e9lar &amp; Verkf\u00e6ri","isPartOf":{"@id":"https:\/\/velarogverkfaeri.is\/en\/#website"},"primaryImageOfPage":{"@id":"https:\/\/velarogverkfaeri.is\/honnunarlausnir\/lampar\/bordlampar\/product\/berliner-bankerleuchte-bordlampi-nickel-matt-m-graenum-skermi\/#primaryimage"},"image":{"@id":"https:\/\/velarogverkfaeri.is\/honnunarlausnir\/lampar\/bordlampar\/product\/berliner-bankerleuchte-bordlampi-nickel-matt-m-graenum-skermi\/#primaryimage"},"thumbnailUrl":"https:\/\/velarogverkfaeri.is\/wp-content\/uploads\/2025\/11\/ce87ed0d-097e-4247-8cda-51b57391a893.jpg","datePublished":"2023-10-10T11:07:27+00:00","dateModified":"2025-11-26T09:00:48+00:00","breadcrumb":{"@id":"https:\/\/velarogverkfaeri.is\/honnunarlausnir\/lampar\/bordlampar\/product\/berliner-bankerleuchte-bordlampi-nickel-matt-m-graenum-skermi\/#breadcrumb"},"inLanguage":"en-US","potentialAction":[{"@type":"ReadAction","target":["https:\/\/velarogverkfaeri.is\/honnunarlausnir\/lampar\/bordlampar\/product\/berliner-bankerleuchte-bordlampi-nickel-matt-m-graenum-skermi\/"]}]},{"@type":"ImageObject","inLanguage":"en-US","@id":"https:\/\/velarogverkfaeri.is\/honnunarlausnir\/lampar\/bordlampar\/product\/berliner-bankerleuchte-bordlampi-nickel-matt-m-graenum-skermi\/#primaryimage","url":"https:\/\/velarogverkfaeri.is\/wp-content\/uploads\/2025\/11\/ce87ed0d-097e-4247-8cda-51b57391a893.jpg","contentUrl":"https:\/\/velarogverkfaeri.is\/wp-content\/uploads\/2025\/11\/ce87ed0d-097e-4247-8cda-51b57391a893.jpg","width":1006,"height":1423},{"@type":"BreadcrumbList","@id":"https:\/\/velarogverkfaeri.is\/honnunarlausnir\/lampar\/bordlampar\/product\/berliner-bankerleuchte-bordlampi-nickel-matt-m-graenum-skermi\/#breadcrumb","itemListElement":[{"@type":"ListItem","position":1,"name":"Home","item":"https:\/\/velarogverkfaeri.is\/"},{"@type":"ListItem","position":2,"name":"Vefverslun","item":"https:\/\/velarogverkfaeri.is\/vefverslun\/"},{"@type":"ListItem","position":3,"name":"BERLINER Bankerleuchte Bor\u00f0lampi Nickel matt m. gr\u00e6num skermi"}]},{"@type":"WebSite","@id":"https:\/\/velarogverkfaeri.is\/en\/#website","url":"https:\/\/velarogverkfaeri.is\/en\/","name":"V\u00e9lar & Verkf\u00e6ri","description":"Umbo\u00f0s- og heildverslun fr\u00e1 \u00e1rinu 1919","publisher":{"@id":"https:\/\/velarogverkfaeri.is\/en\/#organization"},"potentialAction":[{"@type":"SearchAction","target":{"@type":"EntryPoint","urlTemplate":"https:\/\/velarogverkfaeri.is\/en\/?s={search_term_string}"},"query-input":{"@type":"PropertyValueSpecification","valueRequired":true,"valueName":"search_term_string"}}],"inLanguage":"en-US"},{"@type":"Organization","@id":"https:\/\/velarogverkfaeri.is\/en\/#organization","name":"V\u00e9lar & Verkf\u00e6ri","url":"https:\/\/velarogverkfaeri.is\/en\/","logo":{"@type":"ImageObject","inLanguage":"en-US","@id":"https:\/\/velarogverkfaeri.is\/en\/#\/schema\/logo\/image\/","url":"https:\/\/velarogverkfaeri.is\/wp-content\/uploads\/2021\/10\/vv_logo_350x100.png","contentUrl":"https:\/\/velarogverkfaeri.is\/wp-content\/uploads\/2021\/10\/vv_logo_350x100.png","width":350,"height":100,"caption":"V\u00e9lar & Verkf\u00e6ri"},"image":{"@id":"https:\/\/velarogverkfaeri.is\/en\/#\/schema\/logo\/image\/"},"sameAs":["https:\/\/www.facebook.com\/VelarOgVerkfaeri"]}]}},"_links":{"self":[{"href":"https:\/\/velarogverkfaeri.is\/en\/wp-json\/wp\/v2\/product\/52197","targetHints":{"allow":["GET"]}}],"collection":[{"href":"https:\/\/velarogverkfaeri.is\/en\/wp-json\/wp\/v2\/product"}],"about":[{"href":"https:\/\/velarogverkfaeri.is\/en\/wp-json\/wp\/v2\/types\/product"}],"replies":[{"embeddable":true,"href":"https:\/\/velarogverkfaeri.is\/en\/wp-json\/wp\/v2\/comments?post=52197"}],"wp:featuredmedia":[{"embeddable":true,"href":"https:\/\/velarogverkfaeri.is\/en\/wp-json\/wp\/v2\/media\/78167"}],"wp:attachment":[{"href":"https:\/\/velarogverkfaeri.is\/en\/wp-json\/wp\/v2\/media?parent=52197"}],"wp:term":[{"taxonomy":"product_brand","embeddable":true,"href":"https:\/\/velarogverkfaeri.is\/en\/wp-json\/wp\/v2\/product_brand?post=52197"},{"taxonomy":"product_cat","embeddable":true,"href":"https:\/\/velarogverkfaeri.is\/en\/wp-json\/wp\/v2\/product_cat?post=52197"},{"taxonomy":"product_tag","embeddable":true,"href":"https:\/\/velarogverkfaeri.is\/en\/wp-json\/wp\/v2\/product_tag?post=52197"}],"curies":[{"name":"wp","href":"https:\/\/api.w.org\/{rel}","templated":true}]}}