{"id":51314,"date":"2023-10-10T11:09:01","date_gmt":"2023-10-10T11:09:01","guid":{"rendered":"https:\/\/vv-dev.webdev.is\/?post_type=product&#038;p=51314"},"modified":"2026-03-09T14:45:50","modified_gmt":"2026-03-09T14:45:50","slug":"usag-toppur-1-2-10mm-tolfkant-stjornu-u02352005","status":"publish","type":"product","link":"https:\/\/velarogverkfaeri.is\/en\/verkfaeralausnir\/handverkfaeri\/toppar-handverkfaeri\/product\/usag-toppur-1-2-10mm-tolfkant-stjornu-u02352005\/","title":{"rendered":"USAG Toppur 1\/2&#8243; 10mm T\u00f3lfkant Stj\u00f6rnu U02352005"},"content":{"rendered":"<p><img decoding=\"async\" src=\"data:image\/png;base64,iVBORw0KGgoAAAANSUhEUgAAAPwAAAA3CAYAAAAohCcQAAAAAXNSR0IArs4c6QAAAARnQU1BAACxjwv8YQUAAAAJcEhZcwAADsMAAA7DAcdvqGQAAAvQSURBVHhe7Z3Pa1vLFce\/fa+8Fqc8LolJg62AiBWa8IxJIxGcjciDLiTIIqGblBrivG61zNKLLvwXlKyTELwIvJCELCI1LdQImqhBhiBME1IlFYmcBCMH4fL8SvugPWdmru7c66sr2ZYd2\/d8iIjGc+\/8ODPnzJm50tGP\/kdAEIRY8Jn5XxCEGCAKLwgxQhReEGKEKLwgxAhReEGIEaLwghAjROEFIUaIwgtCjBCFF4QYIQovCDFihz5aW8XcbAkNkwIcZK4UkBs1yYFj6kvmMDOVMX\/rBl9bwXBEe6pzsyh5jSe89jeL13DzVQrThRwSJne3otq6gEjZ674mkZuZQi\/JUYkoXbuJ1tkZTKXNn7qxVMK1G3Wk+h53PYbI91H2LqRZnMPixNRg5vjCHGafDA9kju3ACs+TooR2ehozMzP6lXdQ\/UvV5G8DS\/Ry6N+hIzq9WXiSzpICgAyH23a3\/TfmaEruRdrdZU\/9rfgMm7A5mlh81Tbvdxfbr\/BLi6i3HaQmLNuUnupj5d0CoxlMFWZQyG\/FHpKhuldFO8xL4Pb3tQLuQpJJJBslzNFKH0QZAsonWylsiQ9o7U597+3SLy8vo1gs4u3btzh69Cjy+TwOHz5scvsh2r1WbubKJKYPVcjdNFIKXOtzqZ2Mz7XRbqorXdfVDrqaOl3tXGaX0cWl79MFdV36jFNF1W2j1X5ue+VQDqlXJV1\/J8\/IRV1F2G1SdbcwmQdKRX1Fklzbc8tWXzcgIxefrIPbEHYbi0DuyjAqXLdl0PxbGns7ZskZfH87sF3Q+fWxaRQmFrU88ynUi2RIVb5\/6+CrRxkmSlguvX+srXtD5GXnq3LZS+vIy79dWDdGSn7DmO+MT5ctqKrX7QtdRV6s7qf3N9+9get5TL3tin8+qLLcBWuALv3nvyfM+1Du3LmjlJ1ZXV1VBuDUqVMq3R8jOPhdDc+eL6JcLtOrhrWxM0h9qXNX609VXmPkEq7+7jyy2SG8eVBC7UAWEyNmsNo0AFe\/wflsFsdWSrj5t8+QpUw9ARwa2AIuUV42O4L6X18idfxnqD99hrWjuoxm8RYeH3TLz2Lo5W38eekYzhznRrxDrdzE0C+9Nin+UcGj+k8xcX6CetAd1f5\/vsYXNOkLl6gNY2uozZfx0rT\/Xa2MxectjPzmKr45T\/n8RzO4vM2x23SnvIZjZ1L48l91PH32dyz+MImZwiVVZvnb26j85JxOb0BGNqqt3ydw\/tcZrD19iMcrrgxIMe\/OY+2rC7jw82Wqew2JrO53sOzsgZe4\/W3ZjOGqJ+f0BIbePEK5MeTVu\/AAt5spXPrtadOn13jdGsElU9bQmwcomT6v0ljeeX7EG8v\/1vCg3oZz3B3DwFgfqOH63Xfh8soew1ptHuWXui08BmRqLHnwmNcBU3ZwjNRYPGiRsdfpY989xcPHH3VdpgQls1sP8fErbwxHVl9i9RdZ\/IrHp+zeb+aVUXaHlFzNE7qmdv0u3ik5BufDMXz8401UPtftw\/says0hnPLVvzl6uvSusrsE0\/2QyBfU3nc6zc4i7SFvzOJasakzGbKoFzrudwYnkkDjOe8zq3jRIAt50bNsifwkWf4XlKP3SU76XGeFoFzk8l7Kheu33fsjhxy0Vz6Y1ACg9p9zLfXoOFLUzfay1b\/kpH91WHiBhq\/P1OuvM3DadSzy+YOC+k1\/U4wOU4qKOen27QiGO3VEyagbJKezSbQX5vU16n9\/ezTrywbL22mjXrP6Z1B96NRLCvGkAWds3LuX+2SV5fVZj2Uyb22T0idojXYJy+dx7yIvqmF8jAXUojv7xBojnh9wUhg36cRhXVbYjLHnUSKdsfrqp1mrq+2ht6LrOaPkuG4+6PHROjBYeio8u\/E2wfRGsBW\/\/Wqx62AogfNgLbXIPGgDMTvrvtjtaaO1pPdJzuFuIvbDK4RbhucWRnCElYzrMekB0lwOqV8pNdW3UTsUKSNzTRhKcRuoFGk\/T25w8myIu6jKDpLQxibMYCpjx2XSyKqzmyS52f2MT689r85vFO0+8hZtE\/IaGKSUhRnaKJRMe66hFCHvDyvcAfda\/eJ5yHJU86FdxU0rb5a3JhsxWH3SU+F5z+4qubuH3yrKYkaghOMMI6GUgCz3FeuEXL14T2SvctGwW8p7V\/d+7Wn0QE3eiBPtLRDaf6VcDoY3+mAhUkbmmlBowl6kFXGhqlaXjodiYzwLP01taEOfgHiewxzLzed9hfDB9DmynYwea97z+vto74E\/DZkp05YeT27UIsbnLoH287mCmg80BtPBvAHs2YP0VHg+oLt8+bJqAP+\/sQM7gg8crpUsSxXi6tnuEu11+NGQdl\/ZvV+vdE1yAXlysdvWcUsZunfO3ioo9AT13OF+H5lohXDYKs8F6mdvwdenDcLuKln0+1ZbuY9ty43snygZ9WA0hwvppN9l92HKvmf1leUdfOpiYzyHRiNsdbdXZD0PkDxBtZht3BOvnmax4h1omrG285m++kh0PEaTVi60ebsVqmQsfdAi1c1eJyZSNJcqfi+A2q\/aZObDvO\/JCeVtg3f5Y\/P\/tlHFCeScErkrnnB8J5AMraQVcmNKJmmfXrIFBa3Q7Ka6OGQNJwsJZGiLkFuh+zr3Okimh0lUttj1qjPL7mCR07Qa0iTHisqMhhSiMDOuTprt+pU1vjhuEpshA90tKtcdZC5zkxY9UkYm3Y0E7Yuj6nTL9saPvYko70ErZ3WFFTkIyf25Ow4E99mcnGemptEiObv1OOkcGY4SWirF7Sxgmg\/uaKxdHCeJ1MUpcqujSeQvIGOVjSSZGDJKbtmbo4rWkwr1xZU5y8WVJRuwEkq0zeIa9XymuXSFD+6o\/+oawqH5OnYBU3l3PliyofKc9CQKo71GcGN88iCW6vR1j3xSTegHPnGO\/uSi8OnY\/g\/eCDGC3HTa6jSCTyWEXYOEqRaEGCErvCDECFF4QYgRovCCECNE4QUhRojCC0KMEIUXhBghCi8IMUIUXhBihCi8IMQIUXhBiBE7+tFaFS7J971E75tX++dLNPx58j5DNzP8ld7aOKb6ChQRggqd1D32ni1zfwy1aHRIKfT4Zpwp3xcvTtjN7MwKz5NSfYU1EABgT4d7Hgwq9JF5P2g68eiMvDceLKKf4BTCXmIHFJ5WvP0Y7nlAqOg+24IJ\/BEWuqoPdDiyeI\/NfmT7w1T3cDldXJd+L4R71m2ZxuTKzc61XlCP9S69do9dxXa3Mfq6TuhswisjImSxKd+9z0lyqJh2QL4Bmdi4\/Q2RDWV6oZ+DoZFVGGuvRHd7oF36DDJtGje3TcEAJ8KuYfvDVO\/DcM+6Lc\/wg9XWpw8f42MwdDPfRop16\/HBTmhmFeb5Txxe+TROn+FQzWW0xnT7dcjoYJ\/8IYurc39A+d9eG0eWyqi8B0Z8YbZHMKFCNT\/DF1+7YZF1XZ1wzT1CO\/tDI1ObrtshlrP4z\/sqRkZMCOjGmjcuB97gUZn6b4UiF3YPPV36QYSp7htaUfdMuGdaKTt7YhPwMix0swqTZXsJHA23S8hjRWTI4pA2cqw0837jWLKhEnuFdrbHIpN27yPscVHhpT9lNFkhip4Kv+Uw1fs93LMiInQzYw4tVZm+XyVZT2TI4tCw0TsBx1ybpu0Ux\/bjNsX7oHUv01Phtxymet+He2YiQjfz3lf9dJMp7wp5ICYrjJ0MWbwxyNMo6LZMp9sqlFU3T0DYvfRU+C2HqeaJsh\/DPfvCHncP3axWbBWK2aR7PYaLClkcYjxVf8377aOJ6kJADvy7AeatsHfYgcdyhAr3PI1MO\/DLG\/xBmy2He87BWXBdTXPotsnVkEMye78kol\/37y12cV\/ruO9et+5HFD30OYBX5n2krJ9QojpP8g83mPYrg6j7BN+vrNzH\/Rrn8Sqb85X34iSlVUnbyNIHvHjiyVj9xlvwEauwJ5AglptAP4oK+VyBIOxydmaFFwRhVyArvCDECFnhBSFGiMILQowQhReEGCEKLwgxQhReEGKEKLwgxAhReEGIEaLwghAbgP8DUZ5SMJfj5tYAAAAASUVORK5CYII=\" alt=\"\"><\/p>","protected":false},"excerpt":{"rendered":"<p>Tegund:&nbsp;U02352005<\/p>","protected":false},"featured_media":81065,"comment_status":"closed","ping_status":"closed","template":"","meta":[],"product_brand":[],"product_cat":[588,787,515],"product_tag":[],"class_list":{"0":"post-51314","1":"product","2":"type-product","3":"status-publish","4":"has-post-thumbnail","6":"product_cat-handverkfaeri","7":"product_cat-toppar-handverkfaeri","8":"product_cat-verkfaeralausnir","10":"first","11":"instock","12":"taxable","13":"shipping-taxable","14":"purchasable","15":"product-type-simple"},"yoast_head":"<!-- This site is optimized with the Yoast SEO plugin v27.3 - https:\/\/yoast.com\/product\/yoast-seo-wordpress\/ -->\n<title>USAG Toppur 1\/2&quot; 10mm T\u00f3lfkant Stj\u00f6rnu U02352005 - V\u00e9lar &amp; Verkf\u00e6ri<\/title>\n<meta name=\"robots\" content=\"index, follow, max-snippet:-1, max-image-preview:large, max-video-preview:-1\" \/>\n<link rel=\"canonical\" href=\"https:\/\/velarogverkfaeri.is\/en\/verkfaeralausnir\/handverkfaeri\/toppar-handverkfaeri\/product\/usag-toppur-1-2-10mm-tolfkant-stjornu-u02352005\/\" \/>\n<meta property=\"og:locale\" content=\"en_US\" \/>\n<meta property=\"og:type\" content=\"article\" \/>\n<meta property=\"og:title\" content=\"USAG Toppur 1\/2&quot; 10mm T\u00f3lfkant Stj\u00f6rnu U02352005 - V\u00e9lar &amp; Verkf\u00e6ri\" \/>\n<meta property=\"og:description\" content=\"Tegund:&nbsp;U02352005\" \/>\n<meta property=\"og:url\" content=\"https:\/\/velarogverkfaeri.is\/en\/verkfaeralausnir\/handverkfaeri\/toppar-handverkfaeri\/product\/usag-toppur-1-2-10mm-tolfkant-stjornu-u02352005\/\" \/>\n<meta property=\"og:site_name\" content=\"V\u00e9lar &amp; Verkf\u00e6ri\" \/>\n<meta property=\"article:publisher\" content=\"https:\/\/www.facebook.com\/VelarOgVerkfaeri\" \/>\n<meta property=\"article:modified_time\" content=\"2026-03-09T14:45:50+00:00\" \/>\n<meta name=\"twitter:card\" content=\"summary_large_image\" \/>\n<script type=\"application\/ld+json\" class=\"yoast-schema-graph\">{\"@context\":\"https:\\\/\\\/schema.org\",\"@graph\":[{\"@type\":\"WebPage\",\"@id\":\"https:\\\/\\\/velarogverkfaeri.is\\\/verkfaeralausnir\\\/handverkfaeri\\\/toppar-handverkfaeri\\\/product\\\/usag-toppur-1-2-10mm-tolfkant-stjornu-u02352005\\\/\",\"url\":\"https:\\\/\\\/velarogverkfaeri.is\\\/verkfaeralausnir\\\/handverkfaeri\\\/toppar-handverkfaeri\\\/product\\\/usag-toppur-1-2-10mm-tolfkant-stjornu-u02352005\\\/\",\"name\":\"USAG Toppur 1\\\/2\\\" 10mm T\u00f3lfkant Stj\u00f6rnu U02352005 - V\u00e9lar &amp; Verkf\u00e6ri\",\"isPartOf\":{\"@id\":\"https:\\\/\\\/velarogverkfaeri.is\\\/en\\\/#website\"},\"primaryImageOfPage\":{\"@id\":\"https:\\\/\\\/velarogverkfaeri.is\\\/verkfaeralausnir\\\/handverkfaeri\\\/toppar-handverkfaeri\\\/product\\\/usag-toppur-1-2-10mm-tolfkant-stjornu-u02352005\\\/#primaryimage\"},\"image\":{\"@id\":\"https:\\\/\\\/velarogverkfaeri.is\\\/verkfaeralausnir\\\/handverkfaeri\\\/toppar-handverkfaeri\\\/product\\\/usag-toppur-1-2-10mm-tolfkant-stjornu-u02352005\\\/#primaryimage\"},\"thumbnailUrl\":\"https:\\\/\\\/velarogverkfaeri.is\\\/wp-content\\\/uploads\\\/2026\\\/03\\\/a52a1208-2f8b-46d6-996f-adc7d7accae6.png\",\"datePublished\":\"2023-10-10T11:09:01+00:00\",\"dateModified\":\"2026-03-09T14:45:50+00:00\",\"breadcrumb\":{\"@id\":\"https:\\\/\\\/velarogverkfaeri.is\\\/verkfaeralausnir\\\/handverkfaeri\\\/toppar-handverkfaeri\\\/product\\\/usag-toppur-1-2-10mm-tolfkant-stjornu-u02352005\\\/#breadcrumb\"},\"inLanguage\":\"en-US\",\"potentialAction\":[{\"@type\":\"ReadAction\",\"target\":[\"https:\\\/\\\/velarogverkfaeri.is\\\/verkfaeralausnir\\\/handverkfaeri\\\/toppar-handverkfaeri\\\/product\\\/usag-toppur-1-2-10mm-tolfkant-stjornu-u02352005\\\/\"]}]},{\"@type\":\"ImageObject\",\"inLanguage\":\"en-US\",\"@id\":\"https:\\\/\\\/velarogverkfaeri.is\\\/verkfaeralausnir\\\/handverkfaeri\\\/toppar-handverkfaeri\\\/product\\\/usag-toppur-1-2-10mm-tolfkant-stjornu-u02352005\\\/#primaryimage\",\"url\":\"https:\\\/\\\/velarogverkfaeri.is\\\/wp-content\\\/uploads\\\/2026\\\/03\\\/a52a1208-2f8b-46d6-996f-adc7d7accae6.png\",\"contentUrl\":\"https:\\\/\\\/velarogverkfaeri.is\\\/wp-content\\\/uploads\\\/2026\\\/03\\\/a52a1208-2f8b-46d6-996f-adc7d7accae6.png\",\"width\":605,\"height\":579},{\"@type\":\"BreadcrumbList\",\"@id\":\"https:\\\/\\\/velarogverkfaeri.is\\\/verkfaeralausnir\\\/handverkfaeri\\\/toppar-handverkfaeri\\\/product\\\/usag-toppur-1-2-10mm-tolfkant-stjornu-u02352005\\\/#breadcrumb\",\"itemListElement\":[{\"@type\":\"ListItem\",\"position\":1,\"name\":\"Home\",\"item\":\"https:\\\/\\\/velarogverkfaeri.is\\\/\"},{\"@type\":\"ListItem\",\"position\":2,\"name\":\"Vefverslun\",\"item\":\"https:\\\/\\\/velarogverkfaeri.is\\\/vefverslun\\\/\"},{\"@type\":\"ListItem\",\"position\":3,\"name\":\"USAG Toppur 1\\\/2&#8243; 10mm T\u00f3lfkant Stj\u00f6rnu U02352005\"}]},{\"@type\":\"WebSite\",\"@id\":\"https:\\\/\\\/velarogverkfaeri.is\\\/en\\\/#website\",\"url\":\"https:\\\/\\\/velarogverkfaeri.is\\\/en\\\/\",\"name\":\"V\u00e9lar & Verkf\u00e6ri\",\"description\":\"Umbo\u00f0s- og heildverslun fr\u00e1 \u00e1rinu 1919\",\"publisher\":{\"@id\":\"https:\\\/\\\/velarogverkfaeri.is\\\/en\\\/#organization\"},\"potentialAction\":[{\"@type\":\"SearchAction\",\"target\":{\"@type\":\"EntryPoint\",\"urlTemplate\":\"https:\\\/\\\/velarogverkfaeri.is\\\/en\\\/?s={search_term_string}\"},\"query-input\":{\"@type\":\"PropertyValueSpecification\",\"valueRequired\":true,\"valueName\":\"search_term_string\"}}],\"inLanguage\":\"en-US\"},{\"@type\":\"Organization\",\"@id\":\"https:\\\/\\\/velarogverkfaeri.is\\\/en\\\/#organization\",\"name\":\"V\u00e9lar & Verkf\u00e6ri\",\"url\":\"https:\\\/\\\/velarogverkfaeri.is\\\/en\\\/\",\"logo\":{\"@type\":\"ImageObject\",\"inLanguage\":\"en-US\",\"@id\":\"https:\\\/\\\/velarogverkfaeri.is\\\/en\\\/#\\\/schema\\\/logo\\\/image\\\/\",\"url\":\"https:\\\/\\\/velarogverkfaeri.is\\\/wp-content\\\/uploads\\\/2021\\\/10\\\/vv_logo_350x100.png\",\"contentUrl\":\"https:\\\/\\\/velarogverkfaeri.is\\\/wp-content\\\/uploads\\\/2021\\\/10\\\/vv_logo_350x100.png\",\"width\":350,\"height\":100,\"caption\":\"V\u00e9lar & Verkf\u00e6ri\"},\"image\":{\"@id\":\"https:\\\/\\\/velarogverkfaeri.is\\\/en\\\/#\\\/schema\\\/logo\\\/image\\\/\"},\"sameAs\":[\"https:\\\/\\\/www.facebook.com\\\/VelarOgVerkfaeri\"]}]}<\/script>\n<!-- \/ Yoast SEO plugin. -->","yoast_head_json":{"title":"USAG Toppur 1\/2\" 10mm T\u00f3lfkant Stj\u00f6rnu U02352005 - V\u00e9lar &amp; Verkf\u00e6ri","robots":{"index":"index","follow":"follow","max-snippet":"max-snippet:-1","max-image-preview":"max-image-preview:large","max-video-preview":"max-video-preview:-1"},"canonical":"https:\/\/velarogverkfaeri.is\/en\/verkfaeralausnir\/handverkfaeri\/toppar-handverkfaeri\/product\/usag-toppur-1-2-10mm-tolfkant-stjornu-u02352005\/","og_locale":"en_US","og_type":"article","og_title":"USAG Toppur 1\/2\" 10mm T\u00f3lfkant Stj\u00f6rnu U02352005 - V\u00e9lar &amp; Verkf\u00e6ri","og_description":"Tegund:&nbsp;U02352005","og_url":"https:\/\/velarogverkfaeri.is\/en\/verkfaeralausnir\/handverkfaeri\/toppar-handverkfaeri\/product\/usag-toppur-1-2-10mm-tolfkant-stjornu-u02352005\/","og_site_name":"V\u00e9lar &amp; Verkf\u00e6ri","article_publisher":"https:\/\/www.facebook.com\/VelarOgVerkfaeri","article_modified_time":"2026-03-09T14:45:50+00:00","twitter_card":"summary_large_image","schema":{"@context":"https:\/\/schema.org","@graph":[{"@type":"WebPage","@id":"https:\/\/velarogverkfaeri.is\/verkfaeralausnir\/handverkfaeri\/toppar-handverkfaeri\/product\/usag-toppur-1-2-10mm-tolfkant-stjornu-u02352005\/","url":"https:\/\/velarogverkfaeri.is\/verkfaeralausnir\/handverkfaeri\/toppar-handverkfaeri\/product\/usag-toppur-1-2-10mm-tolfkant-stjornu-u02352005\/","name":"USAG Toppur 1\/2\" 10mm T\u00f3lfkant Stj\u00f6rnu U02352005 - V\u00e9lar &amp; Verkf\u00e6ri","isPartOf":{"@id":"https:\/\/velarogverkfaeri.is\/en\/#website"},"primaryImageOfPage":{"@id":"https:\/\/velarogverkfaeri.is\/verkfaeralausnir\/handverkfaeri\/toppar-handverkfaeri\/product\/usag-toppur-1-2-10mm-tolfkant-stjornu-u02352005\/#primaryimage"},"image":{"@id":"https:\/\/velarogverkfaeri.is\/verkfaeralausnir\/handverkfaeri\/toppar-handverkfaeri\/product\/usag-toppur-1-2-10mm-tolfkant-stjornu-u02352005\/#primaryimage"},"thumbnailUrl":"https:\/\/velarogverkfaeri.is\/wp-content\/uploads\/2026\/03\/a52a1208-2f8b-46d6-996f-adc7d7accae6.png","datePublished":"2023-10-10T11:09:01+00:00","dateModified":"2026-03-09T14:45:50+00:00","breadcrumb":{"@id":"https:\/\/velarogverkfaeri.is\/verkfaeralausnir\/handverkfaeri\/toppar-handverkfaeri\/product\/usag-toppur-1-2-10mm-tolfkant-stjornu-u02352005\/#breadcrumb"},"inLanguage":"en-US","potentialAction":[{"@type":"ReadAction","target":["https:\/\/velarogverkfaeri.is\/verkfaeralausnir\/handverkfaeri\/toppar-handverkfaeri\/product\/usag-toppur-1-2-10mm-tolfkant-stjornu-u02352005\/"]}]},{"@type":"ImageObject","inLanguage":"en-US","@id":"https:\/\/velarogverkfaeri.is\/verkfaeralausnir\/handverkfaeri\/toppar-handverkfaeri\/product\/usag-toppur-1-2-10mm-tolfkant-stjornu-u02352005\/#primaryimage","url":"https:\/\/velarogverkfaeri.is\/wp-content\/uploads\/2026\/03\/a52a1208-2f8b-46d6-996f-adc7d7accae6.png","contentUrl":"https:\/\/velarogverkfaeri.is\/wp-content\/uploads\/2026\/03\/a52a1208-2f8b-46d6-996f-adc7d7accae6.png","width":605,"height":579},{"@type":"BreadcrumbList","@id":"https:\/\/velarogverkfaeri.is\/verkfaeralausnir\/handverkfaeri\/toppar-handverkfaeri\/product\/usag-toppur-1-2-10mm-tolfkant-stjornu-u02352005\/#breadcrumb","itemListElement":[{"@type":"ListItem","position":1,"name":"Home","item":"https:\/\/velarogverkfaeri.is\/"},{"@type":"ListItem","position":2,"name":"Vefverslun","item":"https:\/\/velarogverkfaeri.is\/vefverslun\/"},{"@type":"ListItem","position":3,"name":"USAG Toppur 1\/2&#8243; 10mm T\u00f3lfkant Stj\u00f6rnu U02352005"}]},{"@type":"WebSite","@id":"https:\/\/velarogverkfaeri.is\/en\/#website","url":"https:\/\/velarogverkfaeri.is\/en\/","name":"V\u00e9lar & Verkf\u00e6ri","description":"Umbo\u00f0s- og heildverslun fr\u00e1 \u00e1rinu 1919","publisher":{"@id":"https:\/\/velarogverkfaeri.is\/en\/#organization"},"potentialAction":[{"@type":"SearchAction","target":{"@type":"EntryPoint","urlTemplate":"https:\/\/velarogverkfaeri.is\/en\/?s={search_term_string}"},"query-input":{"@type":"PropertyValueSpecification","valueRequired":true,"valueName":"search_term_string"}}],"inLanguage":"en-US"},{"@type":"Organization","@id":"https:\/\/velarogverkfaeri.is\/en\/#organization","name":"V\u00e9lar & Verkf\u00e6ri","url":"https:\/\/velarogverkfaeri.is\/en\/","logo":{"@type":"ImageObject","inLanguage":"en-US","@id":"https:\/\/velarogverkfaeri.is\/en\/#\/schema\/logo\/image\/","url":"https:\/\/velarogverkfaeri.is\/wp-content\/uploads\/2021\/10\/vv_logo_350x100.png","contentUrl":"https:\/\/velarogverkfaeri.is\/wp-content\/uploads\/2021\/10\/vv_logo_350x100.png","width":350,"height":100,"caption":"V\u00e9lar & Verkf\u00e6ri"},"image":{"@id":"https:\/\/velarogverkfaeri.is\/en\/#\/schema\/logo\/image\/"},"sameAs":["https:\/\/www.facebook.com\/VelarOgVerkfaeri"]}]}},"_links":{"self":[{"href":"https:\/\/velarogverkfaeri.is\/en\/wp-json\/wp\/v2\/product\/51314","targetHints":{"allow":["GET"]}}],"collection":[{"href":"https:\/\/velarogverkfaeri.is\/en\/wp-json\/wp\/v2\/product"}],"about":[{"href":"https:\/\/velarogverkfaeri.is\/en\/wp-json\/wp\/v2\/types\/product"}],"replies":[{"embeddable":true,"href":"https:\/\/velarogverkfaeri.is\/en\/wp-json\/wp\/v2\/comments?post=51314"}],"wp:featuredmedia":[{"embeddable":true,"href":"https:\/\/velarogverkfaeri.is\/en\/wp-json\/wp\/v2\/media\/81065"}],"wp:attachment":[{"href":"https:\/\/velarogverkfaeri.is\/en\/wp-json\/wp\/v2\/media?parent=51314"}],"wp:term":[{"taxonomy":"product_brand","embeddable":true,"href":"https:\/\/velarogverkfaeri.is\/en\/wp-json\/wp\/v2\/product_brand?post=51314"},{"taxonomy":"product_cat","embeddable":true,"href":"https:\/\/velarogverkfaeri.is\/en\/wp-json\/wp\/v2\/product_cat?post=51314"},{"taxonomy":"product_tag","embeddable":true,"href":"https:\/\/velarogverkfaeri.is\/en\/wp-json\/wp\/v2\/product_tag?post=51314"}],"curies":[{"name":"wp","href":"https:\/\/api.w.org\/{rel}","templated":true}]}}