{"id":51313,"date":"2023-10-10T11:09:01","date_gmt":"2023-10-10T11:09:01","guid":{"rendered":"https:\/\/vv-dev.webdev.is\/?post_type=product&#038;p=51313"},"modified":"2026-03-09T14:45:54","modified_gmt":"2026-03-09T14:45:54","slug":"usag-toppur-1-2-11mm-tolfkant-stjornu-u02352006","status":"publish","type":"product","link":"https:\/\/velarogverkfaeri.is\/en\/verkfaeralausnir\/handverkfaeri\/toppar-handverkfaeri\/product\/usag-toppur-1-2-11mm-tolfkant-stjornu-u02352006\/","title":{"rendered":"USAG Toppur 1\/2&#8243; 11mm T\u00f3lfkant Stj\u00f6rnu U02352006"},"content":{"rendered":"<p><img decoding=\"async\" src=\"data:image\/png;base64,iVBORw0KGgoAAAANSUhEUgAAAPoAAAAyCAYAAAB1V8bkAAAAAXNSR0IArs4c6QAAAARnQU1BAACxjwv8YQUAAAAJcEhZcwAADsMAAA7DAcdvqGQAAAu0SURBVHhe7Z3Pa1vLFce\/fa+8Fqc8LolJg6OAiBWa8IxJIxGcjciDLiTIIqGblBrivG61zNKLLvwXFK8TE7wIvJCELCI1LTQImqhBhiBME1wlFYmcBCMH4fL8SvugPWdmru7ca+n62vLvez5EROO5d36cM2fmzFzp6Ef\/IyAIwoHmM\/O\/IAgHGDF0QYgBYuiCEAPE0AUhBoihC0IMEEMXhBgghi4IMUAMXRBigBi6IMSAHf5kXBWzUyU0TApwkLleQO64SW45pr5kDpPjGfO3XvC1FQyGtKc6O4WS13jCa3+zOI2Z1ylMFHJImNy9imrrHEJlr\/uaRG5yHOtJjkpEaXoGrQuTGE+bP\/VisYTpW3WkIutd6xD5CGXvQZrFWcyPjm\/NGJ+bxdSzwU2NsR1c0XkwlNBOT2ByclK\/8g6qf6ma\/G1gkV4O\/TtyTKc3Cw\/OKRr4oAnDbbvb\/luzNBT3I+3esqf+VnwTmrA5mph\/3Tbvd5edM\/TFedTbDlKj1lyUHo+w0vbB8QzGC5Mo5PtZY2mCul9Fu5tXwO2PtOLtQZJJJBslzNLKHkRNAJRPc6TQFx\/R2ht2Ht11X1paQrFYxLt373DixAnk83kcPXrU5EYh3I1W7uTyGCaOVMitNNIJXOtznZ2Mz4XR7qgrVdelDrqUOl3tXGaX0cN1j+hquq57xqmi6rbRaj+3vXIkh9Trkq6\/k2fkoq4i7DapulsYywOlor4iSS7sxSWrrxuQkYtP1sHtBruHRSB3fRAVrtuayPxbF3vbZckZfH87sC3Q+fXhCRRG57U88ynUizSBqnz\/FsFXj5qQKGG57n5dW\/d2kZedr8plr6wjL\/+2YI2OlPwG8aSjnx5bTVWv2xe6irxW3U\/vb757A9ezTr1tiX88qLLchaoP1\/3z3xPmfSh3795VRs6srKwowz979qxKR2MIh7+r4cXLeZTLZXrVsDp8Hqkvde5K\/bnKawxdxY3fXUI2O4C3D0uoHcpidMgoqU2Cv\/ENLmWzOLlcwszfPkOWMrXiHVJoAVcpL5sdQv2vC0id+hnqz19g9YQuo1m8jaeH3fKzGFi4gz8vnsT5U9yI96iVmxj4pdcmxT8qeFz\/KUYvjVIPeqPa\/883+IIGe+EqtWF4FbUnZSyY9r+vlTH\/soWh39zAN5con\/9olMrbGbtNd8urOHk+hS\/\/VcfzF3\/H\/A9jmCxcVWWWv72Dyk8u6vQGZGSj2vp9Apd+ncHq80d4uuzKgAzy3hOsfnUZl3++RHWvIpHV\/Q6WnT20gDvflo0OVzw5p0cx8PYxyo0Br965h7jTTOHqb8+ZPr3Bm9YQrpqyBt4+RMn0eYV0efflMU+X\/63hYb0N55Srw4CuD9Vw89777vLKnsRq7QnKC7otrAOaYix5sM7rgCk7qCOli4ctmuR1+uR3z\/Ho6SddlylByez2I3z6ytPh0MoCVn6Rxa9YP2X3fjOujJE7ZNxqnNA1tZv38F7JMTgeTuLTH2dQ+Vy3Dx9qKDcHcNZXfzQiu+6ukbsE01FI5AtqbzuRZqeQ9oi3pjBdbOpMhmbQyx03O4PTSaDxkveRVbxq0Ix4xZvJEvkxmulfUY7eBznpi50VgXKRy3spF67fduOPHXHQXv5oUlsAtf+iOzMfH0GKutlesvqXHPOvBnOv0PD1mXr9dQZOu455Pl9QUL\/pb4rjg5SiYs64fTuGwU4dYTLqBcnpQhLtuSf6GvW\/vz2atWWD5e20Ua9Z\/TOoPnTqJUN41oAzPOLdy32yyvL6rHWZzFvbofRpWpNduuWz3nvIi2oYGWYBtejOiFg64vEBJ4URk04c1WV1GzH2OEqkM1Zf\/TRrdbUN9FZwPWaUHNeMB60fbQP9EdnQ2V23CaY3gm3w7dfzPZWgBM1KWmzRtKAnhqkp98XuTRutRb0Pco72Eq0fXhHcMjz3L4RjbFxcj0lvIc2lLvUrY6b6Njr\/hMrIXNMNZbANVIq0Xyd3N3mhi1uoyg6S0JNMt4lSTXJcJmlWnc0kyZ2Oop\/19rQ6v1G0+8hbsU3Ia8sgYyxM0oagZNozjVKIvD8ucwfca\/WLxyHLUY2HdhUzVt4Ub0E2MlH1ILKh857cNW53j94vaoYMQQnFGURCDX6aqa9bJ97qxXsee1ULh91P3pu692vPYh3UoA05oe6Drv1XRuVgcKMPCkJlZK7pCg3UK7QCzlXVatLxSGyMJ+GnqSfYrk80PE9hluXm87a68NH0ObSdjNY172n9fbT3uLtDZty0ZZ0nMWrx4nOVQPv53ECNB9LBRDBvE3vyIJENnQ\/erl27pirm\/zd2EEfwQcJ0yZqZurh0tltEexl+xKPdVHbj1xpbk1w9HlTsnnXcT4bunbW3BAo9MD23N+qjD20IDs\/Cs4H62Tvw9WmDsFtKM\/gDq63cx7blLkYnTEbrcDyHy+mk3zX3Ycq+b\/WV5R18imJjPIVGo9tqbq\/AehwgeZpqMdu1Z149zWLFO6g0urbzmUh9JDoeokkrV9m87YcqTZI+aHHqNU8nRlM0lir+VZ\/ar9pkxsMT35MQytsCb\/LH5v9tp4rTyDklcks8ofhOFBlaOSvkrpRM0j6N5BkTtCKzO+ri0Ow3VkggQ1uB3DLd17nXQTI9SCKyxa1XmSl2+4qcptWPBjeWVWY4ZAiFyRF1cmzXr2bfKyMmsRky0N2icl3lcpmbnMFDZWTSvUjQvjesTrdsT3\/sPYR5C9ooq8tswEFI7i9dPRDcZ3MSnhmfQIvk7NbjpHM0YZTQUiluZwETfCBHunZxnCRSV8bJfQ4nkb+MjFU2kjS10GTklr05qmg9q1BfXJmzXFxZ8sRVQom2U1yjHs80lq7zgRz1X11DODRehy9jPO+OB0s2VJ6THkPh+HoaDGfPxIxTp6n75JNlQhT4BDn8k4bCzrFzH5gRYgS547SlaQSfMgi7hkSBFYQYICu6IMQAMXRBiAFi6IIQA8TQBSEGiKELQgwQQxeEGCCGLggxQAxdEGKAGLogxAAxdEGIAbvyEVgVlsj3\/UDvm1AH58st\/HnviCGQGf5qbW0E45ECNHRBhSjqHdvOlrk\/Rlk4OnQT1vmmminfF49N2Evs7IrOg1F9lTTwxft9HTZ5a1Ahhsz7raYT783Ie+NBGqIEhRD2Mjto6LTCHcSwyVuEiqazLZiAG91CREVAh\/2Kt24OAjsX7nkd19LFdd33Q9hk3ZYJjC3PdK71gmmsdd21G+watLtd0dd1QlATXhkhoX9N+e59TpJDs7QD8g3IxMbtbxfZUKYXQjkYYliFg\/ZKdLcB2nXPINMmvbltCgYWEXaNnQv3fADDJuu2vMAPVlufP3qKT8EQyHwbGdTtp4c7IY5VuOQ\/cZjiczh3nkMel9Ea1u3XoZeDffKH\/q3O\/gHlf3ttHFoso\/IBGPKFqx7CqAp5\/AJffO2GF9Z1dcIerxMi2R9imNp00w5VnMV\/PlQxNGRCKTdWPb0ceovHZeq\/FdJb2D0iu+5bEe45MrSC7puwybQydva8JpBktxDIKhyV7RVwdNkeoYMVoaF\/u7SRY5GZ9xvHkg2VuF6IZFsXmbR7H2HrRYVp3s3orIJNZEPvO9zzQQ+brAgJgcyYw0hVpu9XPNYSGvq3a\/jlnYBjmk3Qtolj53Gb4n2Aup+IbOh9h3s+8GGTmZAQyLy3VT9xZMq7Th6HyerGdob+7Q\/yLAq6LRPptgoZ1WvlF\/YOkQ2973DPPEAOYthkX\/jg3iGQ1QqtQhqb9HqP08JC\/3aZNFV\/zfvto4nqXEAOHHffvBX2Ljv4eI1QYZMnkGkHfqmCPyDTd9jkHJw516U0h2mbXP04tLH3yxv69eD+fA83tY4H7nVrflzQQ+\/zvTIfIGX91BDVeYZ\/8MC0X02Euk\/w\/SrJAzyocR6vqjlfea\/OUFqVtI0sfsSrZ56M1W+gBR+VCnsSCQ7ZB\/qRUpfPBQjCHmNnV3RBEHYFWdEFIQbIii4IMUAMXRBigBi6IMQAMXRBOPAA\/wcOVVImFFIN3gAAAABJRU5ErkJggg==\" alt=\"\"><\/p>","protected":false},"excerpt":{"rendered":"<p>Tegund:&nbsp;U02352006<\/p>","protected":false},"featured_media":81066,"comment_status":"closed","ping_status":"closed","template":"","meta":[],"product_brand":[],"product_cat":[588,787,515],"product_tag":[],"class_list":{"0":"post-51313","1":"product","2":"type-product","3":"status-publish","4":"has-post-thumbnail","6":"product_cat-handverkfaeri","7":"product_cat-toppar-handverkfaeri","8":"product_cat-verkfaeralausnir","10":"first","11":"instock","12":"taxable","13":"shipping-taxable","14":"purchasable","15":"product-type-simple"},"yoast_head":"<!-- This site is optimized with the Yoast SEO plugin v27.3 - https:\/\/yoast.com\/product\/yoast-seo-wordpress\/ -->\n<title>USAG Toppur 1\/2&quot; 11mm T\u00f3lfkant Stj\u00f6rnu U02352006 - V\u00e9lar &amp; Verkf\u00e6ri<\/title>\n<meta name=\"robots\" content=\"index, follow, max-snippet:-1, max-image-preview:large, max-video-preview:-1\" \/>\n<link rel=\"canonical\" href=\"https:\/\/velarogverkfaeri.is\/en\/verkfaeralausnir\/handverkfaeri\/toppar-handverkfaeri\/product\/usag-toppur-1-2-11mm-tolfkant-stjornu-u02352006\/\" \/>\n<meta property=\"og:locale\" content=\"en_US\" \/>\n<meta property=\"og:type\" content=\"article\" \/>\n<meta property=\"og:title\" content=\"USAG Toppur 1\/2&quot; 11mm T\u00f3lfkant Stj\u00f6rnu U02352006 - V\u00e9lar &amp; Verkf\u00e6ri\" \/>\n<meta property=\"og:description\" content=\"Tegund:&nbsp;U02352006\" \/>\n<meta property=\"og:url\" content=\"https:\/\/velarogverkfaeri.is\/en\/verkfaeralausnir\/handverkfaeri\/toppar-handverkfaeri\/product\/usag-toppur-1-2-11mm-tolfkant-stjornu-u02352006\/\" \/>\n<meta property=\"og:site_name\" content=\"V\u00e9lar &amp; Verkf\u00e6ri\" \/>\n<meta property=\"article:publisher\" content=\"https:\/\/www.facebook.com\/VelarOgVerkfaeri\" \/>\n<meta property=\"article:modified_time\" content=\"2026-03-09T14:45:54+00:00\" \/>\n<meta name=\"twitter:card\" content=\"summary_large_image\" \/>\n<script type=\"application\/ld+json\" class=\"yoast-schema-graph\">{\"@context\":\"https:\\\/\\\/schema.org\",\"@graph\":[{\"@type\":\"WebPage\",\"@id\":\"https:\\\/\\\/velarogverkfaeri.is\\\/verkfaeralausnir\\\/handverkfaeri\\\/toppar-handverkfaeri\\\/product\\\/usag-toppur-1-2-11mm-tolfkant-stjornu-u02352006\\\/\",\"url\":\"https:\\\/\\\/velarogverkfaeri.is\\\/verkfaeralausnir\\\/handverkfaeri\\\/toppar-handverkfaeri\\\/product\\\/usag-toppur-1-2-11mm-tolfkant-stjornu-u02352006\\\/\",\"name\":\"USAG Toppur 1\\\/2\\\" 11mm T\u00f3lfkant Stj\u00f6rnu U02352006 - V\u00e9lar &amp; Verkf\u00e6ri\",\"isPartOf\":{\"@id\":\"https:\\\/\\\/velarogverkfaeri.is\\\/en\\\/#website\"},\"primaryImageOfPage\":{\"@id\":\"https:\\\/\\\/velarogverkfaeri.is\\\/verkfaeralausnir\\\/handverkfaeri\\\/toppar-handverkfaeri\\\/product\\\/usag-toppur-1-2-11mm-tolfkant-stjornu-u02352006\\\/#primaryimage\"},\"image\":{\"@id\":\"https:\\\/\\\/velarogverkfaeri.is\\\/verkfaeralausnir\\\/handverkfaeri\\\/toppar-handverkfaeri\\\/product\\\/usag-toppur-1-2-11mm-tolfkant-stjornu-u02352006\\\/#primaryimage\"},\"thumbnailUrl\":\"https:\\\/\\\/velarogverkfaeri.is\\\/wp-content\\\/uploads\\\/2026\\\/03\\\/5c7fc771-8968-4746-abcc-a6479b98aa60.png\",\"datePublished\":\"2023-10-10T11:09:01+00:00\",\"dateModified\":\"2026-03-09T14:45:54+00:00\",\"breadcrumb\":{\"@id\":\"https:\\\/\\\/velarogverkfaeri.is\\\/verkfaeralausnir\\\/handverkfaeri\\\/toppar-handverkfaeri\\\/product\\\/usag-toppur-1-2-11mm-tolfkant-stjornu-u02352006\\\/#breadcrumb\"},\"inLanguage\":\"en-US\",\"potentialAction\":[{\"@type\":\"ReadAction\",\"target\":[\"https:\\\/\\\/velarogverkfaeri.is\\\/verkfaeralausnir\\\/handverkfaeri\\\/toppar-handverkfaeri\\\/product\\\/usag-toppur-1-2-11mm-tolfkant-stjornu-u02352006\\\/\"]}]},{\"@type\":\"ImageObject\",\"inLanguage\":\"en-US\",\"@id\":\"https:\\\/\\\/velarogverkfaeri.is\\\/verkfaeralausnir\\\/handverkfaeri\\\/toppar-handverkfaeri\\\/product\\\/usag-toppur-1-2-11mm-tolfkant-stjornu-u02352006\\\/#primaryimage\",\"url\":\"https:\\\/\\\/velarogverkfaeri.is\\\/wp-content\\\/uploads\\\/2026\\\/03\\\/5c7fc771-8968-4746-abcc-a6479b98aa60.png\",\"contentUrl\":\"https:\\\/\\\/velarogverkfaeri.is\\\/wp-content\\\/uploads\\\/2026\\\/03\\\/5c7fc771-8968-4746-abcc-a6479b98aa60.png\",\"width\":605,\"height\":579},{\"@type\":\"BreadcrumbList\",\"@id\":\"https:\\\/\\\/velarogverkfaeri.is\\\/verkfaeralausnir\\\/handverkfaeri\\\/toppar-handverkfaeri\\\/product\\\/usag-toppur-1-2-11mm-tolfkant-stjornu-u02352006\\\/#breadcrumb\",\"itemListElement\":[{\"@type\":\"ListItem\",\"position\":1,\"name\":\"Home\",\"item\":\"https:\\\/\\\/velarogverkfaeri.is\\\/\"},{\"@type\":\"ListItem\",\"position\":2,\"name\":\"Vefverslun\",\"item\":\"https:\\\/\\\/velarogverkfaeri.is\\\/vefverslun\\\/\"},{\"@type\":\"ListItem\",\"position\":3,\"name\":\"USAG Toppur 1\\\/2&#8243; 11mm T\u00f3lfkant Stj\u00f6rnu U02352006\"}]},{\"@type\":\"WebSite\",\"@id\":\"https:\\\/\\\/velarogverkfaeri.is\\\/en\\\/#website\",\"url\":\"https:\\\/\\\/velarogverkfaeri.is\\\/en\\\/\",\"name\":\"V\u00e9lar & Verkf\u00e6ri\",\"description\":\"Umbo\u00f0s- og heildverslun fr\u00e1 \u00e1rinu 1919\",\"publisher\":{\"@id\":\"https:\\\/\\\/velarogverkfaeri.is\\\/en\\\/#organization\"},\"potentialAction\":[{\"@type\":\"SearchAction\",\"target\":{\"@type\":\"EntryPoint\",\"urlTemplate\":\"https:\\\/\\\/velarogverkfaeri.is\\\/en\\\/?s={search_term_string}\"},\"query-input\":{\"@type\":\"PropertyValueSpecification\",\"valueRequired\":true,\"valueName\":\"search_term_string\"}}],\"inLanguage\":\"en-US\"},{\"@type\":\"Organization\",\"@id\":\"https:\\\/\\\/velarogverkfaeri.is\\\/en\\\/#organization\",\"name\":\"V\u00e9lar & Verkf\u00e6ri\",\"url\":\"https:\\\/\\\/velarogverkfaeri.is\\\/en\\\/\",\"logo\":{\"@type\":\"ImageObject\",\"inLanguage\":\"en-US\",\"@id\":\"https:\\\/\\\/velarogverkfaeri.is\\\/en\\\/#\\\/schema\\\/logo\\\/image\\\/\",\"url\":\"https:\\\/\\\/velarogverkfaeri.is\\\/wp-content\\\/uploads\\\/2021\\\/10\\\/vv_logo_350x100.png\",\"contentUrl\":\"https:\\\/\\\/velarogverkfaeri.is\\\/wp-content\\\/uploads\\\/2021\\\/10\\\/vv_logo_350x100.png\",\"width\":350,\"height\":100,\"caption\":\"V\u00e9lar & Verkf\u00e6ri\"},\"image\":{\"@id\":\"https:\\\/\\\/velarogverkfaeri.is\\\/en\\\/#\\\/schema\\\/logo\\\/image\\\/\"},\"sameAs\":[\"https:\\\/\\\/www.facebook.com\\\/VelarOgVerkfaeri\"]}]}<\/script>\n<!-- \/ Yoast SEO plugin. -->","yoast_head_json":{"title":"USAG Toppur 1\/2\" 11mm T\u00f3lfkant Stj\u00f6rnu U02352006 - V\u00e9lar &amp; Verkf\u00e6ri","robots":{"index":"index","follow":"follow","max-snippet":"max-snippet:-1","max-image-preview":"max-image-preview:large","max-video-preview":"max-video-preview:-1"},"canonical":"https:\/\/velarogverkfaeri.is\/en\/verkfaeralausnir\/handverkfaeri\/toppar-handverkfaeri\/product\/usag-toppur-1-2-11mm-tolfkant-stjornu-u02352006\/","og_locale":"en_US","og_type":"article","og_title":"USAG Toppur 1\/2\" 11mm T\u00f3lfkant Stj\u00f6rnu U02352006 - V\u00e9lar &amp; Verkf\u00e6ri","og_description":"Tegund:&nbsp;U02352006","og_url":"https:\/\/velarogverkfaeri.is\/en\/verkfaeralausnir\/handverkfaeri\/toppar-handverkfaeri\/product\/usag-toppur-1-2-11mm-tolfkant-stjornu-u02352006\/","og_site_name":"V\u00e9lar &amp; Verkf\u00e6ri","article_publisher":"https:\/\/www.facebook.com\/VelarOgVerkfaeri","article_modified_time":"2026-03-09T14:45:54+00:00","twitter_card":"summary_large_image","schema":{"@context":"https:\/\/schema.org","@graph":[{"@type":"WebPage","@id":"https:\/\/velarogverkfaeri.is\/verkfaeralausnir\/handverkfaeri\/toppar-handverkfaeri\/product\/usag-toppur-1-2-11mm-tolfkant-stjornu-u02352006\/","url":"https:\/\/velarogverkfaeri.is\/verkfaeralausnir\/handverkfaeri\/toppar-handverkfaeri\/product\/usag-toppur-1-2-11mm-tolfkant-stjornu-u02352006\/","name":"USAG Toppur 1\/2\" 11mm T\u00f3lfkant Stj\u00f6rnu U02352006 - V\u00e9lar &amp; Verkf\u00e6ri","isPartOf":{"@id":"https:\/\/velarogverkfaeri.is\/en\/#website"},"primaryImageOfPage":{"@id":"https:\/\/velarogverkfaeri.is\/verkfaeralausnir\/handverkfaeri\/toppar-handverkfaeri\/product\/usag-toppur-1-2-11mm-tolfkant-stjornu-u02352006\/#primaryimage"},"image":{"@id":"https:\/\/velarogverkfaeri.is\/verkfaeralausnir\/handverkfaeri\/toppar-handverkfaeri\/product\/usag-toppur-1-2-11mm-tolfkant-stjornu-u02352006\/#primaryimage"},"thumbnailUrl":"https:\/\/velarogverkfaeri.is\/wp-content\/uploads\/2026\/03\/5c7fc771-8968-4746-abcc-a6479b98aa60.png","datePublished":"2023-10-10T11:09:01+00:00","dateModified":"2026-03-09T14:45:54+00:00","breadcrumb":{"@id":"https:\/\/velarogverkfaeri.is\/verkfaeralausnir\/handverkfaeri\/toppar-handverkfaeri\/product\/usag-toppur-1-2-11mm-tolfkant-stjornu-u02352006\/#breadcrumb"},"inLanguage":"en-US","potentialAction":[{"@type":"ReadAction","target":["https:\/\/velarogverkfaeri.is\/verkfaeralausnir\/handverkfaeri\/toppar-handverkfaeri\/product\/usag-toppur-1-2-11mm-tolfkant-stjornu-u02352006\/"]}]},{"@type":"ImageObject","inLanguage":"en-US","@id":"https:\/\/velarogverkfaeri.is\/verkfaeralausnir\/handverkfaeri\/toppar-handverkfaeri\/product\/usag-toppur-1-2-11mm-tolfkant-stjornu-u02352006\/#primaryimage","url":"https:\/\/velarogverkfaeri.is\/wp-content\/uploads\/2026\/03\/5c7fc771-8968-4746-abcc-a6479b98aa60.png","contentUrl":"https:\/\/velarogverkfaeri.is\/wp-content\/uploads\/2026\/03\/5c7fc771-8968-4746-abcc-a6479b98aa60.png","width":605,"height":579},{"@type":"BreadcrumbList","@id":"https:\/\/velarogverkfaeri.is\/verkfaeralausnir\/handverkfaeri\/toppar-handverkfaeri\/product\/usag-toppur-1-2-11mm-tolfkant-stjornu-u02352006\/#breadcrumb","itemListElement":[{"@type":"ListItem","position":1,"name":"Home","item":"https:\/\/velarogverkfaeri.is\/"},{"@type":"ListItem","position":2,"name":"Vefverslun","item":"https:\/\/velarogverkfaeri.is\/vefverslun\/"},{"@type":"ListItem","position":3,"name":"USAG Toppur 1\/2&#8243; 11mm T\u00f3lfkant Stj\u00f6rnu U02352006"}]},{"@type":"WebSite","@id":"https:\/\/velarogverkfaeri.is\/en\/#website","url":"https:\/\/velarogverkfaeri.is\/en\/","name":"V\u00e9lar & Verkf\u00e6ri","description":"Umbo\u00f0s- og heildverslun fr\u00e1 \u00e1rinu 1919","publisher":{"@id":"https:\/\/velarogverkfaeri.is\/en\/#organization"},"potentialAction":[{"@type":"SearchAction","target":{"@type":"EntryPoint","urlTemplate":"https:\/\/velarogverkfaeri.is\/en\/?s={search_term_string}"},"query-input":{"@type":"PropertyValueSpecification","valueRequired":true,"valueName":"search_term_string"}}],"inLanguage":"en-US"},{"@type":"Organization","@id":"https:\/\/velarogverkfaeri.is\/en\/#organization","name":"V\u00e9lar & Verkf\u00e6ri","url":"https:\/\/velarogverkfaeri.is\/en\/","logo":{"@type":"ImageObject","inLanguage":"en-US","@id":"https:\/\/velarogverkfaeri.is\/en\/#\/schema\/logo\/image\/","url":"https:\/\/velarogverkfaeri.is\/wp-content\/uploads\/2021\/10\/vv_logo_350x100.png","contentUrl":"https:\/\/velarogverkfaeri.is\/wp-content\/uploads\/2021\/10\/vv_logo_350x100.png","width":350,"height":100,"caption":"V\u00e9lar & Verkf\u00e6ri"},"image":{"@id":"https:\/\/velarogverkfaeri.is\/en\/#\/schema\/logo\/image\/"},"sameAs":["https:\/\/www.facebook.com\/VelarOgVerkfaeri"]}]}},"_links":{"self":[{"href":"https:\/\/velarogverkfaeri.is\/en\/wp-json\/wp\/v2\/product\/51313","targetHints":{"allow":["GET"]}}],"collection":[{"href":"https:\/\/velarogverkfaeri.is\/en\/wp-json\/wp\/v2\/product"}],"about":[{"href":"https:\/\/velarogverkfaeri.is\/en\/wp-json\/wp\/v2\/types\/product"}],"replies":[{"embeddable":true,"href":"https:\/\/velarogverkfaeri.is\/en\/wp-json\/wp\/v2\/comments?post=51313"}],"wp:featuredmedia":[{"embeddable":true,"href":"https:\/\/velarogverkfaeri.is\/en\/wp-json\/wp\/v2\/media\/81066"}],"wp:attachment":[{"href":"https:\/\/velarogverkfaeri.is\/en\/wp-json\/wp\/v2\/media?parent=51313"}],"wp:term":[{"taxonomy":"product_brand","embeddable":true,"href":"https:\/\/velarogverkfaeri.is\/en\/wp-json\/wp\/v2\/product_brand?post=51313"},{"taxonomy":"product_cat","embeddable":true,"href":"https:\/\/velarogverkfaeri.is\/en\/wp-json\/wp\/v2\/product_cat?post=51313"},{"taxonomy":"product_tag","embeddable":true,"href":"https:\/\/velarogverkfaeri.is\/en\/wp-json\/wp\/v2\/product_tag?post=51313"}],"curies":[{"name":"wp","href":"https:\/\/api.w.org\/{rel}","templated":true}]}}