{"id":51312,"date":"2023-10-10T11:09:01","date_gmt":"2023-10-10T11:09:01","guid":{"rendered":"https:\/\/vv-dev.webdev.is\/?post_type=product&#038;p=51312"},"modified":"2026-03-09T14:45:57","modified_gmt":"2026-03-09T14:45:57","slug":"usag-toppur-1-2-12mm-tolfkant-stjornu-u02352007","status":"publish","type":"product","link":"https:\/\/velarogverkfaeri.is\/en\/verkfaeralausnir\/handverkfaeri\/toppar-handverkfaeri\/product\/usag-toppur-1-2-12mm-tolfkant-stjornu-u02352007\/","title":{"rendered":"USAG Toppur 1\/2&#8243; 12mm T\u00f3lfkant Stj\u00f6rnu U02352007"},"content":{"rendered":"<p><img decoding=\"async\" src=\"data:image\/png;base64,iVBORw0KGgoAAAANSUhEUgAAAQQAAAA4CAYAAAAbx4ZoAAAAAXNSR0IArs4c6QAAAARnQU1BAACxjwv8YQUAAAAJcEhZcwAADsMAAA7DAcdvqGQAAAvaSURBVHhe7Z3Pa1vZFce\/nSnT4pThkZg0OAoIW6EJY0waieBsRAa6kCALh25Saogz3Wo5Sy+68F9QvE5C8CIwIQlZRGpaaBA0UY0MQZgmuEoqEjkJRg7CZTylHWjPufe+9+57lp4lSxnJzvkQET3f9+6Pc+4795z7pKMf\/Y+AIAgC8Yn5XxAEQQyCIAg+YhAEQfAQgyAIgocYBEEQPMQgCILgIQZBEAQPMQiCIHiIQRAEwUMMgiAIHkPw0eUylhYKqJkjwEHqag6Z4+aw75j24hnMz6bM39rB55YwGtGf8tICCn7nCb\/\/9fwibrxIYC6XQcyUDiuqryuIlL0eaxyZ+VnsJjmqEYXFG2icn8ds0vypHesFLF6vItGx3rUOke2g7iGknl\/C6tRsf+b4yhIWnoz2bY4N2EPgSVNAMzmH+fl5\/co6KP+lbMo\/AOv0cujfkWP6eK\/wJF6gGwRkWNy+u\/2\/vkRTdj\/SbC97Gm8pYPiEvVHH6oumeT98DNYgrK+i2nSQmLJsW3K2g5W7B46nMJubRy7biz0lQ3a3jGYrL4P739EKOoTE44jXClgiTyGMMhRUTrZU6Il3aAyvPegtZNjY2EA+n8fr169x4sQJZLNZHD161JR2QrT7rtzYzWnMHSmRO2ukGDo34LI7qYDrpN1gV\/quKx92ZfVx2TvNrqNNyNChi+uGDCmnjLLbR6v\/3PfSkQwSLwq6fa\/MyEWdRdh9Um03MJ0FCnl9Rpxc5wsb1li7kJFLQNbhMIfd0jyQuTqKErdtGbxgyGSHe5acwdc3Q+GILq9OzCE3tarlmU2gmidDq8qDoUmgHWW46MAKGYK6tq5tIS+7XNXLXp4nr2A4skNHSn6jeOTpp02Iq9p1x0JnkResx+n\/LXBt6HzWqR8OBeeDqstd0PocMnz6e8K875rbt28rY8BsbW0pA3HmzBl13BljOPxtBU+fraJYLNKrgu2Jc0h8rku3qsuqrDZ2GV\/\/7iLS6RG8ul9A5VAaU2NGmU1S0Ndf4WI6jfHNAm787ROkqVBPEIcUn8NlKkunx1D96xoSJ3+G6vJTbJ\/QddTzN\/H4sFt\/GiNrt\/Dn9XGcO8mdeINKsY6RX\/p9UvyjhIfVn2Lq4hSNoD2q\/\/98ic\/opshdpj5MbKPyqIg10\/83lSJWnzUw9puv8dVFKuc\/GuVzGGX36XZxG+PnEvj8X1UsP\/07Vr+fxnzusqqz+M0tlH5yQR93ISMb1dfvYrj46xS2lx\/g8aYrA7px7zzC9hczmPn5BrW9jVhajztcd\/rQGm59UzQ63PLlnJzCyKuHKNZG\/HZX7uNWPYHLvz1rxvQSLxtjuGzqGnl1HwUz5i3S5e1nx3xd\/reC+9UmnJOuDkO6PlTBtTtvWssrPY7tyiMU13RfWAdkiix5sM6rgKk7rCOli\/sNWgz08fi3y3jw+L1uy9SgZHbzAd5\/4etwbGsNW79I41esn6J7vZlXxhg4ZATUPKFzKtfu4I2SY3g+jOP9H2+g9KnuH95WUKyP4Eyg\/b3TU8jgGgOX8HEnxLI5FXvPJdkZpRj2+gIW83VdyJBFnvHc+xROxYHaM45zy3heIwt7ybeMsew0rRzPqUTHaU7ygrfCUCkyWf\/Ihdu3w4djRxw0N9+Zoz5A\/b\/gWvrjk0jQMJsb1vji08HVZeU5aoEx06i\/TMFpVrHK+x8KGjf9TXF8lI6omtPu2I5h1GsjSkbtIDmdj6O58kifo\/4P9kezs26wvJ0mqhVrfAY1Bq9dumGe1OBMTPrX8pisuvwxa13Gs1YYljxFa7xLq3LWext5UQuTEyygBl3ZIZaOeH7ASWDSHMeO6rpazRh7HsWSKWusQeqVqgo\/fY9Azxklxx3zQetH3wP9pyeDwGGCTfi4G2zD0Hyx2lZZSiGszPUGmQ9tQBYW3Be7VU001nWc5hxtp4IgvMK4dfhuZwTH+CbkdsxxH6lvtGhf3fTUXrd2KlJG5pxWqBu7hlK+gCVys+PnW7ijqu4wMW2MWhlUZQy5TtKs2juKkxvfiX52i7l1eS1vj5FDwD3Iq2\/QTZubp0CkYPqziEKEvN9t8gDcc\/WL5yHLUc2HZhk3rLIFDn26MWhd0JNB4D0D1wi4ewi9oixuBEp4zihi6iYhy3\/V2uFXL47J7FUyGnZ7OXZ2r9eeyi6oyR2xI98DLcevbj4Ho90+GImUkTmnJTShL9GKulJWq5Pn4dgYzyRIXRvilk9wfM9jieUW8N5a8M6MObKfjNY1x9zBMdox+GBIzZq+7PLkSS1yvO8T6j\/va6j5QDqYC5f1ac8gTE8GgTcQr1y5ojrI\/3e3oUjwhshiwbJ0LVxJ2x2jWIsffWn3mMOHnTdlnVxMnnzsFnpuL0PXLtmhiEJPYN\/d7vSRkL5hHLbqS6H22dsIjKlL2B2mFeGe1VceY9NyUzsnSka7cDyDmWQ8GBIEMHXftcbK8g4\/NbIxnket1so7sFd0PQ8QP0WtmDDxid9OPV\/yN1yNru1ypqMxEp7HaY6Vi27e9kKZjGkAWsTa2fPYVILmUinoRVD\/VZ\/MfHgUePJDZR\/AO2V+bP4fCGWcQsYpkDvkCy+wg8rQSlwiN6lgDu3dV7bAoBWe3WAXh6zpdC6GFIUgmU26zrvWQTw5SqK01aJXrQV2N\/N8TKsp3QTYVIXR0A2Tm59UO+V2+8qaX5o0B3shBT0sqtedBFznHleESBmZ43bEKC6PatOt29cfeyNR3oe+ecubfKOHIbk\/c\/VA8JjNzn9qdg4NkrPbjpPMkGEpoKGOuJ85zPHGIunaxXHiSFyaJbc9mlh2BimrbsTJBJHRcuveG2U0npRoLK7MWS6uLNnAFVCgMI5b1POZ5tJV3lik8atzCIfm68QMZrPufLBkQ\/U5yWnkju+mwe4Z6iSravd4n3zST+gE3jGP\/uSnMFgG+8Ek4SOCwgAKpWrhpyrCUCFp2AVB8BAPQRAEDzEIgiB4iEEQBMFDDIIgCB5iEARB8BCDIAiChxgEQRA8xCAIguAhBkEQBA8xCIIgeAzNR5dVOq7A9079b84dnC858ef5O0xNzvBXtiuTmO0okUgLVGqu9rkfbZkHc\/hFo1OWYZdvNpr6A\/kKhWFn8B4CT1r1FeVQgoh9nc68P6jUWuZ9v\/HyIRp5d59MpJPkJcJ+Y8AGgVbMg5jOvE+o7FAfBJMYplVqtA7Q6e4+bt0cVAabhn0Xl9bFDRn2Qzpz3Zc5TG\/e8M71k77sDBm0++3e+G6YpM\/zUsMTfh0RKblN\/e51TpxTDTVD8g3JxMYdbwvZUKGf2jyc+lulafdrdMMPHTKkkGqS3tw+hRPgCEPFYNOwH8B05rovT\/G91dflB4\/xPpyanC+jG+\/m48Ne6nGVxvxPnD78LM6e41TkRTQmdP91SvTwmIIpuctLf0Dx334fx9aLKL0FxgJp5McwpVKRP8VnX7ppv3VbXjryXVKXB1N\/U5+u2SnE0\/jP2zLGxkyK89q2r5dDr\/CwSOO3Uu0Lw0VPIUM\/0rB3DK3I+yadOa20XkxuErK2Sk2u0rDZXgZnc26T0lsRmZK7RR85V5953z2WbKjG3VKX27pIJd3rCFsvKn36ILMhC7vRk0HoOQ37QU9nrohITc6YTVVVZ+BXfXYSmZK7ZVr0HwLO+TdH4RrnluQ+fdwbwfudngxCz2nYD3w6cyYiNTnH3uqn0Ux9V8mDMUWt+KFTcncOeSo53Ze5ZFOlSmvnSQjDTU8Goec07DyRDmI680Ba7\/apydWKr1KNm+PdHjNGpeRuYVzVeM37D0cd5ZWQHPh3M8xbYX8x4MeOhEpnPodUM\/TLNfxBpJ7TmWfgrLiurNkU3ONqyinH\/V\/i0a97d1fbuMdV3HPP2\/Ejpz56H8Kv8x4S1k+UUZun+YdNTP+VwdRjQuBXiu7hXoXLeJXOBOp7fpqOVU0fkPV3eP7El7H6jcXwI2Rh3yBJVvuMftTW4nMVgrAPGLyHIAjC0CAegiAIHuIhCILgIQZBEAQPMQiCIHiIQRAEwUMMgiAIHmIQBEHwEIMgCIKHGARBEDzEIAiCYAD+D\/7aUjIGQpgaAAAAAElFTkSuQmCC\" alt=\"\"><\/p>","protected":false},"excerpt":{"rendered":"<p>Tegund:&nbsp;U02352007<\/p>","protected":false},"featured_media":81067,"comment_status":"closed","ping_status":"closed","template":"","meta":[],"product_brand":[],"product_cat":[588,787,515],"product_tag":[],"class_list":{"0":"post-51312","1":"product","2":"type-product","3":"status-publish","4":"has-post-thumbnail","6":"product_cat-handverkfaeri","7":"product_cat-toppar-handverkfaeri","8":"product_cat-verkfaeralausnir","10":"first","11":"instock","12":"taxable","13":"shipping-taxable","14":"purchasable","15":"product-type-simple"},"yoast_head":"<!-- This site is optimized with the Yoast SEO plugin v27.3 - https:\/\/yoast.com\/product\/yoast-seo-wordpress\/ -->\n<title>USAG Toppur 1\/2&quot; 12mm T\u00f3lfkant Stj\u00f6rnu U02352007 - V\u00e9lar &amp; Verkf\u00e6ri<\/title>\n<meta name=\"robots\" content=\"index, follow, max-snippet:-1, max-image-preview:large, max-video-preview:-1\" \/>\n<link rel=\"canonical\" href=\"https:\/\/velarogverkfaeri.is\/en\/verkfaeralausnir\/handverkfaeri\/toppar-handverkfaeri\/product\/usag-toppur-1-2-12mm-tolfkant-stjornu-u02352007\/\" \/>\n<meta property=\"og:locale\" content=\"en_US\" \/>\n<meta property=\"og:type\" content=\"article\" \/>\n<meta property=\"og:title\" content=\"USAG Toppur 1\/2&quot; 12mm T\u00f3lfkant Stj\u00f6rnu U02352007 - V\u00e9lar &amp; Verkf\u00e6ri\" \/>\n<meta property=\"og:description\" content=\"Tegund:&nbsp;U02352007\" \/>\n<meta property=\"og:url\" content=\"https:\/\/velarogverkfaeri.is\/en\/verkfaeralausnir\/handverkfaeri\/toppar-handverkfaeri\/product\/usag-toppur-1-2-12mm-tolfkant-stjornu-u02352007\/\" \/>\n<meta property=\"og:site_name\" content=\"V\u00e9lar &amp; Verkf\u00e6ri\" \/>\n<meta property=\"article:publisher\" content=\"https:\/\/www.facebook.com\/VelarOgVerkfaeri\" \/>\n<meta property=\"article:modified_time\" content=\"2026-03-09T14:45:57+00:00\" \/>\n<meta name=\"twitter:card\" content=\"summary_large_image\" \/>\n<script type=\"application\/ld+json\" class=\"yoast-schema-graph\">{\"@context\":\"https:\\\/\\\/schema.org\",\"@graph\":[{\"@type\":\"WebPage\",\"@id\":\"https:\\\/\\\/velarogverkfaeri.is\\\/verkfaeralausnir\\\/handverkfaeri\\\/toppar-handverkfaeri\\\/product\\\/usag-toppur-1-2-12mm-tolfkant-stjornu-u02352007\\\/\",\"url\":\"https:\\\/\\\/velarogverkfaeri.is\\\/verkfaeralausnir\\\/handverkfaeri\\\/toppar-handverkfaeri\\\/product\\\/usag-toppur-1-2-12mm-tolfkant-stjornu-u02352007\\\/\",\"name\":\"USAG Toppur 1\\\/2\\\" 12mm T\u00f3lfkant Stj\u00f6rnu U02352007 - V\u00e9lar &amp; Verkf\u00e6ri\",\"isPartOf\":{\"@id\":\"https:\\\/\\\/velarogverkfaeri.is\\\/en\\\/#website\"},\"primaryImageOfPage\":{\"@id\":\"https:\\\/\\\/velarogverkfaeri.is\\\/verkfaeralausnir\\\/handverkfaeri\\\/toppar-handverkfaeri\\\/product\\\/usag-toppur-1-2-12mm-tolfkant-stjornu-u02352007\\\/#primaryimage\"},\"image\":{\"@id\":\"https:\\\/\\\/velarogverkfaeri.is\\\/verkfaeralausnir\\\/handverkfaeri\\\/toppar-handverkfaeri\\\/product\\\/usag-toppur-1-2-12mm-tolfkant-stjornu-u02352007\\\/#primaryimage\"},\"thumbnailUrl\":\"https:\\\/\\\/velarogverkfaeri.is\\\/wp-content\\\/uploads\\\/2026\\\/03\\\/c1e90eb0-1aa1-4b0c-8a52-b28492ffa635.png\",\"datePublished\":\"2023-10-10T11:09:01+00:00\",\"dateModified\":\"2026-03-09T14:45:57+00:00\",\"breadcrumb\":{\"@id\":\"https:\\\/\\\/velarogverkfaeri.is\\\/verkfaeralausnir\\\/handverkfaeri\\\/toppar-handverkfaeri\\\/product\\\/usag-toppur-1-2-12mm-tolfkant-stjornu-u02352007\\\/#breadcrumb\"},\"inLanguage\":\"en-US\",\"potentialAction\":[{\"@type\":\"ReadAction\",\"target\":[\"https:\\\/\\\/velarogverkfaeri.is\\\/verkfaeralausnir\\\/handverkfaeri\\\/toppar-handverkfaeri\\\/product\\\/usag-toppur-1-2-12mm-tolfkant-stjornu-u02352007\\\/\"]}]},{\"@type\":\"ImageObject\",\"inLanguage\":\"en-US\",\"@id\":\"https:\\\/\\\/velarogverkfaeri.is\\\/verkfaeralausnir\\\/handverkfaeri\\\/toppar-handverkfaeri\\\/product\\\/usag-toppur-1-2-12mm-tolfkant-stjornu-u02352007\\\/#primaryimage\",\"url\":\"https:\\\/\\\/velarogverkfaeri.is\\\/wp-content\\\/uploads\\\/2026\\\/03\\\/c1e90eb0-1aa1-4b0c-8a52-b28492ffa635.png\",\"contentUrl\":\"https:\\\/\\\/velarogverkfaeri.is\\\/wp-content\\\/uploads\\\/2026\\\/03\\\/c1e90eb0-1aa1-4b0c-8a52-b28492ffa635.png\",\"width\":605,\"height\":579},{\"@type\":\"BreadcrumbList\",\"@id\":\"https:\\\/\\\/velarogverkfaeri.is\\\/verkfaeralausnir\\\/handverkfaeri\\\/toppar-handverkfaeri\\\/product\\\/usag-toppur-1-2-12mm-tolfkant-stjornu-u02352007\\\/#breadcrumb\",\"itemListElement\":[{\"@type\":\"ListItem\",\"position\":1,\"name\":\"Home\",\"item\":\"https:\\\/\\\/velarogverkfaeri.is\\\/\"},{\"@type\":\"ListItem\",\"position\":2,\"name\":\"Vefverslun\",\"item\":\"https:\\\/\\\/velarogverkfaeri.is\\\/vefverslun\\\/\"},{\"@type\":\"ListItem\",\"position\":3,\"name\":\"USAG Toppur 1\\\/2&#8243; 12mm T\u00f3lfkant Stj\u00f6rnu U02352007\"}]},{\"@type\":\"WebSite\",\"@id\":\"https:\\\/\\\/velarogverkfaeri.is\\\/en\\\/#website\",\"url\":\"https:\\\/\\\/velarogverkfaeri.is\\\/en\\\/\",\"name\":\"V\u00e9lar & Verkf\u00e6ri\",\"description\":\"Umbo\u00f0s- og heildverslun fr\u00e1 \u00e1rinu 1919\",\"publisher\":{\"@id\":\"https:\\\/\\\/velarogverkfaeri.is\\\/en\\\/#organization\"},\"potentialAction\":[{\"@type\":\"SearchAction\",\"target\":{\"@type\":\"EntryPoint\",\"urlTemplate\":\"https:\\\/\\\/velarogverkfaeri.is\\\/en\\\/?s={search_term_string}\"},\"query-input\":{\"@type\":\"PropertyValueSpecification\",\"valueRequired\":true,\"valueName\":\"search_term_string\"}}],\"inLanguage\":\"en-US\"},{\"@type\":\"Organization\",\"@id\":\"https:\\\/\\\/velarogverkfaeri.is\\\/en\\\/#organization\",\"name\":\"V\u00e9lar & Verkf\u00e6ri\",\"url\":\"https:\\\/\\\/velarogverkfaeri.is\\\/en\\\/\",\"logo\":{\"@type\":\"ImageObject\",\"inLanguage\":\"en-US\",\"@id\":\"https:\\\/\\\/velarogverkfaeri.is\\\/en\\\/#\\\/schema\\\/logo\\\/image\\\/\",\"url\":\"https:\\\/\\\/velarogverkfaeri.is\\\/wp-content\\\/uploads\\\/2021\\\/10\\\/vv_logo_350x100.png\",\"contentUrl\":\"https:\\\/\\\/velarogverkfaeri.is\\\/wp-content\\\/uploads\\\/2021\\\/10\\\/vv_logo_350x100.png\",\"width\":350,\"height\":100,\"caption\":\"V\u00e9lar & Verkf\u00e6ri\"},\"image\":{\"@id\":\"https:\\\/\\\/velarogverkfaeri.is\\\/en\\\/#\\\/schema\\\/logo\\\/image\\\/\"},\"sameAs\":[\"https:\\\/\\\/www.facebook.com\\\/VelarOgVerkfaeri\"]}]}<\/script>\n<!-- \/ Yoast SEO plugin. -->","yoast_head_json":{"title":"USAG Toppur 1\/2\" 12mm T\u00f3lfkant Stj\u00f6rnu U02352007 - V\u00e9lar &amp; Verkf\u00e6ri","robots":{"index":"index","follow":"follow","max-snippet":"max-snippet:-1","max-image-preview":"max-image-preview:large","max-video-preview":"max-video-preview:-1"},"canonical":"https:\/\/velarogverkfaeri.is\/en\/verkfaeralausnir\/handverkfaeri\/toppar-handverkfaeri\/product\/usag-toppur-1-2-12mm-tolfkant-stjornu-u02352007\/","og_locale":"en_US","og_type":"article","og_title":"USAG Toppur 1\/2\" 12mm T\u00f3lfkant Stj\u00f6rnu U02352007 - V\u00e9lar &amp; Verkf\u00e6ri","og_description":"Tegund:&nbsp;U02352007","og_url":"https:\/\/velarogverkfaeri.is\/en\/verkfaeralausnir\/handverkfaeri\/toppar-handverkfaeri\/product\/usag-toppur-1-2-12mm-tolfkant-stjornu-u02352007\/","og_site_name":"V\u00e9lar &amp; Verkf\u00e6ri","article_publisher":"https:\/\/www.facebook.com\/VelarOgVerkfaeri","article_modified_time":"2026-03-09T14:45:57+00:00","twitter_card":"summary_large_image","schema":{"@context":"https:\/\/schema.org","@graph":[{"@type":"WebPage","@id":"https:\/\/velarogverkfaeri.is\/verkfaeralausnir\/handverkfaeri\/toppar-handverkfaeri\/product\/usag-toppur-1-2-12mm-tolfkant-stjornu-u02352007\/","url":"https:\/\/velarogverkfaeri.is\/verkfaeralausnir\/handverkfaeri\/toppar-handverkfaeri\/product\/usag-toppur-1-2-12mm-tolfkant-stjornu-u02352007\/","name":"USAG Toppur 1\/2\" 12mm T\u00f3lfkant Stj\u00f6rnu U02352007 - V\u00e9lar &amp; Verkf\u00e6ri","isPartOf":{"@id":"https:\/\/velarogverkfaeri.is\/en\/#website"},"primaryImageOfPage":{"@id":"https:\/\/velarogverkfaeri.is\/verkfaeralausnir\/handverkfaeri\/toppar-handverkfaeri\/product\/usag-toppur-1-2-12mm-tolfkant-stjornu-u02352007\/#primaryimage"},"image":{"@id":"https:\/\/velarogverkfaeri.is\/verkfaeralausnir\/handverkfaeri\/toppar-handverkfaeri\/product\/usag-toppur-1-2-12mm-tolfkant-stjornu-u02352007\/#primaryimage"},"thumbnailUrl":"https:\/\/velarogverkfaeri.is\/wp-content\/uploads\/2026\/03\/c1e90eb0-1aa1-4b0c-8a52-b28492ffa635.png","datePublished":"2023-10-10T11:09:01+00:00","dateModified":"2026-03-09T14:45:57+00:00","breadcrumb":{"@id":"https:\/\/velarogverkfaeri.is\/verkfaeralausnir\/handverkfaeri\/toppar-handverkfaeri\/product\/usag-toppur-1-2-12mm-tolfkant-stjornu-u02352007\/#breadcrumb"},"inLanguage":"en-US","potentialAction":[{"@type":"ReadAction","target":["https:\/\/velarogverkfaeri.is\/verkfaeralausnir\/handverkfaeri\/toppar-handverkfaeri\/product\/usag-toppur-1-2-12mm-tolfkant-stjornu-u02352007\/"]}]},{"@type":"ImageObject","inLanguage":"en-US","@id":"https:\/\/velarogverkfaeri.is\/verkfaeralausnir\/handverkfaeri\/toppar-handverkfaeri\/product\/usag-toppur-1-2-12mm-tolfkant-stjornu-u02352007\/#primaryimage","url":"https:\/\/velarogverkfaeri.is\/wp-content\/uploads\/2026\/03\/c1e90eb0-1aa1-4b0c-8a52-b28492ffa635.png","contentUrl":"https:\/\/velarogverkfaeri.is\/wp-content\/uploads\/2026\/03\/c1e90eb0-1aa1-4b0c-8a52-b28492ffa635.png","width":605,"height":579},{"@type":"BreadcrumbList","@id":"https:\/\/velarogverkfaeri.is\/verkfaeralausnir\/handverkfaeri\/toppar-handverkfaeri\/product\/usag-toppur-1-2-12mm-tolfkant-stjornu-u02352007\/#breadcrumb","itemListElement":[{"@type":"ListItem","position":1,"name":"Home","item":"https:\/\/velarogverkfaeri.is\/"},{"@type":"ListItem","position":2,"name":"Vefverslun","item":"https:\/\/velarogverkfaeri.is\/vefverslun\/"},{"@type":"ListItem","position":3,"name":"USAG Toppur 1\/2&#8243; 12mm T\u00f3lfkant Stj\u00f6rnu U02352007"}]},{"@type":"WebSite","@id":"https:\/\/velarogverkfaeri.is\/en\/#website","url":"https:\/\/velarogverkfaeri.is\/en\/","name":"V\u00e9lar & Verkf\u00e6ri","description":"Umbo\u00f0s- og heildverslun fr\u00e1 \u00e1rinu 1919","publisher":{"@id":"https:\/\/velarogverkfaeri.is\/en\/#organization"},"potentialAction":[{"@type":"SearchAction","target":{"@type":"EntryPoint","urlTemplate":"https:\/\/velarogverkfaeri.is\/en\/?s={search_term_string}"},"query-input":{"@type":"PropertyValueSpecification","valueRequired":true,"valueName":"search_term_string"}}],"inLanguage":"en-US"},{"@type":"Organization","@id":"https:\/\/velarogverkfaeri.is\/en\/#organization","name":"V\u00e9lar & Verkf\u00e6ri","url":"https:\/\/velarogverkfaeri.is\/en\/","logo":{"@type":"ImageObject","inLanguage":"en-US","@id":"https:\/\/velarogverkfaeri.is\/en\/#\/schema\/logo\/image\/","url":"https:\/\/velarogverkfaeri.is\/wp-content\/uploads\/2021\/10\/vv_logo_350x100.png","contentUrl":"https:\/\/velarogverkfaeri.is\/wp-content\/uploads\/2021\/10\/vv_logo_350x100.png","width":350,"height":100,"caption":"V\u00e9lar & Verkf\u00e6ri"},"image":{"@id":"https:\/\/velarogverkfaeri.is\/en\/#\/schema\/logo\/image\/"},"sameAs":["https:\/\/www.facebook.com\/VelarOgVerkfaeri"]}]}},"_links":{"self":[{"href":"https:\/\/velarogverkfaeri.is\/en\/wp-json\/wp\/v2\/product\/51312","targetHints":{"allow":["GET"]}}],"collection":[{"href":"https:\/\/velarogverkfaeri.is\/en\/wp-json\/wp\/v2\/product"}],"about":[{"href":"https:\/\/velarogverkfaeri.is\/en\/wp-json\/wp\/v2\/types\/product"}],"replies":[{"embeddable":true,"href":"https:\/\/velarogverkfaeri.is\/en\/wp-json\/wp\/v2\/comments?post=51312"}],"wp:featuredmedia":[{"embeddable":true,"href":"https:\/\/velarogverkfaeri.is\/en\/wp-json\/wp\/v2\/media\/81067"}],"wp:attachment":[{"href":"https:\/\/velarogverkfaeri.is\/en\/wp-json\/wp\/v2\/media?parent=51312"}],"wp:term":[{"taxonomy":"product_brand","embeddable":true,"href":"https:\/\/velarogverkfaeri.is\/en\/wp-json\/wp\/v2\/product_brand?post=51312"},{"taxonomy":"product_cat","embeddable":true,"href":"https:\/\/velarogverkfaeri.is\/en\/wp-json\/wp\/v2\/product_cat?post=51312"},{"taxonomy":"product_tag","embeddable":true,"href":"https:\/\/velarogverkfaeri.is\/en\/wp-json\/wp\/v2\/product_tag?post=51312"}],"curies":[{"name":"wp","href":"https:\/\/api.w.org\/{rel}","templated":true}]}}