{"id":51245,"date":"2023-10-10T11:09:09","date_gmt":"2023-10-10T11:09:09","guid":{"rendered":"https:\/\/vv-dev.webdev.is\/?post_type=product&#038;p=51245"},"modified":"2026-05-06T00:17:02","modified_gmt":"2026-05-06T00:17:02","slug":"yale-snjallopnari-fyrir-bilskurshurdaropnara","status":"publish","type":"product","link":"https:\/\/velarogverkfaeri.is\/en\/lykillausnir\/snjallheimili\/laesingar\/product\/yale-snjallopnari-fyrir-bilskurshurdaropnara\/","title":{"rendered":"Yale Snjallopnari f. b\u00edlsk\u00farshur\u00f0aropnara"},"content":{"rendered":"<p>Yale snjallopnarinn fyrir b\u00edlsk\u00farshur\u00f0ir gerir \u00fe\u00e9r kleift a\u00f0 opna b\u00edlsk\u00farshur\u00f0ina me\u00f0 Yale Home appinu og \u00fea\u00f0 getur\u00f0u gert hva\u00f0an sem er \u00ed heiminum.<\/p>\n<p>Snjallopnarinn er mj\u00f6g einfaldur \u00ed uppsetningu og \u00fe\u00fa sleppur vi\u00f0 a\u00f0 \u00feurfa a\u00f0 hafa fjarst\u00fdringuna me\u00f0 \u00fe\u00e9r.<\/p>\n<p>Frekari uppl\u00fdsingar:<\/p>\n<ul>\n<li>Samskipti milli snjallopnara og aukahluta: Bluetooth 2,4 GHz<\/li>\n<li>Samskipti milli snjallopnara og snjalls\u00edma: Bluetooth e\u00f0a WiFi<\/li>\n<li>Tveggja \u00fe\u00e1tta au\u00f0kenning: Yale Home reikningurinn \u00feinn er vernda\u00f0ur me\u00f0 tveggja \u00fe\u00e1tta au\u00f0kenningu sem \u00fe\u00fd\u00f0ir a\u00f0 fyrir utan a\u00f0gangsor\u00f0i\u00f0 \u00feitt ertu au\u00f0kennd(ur) me\u00f0 t\u00f6lvup\u00f3sti e\u00f0a s\u00edman\u00fameri.<\/li>\n<li>Dulk\u00f3\u00f0un: Yale snjallopnarinn notar Bluetooth Low Energy (BLE) auk AES og TLS sem er \u00e1 pari vi\u00f0 \u00fe\u00e1 dulk\u00f3\u00f0un sem bankar nota.<\/li>\n<\/ul>\n<p>St\u00e6r\u00f0 \u00e1 b\u00fana\u00f0i:&nbsp;<\/p>\n<ul>\n<li>&nbsp; &nbsp; Snjallopnari: 50mm x 50mm x 32mm<\/li>\n<li>&nbsp; &nbsp; Skynjari fyrir b\u00edlsk\u00farshur\u00f0: 70mm x 46mm 21mm<\/li>\n<\/ul>\n<p>\u00deyngd: 0,17kg<\/p>\n<ul>\n<li>Rafhla\u00f0a: 1 X CR2477 rafhla\u00f0a<\/li>\n<li>L\u00edfslengd rafhl\u00f6\u00f0u: Ca. 3 \u00e1r &#8211; fer eftir daglegri notkun<\/li>\n<li>Innifali\u00f0 \u00ed pakka: 1 x snjallopnari, hur\u00f0arskynjari, 2 x sn\u00farur og 2 x l\u00edmfestingar fyrir skynjara.<\/li>\n<\/ul>\n<p><\/p>\n<p>ATH: Ef b\u00edlsk\u00farshur\u00f0aropnarinn sem tengja \u00e1 snjallopnarann vi\u00f0 gefur h\u00e6rri spennu en 24V \u00fearf spennubreyti milli t\u00e6kjanna. Algengustu Chamberlain b\u00edlsk\u00farshur\u00f0aropnararnir&nbsp; virka vi\u00f0 30V spennu svo \u00fea\u00f0 \u00fearf spennubreyti fyrir \u00fe\u00e1.<\/p>\n<p class=\"MsoNormal\"><b>Uppsetning \u00e1 Yale Home b\u00fana\u00f0i<\/b><o:p><\/o:p><\/p>\n<\/p>\n<p class=\"MsoNormal\">V\u00e9lar og verkf\u00e6ri bj\u00f3\u00f0a upp \u00e1 uppsetningu \u00e1 Yale Home b\u00fana\u00f0i. Grunngjald fyrir \u00feessa \u00fej\u00f3nustu er 19.840 kr. me\u00f0 vsk.<br \/>\nInnifali\u00f0 \u00ed \u00fev\u00ed er 30 m\u00edn\u00fatna vinna \u00e1 verksta\u00f0 en eftir \u00fea\u00f0 er rukka\u00f0<br \/>\nt\u00edmagjald. Til a\u00f0 panta \u00feessa \u00fej\u00f3nustu er best a\u00f0 senda t\u00f6lvup\u00f3st \u00e1<br \/>\nsoludeild@vv.is<o:p><\/o:p><\/p>","protected":false},"excerpt":{"rendered":"<p>Tegund:&nbsp;05\/102300\/BW<\/p>\n<p>Aukin \u00fe\u00e6gindi me\u00f0 Yale snjallopnaranum fyrir b\u00edlsk\u00farshur\u00f0aropnara!<\/p>","protected":false},"featured_media":57977,"comment_status":"closed","ping_status":"closed","template":"","meta":[],"product_brand":[],"product_cat":[861,517,853],"product_tag":[1144,875],"class_list":{"0":"post-51245","1":"product","2":"type-product","3":"status-publish","4":"has-post-thumbnail","6":"product_cat-laesingar","7":"product_cat-lykillausnir","8":"product_cat-snjallheimili","9":"product_tag-snjallvorudagar","10":"product_tag-yalehome","12":"first","13":"instock","14":"taxable","15":"shipping-taxable","16":"purchasable","17":"product-type-simple"},"yoast_head":"<!-- This site is optimized with the Yoast SEO plugin v27.3 - https:\/\/yoast.com\/product\/yoast-seo-wordpress\/ -->\n<title>Yale Snjallopnari f. b\u00edlsk\u00farshur\u00f0aropnara - V\u00e9lar &amp; Verkf\u00e6ri<\/title>\n<meta name=\"robots\" content=\"index, follow, max-snippet:-1, max-image-preview:large, max-video-preview:-1\" \/>\n<link rel=\"canonical\" href=\"https:\/\/velarogverkfaeri.is\/en\/lykillausnir\/snjallheimili\/laesingar\/product\/yale-snjallopnari-fyrir-bilskurshurdaropnara\/\" \/>\n<meta property=\"og:locale\" content=\"en_US\" \/>\n<meta property=\"og:type\" content=\"article\" \/>\n<meta property=\"og:title\" content=\"Yale Snjallopnari f. b\u00edlsk\u00farshur\u00f0aropnara - V\u00e9lar &amp; Verkf\u00e6ri\" \/>\n<meta property=\"og:description\" content=\"Tegund:&nbsp;05\/102300\/BWAukin \u00fe\u00e6gindi me\u00f0 Yale snjallopnaranum fyrir b\u00edlsk\u00farshur\u00f0aropnara!\" \/>\n<meta property=\"og:url\" content=\"https:\/\/velarogverkfaeri.is\/en\/lykillausnir\/snjallheimili\/laesingar\/product\/yale-snjallopnari-fyrir-bilskurshurdaropnara\/\" \/>\n<meta property=\"og:site_name\" content=\"V\u00e9lar &amp; Verkf\u00e6ri\" \/>\n<meta property=\"article:publisher\" content=\"https:\/\/www.facebook.com\/VelarOgVerkfaeri\" \/>\n<meta property=\"article:modified_time\" content=\"2026-05-06T00:17:02+00:00\" \/>\n<meta property=\"og:image\" content=\"https:\/\/velarogverkfaeri.is\/wp-content\/uploads\/2024\/02\/ddd5468a-2575-482f-904b-8952ed2743c5.jpeg\" \/>\n\t<meta property=\"og:image:width\" content=\"679\" \/>\n\t<meta property=\"og:image:height\" content=\"392\" \/>\n\t<meta property=\"og:image:type\" content=\"image\/jpeg\" \/>\n<meta name=\"twitter:card\" content=\"summary_large_image\" \/>\n<meta name=\"twitter:label1\" content=\"Est. reading time\" \/>\n\t<meta name=\"twitter:data1\" content=\"1 minute\" \/>\n<script type=\"application\/ld+json\" class=\"yoast-schema-graph\">{\"@context\":\"https:\\\/\\\/schema.org\",\"@graph\":[{\"@type\":\"WebPage\",\"@id\":\"https:\\\/\\\/velarogverkfaeri.is\\\/lykillausnir\\\/snjallheimili\\\/laesingar\\\/product\\\/yale-snjallopnari-fyrir-bilskurshurdaropnara\\\/\",\"url\":\"https:\\\/\\\/velarogverkfaeri.is\\\/lykillausnir\\\/snjallheimili\\\/laesingar\\\/product\\\/yale-snjallopnari-fyrir-bilskurshurdaropnara\\\/\",\"name\":\"Yale Snjallopnari f. b\u00edlsk\u00farshur\u00f0aropnara - V\u00e9lar &amp; Verkf\u00e6ri\",\"isPartOf\":{\"@id\":\"https:\\\/\\\/velarogverkfaeri.is\\\/en\\\/#website\"},\"primaryImageOfPage\":{\"@id\":\"https:\\\/\\\/velarogverkfaeri.is\\\/lykillausnir\\\/snjallheimili\\\/laesingar\\\/product\\\/yale-snjallopnari-fyrir-bilskurshurdaropnara\\\/#primaryimage\"},\"image\":{\"@id\":\"https:\\\/\\\/velarogverkfaeri.is\\\/lykillausnir\\\/snjallheimili\\\/laesingar\\\/product\\\/yale-snjallopnari-fyrir-bilskurshurdaropnara\\\/#primaryimage\"},\"thumbnailUrl\":\"https:\\\/\\\/velarogverkfaeri.is\\\/wp-content\\\/uploads\\\/2024\\\/02\\\/ddd5468a-2575-482f-904b-8952ed2743c5.jpeg\",\"datePublished\":\"2023-10-10T11:09:09+00:00\",\"dateModified\":\"2026-05-06T00:17:02+00:00\",\"breadcrumb\":{\"@id\":\"https:\\\/\\\/velarogverkfaeri.is\\\/lykillausnir\\\/snjallheimili\\\/laesingar\\\/product\\\/yale-snjallopnari-fyrir-bilskurshurdaropnara\\\/#breadcrumb\"},\"inLanguage\":\"en-US\",\"potentialAction\":[{\"@type\":\"ReadAction\",\"target\":[\"https:\\\/\\\/velarogverkfaeri.is\\\/lykillausnir\\\/snjallheimili\\\/laesingar\\\/product\\\/yale-snjallopnari-fyrir-bilskurshurdaropnara\\\/\"]}]},{\"@type\":\"ImageObject\",\"inLanguage\":\"en-US\",\"@id\":\"https:\\\/\\\/velarogverkfaeri.is\\\/lykillausnir\\\/snjallheimili\\\/laesingar\\\/product\\\/yale-snjallopnari-fyrir-bilskurshurdaropnara\\\/#primaryimage\",\"url\":\"https:\\\/\\\/velarogverkfaeri.is\\\/wp-content\\\/uploads\\\/2024\\\/02\\\/ddd5468a-2575-482f-904b-8952ed2743c5.jpeg\",\"contentUrl\":\"https:\\\/\\\/velarogverkfaeri.is\\\/wp-content\\\/uploads\\\/2024\\\/02\\\/ddd5468a-2575-482f-904b-8952ed2743c5.jpeg\",\"width\":679,\"height\":392},{\"@type\":\"BreadcrumbList\",\"@id\":\"https:\\\/\\\/velarogverkfaeri.is\\\/lykillausnir\\\/snjallheimili\\\/laesingar\\\/product\\\/yale-snjallopnari-fyrir-bilskurshurdaropnara\\\/#breadcrumb\",\"itemListElement\":[{\"@type\":\"ListItem\",\"position\":1,\"name\":\"Home\",\"item\":\"https:\\\/\\\/velarogverkfaeri.is\\\/\"},{\"@type\":\"ListItem\",\"position\":2,\"name\":\"Vefverslun\",\"item\":\"https:\\\/\\\/velarogverkfaeri.is\\\/vefverslun\\\/\"},{\"@type\":\"ListItem\",\"position\":3,\"name\":\"Yale Snjallopnari f. b\u00edlsk\u00farshur\u00f0aropnara\"}]},{\"@type\":\"WebSite\",\"@id\":\"https:\\\/\\\/velarogverkfaeri.is\\\/en\\\/#website\",\"url\":\"https:\\\/\\\/velarogverkfaeri.is\\\/en\\\/\",\"name\":\"V\u00e9lar & Verkf\u00e6ri\",\"description\":\"Umbo\u00f0s- og heildverslun fr\u00e1 \u00e1rinu 1919\",\"publisher\":{\"@id\":\"https:\\\/\\\/velarogverkfaeri.is\\\/en\\\/#organization\"},\"potentialAction\":[{\"@type\":\"SearchAction\",\"target\":{\"@type\":\"EntryPoint\",\"urlTemplate\":\"https:\\\/\\\/velarogverkfaeri.is\\\/en\\\/?s={search_term_string}\"},\"query-input\":{\"@type\":\"PropertyValueSpecification\",\"valueRequired\":true,\"valueName\":\"search_term_string\"}}],\"inLanguage\":\"en-US\"},{\"@type\":\"Organization\",\"@id\":\"https:\\\/\\\/velarogverkfaeri.is\\\/en\\\/#organization\",\"name\":\"V\u00e9lar & Verkf\u00e6ri\",\"url\":\"https:\\\/\\\/velarogverkfaeri.is\\\/en\\\/\",\"logo\":{\"@type\":\"ImageObject\",\"inLanguage\":\"en-US\",\"@id\":\"https:\\\/\\\/velarogverkfaeri.is\\\/en\\\/#\\\/schema\\\/logo\\\/image\\\/\",\"url\":\"https:\\\/\\\/velarogverkfaeri.is\\\/wp-content\\\/uploads\\\/2021\\\/10\\\/vv_logo_350x100.png\",\"contentUrl\":\"https:\\\/\\\/velarogverkfaeri.is\\\/wp-content\\\/uploads\\\/2021\\\/10\\\/vv_logo_350x100.png\",\"width\":350,\"height\":100,\"caption\":\"V\u00e9lar & Verkf\u00e6ri\"},\"image\":{\"@id\":\"https:\\\/\\\/velarogverkfaeri.is\\\/en\\\/#\\\/schema\\\/logo\\\/image\\\/\"},\"sameAs\":[\"https:\\\/\\\/www.facebook.com\\\/VelarOgVerkfaeri\"]}]}<\/script>\n<!-- \/ Yoast SEO plugin. -->","yoast_head_json":{"title":"Yale Snjallopnari f. b\u00edlsk\u00farshur\u00f0aropnara - V\u00e9lar &amp; Verkf\u00e6ri","robots":{"index":"index","follow":"follow","max-snippet":"max-snippet:-1","max-image-preview":"max-image-preview:large","max-video-preview":"max-video-preview:-1"},"canonical":"https:\/\/velarogverkfaeri.is\/en\/lykillausnir\/snjallheimili\/laesingar\/product\/yale-snjallopnari-fyrir-bilskurshurdaropnara\/","og_locale":"en_US","og_type":"article","og_title":"Yale Snjallopnari f. b\u00edlsk\u00farshur\u00f0aropnara - V\u00e9lar &amp; Verkf\u00e6ri","og_description":"Tegund:&nbsp;05\/102300\/BWAukin \u00fe\u00e6gindi me\u00f0 Yale snjallopnaranum fyrir b\u00edlsk\u00farshur\u00f0aropnara!","og_url":"https:\/\/velarogverkfaeri.is\/en\/lykillausnir\/snjallheimili\/laesingar\/product\/yale-snjallopnari-fyrir-bilskurshurdaropnara\/","og_site_name":"V\u00e9lar &amp; Verkf\u00e6ri","article_publisher":"https:\/\/www.facebook.com\/VelarOgVerkfaeri","article_modified_time":"2026-05-06T00:17:02+00:00","og_image":[{"width":679,"height":392,"url":"https:\/\/velarogverkfaeri.is\/wp-content\/uploads\/2024\/02\/ddd5468a-2575-482f-904b-8952ed2743c5.jpeg","type":"image\/jpeg"}],"twitter_card":"summary_large_image","twitter_misc":{"Est. reading time":"1 minute"},"schema":{"@context":"https:\/\/schema.org","@graph":[{"@type":"WebPage","@id":"https:\/\/velarogverkfaeri.is\/lykillausnir\/snjallheimili\/laesingar\/product\/yale-snjallopnari-fyrir-bilskurshurdaropnara\/","url":"https:\/\/velarogverkfaeri.is\/lykillausnir\/snjallheimili\/laesingar\/product\/yale-snjallopnari-fyrir-bilskurshurdaropnara\/","name":"Yale Snjallopnari f. b\u00edlsk\u00farshur\u00f0aropnara - V\u00e9lar &amp; Verkf\u00e6ri","isPartOf":{"@id":"https:\/\/velarogverkfaeri.is\/en\/#website"},"primaryImageOfPage":{"@id":"https:\/\/velarogverkfaeri.is\/lykillausnir\/snjallheimili\/laesingar\/product\/yale-snjallopnari-fyrir-bilskurshurdaropnara\/#primaryimage"},"image":{"@id":"https:\/\/velarogverkfaeri.is\/lykillausnir\/snjallheimili\/laesingar\/product\/yale-snjallopnari-fyrir-bilskurshurdaropnara\/#primaryimage"},"thumbnailUrl":"https:\/\/velarogverkfaeri.is\/wp-content\/uploads\/2024\/02\/ddd5468a-2575-482f-904b-8952ed2743c5.jpeg","datePublished":"2023-10-10T11:09:09+00:00","dateModified":"2026-05-06T00:17:02+00:00","breadcrumb":{"@id":"https:\/\/velarogverkfaeri.is\/lykillausnir\/snjallheimili\/laesingar\/product\/yale-snjallopnari-fyrir-bilskurshurdaropnara\/#breadcrumb"},"inLanguage":"en-US","potentialAction":[{"@type":"ReadAction","target":["https:\/\/velarogverkfaeri.is\/lykillausnir\/snjallheimili\/laesingar\/product\/yale-snjallopnari-fyrir-bilskurshurdaropnara\/"]}]},{"@type":"ImageObject","inLanguage":"en-US","@id":"https:\/\/velarogverkfaeri.is\/lykillausnir\/snjallheimili\/laesingar\/product\/yale-snjallopnari-fyrir-bilskurshurdaropnara\/#primaryimage","url":"https:\/\/velarogverkfaeri.is\/wp-content\/uploads\/2024\/02\/ddd5468a-2575-482f-904b-8952ed2743c5.jpeg","contentUrl":"https:\/\/velarogverkfaeri.is\/wp-content\/uploads\/2024\/02\/ddd5468a-2575-482f-904b-8952ed2743c5.jpeg","width":679,"height":392},{"@type":"BreadcrumbList","@id":"https:\/\/velarogverkfaeri.is\/lykillausnir\/snjallheimili\/laesingar\/product\/yale-snjallopnari-fyrir-bilskurshurdaropnara\/#breadcrumb","itemListElement":[{"@type":"ListItem","position":1,"name":"Home","item":"https:\/\/velarogverkfaeri.is\/"},{"@type":"ListItem","position":2,"name":"Vefverslun","item":"https:\/\/velarogverkfaeri.is\/vefverslun\/"},{"@type":"ListItem","position":3,"name":"Yale Snjallopnari f. b\u00edlsk\u00farshur\u00f0aropnara"}]},{"@type":"WebSite","@id":"https:\/\/velarogverkfaeri.is\/en\/#website","url":"https:\/\/velarogverkfaeri.is\/en\/","name":"V\u00e9lar & Verkf\u00e6ri","description":"Umbo\u00f0s- og heildverslun fr\u00e1 \u00e1rinu 1919","publisher":{"@id":"https:\/\/velarogverkfaeri.is\/en\/#organization"},"potentialAction":[{"@type":"SearchAction","target":{"@type":"EntryPoint","urlTemplate":"https:\/\/velarogverkfaeri.is\/en\/?s={search_term_string}"},"query-input":{"@type":"PropertyValueSpecification","valueRequired":true,"valueName":"search_term_string"}}],"inLanguage":"en-US"},{"@type":"Organization","@id":"https:\/\/velarogverkfaeri.is\/en\/#organization","name":"V\u00e9lar & Verkf\u00e6ri","url":"https:\/\/velarogverkfaeri.is\/en\/","logo":{"@type":"ImageObject","inLanguage":"en-US","@id":"https:\/\/velarogverkfaeri.is\/en\/#\/schema\/logo\/image\/","url":"https:\/\/velarogverkfaeri.is\/wp-content\/uploads\/2021\/10\/vv_logo_350x100.png","contentUrl":"https:\/\/velarogverkfaeri.is\/wp-content\/uploads\/2021\/10\/vv_logo_350x100.png","width":350,"height":100,"caption":"V\u00e9lar & Verkf\u00e6ri"},"image":{"@id":"https:\/\/velarogverkfaeri.is\/en\/#\/schema\/logo\/image\/"},"sameAs":["https:\/\/www.facebook.com\/VelarOgVerkfaeri"]}]}},"_links":{"self":[{"href":"https:\/\/velarogverkfaeri.is\/en\/wp-json\/wp\/v2\/product\/51245","targetHints":{"allow":["GET"]}}],"collection":[{"href":"https:\/\/velarogverkfaeri.is\/en\/wp-json\/wp\/v2\/product"}],"about":[{"href":"https:\/\/velarogverkfaeri.is\/en\/wp-json\/wp\/v2\/types\/product"}],"replies":[{"embeddable":true,"href":"https:\/\/velarogverkfaeri.is\/en\/wp-json\/wp\/v2\/comments?post=51245"}],"wp:featuredmedia":[{"embeddable":true,"href":"https:\/\/velarogverkfaeri.is\/en\/wp-json\/wp\/v2\/media\/57977"}],"wp:attachment":[{"href":"https:\/\/velarogverkfaeri.is\/en\/wp-json\/wp\/v2\/media?parent=51245"}],"wp:term":[{"taxonomy":"product_brand","embeddable":true,"href":"https:\/\/velarogverkfaeri.is\/en\/wp-json\/wp\/v2\/product_brand?post=51245"},{"taxonomy":"product_cat","embeddable":true,"href":"https:\/\/velarogverkfaeri.is\/en\/wp-json\/wp\/v2\/product_cat?post=51245"},{"taxonomy":"product_tag","embeddable":true,"href":"https:\/\/velarogverkfaeri.is\/en\/wp-json\/wp\/v2\/product_tag?post=51245"}],"curies":[{"name":"wp","href":"https:\/\/api.w.org\/{rel}","templated":true}]}}