{"id":51211,"date":"2023-10-10T11:09:13","date_gmt":"2023-10-10T11:09:13","guid":{"rendered":"https:\/\/vv-dev.webdev.is\/?post_type=product&#038;p=51211"},"modified":"2026-03-05T15:46:57","modified_gmt":"2026-03-05T15:46:57","slug":"usag-topplyklasett-610-1-4-efk-u06100001","status":"publish","type":"product","link":"https:\/\/velarogverkfaeri.is\/en\/verkfaeralausnir\/handverkfaeri\/topplyklasett\/product\/usag-topplyklasett-610-1-4-efk-u06100001\/","title":{"rendered":"USAG Topplyklasett 610 1\/4 EFK U06100001"},"content":{"rendered":"<p><img decoding=\"async\" src=\"data:image\/png;base64,iVBORw0KGgoAAAANSUhEUgAAAckAAAB\/CAYAAACE2zmtAAAAAXNSR0IArs4c6QAAAARnQU1BAACxjwv8YQUAAAAJcEhZcwAADsMAAA7DAcdvqGQAAC14SURBVHhe7Z3da5zJ1eDP2kPWaIL3WVsIrdSGxmrzykSIyXavkSEIB8JLN8yFZ\/dmdhFYzu6lLnOpi4D1F4x1bTev+8IhJmNEUHecl4wQZKzYLdA2JhbedqaR2h69ou23mWQ0w2SI9pz6eJ56Pqqf\/tKH7fNLetzPR1WdOvVx6lRVq\/7DPgIMwzAMw4Q4of5lGIZhGCYAG0mGYRiGscBGkmEYhmEssJFkGIZhGAtsJBmGYRjGAhtJhmEYhrHARpJhGIZhLLCRZBiGYRgLbCQZhmEYxsLJXyLq+yFRh9LiJ3D3wSqsrhqfrQGYnhxR75ShsHALlnz3DhJMr\/ASJntMq1xYgFtLWzAwPQmtY5I6WDs5DYeSvX7yogSLn9yFR1+fh0sXTotb5UIBXk56ea4XF+GT372G85dSIN84CIx6pOpJvViAzwcmIRWXKOah8MdTMKnkPzhkPa68f5TlHK7b7ddThmGOzJN00rMwPz+vPrOQaZZgoVCWD1\/QC\/j\/s8Py+qBZ34Sa+to9dfyQ0INwSFIfKc5QQn0rw2bvyuuYevE+lJ2srD8zGboDT5435cMY6pUqtPfmW0Cobr9b9ZRheuWYTLcmYGIMG25tE7tcZDQDM3PzMJfTHfHBUt\/tR5eZgMzMHMzPZfHbW8xoFubQMM2k1fWLxpEYnJ1XzcAgagcabQpCYd8VwnX7HamnDNMnYv\/A+e7uLhSLRdje3oZz585BLpeDoaEh9bQbaJosD9WxWZ8RpCm6\/PMUzIrGK99pXDY64wDi\/VdTkIUSlMRQOQnZ+SvQwHBl1S8kc0b49QIsFL0xtX5GU08yvCKJ3onwTALPnIySDaEpx9sNmMoBlEScDmSuz8FERcqkw9vS1Dqw5c8vE+VrBoSvRHle152eTDM7Kq9sYcjTKyyUXG+CPHj\/4COiPITczXD8qG2MFuNbg0F6tuPPn053WJVlxilDWT829GrSrtye\/qW8uowJZ3wcYHPTMNZ+3XhEhHX1YUsPEfoAQzZTH\/JOdNnIOCGdgeZ6Wclnk61V+baQDbGF8+sWUWWg246QPVSXxYv2clCE6xHDvKWQkWxFPp\/fv3Hjhvuh697Y3i\/evLF\/c3lbXROP9+9g3HfK6lK9412H2V6+KeTR7wSv98t38PoOxkxQ\/Po7Ui\/u3zSuRdg77lPB4zuY35tFlETie0eEx+eBMP54WqVpz18wXYqnSLqi8OZ9yp++9uWVeLz\/WMQt9erp2pKuGRciZPCFo3hu7hfrwe9IQJdEqCyUviLTbUtuJVNAxnAdMuRqQXTYFumF5FTPVVnL\/JrPUc\/LdCXjDenWuNbExWGVrVW9QPx1UuK7p8rGe0fWEX0d1FXwmmHedmKnW8mDNAled0tzPQ8LCwvqU4ImjkxbeY3euwUc2ypwRH1FhUkMOfjfJIzrOIYHcUzdhAatb+KYeMbwAmDUfBYFrbPhiPwjb7SeyE1BUk8HC\/D5T90YI+g0TUKu7yUve+lSPFkasdM0p+E9iPw1G7CjLlGjRtwZyJAeaD0KdXTVHfEnIHs5CbWnXi4EIq4qPBHhSQb0JHJJaL5SsYt4UjAR4f1YMcoGRicghcXT3KX1sCDtyI1PUNeejO1hrTdBekpProU66SteWZOec96VWZ6Zi0nMslluRIs44mSLrRftYNZltfSBcdTxf+1OYTPM20qskaQpVpPgdbf4N+7Mw1W4b+3IErk5413D8HQETRvpDjM8feRDrLM1oXxbv6\/DxBm5IB2kSYh0HRi07aigqTEd3209fYekZ2D+egqqWl61AUqsRzXLkHdlwA9NqYkO0EAYsSZUK3iXOuXkOBqrcXdQUH5aA2dswuuI+0UruYPoQUYHvX+79aa39ORaqLeRqRvscbQlm61e9Awa6rlZSD33BrSlpt9gM8zbTqyRpDVIbRj1muRBIDw1NCOb6+pGPxGdCK2j6Q4zi2m1QHRCtLaj39ef6LWkSDpNk2jVMdO6GK0daVmuozehHgnUhhq9U3ixWJfeNXohszqM\/pieh0B6D+Q5kkFMXiRzkoHxJJWH9KpTkwfUMdrkDhI3gOiB3tIbhkFyvCK95HaxxxErW1y96BHaRUzr1fa6wzBvN7FGkjbpXLt2TTQQ+re3TTt26sU1NJHGdGk\/2cFOxZwuJG9JfY2GDAR6kp\/5\/dr6iw46wo7TJChdgNrDkufpYSdYwIGD8CjIw1O3fT9jeFGGcsDDFV4JeYPoSa74Bh51zIf6apCYTIFTo01QXhnQ1GDt4Zo\/H\/0kRu77aDA1VBYHJkdcer6pe8L82YsaYKyveLMgOEAqGHHF0yKOGNla1os+QPUCfEsj+Fk06ifDvOUcwR8T+AqqjzbgL19s+P6YwMaXw8aOOvnO3jn7j7C\/qj6CjX8\/Ax\/oH6x\/WYHVKkBK\/0D6r1V4tPEazvz4EqT+6QzsPVqGZf0HDL5PYTqvAS7iMwx8euA1VFZW4QE9q+yJH8GPT07DQOUW3FryZKzV3oMT+GzEjNv4PbqQ6ZuE\/AMII63StOdvZPK8P1wVfdoL38FPphOwtVSCJS3LyAQMf7kHg5jff\/y\/P8C\/\/npJyr+6AS+H0TvLUsQjMDk9AJVbt9xwq6s1qJ08AZcuBBI+fQpeVyjsFHyshRr5DrYePIFvf\/TP8DP3h\/cvobJahwGddxFuBVaFvBXYG7sEQ\/8WKBtVnq\/PfOD+AQKiHiP3s1\/dc+WuovbMHZ0vK6tQHzDjG4Hvth7AKpYjvb\/V4gf8I3\/fwjRRZopb\/CGCTOv0TmOZf\/0IlpcxfvH8e0jhQOKlKuvTFy7BwNYSlHRd2dgDZ8SBMxdwwEOV8oIhS7CeKuxxZLDs7bKdvnDCWi8o\/qi6jYXh1dOIuuy1rSYsfbIFH8zPwcfT0zAtPgNYJzCdI\/0DCQxzeMT+BIRhmHcUWjK4XYWU+ZMVcY+md7vdG8AwbxZsJBmGsSN+I2ouFJi\/oWSYtx82kgzDMAxj4Zj8WTqGYRiGOX6wkWQYhmEYC2wkGYZhGMYCG0mGYRiGscBGkmEYhmEssJFkGIZhGAtsJBmGYRjGAhtJhmEYhrHARpJhGIZhLLCRZBiGYRgLbCQZhmEYxsKRGMl6cbHDM+nKUFCn1h8VQuajkEEc3rwIpYgzIIVe6Hy\/Q5erDqVFdbZgRNr1YsEvb8s8HA9CMrfkIPUu46YzRBmGOXreDE+yrQOL30GoU3fw\/2cP4Lj+FtBp9WUnK0+qnwmeB1GHJ8\/7eezvYdChzEekd4ZhDp83wkiK09eZMKMZmJmbh7mcPor4cNh51WxhIHag8cYVV4cyH5HeGYY5fGKPytrd3YVisQjb29tw7tw5yOVyMDQ0pJ52B01d5p+n3NPVy4UFWDubhdTzEpRVZ+WkZ0UnRM9KvuPs0INR3ovvmWOcJK8Phs0BlMRZeA5krs\/B4Gf2dASBs\/OSuXmYScvvQuZXUyHPSd\/PQknJQuftXYHGYt5Nw4zHngZNs63BYC4F1WIZKKh4Nhw8+JbeK0FN5HcCnmA6jcsyjrAsiKEvN6y60vh0oPDrXeovO0rTrF6+CF9YoXcpu0SFQ3lEHtIOlNddwXznEgrZ13VI+5mF\/ve0XPQ9kLeW9YFQadhkxjjtaUk9tK\/3gD5N2RDfs2QSkjW8MOuMgb9cDD0F82GkH5avVR1V9fD6FDRua32aeY\/Xi1s\/3Hza7hP+cmu3PTLMoUFGshX5fH7\/xo0b7oeue2V7+eb+jZvF\/W11\/fgOxX1zv1hXN8p3fNfi\/TuP5YVChDHi8L1TL+7fJHmjwljTebx\/58Yd\/K9CxOFdR8lAiPuY1p1y9LVMQ8fTKg165s+TQLxjynhj\/+aym+v94s0WaSs96GvKvxc2fK0J6jZYHrZwEpLR0DERKg8pt76Wcht6ofSCekBC71E8y3QV1EsgDzHpW2UO6sC97lzvZn7E+63ybsZlECoXDFWkPAfSC+YvKF9I3lAdxbCGTOJ9U5cWvfjeI+qP9x+jTm33dVrR9Vk+M\/XwuOxqiWEOjdjpVvIgTYLXfSOJI101UoX0OI51m9DYUdchyrBZwxHsR95oPJGbwhH4Jj7R4POfRvgi1nQyMGN6L6ODGAM+a2czB46Mr6gRbmLIwf8mYVyPeIfNeOLTSF728uSHRuMlaEZ4fT4MWWB0AlIoTnOXtkjV25xSDOsW0lcg4zShWml\/q1UYszwSMDFGgjVQKrkemMwZeqH0oApPfLqX7znimSYB2Rxe0Zo15vuqoRdKy2macdjStzCahTnD2xPliO9bq6RV763qalTeqU5GQfEE60cG849+WqUKTfQcPS8L9XIZYzHbQ9t1VGLKlJhMebqM04v5fTQDGd3Wou6Hyk3KXXvqtWKpQ0km7ZU8wxwWsUaSplhNgtdHwosGNukmlG+rHZbiQ1M2bRo1KzT1Y8Z3EHSTBuWVpquSMNXKQLYEO6C5WUg9z6u0F6DU9BsWgdBtkAQMUqf\/ymoiekCuB9aKWif0obxiWfqSk+85Q+H8R65Z6wFILyLTFKaWyTcl2wEt62oHa6EiHgcGI5aCaY04RITh65qgLi16SeTmYJ6mtNWzxaI0cLb7otyaZcir++JD06ti8EIDSrO+FjyDzzCHSKyRpDVIbRj1muSRIxotjs6vz8sdlu7HWzfpGNHwaS1Gx5W1jOh7oOs0ZF6zyZrwJq3eTwy0K7U6NqvSxo\/pEWiEboNIL\/RgdnMOCwNM602uXOrjX3+S75mehUZ6RgFaGJW2oPUwWsfU8lxHz1Q96oh+1dUWRn\/4bIRkOyr\/3bYHE1OXcXpJz6j8ZcFZz3s\/ZYm4L8oNPclZHZf+uPWSBnby3my62VPdZ5huiTWStEnn2rVroqLSv71u2ukPGRhP4uj8M\/\/Ysv6ihyZEnYqTggndqRzEz056TCMzM4s5x5F3l7\/Po2kzwA7KHbXTJ9TxKN1+atxfX0HPzoHUZLdebCvk1GftoV+OcFnK95oki7pDg44CeSU0RYkeyX3loRBUN3y67hDh5STH3SlHMaWpvndGq7pKz9CLNvJeL65Z6kT4XTJYwtjQdGgNdeH+trIOpYcYiyF\/p5iDEVOXLfWyXg54e9qwWu6rclvx\/Sa0jrqR\/5bXPRkEzmB4UMcwB8x76t9jjegEbpewUy\/JkSeONDMz8wAF6ujxnsLBZ1Nzie46BlrrepiH\/IJqzsmMWIfrKz2nIadMYZEM3abYodg+ZSgoD8DTj9xZuLJurmeRMZa6deXETs3c3dga6sxLULq9IDpGuUNXPrFB03GztGMSjbbGcZKQ+mjGlya9l321IKbtZKk7kEwPYndKU3MkMupFd7iqnrTXqUbITOuGqBtdv5x0Br3+hvjeKS3rKg58aJep1rWTxrrtlCJTCr6LkqKs+J3WCa9jtaAp3aJ+5N9d2zHP76O8qm6aumyhl\/LuGqzhfZ1L2qk6g+VXrkTfJ71L1RhyY5k66SmYw2+bOCAoufdpR24P+WGYLon9CQjzlkBTvb6fkuh7ZDiNjSPMO44cONl+gsIw7xpsJN8lAr87k6NzNpCMCRtJhjFhI8kwDMMwFt6IP0vHMAzDMEcBG0mGYRiGscBGkmEYhmEssJFkGIZhGAtsJBmGYRjGAhtJhmEYhrHARpJhGIZhLLCRZBiGYRgLbCQZhmEYxgIbSYZhGIaxcARGkk7YjzqiyUQdTNzBkVDlQgeHstLfMO3qbDqUK0KmjtK2IvPsHXd0tNSLBSh1fGAv5WHRDVcvLsKCcc0wDPOmcXSeZOgcOQ\/7mXo2yrDZWYDuiDz\/8ZDSPlTq8OR5v44J69PBvwzDMEfAkRnJZDIJNfRWIvwyYTyTyQ7OgRcnpx884sDZIIeU9uGyA40+ZIrOf5znU0YYhnmDiT0FZHd3F4rFImxvb8O5c+cgl8vB0NCQetoNNN2ah8blWRh8mIfq2CzM5byjccsFOlA3C7Nn1yD\/aso4OFYe4aOdNjq4VYSzHv8k0ynrzt48OJbCPByMPJSXpgjz624g97BhIZcvmSzMX9y0pO2XNXgAbnQaMgykM9BcLyvDaxx2rM9+zAGUVJp0OPCVXSOuQDo+mY38i\/RRt1nUtPtchxXp6PSJ6AOX\/fow870Gg\/p9n571sylo3Na66eQwZ4ZhmMPn5C8R9T2Se\/fuCQNJfPXVV8JofvDBB+K6O76C6qMN2Dv3Ifz3\/7YHj5Y\/h9djlyB1Gh9hB\/2blT2Y+OgqDP3bI9j4JgHTkyP4QBqQJhrGX\/zvD2F6+jy8\/l0e1k5Ow2R6EqbH9qCy8QO4Mj8HH09PAoWoF\/8FPj\/zsXp\/Ggae3YV\/fXEeLl3AhL6swGp9AD64lAJK1gXT\/5fPz8DHv\/g5fIhhpt9\/Bnd\/\/xLO43vjk9Nw\/usKbPzHKzA\/97GUayQ67XLhFg4C5mHuY4wDZd1bvSdlxYfSQDpoVOh9ej4C1T8+g9QFgMpqFWrfjLjpD2w9gNWNPZH+6b9W4dHGn+HJ9zhwoPQx3dVf34U1Lc\/0AGwtlaDyvkxHGLEmGkYV1\/lXJcj\/6YSQ+6sq6vbpE\/hey0h5WFmFZxT2n1JwieJabUDq+i\/g5x+qsjEIxj09\/R1Uiv\/APPwN81CHgR+rMD49v8RnT+DPG9\/DlMr7+a8fwfLnr2X+ZNQMwzDHitjpVm0gNcHrnhjNwlSyCeXP5KSr+Dd9NexZ0FogekJXXY8zAdnLSag9tW+Xoak+00MdPutA89WOurKA8syZ3uXwIDjNBsSECpGZMQ+sTcCgA9DcpW1Ccq3PSV8xpiAxLznvKnnZSz9zMYkBzfTR8\/qpencUZcN\/khd12GEjHVonxXc\/8uJK5KYgWdvEJwrU5xUt4+gEpNywccg1WFNOlBTz4F21Ipnzpl8TkynUbxWe8MYehmGOKbFGkqZYTYLXvUKdvlNbgxLtpqwlYSqisxVrgc0y5GnHq\/7QlCMakFbdutxdKd\/3pjdjoOlGnYZv2rEzyNvSaXvTknKtzxlqz6B0jVgnxcHHbU+GBTH924RGrwZJxO3A4LC67gVh6FGmTkchDMMwh0SskaQ1SG0Y9ZpkX0Hv7Sp6NOX1WsDD8kgMoZtDa2rz8zBvfiLWFDVkpMSapnp3Nk1+Vwy0hkbrfjr+62jA1aP2kT9xWTs766adRYdQYnp7B4gwPrTep\/Lhfvqw\/tdPw9ZPg8swDHMAxBpJ2qRz7do10cnSv71t2okmkbsKmaQ5nRogPQ7J0E9G6lC3ekV14bF5U5Ht\/aRBeKzJcddQ1ytV7MQ7hbxFB1KTOi\/mT0QSMDGGJmZ9xZv2RM+1UOy30czAuDGNram\/6Ec6FDdA7aHxO1McXLT7+05zgEDyNZ0UTPDGHYZhjimxG3f6j964IzeYSE6jUfFv3hCbS9yNOyMwOT0AlVu3YGl1FVbFpwa1kyfg0gV8fvoUvK6swOoDul+BvbGfQfY\/b8FSccl9d+RHw\/Dym0EZn2XjzukLJ8TmF51GbWQChr\/cg0G1Ief0wGuxweUBPa+oDTWhtK\/CpZOPYHn5gUr7e0ihp\/waxsWmodMXLsHA1hKUlmQatDHHGXHgzAU0PKtVgAuGXkhOvJWi9MXGnddwRm+KERthzPelXl+f+UCkMzI5DQOVW3BLp0P5qb0HJ1DmH5Ju\/\/2MkX9\/WNL3d7RpCPNK4bbUZiDNyOR52Hu0DMsiz\/ipot964TvxTuuNO1X49psaPHggdVNFgxu1w5hhGOa4EPsTEIbpD+onLjlzUxPDMMzx5sj+mADDMAzDHHfYk2QYhmEYC+xJMgzDMIwFNpIMwzAMY4GNJMMwDMNYYCPJMAzDMBbYSDIMwzCMBTaSDMMwDGOBjSTDMAzDWGAjyTAMwzAW2EgyDMMwjAU2kgzDMAxjgY0kw7zVtDpSjunP8XHM28yR\/O1WOhDZO61fkczC\/EzUkctHh5QzCdn5Gci8KMHi7SqkrlsOLqYDmx8OHs7RT3QGZWUCZmznbxrUi4uQf57qWq56sQBPJmd6PqzZp0u6EcrD4Z4SEpKnS4R+6XDvQN3tVe+dIPIC0e1HyLHu+PS+eLvsnpPqpGdhzqxHgefisHOdB6rjxWDDlYTisb2r47O1Jx2uVX8g3mlCxtYWRV1ag8Hgc5U3R9cxmwwMY3B0niQ1AvfE\/Cwka1hh+374cC+QLA7+fxCO28H53R0G3Q3tHVYdT1iXh5eHKI5v2fYXKj9AY2IaSDIKXrtz1vNeuzOMiHw+i+HKkC+ow7vTM+q+8bmeQU2ah4yb0CAk8H6rQQOljwaSDK7NQJLRtxlqTb24Bs301YDhQ8OJeadidxnNwlU0lsHDyRnG5JhMt2bgStqB5vMnovs6HiQgMzPXulEfETuvDsu87ECjL0mFdXl4eYji+JZtX1lfQdOQggllLMTAJDllGA\/V7l7tiCv5PGt48gmYGEOr0mxY2yUZGH+c3VKH0qcUV9bvkRqQxyy9YhxUq3th5MDAb7Qx7sUSGs4p1IafRG4KB+ibqCeGiebkLxH1PZLd3V24d+8e\/Pa3v4UvvvgCRkZG4P3331dPu+NlhU6lT8G0cdz9V6HT8mnK5BYsqVP1K1+fF6fm00jyk189gwE6rV+8R8h3K+oEfWpM7on8lT04r+IUYf90wjuxXz+j6ZtbS\/J9\/OiT+PX7Qs6\/VuHRxms4819eQ+nWXXgg3t3y5PCdwi+xyWFC7\/zmxQC8\/t0tuEsn\/W8NYHr\/wEb9ibz2haXG\/gmsYp\/27Zcb4pnWS1BfMp4RV6\/vPbsLd7Us6pkmUk4a1X+yimbyW3i5Qc8qsDd2CVI6A0JnFaMcpGx3nxlxizhK8BrDnfqj1qXMWzgPf4PKKo70\/9MerP5K6zeQpkbEq99R4b9a6kke33uEL3\/RdZEQ+v0m4Q+LdK139UzW8wfyWaTudX3dgu+dJnrl\/vZE1P\/vKtTOTMPPlKynL1wKvfPsTw\/cthh+XofPf7cGP7j8c\/iJP5gE9fmblT2Y+OhquIyoPWBxpnzt1EC3px\/LfJULWCe+zcDs\/5kOtRFJHf5x9kP48EOK7yXWlToMqLA+1pfg7t8+gJ8bAou4T2XhF\/9jGKqPNmDvnGzfkn9gf7QCWyfNewzjEetJFotF2N7eFt\/pX7ruO9jY7q83IXlZj+ypU6KR36yappmF1PM8FNbVyA9qsInfNTS9UlMjYOp4Sk1sbGp6Z3as6k0XEbUSbF40p34wrWINku4U0zyM471omlB+CHBVvZdN1rCDLWHzDRMrh0FzfQ3gI5X+TAbzcx+qYzrvmI5ThvtiSiwB2TlKF+SUFD6To+6gvvBzsQElvWGjWYaGzjNNj6EOSJeEVc5RHNGLEbsDGTE9F1i3SV+BjGOUw4snUCXn0BiVhz0XwpYHSQ29AE+\/qO9Pg\/qVHgcYeb06tAP1XuS5jML4vAlM4yHVCZqmtNfFWLrRO0HtgdYz1bP5nOPpgQy9r76Oo+wiVIhYbx3jWqPlv4vBqU0aYCzAwkJe1EPbGnG\/vEgaEIj14ZaefQISbaRTfoq6MfIj4iY929Y3Md5BcpZ3bb4y864TayS1gdQEr7sGO4yFBWqI+FHrJG5jXN+EmpOBq27nKTuy2lPqROQUUe2h7jzluplsGGXYrGGn\/pHX2ELTKRjvlYhGbzaSTNrWoPxxZ36KHV+zCk9CuwfbkMMk0NEkcnM+wzF81psSi4T0heZsypymSme9OM08j05Ayu0UOpTTh+xcZJlgKaABojQz6NU0hD7Mcmkfb6CE+r2IxqvZQG82jKmPBJYXdqHdy6MM7Jq7NkcGNgnjpLOWdTGGbvVOAxTTYAwPYj2TeghPiWZg3D73CM6QG0sANP63MTU0\/mEjKAcyekCwEDW4EwYW84BtwA4OInUbFx80WL62goOg2zSF2sQBE5aButs1JBMaRFfnNNig6dmYaXVqXwxjI9ZInjt3Tn2TBK+7Rm\/cyYVbeH0XR8A4Cs+bDYwW69XaSGIy5RknWnfRHdqLBjY72fC8hlnCpqo7yigyMKM7A\/F+oQ0DEUNXcvihEbAOS51IK4S+utmE0qOcwoiJjl2vA2VgYgygWsFSMg1NX1GeKOhBltfxdi+PXHvTa+LSQxoXnXZcXeyKdvROHqN+Zuw27c9arvSOafbFtv4nifKyJe15kcGNO8FdpGhkaZYCvWwwNxB1iRgYjU24BlHI6DPUeewrMDtF\/G7MAB3t+jhz3Ik1krlczjWM9C9d95X0TGhaLTGEIzschbvTTfqjR4Q40p7CMNT50fSKOwodxRG3Oz1ofuK2eOuR8zzMppvWKdQQO9TZOTAYjLtrOSQ0FSd+VqDCzaLn3AqhL4vH1ZIe5YT0OHaD2LGvowFSG0RoAANobMrC45GG5iDIzChZaSrythrY9CCP8OTEwEt5ecpDiq2L3RCnd1pzvN2AKX1f7CDtjvA0omcg\/TtI5RRrW4aqLS+yA8hz7tlQlmEFvUZzNsWtI+5nFjKoSDFVHSg\/u8fNvOvEGsmhoSG4du2aqGT0L133m8xMcKs5dnY4el\/xrfv4fxRNXkPz+X3RWL2dbDT1hAYXR5AmrX8wjIZ2PfAcvbLoJoMdsGuJ5LoVRHa83cihqYsdpd60oJwmbIkwDsZ0IVIutOMR9yInocIXMbwewdO0IpqotS6mWtulvB7ImetF9yKPDFv9dA1qjrcjtJ262Dmt9S68V6NeiSlW9V16y2vetKUwWOp7ANFGfNP0NgNJSK+xuX7fmBKVdTw4FSo8tD6sRfro1VDStHhXgzI5KBp8u38LxPRA7O7WgyC8u\/U0pEb3oLKyCg\/ELr9p+Mn0AFRuGbs1V2tQO3kCLl1QYUbOwN6jNfjL8BXfTraRyWlv96oKW6u9BycupeCHoR20yItn8Iff34MltZN048thsYZBMfp2LordeD+AU98vwZKIewNenkIPQ+\/G+9K\/u7WVHJ60Fl2c3IKlot69WIORHw3Dy28G3XdG\/r4FD1ZX5HOxYzIDk2N78Gh52d3xWXVw8PD3Sfjh18E8fyV2+L0+84HYodlazhH4busBrGK50H2969eEZKFdjBPZn6mdhqfh1KtHsPbFMEx97O1sDO4CDecB5O7WC0YapFO85d8hWYbKb9bg7gO18xOfZ\/7n\/4L\/qgq0W3mIkbOow7W\/wPBPzd2cIzDZoi7G7W7tRu\/jF07A1lLJTa82MgHDX+7BIOlhZBLOY5kuL6v810bgyo\/2oBohA+y\/xDa1BSeE\/shTvAd\/\/hbvo8es05QftUsb455+\/xnc\/bWuexuw9yP\/HwmgZYB7T09BJmpHq0lk2RkEdrcKTqfgkq7HUbvBaQpa7GqmQYO563oEqr\/fgJFcjEyqDHy7W9f\/AEuNBPzzzwJpMYziSP7iDsMwhwNN3a+dDfw1nLcNNJ6lnSxku1j\/fif0w\/RE7HQrwzBvLmLdUPxRgbeY0e4MpJiqbpo7lxkmDHuSDMMwDGOBPUmGYRiGscBGkmEYhmEssJFkGIZhGAtsJBmGYRjGAhtJhmEYhrHARpJhGIZhLLCRZBiGYRgLbCQZhmEYxgIbSYZhGIaxwEaSYRiGYSywkWQYhmEYC0dwVBYd2fMJlF6dF0cGvdG4R\/eswmrgaB86UuiTP50IH190yNApB7cqdBRV53LUiwX4fGAy5vihOOgMQ\/OYKYuufqWOfhJHHxnHJ9EBxLfk0U2VrwN1Rjxb9b\/P9B06m\/TlpOXIKyrfwkuYNOpXL3WuL2C7LPzxFEweUP\/S\/\/zJNlKJOIrORfU1z6zvyH517WTwubx\/95knr9s3na1gnGvqKLWDpI38taB1\/Tt42JPsFqq0t8vg0CnndOp5LyfVH0vaOOy5HV40oBk82d\/UFRq6\/LoDWf3segqqtxfVwb\/YuIqgnmXBMQ8EJv2LZ+o0f+aAoEOJ1dco6LBj9fW4YB5S\/VZAg0Hsa1rmiU56cbIwEzgNpVzIQxUcdfUmElP\/DgE2kt2yIzv\/K90c0fNGsAONfvQ0Qk+DlgGEPPk+mZvxTpQfzcKUPrVfGNhBkIfGy9P8G+KgfQz3KQ1QjHDMwUBloL5GUd89fuZo59XbYyLJ61soNiFzfRYyLWxd+Sm2o4v+1kBhS80MTI2pG4rEkAPOWWxVo4PguO3rmBJT\/w6D2KOydnd3oVgswvb2Npw7dw5yuRwMDQ2pp91A7j+ObsZsB52Sa17yRqfkhQjPQ94H9Nz0aIkqgfRCdGcZHbc+WHXqVR5KKmInrd+heNdgMIceTFGO1pIqDRm\/V0S2+x4OVmbp2Yh3Xk3B\/IyquMrz1KF0XEFIVi0jvmXkzaYXRSB+nT8RH2RdObTsOn1fejrOQFxevqR+y24i\/vfJqw7mKaQHExGuCimlMxcaOQsvcRw2FzZhXOhAlRO+O\/hZ3EG54TIV+hhawXh1BfDrz1bWhKw\/WUg9L8m8J7U+\/WXi1akggbJzw3eYrpB5EFbcuLz6JnXZgKnrg7Dmlp1Zfyxlpy4j64+pL4EZn5TPq6uIypescxnINMtuej7diPL1ArbMMxKt16j8TMAT8x7ihrWmGa4rGMrTK+ELm4Rksob6t5VhRJnkAEoivPfMp7skxlnDi6j286IOiVHKu8xv43L4HZHOpwBXzfJ029AMDLdqg5G0qCuBemLWZSJaF7L+e\/nT8ev6ZGlHgTIj3Yv3o+pqZLvrE2QkW5HP5\/dv3Ljhfui6N7b3izdv7N9c3lbXJo\/372Aa5rPHdzDdm0UMhSGXb+7fuPNYPlDxkEx3yupWvbh\/88YdjMWPiCP03s39Yp0uZJo6DY1Iy4xLhDHiKN\/xh\/HFGZA1GFak6b3rQnH65H+8\/1iEaa2XcPyUflHEI95TcgTz5IsD8es3LKN47sszykfPhdzRZap1735COguXl08PKm76iPwF9R5JsEyD1\/46GFfWMg\/B8gqWiYzTLANJuOz2y0URV6fpBq995aHCmroR7xtlH6w\/7nWL+mMtI4WQwa0zkpC+RBnqa9JHMM\/edeuwHr68E7ouIr68CVqlGawbSoaAXj3dqPfNtm3KYdZPFTaon1C5qzoerjsmtvol4\/PlV6QbqCcBGVph1W1IF6oPNuqYL1\/0fJmupM5kOH8Y\/cyTP5BPkWYgTnxu5ne7\/BjvHhyx063kQZoEr\/sKrW\/gqMU8KZxOVneaVXjyQk4TQG0Txx3IiydQxTFINu1Ac7cu3hVrEclxd6TrA0c87ghsdAJSThOqFRmOSF42RmE40qH1uPA0ICb\/tPMz3qVc5nqBnKY10\/doQkOvu+F7GQoToxcRPz43p34TuaxfDzgq83vdNNePI72PvHwnclM4olX6tdFsgJjxJEZRPhoxp2fEemLUaC4zo9Ya1SfrlCG\/WEINt4mKmz4zwziCpNGx8BgWYGGBPgWrvF6ZDsMgVh1nbEJdJ8R18xXlpM2yTk55ngURKpMEZC8nw\/VDrNkl0ZswdJPOYlydpzt8ljKRggl1LdqDWR40cjfKM3ORIpPlmcjN+cqH4pL5b7P+dIqpr\/Q4akBPlWdgxvBGxZSfr84j1rABoupiJPFpmu1f6E3FHdV2x\/GxC5bZnOnBDWPcwTLBtuoRUe4ij91ShhVs1179Qi9NLEUYnnA3ROg2rAtZ52Udk\/ly0le8fNHznJl38qDRg3QM77PddhRA110ikc54+j8AYo0kTbGaBK\/7SeT6hq7QpBNRmWqwuS4LDLDTy0ymAJ4\/wSJSlS8wLx+N2UlGEb0eJzoprDxtd\/AKsUZSK6lOXX5oSiKUPhkEsXFFvVeQFSVOLyJ+67ofQmkXa\/4KLOb6m1DWaYkPTXkEOiwD6mjnaepIvb9Y7FQT2MUYxl1iT8+Pbvw0fXRfNjQyniSP0lN3dFfWokyaaPBd3eGHpoYCYcR7kes+\/a1jkVCHbeiXpsK0rOYUb2z96Ts0vab1ZkxDd0DndbG7NNta36TpPx23ORUZSZ\/W+jVkZEzHgDbwYPy1os6rKmvR\/+gNca2x6TZSF24dk\/lyhuy1iGQq0cDcGDS024480IjO4WAbdH\/aXp56IdZI0hqkNox6TfKgECPjIKIzd2BQ9DJyFNfcLaNBBEhNYoGQV4g+5ZN19CybSRg3RsN26rJAafE6Eul5BOm2MxEdH83dK4\/I\/UStEdDIVDyfhUyTPKd6rF5iO1ZK+zqmtZ6HAg4wBMLI0ppBQKa43aKuZ0e7TY34ukF59EEvgTYhQGBGQOzSG5sVo1gqB3cwpEbu3RuV7spalAmOgH27duljehVI2NvT9LeORbKj6giWJ62BiXUpJeds2ku8r4Y5DmFQaG1Z6yzbvRfVbl3sZ5pBaN2M1h2VXqmdRRTrAYEDx4dNv6dqzLzojyhr0f904F1G6FbUkyBuHZP1Wc\/qRUHrwLPYfsu3vdmfdttREHeGKuf44jsIYo0kbdK5du2aEIj+7W3TTgzkKeKo4r4xKqRdjk1jiommQprrJVSKvpeAiTGA6kOaCrBMtRJmJyBGW440spFQnA6OfAzlY0Nbo767LU\/VTwK9Xae25h\/xvCDfN8CLMpQDoyIxMovRi4gfn6+4nQQ2nkJgSpOMbw79cPQmpBxyt6jYRWpAGwWsrKN86qtEDV7USDrcSQXlkN5g051OU1MrIT0HpqiwI6JdenpKhhqr2xipkfZkVLosa1Umns4JLNPgqFbNfqyZZVegtPpbxyTmgIM6UD3YkINCL14566Jpq\/70C1FeXnuW09FdYKuLUfSQppyyNtquKiON8ISMfkdMSarv0ciBfu2hp996ca07HYglJyNf\/cKiW9mPlYx2btYxWZ+b1Leqp6SrglHvCfJSs8kalPSSS7vtyKCM8vnA9m8r+n7wnvr30Gni6GTBpxi5cwkHCFBYMJ7RKMMcVZBS0R1vuutLsvCoYJOXW3UuVbiPHbmswORBtR5VUWHOwqKYBiipe+YuvI4gA3UdDQlNbapb4DiQHLsKM8Y6UX1nEzvTkpueGP2J9GhNpYVehAFswAJNsRTFU3CSGRgMddg4OgQa+S5AlXaEyUiBpp80DsY7NZfAFKkxoyz4LlVJyvv47hqs4bv6bdpVNkM6XKfRJCIMl2Gu0LtvoN5JhxoKM2\/kmWSa3TX17C8buVuO1lK9OpDIXYXUIupCREv1plujIumurHWZeDon2Z30FMyNmvLge9cbWPZG2SVRZvze1zomwE7qoSEP1R81W0GDEa9+oI7T2FO\/Eo9a1p+E8PbzYuqtFNFuRMd5m6a+MAeqTraEpvwf5jHPqqPDdDJOa7MSRdlWFxEybKWi0rfQQQ9p6vqp2gHlkfZBlJTuxDo+yqHbkJPOYI1siO82MjOz0MD6q+Vx0lmUp2QJ5d\/5CaqMRHt8Wgbn8rzZ4vqCXbfUj4HsxyLqmDCAr7CeuPUZ+7j0YGiwRV4g9Tv5haqoTy3bUaj+TQE8XMN3Xenw3kzfdWAS+xOQtwG5Jd0rTIZ568BRe+TPaZi3lDIOBIYhaw44mQOB\/5gAwzDMGwd6tGwgD4V3wpNkGIZhmG5gT5JhGIZhLLCRZBiGYRgLbCQZhmEYxgIbSYZhGIaxwEaSYRiGYSywkWQYhmEYC2wkGYZhGMYCG0mGYRiGscBGkmEYhmEiAfj\/1O3jrXJSSmEAAAAASUVORK5CYII=\" alt=\"\"><\/p>","protected":false},"excerpt":{"rendered":"<p>Tegund:&nbsp;U06100001<\/p>","protected":false},"featured_media":81011,"comment_status":"closed","ping_status":"closed","template":"","meta":[],"product_brand":[],"product_cat":[588,788,515],"product_tag":[],"class_list":{"0":"post-51211","1":"product","2":"type-product","3":"status-publish","4":"has-post-thumbnail","6":"product_cat-handverkfaeri","7":"product_cat-topplyklasett","8":"product_cat-verkfaeralausnir","10":"first","11":"instock","12":"taxable","13":"shipping-taxable","14":"purchasable","15":"product-type-simple"},"yoast_head":"<!-- This site is optimized with the Yoast SEO plugin v27.3 - https:\/\/yoast.com\/product\/yoast-seo-wordpress\/ -->\n<title>USAG Topplyklasett 610 1\/4 EFK U06100001 - V\u00e9lar &amp; Verkf\u00e6ri<\/title>\n<meta name=\"robots\" content=\"index, follow, max-snippet:-1, max-image-preview:large, max-video-preview:-1\" \/>\n<link rel=\"canonical\" href=\"https:\/\/velarogverkfaeri.is\/en\/uncategorized\/product\/usag-topplyklasett-610-1-4-efk-u06100001\/\" \/>\n<meta property=\"og:locale\" content=\"en_US\" \/>\n<meta property=\"og:type\" content=\"article\" \/>\n<meta property=\"og:title\" content=\"USAG Topplyklasett 610 1\/4 EFK U06100001 - V\u00e9lar &amp; Verkf\u00e6ri\" \/>\n<meta property=\"og:description\" content=\"Tegund:&nbsp;U06100001\" \/>\n<meta property=\"og:url\" content=\"https:\/\/velarogverkfaeri.is\/en\/uncategorized\/product\/usag-topplyklasett-610-1-4-efk-u06100001\/\" \/>\n<meta property=\"og:site_name\" content=\"V\u00e9lar &amp; Verkf\u00e6ri\" \/>\n<meta property=\"article:publisher\" content=\"https:\/\/www.facebook.com\/VelarOgVerkfaeri\" \/>\n<meta property=\"article:modified_time\" content=\"2026-03-05T15:46:57+00:00\" \/>\n<meta name=\"twitter:card\" content=\"summary_large_image\" \/>\n<script type=\"application\/ld+json\" class=\"yoast-schema-graph\">{\"@context\":\"https:\\\/\\\/schema.org\",\"@graph\":[{\"@type\":\"WebPage\",\"@id\":\"https:\\\/\\\/velarogverkfaeri.is\\\/uncategorized\\\/product\\\/usag-topplyklasett-610-1-4-efk-u06100001\\\/\",\"url\":\"https:\\\/\\\/velarogverkfaeri.is\\\/uncategorized\\\/product\\\/usag-topplyklasett-610-1-4-efk-u06100001\\\/\",\"name\":\"USAG Topplyklasett 610 1\\\/4 EFK U06100001 - V\u00e9lar &amp; Verkf\u00e6ri\",\"isPartOf\":{\"@id\":\"https:\\\/\\\/velarogverkfaeri.is\\\/en\\\/#website\"},\"primaryImageOfPage\":{\"@id\":\"https:\\\/\\\/velarogverkfaeri.is\\\/uncategorized\\\/product\\\/usag-topplyklasett-610-1-4-efk-u06100001\\\/#primaryimage\"},\"image\":{\"@id\":\"https:\\\/\\\/velarogverkfaeri.is\\\/uncategorized\\\/product\\\/usag-topplyklasett-610-1-4-efk-u06100001\\\/#primaryimage\"},\"thumbnailUrl\":\"https:\\\/\\\/velarogverkfaeri.is\\\/wp-content\\\/uploads\\\/2026\\\/03\\\/df61c8c7-c2a0-4404-b115-db212e5c17bf.png\",\"datePublished\":\"2023-10-10T11:09:13+00:00\",\"dateModified\":\"2026-03-05T15:46:57+00:00\",\"breadcrumb\":{\"@id\":\"https:\\\/\\\/velarogverkfaeri.is\\\/uncategorized\\\/product\\\/usag-topplyklasett-610-1-4-efk-u06100001\\\/#breadcrumb\"},\"inLanguage\":\"en-US\",\"potentialAction\":[{\"@type\":\"ReadAction\",\"target\":[\"https:\\\/\\\/velarogverkfaeri.is\\\/uncategorized\\\/product\\\/usag-topplyklasett-610-1-4-efk-u06100001\\\/\"]}]},{\"@type\":\"ImageObject\",\"inLanguage\":\"en-US\",\"@id\":\"https:\\\/\\\/velarogverkfaeri.is\\\/uncategorized\\\/product\\\/usag-topplyklasett-610-1-4-efk-u06100001\\\/#primaryimage\",\"url\":\"https:\\\/\\\/velarogverkfaeri.is\\\/wp-content\\\/uploads\\\/2026\\\/03\\\/df61c8c7-c2a0-4404-b115-db212e5c17bf.png\",\"contentUrl\":\"https:\\\/\\\/velarogverkfaeri.is\\\/wp-content\\\/uploads\\\/2026\\\/03\\\/df61c8c7-c2a0-4404-b115-db212e5c17bf.png\",\"width\":755,\"height\":668},{\"@type\":\"BreadcrumbList\",\"@id\":\"https:\\\/\\\/velarogverkfaeri.is\\\/uncategorized\\\/product\\\/usag-topplyklasett-610-1-4-efk-u06100001\\\/#breadcrumb\",\"itemListElement\":[{\"@type\":\"ListItem\",\"position\":1,\"name\":\"Home\",\"item\":\"https:\\\/\\\/velarogverkfaeri.is\\\/\"},{\"@type\":\"ListItem\",\"position\":2,\"name\":\"Vefverslun\",\"item\":\"https:\\\/\\\/velarogverkfaeri.is\\\/vefverslun\\\/\"},{\"@type\":\"ListItem\",\"position\":3,\"name\":\"USAG Topplyklasett 610 1\\\/4 EFK U06100001\"}]},{\"@type\":\"WebSite\",\"@id\":\"https:\\\/\\\/velarogverkfaeri.is\\\/en\\\/#website\",\"url\":\"https:\\\/\\\/velarogverkfaeri.is\\\/en\\\/\",\"name\":\"V\u00e9lar & Verkf\u00e6ri\",\"description\":\"Umbo\u00f0s- og heildverslun fr\u00e1 \u00e1rinu 1919\",\"publisher\":{\"@id\":\"https:\\\/\\\/velarogverkfaeri.is\\\/en\\\/#organization\"},\"potentialAction\":[{\"@type\":\"SearchAction\",\"target\":{\"@type\":\"EntryPoint\",\"urlTemplate\":\"https:\\\/\\\/velarogverkfaeri.is\\\/en\\\/?s={search_term_string}\"},\"query-input\":{\"@type\":\"PropertyValueSpecification\",\"valueRequired\":true,\"valueName\":\"search_term_string\"}}],\"inLanguage\":\"en-US\"},{\"@type\":\"Organization\",\"@id\":\"https:\\\/\\\/velarogverkfaeri.is\\\/en\\\/#organization\",\"name\":\"V\u00e9lar & Verkf\u00e6ri\",\"url\":\"https:\\\/\\\/velarogverkfaeri.is\\\/en\\\/\",\"logo\":{\"@type\":\"ImageObject\",\"inLanguage\":\"en-US\",\"@id\":\"https:\\\/\\\/velarogverkfaeri.is\\\/en\\\/#\\\/schema\\\/logo\\\/image\\\/\",\"url\":\"https:\\\/\\\/velarogverkfaeri.is\\\/wp-content\\\/uploads\\\/2021\\\/10\\\/vv_logo_350x100.png\",\"contentUrl\":\"https:\\\/\\\/velarogverkfaeri.is\\\/wp-content\\\/uploads\\\/2021\\\/10\\\/vv_logo_350x100.png\",\"width\":350,\"height\":100,\"caption\":\"V\u00e9lar & Verkf\u00e6ri\"},\"image\":{\"@id\":\"https:\\\/\\\/velarogverkfaeri.is\\\/en\\\/#\\\/schema\\\/logo\\\/image\\\/\"},\"sameAs\":[\"https:\\\/\\\/www.facebook.com\\\/VelarOgVerkfaeri\"]}]}<\/script>\n<!-- \/ Yoast SEO plugin. -->","yoast_head_json":{"title":"USAG Topplyklasett 610 1\/4 EFK U06100001 - V\u00e9lar &amp; Verkf\u00e6ri","robots":{"index":"index","follow":"follow","max-snippet":"max-snippet:-1","max-image-preview":"max-image-preview:large","max-video-preview":"max-video-preview:-1"},"canonical":"https:\/\/velarogverkfaeri.is\/en\/uncategorized\/product\/usag-topplyklasett-610-1-4-efk-u06100001\/","og_locale":"en_US","og_type":"article","og_title":"USAG Topplyklasett 610 1\/4 EFK U06100001 - V\u00e9lar &amp; Verkf\u00e6ri","og_description":"Tegund:&nbsp;U06100001","og_url":"https:\/\/velarogverkfaeri.is\/en\/uncategorized\/product\/usag-topplyklasett-610-1-4-efk-u06100001\/","og_site_name":"V\u00e9lar &amp; Verkf\u00e6ri","article_publisher":"https:\/\/www.facebook.com\/VelarOgVerkfaeri","article_modified_time":"2026-03-05T15:46:57+00:00","twitter_card":"summary_large_image","schema":{"@context":"https:\/\/schema.org","@graph":[{"@type":"WebPage","@id":"https:\/\/velarogverkfaeri.is\/uncategorized\/product\/usag-topplyklasett-610-1-4-efk-u06100001\/","url":"https:\/\/velarogverkfaeri.is\/uncategorized\/product\/usag-topplyklasett-610-1-4-efk-u06100001\/","name":"USAG Topplyklasett 610 1\/4 EFK U06100001 - V\u00e9lar &amp; Verkf\u00e6ri","isPartOf":{"@id":"https:\/\/velarogverkfaeri.is\/en\/#website"},"primaryImageOfPage":{"@id":"https:\/\/velarogverkfaeri.is\/uncategorized\/product\/usag-topplyklasett-610-1-4-efk-u06100001\/#primaryimage"},"image":{"@id":"https:\/\/velarogverkfaeri.is\/uncategorized\/product\/usag-topplyklasett-610-1-4-efk-u06100001\/#primaryimage"},"thumbnailUrl":"https:\/\/velarogverkfaeri.is\/wp-content\/uploads\/2026\/03\/df61c8c7-c2a0-4404-b115-db212e5c17bf.png","datePublished":"2023-10-10T11:09:13+00:00","dateModified":"2026-03-05T15:46:57+00:00","breadcrumb":{"@id":"https:\/\/velarogverkfaeri.is\/uncategorized\/product\/usag-topplyklasett-610-1-4-efk-u06100001\/#breadcrumb"},"inLanguage":"en-US","potentialAction":[{"@type":"ReadAction","target":["https:\/\/velarogverkfaeri.is\/uncategorized\/product\/usag-topplyklasett-610-1-4-efk-u06100001\/"]}]},{"@type":"ImageObject","inLanguage":"en-US","@id":"https:\/\/velarogverkfaeri.is\/uncategorized\/product\/usag-topplyklasett-610-1-4-efk-u06100001\/#primaryimage","url":"https:\/\/velarogverkfaeri.is\/wp-content\/uploads\/2026\/03\/df61c8c7-c2a0-4404-b115-db212e5c17bf.png","contentUrl":"https:\/\/velarogverkfaeri.is\/wp-content\/uploads\/2026\/03\/df61c8c7-c2a0-4404-b115-db212e5c17bf.png","width":755,"height":668},{"@type":"BreadcrumbList","@id":"https:\/\/velarogverkfaeri.is\/uncategorized\/product\/usag-topplyklasett-610-1-4-efk-u06100001\/#breadcrumb","itemListElement":[{"@type":"ListItem","position":1,"name":"Home","item":"https:\/\/velarogverkfaeri.is\/"},{"@type":"ListItem","position":2,"name":"Vefverslun","item":"https:\/\/velarogverkfaeri.is\/vefverslun\/"},{"@type":"ListItem","position":3,"name":"USAG Topplyklasett 610 1\/4 EFK U06100001"}]},{"@type":"WebSite","@id":"https:\/\/velarogverkfaeri.is\/en\/#website","url":"https:\/\/velarogverkfaeri.is\/en\/","name":"V\u00e9lar & Verkf\u00e6ri","description":"Umbo\u00f0s- og heildverslun fr\u00e1 \u00e1rinu 1919","publisher":{"@id":"https:\/\/velarogverkfaeri.is\/en\/#organization"},"potentialAction":[{"@type":"SearchAction","target":{"@type":"EntryPoint","urlTemplate":"https:\/\/velarogverkfaeri.is\/en\/?s={search_term_string}"},"query-input":{"@type":"PropertyValueSpecification","valueRequired":true,"valueName":"search_term_string"}}],"inLanguage":"en-US"},{"@type":"Organization","@id":"https:\/\/velarogverkfaeri.is\/en\/#organization","name":"V\u00e9lar & Verkf\u00e6ri","url":"https:\/\/velarogverkfaeri.is\/en\/","logo":{"@type":"ImageObject","inLanguage":"en-US","@id":"https:\/\/velarogverkfaeri.is\/en\/#\/schema\/logo\/image\/","url":"https:\/\/velarogverkfaeri.is\/wp-content\/uploads\/2021\/10\/vv_logo_350x100.png","contentUrl":"https:\/\/velarogverkfaeri.is\/wp-content\/uploads\/2021\/10\/vv_logo_350x100.png","width":350,"height":100,"caption":"V\u00e9lar & Verkf\u00e6ri"},"image":{"@id":"https:\/\/velarogverkfaeri.is\/en\/#\/schema\/logo\/image\/"},"sameAs":["https:\/\/www.facebook.com\/VelarOgVerkfaeri"]}]}},"_links":{"self":[{"href":"https:\/\/velarogverkfaeri.is\/en\/wp-json\/wp\/v2\/product\/51211","targetHints":{"allow":["GET"]}}],"collection":[{"href":"https:\/\/velarogverkfaeri.is\/en\/wp-json\/wp\/v2\/product"}],"about":[{"href":"https:\/\/velarogverkfaeri.is\/en\/wp-json\/wp\/v2\/types\/product"}],"replies":[{"embeddable":true,"href":"https:\/\/velarogverkfaeri.is\/en\/wp-json\/wp\/v2\/comments?post=51211"}],"wp:featuredmedia":[{"embeddable":true,"href":"https:\/\/velarogverkfaeri.is\/en\/wp-json\/wp\/v2\/media\/81011"}],"wp:attachment":[{"href":"https:\/\/velarogverkfaeri.is\/en\/wp-json\/wp\/v2\/media?parent=51211"}],"wp:term":[{"taxonomy":"product_brand","embeddable":true,"href":"https:\/\/velarogverkfaeri.is\/en\/wp-json\/wp\/v2\/product_brand?post=51211"},{"taxonomy":"product_cat","embeddable":true,"href":"https:\/\/velarogverkfaeri.is\/en\/wp-json\/wp\/v2\/product_cat?post=51211"},{"taxonomy":"product_tag","embeddable":true,"href":"https:\/\/velarogverkfaeri.is\/en\/wp-json\/wp\/v2\/product_tag?post=51211"}],"curies":[{"name":"wp","href":"https:\/\/api.w.org\/{rel}","templated":true}]}}