{"id":51031,"date":"2023-10-10T11:09:32","date_gmt":"2023-10-10T11:09:32","guid":{"rendered":"https:\/\/vv-dev.webdev.is\/?post_type=product&#038;p=51031"},"modified":"2026-01-22T11:46:39","modified_gmt":"2026-01-22T11:46:39","slug":"procell-rafhlada-lr6-aa-intense-10-stk","status":"publish","type":"product","link":"https:\/\/velarogverkfaeri.is\/en\/lykillausnir\/rafhlodur-lykillausnir\/rafhlodur-rafhlodur-lykillausnir\/product\/procell-rafhlada-lr6-aa-intense-10-stk\/","title":{"rendered":"PROCELL Rafhla\u00f0a LR6 AA Intense 10 stk"},"content":{"rendered":"<p class=\"MsoNormal\"><\/p>","protected":false},"excerpt":{"rendered":"<p class=\"MsoNormal\"><span style=\"font-size:12.0pt;line-height:107%;font-family:&quot;Arial Nova Light&quot;,sans-serif\">PROCELL Rafhl\u00f6\u00f0ur eru s\u00e9rstaklega \u00e6tla\u00f0ar fyrir<br \/>\nkrefjandi a\u00f0st\u00e6\u00f0ur \u00ed atvinnul\u00edfinu.<o:p><\/o:p><\/span><\/p>\n<p class=\"MsoNormal\"><span style=\"font-size:12.0pt;line-height:107%;font-family:&quot;Arial Nova Light&quot;,sans-serif\">\u00dea\u00f0 kostar t\u00edma og fyrirh\u00f6fn a\u00f0 skipta um<br \/>\nrafhl\u00f6\u00f0ur \u00ed \u00fdmsum b\u00fana\u00f0i. Lengri ending er \u00fev\u00ed sparna\u00f0ur fyrir notendur.<o:p><\/o:p><\/span><\/p>\n<\/p>\n<p class=\"MsoNormal\"><span style=\"font-size:12.0pt;line-height:107%;font-family:&quot;Arial Nova Light&quot;,sans-serif\">PROCELL eru bygg\u00f0ar fyrir t.d. sj\u00fakrah\u00fast\u00e6ki,<br \/>\n\u00f6ryggisv\u00f6rur af \u00fdmsum ger\u00f0um, verkf\u00e6ri (t.d. laser verkf\u00e6ri),<br \/>\nmenntunarstofnanir, i\u00f0nfyrirt\u00e6ki, h\u00f3tel og fyrirt\u00e6ki almennt (t.d.<br \/>\ns\u00e1puskammtara ofl) ofl.<o:p><\/o:p><\/span><\/p>","protected":false},"featured_media":55578,"comment_status":"closed","ping_status":"closed","template":"","meta":[],"product_brand":[],"product_cat":[517,691,753,591,600,515],"product_tag":[],"class_list":{"0":"post-51031","1":"product","2":"type-product","3":"status-publish","4":"has-post-thumbnail","6":"product_cat-lykillausnir","7":"product_cat-rafhlodur-rafhlodur-lykillausnir","8":"product_cat-rafhlodur-rafhlodur","9":"product_cat-rafhlodur","10":"product_cat-rafhlodur-lykillausnir","11":"product_cat-verkfaeralausnir","13":"first","14":"instock","15":"taxable","16":"shipping-taxable","17":"purchasable","18":"product-type-simple"},"yoast_head":"<!-- This site is optimized with the Yoast SEO plugin v27.3 - https:\/\/yoast.com\/product\/yoast-seo-wordpress\/ -->\n<title>PROCELL Rafhla\u00f0a LR6 AA Intense 10 stk - V\u00e9lar &amp; Verkf\u00e6ri<\/title>\n<meta name=\"robots\" content=\"index, follow, max-snippet:-1, max-image-preview:large, max-video-preview:-1\" \/>\n<link rel=\"canonical\" href=\"https:\/\/velarogverkfaeri.is\/en\/lykillausnir\/rafhlodur-lykillausnir\/rafhlodur-rafhlodur-lykillausnir\/product\/procell-rafhlada-lr6-aa-intense-10-stk\/\" \/>\n<meta property=\"og:locale\" content=\"en_US\" \/>\n<meta property=\"og:type\" content=\"article\" \/>\n<meta property=\"og:title\" content=\"PROCELL Rafhla\u00f0a LR6 AA Intense 10 stk - V\u00e9lar &amp; Verkf\u00e6ri\" \/>\n<meta property=\"og:description\" content=\"PROCELL Rafhl\u00f6\u00f0ur eru s\u00e9rstaklega \u00e6tla\u00f0ar fyrir krefjandi a\u00f0st\u00e6\u00f0ur \u00ed atvinnul\u00edfinu.\u00dea\u00f0 kostar t\u00edma og fyrirh\u00f6fn a\u00f0 skipta um rafhl\u00f6\u00f0ur \u00ed \u00fdmsum b\u00fana\u00f0i. Lengri ending er \u00fev\u00ed sparna\u00f0ur fyrir notendur.  PROCELL eru bygg\u00f0ar fyrir t.d. sj\u00fakrah\u00fast\u00e6ki, \u00f6ryggisv\u00f6rur af \u00fdmsum ger\u00f0um, verkf\u00e6ri (t.d. laser verkf\u00e6ri), menntunarstofnanir, i\u00f0nfyrirt\u00e6ki, h\u00f3tel og fyrirt\u00e6ki almennt (t.d. s\u00e1puskammtara ofl) ofl.\" \/>\n<meta property=\"og:url\" content=\"https:\/\/velarogverkfaeri.is\/en\/lykillausnir\/rafhlodur-lykillausnir\/rafhlodur-rafhlodur-lykillausnir\/product\/procell-rafhlada-lr6-aa-intense-10-stk\/\" \/>\n<meta property=\"og:site_name\" content=\"V\u00e9lar &amp; Verkf\u00e6ri\" \/>\n<meta property=\"article:publisher\" content=\"https:\/\/www.facebook.com\/VelarOgVerkfaeri\" \/>\n<meta property=\"article:modified_time\" content=\"2026-01-22T11:46:39+00:00\" \/>\n<meta property=\"og:image\" content=\"https:\/\/velarogverkfaeri.is\/wp-content\/uploads\/2023\/11\/abc8be1e-f863-4843-8918-0c58eee0402d.jpeg\" \/>\n\t<meta property=\"og:image:width\" content=\"150\" \/>\n\t<meta property=\"og:image:height\" content=\"150\" \/>\n\t<meta property=\"og:image:type\" content=\"image\/jpeg\" \/>\n<meta name=\"twitter:card\" content=\"summary_large_image\" \/>\n<script type=\"application\/ld+json\" class=\"yoast-schema-graph\">{\"@context\":\"https:\\\/\\\/schema.org\",\"@graph\":[{\"@type\":\"WebPage\",\"@id\":\"https:\\\/\\\/velarogverkfaeri.is\\\/lykillausnir\\\/rafhlodur-lykillausnir\\\/rafhlodur-rafhlodur-lykillausnir\\\/product\\\/procell-rafhlada-lr6-aa-intense-10-stk\\\/\",\"url\":\"https:\\\/\\\/velarogverkfaeri.is\\\/lykillausnir\\\/rafhlodur-lykillausnir\\\/rafhlodur-rafhlodur-lykillausnir\\\/product\\\/procell-rafhlada-lr6-aa-intense-10-stk\\\/\",\"name\":\"PROCELL Rafhla\u00f0a LR6 AA Intense 10 stk - V\u00e9lar &amp; Verkf\u00e6ri\",\"isPartOf\":{\"@id\":\"https:\\\/\\\/velarogverkfaeri.is\\\/en\\\/#website\"},\"primaryImageOfPage\":{\"@id\":\"https:\\\/\\\/velarogverkfaeri.is\\\/lykillausnir\\\/rafhlodur-lykillausnir\\\/rafhlodur-rafhlodur-lykillausnir\\\/product\\\/procell-rafhlada-lr6-aa-intense-10-stk\\\/#primaryimage\"},\"image\":{\"@id\":\"https:\\\/\\\/velarogverkfaeri.is\\\/lykillausnir\\\/rafhlodur-lykillausnir\\\/rafhlodur-rafhlodur-lykillausnir\\\/product\\\/procell-rafhlada-lr6-aa-intense-10-stk\\\/#primaryimage\"},\"thumbnailUrl\":\"https:\\\/\\\/velarogverkfaeri.is\\\/wp-content\\\/uploads\\\/2023\\\/11\\\/abc8be1e-f863-4843-8918-0c58eee0402d.jpeg\",\"datePublished\":\"2023-10-10T11:09:32+00:00\",\"dateModified\":\"2026-01-22T11:46:39+00:00\",\"breadcrumb\":{\"@id\":\"https:\\\/\\\/velarogverkfaeri.is\\\/lykillausnir\\\/rafhlodur-lykillausnir\\\/rafhlodur-rafhlodur-lykillausnir\\\/product\\\/procell-rafhlada-lr6-aa-intense-10-stk\\\/#breadcrumb\"},\"inLanguage\":\"en-US\",\"potentialAction\":[{\"@type\":\"ReadAction\",\"target\":[\"https:\\\/\\\/velarogverkfaeri.is\\\/lykillausnir\\\/rafhlodur-lykillausnir\\\/rafhlodur-rafhlodur-lykillausnir\\\/product\\\/procell-rafhlada-lr6-aa-intense-10-stk\\\/\"]}]},{\"@type\":\"ImageObject\",\"inLanguage\":\"en-US\",\"@id\":\"https:\\\/\\\/velarogverkfaeri.is\\\/lykillausnir\\\/rafhlodur-lykillausnir\\\/rafhlodur-rafhlodur-lykillausnir\\\/product\\\/procell-rafhlada-lr6-aa-intense-10-stk\\\/#primaryimage\",\"url\":\"https:\\\/\\\/velarogverkfaeri.is\\\/wp-content\\\/uploads\\\/2023\\\/11\\\/abc8be1e-f863-4843-8918-0c58eee0402d.jpeg\",\"contentUrl\":\"https:\\\/\\\/velarogverkfaeri.is\\\/wp-content\\\/uploads\\\/2023\\\/11\\\/abc8be1e-f863-4843-8918-0c58eee0402d.jpeg\",\"width\":150,\"height\":150},{\"@type\":\"BreadcrumbList\",\"@id\":\"https:\\\/\\\/velarogverkfaeri.is\\\/lykillausnir\\\/rafhlodur-lykillausnir\\\/rafhlodur-rafhlodur-lykillausnir\\\/product\\\/procell-rafhlada-lr6-aa-intense-10-stk\\\/#breadcrumb\",\"itemListElement\":[{\"@type\":\"ListItem\",\"position\":1,\"name\":\"Home\",\"item\":\"https:\\\/\\\/velarogverkfaeri.is\\\/\"},{\"@type\":\"ListItem\",\"position\":2,\"name\":\"Vefverslun\",\"item\":\"https:\\\/\\\/velarogverkfaeri.is\\\/vefverslun\\\/\"},{\"@type\":\"ListItem\",\"position\":3,\"name\":\"PROCELL Rafhla\u00f0a LR6 AA Intense 10 stk\"}]},{\"@type\":\"WebSite\",\"@id\":\"https:\\\/\\\/velarogverkfaeri.is\\\/en\\\/#website\",\"url\":\"https:\\\/\\\/velarogverkfaeri.is\\\/en\\\/\",\"name\":\"V\u00e9lar & Verkf\u00e6ri\",\"description\":\"Umbo\u00f0s- og heildverslun fr\u00e1 \u00e1rinu 1919\",\"publisher\":{\"@id\":\"https:\\\/\\\/velarogverkfaeri.is\\\/en\\\/#organization\"},\"potentialAction\":[{\"@type\":\"SearchAction\",\"target\":{\"@type\":\"EntryPoint\",\"urlTemplate\":\"https:\\\/\\\/velarogverkfaeri.is\\\/en\\\/?s={search_term_string}\"},\"query-input\":{\"@type\":\"PropertyValueSpecification\",\"valueRequired\":true,\"valueName\":\"search_term_string\"}}],\"inLanguage\":\"en-US\"},{\"@type\":\"Organization\",\"@id\":\"https:\\\/\\\/velarogverkfaeri.is\\\/en\\\/#organization\",\"name\":\"V\u00e9lar & Verkf\u00e6ri\",\"url\":\"https:\\\/\\\/velarogverkfaeri.is\\\/en\\\/\",\"logo\":{\"@type\":\"ImageObject\",\"inLanguage\":\"en-US\",\"@id\":\"https:\\\/\\\/velarogverkfaeri.is\\\/en\\\/#\\\/schema\\\/logo\\\/image\\\/\",\"url\":\"https:\\\/\\\/velarogverkfaeri.is\\\/wp-content\\\/uploads\\\/2021\\\/10\\\/vv_logo_350x100.png\",\"contentUrl\":\"https:\\\/\\\/velarogverkfaeri.is\\\/wp-content\\\/uploads\\\/2021\\\/10\\\/vv_logo_350x100.png\",\"width\":350,\"height\":100,\"caption\":\"V\u00e9lar & Verkf\u00e6ri\"},\"image\":{\"@id\":\"https:\\\/\\\/velarogverkfaeri.is\\\/en\\\/#\\\/schema\\\/logo\\\/image\\\/\"},\"sameAs\":[\"https:\\\/\\\/www.facebook.com\\\/VelarOgVerkfaeri\"]}]}<\/script>\n<!-- \/ Yoast SEO plugin. -->","yoast_head_json":{"title":"PROCELL Rafhla\u00f0a LR6 AA Intense 10 stk - V\u00e9lar &amp; Verkf\u00e6ri","robots":{"index":"index","follow":"follow","max-snippet":"max-snippet:-1","max-image-preview":"max-image-preview:large","max-video-preview":"max-video-preview:-1"},"canonical":"https:\/\/velarogverkfaeri.is\/en\/lykillausnir\/rafhlodur-lykillausnir\/rafhlodur-rafhlodur-lykillausnir\/product\/procell-rafhlada-lr6-aa-intense-10-stk\/","og_locale":"en_US","og_type":"article","og_title":"PROCELL Rafhla\u00f0a LR6 AA Intense 10 stk - V\u00e9lar &amp; Verkf\u00e6ri","og_description":"PROCELL Rafhl\u00f6\u00f0ur eru s\u00e9rstaklega \u00e6tla\u00f0ar fyrir krefjandi a\u00f0st\u00e6\u00f0ur \u00ed atvinnul\u00edfinu.\u00dea\u00f0 kostar t\u00edma og fyrirh\u00f6fn a\u00f0 skipta um rafhl\u00f6\u00f0ur \u00ed \u00fdmsum b\u00fana\u00f0i. Lengri ending er \u00fev\u00ed sparna\u00f0ur fyrir notendur.  PROCELL eru bygg\u00f0ar fyrir t.d. sj\u00fakrah\u00fast\u00e6ki, \u00f6ryggisv\u00f6rur af \u00fdmsum ger\u00f0um, verkf\u00e6ri (t.d. laser verkf\u00e6ri), menntunarstofnanir, i\u00f0nfyrirt\u00e6ki, h\u00f3tel og fyrirt\u00e6ki almennt (t.d. s\u00e1puskammtara ofl) ofl.","og_url":"https:\/\/velarogverkfaeri.is\/en\/lykillausnir\/rafhlodur-lykillausnir\/rafhlodur-rafhlodur-lykillausnir\/product\/procell-rafhlada-lr6-aa-intense-10-stk\/","og_site_name":"V\u00e9lar &amp; Verkf\u00e6ri","article_publisher":"https:\/\/www.facebook.com\/VelarOgVerkfaeri","article_modified_time":"2026-01-22T11:46:39+00:00","og_image":[{"width":150,"height":150,"url":"https:\/\/velarogverkfaeri.is\/wp-content\/uploads\/2023\/11\/abc8be1e-f863-4843-8918-0c58eee0402d.jpeg","type":"image\/jpeg"}],"twitter_card":"summary_large_image","schema":{"@context":"https:\/\/schema.org","@graph":[{"@type":"WebPage","@id":"https:\/\/velarogverkfaeri.is\/lykillausnir\/rafhlodur-lykillausnir\/rafhlodur-rafhlodur-lykillausnir\/product\/procell-rafhlada-lr6-aa-intense-10-stk\/","url":"https:\/\/velarogverkfaeri.is\/lykillausnir\/rafhlodur-lykillausnir\/rafhlodur-rafhlodur-lykillausnir\/product\/procell-rafhlada-lr6-aa-intense-10-stk\/","name":"PROCELL Rafhla\u00f0a LR6 AA Intense 10 stk - V\u00e9lar &amp; Verkf\u00e6ri","isPartOf":{"@id":"https:\/\/velarogverkfaeri.is\/en\/#website"},"primaryImageOfPage":{"@id":"https:\/\/velarogverkfaeri.is\/lykillausnir\/rafhlodur-lykillausnir\/rafhlodur-rafhlodur-lykillausnir\/product\/procell-rafhlada-lr6-aa-intense-10-stk\/#primaryimage"},"image":{"@id":"https:\/\/velarogverkfaeri.is\/lykillausnir\/rafhlodur-lykillausnir\/rafhlodur-rafhlodur-lykillausnir\/product\/procell-rafhlada-lr6-aa-intense-10-stk\/#primaryimage"},"thumbnailUrl":"https:\/\/velarogverkfaeri.is\/wp-content\/uploads\/2023\/11\/abc8be1e-f863-4843-8918-0c58eee0402d.jpeg","datePublished":"2023-10-10T11:09:32+00:00","dateModified":"2026-01-22T11:46:39+00:00","breadcrumb":{"@id":"https:\/\/velarogverkfaeri.is\/lykillausnir\/rafhlodur-lykillausnir\/rafhlodur-rafhlodur-lykillausnir\/product\/procell-rafhlada-lr6-aa-intense-10-stk\/#breadcrumb"},"inLanguage":"en-US","potentialAction":[{"@type":"ReadAction","target":["https:\/\/velarogverkfaeri.is\/lykillausnir\/rafhlodur-lykillausnir\/rafhlodur-rafhlodur-lykillausnir\/product\/procell-rafhlada-lr6-aa-intense-10-stk\/"]}]},{"@type":"ImageObject","inLanguage":"en-US","@id":"https:\/\/velarogverkfaeri.is\/lykillausnir\/rafhlodur-lykillausnir\/rafhlodur-rafhlodur-lykillausnir\/product\/procell-rafhlada-lr6-aa-intense-10-stk\/#primaryimage","url":"https:\/\/velarogverkfaeri.is\/wp-content\/uploads\/2023\/11\/abc8be1e-f863-4843-8918-0c58eee0402d.jpeg","contentUrl":"https:\/\/velarogverkfaeri.is\/wp-content\/uploads\/2023\/11\/abc8be1e-f863-4843-8918-0c58eee0402d.jpeg","width":150,"height":150},{"@type":"BreadcrumbList","@id":"https:\/\/velarogverkfaeri.is\/lykillausnir\/rafhlodur-lykillausnir\/rafhlodur-rafhlodur-lykillausnir\/product\/procell-rafhlada-lr6-aa-intense-10-stk\/#breadcrumb","itemListElement":[{"@type":"ListItem","position":1,"name":"Home","item":"https:\/\/velarogverkfaeri.is\/"},{"@type":"ListItem","position":2,"name":"Vefverslun","item":"https:\/\/velarogverkfaeri.is\/vefverslun\/"},{"@type":"ListItem","position":3,"name":"PROCELL Rafhla\u00f0a LR6 AA Intense 10 stk"}]},{"@type":"WebSite","@id":"https:\/\/velarogverkfaeri.is\/en\/#website","url":"https:\/\/velarogverkfaeri.is\/en\/","name":"V\u00e9lar & Verkf\u00e6ri","description":"Umbo\u00f0s- og heildverslun fr\u00e1 \u00e1rinu 1919","publisher":{"@id":"https:\/\/velarogverkfaeri.is\/en\/#organization"},"potentialAction":[{"@type":"SearchAction","target":{"@type":"EntryPoint","urlTemplate":"https:\/\/velarogverkfaeri.is\/en\/?s={search_term_string}"},"query-input":{"@type":"PropertyValueSpecification","valueRequired":true,"valueName":"search_term_string"}}],"inLanguage":"en-US"},{"@type":"Organization","@id":"https:\/\/velarogverkfaeri.is\/en\/#organization","name":"V\u00e9lar & Verkf\u00e6ri","url":"https:\/\/velarogverkfaeri.is\/en\/","logo":{"@type":"ImageObject","inLanguage":"en-US","@id":"https:\/\/velarogverkfaeri.is\/en\/#\/schema\/logo\/image\/","url":"https:\/\/velarogverkfaeri.is\/wp-content\/uploads\/2021\/10\/vv_logo_350x100.png","contentUrl":"https:\/\/velarogverkfaeri.is\/wp-content\/uploads\/2021\/10\/vv_logo_350x100.png","width":350,"height":100,"caption":"V\u00e9lar & Verkf\u00e6ri"},"image":{"@id":"https:\/\/velarogverkfaeri.is\/en\/#\/schema\/logo\/image\/"},"sameAs":["https:\/\/www.facebook.com\/VelarOgVerkfaeri"]}]}},"_links":{"self":[{"href":"https:\/\/velarogverkfaeri.is\/en\/wp-json\/wp\/v2\/product\/51031","targetHints":{"allow":["GET"]}}],"collection":[{"href":"https:\/\/velarogverkfaeri.is\/en\/wp-json\/wp\/v2\/product"}],"about":[{"href":"https:\/\/velarogverkfaeri.is\/en\/wp-json\/wp\/v2\/types\/product"}],"replies":[{"embeddable":true,"href":"https:\/\/velarogverkfaeri.is\/en\/wp-json\/wp\/v2\/comments?post=51031"}],"wp:featuredmedia":[{"embeddable":true,"href":"https:\/\/velarogverkfaeri.is\/en\/wp-json\/wp\/v2\/media\/55578"}],"wp:attachment":[{"href":"https:\/\/velarogverkfaeri.is\/en\/wp-json\/wp\/v2\/media?parent=51031"}],"wp:term":[{"taxonomy":"product_brand","embeddable":true,"href":"https:\/\/velarogverkfaeri.is\/en\/wp-json\/wp\/v2\/product_brand?post=51031"},{"taxonomy":"product_cat","embeddable":true,"href":"https:\/\/velarogverkfaeri.is\/en\/wp-json\/wp\/v2\/product_cat?post=51031"},{"taxonomy":"product_tag","embeddable":true,"href":"https:\/\/velarogverkfaeri.is\/en\/wp-json\/wp\/v2\/product_tag?post=51031"}],"curies":[{"name":"wp","href":"https:\/\/api.w.org\/{rel}","templated":true}]}}