{"id":50961,"date":"2023-10-10T11:09:41","date_gmt":"2023-10-10T11:09:41","guid":{"rendered":"https:\/\/vv-dev.webdev.is\/?post_type=product&#038;p=50961"},"modified":"2026-02-04T09:31:32","modified_gmt":"2026-02-04T09:31:32","slug":"fenix-hofudljos-hp30r-v2-0-hledslu-hamark-3000-lumens-7-2023","status":"publish","type":"product","link":"https:\/\/velarogverkfaeri.is\/en\/lykillausnir\/utivistarvorur\/hofudljos\/product\/fenix-hofudljos-hp30r-v2-0-hledslu-hamark-3000-lumens-7-2023\/","title":{"rendered":"FENIX H\u00f6fu\u00f0lj\u00f3s  Hle\u00f0slu, h\u00e1mark 3000 Lumens"},"content":{"rendered":"<p><b>N\u00e1nari uppl\u00fdsingar um v\u00f6ru:<\/b><\/p>\n<p>H\u00e1marks lj\u00f3sstyrkur: 3000 lumens<\/p>\n<p>H\u00e1marks dr\u00e6gni lj\u00f3sgeisla: 270m<\/p>\n<p>H\u00e1marks endingart\u00edmi rafhl\u00f6\u00f0u: 120 klst.<\/p>\n<p>Tegundir lj\u00f3sapera: 1 x XHP50 hv\u00edtt lj\u00f3s LED, 2 x XP-G3 S4 hlutlaust (neutral) hv\u00edtt lj\u00f3s LED.<\/p>\n<p>St\u00e6r\u00f0: H\u00f6fu\u00f0lj\u00f3s: Lengd =92mm, breidd=56mm, h\u00e6\u00f0=44mm<\/p>\n<p>&nbsp;&nbsp;&nbsp;&nbsp;&nbsp;&nbsp;&nbsp;&nbsp;&nbsp;&nbsp;&nbsp;&nbsp;&nbsp; &nbsp; Rafhl\u00f6\u00f0ubox: Lengd=107mm, breidd=50mm, h\u00e6\u00f0=41mm<\/p>\n<p>Rafhla\u00f0a: 2 x 217000 endurhla\u00f0anlegar li-ion rafhl\u00f6\u00f0ur (fylgja me\u00f0)<\/p>\n<p>Innihald pakkningar: 2 x rafhl\u00f6\u00f0ur, USB sn\u00fara, festikr\u00f3kar fyrir hj\u00e1lm, klemmur, beltisfesting og auka o-hringur.<\/p>","protected":false},"excerpt":{"rendered":"<p>Tegund:&nbsp;HP30R V2.0<\/p>\n<p>Mj\u00f6g \u00f6flugt h\u00f6fu\u00f0lj\u00f3s me\u00f0 hle\u00f0slurafhl\u00f6\u00f0u. G\u00f3\u00f0ur f\u00e9lagi \u00ed krefjandi a\u00f0st\u00e6\u00f0ur.<\/p>","protected":false},"featured_media":56654,"comment_status":"closed","ping_status":"closed","template":"","meta":[],"product_brand":[],"product_cat":[695,517,601],"product_tag":[951,1095,1122],"class_list":{"0":"post-50961","1":"product","2":"type-product","3":"status-publish","4":"has-post-thumbnail","6":"product_cat-hofudljos","7":"product_cat-lykillausnir","8":"product_cat-utivistarvorur","9":"product_tag-fenix","10":"product_tag-hofudljos","11":"product_tag-vedurtholnar","13":"first","14":"instock","15":"taxable","16":"shipping-taxable","17":"purchasable","18":"product-type-simple"},"yoast_head":"<!-- This site is optimized with the Yoast SEO plugin v27.3 - https:\/\/yoast.com\/product\/yoast-seo-wordpress\/ -->\n<title>FENIX H\u00f6fu\u00f0lj\u00f3s Hle\u00f0slu, h\u00e1mark 3000 Lumens - V\u00e9lar &amp; Verkf\u00e6ri<\/title>\n<meta name=\"robots\" content=\"index, follow, max-snippet:-1, max-image-preview:large, max-video-preview:-1\" \/>\n<link rel=\"canonical\" href=\"https:\/\/velarogverkfaeri.is\/en\/lykillausnir\/utivistarvorur\/hofudljos\/product\/fenix-hofudljos-hp30r-v2-0-hledslu-hamark-3000-lumens-7-2023\/\" \/>\n<meta property=\"og:locale\" content=\"en_US\" \/>\n<meta property=\"og:type\" content=\"article\" \/>\n<meta property=\"og:title\" content=\"FENIX H\u00f6fu\u00f0lj\u00f3s Hle\u00f0slu, h\u00e1mark 3000 Lumens - V\u00e9lar &amp; Verkf\u00e6ri\" \/>\n<meta property=\"og:description\" content=\"Tegund:&nbsp;HP30R V2.0Mj\u00f6g \u00f6flugt h\u00f6fu\u00f0lj\u00f3s me\u00f0 hle\u00f0slurafhl\u00f6\u00f0u. G\u00f3\u00f0ur f\u00e9lagi \u00ed krefjandi a\u00f0st\u00e6\u00f0ur.\" \/>\n<meta property=\"og:url\" content=\"https:\/\/velarogverkfaeri.is\/en\/lykillausnir\/utivistarvorur\/hofudljos\/product\/fenix-hofudljos-hp30r-v2-0-hledslu-hamark-3000-lumens-7-2023\/\" \/>\n<meta property=\"og:site_name\" content=\"V\u00e9lar &amp; Verkf\u00e6ri\" \/>\n<meta property=\"article:publisher\" content=\"https:\/\/www.facebook.com\/VelarOgVerkfaeri\" \/>\n<meta property=\"article:modified_time\" content=\"2026-02-04T09:31:32+00:00\" \/>\n<meta property=\"og:image\" content=\"https:\/\/velarogverkfaeri.is\/wp-content\/uploads\/2024\/01\/1b5af0e4-c1fe-4526-9f4b-90af1f0ea9be.jpeg\" \/>\n\t<meta property=\"og:image:width\" content=\"1027\" \/>\n\t<meta property=\"og:image:height\" content=\"693\" \/>\n\t<meta property=\"og:image:type\" content=\"image\/jpeg\" \/>\n<meta name=\"twitter:card\" content=\"summary_large_image\" \/>\n<meta name=\"twitter:label1\" content=\"Est. reading time\" \/>\n\t<meta name=\"twitter:data1\" content=\"1 minute\" \/>\n<script type=\"application\/ld+json\" class=\"yoast-schema-graph\">{\"@context\":\"https:\\\/\\\/schema.org\",\"@graph\":[{\"@type\":\"WebPage\",\"@id\":\"https:\\\/\\\/velarogverkfaeri.is\\\/lykillausnir\\\/utivistarvorur\\\/hofudljos\\\/product\\\/fenix-hofudljos-hp30r-v2-0-hledslu-hamark-3000-lumens-7-2023\\\/\",\"url\":\"https:\\\/\\\/velarogverkfaeri.is\\\/lykillausnir\\\/utivistarvorur\\\/hofudljos\\\/product\\\/fenix-hofudljos-hp30r-v2-0-hledslu-hamark-3000-lumens-7-2023\\\/\",\"name\":\"FENIX H\u00f6fu\u00f0lj\u00f3s Hle\u00f0slu, h\u00e1mark 3000 Lumens - V\u00e9lar &amp; Verkf\u00e6ri\",\"isPartOf\":{\"@id\":\"https:\\\/\\\/velarogverkfaeri.is\\\/en\\\/#website\"},\"primaryImageOfPage\":{\"@id\":\"https:\\\/\\\/velarogverkfaeri.is\\\/lykillausnir\\\/utivistarvorur\\\/hofudljos\\\/product\\\/fenix-hofudljos-hp30r-v2-0-hledslu-hamark-3000-lumens-7-2023\\\/#primaryimage\"},\"image\":{\"@id\":\"https:\\\/\\\/velarogverkfaeri.is\\\/lykillausnir\\\/utivistarvorur\\\/hofudljos\\\/product\\\/fenix-hofudljos-hp30r-v2-0-hledslu-hamark-3000-lumens-7-2023\\\/#primaryimage\"},\"thumbnailUrl\":\"https:\\\/\\\/velarogverkfaeri.is\\\/wp-content\\\/uploads\\\/2024\\\/01\\\/1b5af0e4-c1fe-4526-9f4b-90af1f0ea9be.jpeg\",\"datePublished\":\"2023-10-10T11:09:41+00:00\",\"dateModified\":\"2026-02-04T09:31:32+00:00\",\"breadcrumb\":{\"@id\":\"https:\\\/\\\/velarogverkfaeri.is\\\/lykillausnir\\\/utivistarvorur\\\/hofudljos\\\/product\\\/fenix-hofudljos-hp30r-v2-0-hledslu-hamark-3000-lumens-7-2023\\\/#breadcrumb\"},\"inLanguage\":\"en-US\",\"potentialAction\":[{\"@type\":\"ReadAction\",\"target\":[\"https:\\\/\\\/velarogverkfaeri.is\\\/lykillausnir\\\/utivistarvorur\\\/hofudljos\\\/product\\\/fenix-hofudljos-hp30r-v2-0-hledslu-hamark-3000-lumens-7-2023\\\/\"]}]},{\"@type\":\"ImageObject\",\"inLanguage\":\"en-US\",\"@id\":\"https:\\\/\\\/velarogverkfaeri.is\\\/lykillausnir\\\/utivistarvorur\\\/hofudljos\\\/product\\\/fenix-hofudljos-hp30r-v2-0-hledslu-hamark-3000-lumens-7-2023\\\/#primaryimage\",\"url\":\"https:\\\/\\\/velarogverkfaeri.is\\\/wp-content\\\/uploads\\\/2024\\\/01\\\/1b5af0e4-c1fe-4526-9f4b-90af1f0ea9be.jpeg\",\"contentUrl\":\"https:\\\/\\\/velarogverkfaeri.is\\\/wp-content\\\/uploads\\\/2024\\\/01\\\/1b5af0e4-c1fe-4526-9f4b-90af1f0ea9be.jpeg\",\"width\":1027,\"height\":693},{\"@type\":\"BreadcrumbList\",\"@id\":\"https:\\\/\\\/velarogverkfaeri.is\\\/lykillausnir\\\/utivistarvorur\\\/hofudljos\\\/product\\\/fenix-hofudljos-hp30r-v2-0-hledslu-hamark-3000-lumens-7-2023\\\/#breadcrumb\",\"itemListElement\":[{\"@type\":\"ListItem\",\"position\":1,\"name\":\"Home\",\"item\":\"https:\\\/\\\/velarogverkfaeri.is\\\/\"},{\"@type\":\"ListItem\",\"position\":2,\"name\":\"Vefverslun\",\"item\":\"https:\\\/\\\/velarogverkfaeri.is\\\/vefverslun\\\/\"},{\"@type\":\"ListItem\",\"position\":3,\"name\":\"FENIX H\u00f6fu\u00f0lj\u00f3s Hle\u00f0slu, h\u00e1mark 3000 Lumens\"}]},{\"@type\":\"WebSite\",\"@id\":\"https:\\\/\\\/velarogverkfaeri.is\\\/en\\\/#website\",\"url\":\"https:\\\/\\\/velarogverkfaeri.is\\\/en\\\/\",\"name\":\"V\u00e9lar & Verkf\u00e6ri\",\"description\":\"Umbo\u00f0s- og heildverslun fr\u00e1 \u00e1rinu 1919\",\"publisher\":{\"@id\":\"https:\\\/\\\/velarogverkfaeri.is\\\/en\\\/#organization\"},\"potentialAction\":[{\"@type\":\"SearchAction\",\"target\":{\"@type\":\"EntryPoint\",\"urlTemplate\":\"https:\\\/\\\/velarogverkfaeri.is\\\/en\\\/?s={search_term_string}\"},\"query-input\":{\"@type\":\"PropertyValueSpecification\",\"valueRequired\":true,\"valueName\":\"search_term_string\"}}],\"inLanguage\":\"en-US\"},{\"@type\":\"Organization\",\"@id\":\"https:\\\/\\\/velarogverkfaeri.is\\\/en\\\/#organization\",\"name\":\"V\u00e9lar & Verkf\u00e6ri\",\"url\":\"https:\\\/\\\/velarogverkfaeri.is\\\/en\\\/\",\"logo\":{\"@type\":\"ImageObject\",\"inLanguage\":\"en-US\",\"@id\":\"https:\\\/\\\/velarogverkfaeri.is\\\/en\\\/#\\\/schema\\\/logo\\\/image\\\/\",\"url\":\"https:\\\/\\\/velarogverkfaeri.is\\\/wp-content\\\/uploads\\\/2021\\\/10\\\/vv_logo_350x100.png\",\"contentUrl\":\"https:\\\/\\\/velarogverkfaeri.is\\\/wp-content\\\/uploads\\\/2021\\\/10\\\/vv_logo_350x100.png\",\"width\":350,\"height\":100,\"caption\":\"V\u00e9lar & Verkf\u00e6ri\"},\"image\":{\"@id\":\"https:\\\/\\\/velarogverkfaeri.is\\\/en\\\/#\\\/schema\\\/logo\\\/image\\\/\"},\"sameAs\":[\"https:\\\/\\\/www.facebook.com\\\/VelarOgVerkfaeri\"]}]}<\/script>\n<!-- \/ Yoast SEO plugin. -->","yoast_head_json":{"title":"FENIX H\u00f6fu\u00f0lj\u00f3s Hle\u00f0slu, h\u00e1mark 3000 Lumens - V\u00e9lar &amp; Verkf\u00e6ri","robots":{"index":"index","follow":"follow","max-snippet":"max-snippet:-1","max-image-preview":"max-image-preview:large","max-video-preview":"max-video-preview:-1"},"canonical":"https:\/\/velarogverkfaeri.is\/en\/lykillausnir\/utivistarvorur\/hofudljos\/product\/fenix-hofudljos-hp30r-v2-0-hledslu-hamark-3000-lumens-7-2023\/","og_locale":"en_US","og_type":"article","og_title":"FENIX H\u00f6fu\u00f0lj\u00f3s Hle\u00f0slu, h\u00e1mark 3000 Lumens - V\u00e9lar &amp; Verkf\u00e6ri","og_description":"Tegund:&nbsp;HP30R V2.0Mj\u00f6g \u00f6flugt h\u00f6fu\u00f0lj\u00f3s me\u00f0 hle\u00f0slurafhl\u00f6\u00f0u. G\u00f3\u00f0ur f\u00e9lagi \u00ed krefjandi a\u00f0st\u00e6\u00f0ur.","og_url":"https:\/\/velarogverkfaeri.is\/en\/lykillausnir\/utivistarvorur\/hofudljos\/product\/fenix-hofudljos-hp30r-v2-0-hledslu-hamark-3000-lumens-7-2023\/","og_site_name":"V\u00e9lar &amp; Verkf\u00e6ri","article_publisher":"https:\/\/www.facebook.com\/VelarOgVerkfaeri","article_modified_time":"2026-02-04T09:31:32+00:00","og_image":[{"width":1027,"height":693,"url":"https:\/\/velarogverkfaeri.is\/wp-content\/uploads\/2024\/01\/1b5af0e4-c1fe-4526-9f4b-90af1f0ea9be.jpeg","type":"image\/jpeg"}],"twitter_card":"summary_large_image","twitter_misc":{"Est. reading time":"1 minute"},"schema":{"@context":"https:\/\/schema.org","@graph":[{"@type":"WebPage","@id":"https:\/\/velarogverkfaeri.is\/lykillausnir\/utivistarvorur\/hofudljos\/product\/fenix-hofudljos-hp30r-v2-0-hledslu-hamark-3000-lumens-7-2023\/","url":"https:\/\/velarogverkfaeri.is\/lykillausnir\/utivistarvorur\/hofudljos\/product\/fenix-hofudljos-hp30r-v2-0-hledslu-hamark-3000-lumens-7-2023\/","name":"FENIX H\u00f6fu\u00f0lj\u00f3s Hle\u00f0slu, h\u00e1mark 3000 Lumens - V\u00e9lar &amp; Verkf\u00e6ri","isPartOf":{"@id":"https:\/\/velarogverkfaeri.is\/en\/#website"},"primaryImageOfPage":{"@id":"https:\/\/velarogverkfaeri.is\/lykillausnir\/utivistarvorur\/hofudljos\/product\/fenix-hofudljos-hp30r-v2-0-hledslu-hamark-3000-lumens-7-2023\/#primaryimage"},"image":{"@id":"https:\/\/velarogverkfaeri.is\/lykillausnir\/utivistarvorur\/hofudljos\/product\/fenix-hofudljos-hp30r-v2-0-hledslu-hamark-3000-lumens-7-2023\/#primaryimage"},"thumbnailUrl":"https:\/\/velarogverkfaeri.is\/wp-content\/uploads\/2024\/01\/1b5af0e4-c1fe-4526-9f4b-90af1f0ea9be.jpeg","datePublished":"2023-10-10T11:09:41+00:00","dateModified":"2026-02-04T09:31:32+00:00","breadcrumb":{"@id":"https:\/\/velarogverkfaeri.is\/lykillausnir\/utivistarvorur\/hofudljos\/product\/fenix-hofudljos-hp30r-v2-0-hledslu-hamark-3000-lumens-7-2023\/#breadcrumb"},"inLanguage":"en-US","potentialAction":[{"@type":"ReadAction","target":["https:\/\/velarogverkfaeri.is\/lykillausnir\/utivistarvorur\/hofudljos\/product\/fenix-hofudljos-hp30r-v2-0-hledslu-hamark-3000-lumens-7-2023\/"]}]},{"@type":"ImageObject","inLanguage":"en-US","@id":"https:\/\/velarogverkfaeri.is\/lykillausnir\/utivistarvorur\/hofudljos\/product\/fenix-hofudljos-hp30r-v2-0-hledslu-hamark-3000-lumens-7-2023\/#primaryimage","url":"https:\/\/velarogverkfaeri.is\/wp-content\/uploads\/2024\/01\/1b5af0e4-c1fe-4526-9f4b-90af1f0ea9be.jpeg","contentUrl":"https:\/\/velarogverkfaeri.is\/wp-content\/uploads\/2024\/01\/1b5af0e4-c1fe-4526-9f4b-90af1f0ea9be.jpeg","width":1027,"height":693},{"@type":"BreadcrumbList","@id":"https:\/\/velarogverkfaeri.is\/lykillausnir\/utivistarvorur\/hofudljos\/product\/fenix-hofudljos-hp30r-v2-0-hledslu-hamark-3000-lumens-7-2023\/#breadcrumb","itemListElement":[{"@type":"ListItem","position":1,"name":"Home","item":"https:\/\/velarogverkfaeri.is\/"},{"@type":"ListItem","position":2,"name":"Vefverslun","item":"https:\/\/velarogverkfaeri.is\/vefverslun\/"},{"@type":"ListItem","position":3,"name":"FENIX H\u00f6fu\u00f0lj\u00f3s Hle\u00f0slu, h\u00e1mark 3000 Lumens"}]},{"@type":"WebSite","@id":"https:\/\/velarogverkfaeri.is\/en\/#website","url":"https:\/\/velarogverkfaeri.is\/en\/","name":"V\u00e9lar & Verkf\u00e6ri","description":"Umbo\u00f0s- og heildverslun fr\u00e1 \u00e1rinu 1919","publisher":{"@id":"https:\/\/velarogverkfaeri.is\/en\/#organization"},"potentialAction":[{"@type":"SearchAction","target":{"@type":"EntryPoint","urlTemplate":"https:\/\/velarogverkfaeri.is\/en\/?s={search_term_string}"},"query-input":{"@type":"PropertyValueSpecification","valueRequired":true,"valueName":"search_term_string"}}],"inLanguage":"en-US"},{"@type":"Organization","@id":"https:\/\/velarogverkfaeri.is\/en\/#organization","name":"V\u00e9lar & Verkf\u00e6ri","url":"https:\/\/velarogverkfaeri.is\/en\/","logo":{"@type":"ImageObject","inLanguage":"en-US","@id":"https:\/\/velarogverkfaeri.is\/en\/#\/schema\/logo\/image\/","url":"https:\/\/velarogverkfaeri.is\/wp-content\/uploads\/2021\/10\/vv_logo_350x100.png","contentUrl":"https:\/\/velarogverkfaeri.is\/wp-content\/uploads\/2021\/10\/vv_logo_350x100.png","width":350,"height":100,"caption":"V\u00e9lar & Verkf\u00e6ri"},"image":{"@id":"https:\/\/velarogverkfaeri.is\/en\/#\/schema\/logo\/image\/"},"sameAs":["https:\/\/www.facebook.com\/VelarOgVerkfaeri"]}]}},"_links":{"self":[{"href":"https:\/\/velarogverkfaeri.is\/en\/wp-json\/wp\/v2\/product\/50961","targetHints":{"allow":["GET"]}}],"collection":[{"href":"https:\/\/velarogverkfaeri.is\/en\/wp-json\/wp\/v2\/product"}],"about":[{"href":"https:\/\/velarogverkfaeri.is\/en\/wp-json\/wp\/v2\/types\/product"}],"replies":[{"embeddable":true,"href":"https:\/\/velarogverkfaeri.is\/en\/wp-json\/wp\/v2\/comments?post=50961"}],"wp:featuredmedia":[{"embeddable":true,"href":"https:\/\/velarogverkfaeri.is\/en\/wp-json\/wp\/v2\/media\/56654"}],"wp:attachment":[{"href":"https:\/\/velarogverkfaeri.is\/en\/wp-json\/wp\/v2\/media?parent=50961"}],"wp:term":[{"taxonomy":"product_brand","embeddable":true,"href":"https:\/\/velarogverkfaeri.is\/en\/wp-json\/wp\/v2\/product_brand?post=50961"},{"taxonomy":"product_cat","embeddable":true,"href":"https:\/\/velarogverkfaeri.is\/en\/wp-json\/wp\/v2\/product_cat?post=50961"},{"taxonomy":"product_tag","embeddable":true,"href":"https:\/\/velarogverkfaeri.is\/en\/wp-json\/wp\/v2\/product_tag?post=50961"}],"curies":[{"name":"wp","href":"https:\/\/api.w.org\/{rel}","templated":true}]}}