{"id":50671,"date":"2023-10-10T11:10:10","date_gmt":"2023-10-10T11:10:10","guid":{"rendered":"https:\/\/vv-dev.webdev.is\/?post_type=product&#038;p=50671"},"modified":"2026-04-08T06:31:21","modified_gmt":"2026-04-08T06:31:21","slug":"tedee-snjalllas-pro-hvitur","status":"publish","type":"product","link":"https:\/\/velarogverkfaeri.is\/en\/lykillausnir\/snjallheimili\/laesingar\/product\/tedee-snjalllas-pro-hvitur\/","title":{"rendered":"TEDEE snjalll\u00e1s PRO Silfur"},"content":{"rendered":"<div>Tedee PRO l\u00e6singin gerir hur\u00f0ina \u00fe\u00edna snjalla: \u00feetta er st\u00edlhrein l\u00e6singarb\u00fana\u00f0ur sem eykur dagleg \u00fe\u00e6gindi.<\/div>\n<div><\/div>\n<div>&#8211; \u00ddttu \u00e1 l\u00e1sinn til a\u00f0 opna hur\u00f0ina og fara. Tedee PRO \u00feinn l\u00e6sist sj\u00e1lfkrafa.<\/div>\n<div><\/div>\n<div>&#8211; \u00deegar \u00fe\u00fa kemur aftur skaltu opna hur\u00f0ina me\u00f0 snjalls\u00edma e\u00f0a Apple Watch appinu. \u00de\u00fa getur l\u00edka virkja\u00f0 sj\u00e1lfvirka opnun \u00feegar \u00fea\u00f0 finnur \u00feig innan Bluetooth-f\u00e6ri.<\/div>\n<div><\/div>\n<div>&#8211; Dragfj\u00f6\u00f0runara\u00f0ger\u00f0 Tedee PRO getur virka\u00f0 eins og a\u00f0 \u00fdta \u00e1 handfang, sem gerir \u00fe\u00e9r kleift a\u00f0 fara inn handfrj\u00e1ls, einfaldlega me\u00f0 \u00fev\u00ed a\u00f0 \u00fdta hur\u00f0inni inn.<\/div>\n<div><\/div>\n<div>Engin \u00fe\u00f6rf \u00e1 a\u00f0 b\u00faa til aukalykla! Tedee PRO l\u00e1sinn gerir \u00fe\u00e9r kleift a\u00f0 veita vinum, fj\u00f6lskyldu, r\u00e6stinga\u00fej\u00f3nustu e\u00f0a leigjendum a\u00f0gang a\u00f0 heimili \u00fe\u00ednu. A\u00f0gangsstigsstj\u00f3rnun gerir kleift a\u00f0 deila \u201estafr\u00e6num lyklum\u201c varanlega, reglulega e\u00f0a a\u00f0eins einu sinni.<\/div>\n<div><\/div>\n<div>Tedee appi\u00f0 tengist ofur\u00f6ruggu sk\u00fdjabundnu au\u00f0kenningarkerfi. Saga allrar l\u00e1snotkunar er tilt\u00e6k til a\u00f0 fletta \u00e1 snjalls\u00edmanum \u00fe\u00ednum.<\/div>\n<div><\/div>\n<div>B\u00e6ttu vi\u00f0 tedee snjallbr\u00fa til a\u00f0 virkja h\u00e1\u00fer\u00f3a\u00f0a eiginleika fjarst\u00fdrt, aukna sj\u00e1lfvirka opnun og samh\u00e6fni vi\u00f0 radda\u00f0sto\u00f0armenn og sj\u00e1lfvirknikerfi heima.<\/div>\n<div><\/div>\n<div>Deildu stafr\u00e6num lyklum<\/div>\n<div>Nota\u00f0u appi\u00f0 til a\u00f0 deila a\u00f0gangi a\u00f0 l\u00e6singunni \u00feinni \u00e1 au\u00f0veldan h\u00e1tt, me\u00f0 varanlegum, t\u00edmabundnum e\u00f0a einskiptislyklum. \u00de\u00fa munt aldrei \u00feurfa a\u00f0 leika e\u00f0a afrita lykla aftur.<\/div>\n<div><\/div>\n<div>Fjarst\u00fdr\u00f0u hur\u00f0inni \u00feinni<\/div>\n<div>L\u00e6stu og opna\u00f0u, hvar sem \u00fe\u00fa ert. Hleyptu gestum \u00fe\u00ednum inn \u00e1\u00f0ur en \u00fe\u00fa kemur e\u00f0a opna\u00f0u hur\u00f0ina fyrir sendanda \u00e1 me\u00f0an \u00fe\u00fa ert \u00ed vinnunni.<\/div>\n<div><\/div>\n<div>Stj\u00f3rna\u00f0u l\u00e6singunni me\u00f0 snjalls\u00edmanum \u00fe\u00ednum e\u00f0a Apple Watch<\/div>\n<div>Ertu a\u00f0 leita a\u00f0 lyklunum \u00fe\u00ednum? \u00dea\u00f0 er vi\u00f0brag\u00f0 fort\u00ed\u00f0ar! Settu upp tedee PRO l\u00e1sinn, para\u00f0u hann vi\u00f0 appi\u00f0 og opna\u00f0u hur\u00f0ina \u00fe\u00edna me\u00f0 einum smelli \u00e1 snjalls\u00edmann \u00feinn e\u00f0a Apple Watch.<\/div>\n<div><\/div>\n<div>Sko\u00f0a\u00f0u s\u00f6guna<\/div>\n<div>\u00de\u00fa getur alltaf athuga\u00f0 af hverjum og hven\u00e6r l\u00e1sinn \u00e1 h\u00fasinu \u00fe\u00ednu e\u00f0a skrifstofunni var nota\u00f0ur.<\/div>\n<div><\/div>\n<div>Rafhl\u00f6\u00f0uending allt a\u00f0 14 m\u00e1nu\u00f0ir<\/div>\n<div>Me\u00f0 8x notkun \u00e1 dag af l\u00e6singunni endist lit\u00edum fj\u00f6lli\u00f0a rafhla\u00f0an \u00ed allt a\u00f0 14 m\u00e1nu\u00f0i \u00e1 einni hle\u00f0slu.<\/div>\n<div><\/div>\n<div>ATH: \u00deessi vara krefst l\u00e1sh\u00f3lks e\u00f0a samh\u00e6fs millistykkis &#8211; fylgir ekki me\u00f0.<\/div>\n<div><\/div>\n<div>\n<div><b>EIGINLEIKAR<\/b>:<\/div>\n<div>-Rafhl\u00f6\u00f0ukn\u00fainn v\u00e9lb\u00fana\u00f0ur, festur inni \u00ed hur\u00f0inni \u00feinni.<\/div>\n<div>-Sj\u00e1lfr\u00e6\u00f0i \u00ed allt a\u00f0 14 m\u00e1nu\u00f0i, me\u00f0 8x notkun \u00e1 dag.<\/div>\n<div>-L\u00e6sa og opna me\u00f0 hnappi e\u00f0a smelli \u00ed forritinu.<\/div>\n<div>-Tengist vi\u00f0 tedee Bridge fyrir fjarvirkni og sam\u00fe\u00e6ttingu vi\u00f0 sj\u00e1lfvirknikerfi heima.<\/div>\n<div>-Krefst s\u00e9rstakrar strokka e\u00f0a millistykki, allt eftir tegund l\u00e1s.<\/div>\n<div>-Samh\u00e6ft vi\u00f0 Fibaro, eedomus, Jeedom, Home Assistant, &#8230; sj\u00e1lfvirknikerfi heima me\u00f0 notkun tedee br\u00faarinnar<\/div>\n<div><\/div>\n<div>Ger\u00f0: TLV1.0<\/div>\n<div>\u00deyngd: 196g<\/div>\n<div>M\u00e1l: \u00d8 45mm x 55mm<\/div>\n<div>Notkunarhiti: 10-40\u00b0C (a\u00f0eins innandyra)<\/div>\n<div>Raki \u00ed rekstri: h\u00e1mark. 65%<\/div>\n<div>Framlei\u00f0sluland: P\u00f3lland, ESB<\/div>\n<div>Aflgjafi: 3000 mAh LiPo rafhla\u00f0a<\/div>\n<div>Rafhl\u00f6\u00f0uending: Allt a\u00f0 14 m\u00e1nu\u00f0ir \u00e1 einni hle\u00f0slu, me\u00f0 allt a\u00f0 8x notkun \u00e1 dag.<\/div>\n<div>Aflgjafi: Micro USB. Kassanum fylgir s\u00e9rstakur sn\u00faru me\u00f0 segulstungu.<\/div>\n<div>\u00d6ryggi: TLS 1.3<\/div>\n<\/div>\n<div><\/div>","protected":false},"excerpt":{"rendered":"<p>Opna\u00f0u hur\u00f0ina \u00fe\u00edna me\u00f0 snjalls\u00edma e\u00f0a snjallheimakerfi. Framt\u00ed\u00f0in er n\u00fana og h\u00fan er lyklalaus.<\/p>","protected":false},"featured_media":60495,"comment_status":"closed","ping_status":"closed","template":"","meta":[],"product_brand":[],"product_cat":[579,861,517,607,853],"product_tag":[1144],"class_list":{"0":"post-50671","1":"product","2":"type-product","3":"status-publish","4":"has-post-thumbnail","6":"product_cat-adgangskerfi","7":"product_cat-laesingar","8":"product_cat-lykillausnir","9":"product_cat-snjalllasar-adgangskerfi","10":"product_cat-snjallheimili","11":"product_tag-snjallvorudagar","13":"first","14":"instock","15":"sale","16":"taxable","17":"shipping-taxable","18":"purchasable","19":"product-type-simple"},"yoast_head":"<!-- This site is optimized with the Yoast SEO plugin v27.3 - https:\/\/yoast.com\/product\/yoast-seo-wordpress\/ -->\n<title>TEDEE snjalll\u00e1s PRO Silfur - V\u00e9lar &amp; Verkf\u00e6ri<\/title>\n<meta name=\"robots\" content=\"index, follow, max-snippet:-1, max-image-preview:large, max-video-preview:-1\" \/>\n<link rel=\"canonical\" href=\"https:\/\/velarogverkfaeri.is\/en\/lykillausnir\/snjallheimili\/laesingar\/product\/tedee-snjalllas-pro-hvitur\/\" \/>\n<meta property=\"og:locale\" content=\"en_US\" \/>\n<meta property=\"og:type\" content=\"article\" \/>\n<meta property=\"og:title\" content=\"TEDEE snjalll\u00e1s PRO Silfur - V\u00e9lar &amp; Verkf\u00e6ri\" \/>\n<meta property=\"og:description\" content=\"Opna\u00f0u hur\u00f0ina \u00fe\u00edna me\u00f0 snjalls\u00edma e\u00f0a snjallheimakerfi. Framt\u00ed\u00f0in er n\u00fana og h\u00fan er lyklalaus.\" \/>\n<meta property=\"og:url\" content=\"https:\/\/velarogverkfaeri.is\/en\/lykillausnir\/snjallheimili\/laesingar\/product\/tedee-snjalllas-pro-hvitur\/\" \/>\n<meta property=\"og:site_name\" content=\"V\u00e9lar &amp; Verkf\u00e6ri\" \/>\n<meta property=\"article:publisher\" content=\"https:\/\/www.facebook.com\/VelarOgVerkfaeri\" \/>\n<meta property=\"article:modified_time\" content=\"2026-04-08T06:31:21+00:00\" \/>\n<meta property=\"og:image\" content=\"https:\/\/velarogverkfaeri.is\/wp-content\/uploads\/2024\/05\/3f085382-f611-4b0e-b570-24b78b43e6d9.jpg\" \/>\n\t<meta property=\"og:image:width\" content=\"800\" \/>\n\t<meta property=\"og:image:height\" content=\"800\" \/>\n\t<meta property=\"og:image:type\" content=\"image\/jpeg\" \/>\n<meta name=\"twitter:card\" content=\"summary_large_image\" \/>\n<meta name=\"twitter:label1\" content=\"Est. reading time\" \/>\n\t<meta name=\"twitter:data1\" content=\"3 minutes\" \/>\n<script type=\"application\/ld+json\" class=\"yoast-schema-graph\">{\"@context\":\"https:\\\/\\\/schema.org\",\"@graph\":[{\"@type\":\"WebPage\",\"@id\":\"https:\\\/\\\/velarogverkfaeri.is\\\/lykillausnir\\\/snjallheimili\\\/laesingar\\\/product\\\/tedee-snjalllas-pro-hvitur\\\/\",\"url\":\"https:\\\/\\\/velarogverkfaeri.is\\\/lykillausnir\\\/snjallheimili\\\/laesingar\\\/product\\\/tedee-snjalllas-pro-hvitur\\\/\",\"name\":\"TEDEE snjalll\u00e1s PRO Silfur - V\u00e9lar &amp; Verkf\u00e6ri\",\"isPartOf\":{\"@id\":\"https:\\\/\\\/velarogverkfaeri.is\\\/en\\\/#website\"},\"primaryImageOfPage\":{\"@id\":\"https:\\\/\\\/velarogverkfaeri.is\\\/lykillausnir\\\/snjallheimili\\\/laesingar\\\/product\\\/tedee-snjalllas-pro-hvitur\\\/#primaryimage\"},\"image\":{\"@id\":\"https:\\\/\\\/velarogverkfaeri.is\\\/lykillausnir\\\/snjallheimili\\\/laesingar\\\/product\\\/tedee-snjalllas-pro-hvitur\\\/#primaryimage\"},\"thumbnailUrl\":\"https:\\\/\\\/velarogverkfaeri.is\\\/wp-content\\\/uploads\\\/2024\\\/05\\\/3f085382-f611-4b0e-b570-24b78b43e6d9.jpg\",\"datePublished\":\"2023-10-10T11:10:10+00:00\",\"dateModified\":\"2026-04-08T06:31:21+00:00\",\"breadcrumb\":{\"@id\":\"https:\\\/\\\/velarogverkfaeri.is\\\/lykillausnir\\\/snjallheimili\\\/laesingar\\\/product\\\/tedee-snjalllas-pro-hvitur\\\/#breadcrumb\"},\"inLanguage\":\"en-US\",\"potentialAction\":[{\"@type\":\"ReadAction\",\"target\":[\"https:\\\/\\\/velarogverkfaeri.is\\\/lykillausnir\\\/snjallheimili\\\/laesingar\\\/product\\\/tedee-snjalllas-pro-hvitur\\\/\"]}]},{\"@type\":\"ImageObject\",\"inLanguage\":\"en-US\",\"@id\":\"https:\\\/\\\/velarogverkfaeri.is\\\/lykillausnir\\\/snjallheimili\\\/laesingar\\\/product\\\/tedee-snjalllas-pro-hvitur\\\/#primaryimage\",\"url\":\"https:\\\/\\\/velarogverkfaeri.is\\\/wp-content\\\/uploads\\\/2024\\\/05\\\/3f085382-f611-4b0e-b570-24b78b43e6d9.jpg\",\"contentUrl\":\"https:\\\/\\\/velarogverkfaeri.is\\\/wp-content\\\/uploads\\\/2024\\\/05\\\/3f085382-f611-4b0e-b570-24b78b43e6d9.jpg\",\"width\":800,\"height\":800},{\"@type\":\"BreadcrumbList\",\"@id\":\"https:\\\/\\\/velarogverkfaeri.is\\\/lykillausnir\\\/snjallheimili\\\/laesingar\\\/product\\\/tedee-snjalllas-pro-hvitur\\\/#breadcrumb\",\"itemListElement\":[{\"@type\":\"ListItem\",\"position\":1,\"name\":\"Home\",\"item\":\"https:\\\/\\\/velarogverkfaeri.is\\\/\"},{\"@type\":\"ListItem\",\"position\":2,\"name\":\"Vefverslun\",\"item\":\"https:\\\/\\\/velarogverkfaeri.is\\\/vefverslun\\\/\"},{\"@type\":\"ListItem\",\"position\":3,\"name\":\"TEDEE snjalll\u00e1s PRO Silfur\"}]},{\"@type\":\"WebSite\",\"@id\":\"https:\\\/\\\/velarogverkfaeri.is\\\/en\\\/#website\",\"url\":\"https:\\\/\\\/velarogverkfaeri.is\\\/en\\\/\",\"name\":\"V\u00e9lar & Verkf\u00e6ri\",\"description\":\"Umbo\u00f0s- og heildverslun fr\u00e1 \u00e1rinu 1919\",\"publisher\":{\"@id\":\"https:\\\/\\\/velarogverkfaeri.is\\\/en\\\/#organization\"},\"potentialAction\":[{\"@type\":\"SearchAction\",\"target\":{\"@type\":\"EntryPoint\",\"urlTemplate\":\"https:\\\/\\\/velarogverkfaeri.is\\\/en\\\/?s={search_term_string}\"},\"query-input\":{\"@type\":\"PropertyValueSpecification\",\"valueRequired\":true,\"valueName\":\"search_term_string\"}}],\"inLanguage\":\"en-US\"},{\"@type\":\"Organization\",\"@id\":\"https:\\\/\\\/velarogverkfaeri.is\\\/en\\\/#organization\",\"name\":\"V\u00e9lar & Verkf\u00e6ri\",\"url\":\"https:\\\/\\\/velarogverkfaeri.is\\\/en\\\/\",\"logo\":{\"@type\":\"ImageObject\",\"inLanguage\":\"en-US\",\"@id\":\"https:\\\/\\\/velarogverkfaeri.is\\\/en\\\/#\\\/schema\\\/logo\\\/image\\\/\",\"url\":\"https:\\\/\\\/velarogverkfaeri.is\\\/wp-content\\\/uploads\\\/2021\\\/10\\\/vv_logo_350x100.png\",\"contentUrl\":\"https:\\\/\\\/velarogverkfaeri.is\\\/wp-content\\\/uploads\\\/2021\\\/10\\\/vv_logo_350x100.png\",\"width\":350,\"height\":100,\"caption\":\"V\u00e9lar & Verkf\u00e6ri\"},\"image\":{\"@id\":\"https:\\\/\\\/velarogverkfaeri.is\\\/en\\\/#\\\/schema\\\/logo\\\/image\\\/\"},\"sameAs\":[\"https:\\\/\\\/www.facebook.com\\\/VelarOgVerkfaeri\"]}]}<\/script>\n<!-- \/ Yoast SEO plugin. -->","yoast_head_json":{"title":"TEDEE snjalll\u00e1s PRO Silfur - V\u00e9lar &amp; Verkf\u00e6ri","robots":{"index":"index","follow":"follow","max-snippet":"max-snippet:-1","max-image-preview":"max-image-preview:large","max-video-preview":"max-video-preview:-1"},"canonical":"https:\/\/velarogverkfaeri.is\/en\/lykillausnir\/snjallheimili\/laesingar\/product\/tedee-snjalllas-pro-hvitur\/","og_locale":"en_US","og_type":"article","og_title":"TEDEE snjalll\u00e1s PRO Silfur - V\u00e9lar &amp; Verkf\u00e6ri","og_description":"Opna\u00f0u hur\u00f0ina \u00fe\u00edna me\u00f0 snjalls\u00edma e\u00f0a snjallheimakerfi. Framt\u00ed\u00f0in er n\u00fana og h\u00fan er lyklalaus.","og_url":"https:\/\/velarogverkfaeri.is\/en\/lykillausnir\/snjallheimili\/laesingar\/product\/tedee-snjalllas-pro-hvitur\/","og_site_name":"V\u00e9lar &amp; Verkf\u00e6ri","article_publisher":"https:\/\/www.facebook.com\/VelarOgVerkfaeri","article_modified_time":"2026-04-08T06:31:21+00:00","og_image":[{"width":800,"height":800,"url":"https:\/\/velarogverkfaeri.is\/wp-content\/uploads\/2024\/05\/3f085382-f611-4b0e-b570-24b78b43e6d9.jpg","type":"image\/jpeg"}],"twitter_card":"summary_large_image","twitter_misc":{"Est. reading time":"3 minutes"},"schema":{"@context":"https:\/\/schema.org","@graph":[{"@type":"WebPage","@id":"https:\/\/velarogverkfaeri.is\/lykillausnir\/snjallheimili\/laesingar\/product\/tedee-snjalllas-pro-hvitur\/","url":"https:\/\/velarogverkfaeri.is\/lykillausnir\/snjallheimili\/laesingar\/product\/tedee-snjalllas-pro-hvitur\/","name":"TEDEE snjalll\u00e1s PRO Silfur - V\u00e9lar &amp; Verkf\u00e6ri","isPartOf":{"@id":"https:\/\/velarogverkfaeri.is\/en\/#website"},"primaryImageOfPage":{"@id":"https:\/\/velarogverkfaeri.is\/lykillausnir\/snjallheimili\/laesingar\/product\/tedee-snjalllas-pro-hvitur\/#primaryimage"},"image":{"@id":"https:\/\/velarogverkfaeri.is\/lykillausnir\/snjallheimili\/laesingar\/product\/tedee-snjalllas-pro-hvitur\/#primaryimage"},"thumbnailUrl":"https:\/\/velarogverkfaeri.is\/wp-content\/uploads\/2024\/05\/3f085382-f611-4b0e-b570-24b78b43e6d9.jpg","datePublished":"2023-10-10T11:10:10+00:00","dateModified":"2026-04-08T06:31:21+00:00","breadcrumb":{"@id":"https:\/\/velarogverkfaeri.is\/lykillausnir\/snjallheimili\/laesingar\/product\/tedee-snjalllas-pro-hvitur\/#breadcrumb"},"inLanguage":"en-US","potentialAction":[{"@type":"ReadAction","target":["https:\/\/velarogverkfaeri.is\/lykillausnir\/snjallheimili\/laesingar\/product\/tedee-snjalllas-pro-hvitur\/"]}]},{"@type":"ImageObject","inLanguage":"en-US","@id":"https:\/\/velarogverkfaeri.is\/lykillausnir\/snjallheimili\/laesingar\/product\/tedee-snjalllas-pro-hvitur\/#primaryimage","url":"https:\/\/velarogverkfaeri.is\/wp-content\/uploads\/2024\/05\/3f085382-f611-4b0e-b570-24b78b43e6d9.jpg","contentUrl":"https:\/\/velarogverkfaeri.is\/wp-content\/uploads\/2024\/05\/3f085382-f611-4b0e-b570-24b78b43e6d9.jpg","width":800,"height":800},{"@type":"BreadcrumbList","@id":"https:\/\/velarogverkfaeri.is\/lykillausnir\/snjallheimili\/laesingar\/product\/tedee-snjalllas-pro-hvitur\/#breadcrumb","itemListElement":[{"@type":"ListItem","position":1,"name":"Home","item":"https:\/\/velarogverkfaeri.is\/"},{"@type":"ListItem","position":2,"name":"Vefverslun","item":"https:\/\/velarogverkfaeri.is\/vefverslun\/"},{"@type":"ListItem","position":3,"name":"TEDEE snjalll\u00e1s PRO Silfur"}]},{"@type":"WebSite","@id":"https:\/\/velarogverkfaeri.is\/en\/#website","url":"https:\/\/velarogverkfaeri.is\/en\/","name":"V\u00e9lar & Verkf\u00e6ri","description":"Umbo\u00f0s- og heildverslun fr\u00e1 \u00e1rinu 1919","publisher":{"@id":"https:\/\/velarogverkfaeri.is\/en\/#organization"},"potentialAction":[{"@type":"SearchAction","target":{"@type":"EntryPoint","urlTemplate":"https:\/\/velarogverkfaeri.is\/en\/?s={search_term_string}"},"query-input":{"@type":"PropertyValueSpecification","valueRequired":true,"valueName":"search_term_string"}}],"inLanguage":"en-US"},{"@type":"Organization","@id":"https:\/\/velarogverkfaeri.is\/en\/#organization","name":"V\u00e9lar & Verkf\u00e6ri","url":"https:\/\/velarogverkfaeri.is\/en\/","logo":{"@type":"ImageObject","inLanguage":"en-US","@id":"https:\/\/velarogverkfaeri.is\/en\/#\/schema\/logo\/image\/","url":"https:\/\/velarogverkfaeri.is\/wp-content\/uploads\/2021\/10\/vv_logo_350x100.png","contentUrl":"https:\/\/velarogverkfaeri.is\/wp-content\/uploads\/2021\/10\/vv_logo_350x100.png","width":350,"height":100,"caption":"V\u00e9lar & Verkf\u00e6ri"},"image":{"@id":"https:\/\/velarogverkfaeri.is\/en\/#\/schema\/logo\/image\/"},"sameAs":["https:\/\/www.facebook.com\/VelarOgVerkfaeri"]}]}},"_links":{"self":[{"href":"https:\/\/velarogverkfaeri.is\/en\/wp-json\/wp\/v2\/product\/50671","targetHints":{"allow":["GET"]}}],"collection":[{"href":"https:\/\/velarogverkfaeri.is\/en\/wp-json\/wp\/v2\/product"}],"about":[{"href":"https:\/\/velarogverkfaeri.is\/en\/wp-json\/wp\/v2\/types\/product"}],"replies":[{"embeddable":true,"href":"https:\/\/velarogverkfaeri.is\/en\/wp-json\/wp\/v2\/comments?post=50671"}],"wp:featuredmedia":[{"embeddable":true,"href":"https:\/\/velarogverkfaeri.is\/en\/wp-json\/wp\/v2\/media\/60495"}],"wp:attachment":[{"href":"https:\/\/velarogverkfaeri.is\/en\/wp-json\/wp\/v2\/media?parent=50671"}],"wp:term":[{"taxonomy":"product_brand","embeddable":true,"href":"https:\/\/velarogverkfaeri.is\/en\/wp-json\/wp\/v2\/product_brand?post=50671"},{"taxonomy":"product_cat","embeddable":true,"href":"https:\/\/velarogverkfaeri.is\/en\/wp-json\/wp\/v2\/product_cat?post=50671"},{"taxonomy":"product_tag","embeddable":true,"href":"https:\/\/velarogverkfaeri.is\/en\/wp-json\/wp\/v2\/product_tag?post=50671"}],"curies":[{"name":"wp","href":"https:\/\/api.w.org\/{rel}","templated":true}]}}