{"id":50668,"date":"2023-10-10T11:10:10","date_gmt":"2023-10-10T11:10:10","guid":{"rendered":"https:\/\/vv-dev.webdev.is\/?post_type=product&#038;p=50668"},"modified":"2025-09-10T14:30:36","modified_gmt":"2025-09-10T14:30:36","slug":"tedee-snjalllas-go-hvitur","status":"publish","type":"product","link":"https:\/\/velarogverkfaeri.is\/en\/lykillausnir\/snjallheimili\/laesingar\/product\/tedee-snjalllas-go-hvitur\/","title":{"rendered":"TEDEE snjalll\u00e1s GO"},"content":{"rendered":"<p>Hef\u00f0bundnir lyklar heyra fort\u00ed\u00f0inni til. Me\u00f0 tedee GO snjalll\u00e1snum getur\u00f0u opna\u00f0 hur\u00f0ina \u00fe\u00edna me\u00f0 snjalls\u00edmanum e\u00f0a snjall\u00farinu. \u00deessi n\u00fdst\u00e1rlega lausn fyrir \u00fearfir 21. aldar sameinar \u00f6ryggi og \u00fe\u00e6gindi.<\/p>\n<p>Einf\u00f6ld UPPSETNING &#8211; tedee GO uppsetningin er flj\u00f3tleg og au\u00f0veld. Festist au\u00f0veldlega \u00e1 n\u00faverandi strokk innan fr\u00e1 og gerir \u00fe\u00e9r kleift a\u00f0 var\u00f0veita upprunalegu lyklana \u00fe\u00edna. Me\u00f0 einfaldri stillingu og a\u00f0eins \u00feremur skr\u00fafum f\u00e6r\u00f0u \u00fea\u00f0 upp \u00e1 sk\u00f6mmum t\u00edma. Athugi\u00f0: tedee GO er samh\u00e6ft vi\u00f0 evr\u00f3pska strokka og krefst tv\u00f6faldrar k\u00faplingar e\u00f0a ney\u00f0ara\u00f0ger\u00f0ar til a\u00f0 starfa \u00e1 \u00f6ruggan h\u00e1tt.<\/p>\n<p><b>A\u00f0gangur a\u00f0 deila<\/b>: Snjalll\u00e1snum er stj\u00f3rna\u00f0 \u00ed gegnum Tedee appi\u00f0, au\u00f0velt \u00ed notkun. \u00dea\u00f0 gerir \u00fe\u00e9r kleift a\u00f0 stj\u00f3rna og stj\u00f3rna a\u00f0gangi a\u00f0 heimili \u00fe\u00ednu, fyrirt\u00e6ki e\u00f0a leiguh\u00fasn\u00e6\u00f0i \u00e1 au\u00f0veldan h\u00e1tt. \u00cd gegnum appi\u00f0 getur\u00f0u samstundis deilt s\u00fdndarlyklum me\u00f0 fj\u00f6lskyldu \u00feinni, vinum e\u00f0a starfsm\u00f6nnum!<\/p>\n<p><b>\u00d6ryggisst\u00fdring<\/b>: tedee GO getur or\u00f0i\u00f0 pers\u00f3nulegur m\u00f3ttakari \u00feinn. Stilltu einfaldlega tedee GO \u00ed appinu \u00feannig a\u00f0 hann l\u00e6sist sj\u00e1lfkrafa \u00feegar \u00fe\u00fa fer\u00f0 e\u00f0a kemur heim. Nj\u00f3ttu \u00feeirrar \u00e1n\u00e6gju a\u00f0 koma heim me\u00f0 hur\u00f0ina opna. Athafnaskr\u00e1in mun halda \u00fe\u00e9r uppf\u00e6r\u00f0um me\u00f0 f\u00f3lk sem fer inn og yfirgefur eign \u00fe\u00edna.<\/p>\n<p><b>\u00de\u00e6gileg notkun<\/b>: Auktu \u00fe\u00e6gindin me\u00f0 \u00fev\u00ed a\u00f0 b\u00e6ta vi\u00f0 tedee lyklabor\u00f0inu fyrir PIN-opnun og tedee snjallbr\u00fa fyrir fjarst\u00fdringu og sam\u00fe\u00e6ttingu vi\u00f0 yfir 15 snjallheimakerfi. Sko\u00f0a\u00f0u alla eiginleika sem til eru \u00ed tedee appinu og einfalda\u00f0u l\u00edf \u00feitt \u00e1 margan h\u00e1tt!<\/p>","protected":false},"excerpt":{"rendered":"<p><span style=\"color: rgb(0, 0, 0);\">Me\u00f0 tedee GO snjalll\u00e1snum getur\u00f0u opna\u00f0 hur\u00f0ina \u00fe\u00edna me\u00f0 snjalls\u00edmanum e\u00f0a snjall\u00farinu.<\/span><\/p>\n<p>EINUNGIS 1 STK EFTIR \u00c1 LAGER<\/p>","protected":false},"featured_media":56236,"comment_status":"closed","ping_status":"closed","template":"","meta":[],"product_brand":[],"product_cat":[579,861,517,607,853],"product_tag":[1011],"class_list":{"0":"post-50668","1":"product","2":"type-product","3":"status-publish","4":"has-post-thumbnail","6":"product_cat-adgangskerfi","7":"product_cat-laesingar","8":"product_cat-lykillausnir","9":"product_cat-snjalllasar-adgangskerfi","10":"product_cat-snjallheimili","11":"product_tag-vetur","13":"first","14":"instock","15":"taxable","16":"shipping-taxable","17":"purchasable","18":"product-type-simple"},"yoast_head":"<!-- This site is optimized with the Yoast SEO plugin v27.3 - https:\/\/yoast.com\/product\/yoast-seo-wordpress\/ -->\n<title>TEDEE snjalll\u00e1s GO - V\u00e9lar &amp; Verkf\u00e6ri<\/title>\n<meta name=\"robots\" content=\"index, follow, max-snippet:-1, max-image-preview:large, max-video-preview:-1\" \/>\n<link rel=\"canonical\" href=\"https:\/\/velarogverkfaeri.is\/en\/lykillausnir\/snjallheimili\/laesingar\/product\/tedee-snjalllas-go-hvitur\/\" \/>\n<meta property=\"og:locale\" content=\"en_US\" \/>\n<meta property=\"og:type\" content=\"article\" \/>\n<meta property=\"og:title\" content=\"TEDEE snjalll\u00e1s GO - V\u00e9lar &amp; Verkf\u00e6ri\" \/>\n<meta property=\"og:description\" content=\"Me\u00f0 tedee GO snjalll\u00e1snum getur\u00f0u opna\u00f0 hur\u00f0ina \u00fe\u00edna me\u00f0 snjalls\u00edmanum e\u00f0a snjall\u00farinu.EINUNGIS 1 STK EFTIR \u00c1 LAGER\" \/>\n<meta property=\"og:url\" content=\"https:\/\/velarogverkfaeri.is\/en\/lykillausnir\/snjallheimili\/laesingar\/product\/tedee-snjalllas-go-hvitur\/\" \/>\n<meta property=\"og:site_name\" content=\"V\u00e9lar &amp; Verkf\u00e6ri\" \/>\n<meta property=\"article:publisher\" content=\"https:\/\/www.facebook.com\/VelarOgVerkfaeri\" \/>\n<meta property=\"article:modified_time\" content=\"2025-09-10T14:30:36+00:00\" \/>\n<meta property=\"og:image\" content=\"https:\/\/velarogverkfaeri.is\/wp-content\/uploads\/2023\/12\/b67e793d-c45d-49cb-bae9-ea589b20a4c0.jpg\" \/>\n\t<meta property=\"og:image:width\" content=\"417\" \/>\n\t<meta property=\"og:image:height\" content=\"349\" \/>\n\t<meta property=\"og:image:type\" content=\"image\/jpeg\" \/>\n<meta name=\"twitter:card\" content=\"summary_large_image\" \/>\n<meta name=\"twitter:label1\" content=\"Est. reading time\" \/>\n\t<meta name=\"twitter:data1\" content=\"1 minute\" \/>\n<script type=\"application\/ld+json\" class=\"yoast-schema-graph\">{\"@context\":\"https:\\\/\\\/schema.org\",\"@graph\":[{\"@type\":\"WebPage\",\"@id\":\"https:\\\/\\\/velarogverkfaeri.is\\\/lykillausnir\\\/snjallheimili\\\/laesingar\\\/product\\\/tedee-snjalllas-go-hvitur\\\/\",\"url\":\"https:\\\/\\\/velarogverkfaeri.is\\\/lykillausnir\\\/snjallheimili\\\/laesingar\\\/product\\\/tedee-snjalllas-go-hvitur\\\/\",\"name\":\"TEDEE snjalll\u00e1s GO - V\u00e9lar &amp; Verkf\u00e6ri\",\"isPartOf\":{\"@id\":\"https:\\\/\\\/velarogverkfaeri.is\\\/en\\\/#website\"},\"primaryImageOfPage\":{\"@id\":\"https:\\\/\\\/velarogverkfaeri.is\\\/lykillausnir\\\/snjallheimili\\\/laesingar\\\/product\\\/tedee-snjalllas-go-hvitur\\\/#primaryimage\"},\"image\":{\"@id\":\"https:\\\/\\\/velarogverkfaeri.is\\\/lykillausnir\\\/snjallheimili\\\/laesingar\\\/product\\\/tedee-snjalllas-go-hvitur\\\/#primaryimage\"},\"thumbnailUrl\":\"https:\\\/\\\/velarogverkfaeri.is\\\/wp-content\\\/uploads\\\/2023\\\/12\\\/b67e793d-c45d-49cb-bae9-ea589b20a4c0.jpg\",\"datePublished\":\"2023-10-10T11:10:10+00:00\",\"dateModified\":\"2025-09-10T14:30:36+00:00\",\"breadcrumb\":{\"@id\":\"https:\\\/\\\/velarogverkfaeri.is\\\/lykillausnir\\\/snjallheimili\\\/laesingar\\\/product\\\/tedee-snjalllas-go-hvitur\\\/#breadcrumb\"},\"inLanguage\":\"en-US\",\"potentialAction\":[{\"@type\":\"ReadAction\",\"target\":[\"https:\\\/\\\/velarogverkfaeri.is\\\/lykillausnir\\\/snjallheimili\\\/laesingar\\\/product\\\/tedee-snjalllas-go-hvitur\\\/\"]}]},{\"@type\":\"ImageObject\",\"inLanguage\":\"en-US\",\"@id\":\"https:\\\/\\\/velarogverkfaeri.is\\\/lykillausnir\\\/snjallheimili\\\/laesingar\\\/product\\\/tedee-snjalllas-go-hvitur\\\/#primaryimage\",\"url\":\"https:\\\/\\\/velarogverkfaeri.is\\\/wp-content\\\/uploads\\\/2023\\\/12\\\/b67e793d-c45d-49cb-bae9-ea589b20a4c0.jpg\",\"contentUrl\":\"https:\\\/\\\/velarogverkfaeri.is\\\/wp-content\\\/uploads\\\/2023\\\/12\\\/b67e793d-c45d-49cb-bae9-ea589b20a4c0.jpg\",\"width\":417,\"height\":349},{\"@type\":\"BreadcrumbList\",\"@id\":\"https:\\\/\\\/velarogverkfaeri.is\\\/lykillausnir\\\/snjallheimili\\\/laesingar\\\/product\\\/tedee-snjalllas-go-hvitur\\\/#breadcrumb\",\"itemListElement\":[{\"@type\":\"ListItem\",\"position\":1,\"name\":\"Home\",\"item\":\"https:\\\/\\\/velarogverkfaeri.is\\\/\"},{\"@type\":\"ListItem\",\"position\":2,\"name\":\"Vefverslun\",\"item\":\"https:\\\/\\\/velarogverkfaeri.is\\\/vefverslun\\\/\"},{\"@type\":\"ListItem\",\"position\":3,\"name\":\"TEDEE snjalll\u00e1s GO\"}]},{\"@type\":\"WebSite\",\"@id\":\"https:\\\/\\\/velarogverkfaeri.is\\\/en\\\/#website\",\"url\":\"https:\\\/\\\/velarogverkfaeri.is\\\/en\\\/\",\"name\":\"V\u00e9lar & Verkf\u00e6ri\",\"description\":\"Umbo\u00f0s- og heildverslun fr\u00e1 \u00e1rinu 1919\",\"publisher\":{\"@id\":\"https:\\\/\\\/velarogverkfaeri.is\\\/en\\\/#organization\"},\"potentialAction\":[{\"@type\":\"SearchAction\",\"target\":{\"@type\":\"EntryPoint\",\"urlTemplate\":\"https:\\\/\\\/velarogverkfaeri.is\\\/en\\\/?s={search_term_string}\"},\"query-input\":{\"@type\":\"PropertyValueSpecification\",\"valueRequired\":true,\"valueName\":\"search_term_string\"}}],\"inLanguage\":\"en-US\"},{\"@type\":\"Organization\",\"@id\":\"https:\\\/\\\/velarogverkfaeri.is\\\/en\\\/#organization\",\"name\":\"V\u00e9lar & Verkf\u00e6ri\",\"url\":\"https:\\\/\\\/velarogverkfaeri.is\\\/en\\\/\",\"logo\":{\"@type\":\"ImageObject\",\"inLanguage\":\"en-US\",\"@id\":\"https:\\\/\\\/velarogverkfaeri.is\\\/en\\\/#\\\/schema\\\/logo\\\/image\\\/\",\"url\":\"https:\\\/\\\/velarogverkfaeri.is\\\/wp-content\\\/uploads\\\/2021\\\/10\\\/vv_logo_350x100.png\",\"contentUrl\":\"https:\\\/\\\/velarogverkfaeri.is\\\/wp-content\\\/uploads\\\/2021\\\/10\\\/vv_logo_350x100.png\",\"width\":350,\"height\":100,\"caption\":\"V\u00e9lar & Verkf\u00e6ri\"},\"image\":{\"@id\":\"https:\\\/\\\/velarogverkfaeri.is\\\/en\\\/#\\\/schema\\\/logo\\\/image\\\/\"},\"sameAs\":[\"https:\\\/\\\/www.facebook.com\\\/VelarOgVerkfaeri\"]}]}<\/script>\n<!-- \/ Yoast SEO plugin. -->","yoast_head_json":{"title":"TEDEE snjalll\u00e1s GO - V\u00e9lar &amp; Verkf\u00e6ri","robots":{"index":"index","follow":"follow","max-snippet":"max-snippet:-1","max-image-preview":"max-image-preview:large","max-video-preview":"max-video-preview:-1"},"canonical":"https:\/\/velarogverkfaeri.is\/en\/lykillausnir\/snjallheimili\/laesingar\/product\/tedee-snjalllas-go-hvitur\/","og_locale":"en_US","og_type":"article","og_title":"TEDEE snjalll\u00e1s GO - V\u00e9lar &amp; Verkf\u00e6ri","og_description":"Me\u00f0 tedee GO snjalll\u00e1snum getur\u00f0u opna\u00f0 hur\u00f0ina \u00fe\u00edna me\u00f0 snjalls\u00edmanum e\u00f0a snjall\u00farinu.EINUNGIS 1 STK EFTIR \u00c1 LAGER","og_url":"https:\/\/velarogverkfaeri.is\/en\/lykillausnir\/snjallheimili\/laesingar\/product\/tedee-snjalllas-go-hvitur\/","og_site_name":"V\u00e9lar &amp; Verkf\u00e6ri","article_publisher":"https:\/\/www.facebook.com\/VelarOgVerkfaeri","article_modified_time":"2025-09-10T14:30:36+00:00","og_image":[{"width":417,"height":349,"url":"https:\/\/velarogverkfaeri.is\/wp-content\/uploads\/2023\/12\/b67e793d-c45d-49cb-bae9-ea589b20a4c0.jpg","type":"image\/jpeg"}],"twitter_card":"summary_large_image","twitter_misc":{"Est. reading time":"1 minute"},"schema":{"@context":"https:\/\/schema.org","@graph":[{"@type":"WebPage","@id":"https:\/\/velarogverkfaeri.is\/lykillausnir\/snjallheimili\/laesingar\/product\/tedee-snjalllas-go-hvitur\/","url":"https:\/\/velarogverkfaeri.is\/lykillausnir\/snjallheimili\/laesingar\/product\/tedee-snjalllas-go-hvitur\/","name":"TEDEE snjalll\u00e1s GO - V\u00e9lar &amp; Verkf\u00e6ri","isPartOf":{"@id":"https:\/\/velarogverkfaeri.is\/en\/#website"},"primaryImageOfPage":{"@id":"https:\/\/velarogverkfaeri.is\/lykillausnir\/snjallheimili\/laesingar\/product\/tedee-snjalllas-go-hvitur\/#primaryimage"},"image":{"@id":"https:\/\/velarogverkfaeri.is\/lykillausnir\/snjallheimili\/laesingar\/product\/tedee-snjalllas-go-hvitur\/#primaryimage"},"thumbnailUrl":"https:\/\/velarogverkfaeri.is\/wp-content\/uploads\/2023\/12\/b67e793d-c45d-49cb-bae9-ea589b20a4c0.jpg","datePublished":"2023-10-10T11:10:10+00:00","dateModified":"2025-09-10T14:30:36+00:00","breadcrumb":{"@id":"https:\/\/velarogverkfaeri.is\/lykillausnir\/snjallheimili\/laesingar\/product\/tedee-snjalllas-go-hvitur\/#breadcrumb"},"inLanguage":"en-US","potentialAction":[{"@type":"ReadAction","target":["https:\/\/velarogverkfaeri.is\/lykillausnir\/snjallheimili\/laesingar\/product\/tedee-snjalllas-go-hvitur\/"]}]},{"@type":"ImageObject","inLanguage":"en-US","@id":"https:\/\/velarogverkfaeri.is\/lykillausnir\/snjallheimili\/laesingar\/product\/tedee-snjalllas-go-hvitur\/#primaryimage","url":"https:\/\/velarogverkfaeri.is\/wp-content\/uploads\/2023\/12\/b67e793d-c45d-49cb-bae9-ea589b20a4c0.jpg","contentUrl":"https:\/\/velarogverkfaeri.is\/wp-content\/uploads\/2023\/12\/b67e793d-c45d-49cb-bae9-ea589b20a4c0.jpg","width":417,"height":349},{"@type":"BreadcrumbList","@id":"https:\/\/velarogverkfaeri.is\/lykillausnir\/snjallheimili\/laesingar\/product\/tedee-snjalllas-go-hvitur\/#breadcrumb","itemListElement":[{"@type":"ListItem","position":1,"name":"Home","item":"https:\/\/velarogverkfaeri.is\/"},{"@type":"ListItem","position":2,"name":"Vefverslun","item":"https:\/\/velarogverkfaeri.is\/vefverslun\/"},{"@type":"ListItem","position":3,"name":"TEDEE snjalll\u00e1s GO"}]},{"@type":"WebSite","@id":"https:\/\/velarogverkfaeri.is\/en\/#website","url":"https:\/\/velarogverkfaeri.is\/en\/","name":"V\u00e9lar & Verkf\u00e6ri","description":"Umbo\u00f0s- og heildverslun fr\u00e1 \u00e1rinu 1919","publisher":{"@id":"https:\/\/velarogverkfaeri.is\/en\/#organization"},"potentialAction":[{"@type":"SearchAction","target":{"@type":"EntryPoint","urlTemplate":"https:\/\/velarogverkfaeri.is\/en\/?s={search_term_string}"},"query-input":{"@type":"PropertyValueSpecification","valueRequired":true,"valueName":"search_term_string"}}],"inLanguage":"en-US"},{"@type":"Organization","@id":"https:\/\/velarogverkfaeri.is\/en\/#organization","name":"V\u00e9lar & Verkf\u00e6ri","url":"https:\/\/velarogverkfaeri.is\/en\/","logo":{"@type":"ImageObject","inLanguage":"en-US","@id":"https:\/\/velarogverkfaeri.is\/en\/#\/schema\/logo\/image\/","url":"https:\/\/velarogverkfaeri.is\/wp-content\/uploads\/2021\/10\/vv_logo_350x100.png","contentUrl":"https:\/\/velarogverkfaeri.is\/wp-content\/uploads\/2021\/10\/vv_logo_350x100.png","width":350,"height":100,"caption":"V\u00e9lar & Verkf\u00e6ri"},"image":{"@id":"https:\/\/velarogverkfaeri.is\/en\/#\/schema\/logo\/image\/"},"sameAs":["https:\/\/www.facebook.com\/VelarOgVerkfaeri"]}]}},"_links":{"self":[{"href":"https:\/\/velarogverkfaeri.is\/en\/wp-json\/wp\/v2\/product\/50668","targetHints":{"allow":["GET"]}}],"collection":[{"href":"https:\/\/velarogverkfaeri.is\/en\/wp-json\/wp\/v2\/product"}],"about":[{"href":"https:\/\/velarogverkfaeri.is\/en\/wp-json\/wp\/v2\/types\/product"}],"replies":[{"embeddable":true,"href":"https:\/\/velarogverkfaeri.is\/en\/wp-json\/wp\/v2\/comments?post=50668"}],"wp:featuredmedia":[{"embeddable":true,"href":"https:\/\/velarogverkfaeri.is\/en\/wp-json\/wp\/v2\/media\/56236"}],"wp:attachment":[{"href":"https:\/\/velarogverkfaeri.is\/en\/wp-json\/wp\/v2\/media?parent=50668"}],"wp:term":[{"taxonomy":"product_brand","embeddable":true,"href":"https:\/\/velarogverkfaeri.is\/en\/wp-json\/wp\/v2\/product_brand?post=50668"},{"taxonomy":"product_cat","embeddable":true,"href":"https:\/\/velarogverkfaeri.is\/en\/wp-json\/wp\/v2\/product_cat?post=50668"},{"taxonomy":"product_tag","embeddable":true,"href":"https:\/\/velarogverkfaeri.is\/en\/wp-json\/wp\/v2\/product_tag?post=50668"}],"curies":[{"name":"wp","href":"https:\/\/api.w.org\/{rel}","templated":true}]}}