{"id":50667,"date":"2023-10-10T11:10:10","date_gmt":"2023-10-10T11:10:10","guid":{"rendered":"https:\/\/vv-dev.webdev.is\/?post_type=product&#038;p=50667"},"modified":"2026-04-11T11:46:03","modified_gmt":"2026-04-11T11:46:03","slug":"tedee-bru-til-ad-tengja-snjalllasa-vid-netid-wifi","status":"publish","type":"product","link":"https:\/\/velarogverkfaeri.is\/en\/lykillausnir\/snjallheimili\/laesingar\/product\/tedee-bru-til-ad-tengja-snjalllasa-vid-netid-wifi\/","title":{"rendered":"TEDEE br\u00fa til a\u00f0 tengja snjalll\u00e1sa vi\u00f0 WiFi"},"content":{"rendered":"<p data-start=\"0\" data-end=\"152\" style=\"margin-bottom: 20px; padding: 0px; border: 0px; vertical-align: baseline; font-variant-numeric: inherit; font-variant-east-asian: inherit; font-variant-alternates: inherit; font-variant-position: inherit; font-variant-emoji: inherit; font-stretch: inherit; line-height: inherit; font-family: Lato, Arial, Helvetica, sans-serif; font-optical-sizing: inherit; font-size-adjust: inherit; font-kerning: inherit; font-feature-settings: inherit; font-variation-settings: inherit; font-language-override: inherit; color: rgb(119, 119, 119);\">Br\u00fain er notu\u00f0 til a\u00f0 tengja Tedee snjalll\u00e1sa og Tedee lyklabor\u00f0 vi\u00f0 neti\u00f0. H\u00fan notar Bluetooth til samskipta vi\u00f0 Tedee t\u00e6kin og tengist sta\u00f0bundnu Wi-Fi neti.<\/p>\n<p data-start=\"543\" data-end=\"664\" style=\"margin-bottom: 20px; padding: 0px; border: 0px; vertical-align: baseline; font-variant-numeric: inherit; font-variant-east-asian: inherit; font-variant-alternates: inherit; font-variant-position: inherit; font-variant-emoji: inherit; font-stretch: inherit; line-height: inherit; font-family: Lato, Arial, Helvetica, sans-serif; font-optical-sizing: inherit; font-size-adjust: inherit; font-kerning: inherit; font-feature-settings: inherit; font-variation-settings: inherit; font-language-override: inherit; color: rgb(119, 119, 119);\"><span data-start=\"543\" data-end=\"555\" style=\"margin: 0px; padding: 0px; border: 0px; vertical-align: baseline; font-style: inherit; font-variant: inherit; font-weight: 600; font-stretch: inherit; line-height: inherit; font-family: inherit; font-optical-sizing: inherit; font-size-adjust: inherit; font-kerning: inherit; font-feature-settings: inherit; font-variation-settings: inherit; font-language-override: inherit;\">Athugi\u00f0:<\/span>&nbsp;\u00deessi pakki inniheldur Tedee Bridge og Type C\/E\/F straumbreytib\u00fana\u00f0.<\/p>\n<p data-start=\"0\" data-end=\"43\" style=\"margin-bottom: 20px; padding: 0px; border: 0px; vertical-align: baseline; font-variant-numeric: inherit; font-variant-east-asian: inherit; font-variant-alternates: inherit; font-variant-position: inherit; font-variant-emoji: inherit; font-stretch: inherit; line-height: inherit; font-family: Lato, Arial, Helvetica, sans-serif; font-optical-sizing: inherit; font-size-adjust: inherit; font-kerning: inherit; font-feature-settings: inherit; font-variation-settings: inherit; font-language-override: inherit; color: rgb(119, 119, 119);\"><span data-start=\"0\" data-end=\"21\" style=\"margin: 0px; padding: 0px; border: 0px; vertical-align: baseline; font-style: inherit; font-variant: inherit; font-weight: 600; font-stretch: inherit; line-height: inherit; font-family: inherit; font-optical-sizing: inherit; font-size-adjust: inherit; font-kerning: inherit; font-feature-settings: inherit; font-variation-settings: inherit; font-language-override: inherit;\">M\u00e1l Tedee Br\u00fa:&nbsp;<\/span>64,5 x 63,5 x 28 mm<\/p>\n<p data-start=\"45\" data-end=\"85\" style=\"margin-bottom: 20px; padding: 0px; border: 0px; vertical-align: baseline; font-variant-numeric: inherit; font-variant-east-asian: inherit; font-variant-alternates: inherit; font-variant-position: inherit; font-variant-emoji: inherit; font-stretch: inherit; line-height: inherit; font-family: Lato, Arial, Helvetica, sans-serif; font-optical-sizing: inherit; font-size-adjust: inherit; font-kerning: inherit; font-feature-settings: inherit; font-variation-settings: inherit; font-language-override: inherit; color: rgb(119, 119, 119);\"><span data-start=\"45\" data-end=\"67\" style=\"margin: 0px; padding: 0px; border: 0px; vertical-align: baseline; font-style: inherit; font-variant: inherit; font-weight: 600; font-stretch: inherit; line-height: inherit; font-family: inherit; font-optical-sizing: inherit; font-size-adjust: inherit; font-kerning: inherit; font-feature-settings: inherit; font-variation-settings: inherit; font-language-override: inherit;\">M\u00e1l straumbreytis:<\/span>38 x 25 x 90 mm<\/p>\n<p data-start=\"87\" data-end=\"146\" style=\"margin-bottom: 20px; padding: 0px; border: 0px; vertical-align: baseline; font-variant-numeric: inherit; font-variant-east-asian: inherit; font-variant-alternates: inherit; font-variant-position: inherit; font-variant-emoji: inherit; font-stretch: inherit; line-height: inherit; font-family: Lato, Arial, Helvetica, sans-serif; font-optical-sizing: inherit; font-size-adjust: inherit; font-kerning: inherit; font-feature-settings: inherit; font-variation-settings: inherit; font-language-override: inherit; color: rgb(119, 119, 119);\"><span data-start=\"87\" data-end=\"104\" style=\"margin: 0px; padding: 0px; border: 0px; vertical-align: baseline; font-style: inherit; font-variant: inherit; font-weight: 600; font-stretch: inherit; line-height: inherit; font-family: inherit; font-optical-sizing: inherit; font-size-adjust: inherit; font-kerning: inherit; font-feature-settings: inherit; font-variation-settings: inherit; font-language-override: inherit;\">Vinnuhitastig:<\/span>10\u201340\u00b0C (a\u00f0eins til notkunar innandyra)<\/p>\n<p data-start=\"148\" data-end=\"185\" style=\"margin-bottom: 20px; padding: 0px; border: 0px; vertical-align: baseline; font-variant-numeric: inherit; font-variant-east-asian: inherit; font-variant-alternates: inherit; font-variant-position: inherit; font-variant-emoji: inherit; font-stretch: inherit; line-height: inherit; font-family: Lato, Arial, Helvetica, sans-serif; font-optical-sizing: inherit; font-size-adjust: inherit; font-kerning: inherit; font-feature-settings: inherit; font-variation-settings: inherit; font-language-override: inherit; color: rgb(119, 119, 119);\"><span data-start=\"148\" data-end=\"172\" style=\"margin: 0px; padding: 0px; border: 0px; vertical-align: baseline; font-style: inherit; font-variant: inherit; font-weight: 600; font-stretch: inherit; line-height: inherit; font-family: inherit; font-optical-sizing: inherit; font-size-adjust: inherit; font-kerning: inherit; font-feature-settings: inherit; font-variation-settings: inherit; font-language-override: inherit;\">Rakastig vi\u00f0 notkun:<\/span>H\u00e1mark 65%<\/p>\n<p data-start=\"187\" data-end=\"218\" style=\"margin-bottom: 20px; padding: 0px; border: 0px; vertical-align: baseline; font-variant-numeric: inherit; font-variant-east-asian: inherit; font-variant-alternates: inherit; font-variant-position: inherit; font-variant-emoji: inherit; font-stretch: inherit; line-height: inherit; font-family: Lato, Arial, Helvetica, sans-serif; font-optical-sizing: inherit; font-size-adjust: inherit; font-kerning: inherit; font-feature-settings: inherit; font-variation-settings: inherit; font-language-override: inherit; color: rgb(119, 119, 119);\"><span data-start=\"187\" data-end=\"205\" style=\"margin: 0px; padding: 0px; border: 0px; vertical-align: baseline; font-style: inherit; font-variant: inherit; font-weight: 600; font-stretch: inherit; line-height: inherit; font-family: inherit; font-optical-sizing: inherit; font-size-adjust: inherit; font-kerning: inherit; font-feature-settings: inherit; font-variation-settings: inherit; font-language-override: inherit;\">Rafmagnsgjafi:<\/span>5V = 300mA<\/p>\n<p data-start=\"220\" data-end=\"250\" style=\"margin-bottom: 20px; padding: 0px; border: 0px; vertical-align: baseline; font-variant-numeric: inherit; font-variant-east-asian: inherit; font-variant-alternates: inherit; font-variant-position: inherit; font-variant-emoji: inherit; font-stretch: inherit; line-height: inherit; font-family: Lato, Arial, Helvetica, sans-serif; font-optical-sizing: inherit; font-size-adjust: inherit; font-kerning: inherit; font-feature-settings: inherit; font-variation-settings: inherit; font-language-override: inherit; color: rgb(119, 119, 119);\"><span data-start=\"220\" data-end=\"240\" style=\"margin: 0px; padding: 0px; border: 0px; vertical-align: baseline; font-style: inherit; font-variant: inherit; font-weight: 600; font-stretch: inherit; line-height: inherit; font-family: inherit; font-optical-sizing: inherit; font-size-adjust: inherit; font-kerning: inherit; font-feature-settings: inherit; font-variation-settings: inherit; font-language-override: inherit;\">Wi-Fi samskipti:<\/span>2,4 GHz<\/p>\n<p data-start=\"252\" data-end=\"294\" style=\"margin-bottom: 20px; padding: 0px; border: 0px; vertical-align: baseline; font-variant-numeric: inherit; font-variant-east-asian: inherit; font-variant-alternates: inherit; font-variant-position: inherit; font-variant-emoji: inherit; font-stretch: inherit; line-height: inherit; font-family: Lato, Arial, Helvetica, sans-serif; font-optical-sizing: inherit; font-size-adjust: inherit; font-kerning: inherit; font-feature-settings: inherit; font-variation-settings: inherit; font-language-override: inherit; color: rgb(119, 119, 119);\"><span data-start=\"252\" data-end=\"276\" style=\"margin: 0px; padding: 0px; border: 0px; vertical-align: baseline; font-style: inherit; font-variant: inherit; font-weight: 600; font-stretch: inherit; line-height: inherit; font-family: inherit; font-optical-sizing: inherit; font-size-adjust: inherit; font-kerning: inherit; font-feature-settings: inherit; font-variation-settings: inherit; font-language-override: inherit;\">Bluetooth samskipti:<\/span>BLE 5.0 2,4 GHz<\/p>\n<p data-start=\"296\" data-end=\"317\" data-is-last-node=\"\" data-is-only-node=\"\" style=\"margin-bottom: 20px; padding: 0px; border: 0px; vertical-align: baseline; font-variant-numeric: inherit; font-variant-east-asian: inherit; font-variant-alternates: inherit; font-variant-position: inherit; font-variant-emoji: inherit; font-stretch: inherit; line-height: inherit; font-family: Lato, Arial, Helvetica, sans-serif; font-optical-sizing: inherit; font-size-adjust: inherit; font-kerning: inherit; font-feature-settings: inherit; font-variation-settings: inherit; font-language-override: inherit; color: rgb(119, 119, 119);\"><span data-start=\"296\" data-end=\"307\" style=\"margin: 0px; padding: 0px; border: 0px; vertical-align: baseline; font-style: inherit; font-variant: inherit; font-weight: 600; font-stretch: inherit; line-height: inherit; font-family: inherit; font-optical-sizing: inherit; font-size-adjust: inherit; font-kerning: inherit; font-feature-settings: inherit; font-variation-settings: inherit; font-language-override: inherit;\">\u00d6ryggi:<\/span>TLS 1.3<\/p>","protected":false},"excerpt":{"rendered":"<p>Br\u00fain er notu\u00f0 til a\u00f0 tengja Tedee t\u00e6ki vi\u00f0 neti\u00f0.<\/p>","protected":false},"featured_media":56238,"comment_status":"closed","ping_status":"closed","template":"","meta":[],"product_brand":[],"product_cat":[579,861,517,607,853],"product_tag":[1144],"class_list":{"0":"post-50667","1":"product","2":"type-product","3":"status-publish","4":"has-post-thumbnail","6":"product_cat-adgangskerfi","7":"product_cat-laesingar","8":"product_cat-lykillausnir","9":"product_cat-snjalllasar-adgangskerfi","10":"product_cat-snjallheimili","11":"product_tag-snjallvorudagar","13":"first","14":"instock","15":"sale","16":"taxable","17":"shipping-taxable","18":"purchasable","19":"product-type-simple"},"yoast_head":"<!-- This site is optimized with the Yoast SEO plugin v27.3 - https:\/\/yoast.com\/product\/yoast-seo-wordpress\/ -->\n<title>TEDEE br\u00fa til a\u00f0 tengja snjalll\u00e1sa vi\u00f0 WiFi - V\u00e9lar &amp; Verkf\u00e6ri<\/title>\n<meta name=\"robots\" content=\"index, follow, max-snippet:-1, max-image-preview:large, max-video-preview:-1\" \/>\n<link rel=\"canonical\" href=\"https:\/\/velarogverkfaeri.is\/en\/lykillausnir\/snjallheimili\/laesingar\/product\/tedee-bru-til-ad-tengja-snjalllasa-vid-netid-wifi\/\" \/>\n<meta property=\"og:locale\" content=\"en_US\" \/>\n<meta property=\"og:type\" content=\"article\" \/>\n<meta property=\"og:title\" content=\"TEDEE br\u00fa til a\u00f0 tengja snjalll\u00e1sa vi\u00f0 WiFi - V\u00e9lar &amp; Verkf\u00e6ri\" \/>\n<meta property=\"og:description\" content=\"Br\u00fain er notu\u00f0 til a\u00f0 tengja Tedee t\u00e6ki vi\u00f0 neti\u00f0.\" \/>\n<meta property=\"og:url\" content=\"https:\/\/velarogverkfaeri.is\/en\/lykillausnir\/snjallheimili\/laesingar\/product\/tedee-bru-til-ad-tengja-snjalllasa-vid-netid-wifi\/\" \/>\n<meta property=\"og:site_name\" content=\"V\u00e9lar &amp; Verkf\u00e6ri\" \/>\n<meta property=\"article:publisher\" content=\"https:\/\/www.facebook.com\/VelarOgVerkfaeri\" \/>\n<meta property=\"article:modified_time\" content=\"2026-04-11T11:46:03+00:00\" \/>\n<meta property=\"og:image\" content=\"https:\/\/velarogverkfaeri.is\/wp-content\/uploads\/2023\/12\/3644ab6a-ec82-43d8-b0e0-e3702445d5d5.jpg\" \/>\n\t<meta property=\"og:image:width\" content=\"427\" \/>\n\t<meta property=\"og:image:height\" content=\"342\" \/>\n\t<meta property=\"og:image:type\" content=\"image\/jpeg\" \/>\n<meta name=\"twitter:card\" content=\"summary_large_image\" \/>\n<script type=\"application\/ld+json\" class=\"yoast-schema-graph\">{\"@context\":\"https:\\\/\\\/schema.org\",\"@graph\":[{\"@type\":\"WebPage\",\"@id\":\"https:\\\/\\\/velarogverkfaeri.is\\\/lykillausnir\\\/snjallheimili\\\/laesingar\\\/product\\\/tedee-bru-til-ad-tengja-snjalllasa-vid-netid-wifi\\\/\",\"url\":\"https:\\\/\\\/velarogverkfaeri.is\\\/lykillausnir\\\/snjallheimili\\\/laesingar\\\/product\\\/tedee-bru-til-ad-tengja-snjalllasa-vid-netid-wifi\\\/\",\"name\":\"TEDEE br\u00fa til a\u00f0 tengja snjalll\u00e1sa vi\u00f0 WiFi - V\u00e9lar &amp; Verkf\u00e6ri\",\"isPartOf\":{\"@id\":\"https:\\\/\\\/velarogverkfaeri.is\\\/en\\\/#website\"},\"primaryImageOfPage\":{\"@id\":\"https:\\\/\\\/velarogverkfaeri.is\\\/lykillausnir\\\/snjallheimili\\\/laesingar\\\/product\\\/tedee-bru-til-ad-tengja-snjalllasa-vid-netid-wifi\\\/#primaryimage\"},\"image\":{\"@id\":\"https:\\\/\\\/velarogverkfaeri.is\\\/lykillausnir\\\/snjallheimili\\\/laesingar\\\/product\\\/tedee-bru-til-ad-tengja-snjalllasa-vid-netid-wifi\\\/#primaryimage\"},\"thumbnailUrl\":\"https:\\\/\\\/velarogverkfaeri.is\\\/wp-content\\\/uploads\\\/2023\\\/12\\\/3644ab6a-ec82-43d8-b0e0-e3702445d5d5.jpg\",\"datePublished\":\"2023-10-10T11:10:10+00:00\",\"dateModified\":\"2026-04-11T11:46:03+00:00\",\"breadcrumb\":{\"@id\":\"https:\\\/\\\/velarogverkfaeri.is\\\/lykillausnir\\\/snjallheimili\\\/laesingar\\\/product\\\/tedee-bru-til-ad-tengja-snjalllasa-vid-netid-wifi\\\/#breadcrumb\"},\"inLanguage\":\"en-US\",\"potentialAction\":[{\"@type\":\"ReadAction\",\"target\":[\"https:\\\/\\\/velarogverkfaeri.is\\\/lykillausnir\\\/snjallheimili\\\/laesingar\\\/product\\\/tedee-bru-til-ad-tengja-snjalllasa-vid-netid-wifi\\\/\"]}]},{\"@type\":\"ImageObject\",\"inLanguage\":\"en-US\",\"@id\":\"https:\\\/\\\/velarogverkfaeri.is\\\/lykillausnir\\\/snjallheimili\\\/laesingar\\\/product\\\/tedee-bru-til-ad-tengja-snjalllasa-vid-netid-wifi\\\/#primaryimage\",\"url\":\"https:\\\/\\\/velarogverkfaeri.is\\\/wp-content\\\/uploads\\\/2023\\\/12\\\/3644ab6a-ec82-43d8-b0e0-e3702445d5d5.jpg\",\"contentUrl\":\"https:\\\/\\\/velarogverkfaeri.is\\\/wp-content\\\/uploads\\\/2023\\\/12\\\/3644ab6a-ec82-43d8-b0e0-e3702445d5d5.jpg\",\"width\":427,\"height\":342},{\"@type\":\"BreadcrumbList\",\"@id\":\"https:\\\/\\\/velarogverkfaeri.is\\\/lykillausnir\\\/snjallheimili\\\/laesingar\\\/product\\\/tedee-bru-til-ad-tengja-snjalllasa-vid-netid-wifi\\\/#breadcrumb\",\"itemListElement\":[{\"@type\":\"ListItem\",\"position\":1,\"name\":\"Home\",\"item\":\"https:\\\/\\\/velarogverkfaeri.is\\\/\"},{\"@type\":\"ListItem\",\"position\":2,\"name\":\"Vefverslun\",\"item\":\"https:\\\/\\\/velarogverkfaeri.is\\\/vefverslun\\\/\"},{\"@type\":\"ListItem\",\"position\":3,\"name\":\"TEDEE br\u00fa til a\u00f0 tengja snjalll\u00e1sa vi\u00f0 WiFi\"}]},{\"@type\":\"WebSite\",\"@id\":\"https:\\\/\\\/velarogverkfaeri.is\\\/en\\\/#website\",\"url\":\"https:\\\/\\\/velarogverkfaeri.is\\\/en\\\/\",\"name\":\"V\u00e9lar & Verkf\u00e6ri\",\"description\":\"Umbo\u00f0s- og heildverslun fr\u00e1 \u00e1rinu 1919\",\"publisher\":{\"@id\":\"https:\\\/\\\/velarogverkfaeri.is\\\/en\\\/#organization\"},\"potentialAction\":[{\"@type\":\"SearchAction\",\"target\":{\"@type\":\"EntryPoint\",\"urlTemplate\":\"https:\\\/\\\/velarogverkfaeri.is\\\/en\\\/?s={search_term_string}\"},\"query-input\":{\"@type\":\"PropertyValueSpecification\",\"valueRequired\":true,\"valueName\":\"search_term_string\"}}],\"inLanguage\":\"en-US\"},{\"@type\":\"Organization\",\"@id\":\"https:\\\/\\\/velarogverkfaeri.is\\\/en\\\/#organization\",\"name\":\"V\u00e9lar & Verkf\u00e6ri\",\"url\":\"https:\\\/\\\/velarogverkfaeri.is\\\/en\\\/\",\"logo\":{\"@type\":\"ImageObject\",\"inLanguage\":\"en-US\",\"@id\":\"https:\\\/\\\/velarogverkfaeri.is\\\/en\\\/#\\\/schema\\\/logo\\\/image\\\/\",\"url\":\"https:\\\/\\\/velarogverkfaeri.is\\\/wp-content\\\/uploads\\\/2021\\\/10\\\/vv_logo_350x100.png\",\"contentUrl\":\"https:\\\/\\\/velarogverkfaeri.is\\\/wp-content\\\/uploads\\\/2021\\\/10\\\/vv_logo_350x100.png\",\"width\":350,\"height\":100,\"caption\":\"V\u00e9lar & Verkf\u00e6ri\"},\"image\":{\"@id\":\"https:\\\/\\\/velarogverkfaeri.is\\\/en\\\/#\\\/schema\\\/logo\\\/image\\\/\"},\"sameAs\":[\"https:\\\/\\\/www.facebook.com\\\/VelarOgVerkfaeri\"]}]}<\/script>\n<!-- \/ Yoast SEO plugin. -->","yoast_head_json":{"title":"TEDEE br\u00fa til a\u00f0 tengja snjalll\u00e1sa vi\u00f0 WiFi - V\u00e9lar &amp; Verkf\u00e6ri","robots":{"index":"index","follow":"follow","max-snippet":"max-snippet:-1","max-image-preview":"max-image-preview:large","max-video-preview":"max-video-preview:-1"},"canonical":"https:\/\/velarogverkfaeri.is\/en\/lykillausnir\/snjallheimili\/laesingar\/product\/tedee-bru-til-ad-tengja-snjalllasa-vid-netid-wifi\/","og_locale":"en_US","og_type":"article","og_title":"TEDEE br\u00fa til a\u00f0 tengja snjalll\u00e1sa vi\u00f0 WiFi - V\u00e9lar &amp; Verkf\u00e6ri","og_description":"Br\u00fain er notu\u00f0 til a\u00f0 tengja Tedee t\u00e6ki vi\u00f0 neti\u00f0.","og_url":"https:\/\/velarogverkfaeri.is\/en\/lykillausnir\/snjallheimili\/laesingar\/product\/tedee-bru-til-ad-tengja-snjalllasa-vid-netid-wifi\/","og_site_name":"V\u00e9lar &amp; Verkf\u00e6ri","article_publisher":"https:\/\/www.facebook.com\/VelarOgVerkfaeri","article_modified_time":"2026-04-11T11:46:03+00:00","og_image":[{"width":427,"height":342,"url":"https:\/\/velarogverkfaeri.is\/wp-content\/uploads\/2023\/12\/3644ab6a-ec82-43d8-b0e0-e3702445d5d5.jpg","type":"image\/jpeg"}],"twitter_card":"summary_large_image","schema":{"@context":"https:\/\/schema.org","@graph":[{"@type":"WebPage","@id":"https:\/\/velarogverkfaeri.is\/lykillausnir\/snjallheimili\/laesingar\/product\/tedee-bru-til-ad-tengja-snjalllasa-vid-netid-wifi\/","url":"https:\/\/velarogverkfaeri.is\/lykillausnir\/snjallheimili\/laesingar\/product\/tedee-bru-til-ad-tengja-snjalllasa-vid-netid-wifi\/","name":"TEDEE br\u00fa til a\u00f0 tengja snjalll\u00e1sa vi\u00f0 WiFi - V\u00e9lar &amp; Verkf\u00e6ri","isPartOf":{"@id":"https:\/\/velarogverkfaeri.is\/en\/#website"},"primaryImageOfPage":{"@id":"https:\/\/velarogverkfaeri.is\/lykillausnir\/snjallheimili\/laesingar\/product\/tedee-bru-til-ad-tengja-snjalllasa-vid-netid-wifi\/#primaryimage"},"image":{"@id":"https:\/\/velarogverkfaeri.is\/lykillausnir\/snjallheimili\/laesingar\/product\/tedee-bru-til-ad-tengja-snjalllasa-vid-netid-wifi\/#primaryimage"},"thumbnailUrl":"https:\/\/velarogverkfaeri.is\/wp-content\/uploads\/2023\/12\/3644ab6a-ec82-43d8-b0e0-e3702445d5d5.jpg","datePublished":"2023-10-10T11:10:10+00:00","dateModified":"2026-04-11T11:46:03+00:00","breadcrumb":{"@id":"https:\/\/velarogverkfaeri.is\/lykillausnir\/snjallheimili\/laesingar\/product\/tedee-bru-til-ad-tengja-snjalllasa-vid-netid-wifi\/#breadcrumb"},"inLanguage":"en-US","potentialAction":[{"@type":"ReadAction","target":["https:\/\/velarogverkfaeri.is\/lykillausnir\/snjallheimili\/laesingar\/product\/tedee-bru-til-ad-tengja-snjalllasa-vid-netid-wifi\/"]}]},{"@type":"ImageObject","inLanguage":"en-US","@id":"https:\/\/velarogverkfaeri.is\/lykillausnir\/snjallheimili\/laesingar\/product\/tedee-bru-til-ad-tengja-snjalllasa-vid-netid-wifi\/#primaryimage","url":"https:\/\/velarogverkfaeri.is\/wp-content\/uploads\/2023\/12\/3644ab6a-ec82-43d8-b0e0-e3702445d5d5.jpg","contentUrl":"https:\/\/velarogverkfaeri.is\/wp-content\/uploads\/2023\/12\/3644ab6a-ec82-43d8-b0e0-e3702445d5d5.jpg","width":427,"height":342},{"@type":"BreadcrumbList","@id":"https:\/\/velarogverkfaeri.is\/lykillausnir\/snjallheimili\/laesingar\/product\/tedee-bru-til-ad-tengja-snjalllasa-vid-netid-wifi\/#breadcrumb","itemListElement":[{"@type":"ListItem","position":1,"name":"Home","item":"https:\/\/velarogverkfaeri.is\/"},{"@type":"ListItem","position":2,"name":"Vefverslun","item":"https:\/\/velarogverkfaeri.is\/vefverslun\/"},{"@type":"ListItem","position":3,"name":"TEDEE br\u00fa til a\u00f0 tengja snjalll\u00e1sa vi\u00f0 WiFi"}]},{"@type":"WebSite","@id":"https:\/\/velarogverkfaeri.is\/en\/#website","url":"https:\/\/velarogverkfaeri.is\/en\/","name":"V\u00e9lar & Verkf\u00e6ri","description":"Umbo\u00f0s- og heildverslun fr\u00e1 \u00e1rinu 1919","publisher":{"@id":"https:\/\/velarogverkfaeri.is\/en\/#organization"},"potentialAction":[{"@type":"SearchAction","target":{"@type":"EntryPoint","urlTemplate":"https:\/\/velarogverkfaeri.is\/en\/?s={search_term_string}"},"query-input":{"@type":"PropertyValueSpecification","valueRequired":true,"valueName":"search_term_string"}}],"inLanguage":"en-US"},{"@type":"Organization","@id":"https:\/\/velarogverkfaeri.is\/en\/#organization","name":"V\u00e9lar & Verkf\u00e6ri","url":"https:\/\/velarogverkfaeri.is\/en\/","logo":{"@type":"ImageObject","inLanguage":"en-US","@id":"https:\/\/velarogverkfaeri.is\/en\/#\/schema\/logo\/image\/","url":"https:\/\/velarogverkfaeri.is\/wp-content\/uploads\/2021\/10\/vv_logo_350x100.png","contentUrl":"https:\/\/velarogverkfaeri.is\/wp-content\/uploads\/2021\/10\/vv_logo_350x100.png","width":350,"height":100,"caption":"V\u00e9lar & Verkf\u00e6ri"},"image":{"@id":"https:\/\/velarogverkfaeri.is\/en\/#\/schema\/logo\/image\/"},"sameAs":["https:\/\/www.facebook.com\/VelarOgVerkfaeri"]}]}},"_links":{"self":[{"href":"https:\/\/velarogverkfaeri.is\/en\/wp-json\/wp\/v2\/product\/50667","targetHints":{"allow":["GET"]}}],"collection":[{"href":"https:\/\/velarogverkfaeri.is\/en\/wp-json\/wp\/v2\/product"}],"about":[{"href":"https:\/\/velarogverkfaeri.is\/en\/wp-json\/wp\/v2\/types\/product"}],"replies":[{"embeddable":true,"href":"https:\/\/velarogverkfaeri.is\/en\/wp-json\/wp\/v2\/comments?post=50667"}],"wp:featuredmedia":[{"embeddable":true,"href":"https:\/\/velarogverkfaeri.is\/en\/wp-json\/wp\/v2\/media\/56238"}],"wp:attachment":[{"href":"https:\/\/velarogverkfaeri.is\/en\/wp-json\/wp\/v2\/media?parent=50667"}],"wp:term":[{"taxonomy":"product_brand","embeddable":true,"href":"https:\/\/velarogverkfaeri.is\/en\/wp-json\/wp\/v2\/product_brand?post=50667"},{"taxonomy":"product_cat","embeddable":true,"href":"https:\/\/velarogverkfaeri.is\/en\/wp-json\/wp\/v2\/product_cat?post=50667"},{"taxonomy":"product_tag","embeddable":true,"href":"https:\/\/velarogverkfaeri.is\/en\/wp-json\/wp\/v2\/product_tag?post=50667"}],"curies":[{"name":"wp","href":"https:\/\/api.w.org\/{rel}","templated":true}]}}