{"id":50655,"date":"2023-10-10T11:10:11","date_gmt":"2023-10-10T11:10:11","guid":{"rendered":"https:\/\/vv-dev.webdev.is\/?post_type=product&#038;p=50655"},"modified":"2025-12-11T13:46:23","modified_gmt":"2025-12-11T13:46:23","slug":"silverline-hatidnihogni-mr80-dg2-80fm-2","status":"publish","type":"product","link":"https:\/\/velarogverkfaeri.is\/en\/lykillausnir\/oryggisvorur\/meindyravarnir-oryggisvorur\/product\/silverline-hatidnihogni-mr80-dg2-80fm-2\/","title":{"rendered":"SILVERLINE H\u00e1t\u00ed\u00f0nih\u00f6gni MR80 DG2 80fm  og MR30"},"content":{"rendered":"<p style=\"font-feature-settings: &quot;liga&quot;, &quot;dlig&quot;; margin-bottom: 1.5em; color: rgb(68, 68, 68); font-family: &quot;Neue Helvetica W01&quot;, &quot;Neue Helvetica eText W01&quot;, &quot;Helvetica Neue&quot;, Helvetica, Arial, sans-serif; font-size: 18px;\"><span style=\"font-weight: 700;\">MR80 DG2<\/span><br \/>MR80 DG2 keeps away mice and rats indoors \u2013 effective, hygienic and non-toxic. Silverline\u00ae Double Guard\u00ae is unique sound technology that effectively scares away pests. Plug the unit into a wall socket in the area you want to protect \u2013 it starts working immediately and round the clock! MR80 DG2 covers up to 80 m\u00b2.<\/p>\n<p style=\"font-feature-settings: &quot;liga&quot;, &quot;dlig&quot;; margin-bottom: 1.5em; color: rgb(68, 68, 68); font-family: &quot;Neue Helvetica W01&quot;, &quot;Neue Helvetica eText W01&quot;, &quot;Helvetica Neue&quot;, Helvetica, Arial, sans-serif; font-size: 18px;\"><span style=\"font-weight: 700;\">MR30<\/span><br \/>MR30 keeps away mice and rats indoors \u2013 effective, hygienic and non-toxic. Silverline\u00ae A-Guard\u00ae is unique sound technology that effectively scares away pests. Plug the unit into a wall socket in the area you want to protect \u2013 it starts working immediately and round the clock! MR30 covers up to 30 m\u00b2.<\/p>","protected":false},"excerpt":{"rendered":"<p>Pakki sem inniheldur tvo h\u00e1t\u00ed\u00f0nih\u00f6gna, MR80 DG2 og MR30<\/p>","protected":false},"featured_media":64217,"comment_status":"closed","ping_status":"closed","template":"","meta":[],"product_brand":[],"product_cat":[517,930,602],"product_tag":[1029],"class_list":{"0":"post-50655","1":"product","2":"type-product","3":"status-publish","4":"has-post-thumbnail","6":"product_cat-lykillausnir","7":"product_cat-meindyravarnir-oryggisvorur","8":"product_cat-oryggisvorur","9":"product_tag-sumaroryggi","11":"first","12":"outofstock","13":"taxable","14":"shipping-taxable","15":"purchasable","16":"product-type-simple"},"yoast_head":"<!-- This site is optimized with the Yoast SEO plugin v27.3 - https:\/\/yoast.com\/product\/yoast-seo-wordpress\/ -->\n<title>SILVERLINE H\u00e1t\u00ed\u00f0nih\u00f6gni MR80 DG2 80fm og MR30 - V\u00e9lar &amp; Verkf\u00e6ri<\/title>\n<meta name=\"robots\" content=\"index, follow, max-snippet:-1, max-image-preview:large, max-video-preview:-1\" \/>\n<link rel=\"canonical\" href=\"https:\/\/velarogverkfaeri.is\/en\/lykillausnir\/oryggisvorur\/meindyravarnir-oryggisvorur\/product\/silverline-hatidnihogni-mr80-dg2-80fm-2\/\" \/>\n<meta property=\"og:locale\" content=\"en_US\" \/>\n<meta property=\"og:type\" content=\"article\" \/>\n<meta property=\"og:title\" content=\"SILVERLINE H\u00e1t\u00ed\u00f0nih\u00f6gni MR80 DG2 80fm og MR30 - V\u00e9lar &amp; Verkf\u00e6ri\" \/>\n<meta property=\"og:description\" content=\"Pakki sem inniheldur tvo h\u00e1t\u00ed\u00f0nih\u00f6gna, MR80 DG2 og MR30\" \/>\n<meta property=\"og:url\" content=\"https:\/\/velarogverkfaeri.is\/en\/lykillausnir\/oryggisvorur\/meindyravarnir-oryggisvorur\/product\/silverline-hatidnihogni-mr80-dg2-80fm-2\/\" \/>\n<meta property=\"og:site_name\" content=\"V\u00e9lar &amp; Verkf\u00e6ri\" \/>\n<meta property=\"article:publisher\" content=\"https:\/\/www.facebook.com\/VelarOgVerkfaeri\" \/>\n<meta property=\"article:modified_time\" content=\"2025-12-11T13:46:23+00:00\" \/>\n<meta property=\"og:image\" content=\"https:\/\/velarogverkfaeri.is\/wp-content\/uploads\/2024\/08\/38dc60a2-2792-47be-89f6-0ae8beb806b4.jpeg\" \/>\n\t<meta property=\"og:image:width\" content=\"521\" \/>\n\t<meta property=\"og:image:height\" content=\"811\" \/>\n\t<meta property=\"og:image:type\" content=\"image\/jpeg\" \/>\n<meta name=\"twitter:card\" content=\"summary_large_image\" \/>\n<meta name=\"twitter:label1\" content=\"Est. reading time\" \/>\n\t<meta name=\"twitter:data1\" content=\"1 minute\" \/>\n<script type=\"application\/ld+json\" class=\"yoast-schema-graph\">{\"@context\":\"https:\\\/\\\/schema.org\",\"@graph\":[{\"@type\":\"WebPage\",\"@id\":\"https:\\\/\\\/velarogverkfaeri.is\\\/lykillausnir\\\/oryggisvorur\\\/meindyravarnir-oryggisvorur\\\/product\\\/silverline-hatidnihogni-mr80-dg2-80fm-2\\\/\",\"url\":\"https:\\\/\\\/velarogverkfaeri.is\\\/lykillausnir\\\/oryggisvorur\\\/meindyravarnir-oryggisvorur\\\/product\\\/silverline-hatidnihogni-mr80-dg2-80fm-2\\\/\",\"name\":\"SILVERLINE H\u00e1t\u00ed\u00f0nih\u00f6gni MR80 DG2 80fm og MR30 - V\u00e9lar &amp; Verkf\u00e6ri\",\"isPartOf\":{\"@id\":\"https:\\\/\\\/velarogverkfaeri.is\\\/en\\\/#website\"},\"primaryImageOfPage\":{\"@id\":\"https:\\\/\\\/velarogverkfaeri.is\\\/lykillausnir\\\/oryggisvorur\\\/meindyravarnir-oryggisvorur\\\/product\\\/silverline-hatidnihogni-mr80-dg2-80fm-2\\\/#primaryimage\"},\"image\":{\"@id\":\"https:\\\/\\\/velarogverkfaeri.is\\\/lykillausnir\\\/oryggisvorur\\\/meindyravarnir-oryggisvorur\\\/product\\\/silverline-hatidnihogni-mr80-dg2-80fm-2\\\/#primaryimage\"},\"thumbnailUrl\":\"https:\\\/\\\/velarogverkfaeri.is\\\/wp-content\\\/uploads\\\/2024\\\/08\\\/38dc60a2-2792-47be-89f6-0ae8beb806b4.jpeg\",\"datePublished\":\"2023-10-10T11:10:11+00:00\",\"dateModified\":\"2025-12-11T13:46:23+00:00\",\"breadcrumb\":{\"@id\":\"https:\\\/\\\/velarogverkfaeri.is\\\/lykillausnir\\\/oryggisvorur\\\/meindyravarnir-oryggisvorur\\\/product\\\/silverline-hatidnihogni-mr80-dg2-80fm-2\\\/#breadcrumb\"},\"inLanguage\":\"en-US\",\"potentialAction\":[{\"@type\":\"ReadAction\",\"target\":[\"https:\\\/\\\/velarogverkfaeri.is\\\/lykillausnir\\\/oryggisvorur\\\/meindyravarnir-oryggisvorur\\\/product\\\/silverline-hatidnihogni-mr80-dg2-80fm-2\\\/\"]}]},{\"@type\":\"ImageObject\",\"inLanguage\":\"en-US\",\"@id\":\"https:\\\/\\\/velarogverkfaeri.is\\\/lykillausnir\\\/oryggisvorur\\\/meindyravarnir-oryggisvorur\\\/product\\\/silverline-hatidnihogni-mr80-dg2-80fm-2\\\/#primaryimage\",\"url\":\"https:\\\/\\\/velarogverkfaeri.is\\\/wp-content\\\/uploads\\\/2024\\\/08\\\/38dc60a2-2792-47be-89f6-0ae8beb806b4.jpeg\",\"contentUrl\":\"https:\\\/\\\/velarogverkfaeri.is\\\/wp-content\\\/uploads\\\/2024\\\/08\\\/38dc60a2-2792-47be-89f6-0ae8beb806b4.jpeg\",\"width\":521,\"height\":811},{\"@type\":\"BreadcrumbList\",\"@id\":\"https:\\\/\\\/velarogverkfaeri.is\\\/lykillausnir\\\/oryggisvorur\\\/meindyravarnir-oryggisvorur\\\/product\\\/silverline-hatidnihogni-mr80-dg2-80fm-2\\\/#breadcrumb\",\"itemListElement\":[{\"@type\":\"ListItem\",\"position\":1,\"name\":\"Home\",\"item\":\"https:\\\/\\\/velarogverkfaeri.is\\\/\"},{\"@type\":\"ListItem\",\"position\":2,\"name\":\"Vefverslun\",\"item\":\"https:\\\/\\\/velarogverkfaeri.is\\\/vefverslun\\\/\"},{\"@type\":\"ListItem\",\"position\":3,\"name\":\"SILVERLINE H\u00e1t\u00ed\u00f0nih\u00f6gni MR80 DG2 80fm og MR30\"}]},{\"@type\":\"WebSite\",\"@id\":\"https:\\\/\\\/velarogverkfaeri.is\\\/en\\\/#website\",\"url\":\"https:\\\/\\\/velarogverkfaeri.is\\\/en\\\/\",\"name\":\"V\u00e9lar & Verkf\u00e6ri\",\"description\":\"Umbo\u00f0s- og heildverslun fr\u00e1 \u00e1rinu 1919\",\"publisher\":{\"@id\":\"https:\\\/\\\/velarogverkfaeri.is\\\/en\\\/#organization\"},\"potentialAction\":[{\"@type\":\"SearchAction\",\"target\":{\"@type\":\"EntryPoint\",\"urlTemplate\":\"https:\\\/\\\/velarogverkfaeri.is\\\/en\\\/?s={search_term_string}\"},\"query-input\":{\"@type\":\"PropertyValueSpecification\",\"valueRequired\":true,\"valueName\":\"search_term_string\"}}],\"inLanguage\":\"en-US\"},{\"@type\":\"Organization\",\"@id\":\"https:\\\/\\\/velarogverkfaeri.is\\\/en\\\/#organization\",\"name\":\"V\u00e9lar & Verkf\u00e6ri\",\"url\":\"https:\\\/\\\/velarogverkfaeri.is\\\/en\\\/\",\"logo\":{\"@type\":\"ImageObject\",\"inLanguage\":\"en-US\",\"@id\":\"https:\\\/\\\/velarogverkfaeri.is\\\/en\\\/#\\\/schema\\\/logo\\\/image\\\/\",\"url\":\"https:\\\/\\\/velarogverkfaeri.is\\\/wp-content\\\/uploads\\\/2021\\\/10\\\/vv_logo_350x100.png\",\"contentUrl\":\"https:\\\/\\\/velarogverkfaeri.is\\\/wp-content\\\/uploads\\\/2021\\\/10\\\/vv_logo_350x100.png\",\"width\":350,\"height\":100,\"caption\":\"V\u00e9lar & Verkf\u00e6ri\"},\"image\":{\"@id\":\"https:\\\/\\\/velarogverkfaeri.is\\\/en\\\/#\\\/schema\\\/logo\\\/image\\\/\"},\"sameAs\":[\"https:\\\/\\\/www.facebook.com\\\/VelarOgVerkfaeri\"]}]}<\/script>\n<!-- \/ Yoast SEO plugin. -->","yoast_head_json":{"title":"SILVERLINE H\u00e1t\u00ed\u00f0nih\u00f6gni MR80 DG2 80fm og MR30 - V\u00e9lar &amp; Verkf\u00e6ri","robots":{"index":"index","follow":"follow","max-snippet":"max-snippet:-1","max-image-preview":"max-image-preview:large","max-video-preview":"max-video-preview:-1"},"canonical":"https:\/\/velarogverkfaeri.is\/en\/lykillausnir\/oryggisvorur\/meindyravarnir-oryggisvorur\/product\/silverline-hatidnihogni-mr80-dg2-80fm-2\/","og_locale":"en_US","og_type":"article","og_title":"SILVERLINE H\u00e1t\u00ed\u00f0nih\u00f6gni MR80 DG2 80fm og MR30 - V\u00e9lar &amp; Verkf\u00e6ri","og_description":"Pakki sem inniheldur tvo h\u00e1t\u00ed\u00f0nih\u00f6gna, MR80 DG2 og MR30","og_url":"https:\/\/velarogverkfaeri.is\/en\/lykillausnir\/oryggisvorur\/meindyravarnir-oryggisvorur\/product\/silverline-hatidnihogni-mr80-dg2-80fm-2\/","og_site_name":"V\u00e9lar &amp; Verkf\u00e6ri","article_publisher":"https:\/\/www.facebook.com\/VelarOgVerkfaeri","article_modified_time":"2025-12-11T13:46:23+00:00","og_image":[{"width":521,"height":811,"url":"https:\/\/velarogverkfaeri.is\/wp-content\/uploads\/2024\/08\/38dc60a2-2792-47be-89f6-0ae8beb806b4.jpeg","type":"image\/jpeg"}],"twitter_card":"summary_large_image","twitter_misc":{"Est. reading time":"1 minute"},"schema":{"@context":"https:\/\/schema.org","@graph":[{"@type":"WebPage","@id":"https:\/\/velarogverkfaeri.is\/lykillausnir\/oryggisvorur\/meindyravarnir-oryggisvorur\/product\/silverline-hatidnihogni-mr80-dg2-80fm-2\/","url":"https:\/\/velarogverkfaeri.is\/lykillausnir\/oryggisvorur\/meindyravarnir-oryggisvorur\/product\/silverline-hatidnihogni-mr80-dg2-80fm-2\/","name":"SILVERLINE H\u00e1t\u00ed\u00f0nih\u00f6gni MR80 DG2 80fm og MR30 - V\u00e9lar &amp; Verkf\u00e6ri","isPartOf":{"@id":"https:\/\/velarogverkfaeri.is\/en\/#website"},"primaryImageOfPage":{"@id":"https:\/\/velarogverkfaeri.is\/lykillausnir\/oryggisvorur\/meindyravarnir-oryggisvorur\/product\/silverline-hatidnihogni-mr80-dg2-80fm-2\/#primaryimage"},"image":{"@id":"https:\/\/velarogverkfaeri.is\/lykillausnir\/oryggisvorur\/meindyravarnir-oryggisvorur\/product\/silverline-hatidnihogni-mr80-dg2-80fm-2\/#primaryimage"},"thumbnailUrl":"https:\/\/velarogverkfaeri.is\/wp-content\/uploads\/2024\/08\/38dc60a2-2792-47be-89f6-0ae8beb806b4.jpeg","datePublished":"2023-10-10T11:10:11+00:00","dateModified":"2025-12-11T13:46:23+00:00","breadcrumb":{"@id":"https:\/\/velarogverkfaeri.is\/lykillausnir\/oryggisvorur\/meindyravarnir-oryggisvorur\/product\/silverline-hatidnihogni-mr80-dg2-80fm-2\/#breadcrumb"},"inLanguage":"en-US","potentialAction":[{"@type":"ReadAction","target":["https:\/\/velarogverkfaeri.is\/lykillausnir\/oryggisvorur\/meindyravarnir-oryggisvorur\/product\/silverline-hatidnihogni-mr80-dg2-80fm-2\/"]}]},{"@type":"ImageObject","inLanguage":"en-US","@id":"https:\/\/velarogverkfaeri.is\/lykillausnir\/oryggisvorur\/meindyravarnir-oryggisvorur\/product\/silverline-hatidnihogni-mr80-dg2-80fm-2\/#primaryimage","url":"https:\/\/velarogverkfaeri.is\/wp-content\/uploads\/2024\/08\/38dc60a2-2792-47be-89f6-0ae8beb806b4.jpeg","contentUrl":"https:\/\/velarogverkfaeri.is\/wp-content\/uploads\/2024\/08\/38dc60a2-2792-47be-89f6-0ae8beb806b4.jpeg","width":521,"height":811},{"@type":"BreadcrumbList","@id":"https:\/\/velarogverkfaeri.is\/lykillausnir\/oryggisvorur\/meindyravarnir-oryggisvorur\/product\/silverline-hatidnihogni-mr80-dg2-80fm-2\/#breadcrumb","itemListElement":[{"@type":"ListItem","position":1,"name":"Home","item":"https:\/\/velarogverkfaeri.is\/"},{"@type":"ListItem","position":2,"name":"Vefverslun","item":"https:\/\/velarogverkfaeri.is\/vefverslun\/"},{"@type":"ListItem","position":3,"name":"SILVERLINE H\u00e1t\u00ed\u00f0nih\u00f6gni MR80 DG2 80fm og MR30"}]},{"@type":"WebSite","@id":"https:\/\/velarogverkfaeri.is\/en\/#website","url":"https:\/\/velarogverkfaeri.is\/en\/","name":"V\u00e9lar & Verkf\u00e6ri","description":"Umbo\u00f0s- og heildverslun fr\u00e1 \u00e1rinu 1919","publisher":{"@id":"https:\/\/velarogverkfaeri.is\/en\/#organization"},"potentialAction":[{"@type":"SearchAction","target":{"@type":"EntryPoint","urlTemplate":"https:\/\/velarogverkfaeri.is\/en\/?s={search_term_string}"},"query-input":{"@type":"PropertyValueSpecification","valueRequired":true,"valueName":"search_term_string"}}],"inLanguage":"en-US"},{"@type":"Organization","@id":"https:\/\/velarogverkfaeri.is\/en\/#organization","name":"V\u00e9lar & Verkf\u00e6ri","url":"https:\/\/velarogverkfaeri.is\/en\/","logo":{"@type":"ImageObject","inLanguage":"en-US","@id":"https:\/\/velarogverkfaeri.is\/en\/#\/schema\/logo\/image\/","url":"https:\/\/velarogverkfaeri.is\/wp-content\/uploads\/2021\/10\/vv_logo_350x100.png","contentUrl":"https:\/\/velarogverkfaeri.is\/wp-content\/uploads\/2021\/10\/vv_logo_350x100.png","width":350,"height":100,"caption":"V\u00e9lar & Verkf\u00e6ri"},"image":{"@id":"https:\/\/velarogverkfaeri.is\/en\/#\/schema\/logo\/image\/"},"sameAs":["https:\/\/www.facebook.com\/VelarOgVerkfaeri"]}]}},"_links":{"self":[{"href":"https:\/\/velarogverkfaeri.is\/en\/wp-json\/wp\/v2\/product\/50655","targetHints":{"allow":["GET"]}}],"collection":[{"href":"https:\/\/velarogverkfaeri.is\/en\/wp-json\/wp\/v2\/product"}],"about":[{"href":"https:\/\/velarogverkfaeri.is\/en\/wp-json\/wp\/v2\/types\/product"}],"replies":[{"embeddable":true,"href":"https:\/\/velarogverkfaeri.is\/en\/wp-json\/wp\/v2\/comments?post=50655"}],"wp:featuredmedia":[{"embeddable":true,"href":"https:\/\/velarogverkfaeri.is\/en\/wp-json\/wp\/v2\/media\/64217"}],"wp:attachment":[{"href":"https:\/\/velarogverkfaeri.is\/en\/wp-json\/wp\/v2\/media?parent=50655"}],"wp:term":[{"taxonomy":"product_brand","embeddable":true,"href":"https:\/\/velarogverkfaeri.is\/en\/wp-json\/wp\/v2\/product_brand?post=50655"},{"taxonomy":"product_cat","embeddable":true,"href":"https:\/\/velarogverkfaeri.is\/en\/wp-json\/wp\/v2\/product_cat?post=50655"},{"taxonomy":"product_tag","embeddable":true,"href":"https:\/\/velarogverkfaeri.is\/en\/wp-json\/wp\/v2\/product_tag?post=50655"}],"curies":[{"name":"wp","href":"https:\/\/api.w.org\/{rel}","templated":true}]}}