{"id":50633,"date":"2023-10-10T11:10:14","date_gmt":"2023-10-10T11:10:14","guid":{"rendered":"https:\/\/vv-dev.webdev.is\/?post_type=product&#038;p=50633"},"modified":"2026-02-19T09:01:32","modified_gmt":"2026-02-19T09:01:32","slug":"yale-home-snjall-verdmaetaskapur","status":"publish","type":"product","link":"https:\/\/velarogverkfaeri.is\/en\/lykillausnir\/oryggisvorur\/verdmaetaskapar-oryggisvorur\/product\/yale-home-snjall-verdmaetaskapur\/","title":{"rendered":"Yale Home Snjall ver\u00f0m\u00e6task\u00e1pur"},"content":{"rendered":"<p>Yale Smart Safe s\u00e9r til \u00feess a\u00f0 ver\u00f0m\u00e6ti eins og skartgripir, d\u00fdr raft\u00e6ki e\u00f0a mikilv\u00e6g skj\u00f6l s\u00e9u \u00f6rugg.<\/p>\n<p>Verm\u00e6task\u00e1purinn er me\u00f0 marga eiginleika sem auka \u00f6ryggi vi\u00f0 geymslu ver\u00f0m\u00e6ta og best af \u00f6llu er a\u00f0 \u00fe\u00fa getur fjarst\u00fdrt a\u00f0gangi a\u00f0 ver\u00f0m\u00e6task\u00e1pnum \u00ed gegnum s\u00edmann me\u00f0 Yale Home appinu.<\/p>\n<p><b>Eiginleikar og virkni:<\/b><\/p>\n<p>H\u00e6gt er a\u00f0 opna me\u00f0 lyklabor\u00f0i, lykli e\u00f0a s\u00edma.<\/p>\n<p>Fimm vitlausar tilraunir setja \u00fej\u00f3fav\u00f6rn \u00ed gang og sk\u00e1purinn l\u00e6sist fyrir \u00f6llum \u00ed 5 m\u00edn\u00fatur.<\/p>\n<p>Lyklakr\u00f3kar og laus hilla fylgja me\u00f0 til a\u00f0 gera skipulagi\u00f0 inni \u00ed sk\u00e1pnum sem best<\/p>\n<p>Innbygg\u00f0 l\u00fdsing \u00ed sk\u00e1p r\u00e6sist vi\u00f0 opnun<\/p>\n<p>H\u00e6gt er a\u00f0 veita a\u00f0gang og sj\u00e1 s\u00f6gu um opnun\/lokun \u00ed Yale Home appi<\/p>\n<p>H\u00e6gt a\u00f0 nota me\u00f0 Alexa, Google assistant og Siri<\/p>\n<p><b>St\u00e6r\u00f0:<\/b><\/p>\n<ul>\n<li>\u00deyngd: 12,1 kg<\/li>\n<li>Breidd: 350mm<\/li>\n<li>H\u00e6\u00f0: 250mm<\/li>\n<li>D\u00fdpt: 300mm<\/li>\n<li>R\u00famm\u00e1l: 20,5L<\/li>\n<li><\/li>\n<\/ul>\n<p class=\"MsoNormal\"><b>Uppsetning \u00e1 Yale Home b\u00fana\u00f0i<\/b><o:p><\/o:p><\/p>\n<\/p>\n<p class=\"MsoNormal\">V\u00e9lar og verkf\u00e6ri bj\u00f3\u00f0a upp \u00e1 uppsetningu \u00e1 Yale Home b\u00fana\u00f0i. Grunngjald fyrir \u00feessa \u00fej\u00f3nustu er 19.840 kr. me\u00f0 vsk.<br \/>\nInnifali\u00f0 \u00ed \u00fev\u00ed er 30 m\u00edn\u00fatna vinna \u00e1 verksta\u00f0 en eftir \u00fea\u00f0 er rukka\u00f0<br \/>\nt\u00edmagjald. Til a\u00f0 panta \u00feessa \u00fej\u00f3nustu er best a\u00f0 senda t\u00f6lvup\u00f3st \u00e1<br \/>\nsoludeild@vv.is<o:p><\/o:p><\/p>","protected":false},"excerpt":{"rendered":"<p>Tegund:&nbsp;YSS\/250\/EB1<\/p>\n<p>V\u00f6ru \u00fearf a\u00f0 s\u00e6kja \u00e1 lager okkar. H\u00e6gt er a\u00f0 senda v\u00f6ru \u00e1 kostna\u00f0 kaupanda, vinsamlega hafi\u00f0 samband me\u00f0 t\u00f6lvup\u00f3sti \u00e1 vv@vv.is<\/p>","protected":false},"featured_media":55779,"comment_status":"closed","ping_status":"closed","template":"","meta":[],"product_brand":[],"product_cat":[517,602,705],"product_tag":[875],"class_list":{"0":"post-50633","1":"product","2":"type-product","3":"status-publish","4":"has-post-thumbnail","6":"product_cat-lykillausnir","7":"product_cat-oryggisvorur","8":"product_cat-verdmaetaskapar-oryggisvorur","9":"product_tag-yalehome","11":"first","12":"instock","13":"taxable","14":"shipping-taxable","15":"purchasable","16":"product-type-simple"},"yoast_head":"<!-- This site is optimized with the Yoast SEO plugin v27.3 - https:\/\/yoast.com\/product\/yoast-seo-wordpress\/ -->\n<title>Yale Home Snjall ver\u00f0m\u00e6task\u00e1pur - V\u00e9lar &amp; Verkf\u00e6ri<\/title>\n<meta name=\"robots\" content=\"index, follow, max-snippet:-1, max-image-preview:large, max-video-preview:-1\" \/>\n<link rel=\"canonical\" href=\"https:\/\/velarogverkfaeri.is\/en\/lykillausnir\/snjallheimili\/snjallir-verdmaetaskapar\/product\/yale-home-snjall-verdmaetaskapur\/\" \/>\n<meta property=\"og:locale\" content=\"en_US\" \/>\n<meta property=\"og:type\" content=\"article\" \/>\n<meta property=\"og:title\" content=\"Yale Home Snjall ver\u00f0m\u00e6task\u00e1pur - V\u00e9lar &amp; Verkf\u00e6ri\" \/>\n<meta property=\"og:description\" content=\"Tegund:&nbsp;YSS\/250\/EB1V\u00f6ru \u00fearf a\u00f0 s\u00e6kja \u00e1 lager okkar. H\u00e6gt er a\u00f0 senda v\u00f6ru \u00e1 kostna\u00f0 kaupanda, vinsamlega hafi\u00f0 samband me\u00f0 t\u00f6lvup\u00f3sti \u00e1 vv@vv.is\" \/>\n<meta property=\"og:url\" content=\"https:\/\/velarogverkfaeri.is\/en\/lykillausnir\/snjallheimili\/snjallir-verdmaetaskapar\/product\/yale-home-snjall-verdmaetaskapur\/\" \/>\n<meta property=\"og:site_name\" content=\"V\u00e9lar &amp; Verkf\u00e6ri\" \/>\n<meta property=\"article:publisher\" content=\"https:\/\/www.facebook.com\/VelarOgVerkfaeri\" \/>\n<meta property=\"article:modified_time\" content=\"2026-02-19T09:01:32+00:00\" \/>\n<meta property=\"og:image\" content=\"https:\/\/velarogverkfaeri.is\/wp-content\/uploads\/2023\/12\/6da8b29b-81ec-49ea-b6e4-90c37a71a62d-scaled.jpeg\" \/>\n\t<meta property=\"og:image:width\" content=\"2560\" \/>\n\t<meta property=\"og:image:height\" content=\"1967\" \/>\n\t<meta property=\"og:image:type\" content=\"image\/jpeg\" \/>\n<meta name=\"twitter:card\" content=\"summary_large_image\" \/>\n<meta name=\"twitter:label1\" content=\"Est. reading time\" \/>\n\t<meta name=\"twitter:data1\" content=\"1 minute\" \/>\n<script type=\"application\/ld+json\" class=\"yoast-schema-graph\">{\"@context\":\"https:\\\/\\\/schema.org\",\"@graph\":[{\"@type\":\"WebPage\",\"@id\":\"https:\\\/\\\/velarogverkfaeri.is\\\/lykillausnir\\\/snjallheimili\\\/snjallir-verdmaetaskapar\\\/product\\\/yale-home-snjall-verdmaetaskapur\\\/\",\"url\":\"https:\\\/\\\/velarogverkfaeri.is\\\/lykillausnir\\\/snjallheimili\\\/snjallir-verdmaetaskapar\\\/product\\\/yale-home-snjall-verdmaetaskapur\\\/\",\"name\":\"Yale Home Snjall ver\u00f0m\u00e6task\u00e1pur - V\u00e9lar &amp; Verkf\u00e6ri\",\"isPartOf\":{\"@id\":\"https:\\\/\\\/velarogverkfaeri.is\\\/en\\\/#website\"},\"primaryImageOfPage\":{\"@id\":\"https:\\\/\\\/velarogverkfaeri.is\\\/lykillausnir\\\/snjallheimili\\\/snjallir-verdmaetaskapar\\\/product\\\/yale-home-snjall-verdmaetaskapur\\\/#primaryimage\"},\"image\":{\"@id\":\"https:\\\/\\\/velarogverkfaeri.is\\\/lykillausnir\\\/snjallheimili\\\/snjallir-verdmaetaskapar\\\/product\\\/yale-home-snjall-verdmaetaskapur\\\/#primaryimage\"},\"thumbnailUrl\":\"https:\\\/\\\/velarogverkfaeri.is\\\/wp-content\\\/uploads\\\/2023\\\/12\\\/6da8b29b-81ec-49ea-b6e4-90c37a71a62d-scaled.jpeg\",\"datePublished\":\"2023-10-10T11:10:14+00:00\",\"dateModified\":\"2026-02-19T09:01:32+00:00\",\"breadcrumb\":{\"@id\":\"https:\\\/\\\/velarogverkfaeri.is\\\/lykillausnir\\\/snjallheimili\\\/snjallir-verdmaetaskapar\\\/product\\\/yale-home-snjall-verdmaetaskapur\\\/#breadcrumb\"},\"inLanguage\":\"en-US\",\"potentialAction\":[{\"@type\":\"ReadAction\",\"target\":[\"https:\\\/\\\/velarogverkfaeri.is\\\/lykillausnir\\\/snjallheimili\\\/snjallir-verdmaetaskapar\\\/product\\\/yale-home-snjall-verdmaetaskapur\\\/\"]}]},{\"@type\":\"ImageObject\",\"inLanguage\":\"en-US\",\"@id\":\"https:\\\/\\\/velarogverkfaeri.is\\\/lykillausnir\\\/snjallheimili\\\/snjallir-verdmaetaskapar\\\/product\\\/yale-home-snjall-verdmaetaskapur\\\/#primaryimage\",\"url\":\"https:\\\/\\\/velarogverkfaeri.is\\\/wp-content\\\/uploads\\\/2023\\\/12\\\/6da8b29b-81ec-49ea-b6e4-90c37a71a62d-scaled.jpeg\",\"contentUrl\":\"https:\\\/\\\/velarogverkfaeri.is\\\/wp-content\\\/uploads\\\/2023\\\/12\\\/6da8b29b-81ec-49ea-b6e4-90c37a71a62d-scaled.jpeg\",\"width\":2560,\"height\":1967},{\"@type\":\"BreadcrumbList\",\"@id\":\"https:\\\/\\\/velarogverkfaeri.is\\\/lykillausnir\\\/snjallheimili\\\/snjallir-verdmaetaskapar\\\/product\\\/yale-home-snjall-verdmaetaskapur\\\/#breadcrumb\",\"itemListElement\":[{\"@type\":\"ListItem\",\"position\":1,\"name\":\"Home\",\"item\":\"https:\\\/\\\/velarogverkfaeri.is\\\/\"},{\"@type\":\"ListItem\",\"position\":2,\"name\":\"Vefverslun\",\"item\":\"https:\\\/\\\/velarogverkfaeri.is\\\/vefverslun\\\/\"},{\"@type\":\"ListItem\",\"position\":3,\"name\":\"Yale Home Snjall ver\u00f0m\u00e6task\u00e1pur\"}]},{\"@type\":\"WebSite\",\"@id\":\"https:\\\/\\\/velarogverkfaeri.is\\\/en\\\/#website\",\"url\":\"https:\\\/\\\/velarogverkfaeri.is\\\/en\\\/\",\"name\":\"V\u00e9lar & Verkf\u00e6ri\",\"description\":\"Umbo\u00f0s- og heildverslun fr\u00e1 \u00e1rinu 1919\",\"publisher\":{\"@id\":\"https:\\\/\\\/velarogverkfaeri.is\\\/en\\\/#organization\"},\"potentialAction\":[{\"@type\":\"SearchAction\",\"target\":{\"@type\":\"EntryPoint\",\"urlTemplate\":\"https:\\\/\\\/velarogverkfaeri.is\\\/en\\\/?s={search_term_string}\"},\"query-input\":{\"@type\":\"PropertyValueSpecification\",\"valueRequired\":true,\"valueName\":\"search_term_string\"}}],\"inLanguage\":\"en-US\"},{\"@type\":\"Organization\",\"@id\":\"https:\\\/\\\/velarogverkfaeri.is\\\/en\\\/#organization\",\"name\":\"V\u00e9lar & Verkf\u00e6ri\",\"url\":\"https:\\\/\\\/velarogverkfaeri.is\\\/en\\\/\",\"logo\":{\"@type\":\"ImageObject\",\"inLanguage\":\"en-US\",\"@id\":\"https:\\\/\\\/velarogverkfaeri.is\\\/en\\\/#\\\/schema\\\/logo\\\/image\\\/\",\"url\":\"https:\\\/\\\/velarogverkfaeri.is\\\/wp-content\\\/uploads\\\/2021\\\/10\\\/vv_logo_350x100.png\",\"contentUrl\":\"https:\\\/\\\/velarogverkfaeri.is\\\/wp-content\\\/uploads\\\/2021\\\/10\\\/vv_logo_350x100.png\",\"width\":350,\"height\":100,\"caption\":\"V\u00e9lar & Verkf\u00e6ri\"},\"image\":{\"@id\":\"https:\\\/\\\/velarogverkfaeri.is\\\/en\\\/#\\\/schema\\\/logo\\\/image\\\/\"},\"sameAs\":[\"https:\\\/\\\/www.facebook.com\\\/VelarOgVerkfaeri\"]}]}<\/script>\n<!-- \/ Yoast SEO plugin. -->","yoast_head_json":{"title":"Yale Home Snjall ver\u00f0m\u00e6task\u00e1pur - V\u00e9lar &amp; Verkf\u00e6ri","robots":{"index":"index","follow":"follow","max-snippet":"max-snippet:-1","max-image-preview":"max-image-preview:large","max-video-preview":"max-video-preview:-1"},"canonical":"https:\/\/velarogverkfaeri.is\/en\/lykillausnir\/snjallheimili\/snjallir-verdmaetaskapar\/product\/yale-home-snjall-verdmaetaskapur\/","og_locale":"en_US","og_type":"article","og_title":"Yale Home Snjall ver\u00f0m\u00e6task\u00e1pur - V\u00e9lar &amp; Verkf\u00e6ri","og_description":"Tegund:&nbsp;YSS\/250\/EB1V\u00f6ru \u00fearf a\u00f0 s\u00e6kja \u00e1 lager okkar. H\u00e6gt er a\u00f0 senda v\u00f6ru \u00e1 kostna\u00f0 kaupanda, vinsamlega hafi\u00f0 samband me\u00f0 t\u00f6lvup\u00f3sti \u00e1 vv@vv.is","og_url":"https:\/\/velarogverkfaeri.is\/en\/lykillausnir\/snjallheimili\/snjallir-verdmaetaskapar\/product\/yale-home-snjall-verdmaetaskapur\/","og_site_name":"V\u00e9lar &amp; Verkf\u00e6ri","article_publisher":"https:\/\/www.facebook.com\/VelarOgVerkfaeri","article_modified_time":"2026-02-19T09:01:32+00:00","og_image":[{"width":2560,"height":1967,"url":"https:\/\/velarogverkfaeri.is\/wp-content\/uploads\/2023\/12\/6da8b29b-81ec-49ea-b6e4-90c37a71a62d-scaled.jpeg","type":"image\/jpeg"}],"twitter_card":"summary_large_image","twitter_misc":{"Est. reading time":"1 minute"},"schema":{"@context":"https:\/\/schema.org","@graph":[{"@type":"WebPage","@id":"https:\/\/velarogverkfaeri.is\/lykillausnir\/snjallheimili\/snjallir-verdmaetaskapar\/product\/yale-home-snjall-verdmaetaskapur\/","url":"https:\/\/velarogverkfaeri.is\/lykillausnir\/snjallheimili\/snjallir-verdmaetaskapar\/product\/yale-home-snjall-verdmaetaskapur\/","name":"Yale Home Snjall ver\u00f0m\u00e6task\u00e1pur - V\u00e9lar &amp; Verkf\u00e6ri","isPartOf":{"@id":"https:\/\/velarogverkfaeri.is\/en\/#website"},"primaryImageOfPage":{"@id":"https:\/\/velarogverkfaeri.is\/lykillausnir\/snjallheimili\/snjallir-verdmaetaskapar\/product\/yale-home-snjall-verdmaetaskapur\/#primaryimage"},"image":{"@id":"https:\/\/velarogverkfaeri.is\/lykillausnir\/snjallheimili\/snjallir-verdmaetaskapar\/product\/yale-home-snjall-verdmaetaskapur\/#primaryimage"},"thumbnailUrl":"https:\/\/velarogverkfaeri.is\/wp-content\/uploads\/2023\/12\/6da8b29b-81ec-49ea-b6e4-90c37a71a62d-scaled.jpeg","datePublished":"2023-10-10T11:10:14+00:00","dateModified":"2026-02-19T09:01:32+00:00","breadcrumb":{"@id":"https:\/\/velarogverkfaeri.is\/lykillausnir\/snjallheimili\/snjallir-verdmaetaskapar\/product\/yale-home-snjall-verdmaetaskapur\/#breadcrumb"},"inLanguage":"en-US","potentialAction":[{"@type":"ReadAction","target":["https:\/\/velarogverkfaeri.is\/lykillausnir\/snjallheimili\/snjallir-verdmaetaskapar\/product\/yale-home-snjall-verdmaetaskapur\/"]}]},{"@type":"ImageObject","inLanguage":"en-US","@id":"https:\/\/velarogverkfaeri.is\/lykillausnir\/snjallheimili\/snjallir-verdmaetaskapar\/product\/yale-home-snjall-verdmaetaskapur\/#primaryimage","url":"https:\/\/velarogverkfaeri.is\/wp-content\/uploads\/2023\/12\/6da8b29b-81ec-49ea-b6e4-90c37a71a62d-scaled.jpeg","contentUrl":"https:\/\/velarogverkfaeri.is\/wp-content\/uploads\/2023\/12\/6da8b29b-81ec-49ea-b6e4-90c37a71a62d-scaled.jpeg","width":2560,"height":1967},{"@type":"BreadcrumbList","@id":"https:\/\/velarogverkfaeri.is\/lykillausnir\/snjallheimili\/snjallir-verdmaetaskapar\/product\/yale-home-snjall-verdmaetaskapur\/#breadcrumb","itemListElement":[{"@type":"ListItem","position":1,"name":"Home","item":"https:\/\/velarogverkfaeri.is\/"},{"@type":"ListItem","position":2,"name":"Vefverslun","item":"https:\/\/velarogverkfaeri.is\/vefverslun\/"},{"@type":"ListItem","position":3,"name":"Yale Home Snjall ver\u00f0m\u00e6task\u00e1pur"}]},{"@type":"WebSite","@id":"https:\/\/velarogverkfaeri.is\/en\/#website","url":"https:\/\/velarogverkfaeri.is\/en\/","name":"V\u00e9lar & Verkf\u00e6ri","description":"Umbo\u00f0s- og heildverslun fr\u00e1 \u00e1rinu 1919","publisher":{"@id":"https:\/\/velarogverkfaeri.is\/en\/#organization"},"potentialAction":[{"@type":"SearchAction","target":{"@type":"EntryPoint","urlTemplate":"https:\/\/velarogverkfaeri.is\/en\/?s={search_term_string}"},"query-input":{"@type":"PropertyValueSpecification","valueRequired":true,"valueName":"search_term_string"}}],"inLanguage":"en-US"},{"@type":"Organization","@id":"https:\/\/velarogverkfaeri.is\/en\/#organization","name":"V\u00e9lar & Verkf\u00e6ri","url":"https:\/\/velarogverkfaeri.is\/en\/","logo":{"@type":"ImageObject","inLanguage":"en-US","@id":"https:\/\/velarogverkfaeri.is\/en\/#\/schema\/logo\/image\/","url":"https:\/\/velarogverkfaeri.is\/wp-content\/uploads\/2021\/10\/vv_logo_350x100.png","contentUrl":"https:\/\/velarogverkfaeri.is\/wp-content\/uploads\/2021\/10\/vv_logo_350x100.png","width":350,"height":100,"caption":"V\u00e9lar & Verkf\u00e6ri"},"image":{"@id":"https:\/\/velarogverkfaeri.is\/en\/#\/schema\/logo\/image\/"},"sameAs":["https:\/\/www.facebook.com\/VelarOgVerkfaeri"]}]}},"_links":{"self":[{"href":"https:\/\/velarogverkfaeri.is\/en\/wp-json\/wp\/v2\/product\/50633","targetHints":{"allow":["GET"]}}],"collection":[{"href":"https:\/\/velarogverkfaeri.is\/en\/wp-json\/wp\/v2\/product"}],"about":[{"href":"https:\/\/velarogverkfaeri.is\/en\/wp-json\/wp\/v2\/types\/product"}],"replies":[{"embeddable":true,"href":"https:\/\/velarogverkfaeri.is\/en\/wp-json\/wp\/v2\/comments?post=50633"}],"wp:featuredmedia":[{"embeddable":true,"href":"https:\/\/velarogverkfaeri.is\/en\/wp-json\/wp\/v2\/media\/55779"}],"wp:attachment":[{"href":"https:\/\/velarogverkfaeri.is\/en\/wp-json\/wp\/v2\/media?parent=50633"}],"wp:term":[{"taxonomy":"product_brand","embeddable":true,"href":"https:\/\/velarogverkfaeri.is\/en\/wp-json\/wp\/v2\/product_brand?post=50633"},{"taxonomy":"product_cat","embeddable":true,"href":"https:\/\/velarogverkfaeri.is\/en\/wp-json\/wp\/v2\/product_cat?post=50633"},{"taxonomy":"product_tag","embeddable":true,"href":"https:\/\/velarogverkfaeri.is\/en\/wp-json\/wp\/v2\/product_tag?post=50633"}],"curies":[{"name":"wp","href":"https:\/\/api.w.org\/{rel}","templated":true}]}}