{"id":50256,"date":"2023-10-10T11:13:14","date_gmt":"2023-10-10T11:13:14","guid":{"rendered":"https:\/\/vv-dev.webdev.is\/?post_type=product&#038;p=50256"},"modified":"2026-03-29T11:01:18","modified_gmt":"2026-03-29T11:01:18","slug":"scandtap-eldhustaeki-steel-accent-shadow","status":"publish","type":"product","link":"https:\/\/velarogverkfaeri.is\/en\/honnunarlausnir\/heimilid\/eldhus\/blondunartaeki-eldhus\/product\/scandtap-eldhustaeki-steel-accent-shadow\/","title":{"rendered":"SCANDTAP Eldh\u00fast\u00e6ki STEEL ACCENT Shadow"},"content":{"rendered":"<p class=\"MsoNormal\"><b>Efni: <\/b>Ry\u00f0fr\u00edtt st\u00e1l me\u00f0 PVD (Physical Vapor<br \/>\nDeposition) yfirbor\u00f0i<b><o:p><\/o:p><\/b><\/p>\n<p class=\"MsoNormal\"><b>Litur: <\/b>Svartur mattur<o:p><\/o:p><\/p>\n<p class=\"MsoNormal\"><b>H\u00e6\u00f0: <\/b>425 mm<b><o:p><\/o:p><\/b><\/p>\n<p class=\"MsoNormal\"><b>\u00deverm\u00e1l: <\/b>52 mm<b><o:p><\/o:p><\/b><\/p>\n<p class=\"MsoNormal\"><b>Sn\u00faningsrad\u00edus: 360\u00b0<o:p><\/o:p><\/b><\/p>\n<p class=\"MsoNormal\">\u00datdraganlegt h\u00f6fu\u00f0 au\u00f0veldar a\u00f0 n\u00e1 a\u00f0 skola hornin \u00ed<br \/>\nvaskinum.<o:p><\/o:p><\/p>","protected":false},"excerpt":{"rendered":"<p><span class=\"relative -mx-px my-[-0.2rem] rounded px-px py-[0.2rem] transition-colors duration-100 ease-in-out\">Scandtap <strong data-start=\"9\" data-end=\"38\">Steel Accent Shadow Svart<\/strong> er h\u00e1g\u00e6\u00f0a eldh\u00fast\u00e6ki me\u00f0 n\u00fat\u00edmalegri og minimalist\u00edskri h\u00f6nnun.<\/span><\/p>\n","protected":false},"featured_media":71529,"comment_status":"closed","ping_status":"closed","template":"","meta":[],"product_brand":[],"product_cat":[1057,565,544,518],"product_tag":[950],"class_list":{"0":"post-50256","1":"product","2":"type-product","3":"status-publish","4":"has-post-thumbnail","6":"product_cat-blondunartaeki-eldhus","7":"product_cat-eldhus","8":"product_cat-heimilid","9":"product_cat-honnunarlausnir","10":"product_tag-scandtap","12":"first","13":"instock","14":"taxable","15":"shipping-taxable","16":"purchasable","17":"product-type-simple"},"yoast_head":"<!-- This site is optimized with the Yoast SEO plugin v27.3 - https:\/\/yoast.com\/product\/yoast-seo-wordpress\/ -->\n<title>SCANDTAP Eldh\u00fast\u00e6ki STEEL ACCENT Shadow - V\u00e9lar &amp; Verkf\u00e6ri<\/title>\n<meta name=\"robots\" content=\"index, follow, max-snippet:-1, max-image-preview:large, max-video-preview:-1\" \/>\n<link rel=\"canonical\" href=\"https:\/\/velarogverkfaeri.is\/en\/lykillausnir\/heimilid-lykillausnir\/eldhus-heimilid-lykillausnir\/product\/scandtap-eldhustaeki-steel-accent-shadow\/\" \/>\n<meta property=\"og:locale\" content=\"en_US\" \/>\n<meta property=\"og:type\" content=\"article\" \/>\n<meta property=\"og:title\" content=\"SCANDTAP Eldh\u00fast\u00e6ki STEEL ACCENT Shadow - V\u00e9lar &amp; Verkf\u00e6ri\" \/>\n<meta property=\"og:description\" content=\"Scandtap Steel Accent Shadow Svart er h\u00e1g\u00e6\u00f0a eldh\u00fast\u00e6ki me\u00f0 n\u00fat\u00edmalegri og minimalist\u00edskri h\u00f6nnun.\" \/>\n<meta property=\"og:url\" content=\"https:\/\/velarogverkfaeri.is\/en\/lykillausnir\/heimilid-lykillausnir\/eldhus-heimilid-lykillausnir\/product\/scandtap-eldhustaeki-steel-accent-shadow\/\" \/>\n<meta property=\"og:site_name\" content=\"V\u00e9lar &amp; Verkf\u00e6ri\" \/>\n<meta property=\"article:publisher\" content=\"https:\/\/www.facebook.com\/VelarOgVerkfaeri\" \/>\n<meta property=\"article:modified_time\" content=\"2026-03-29T11:01:18+00:00\" \/>\n<meta property=\"og:image\" content=\"https:\/\/velarogverkfaeri.is\/wp-content\/uploads\/2025\/04\/c30d8c21-59e5-4787-9da0-a73ecca2c4ca.jpeg\" \/>\n\t<meta property=\"og:image:width\" content=\"1200\" \/>\n\t<meta property=\"og:image:height\" content=\"1200\" \/>\n\t<meta property=\"og:image:type\" content=\"image\/jpeg\" \/>\n<meta name=\"twitter:card\" content=\"summary_large_image\" \/>\n<script type=\"application\/ld+json\" class=\"yoast-schema-graph\">{\"@context\":\"https:\\\/\\\/schema.org\",\"@graph\":[{\"@type\":\"WebPage\",\"@id\":\"https:\\\/\\\/velarogverkfaeri.is\\\/lykillausnir\\\/heimilid-lykillausnir\\\/eldhus-heimilid-lykillausnir\\\/product\\\/scandtap-eldhustaeki-steel-accent-shadow\\\/\",\"url\":\"https:\\\/\\\/velarogverkfaeri.is\\\/lykillausnir\\\/heimilid-lykillausnir\\\/eldhus-heimilid-lykillausnir\\\/product\\\/scandtap-eldhustaeki-steel-accent-shadow\\\/\",\"name\":\"SCANDTAP Eldh\u00fast\u00e6ki STEEL ACCENT Shadow - V\u00e9lar &amp; Verkf\u00e6ri\",\"isPartOf\":{\"@id\":\"https:\\\/\\\/velarogverkfaeri.is\\\/en\\\/#website\"},\"primaryImageOfPage\":{\"@id\":\"https:\\\/\\\/velarogverkfaeri.is\\\/lykillausnir\\\/heimilid-lykillausnir\\\/eldhus-heimilid-lykillausnir\\\/product\\\/scandtap-eldhustaeki-steel-accent-shadow\\\/#primaryimage\"},\"image\":{\"@id\":\"https:\\\/\\\/velarogverkfaeri.is\\\/lykillausnir\\\/heimilid-lykillausnir\\\/eldhus-heimilid-lykillausnir\\\/product\\\/scandtap-eldhustaeki-steel-accent-shadow\\\/#primaryimage\"},\"thumbnailUrl\":\"https:\\\/\\\/velarogverkfaeri.is\\\/wp-content\\\/uploads\\\/2025\\\/04\\\/c30d8c21-59e5-4787-9da0-a73ecca2c4ca.jpeg\",\"datePublished\":\"2023-10-10T11:13:14+00:00\",\"dateModified\":\"2026-03-29T11:01:18+00:00\",\"breadcrumb\":{\"@id\":\"https:\\\/\\\/velarogverkfaeri.is\\\/lykillausnir\\\/heimilid-lykillausnir\\\/eldhus-heimilid-lykillausnir\\\/product\\\/scandtap-eldhustaeki-steel-accent-shadow\\\/#breadcrumb\"},\"inLanguage\":\"en-US\",\"potentialAction\":[{\"@type\":\"ReadAction\",\"target\":[\"https:\\\/\\\/velarogverkfaeri.is\\\/lykillausnir\\\/heimilid-lykillausnir\\\/eldhus-heimilid-lykillausnir\\\/product\\\/scandtap-eldhustaeki-steel-accent-shadow\\\/\"]}]},{\"@type\":\"ImageObject\",\"inLanguage\":\"en-US\",\"@id\":\"https:\\\/\\\/velarogverkfaeri.is\\\/lykillausnir\\\/heimilid-lykillausnir\\\/eldhus-heimilid-lykillausnir\\\/product\\\/scandtap-eldhustaeki-steel-accent-shadow\\\/#primaryimage\",\"url\":\"https:\\\/\\\/velarogverkfaeri.is\\\/wp-content\\\/uploads\\\/2025\\\/04\\\/c30d8c21-59e5-4787-9da0-a73ecca2c4ca.jpeg\",\"contentUrl\":\"https:\\\/\\\/velarogverkfaeri.is\\\/wp-content\\\/uploads\\\/2025\\\/04\\\/c30d8c21-59e5-4787-9da0-a73ecca2c4ca.jpeg\",\"width\":1200,\"height\":1200},{\"@type\":\"BreadcrumbList\",\"@id\":\"https:\\\/\\\/velarogverkfaeri.is\\\/lykillausnir\\\/heimilid-lykillausnir\\\/eldhus-heimilid-lykillausnir\\\/product\\\/scandtap-eldhustaeki-steel-accent-shadow\\\/#breadcrumb\",\"itemListElement\":[{\"@type\":\"ListItem\",\"position\":1,\"name\":\"Home\",\"item\":\"https:\\\/\\\/velarogverkfaeri.is\\\/\"},{\"@type\":\"ListItem\",\"position\":2,\"name\":\"Vefverslun\",\"item\":\"https:\\\/\\\/velarogverkfaeri.is\\\/vefverslun\\\/\"},{\"@type\":\"ListItem\",\"position\":3,\"name\":\"SCANDTAP Eldh\u00fast\u00e6ki STEEL ACCENT Shadow\"}]},{\"@type\":\"WebSite\",\"@id\":\"https:\\\/\\\/velarogverkfaeri.is\\\/en\\\/#website\",\"url\":\"https:\\\/\\\/velarogverkfaeri.is\\\/en\\\/\",\"name\":\"V\u00e9lar & Verkf\u00e6ri\",\"description\":\"Umbo\u00f0s- og heildverslun fr\u00e1 \u00e1rinu 1919\",\"publisher\":{\"@id\":\"https:\\\/\\\/velarogverkfaeri.is\\\/en\\\/#organization\"},\"potentialAction\":[{\"@type\":\"SearchAction\",\"target\":{\"@type\":\"EntryPoint\",\"urlTemplate\":\"https:\\\/\\\/velarogverkfaeri.is\\\/en\\\/?s={search_term_string}\"},\"query-input\":{\"@type\":\"PropertyValueSpecification\",\"valueRequired\":true,\"valueName\":\"search_term_string\"}}],\"inLanguage\":\"en-US\"},{\"@type\":\"Organization\",\"@id\":\"https:\\\/\\\/velarogverkfaeri.is\\\/en\\\/#organization\",\"name\":\"V\u00e9lar & Verkf\u00e6ri\",\"url\":\"https:\\\/\\\/velarogverkfaeri.is\\\/en\\\/\",\"logo\":{\"@type\":\"ImageObject\",\"inLanguage\":\"en-US\",\"@id\":\"https:\\\/\\\/velarogverkfaeri.is\\\/en\\\/#\\\/schema\\\/logo\\\/image\\\/\",\"url\":\"https:\\\/\\\/velarogverkfaeri.is\\\/wp-content\\\/uploads\\\/2021\\\/10\\\/vv_logo_350x100.png\",\"contentUrl\":\"https:\\\/\\\/velarogverkfaeri.is\\\/wp-content\\\/uploads\\\/2021\\\/10\\\/vv_logo_350x100.png\",\"width\":350,\"height\":100,\"caption\":\"V\u00e9lar & Verkf\u00e6ri\"},\"image\":{\"@id\":\"https:\\\/\\\/velarogverkfaeri.is\\\/en\\\/#\\\/schema\\\/logo\\\/image\\\/\"},\"sameAs\":[\"https:\\\/\\\/www.facebook.com\\\/VelarOgVerkfaeri\"]}]}<\/script>\n<!-- \/ Yoast SEO plugin. -->","yoast_head_json":{"title":"SCANDTAP Eldh\u00fast\u00e6ki STEEL ACCENT Shadow - V\u00e9lar &amp; Verkf\u00e6ri","robots":{"index":"index","follow":"follow","max-snippet":"max-snippet:-1","max-image-preview":"max-image-preview:large","max-video-preview":"max-video-preview:-1"},"canonical":"https:\/\/velarogverkfaeri.is\/en\/lykillausnir\/heimilid-lykillausnir\/eldhus-heimilid-lykillausnir\/product\/scandtap-eldhustaeki-steel-accent-shadow\/","og_locale":"en_US","og_type":"article","og_title":"SCANDTAP Eldh\u00fast\u00e6ki STEEL ACCENT Shadow - V\u00e9lar &amp; Verkf\u00e6ri","og_description":"Scandtap Steel Accent Shadow Svart er h\u00e1g\u00e6\u00f0a eldh\u00fast\u00e6ki me\u00f0 n\u00fat\u00edmalegri og minimalist\u00edskri h\u00f6nnun.","og_url":"https:\/\/velarogverkfaeri.is\/en\/lykillausnir\/heimilid-lykillausnir\/eldhus-heimilid-lykillausnir\/product\/scandtap-eldhustaeki-steel-accent-shadow\/","og_site_name":"V\u00e9lar &amp; Verkf\u00e6ri","article_publisher":"https:\/\/www.facebook.com\/VelarOgVerkfaeri","article_modified_time":"2026-03-29T11:01:18+00:00","og_image":[{"width":1200,"height":1200,"url":"https:\/\/velarogverkfaeri.is\/wp-content\/uploads\/2025\/04\/c30d8c21-59e5-4787-9da0-a73ecca2c4ca.jpeg","type":"image\/jpeg"}],"twitter_card":"summary_large_image","schema":{"@context":"https:\/\/schema.org","@graph":[{"@type":"WebPage","@id":"https:\/\/velarogverkfaeri.is\/lykillausnir\/heimilid-lykillausnir\/eldhus-heimilid-lykillausnir\/product\/scandtap-eldhustaeki-steel-accent-shadow\/","url":"https:\/\/velarogverkfaeri.is\/lykillausnir\/heimilid-lykillausnir\/eldhus-heimilid-lykillausnir\/product\/scandtap-eldhustaeki-steel-accent-shadow\/","name":"SCANDTAP Eldh\u00fast\u00e6ki STEEL ACCENT Shadow - V\u00e9lar &amp; Verkf\u00e6ri","isPartOf":{"@id":"https:\/\/velarogverkfaeri.is\/en\/#website"},"primaryImageOfPage":{"@id":"https:\/\/velarogverkfaeri.is\/lykillausnir\/heimilid-lykillausnir\/eldhus-heimilid-lykillausnir\/product\/scandtap-eldhustaeki-steel-accent-shadow\/#primaryimage"},"image":{"@id":"https:\/\/velarogverkfaeri.is\/lykillausnir\/heimilid-lykillausnir\/eldhus-heimilid-lykillausnir\/product\/scandtap-eldhustaeki-steel-accent-shadow\/#primaryimage"},"thumbnailUrl":"https:\/\/velarogverkfaeri.is\/wp-content\/uploads\/2025\/04\/c30d8c21-59e5-4787-9da0-a73ecca2c4ca.jpeg","datePublished":"2023-10-10T11:13:14+00:00","dateModified":"2026-03-29T11:01:18+00:00","breadcrumb":{"@id":"https:\/\/velarogverkfaeri.is\/lykillausnir\/heimilid-lykillausnir\/eldhus-heimilid-lykillausnir\/product\/scandtap-eldhustaeki-steel-accent-shadow\/#breadcrumb"},"inLanguage":"en-US","potentialAction":[{"@type":"ReadAction","target":["https:\/\/velarogverkfaeri.is\/lykillausnir\/heimilid-lykillausnir\/eldhus-heimilid-lykillausnir\/product\/scandtap-eldhustaeki-steel-accent-shadow\/"]}]},{"@type":"ImageObject","inLanguage":"en-US","@id":"https:\/\/velarogverkfaeri.is\/lykillausnir\/heimilid-lykillausnir\/eldhus-heimilid-lykillausnir\/product\/scandtap-eldhustaeki-steel-accent-shadow\/#primaryimage","url":"https:\/\/velarogverkfaeri.is\/wp-content\/uploads\/2025\/04\/c30d8c21-59e5-4787-9da0-a73ecca2c4ca.jpeg","contentUrl":"https:\/\/velarogverkfaeri.is\/wp-content\/uploads\/2025\/04\/c30d8c21-59e5-4787-9da0-a73ecca2c4ca.jpeg","width":1200,"height":1200},{"@type":"BreadcrumbList","@id":"https:\/\/velarogverkfaeri.is\/lykillausnir\/heimilid-lykillausnir\/eldhus-heimilid-lykillausnir\/product\/scandtap-eldhustaeki-steel-accent-shadow\/#breadcrumb","itemListElement":[{"@type":"ListItem","position":1,"name":"Home","item":"https:\/\/velarogverkfaeri.is\/"},{"@type":"ListItem","position":2,"name":"Vefverslun","item":"https:\/\/velarogverkfaeri.is\/vefverslun\/"},{"@type":"ListItem","position":3,"name":"SCANDTAP Eldh\u00fast\u00e6ki STEEL ACCENT Shadow"}]},{"@type":"WebSite","@id":"https:\/\/velarogverkfaeri.is\/en\/#website","url":"https:\/\/velarogverkfaeri.is\/en\/","name":"V\u00e9lar & Verkf\u00e6ri","description":"Umbo\u00f0s- og heildverslun fr\u00e1 \u00e1rinu 1919","publisher":{"@id":"https:\/\/velarogverkfaeri.is\/en\/#organization"},"potentialAction":[{"@type":"SearchAction","target":{"@type":"EntryPoint","urlTemplate":"https:\/\/velarogverkfaeri.is\/en\/?s={search_term_string}"},"query-input":{"@type":"PropertyValueSpecification","valueRequired":true,"valueName":"search_term_string"}}],"inLanguage":"en-US"},{"@type":"Organization","@id":"https:\/\/velarogverkfaeri.is\/en\/#organization","name":"V\u00e9lar & Verkf\u00e6ri","url":"https:\/\/velarogverkfaeri.is\/en\/","logo":{"@type":"ImageObject","inLanguage":"en-US","@id":"https:\/\/velarogverkfaeri.is\/en\/#\/schema\/logo\/image\/","url":"https:\/\/velarogverkfaeri.is\/wp-content\/uploads\/2021\/10\/vv_logo_350x100.png","contentUrl":"https:\/\/velarogverkfaeri.is\/wp-content\/uploads\/2021\/10\/vv_logo_350x100.png","width":350,"height":100,"caption":"V\u00e9lar & Verkf\u00e6ri"},"image":{"@id":"https:\/\/velarogverkfaeri.is\/en\/#\/schema\/logo\/image\/"},"sameAs":["https:\/\/www.facebook.com\/VelarOgVerkfaeri"]}]}},"_links":{"self":[{"href":"https:\/\/velarogverkfaeri.is\/en\/wp-json\/wp\/v2\/product\/50256","targetHints":{"allow":["GET"]}}],"collection":[{"href":"https:\/\/velarogverkfaeri.is\/en\/wp-json\/wp\/v2\/product"}],"about":[{"href":"https:\/\/velarogverkfaeri.is\/en\/wp-json\/wp\/v2\/types\/product"}],"replies":[{"embeddable":true,"href":"https:\/\/velarogverkfaeri.is\/en\/wp-json\/wp\/v2\/comments?post=50256"}],"wp:featuredmedia":[{"embeddable":true,"href":"https:\/\/velarogverkfaeri.is\/en\/wp-json\/wp\/v2\/media\/71529"}],"wp:attachment":[{"href":"https:\/\/velarogverkfaeri.is\/en\/wp-json\/wp\/v2\/media?parent=50256"}],"wp:term":[{"taxonomy":"product_brand","embeddable":true,"href":"https:\/\/velarogverkfaeri.is\/en\/wp-json\/wp\/v2\/product_brand?post=50256"},{"taxonomy":"product_cat","embeddable":true,"href":"https:\/\/velarogverkfaeri.is\/en\/wp-json\/wp\/v2\/product_cat?post=50256"},{"taxonomy":"product_tag","embeddable":true,"href":"https:\/\/velarogverkfaeri.is\/en\/wp-json\/wp\/v2\/product_tag?post=50256"}],"curies":[{"name":"wp","href":"https:\/\/api.w.org\/{rel}","templated":true}]}}