{"id":50219,"date":"2023-10-10T11:13:32","date_gmt":"2023-10-10T11:13:32","guid":{"rendered":"https:\/\/vv-dev.webdev.is\/?post_type=product&#038;p=50219"},"modified":"2026-01-28T14:16:38","modified_gmt":"2026-01-28T14:16:38","slug":"nexa-design-line-slokkvitaeki-1-kg-duft-hvitt","status":"publish","type":"product","link":"https:\/\/velarogverkfaeri.is\/en\/lykillausnir\/oryggisvorur\/eldvarnir-og-slokkvutaeki\/product\/nexa-design-line-slokkvitaeki-1-kg-duft-hvitt\/","title":{"rendered":"NEXA Design Line sl\u00f6kkvit\u00e6ki 1 kg duft hv\u00edtt"},"content":{"rendered":"<p><font color=\"#666666\" face=\"Roboto, Arial, sans-serif\"><span style=\"font-size: 18px;\">Duftsl\u00f6kkvit\u00e6ki eru a\u00f0 minnsta kosti jafn \u00f6flug og a\u00f0rar ger\u00f0ir af sl\u00f6kkvit\u00e6kjum og \u00feau \u00feurfa l\u00edti\u00f0 vi\u00f0hald.&nbsp;<\/span><\/font><\/p>\n<p><\/p>","protected":false},"excerpt":{"rendered":"<p>Gl\u00e6silegt duftsl\u00f6kkvit\u00e6ki me\u00f0 \u00feurru ABC-dufti. Duftsl\u00f6kkvit\u00e6ki eru frost\u00feolin og lei\u00f0a ekki rafmagn. Nett auka sl\u00f6kkvit\u00e6ki fyrir geymsluna, b\u00edlinn e\u00f0a tjaldvagninn.<\/p>\n<p>Afk\u00f6st: 8A og 34 B\/C<\/p>\n<p>Notkunart\u00edmi: 7 sek<\/p>\n<p>M\u00e6lir og veggfesting fylgja me\u00f0<\/p>","protected":false},"featured_media":54256,"comment_status":"closed","ping_status":"closed","template":"","meta":[],"product_brand":[],"product_cat":[699,517,602],"product_tag":[986,1110,1029],"class_list":{"0":"post-50219","1":"product","2":"type-product","3":"status-publish","4":"has-post-thumbnail","6":"product_cat-eldvarnir-og-slokkvutaeki","7":"product_cat-lykillausnir","8":"product_cat-oryggisvorur","9":"product_tag-nexa","10":"product_tag-nexahvitt","11":"product_tag-sumaroryggi","13":"first","14":"instock","15":"taxable","16":"shipping-taxable","17":"purchasable","18":"product-type-simple"},"yoast_head":"<!-- This site is optimized with the Yoast SEO plugin v27.3 - https:\/\/yoast.com\/product\/yoast-seo-wordpress\/ -->\n<title>NEXA Design Line sl\u00f6kkvit\u00e6ki 1 kg duft hv\u00edtt - V\u00e9lar &amp; Verkf\u00e6ri<\/title>\n<meta name=\"robots\" content=\"index, follow, max-snippet:-1, max-image-preview:large, max-video-preview:-1\" \/>\n<link rel=\"canonical\" href=\"https:\/\/velarogverkfaeri.is\/en\/lykillausnir\/oryggisvorur\/eldvarnir-og-slokkvutaeki\/product\/nexa-design-line-slokkvitaeki-1-kg-duft-hvitt\/\" \/>\n<meta property=\"og:locale\" content=\"en_US\" \/>\n<meta property=\"og:type\" content=\"article\" \/>\n<meta property=\"og:title\" content=\"NEXA Design Line sl\u00f6kkvit\u00e6ki 1 kg duft hv\u00edtt - V\u00e9lar &amp; Verkf\u00e6ri\" \/>\n<meta property=\"og:description\" content=\"Gl\u00e6silegt duftsl\u00f6kkvit\u00e6ki me\u00f0 \u00feurru ABC-dufti. Duftsl\u00f6kkvit\u00e6ki eru frost\u00feolin og lei\u00f0a ekki rafmagn. Nett auka sl\u00f6kkvit\u00e6ki fyrir geymsluna, b\u00edlinn e\u00f0a tjaldvagninn.Afk\u00f6st: 8A og 34 B\/CNotkunart\u00edmi: 7 sekM\u00e6lir og veggfesting fylgja me\u00f0\" \/>\n<meta property=\"og:url\" content=\"https:\/\/velarogverkfaeri.is\/en\/lykillausnir\/oryggisvorur\/eldvarnir-og-slokkvutaeki\/product\/nexa-design-line-slokkvitaeki-1-kg-duft-hvitt\/\" \/>\n<meta property=\"og:site_name\" content=\"V\u00e9lar &amp; Verkf\u00e6ri\" \/>\n<meta property=\"article:publisher\" content=\"https:\/\/www.facebook.com\/VelarOgVerkfaeri\" \/>\n<meta property=\"article:modified_time\" content=\"2026-01-28T14:16:38+00:00\" \/>\n<meta property=\"og:image\" content=\"https:\/\/velarogverkfaeri.is\/wp-content\/uploads\/2023\/11\/a9ef2641-b95e-42fe-9670-65d072fcc0c2.jpg\" \/>\n\t<meta property=\"og:image:width\" content=\"1200\" \/>\n\t<meta property=\"og:image:height\" content=\"950\" \/>\n\t<meta property=\"og:image:type\" content=\"image\/jpeg\" \/>\n<meta name=\"twitter:card\" content=\"summary_large_image\" \/>\n<script type=\"application\/ld+json\" class=\"yoast-schema-graph\">{\"@context\":\"https:\\\/\\\/schema.org\",\"@graph\":[{\"@type\":\"WebPage\",\"@id\":\"https:\\\/\\\/velarogverkfaeri.is\\\/lykillausnir\\\/oryggisvorur\\\/eldvarnir-og-slokkvutaeki\\\/product\\\/nexa-design-line-slokkvitaeki-1-kg-duft-hvitt\\\/\",\"url\":\"https:\\\/\\\/velarogverkfaeri.is\\\/lykillausnir\\\/oryggisvorur\\\/eldvarnir-og-slokkvutaeki\\\/product\\\/nexa-design-line-slokkvitaeki-1-kg-duft-hvitt\\\/\",\"name\":\"NEXA Design Line sl\u00f6kkvit\u00e6ki 1 kg duft hv\u00edtt - V\u00e9lar &amp; Verkf\u00e6ri\",\"isPartOf\":{\"@id\":\"https:\\\/\\\/velarogverkfaeri.is\\\/en\\\/#website\"},\"primaryImageOfPage\":{\"@id\":\"https:\\\/\\\/velarogverkfaeri.is\\\/lykillausnir\\\/oryggisvorur\\\/eldvarnir-og-slokkvutaeki\\\/product\\\/nexa-design-line-slokkvitaeki-1-kg-duft-hvitt\\\/#primaryimage\"},\"image\":{\"@id\":\"https:\\\/\\\/velarogverkfaeri.is\\\/lykillausnir\\\/oryggisvorur\\\/eldvarnir-og-slokkvutaeki\\\/product\\\/nexa-design-line-slokkvitaeki-1-kg-duft-hvitt\\\/#primaryimage\"},\"thumbnailUrl\":\"https:\\\/\\\/velarogverkfaeri.is\\\/wp-content\\\/uploads\\\/2023\\\/11\\\/a9ef2641-b95e-42fe-9670-65d072fcc0c2.jpg\",\"datePublished\":\"2023-10-10T11:13:32+00:00\",\"dateModified\":\"2026-01-28T14:16:38+00:00\",\"breadcrumb\":{\"@id\":\"https:\\\/\\\/velarogverkfaeri.is\\\/lykillausnir\\\/oryggisvorur\\\/eldvarnir-og-slokkvutaeki\\\/product\\\/nexa-design-line-slokkvitaeki-1-kg-duft-hvitt\\\/#breadcrumb\"},\"inLanguage\":\"en-US\",\"potentialAction\":[{\"@type\":\"ReadAction\",\"target\":[\"https:\\\/\\\/velarogverkfaeri.is\\\/lykillausnir\\\/oryggisvorur\\\/eldvarnir-og-slokkvutaeki\\\/product\\\/nexa-design-line-slokkvitaeki-1-kg-duft-hvitt\\\/\"]}]},{\"@type\":\"ImageObject\",\"inLanguage\":\"en-US\",\"@id\":\"https:\\\/\\\/velarogverkfaeri.is\\\/lykillausnir\\\/oryggisvorur\\\/eldvarnir-og-slokkvutaeki\\\/product\\\/nexa-design-line-slokkvitaeki-1-kg-duft-hvitt\\\/#primaryimage\",\"url\":\"https:\\\/\\\/velarogverkfaeri.is\\\/wp-content\\\/uploads\\\/2023\\\/11\\\/a9ef2641-b95e-42fe-9670-65d072fcc0c2.jpg\",\"contentUrl\":\"https:\\\/\\\/velarogverkfaeri.is\\\/wp-content\\\/uploads\\\/2023\\\/11\\\/a9ef2641-b95e-42fe-9670-65d072fcc0c2.jpg\",\"width\":1200,\"height\":950},{\"@type\":\"BreadcrumbList\",\"@id\":\"https:\\\/\\\/velarogverkfaeri.is\\\/lykillausnir\\\/oryggisvorur\\\/eldvarnir-og-slokkvutaeki\\\/product\\\/nexa-design-line-slokkvitaeki-1-kg-duft-hvitt\\\/#breadcrumb\",\"itemListElement\":[{\"@type\":\"ListItem\",\"position\":1,\"name\":\"Home\",\"item\":\"https:\\\/\\\/velarogverkfaeri.is\\\/\"},{\"@type\":\"ListItem\",\"position\":2,\"name\":\"Vefverslun\",\"item\":\"https:\\\/\\\/velarogverkfaeri.is\\\/vefverslun\\\/\"},{\"@type\":\"ListItem\",\"position\":3,\"name\":\"NEXA Design Line sl\u00f6kkvit\u00e6ki 1 kg duft hv\u00edtt\"}]},{\"@type\":\"WebSite\",\"@id\":\"https:\\\/\\\/velarogverkfaeri.is\\\/en\\\/#website\",\"url\":\"https:\\\/\\\/velarogverkfaeri.is\\\/en\\\/\",\"name\":\"V\u00e9lar & Verkf\u00e6ri\",\"description\":\"Umbo\u00f0s- og heildverslun fr\u00e1 \u00e1rinu 1919\",\"publisher\":{\"@id\":\"https:\\\/\\\/velarogverkfaeri.is\\\/en\\\/#organization\"},\"potentialAction\":[{\"@type\":\"SearchAction\",\"target\":{\"@type\":\"EntryPoint\",\"urlTemplate\":\"https:\\\/\\\/velarogverkfaeri.is\\\/en\\\/?s={search_term_string}\"},\"query-input\":{\"@type\":\"PropertyValueSpecification\",\"valueRequired\":true,\"valueName\":\"search_term_string\"}}],\"inLanguage\":\"en-US\"},{\"@type\":\"Organization\",\"@id\":\"https:\\\/\\\/velarogverkfaeri.is\\\/en\\\/#organization\",\"name\":\"V\u00e9lar & Verkf\u00e6ri\",\"url\":\"https:\\\/\\\/velarogverkfaeri.is\\\/en\\\/\",\"logo\":{\"@type\":\"ImageObject\",\"inLanguage\":\"en-US\",\"@id\":\"https:\\\/\\\/velarogverkfaeri.is\\\/en\\\/#\\\/schema\\\/logo\\\/image\\\/\",\"url\":\"https:\\\/\\\/velarogverkfaeri.is\\\/wp-content\\\/uploads\\\/2021\\\/10\\\/vv_logo_350x100.png\",\"contentUrl\":\"https:\\\/\\\/velarogverkfaeri.is\\\/wp-content\\\/uploads\\\/2021\\\/10\\\/vv_logo_350x100.png\",\"width\":350,\"height\":100,\"caption\":\"V\u00e9lar & Verkf\u00e6ri\"},\"image\":{\"@id\":\"https:\\\/\\\/velarogverkfaeri.is\\\/en\\\/#\\\/schema\\\/logo\\\/image\\\/\"},\"sameAs\":[\"https:\\\/\\\/www.facebook.com\\\/VelarOgVerkfaeri\"]}]}<\/script>\n<!-- \/ Yoast SEO plugin. -->","yoast_head_json":{"title":"NEXA Design Line sl\u00f6kkvit\u00e6ki 1 kg duft hv\u00edtt - V\u00e9lar &amp; Verkf\u00e6ri","robots":{"index":"index","follow":"follow","max-snippet":"max-snippet:-1","max-image-preview":"max-image-preview:large","max-video-preview":"max-video-preview:-1"},"canonical":"https:\/\/velarogverkfaeri.is\/en\/lykillausnir\/oryggisvorur\/eldvarnir-og-slokkvutaeki\/product\/nexa-design-line-slokkvitaeki-1-kg-duft-hvitt\/","og_locale":"en_US","og_type":"article","og_title":"NEXA Design Line sl\u00f6kkvit\u00e6ki 1 kg duft hv\u00edtt - V\u00e9lar &amp; Verkf\u00e6ri","og_description":"Gl\u00e6silegt duftsl\u00f6kkvit\u00e6ki me\u00f0 \u00feurru ABC-dufti. Duftsl\u00f6kkvit\u00e6ki eru frost\u00feolin og lei\u00f0a ekki rafmagn. Nett auka sl\u00f6kkvit\u00e6ki fyrir geymsluna, b\u00edlinn e\u00f0a tjaldvagninn.Afk\u00f6st: 8A og 34 B\/CNotkunart\u00edmi: 7 sekM\u00e6lir og veggfesting fylgja me\u00f0","og_url":"https:\/\/velarogverkfaeri.is\/en\/lykillausnir\/oryggisvorur\/eldvarnir-og-slokkvutaeki\/product\/nexa-design-line-slokkvitaeki-1-kg-duft-hvitt\/","og_site_name":"V\u00e9lar &amp; Verkf\u00e6ri","article_publisher":"https:\/\/www.facebook.com\/VelarOgVerkfaeri","article_modified_time":"2026-01-28T14:16:38+00:00","og_image":[{"width":1200,"height":950,"url":"https:\/\/velarogverkfaeri.is\/wp-content\/uploads\/2023\/11\/a9ef2641-b95e-42fe-9670-65d072fcc0c2.jpg","type":"image\/jpeg"}],"twitter_card":"summary_large_image","schema":{"@context":"https:\/\/schema.org","@graph":[{"@type":"WebPage","@id":"https:\/\/velarogverkfaeri.is\/lykillausnir\/oryggisvorur\/eldvarnir-og-slokkvutaeki\/product\/nexa-design-line-slokkvitaeki-1-kg-duft-hvitt\/","url":"https:\/\/velarogverkfaeri.is\/lykillausnir\/oryggisvorur\/eldvarnir-og-slokkvutaeki\/product\/nexa-design-line-slokkvitaeki-1-kg-duft-hvitt\/","name":"NEXA Design Line sl\u00f6kkvit\u00e6ki 1 kg duft hv\u00edtt - V\u00e9lar &amp; Verkf\u00e6ri","isPartOf":{"@id":"https:\/\/velarogverkfaeri.is\/en\/#website"},"primaryImageOfPage":{"@id":"https:\/\/velarogverkfaeri.is\/lykillausnir\/oryggisvorur\/eldvarnir-og-slokkvutaeki\/product\/nexa-design-line-slokkvitaeki-1-kg-duft-hvitt\/#primaryimage"},"image":{"@id":"https:\/\/velarogverkfaeri.is\/lykillausnir\/oryggisvorur\/eldvarnir-og-slokkvutaeki\/product\/nexa-design-line-slokkvitaeki-1-kg-duft-hvitt\/#primaryimage"},"thumbnailUrl":"https:\/\/velarogverkfaeri.is\/wp-content\/uploads\/2023\/11\/a9ef2641-b95e-42fe-9670-65d072fcc0c2.jpg","datePublished":"2023-10-10T11:13:32+00:00","dateModified":"2026-01-28T14:16:38+00:00","breadcrumb":{"@id":"https:\/\/velarogverkfaeri.is\/lykillausnir\/oryggisvorur\/eldvarnir-og-slokkvutaeki\/product\/nexa-design-line-slokkvitaeki-1-kg-duft-hvitt\/#breadcrumb"},"inLanguage":"en-US","potentialAction":[{"@type":"ReadAction","target":["https:\/\/velarogverkfaeri.is\/lykillausnir\/oryggisvorur\/eldvarnir-og-slokkvutaeki\/product\/nexa-design-line-slokkvitaeki-1-kg-duft-hvitt\/"]}]},{"@type":"ImageObject","inLanguage":"en-US","@id":"https:\/\/velarogverkfaeri.is\/lykillausnir\/oryggisvorur\/eldvarnir-og-slokkvutaeki\/product\/nexa-design-line-slokkvitaeki-1-kg-duft-hvitt\/#primaryimage","url":"https:\/\/velarogverkfaeri.is\/wp-content\/uploads\/2023\/11\/a9ef2641-b95e-42fe-9670-65d072fcc0c2.jpg","contentUrl":"https:\/\/velarogverkfaeri.is\/wp-content\/uploads\/2023\/11\/a9ef2641-b95e-42fe-9670-65d072fcc0c2.jpg","width":1200,"height":950},{"@type":"BreadcrumbList","@id":"https:\/\/velarogverkfaeri.is\/lykillausnir\/oryggisvorur\/eldvarnir-og-slokkvutaeki\/product\/nexa-design-line-slokkvitaeki-1-kg-duft-hvitt\/#breadcrumb","itemListElement":[{"@type":"ListItem","position":1,"name":"Home","item":"https:\/\/velarogverkfaeri.is\/"},{"@type":"ListItem","position":2,"name":"Vefverslun","item":"https:\/\/velarogverkfaeri.is\/vefverslun\/"},{"@type":"ListItem","position":3,"name":"NEXA Design Line sl\u00f6kkvit\u00e6ki 1 kg duft hv\u00edtt"}]},{"@type":"WebSite","@id":"https:\/\/velarogverkfaeri.is\/en\/#website","url":"https:\/\/velarogverkfaeri.is\/en\/","name":"V\u00e9lar & Verkf\u00e6ri","description":"Umbo\u00f0s- og heildverslun fr\u00e1 \u00e1rinu 1919","publisher":{"@id":"https:\/\/velarogverkfaeri.is\/en\/#organization"},"potentialAction":[{"@type":"SearchAction","target":{"@type":"EntryPoint","urlTemplate":"https:\/\/velarogverkfaeri.is\/en\/?s={search_term_string}"},"query-input":{"@type":"PropertyValueSpecification","valueRequired":true,"valueName":"search_term_string"}}],"inLanguage":"en-US"},{"@type":"Organization","@id":"https:\/\/velarogverkfaeri.is\/en\/#organization","name":"V\u00e9lar & Verkf\u00e6ri","url":"https:\/\/velarogverkfaeri.is\/en\/","logo":{"@type":"ImageObject","inLanguage":"en-US","@id":"https:\/\/velarogverkfaeri.is\/en\/#\/schema\/logo\/image\/","url":"https:\/\/velarogverkfaeri.is\/wp-content\/uploads\/2021\/10\/vv_logo_350x100.png","contentUrl":"https:\/\/velarogverkfaeri.is\/wp-content\/uploads\/2021\/10\/vv_logo_350x100.png","width":350,"height":100,"caption":"V\u00e9lar & Verkf\u00e6ri"},"image":{"@id":"https:\/\/velarogverkfaeri.is\/en\/#\/schema\/logo\/image\/"},"sameAs":["https:\/\/www.facebook.com\/VelarOgVerkfaeri"]}]}},"_links":{"self":[{"href":"https:\/\/velarogverkfaeri.is\/en\/wp-json\/wp\/v2\/product\/50219","targetHints":{"allow":["GET"]}}],"collection":[{"href":"https:\/\/velarogverkfaeri.is\/en\/wp-json\/wp\/v2\/product"}],"about":[{"href":"https:\/\/velarogverkfaeri.is\/en\/wp-json\/wp\/v2\/types\/product"}],"replies":[{"embeddable":true,"href":"https:\/\/velarogverkfaeri.is\/en\/wp-json\/wp\/v2\/comments?post=50219"}],"wp:featuredmedia":[{"embeddable":true,"href":"https:\/\/velarogverkfaeri.is\/en\/wp-json\/wp\/v2\/media\/54256"}],"wp:attachment":[{"href":"https:\/\/velarogverkfaeri.is\/en\/wp-json\/wp\/v2\/media?parent=50219"}],"wp:term":[{"taxonomy":"product_brand","embeddable":true,"href":"https:\/\/velarogverkfaeri.is\/en\/wp-json\/wp\/v2\/product_brand?post=50219"},{"taxonomy":"product_cat","embeddable":true,"href":"https:\/\/velarogverkfaeri.is\/en\/wp-json\/wp\/v2\/product_cat?post=50219"},{"taxonomy":"product_tag","embeddable":true,"href":"https:\/\/velarogverkfaeri.is\/en\/wp-json\/wp\/v2\/product_tag?post=50219"}],"curies":[{"name":"wp","href":"https:\/\/api.w.org\/{rel}","templated":true}]}}