{"id":50170,"date":"2023-10-10T11:13:59","date_gmt":"2023-10-10T11:13:59","guid":{"rendered":"https:\/\/vv-dev.webdev.is\/?post_type=product&#038;p=50170"},"modified":"2026-02-17T14:03:13","modified_gmt":"2026-02-17T14:03:13","slug":"randi-sylinderhringur-fyrir-assa-18mm-svartur-pvd-110028a18u","status":"publish","type":"product","link":"https:\/\/velarogverkfaeri.is\/en\/lykillausnir\/hurdabunadur-lykillausnir\/sylinderhringir\/product\/randi-sylinderhringur-fyrir-assa-18mm-svartur-pvd-110028a18u\/","title":{"rendered":"RANDI Sylinderhringur fyrir ASSA 18mm Svartur PVD 110028A18U"},"content":{"rendered":"<p><img decoding=\"async\" src=\"data:image\/png;base64,iVBORw0KGgoAAAANSUhEUgAAAI4AAAAaCAYAAABhCmRdAAAAAXNSR0IArs4c6QAAAARnQU1BAACxjwv8YQUAAAAJcEhZcwAADsMAAA7DAcdvqGQAAAetSURBVGhD7ZoBTFT3Hce\/mwssJseyAXXBSzPGbFVqDfakpLAwLhM4I55pvbOT07lbTICgVChnVRg5z7bHNRXcCGfacW0RNoWZCKwFmbvTVBYGDuooCG4nFg+nVbOMS40Qydvv\/95fuHqcyO2imL1P8njv9\/v93\/u\/e+93v+\/vD3xDICAjM0e+yfcyMnNCThyZoJATRyYo5MSRCQo5cWSCQk4cmaCQE0cmKPwTZ6QOG+JX45kHba\/UwUNDz+xhtgGOEenUmfDUGvDM85mw9nDHLHgcNJ7mKDrNHU86kxNwf1qHIr0a+2b6TJO30G4xIlmdCXV6JpLX5aHiUy8Pzl\/8E2dhLDI2aqHjW9LTklv50rRPtyYW4ZJ7VsbGJ8T9+FfS\/v+HCfQezoM6VQfzXxT40fe8uMMj00zgzP5sVH+\/FE5nG5ztbeg4ooOnxICKfj5kvsJ+c\/wgTr+hEpYsVwmFLu7wQYplCzVfcEcIuFKTHXC+J4tx4Z8XLgl37koWe1b+n+msUPhiudDDrXvc+bhYSKsY5Nb8JCQ9zpd\/q0O+JlmUmBUpRli7pkvtTNIzdp7Gr1NLsrdKjU17muAe58H78XagKJXGPU+SOMwcZLPz9Ha0OEzQJDG5XA2V\/hA6fSv8pBe9PvEVGn8JuHHKhk0p0n2L92FxweN7H9ddMG9WYwWLxydDtdmG9pGHrZxhiFtKlXkBNwPw7Yct3fc4XQrVW93Sva\/TQ61WQ7WuFC3XKSber5YkTwtVihb5R4cx\/XHouSXZ0MnGbNFDQ7KoStGj6JNbU3LJzlOnqKEuaAz8PjghSJwhOCzNQKIGup\/GAv\/ug2OnHZ2TPHw\/PTZoNh9Cu\/cHyGKy9+MoDDQfgCanCTf4kCm83TD\/7DW03IxE1q\/tMNLlp+h3YC9NuypDi6yVkRjrr8PWtzp4kEmADpvedWFsWSbJayYSxrthzyHZ4L3WOL0ADT2ggSgtyg7aUJYVhd6jJqj3uKSHfZsetNaE+sEobCy1oapUg+jPGynhS9B+W7xECEjGxgwnzO\/7vGBvHyo+vArDy89yhz9jze+gGrk49scGkjgnnK8D1rzXsH3\/MAwfNJHkNeHcmUrEN+ai4jw\/ieFtg7kG2PVhA1pJFs+1FgDlBdi+0wL3q4fF85xnnXj\/uSZsrezjJwWAV56AzC5V64W3P+MO4uTrku\/g55L9dem5KTRs85e3Kcnz+Iz\/0yWhRifNra25xEcyqLyTb8maSqGHy4Bw18l91UI\/sy9UC2nM3tkq\/EccQFxrEPTM98ZZ0ZTm1AnVF0WTGBWarRZh769OSNdwlYhzZ9qn577ycSXFLULDBe6YAzNLFWOMYhnCkhczhLQ1GcILK7LpnsZ5bAbYfdHnusNNiUHh4Br\/luHLxlx6dqPcYs+tWGj+ipuc\/or1PmM4N04IW14+Ilzh5kyEoOIo8NR3+SER\/i328yo8fuWDMYjOLtotTp5quhmpb3fjIlUM42LuINzvlcJKDWLEWhtqv1ZqOIpIRN+TgQVh0n70qli1PF0d4qpPGeZF50kX2tn22VVxCC4Oi7HlL6ymn8OoLi6F4+QQPN4oZO0uwZtmLZazcctUSKLru9\/bjSKHCwOjXkSvLaB4CXRL2YDQ4HYUwBq2G61ic9wM53Ed+otNaHzAShULFfctThT4jiIWcT7PlBEdFcmP7hGOiIX8kBMRoUDcD2O4xYmKQjQ\/DERIepw5o1Aggh8GYqB\/SNyPdXXDHUj2AnFX2nk+sSG\/0MS3OvRKbpHojeU4VpSG6JE2WAsNUCdRD6OnHob1CoxFWlQdKUD6olG0vGvChnTqdZIMMJ+iniBUXG\/EXpcGteY0xIkvNAwRS2hecyzslVwy5ymPJ3G8Xozxw4DE56JqB+n8TeorymfR2\/sRqx6QZG6jSsaqmc923AClGFUgwWiDs6cD59rrUJWTjPB+mmubHQNinL6NKw2oau1AX2cTThw0IjV8CPUFRlQM8gH\/Kxf+jl5ljP+3e6UKCV+M+vd884hHnDhLkZRIu9EOdE6V4gm0F7JVC62aRrmLyMozIn27BbtIFm7UF081tQ+DMjFZTI7O39NqzadajZ3v4\/YwHL+gFcQGO3on6Vu++Fmk7zDhl0yCRiS5c9fm0SpDjwqaN1wRg+UZuSj7OWtYSYavsWuEgOgYKG97\/SvLyDDcs6zGHjePOHEioduho2\/YEKxbjCgqO4B9OQbkn6RQog5ZPj2OyIJY5O43UhLcQv0uG71k7p+NpQaUrSd9H7Rjwysm7GPzFOiRvNmIrb9hEhiL9DQFPP9wIH\/LIdRTD1RfXoIaVkkSVWKPE\/eTlxBxbRj2XUZYj1KPdPQQij6icxesRtIyNkkIiNfC8K9K7D3l82uCcUrqsjoot2l5ZZyfPHqpWmVC6++od1BcRssfmtDYdRMJr9rQ8VvtzA0Zk6zt1LzNSbIUSD3QKPYwymsuNLJ5\/gok5FSilckfodxqx7HSTChHGmCmHsh87DKU60vQepjfx9MG1B4xUTJfRr2FeiRLA9yLM\/Hm8UroFomXCAExMNa8g1V\/Lpj+k4PGgivZ9ahaq+Bj5ify\/xzLBMXjaY5lnnjkxJEJCjlxZIJCThyZoJATRyYIgP8C6cNLMvHEM0IAAAAASUVORK5CYII=\" alt=\"\"><\/p>","protected":false},"excerpt":{"rendered":"<p>Tegund:&nbsp;110028A18U<\/p>","protected":false},"featured_media":80392,"comment_status":"closed","ping_status":"closed","template":"","meta":[],"product_brand":[],"product_cat":[518,545,597,517,1134,909],"product_tag":[],"class_list":{"0":"post-50170","1":"product","2":"type-product","3":"status-publish","4":"has-post-thumbnail","6":"product_cat-honnunarlausnir","7":"product_cat-hurdabunadur","8":"product_cat-hurdabunadur-lykillausnir","9":"product_cat-lykillausnir","10":"product_cat-sylinderhringir-hurdabunadur","11":"product_cat-sylinderhringir","13":"first","14":"instock","15":"taxable","16":"shipping-taxable","17":"purchasable","18":"product-type-simple"},"yoast_head":"<!-- This site is optimized with the Yoast SEO plugin v27.3 - https:\/\/yoast.com\/product\/yoast-seo-wordpress\/ -->\n<title>RANDI Sylinderhringur fyrir ASSA 18mm Svartur PVD 110028A18U - V\u00e9lar &amp; Verkf\u00e6ri<\/title>\n<meta name=\"robots\" content=\"index, follow, max-snippet:-1, max-image-preview:large, max-video-preview:-1\" \/>\n<link rel=\"canonical\" href=\"https:\/\/velarogverkfaeri.is\/en\/lykillausnir\/hurdabunadur-lykillausnir\/sylinderhringir\/product\/randi-sylinderhringur-fyrir-assa-18mm-svartur-pvd-110028a18u\/\" \/>\n<meta property=\"og:locale\" content=\"en_US\" \/>\n<meta property=\"og:type\" content=\"article\" \/>\n<meta property=\"og:title\" content=\"RANDI Sylinderhringur fyrir ASSA 18mm Svartur PVD 110028A18U - V\u00e9lar &amp; Verkf\u00e6ri\" \/>\n<meta property=\"og:description\" content=\"Tegund:&nbsp;110028A18U\" \/>\n<meta property=\"og:url\" content=\"https:\/\/velarogverkfaeri.is\/en\/lykillausnir\/hurdabunadur-lykillausnir\/sylinderhringir\/product\/randi-sylinderhringur-fyrir-assa-18mm-svartur-pvd-110028a18u\/\" \/>\n<meta property=\"og:site_name\" content=\"V\u00e9lar &amp; Verkf\u00e6ri\" \/>\n<meta property=\"article:publisher\" content=\"https:\/\/www.facebook.com\/VelarOgVerkfaeri\" \/>\n<meta property=\"article:modified_time\" content=\"2026-02-17T14:03:13+00:00\" \/>\n<meta name=\"twitter:card\" content=\"summary_large_image\" \/>\n<script type=\"application\/ld+json\" class=\"yoast-schema-graph\">{\"@context\":\"https:\\\/\\\/schema.org\",\"@graph\":[{\"@type\":\"WebPage\",\"@id\":\"https:\\\/\\\/velarogverkfaeri.is\\\/lykillausnir\\\/hurdabunadur-lykillausnir\\\/sylinderhringir\\\/product\\\/randi-sylinderhringur-fyrir-assa-18mm-svartur-pvd-110028a18u\\\/\",\"url\":\"https:\\\/\\\/velarogverkfaeri.is\\\/lykillausnir\\\/hurdabunadur-lykillausnir\\\/sylinderhringir\\\/product\\\/randi-sylinderhringur-fyrir-assa-18mm-svartur-pvd-110028a18u\\\/\",\"name\":\"RANDI Sylinderhringur fyrir ASSA 18mm Svartur PVD 110028A18U - V\u00e9lar &amp; Verkf\u00e6ri\",\"isPartOf\":{\"@id\":\"https:\\\/\\\/velarogverkfaeri.is\\\/en\\\/#website\"},\"primaryImageOfPage\":{\"@id\":\"https:\\\/\\\/velarogverkfaeri.is\\\/lykillausnir\\\/hurdabunadur-lykillausnir\\\/sylinderhringir\\\/product\\\/randi-sylinderhringur-fyrir-assa-18mm-svartur-pvd-110028a18u\\\/#primaryimage\"},\"image\":{\"@id\":\"https:\\\/\\\/velarogverkfaeri.is\\\/lykillausnir\\\/hurdabunadur-lykillausnir\\\/sylinderhringir\\\/product\\\/randi-sylinderhringur-fyrir-assa-18mm-svartur-pvd-110028a18u\\\/#primaryimage\"},\"thumbnailUrl\":\"https:\\\/\\\/velarogverkfaeri.is\\\/wp-content\\\/uploads\\\/2026\\\/02\\\/f32e5b34-655b-479e-a702-1c39a9045585.png\",\"datePublished\":\"2023-10-10T11:13:59+00:00\",\"dateModified\":\"2026-02-17T14:03:13+00:00\",\"breadcrumb\":{\"@id\":\"https:\\\/\\\/velarogverkfaeri.is\\\/lykillausnir\\\/hurdabunadur-lykillausnir\\\/sylinderhringir\\\/product\\\/randi-sylinderhringur-fyrir-assa-18mm-svartur-pvd-110028a18u\\\/#breadcrumb\"},\"inLanguage\":\"en-US\",\"potentialAction\":[{\"@type\":\"ReadAction\",\"target\":[\"https:\\\/\\\/velarogverkfaeri.is\\\/lykillausnir\\\/hurdabunadur-lykillausnir\\\/sylinderhringir\\\/product\\\/randi-sylinderhringur-fyrir-assa-18mm-svartur-pvd-110028a18u\\\/\"]}]},{\"@type\":\"ImageObject\",\"inLanguage\":\"en-US\",\"@id\":\"https:\\\/\\\/velarogverkfaeri.is\\\/lykillausnir\\\/hurdabunadur-lykillausnir\\\/sylinderhringir\\\/product\\\/randi-sylinderhringur-fyrir-assa-18mm-svartur-pvd-110028a18u\\\/#primaryimage\",\"url\":\"https:\\\/\\\/velarogverkfaeri.is\\\/wp-content\\\/uploads\\\/2026\\\/02\\\/f32e5b34-655b-479e-a702-1c39a9045585.png\",\"contentUrl\":\"https:\\\/\\\/velarogverkfaeri.is\\\/wp-content\\\/uploads\\\/2026\\\/02\\\/f32e5b34-655b-479e-a702-1c39a9045585.png\",\"width\":726,\"height\":730},{\"@type\":\"BreadcrumbList\",\"@id\":\"https:\\\/\\\/velarogverkfaeri.is\\\/lykillausnir\\\/hurdabunadur-lykillausnir\\\/sylinderhringir\\\/product\\\/randi-sylinderhringur-fyrir-assa-18mm-svartur-pvd-110028a18u\\\/#breadcrumb\",\"itemListElement\":[{\"@type\":\"ListItem\",\"position\":1,\"name\":\"Home\",\"item\":\"https:\\\/\\\/velarogverkfaeri.is\\\/\"},{\"@type\":\"ListItem\",\"position\":2,\"name\":\"Vefverslun\",\"item\":\"https:\\\/\\\/velarogverkfaeri.is\\\/vefverslun\\\/\"},{\"@type\":\"ListItem\",\"position\":3,\"name\":\"RANDI Sylinderhringur fyrir ASSA 18mm Svartur PVD 110028A18U\"}]},{\"@type\":\"WebSite\",\"@id\":\"https:\\\/\\\/velarogverkfaeri.is\\\/en\\\/#website\",\"url\":\"https:\\\/\\\/velarogverkfaeri.is\\\/en\\\/\",\"name\":\"V\u00e9lar & Verkf\u00e6ri\",\"description\":\"Umbo\u00f0s- og heildverslun fr\u00e1 \u00e1rinu 1919\",\"publisher\":{\"@id\":\"https:\\\/\\\/velarogverkfaeri.is\\\/en\\\/#organization\"},\"potentialAction\":[{\"@type\":\"SearchAction\",\"target\":{\"@type\":\"EntryPoint\",\"urlTemplate\":\"https:\\\/\\\/velarogverkfaeri.is\\\/en\\\/?s={search_term_string}\"},\"query-input\":{\"@type\":\"PropertyValueSpecification\",\"valueRequired\":true,\"valueName\":\"search_term_string\"}}],\"inLanguage\":\"en-US\"},{\"@type\":\"Organization\",\"@id\":\"https:\\\/\\\/velarogverkfaeri.is\\\/en\\\/#organization\",\"name\":\"V\u00e9lar & Verkf\u00e6ri\",\"url\":\"https:\\\/\\\/velarogverkfaeri.is\\\/en\\\/\",\"logo\":{\"@type\":\"ImageObject\",\"inLanguage\":\"en-US\",\"@id\":\"https:\\\/\\\/velarogverkfaeri.is\\\/en\\\/#\\\/schema\\\/logo\\\/image\\\/\",\"url\":\"https:\\\/\\\/velarogverkfaeri.is\\\/wp-content\\\/uploads\\\/2021\\\/10\\\/vv_logo_350x100.png\",\"contentUrl\":\"https:\\\/\\\/velarogverkfaeri.is\\\/wp-content\\\/uploads\\\/2021\\\/10\\\/vv_logo_350x100.png\",\"width\":350,\"height\":100,\"caption\":\"V\u00e9lar & Verkf\u00e6ri\"},\"image\":{\"@id\":\"https:\\\/\\\/velarogverkfaeri.is\\\/en\\\/#\\\/schema\\\/logo\\\/image\\\/\"},\"sameAs\":[\"https:\\\/\\\/www.facebook.com\\\/VelarOgVerkfaeri\"]}]}<\/script>\n<!-- \/ Yoast SEO plugin. -->","yoast_head_json":{"title":"RANDI Sylinderhringur fyrir ASSA 18mm Svartur PVD 110028A18U - V\u00e9lar &amp; Verkf\u00e6ri","robots":{"index":"index","follow":"follow","max-snippet":"max-snippet:-1","max-image-preview":"max-image-preview:large","max-video-preview":"max-video-preview:-1"},"canonical":"https:\/\/velarogverkfaeri.is\/en\/lykillausnir\/hurdabunadur-lykillausnir\/sylinderhringir\/product\/randi-sylinderhringur-fyrir-assa-18mm-svartur-pvd-110028a18u\/","og_locale":"en_US","og_type":"article","og_title":"RANDI Sylinderhringur fyrir ASSA 18mm Svartur PVD 110028A18U - V\u00e9lar &amp; Verkf\u00e6ri","og_description":"Tegund:&nbsp;110028A18U","og_url":"https:\/\/velarogverkfaeri.is\/en\/lykillausnir\/hurdabunadur-lykillausnir\/sylinderhringir\/product\/randi-sylinderhringur-fyrir-assa-18mm-svartur-pvd-110028a18u\/","og_site_name":"V\u00e9lar &amp; Verkf\u00e6ri","article_publisher":"https:\/\/www.facebook.com\/VelarOgVerkfaeri","article_modified_time":"2026-02-17T14:03:13+00:00","twitter_card":"summary_large_image","schema":{"@context":"https:\/\/schema.org","@graph":[{"@type":"WebPage","@id":"https:\/\/velarogverkfaeri.is\/lykillausnir\/hurdabunadur-lykillausnir\/sylinderhringir\/product\/randi-sylinderhringur-fyrir-assa-18mm-svartur-pvd-110028a18u\/","url":"https:\/\/velarogverkfaeri.is\/lykillausnir\/hurdabunadur-lykillausnir\/sylinderhringir\/product\/randi-sylinderhringur-fyrir-assa-18mm-svartur-pvd-110028a18u\/","name":"RANDI Sylinderhringur fyrir ASSA 18mm Svartur PVD 110028A18U - V\u00e9lar &amp; Verkf\u00e6ri","isPartOf":{"@id":"https:\/\/velarogverkfaeri.is\/en\/#website"},"primaryImageOfPage":{"@id":"https:\/\/velarogverkfaeri.is\/lykillausnir\/hurdabunadur-lykillausnir\/sylinderhringir\/product\/randi-sylinderhringur-fyrir-assa-18mm-svartur-pvd-110028a18u\/#primaryimage"},"image":{"@id":"https:\/\/velarogverkfaeri.is\/lykillausnir\/hurdabunadur-lykillausnir\/sylinderhringir\/product\/randi-sylinderhringur-fyrir-assa-18mm-svartur-pvd-110028a18u\/#primaryimage"},"thumbnailUrl":"https:\/\/velarogverkfaeri.is\/wp-content\/uploads\/2026\/02\/f32e5b34-655b-479e-a702-1c39a9045585.png","datePublished":"2023-10-10T11:13:59+00:00","dateModified":"2026-02-17T14:03:13+00:00","breadcrumb":{"@id":"https:\/\/velarogverkfaeri.is\/lykillausnir\/hurdabunadur-lykillausnir\/sylinderhringir\/product\/randi-sylinderhringur-fyrir-assa-18mm-svartur-pvd-110028a18u\/#breadcrumb"},"inLanguage":"en-US","potentialAction":[{"@type":"ReadAction","target":["https:\/\/velarogverkfaeri.is\/lykillausnir\/hurdabunadur-lykillausnir\/sylinderhringir\/product\/randi-sylinderhringur-fyrir-assa-18mm-svartur-pvd-110028a18u\/"]}]},{"@type":"ImageObject","inLanguage":"en-US","@id":"https:\/\/velarogverkfaeri.is\/lykillausnir\/hurdabunadur-lykillausnir\/sylinderhringir\/product\/randi-sylinderhringur-fyrir-assa-18mm-svartur-pvd-110028a18u\/#primaryimage","url":"https:\/\/velarogverkfaeri.is\/wp-content\/uploads\/2026\/02\/f32e5b34-655b-479e-a702-1c39a9045585.png","contentUrl":"https:\/\/velarogverkfaeri.is\/wp-content\/uploads\/2026\/02\/f32e5b34-655b-479e-a702-1c39a9045585.png","width":726,"height":730},{"@type":"BreadcrumbList","@id":"https:\/\/velarogverkfaeri.is\/lykillausnir\/hurdabunadur-lykillausnir\/sylinderhringir\/product\/randi-sylinderhringur-fyrir-assa-18mm-svartur-pvd-110028a18u\/#breadcrumb","itemListElement":[{"@type":"ListItem","position":1,"name":"Home","item":"https:\/\/velarogverkfaeri.is\/"},{"@type":"ListItem","position":2,"name":"Vefverslun","item":"https:\/\/velarogverkfaeri.is\/vefverslun\/"},{"@type":"ListItem","position":3,"name":"RANDI Sylinderhringur fyrir ASSA 18mm Svartur PVD 110028A18U"}]},{"@type":"WebSite","@id":"https:\/\/velarogverkfaeri.is\/en\/#website","url":"https:\/\/velarogverkfaeri.is\/en\/","name":"V\u00e9lar & Verkf\u00e6ri","description":"Umbo\u00f0s- og heildverslun fr\u00e1 \u00e1rinu 1919","publisher":{"@id":"https:\/\/velarogverkfaeri.is\/en\/#organization"},"potentialAction":[{"@type":"SearchAction","target":{"@type":"EntryPoint","urlTemplate":"https:\/\/velarogverkfaeri.is\/en\/?s={search_term_string}"},"query-input":{"@type":"PropertyValueSpecification","valueRequired":true,"valueName":"search_term_string"}}],"inLanguage":"en-US"},{"@type":"Organization","@id":"https:\/\/velarogverkfaeri.is\/en\/#organization","name":"V\u00e9lar & Verkf\u00e6ri","url":"https:\/\/velarogverkfaeri.is\/en\/","logo":{"@type":"ImageObject","inLanguage":"en-US","@id":"https:\/\/velarogverkfaeri.is\/en\/#\/schema\/logo\/image\/","url":"https:\/\/velarogverkfaeri.is\/wp-content\/uploads\/2021\/10\/vv_logo_350x100.png","contentUrl":"https:\/\/velarogverkfaeri.is\/wp-content\/uploads\/2021\/10\/vv_logo_350x100.png","width":350,"height":100,"caption":"V\u00e9lar & Verkf\u00e6ri"},"image":{"@id":"https:\/\/velarogverkfaeri.is\/en\/#\/schema\/logo\/image\/"},"sameAs":["https:\/\/www.facebook.com\/VelarOgVerkfaeri"]}]}},"_links":{"self":[{"href":"https:\/\/velarogverkfaeri.is\/en\/wp-json\/wp\/v2\/product\/50170","targetHints":{"allow":["GET"]}}],"collection":[{"href":"https:\/\/velarogverkfaeri.is\/en\/wp-json\/wp\/v2\/product"}],"about":[{"href":"https:\/\/velarogverkfaeri.is\/en\/wp-json\/wp\/v2\/types\/product"}],"replies":[{"embeddable":true,"href":"https:\/\/velarogverkfaeri.is\/en\/wp-json\/wp\/v2\/comments?post=50170"}],"wp:featuredmedia":[{"embeddable":true,"href":"https:\/\/velarogverkfaeri.is\/en\/wp-json\/wp\/v2\/media\/80392"}],"wp:attachment":[{"href":"https:\/\/velarogverkfaeri.is\/en\/wp-json\/wp\/v2\/media?parent=50170"}],"wp:term":[{"taxonomy":"product_brand","embeddable":true,"href":"https:\/\/velarogverkfaeri.is\/en\/wp-json\/wp\/v2\/product_brand?post=50170"},{"taxonomy":"product_cat","embeddable":true,"href":"https:\/\/velarogverkfaeri.is\/en\/wp-json\/wp\/v2\/product_cat?post=50170"},{"taxonomy":"product_tag","embeddable":true,"href":"https:\/\/velarogverkfaeri.is\/en\/wp-json\/wp\/v2\/product_tag?post=50170"}],"curies":[{"name":"wp","href":"https:\/\/api.w.org\/{rel}","templated":true}]}}