{"id":49447,"date":"2023-06-08T19:17:00","date_gmt":"2023-06-08T19:17:00","guid":{"rendered":"https:\/\/vv-dev.webdev.is\/?post_type=product&#038;p=49447"},"modified":"2026-03-25T13:16:29","modified_gmt":"2026-03-25T13:16:29","slug":"tecnolumen-art-deco-bordlampi","status":"publish","type":"product","link":"https:\/\/velarogverkfaeri.is\/en\/honnunarlausnir\/lampar\/bordlampar\/product\/tecnolumen-art-deco-bordlampi\/","title":{"rendered":"TECNOLUMEN Art D\u00e9co Bor\u00f0lampi"},"content":{"rendered":"<p>\u00deessi lampi var b\u00fainn til \u00e1ri\u00f0 1930 og fannst \u00e1 fl\u00f3amarka\u00f0i \u00ed Par\u00eds. Vi\u00f0 h\u00f6fum \u00fev\u00ed mi\u00f0ur ekki geta\u00f0 \u00e1kvar\u00f0a\u00f0 h\u00f6nnu\u00f0inn. <br \/>\u00d3pal glerk\u00falan hv\u00edlir \u00e1 kr\u00f3mh\u00fa\u00f0\u00f0ri sk\u00e1l sem studd er af \u00feremur kopar- e\u00f0a kr\u00f3mk\u00falum.<\/p>\n<p>Bor\u00f0lampi \u00far kr\u00f3mh\u00fa\u00f0u\u00f0um m\u00e1lmi, gler kl\u00e6tt me\u00f0 \u00f3pal.<\/p>\n<p>Hver lampi er n\u00famera\u00f0ur \u00ed r\u00f6\u00f0 og ber TECNOLUMEN innsigli\u00f0.<\/p>\n<p><\/p>\n<p>Lei\u00f0beinandi lj\u00f3sgjafi: LED lampi 7 W, matt<\/p>\n<p><img decoding=\"async\" src=\"data:image\/png;base64,iVBORw0KGgoAAAANSUhEUgAAAN8AAAA7CAYAAAD7LF+4AAAAAXNSR0IArs4c6QAAAARnQU1BAACxjwv8YQUAAAAJcEhZcwAADsMAAA7DAcdvqGQAAA3ySURBVHhe7Z15cBTFF8cfiKCoeAYKfyTiQYGKIFCAlRTeVmUrYoIliGVZ\/sNhlCQqRhGDCmJQECEJXlBQalRSeCRBY1DB44+gRBIKE8XbuIlEiGIJKiBo\/\/rb6b1nd3v2mJmN\/anq7HTPzO68zL7p16\/f6+3FOKTRaCynt3zVaDQWo5VPo7EJrXwajU1o5dNobMLQ4dKrVy+5lVpE8x2lqlxAy5aaRJItrPJ98803spYaDBs2TOkmpppcQMvWQ2XjO0NA848\/\/ihrzgfXGkaUAHAMv4mylhrgerVsPVM2PeaLg3\/++YcaGxvpww8\/9JZPP\/1UtGs00dDKZ5K2tjaaN28euVwuOu2002jixIl0xRVXeMuECRPojDPOoGuvvZbuv\/9+cbxGY4RWPkUOHz5Mc+fOpeHDh9Pjjz9O3333HU2bNo0eeughWr16NdXV1YlX1G+44Qb66quv6LHHHhPH33fffXTo0CH5Thq7+OOPP2jDhg10++2309ixY6lfv36Unp5OWVlZ4p7+8ssv8kjzXHfddfTtt9\/KmiLS\/AwAzXrM5+Pvv\/9m11xzjTh\/5syZbMuWLXJPZDZv3iyOx3k4n5ujco86\/\/VxEYhXth9++IFNnz6d9e3bl3FLhT3yyCOssrKSvfvuu2zdunVswYIFbMyYMaxPnz7ifu3bt0+eqcbkyZNZZmYm++2332SLmmxa+RRYsmSJOLe0tFS2mAPn4fwVK1bIFnUS\/wXdzsrT\/8fSZZlVs1e2B9FU5j0m6rExknjZAjl69CjjQwR2\/PHHs\/z8fMatFbnHmO+\/\/57NmDGDDRo0iFVVVcnWyBgpHlCRTSufAqNHj2bjx4+XtdjA+XjqmiXRX9DtK7ki3VbNhBrtrmazuFKVN4ldgQjlm8Gqd8t6Eki0bP5wE5JddtllbNSoUcztdstWNXbs2MEuuOACVlRUFNFaCad4QEU2PeZT4LjjjqO0tDRZi41TTz1VbtlJF7V\/yV9GpJOQZnAWuXKIWtu7UOsxHDlyhLiZT7\/\/\/rvwQGNcZ4aLL76YGhoaaOvWrZSTk0P\/\/vuv3OMDY7xff\/1VjPVPOeUU2WoOrXwK8PECvf3227Rp0ybZYo4XX3yR+PhCvI+9pFHeMx3kLhon625qr5ObJuiqnUkZ+eVUkT+EMjJQZlJNcw3NFtu85NdwNbeP4uJi4Tx57733Yn7oQaE++OAD6ujooIcffli2dpMIxRPIHjAANGuz04e\/w+Xpp59mBw8elHsiw28cW7hwoTgP5+N9zJJM08wzrgtvdvqP+Xwm6N6aGX71vaz6Nj9TVo4pDd8ziGTItnPnTnG8qlMsGrt27WLc8vF+fiRT0x8V2XTPp8Cxxx5LGzduFE\/UO++8k0466STKzs6ml156STwdv\/76a+HG\/uKLL+idd96hNWvW0KWXXkpDhgyhpUuXUklJCb355pvifZxDE1XkLSXKWUXTx8qmEFxUvo33lO4Oqp5bT4UbmmQ7h5tjWYOxkUbpI\/iR2VndpixlUDo3Ze2itLSUJk2aRFdeeaVsiY8RI0bQ7NmzxbRRwno8D1IJA0Cz7vmMgcesf\/\/+bNiwYYzfAPGewWXAgAHswgsvFPu5UsozYyMZvQMQjhcTDhXR28nezX8b4L18ntDuntCOnu\/w4cNiuuCpp56SLYmhra2NHXPMMeySSy6J2uN5UJFN93wmOeecc0TPd9NNN4lxxccff0zPP\/88LVmyRLx+8skntG\/fPrr++uuFo+aEE06QZzqI5nKaspz3VhWllCd6L0Xq3HyU6Fza29vp6NGjdNFFF8mWxFBQUEC9e\/emJ554IjE9nkQrXxzwpyHxpyHdeuutIuQMrwg3Q7tz8Zmbi3PDe3CFUyWjnB\/tR04GNyqdC7ybIJEPPI+peeaZZyb8voZNKeKmHP\/nO\/lf7cPtdtNZZ52FPl62GONJTTnvvPNki4+77rpLbkWnqamJBg0aJMZ04cBTeO\/evTRunMezGJ0VK1bILR8IWTKTdmMkmz9NZUN4r3cvVbsLKeKVddbQ7Il15Nq2RvSO4jyqFZ5SKOa4TTnU9EyeGOdh3+qhO+g5ocxdVJM\/htpndlBB2LFkN4mWDd\/ZoUOH0uuvvy4sj3jxH+MNHjxY3E9YPSqoyBa\/8nETJgNP0iCKa4z++fypm5FLy2TNVeG5YYHtHozfI5REKB8fx9n6sIEMf\/31l6z5SOwXtFsxCoOnF3gvCEUiKFUBUblUOKFkBfXyIJ\/COlX5wMCBA+mWW26h5cu5XR0H\/or3008\/iTjezz\/\/XO6NjpJsfGcIaFZ2uJiIhFCOrhD71J0BiXC4IASJ3zBZsxZ8Lj7fCFxvvLKpEug4ST7JkG3q1KkiPOzIkSOyxTzB0wkPPPAAKykpEduqqMhm4ZhPPbqiq7GO6r2ubI0lcDNzNTdHZ0UYB6YCRUVFtGfPHqqtrZUt5gieTuAKSCtXrhTj+URjofKpRld0UcMmbup4lFRjDYPz6Llo48AUAOlByKvEfJ9ZjObxkJOJ3E0Vk9cs9nk7mxvEGG9kepCKdTZQPVfK4kmp\/jXQ2MWTTz4ppoGQ1NzZ2SlbI2OkeM3NzfTyyy8bOsISQYKUr54KJ3ri\/FCCXNQhRIiu6HTzd3NRuhNNTngAvTIOoYpm2R4CnA6+42bX9ozA5a6uLuF88F82w784BQRGV1dX0\/79++nuu++WreHxKN5bb70VMI83Z84cEaEUyasdF3LsFwCak+Fw8RApuiLAKaOINQ4XGcO4cnt3NYLcAREgCv8fpzhcwlFeXs7OPvts8RllZWXi1agcOHBAnqFGsmV78MEHxbmtra2yJRSPcyU4gfaFF15gI0eOlDXzqMhmvdkZMbqiibZinzdO0El0j1FdQ+V0xNgsKuZ9dHuIVdM9ZvXKII+rb0zN3g\/jncLCQpFag+wMzJ8hntW\/zJ8\/Xx7tLDBeO\/HEE+mVV16RLYH493jB2Q+LFi0SJZlYrHxRoivCjQMdwTgqcHfIuSxOZzu1dm9FIei8FAKpNEijQjpURUWFmD+DCXb55ZcHlPPPP1+e4SwQ3of1dBDUHkwkxdu+fbvwmOKBk0wsVb6mMkyk30vVcnI2mK72Fv73XspUmFi3GzEdYjg2lV7ctvW+8WFZ5BGwE\/nss8\/o0UcfpXvuuUckpqrALSm55RywUBKyTvyvLZLigZ07d4qwwb59+8qW5JAkh4uRk0HO89FSmuJ3nC\/xsomqEE0xN8v57u7OGioR13pb2MDk+i8zaDHv8dzbVpFreW4E54wzWbdunQhSxmpsqiC4HL2lUfnzzz\/lUdaCcDOsPPfzzz+LejTFA3Aqmc1+jwkx8gsCzcoOFwdgbYSLdLyklzHpegmiO5k0OMUmUuSIEx0u06ZNE+ufqFBZWSk+P1LhZpw82ocVsn300Ufe88M5V4LBokv8oSNrsaEim\/UOlxSnq3a+iI0srgk3IW2cTFrf5uRknFAOHjwoIvnNANc+\/04ZFsRc2sHJJ58sXhGhEq3H84ClIxKdlmSEVj4zeM3NWqWAb3+8XlKNpYwePVqkGGHcp6J4UFAs+Q\/zNNlo5VOmi2oWzaF6ZAB4Q+SMSKOsbBfVb2qQY1k4YFzkmpB63s6eAJQIkS5IcEYiNJQvUkF2DHpJK5b80MqnjPRi1s2hcf4OI+HJlBEt0nmUlltK5eQ5LpdazWaMx8jNN98cMg0Qa8GyecjeNgNSf5yEx7mydu1asfwfln\/EvB+SYuGEwW9t5ObmBhQcY9XS\/jqZVoJ8vsWLFyuFI4WCfMRnKV3mwZkFsYhYZCnefD4sd4AvVCJYv349nXvuuWLJxGhgISnMAR44cEB8uVVJRj6fB3+vJryXGMPB\/EQyLK4RZfLkySET6TfeeKNYNGnhwoWyJTasyedzANZ6O0MR4WSesLMYcKK3E57B7OxsWYuMx9u5f\/9+2aJGsmQL9mq2tLSI90CdKwXbtm0b4w8Vcd0Il8PyjvBuomDhK4SlxYuKbNrsTABpuWv8UqV6BphgxsrPZnCC2RlpHg9WAXpPrLMDExNLQeKXpTZv3uwNDsdSEVahlU9jCEyvXbt2yZoa\/GEut+whkuIBKNmWLVvEK5Jtly1bRrNmzaKrr77aO9a1ckpEK5\/GkFGjRtHu3buFl1CVAQMGiN7PqCS7R4mmeABKdtVVV4lgcSyEu2rVKnr\/\/fdFzp\/\/gwPXawXa4SLxOFzsIhEOl3CyxQKuBXlxiI2sqqqSrcZ4HC5wzvCxq2wNBL1KMImSLZritba2CocL\/scA5jQUDiFneMBgG+d74GM+SxwuWvkkUD67cZLyAUT3jx8\/njIzM+mNN94QyyUaYae3U6XHw68I41zEa6Lnw9jv9NNP9xbUMa2C67njjjuEBxS\/JhwPWvmCSMYXNNnYqXzgtddeo6lTp4r0HPReCxYsEClG\/iADApnjViufiuJ5ePXVV8U8KLIVws1ftrS0UF5ennDCxLtArpJsfGcIaP6vTTU4FVyv3bI1NjYy3rOx4cOHOyaTXTVI2h9MMSBgHO\/nCZ5GQQD5wIED2dq1a+WR8aMim1Y+hxPPF9TpxCpbLIrn4dChQ4xbSULh8Mu1KPit9o0bN8ojEoOKbNrbqUk54KlUMTWN6NevH1VWVtKUKVO80wvweiLaxXKkEgaAZt3zOYNYe4dU4L8uW1iHCz9Z1lIDMwP3VEPL1jNlC6t8qYjKTUxVtGypSSTZDJVPo9EkH+1w0WhsQiufRmMTWvk0GpvQyqfR2IRWPo3GJrTyaTS2QPR\/FwpWRzKRB3UAAAAASUVORK5CYII=\" alt=\"\"><\/p>","protected":false},"excerpt":{"rendered":"<p>Tegund:&nbsp;AD 32 Chr\/Chr<\/p>\n<p>ATH a\u00f0eins 1 stk til \u00e1 lager<\/p>","protected":false},"featured_media":61904,"comment_status":"closed","ping_status":"closed","template":"","meta":[],"product_brand":[],"product_cat":[575,518,546],"product_tag":[],"class_list":{"0":"post-49447","1":"product","2":"type-product","3":"status-publish","4":"has-post-thumbnail","6":"product_cat-bordlampar","7":"product_cat-honnunarlausnir","8":"product_cat-lampar","10":"first","11":"instock","12":"taxable","13":"shipping-taxable","14":"purchasable","15":"product-type-simple"},"yoast_head":"<!-- This site is optimized with the Yoast SEO plugin v27.3 - https:\/\/yoast.com\/product\/yoast-seo-wordpress\/ -->\n<title>TECNOLUMEN Art D\u00e9co Bor\u00f0lampi - V\u00e9lar &amp; Verkf\u00e6ri<\/title>\n<meta name=\"robots\" content=\"index, follow, max-snippet:-1, max-image-preview:large, max-video-preview:-1\" \/>\n<link rel=\"canonical\" href=\"https:\/\/velarogverkfaeri.is\/en\/honnunarlausnir\/lampar\/bordlampar\/product\/tecnolumen-art-deco-bordlampi\/\" \/>\n<meta property=\"og:locale\" content=\"en_US\" \/>\n<meta property=\"og:type\" content=\"article\" \/>\n<meta property=\"og:title\" content=\"TECNOLUMEN Art D\u00e9co Bor\u00f0lampi - V\u00e9lar &amp; Verkf\u00e6ri\" \/>\n<meta property=\"og:description\" content=\"Tegund:&nbsp;AD 32 Chr\/ChrATH a\u00f0eins 1 stk til \u00e1 lager\" \/>\n<meta property=\"og:url\" content=\"https:\/\/velarogverkfaeri.is\/en\/honnunarlausnir\/lampar\/bordlampar\/product\/tecnolumen-art-deco-bordlampi\/\" \/>\n<meta property=\"og:site_name\" content=\"V\u00e9lar &amp; Verkf\u00e6ri\" \/>\n<meta property=\"article:publisher\" content=\"https:\/\/www.facebook.com\/VelarOgVerkfaeri\" \/>\n<meta property=\"article:modified_time\" content=\"2026-03-25T13:16:29+00:00\" \/>\n<meta property=\"og:image\" content=\"https:\/\/velarogverkfaeri.is\/wp-content\/uploads\/2024\/06\/39ee3449-b9c7-4ec7-b379-22d48af29b83.png\" \/>\n\t<meta property=\"og:image:width\" content=\"787\" \/>\n\t<meta property=\"og:image:height\" content=\"787\" \/>\n\t<meta property=\"og:image:type\" content=\"image\/png\" \/>\n<meta name=\"twitter:card\" content=\"summary_large_image\" \/>\n<script type=\"application\/ld+json\" class=\"yoast-schema-graph\">{\"@context\":\"https:\\\/\\\/schema.org\",\"@graph\":[{\"@type\":\"WebPage\",\"@id\":\"https:\\\/\\\/velarogverkfaeri.is\\\/honnunarlausnir\\\/lampar\\\/bordlampar\\\/product\\\/tecnolumen-art-deco-bordlampi\\\/\",\"url\":\"https:\\\/\\\/velarogverkfaeri.is\\\/honnunarlausnir\\\/lampar\\\/bordlampar\\\/product\\\/tecnolumen-art-deco-bordlampi\\\/\",\"name\":\"TECNOLUMEN Art D\u00e9co Bor\u00f0lampi - V\u00e9lar &amp; Verkf\u00e6ri\",\"isPartOf\":{\"@id\":\"https:\\\/\\\/velarogverkfaeri.is\\\/en\\\/#website\"},\"primaryImageOfPage\":{\"@id\":\"https:\\\/\\\/velarogverkfaeri.is\\\/honnunarlausnir\\\/lampar\\\/bordlampar\\\/product\\\/tecnolumen-art-deco-bordlampi\\\/#primaryimage\"},\"image\":{\"@id\":\"https:\\\/\\\/velarogverkfaeri.is\\\/honnunarlausnir\\\/lampar\\\/bordlampar\\\/product\\\/tecnolumen-art-deco-bordlampi\\\/#primaryimage\"},\"thumbnailUrl\":\"https:\\\/\\\/velarogverkfaeri.is\\\/wp-content\\\/uploads\\\/2024\\\/06\\\/39ee3449-b9c7-4ec7-b379-22d48af29b83.png\",\"datePublished\":\"2023-06-08T19:17:00+00:00\",\"dateModified\":\"2026-03-25T13:16:29+00:00\",\"breadcrumb\":{\"@id\":\"https:\\\/\\\/velarogverkfaeri.is\\\/honnunarlausnir\\\/lampar\\\/bordlampar\\\/product\\\/tecnolumen-art-deco-bordlampi\\\/#breadcrumb\"},\"inLanguage\":\"en-US\",\"potentialAction\":[{\"@type\":\"ReadAction\",\"target\":[\"https:\\\/\\\/velarogverkfaeri.is\\\/honnunarlausnir\\\/lampar\\\/bordlampar\\\/product\\\/tecnolumen-art-deco-bordlampi\\\/\"]}]},{\"@type\":\"ImageObject\",\"inLanguage\":\"en-US\",\"@id\":\"https:\\\/\\\/velarogverkfaeri.is\\\/honnunarlausnir\\\/lampar\\\/bordlampar\\\/product\\\/tecnolumen-art-deco-bordlampi\\\/#primaryimage\",\"url\":\"https:\\\/\\\/velarogverkfaeri.is\\\/wp-content\\\/uploads\\\/2024\\\/06\\\/39ee3449-b9c7-4ec7-b379-22d48af29b83.png\",\"contentUrl\":\"https:\\\/\\\/velarogverkfaeri.is\\\/wp-content\\\/uploads\\\/2024\\\/06\\\/39ee3449-b9c7-4ec7-b379-22d48af29b83.png\",\"width\":787,\"height\":787},{\"@type\":\"BreadcrumbList\",\"@id\":\"https:\\\/\\\/velarogverkfaeri.is\\\/honnunarlausnir\\\/lampar\\\/bordlampar\\\/product\\\/tecnolumen-art-deco-bordlampi\\\/#breadcrumb\",\"itemListElement\":[{\"@type\":\"ListItem\",\"position\":1,\"name\":\"Home\",\"item\":\"https:\\\/\\\/velarogverkfaeri.is\\\/\"},{\"@type\":\"ListItem\",\"position\":2,\"name\":\"Vefverslun\",\"item\":\"https:\\\/\\\/velarogverkfaeri.is\\\/vefverslun\\\/\"},{\"@type\":\"ListItem\",\"position\":3,\"name\":\"TECNOLUMEN Art D\u00e9co Bor\u00f0lampi\"}]},{\"@type\":\"WebSite\",\"@id\":\"https:\\\/\\\/velarogverkfaeri.is\\\/en\\\/#website\",\"url\":\"https:\\\/\\\/velarogverkfaeri.is\\\/en\\\/\",\"name\":\"V\u00e9lar & Verkf\u00e6ri\",\"description\":\"Umbo\u00f0s- og heildverslun fr\u00e1 \u00e1rinu 1919\",\"publisher\":{\"@id\":\"https:\\\/\\\/velarogverkfaeri.is\\\/en\\\/#organization\"},\"potentialAction\":[{\"@type\":\"SearchAction\",\"target\":{\"@type\":\"EntryPoint\",\"urlTemplate\":\"https:\\\/\\\/velarogverkfaeri.is\\\/en\\\/?s={search_term_string}\"},\"query-input\":{\"@type\":\"PropertyValueSpecification\",\"valueRequired\":true,\"valueName\":\"search_term_string\"}}],\"inLanguage\":\"en-US\"},{\"@type\":\"Organization\",\"@id\":\"https:\\\/\\\/velarogverkfaeri.is\\\/en\\\/#organization\",\"name\":\"V\u00e9lar & Verkf\u00e6ri\",\"url\":\"https:\\\/\\\/velarogverkfaeri.is\\\/en\\\/\",\"logo\":{\"@type\":\"ImageObject\",\"inLanguage\":\"en-US\",\"@id\":\"https:\\\/\\\/velarogverkfaeri.is\\\/en\\\/#\\\/schema\\\/logo\\\/image\\\/\",\"url\":\"https:\\\/\\\/velarogverkfaeri.is\\\/wp-content\\\/uploads\\\/2021\\\/10\\\/vv_logo_350x100.png\",\"contentUrl\":\"https:\\\/\\\/velarogverkfaeri.is\\\/wp-content\\\/uploads\\\/2021\\\/10\\\/vv_logo_350x100.png\",\"width\":350,\"height\":100,\"caption\":\"V\u00e9lar & Verkf\u00e6ri\"},\"image\":{\"@id\":\"https:\\\/\\\/velarogverkfaeri.is\\\/en\\\/#\\\/schema\\\/logo\\\/image\\\/\"},\"sameAs\":[\"https:\\\/\\\/www.facebook.com\\\/VelarOgVerkfaeri\"]}]}<\/script>\n<!-- \/ Yoast SEO plugin. -->","yoast_head_json":{"title":"TECNOLUMEN Art D\u00e9co Bor\u00f0lampi - V\u00e9lar &amp; Verkf\u00e6ri","robots":{"index":"index","follow":"follow","max-snippet":"max-snippet:-1","max-image-preview":"max-image-preview:large","max-video-preview":"max-video-preview:-1"},"canonical":"https:\/\/velarogverkfaeri.is\/en\/honnunarlausnir\/lampar\/bordlampar\/product\/tecnolumen-art-deco-bordlampi\/","og_locale":"en_US","og_type":"article","og_title":"TECNOLUMEN Art D\u00e9co Bor\u00f0lampi - V\u00e9lar &amp; Verkf\u00e6ri","og_description":"Tegund:&nbsp;AD 32 Chr\/ChrATH a\u00f0eins 1 stk til \u00e1 lager","og_url":"https:\/\/velarogverkfaeri.is\/en\/honnunarlausnir\/lampar\/bordlampar\/product\/tecnolumen-art-deco-bordlampi\/","og_site_name":"V\u00e9lar &amp; Verkf\u00e6ri","article_publisher":"https:\/\/www.facebook.com\/VelarOgVerkfaeri","article_modified_time":"2026-03-25T13:16:29+00:00","og_image":[{"width":787,"height":787,"url":"https:\/\/velarogverkfaeri.is\/wp-content\/uploads\/2024\/06\/39ee3449-b9c7-4ec7-b379-22d48af29b83.png","type":"image\/png"}],"twitter_card":"summary_large_image","schema":{"@context":"https:\/\/schema.org","@graph":[{"@type":"WebPage","@id":"https:\/\/velarogverkfaeri.is\/honnunarlausnir\/lampar\/bordlampar\/product\/tecnolumen-art-deco-bordlampi\/","url":"https:\/\/velarogverkfaeri.is\/honnunarlausnir\/lampar\/bordlampar\/product\/tecnolumen-art-deco-bordlampi\/","name":"TECNOLUMEN Art D\u00e9co Bor\u00f0lampi - V\u00e9lar &amp; Verkf\u00e6ri","isPartOf":{"@id":"https:\/\/velarogverkfaeri.is\/en\/#website"},"primaryImageOfPage":{"@id":"https:\/\/velarogverkfaeri.is\/honnunarlausnir\/lampar\/bordlampar\/product\/tecnolumen-art-deco-bordlampi\/#primaryimage"},"image":{"@id":"https:\/\/velarogverkfaeri.is\/honnunarlausnir\/lampar\/bordlampar\/product\/tecnolumen-art-deco-bordlampi\/#primaryimage"},"thumbnailUrl":"https:\/\/velarogverkfaeri.is\/wp-content\/uploads\/2024\/06\/39ee3449-b9c7-4ec7-b379-22d48af29b83.png","datePublished":"2023-06-08T19:17:00+00:00","dateModified":"2026-03-25T13:16:29+00:00","breadcrumb":{"@id":"https:\/\/velarogverkfaeri.is\/honnunarlausnir\/lampar\/bordlampar\/product\/tecnolumen-art-deco-bordlampi\/#breadcrumb"},"inLanguage":"en-US","potentialAction":[{"@type":"ReadAction","target":["https:\/\/velarogverkfaeri.is\/honnunarlausnir\/lampar\/bordlampar\/product\/tecnolumen-art-deco-bordlampi\/"]}]},{"@type":"ImageObject","inLanguage":"en-US","@id":"https:\/\/velarogverkfaeri.is\/honnunarlausnir\/lampar\/bordlampar\/product\/tecnolumen-art-deco-bordlampi\/#primaryimage","url":"https:\/\/velarogverkfaeri.is\/wp-content\/uploads\/2024\/06\/39ee3449-b9c7-4ec7-b379-22d48af29b83.png","contentUrl":"https:\/\/velarogverkfaeri.is\/wp-content\/uploads\/2024\/06\/39ee3449-b9c7-4ec7-b379-22d48af29b83.png","width":787,"height":787},{"@type":"BreadcrumbList","@id":"https:\/\/velarogverkfaeri.is\/honnunarlausnir\/lampar\/bordlampar\/product\/tecnolumen-art-deco-bordlampi\/#breadcrumb","itemListElement":[{"@type":"ListItem","position":1,"name":"Home","item":"https:\/\/velarogverkfaeri.is\/"},{"@type":"ListItem","position":2,"name":"Vefverslun","item":"https:\/\/velarogverkfaeri.is\/vefverslun\/"},{"@type":"ListItem","position":3,"name":"TECNOLUMEN Art D\u00e9co Bor\u00f0lampi"}]},{"@type":"WebSite","@id":"https:\/\/velarogverkfaeri.is\/en\/#website","url":"https:\/\/velarogverkfaeri.is\/en\/","name":"V\u00e9lar & Verkf\u00e6ri","description":"Umbo\u00f0s- og heildverslun fr\u00e1 \u00e1rinu 1919","publisher":{"@id":"https:\/\/velarogverkfaeri.is\/en\/#organization"},"potentialAction":[{"@type":"SearchAction","target":{"@type":"EntryPoint","urlTemplate":"https:\/\/velarogverkfaeri.is\/en\/?s={search_term_string}"},"query-input":{"@type":"PropertyValueSpecification","valueRequired":true,"valueName":"search_term_string"}}],"inLanguage":"en-US"},{"@type":"Organization","@id":"https:\/\/velarogverkfaeri.is\/en\/#organization","name":"V\u00e9lar & Verkf\u00e6ri","url":"https:\/\/velarogverkfaeri.is\/en\/","logo":{"@type":"ImageObject","inLanguage":"en-US","@id":"https:\/\/velarogverkfaeri.is\/en\/#\/schema\/logo\/image\/","url":"https:\/\/velarogverkfaeri.is\/wp-content\/uploads\/2021\/10\/vv_logo_350x100.png","contentUrl":"https:\/\/velarogverkfaeri.is\/wp-content\/uploads\/2021\/10\/vv_logo_350x100.png","width":350,"height":100,"caption":"V\u00e9lar & Verkf\u00e6ri"},"image":{"@id":"https:\/\/velarogverkfaeri.is\/en\/#\/schema\/logo\/image\/"},"sameAs":["https:\/\/www.facebook.com\/VelarOgVerkfaeri"]}]}},"_links":{"self":[{"href":"https:\/\/velarogverkfaeri.is\/en\/wp-json\/wp\/v2\/product\/49447","targetHints":{"allow":["GET"]}}],"collection":[{"href":"https:\/\/velarogverkfaeri.is\/en\/wp-json\/wp\/v2\/product"}],"about":[{"href":"https:\/\/velarogverkfaeri.is\/en\/wp-json\/wp\/v2\/types\/product"}],"replies":[{"embeddable":true,"href":"https:\/\/velarogverkfaeri.is\/en\/wp-json\/wp\/v2\/comments?post=49447"}],"wp:featuredmedia":[{"embeddable":true,"href":"https:\/\/velarogverkfaeri.is\/en\/wp-json\/wp\/v2\/media\/61904"}],"wp:attachment":[{"href":"https:\/\/velarogverkfaeri.is\/en\/wp-json\/wp\/v2\/media?parent=49447"}],"wp:term":[{"taxonomy":"product_brand","embeddable":true,"href":"https:\/\/velarogverkfaeri.is\/en\/wp-json\/wp\/v2\/product_brand?post=49447"},{"taxonomy":"product_cat","embeddable":true,"href":"https:\/\/velarogverkfaeri.is\/en\/wp-json\/wp\/v2\/product_cat?post=49447"},{"taxonomy":"product_tag","embeddable":true,"href":"https:\/\/velarogverkfaeri.is\/en\/wp-json\/wp\/v2\/product_tag?post=49447"}],"curies":[{"name":"wp","href":"https:\/\/api.w.org\/{rel}","templated":true}]}}