{"id":49185,"date":"2023-06-08T19:04:33","date_gmt":"2023-06-08T19:04:33","guid":{"rendered":"https:\/\/vv-dev.webdev.is\/?post_type=product&#038;p=49185"},"modified":"2026-02-21T01:16:25","modified_gmt":"2026-02-21T01:16:25","slug":"randi-hetta-m4-nikkel-f60002-020","status":"publish","type":"product","link":"https:\/\/velarogverkfaeri.is\/en\/lykillausnir\/hurdabunadur-lykillausnir\/skrufur\/product\/randi-hetta-m4-nikkel-f60002-020\/","title":{"rendered":"RANDI Hetta M4 Nikkel F60002-020"},"content":{"rendered":"<p><img decoding=\"async\" src=\"data:image\/png;base64,iVBORw0KGgoAAAANSUhEUgAAAW0AAAA9CAYAAABm+DhhAAAAAXNSR0IArs4c6QAAAARnQU1BAACxjwv8YQUAAAAJcEhZcwAADsMAAA7DAcdvqGQAABX5SURBVHhe7Z0PTFRXvse\/75nYbCNNU9pulDSr2Rfd3VjbV\/xTpK8gEfwTYa2iFrW09M+D1IqrT6LrvLaLLSsur7hrwXVdW0tLV2sV\/BeLf4piBGuBqMCqECt2W2B1GWsY2yyk5rzfuffMcO9lZu4MjNVxf5\/kypx77vn\/O797z7njfP9NEGAYhmHCgn9XfxmGYZgwgJ02wzBMGMFOm2EYJoxgp80wDBNGsNNmGIYJI9hpMwzDhBHstBmGYcIIdtoMwzBhBDtthmGYMIKdNsMwTBjBTpthGCaMCJnTdtaU4I3NJ+BU4VtJc3k+3qm5qkL9oQW78kpQ7bUxV1G9eaD5+6dffXmlChscS5CxKBelp3vUSaYPLfvwRt4+NKugN3pqCpE6rxDV36kTjD3fncDaeQuxtiYQ25PzKx+7WlQwWAIYQ78MNH0\/0eZ1eX8b3UtATrvt\/ecRPfYJH0cuqumaf16owq7KL\/FPPcktpfPUPnx6oVuF+oMTteVVaPU6abvRWjnQ\/P0TfF82Yd0zDhyPnIUXF0zEqMjB6vzAqH6Nxjdrn8+bh+uAwzP+fbhxCaXpTyCpoEmduE34ez12ldejUwW9cncEIuShgkwgyD4bQocK+kXOr32o\/bsKBksgY+iPoNL3oPVkFWovDfxBSJvXpwb+WBuQ045Kfxf1dcf1ozCRziRivTtc9zpi9cuYW8VXTah1jsT0OXGInZiIcQ+p86GgLh\/5B66rgIEbTdhQWKUCVnpQnZ+NdXgFf1o2Wp0LHwY\/+hK2bHkJYwJyQIzG3aPx8paNePnR0Dww3D44Uf0HB9Ydux32EHRCu6d9oxNHNi5B6iR6QpswFamL\/oxal4pDB7Znz8G6w00ozVmI+PRtaNPOX0fDjlxkTE6gp7YExGfkYnujchI3VNz0qfpT\/aSFyHm\/CZ4sJVeqsG4R5TehN\/4fKsqD5ZoscjbOGyqOcB4pQlaqXkZ8qgOljQEM0LV6vR1e86zHupQcbG9XQQ29\/dk7OvTgjauozM9Ckuwr2e6ULDgOqDiJ3740cLIIKZnv0VKvBZsz5yDFXW5PR2\/+WvoiVF7Rk0jaduQgherc8L6DyngepV+pCCsRQ1BbWNRnq6B5I43T3UMRpcJGXMfWIPdYNNYXP40Rg9RJr+j9VHpkHxwZUxHj6f\/rcDWWec7FTM7C2iO921E9X6nxnKj6LqPQ1DZ502g7XOixm\/jp5vQy\/vwes81VXFJREtmnKUWo1QL6uK09cAIbjDa0sd6vHVptzIircRty5ulti56UQmNTggZ3\/15T80O2bSKNW842NKiCfI2Z2X6XYJ1qq+tALlJWV1Fre3HucSAlY5t5a6CmECmOQ+b2mAikD+RY0vw+qYKE63RvO2Mme5m7BpxU19R5NA5qHH21yRY5dtllqD1C4+\/Np1jx62NkmzKx+Quy9y2ZZBOG+etqwvbXsjzjlPFamWecNKzx+VVo92EPQSN\/Tzsoqn4jHov+jTiugm6+Lsmg87Fi9ptHxcVOp+hsqxPFz8SKxxbvFZ3aFe3igzQKj08Wi\/9YIy5+062dvSjTJa0S5RdcoqvLJS7u\/o1IjMkQH\/xNT1P+5tui\/K\/topPy\/Lp2k0gbHyuWH9LTiq4asSopViSu2qvKbBYfrUimMmJFWkm76Zq0ojrxNeXfJev1wiSR+GaNkLl0UXsSqU6rdrfqZfx1p1g+jeoZ7a6DFdWOaGpHCeUpy71wVKyeTfV4tUZ0addQmX3S6+nc9Tr\/x1TxWNrb4vM2Sq+Vu1d8+lctKoC+NNDtEp2nNonZ0QtE8SmZl0t0f09l0fWPv7BJ5d8qjr9FeY7PFuWX9WRaGdRPiYs3iePU993f6+eNHH+Vynx1r\/hkeaxILmpWZ4m\/bRVpMZRXLf212kIrnaP+XF0te7dbXPzsqDivyuyL7CcqI2m5+KBWjnG7+LxI1muSeJxsoLBajgmdK1kuEg392V39nlhdQjYk+4baVi7HfOYmcV6PFl9\/SHnEZKr0TnGx+m2RFq\/artmvbPdWT99o6ZPeFmf05BYbd9vtArH6kLIRZYeLdzu1K+xszMS3R8Xy8VPE8jI9L21sdtfp4\/ptjVit2fNOcV7WTdlz8lt1Wj7exky33wxRTP0n54+s23Mxqv+\/PSiWR1O7PUbTLIpnSttNFcXK1uQYfboiVmSWqbZ4JYA+UGO5qkoPdVev0efVx83aHNHnVaoorJUtMV5LNlKSKR4nGyhvlWGbNklM42NBxlG9Hp+9Rnx6Qfavsh\/K7wOVv3V8ffuYbtHV2SiK59JcLGrU4ru+pdPft2rzK3EF+Z1vaLy\/IRtalSwef2ar+FpmqeKt8+9xyvcx8hEDJbROO5kM3zj5T70l4izGH7emTgvpkJGSAefXqqDizB9SRdzvGlXIjOZIaDJItMlpmKwa3zeKwuRe56hd88JOs7Pr2isWa8asO7fkPxockqThbZFs47TN7SAu7xTPedLYO+0zv5tC9doqLkojsGDflxakEzWWJ68dv0p8asrbJcoX9zpfrYz4t8TnXpy1G91pU1\/L\/KXRa\/m7NCee9i7NAK1cQ53czqvEPTv0Nrsncl\/0ybu8Qk1GjUaRH9\/bTzqtYjNNHJ+Oxd3+NhnQ03tu7G7c7dTslxyEfnfV6dwrMo39Z5nUsg3JfzDbozZ+agL6tzEVdqOVlSpWVzn7OPTOsmwv9qz+En3HTLff5z4290vX7uXisUx5g9cdsie+eZNIpvzL6YHBY7\/SsfexFSv2fWB2xE5RnullXnnq7b7WJT7\/3QLtpu122PZtInz4IA0tLlN8ZHlQ+HyNoa7+0hNGH+Nuu8ke6YbUZ+5ofod82Sn6LON9zL9QOO3Qbo8MuR+RxuVw5DAMUx\/dDBtmOPPVlzhHy5PtWbSEkEsTdWS83wGXS641aOmiLQV747L302n1DvDS+Rbg4dEYpQd1Bo3G+EfVZ0K75nQhkgz5R0\/KRzUtgK5\/dwnnzlIWvxiprlY8HI2H1UdfmNoheXAotbUF51pV2IYxWXlYeOM9zH9S1kcukc3bF4H0pS\/aGmh599OHMcq0JzsE48aORNtlw9bPUMrT7\/aF4qGnkZcFrMvbh9aaIhQ2zMLK9OEq0s11VBesQUXEDMwd9iUqD1fRcQLnaFXaflp+bvH5QnPwj4z7oJGIGgqMGE7\/eLgLd1E9u1xq4K9UYa3aOtHG86kifbkvl59fNeGMayQeGWXZWzW1cwgeML5ljIykUv0z5F7zFZE\/7h0N\/zamLnITOQMrHCNx5vUUqr\/aFtuhL8fPn6r3Ys\/qrxvTmOn225Cf0lsuHfGrT1BnXcc\/MRgJ0xPRUHZQ24qsLdsJTInDzFlpGHGgCrXUX879O1E5ZQYSAti\/99cHZppRW+dlXlnaUps3H1nlci+PxsOTtV2bAmEooh5UHxXafL3wpdqSNeLfx3ij7QKNt6sMWXKbyF3HCVkobb+Ori4V72P+hYLQOu1gGfYTjBg0BHM3ul9qGo7VMTQRNiG7GFhY3nt+\/XSVlhj+H9QJ7R0WZ9CCM6fVR0K75tFlOGjMWzvexcKHhuPnMosrlv2ys01oVB99cf2axQVd6UC7NJb7VZimYZdpA4\/Cxm21iGgs3VKBE3WVOLpjPV6OrEJO5p9D8jWkKNnmjnbLHloPGhtbEBHRv+9EjEhfhrmt+UhdehTjHK9gjNWZUM0\/P30Xonrq8e76IvxeOzahkubk+T3y80FcVFcOjKvY9ZoD1f\/5f6hyj2X5K72OTrOpdro5qfAPgH8bUxcZGPFUHnYcofhje\/DhazFwFmdh9eEeH\/bsD91+x6zcYymXjr88rb9viKWbaMdO7D5bj8oDw7FwFiV4MB7TflqG7Ucu4dOKS5ibQnMtpPiYVxacEfHYeGAP1k+oR\/aibWjV7DWANtlyHf8wzT2qSzsZYlQkHlBhDzY+xhtRw39C83cWNp401E0deU+qeB\/zLxTcWqc9KAbp6RHY7nBgl\/pKTY+zHqWFvS9fTFyrwn7Di46oqbMwrrEQi4vr4ZTJe66itjgf7xheAEY9lYYE4zU3etB6uAjrDkiDGoppc6LRULAcG+quai9sZPkb8ku83JHNtH2Yj7XHetOUvvkeGsY+i3m\/kLGj8MijHdi+hZ5M5ZOWl3o5j5Vh11lKf2MwIugpetTP6FHDNMgDYMIsvHBvGRwOVb5s855cFB4biRef7ue3OWgFs\/T1WRgx5ddY+aS3bwjQTWjPx9hjOl5HAsUkvCY\/v4Jx+oUhRo7nwd6bnTeburQPjnQHKgz9H0r825iFGy2oeP8EWl104d1DtBtslLyP0tj3yUezmyWYv7FJs7O+DMUvn40z2S9o9VhZWOR5oYdB0Zg23YWK3HXYPnY2ZmpPoPdh5tNxOP7n\/0XpF0mYNla7Eq37qc77jW9k+0vfemnzKut5bGjsbcnU7GUYFzEEsa\/\/FnMvFyEz9wQ92gTQJltOYIOjDM1u2z9Mc7V8MOYuSKS1hw0WHyNXeUPuodtAp1Nvx3f0b2yaeX5RjLNuG9a5X2DGzsbcwV7m3xEZqdNzugSOvEPqRhUct9ZpE6OytmDLAuDd+fJN7xOIme7A\/h56YpVLi0f\/GwXzvsTaybQ8mpSAmIyDuGesYVn+4Ays\/8syRB3OQZL2ljYVb1xOw4opKl4SkYi8HXl45KRDv2ZCAuYXd+CBYfrwRT5VgB05Q1GRLZerVH5yPtoWLMNULdY3U5e9BBSn6mmm5GD7XfOxpWCGWmbfh7m\/zcO0vxUiVW5\/9KlXDzqdjdi+iMrUllgJSP04Ekvz0sxL4\/4yaCRefn8j0m+U6Nsvss1bgPTN670++QXK4InLsGN13C3+\/jI5nJUrMbwiCzETpyJ+Ygoc34w2fe101CKLTc0vQc\/kNMQGur8ULDY2ZsLpxLmThZhP9qwtq6fk4tzEPKycTNdSPgV7DflQ23JO\/gQvzhrt09lETHkde\/JG43iObr\/RTz6P33fcj2E\/UhcQY345G\/jiEhKmxHnyGTwxCU9cIgc9bwbGaGeu4kzFNpRu+8z2gSUQIqbk4WB+b73kvD4+XD7UeGkJPRCs+NMruP9ADnLKrwbUJv\/EYd6T9cghvyHHIjWvBePy38MKw7apBzsfQ\/Y2PfslRO4ge6O6xOUchFPOry2G+UXzN4nO9zw0TJ8bsj0fFWBae5E+\/6kOGfuH4+V0WkIo\/tF8AhV7DuLMNXUiCFiNnWEYDWf5Eix2rcRf0o3vE8KMY7mIXgasv4P\/\/8gtf9JmGOZ2oAe1NS5MnxTGDvtfBH7SZhjmzkH+rsjHwFzHjNBsNd6GsNNmGIYJI3h7hGEYJoxgp80wDBNGsNNmGIYJI9hpMwzDhBHstBmGYcIIdtoMwzBhxG3mtAeoHRdSbr4WpG\/MGpW3k\/7mnYE\/DdCbbYMhyP8WaRwytweBO+2vtmG+\/B0AL4fjmLpmwAxQOy6k3HwtSN+YNSpvJ\/3NOwN\/GqA32wZDkH+QGonOs1WoPHsrHj6Ym0GQT9ojsdTwE4bGnyNkGOb25Pw2B3K28XP5nUJot0cs+nZm3TRfGpH+8K0f2fbREqTkWJXCr2JXzhw4NCFa32klgWok9nRW+dbFs9Ww7KuBKPUOHZafvwxao9KvPp36UXet3ZTfdKrzZl8\/7enGx9jY6Ez61Tr0p5lop4\/pRpZfuMTTFqtWpK4HuA2V\/vQeiX5pgHb0Ci1oY6aECiT2GpXUN\/3WR1T6onW+y7fiOi31NFP0vpbj5NGV1MfVcZg+Hs7VNA5TCutlxE2wIeYHQ\/439oCwSlpZ8ejbWfQak95Sslm6bI9VI9KMUbLIRj\/y8l6ROT5VFBsVjaSckpL58a89qaSbLHp7Ztz19aeLZ6NhqdrTq4HopHqsEonRyaKwQb8iEI1Kra5pZv05X\/p03YdWicfiZbulNh0dF2pEea1Zuqkv3sZGl33yqTPpT+vQRjPRnz6mCbKpzW9upfHRr9P7zjDmmmyUHEPfeo\/Ba4CqMTON+1ax2CCjZqdRORB9RE\/5Mb7Lt8plfb17jSjcrZfl0RNdcVTr6+5vnOKTFTJ8UMurs4vO3hQbYn4ognTasSKOjC852XC8pWvNede30\/UadQ1A3TH00VY0YTRoe\/1IqftmzE+GdV06+7T2Gol6ff3r4vXFrC+nt2fxbpcKS3T9PF1zTneMdhqVJqdto0+njUPyGnG8U\/Z5oHgZGzudST9ah3aaif70Mf2j1zPtQ6XXpzkvf3qPgfWvGX3MrBqFolb2BzlKb\/Zi0qgciD6iJIDyLU67DzJ+PNmACnq0Pt3cFBtifiiC3B4ZithnX8Gvsg3H1BFajHd9O12v0ahL2Edb0Re2+pHAuFmzcU95GSrlkvzKPrxTruSUAkirEYBGon9dPLWMtNGXi7h3iPokuQ8PePTrgteotNOni0xZildHNcExnZa2tOxNsWwL+cM4NrY6k360Du00E231Md2obRR9G0Iec7BOfuviez1ax5\/e4wA0QB+8T31S0LgPu\/ElWqX6jT+NSvrUf33EXvyWb0HbplLbP9qx7BDVxfcL9JtpQ8zNJ0inHYGfT4xDwmTD8QvduIb\/jIzUh17jPRF3qXAQ2OlHSkbOxsKHq\/DB\/qtoLitB7aQ0XU4pkLShoB\/6cmaC16i006fDoOGYWVCKoxR\/Yv8WvPrkVWx4cY1+YwuCQHQm\/Wod+tNMDFAf07knFzknR2P9UXf6j7HU4gv9038NUNc1i5O6TH1BDy33R9poVA5IH7EX3+WrsIcmbMguAtJ3qD6iozBRxXnnh7Ih5uYQsheRUcne9O3y8U73DDwzxfLUEAgB6UfqWncNxZnI+agbc+mzJmYUrPZkqOijL2dHPzQq7fTpzh5Cac0lSAnCwfcOxc9GDcU95BBk3kFpANrpTAajdWjRTOyvPmbPFwex\/wsVCIj+a4BWF9PTZYtMQWkuVeGN\/DIMnpeGqX1Uy2XbDBqVVGb\/9RF7Cbx8C7TCrDysXjYqIqgcXHPCJe0gEI1DnzbUg4bNuXgjJDqSTH8JmdP2rm83GgUfrESsnaH5wK9+pGLw5GfJADvQ9tPn8KJBAy6QtAPGVl\/OnqA1Km306ZydzThe8LxnSyHe0YLYgv+hyR6kBqCdzqSN1qFvzcTA9TG1ZfqIg8iYmKD1b1KuC49MUJEB0j8N0JFYuCgax3+lbGfeGpwbm4ety6Qosr1G5UD0Ed0kzIlB7Qp9y8NcvpXReLngabTm07WTpiLmvzLwCa1k9E1LnTHP\/hpTL+Rr3y6JSdmE2n7bkBPnPzuEXRVNlhU180PCIgj\/QtwRGoB3PCfgGJsDFPL\/f2C8E7onbeY2hzUAGeZOgJ+0Gea2Qv42SRkwZyVmBvXSlflXgZ02wzBMGMHbIwzDMGEEO22GYZgwgp02wzBMGMFOm2EYJoxgp80wDBNGsNNmGIYJI9hpMwzDhBHstBmGYcIIdtoMwzBhBDtthmGYMIKdNsMwTBjBTpthGCaMYKfNMAwTRrDTZhiGCSPYaTMMw4QNwP8D4z48OsLboDsAAAAASUVORK5CYII=\" alt=\"\"><\/p>","protected":false},"excerpt":{"rendered":"<p>Tegund:&nbsp;F60002-020<\/p>","protected":false},"featured_media":80398,"comment_status":"closed","ping_status":"closed","template":"","meta":[],"product_brand":[],"product_cat":[905,597,517],"product_tag":[],"class_list":{"0":"post-49185","1":"product","2":"type-product","3":"status-publish","4":"has-post-thumbnail","6":"product_cat-skrufur","7":"product_cat-hurdabunadur-lykillausnir","8":"product_cat-lykillausnir","10":"first","11":"instock","12":"taxable","13":"shipping-taxable","14":"purchasable","15":"product-type-simple"},"yoast_head":"<!-- This site is optimized with the Yoast SEO plugin v27.3 - https:\/\/yoast.com\/product\/yoast-seo-wordpress\/ -->\n<title>RANDI Hetta M4 Nikkel F60002-020 - V\u00e9lar &amp; Verkf\u00e6ri<\/title>\n<meta name=\"robots\" content=\"index, follow, max-snippet:-1, max-image-preview:large, max-video-preview:-1\" \/>\n<link rel=\"canonical\" href=\"https:\/\/velarogverkfaeri.is\/en\/lykillausnir\/hurdabunadur-lykillausnir\/hurdarhunar-hurdabunadur-lykillausnir\/product\/randi-hetta-m4-nikkel-f60002-020\/\" \/>\n<meta property=\"og:locale\" content=\"en_US\" \/>\n<meta property=\"og:type\" content=\"article\" \/>\n<meta property=\"og:title\" content=\"RANDI Hetta M4 Nikkel F60002-020 - V\u00e9lar &amp; Verkf\u00e6ri\" \/>\n<meta property=\"og:description\" content=\"Tegund:&nbsp;F60002-020\" \/>\n<meta property=\"og:url\" content=\"https:\/\/velarogverkfaeri.is\/en\/lykillausnir\/hurdabunadur-lykillausnir\/hurdarhunar-hurdabunadur-lykillausnir\/product\/randi-hetta-m4-nikkel-f60002-020\/\" \/>\n<meta property=\"og:site_name\" content=\"V\u00e9lar &amp; Verkf\u00e6ri\" \/>\n<meta property=\"article:publisher\" content=\"https:\/\/www.facebook.com\/VelarOgVerkfaeri\" \/>\n<meta property=\"article:modified_time\" content=\"2026-02-21T01:16:25+00:00\" \/>\n<meta name=\"twitter:card\" content=\"summary_large_image\" \/>\n<script type=\"application\/ld+json\" class=\"yoast-schema-graph\">{\"@context\":\"https:\\\/\\\/schema.org\",\"@graph\":[{\"@type\":\"WebPage\",\"@id\":\"https:\\\/\\\/velarogverkfaeri.is\\\/lykillausnir\\\/hurdabunadur-lykillausnir\\\/hurdarhunar-hurdabunadur-lykillausnir\\\/product\\\/randi-hetta-m4-nikkel-f60002-020\\\/\",\"url\":\"https:\\\/\\\/velarogverkfaeri.is\\\/lykillausnir\\\/hurdabunadur-lykillausnir\\\/hurdarhunar-hurdabunadur-lykillausnir\\\/product\\\/randi-hetta-m4-nikkel-f60002-020\\\/\",\"name\":\"RANDI Hetta M4 Nikkel F60002-020 - V\u00e9lar &amp; Verkf\u00e6ri\",\"isPartOf\":{\"@id\":\"https:\\\/\\\/velarogverkfaeri.is\\\/en\\\/#website\"},\"primaryImageOfPage\":{\"@id\":\"https:\\\/\\\/velarogverkfaeri.is\\\/lykillausnir\\\/hurdabunadur-lykillausnir\\\/hurdarhunar-hurdabunadur-lykillausnir\\\/product\\\/randi-hetta-m4-nikkel-f60002-020\\\/#primaryimage\"},\"image\":{\"@id\":\"https:\\\/\\\/velarogverkfaeri.is\\\/lykillausnir\\\/hurdabunadur-lykillausnir\\\/hurdarhunar-hurdabunadur-lykillausnir\\\/product\\\/randi-hetta-m4-nikkel-f60002-020\\\/#primaryimage\"},\"thumbnailUrl\":\"https:\\\/\\\/velarogverkfaeri.is\\\/wp-content\\\/uploads\\\/2026\\\/02\\\/a01fe73d-7ab4-47f9-9e87-fcf0e739ca66.png\",\"datePublished\":\"2023-06-08T19:04:33+00:00\",\"dateModified\":\"2026-02-21T01:16:25+00:00\",\"breadcrumb\":{\"@id\":\"https:\\\/\\\/velarogverkfaeri.is\\\/lykillausnir\\\/hurdabunadur-lykillausnir\\\/hurdarhunar-hurdabunadur-lykillausnir\\\/product\\\/randi-hetta-m4-nikkel-f60002-020\\\/#breadcrumb\"},\"inLanguage\":\"en-US\",\"potentialAction\":[{\"@type\":\"ReadAction\",\"target\":[\"https:\\\/\\\/velarogverkfaeri.is\\\/lykillausnir\\\/hurdabunadur-lykillausnir\\\/hurdarhunar-hurdabunadur-lykillausnir\\\/product\\\/randi-hetta-m4-nikkel-f60002-020\\\/\"]}]},{\"@type\":\"ImageObject\",\"inLanguage\":\"en-US\",\"@id\":\"https:\\\/\\\/velarogverkfaeri.is\\\/lykillausnir\\\/hurdabunadur-lykillausnir\\\/hurdarhunar-hurdabunadur-lykillausnir\\\/product\\\/randi-hetta-m4-nikkel-f60002-020\\\/#primaryimage\",\"url\":\"https:\\\/\\\/velarogverkfaeri.is\\\/wp-content\\\/uploads\\\/2026\\\/02\\\/a01fe73d-7ab4-47f9-9e87-fcf0e739ca66.png\",\"contentUrl\":\"https:\\\/\\\/velarogverkfaeri.is\\\/wp-content\\\/uploads\\\/2026\\\/02\\\/a01fe73d-7ab4-47f9-9e87-fcf0e739ca66.png\",\"width\":249,\"height\":187},{\"@type\":\"BreadcrumbList\",\"@id\":\"https:\\\/\\\/velarogverkfaeri.is\\\/lykillausnir\\\/hurdabunadur-lykillausnir\\\/hurdarhunar-hurdabunadur-lykillausnir\\\/product\\\/randi-hetta-m4-nikkel-f60002-020\\\/#breadcrumb\",\"itemListElement\":[{\"@type\":\"ListItem\",\"position\":1,\"name\":\"Home\",\"item\":\"https:\\\/\\\/velarogverkfaeri.is\\\/\"},{\"@type\":\"ListItem\",\"position\":2,\"name\":\"Vefverslun\",\"item\":\"https:\\\/\\\/velarogverkfaeri.is\\\/vefverslun\\\/\"},{\"@type\":\"ListItem\",\"position\":3,\"name\":\"RANDI Hetta M4 Nikkel F60002-020\"}]},{\"@type\":\"WebSite\",\"@id\":\"https:\\\/\\\/velarogverkfaeri.is\\\/en\\\/#website\",\"url\":\"https:\\\/\\\/velarogverkfaeri.is\\\/en\\\/\",\"name\":\"V\u00e9lar & Verkf\u00e6ri\",\"description\":\"Umbo\u00f0s- og heildverslun fr\u00e1 \u00e1rinu 1919\",\"publisher\":{\"@id\":\"https:\\\/\\\/velarogverkfaeri.is\\\/en\\\/#organization\"},\"potentialAction\":[{\"@type\":\"SearchAction\",\"target\":{\"@type\":\"EntryPoint\",\"urlTemplate\":\"https:\\\/\\\/velarogverkfaeri.is\\\/en\\\/?s={search_term_string}\"},\"query-input\":{\"@type\":\"PropertyValueSpecification\",\"valueRequired\":true,\"valueName\":\"search_term_string\"}}],\"inLanguage\":\"en-US\"},{\"@type\":\"Organization\",\"@id\":\"https:\\\/\\\/velarogverkfaeri.is\\\/en\\\/#organization\",\"name\":\"V\u00e9lar & Verkf\u00e6ri\",\"url\":\"https:\\\/\\\/velarogverkfaeri.is\\\/en\\\/\",\"logo\":{\"@type\":\"ImageObject\",\"inLanguage\":\"en-US\",\"@id\":\"https:\\\/\\\/velarogverkfaeri.is\\\/en\\\/#\\\/schema\\\/logo\\\/image\\\/\",\"url\":\"https:\\\/\\\/velarogverkfaeri.is\\\/wp-content\\\/uploads\\\/2021\\\/10\\\/vv_logo_350x100.png\",\"contentUrl\":\"https:\\\/\\\/velarogverkfaeri.is\\\/wp-content\\\/uploads\\\/2021\\\/10\\\/vv_logo_350x100.png\",\"width\":350,\"height\":100,\"caption\":\"V\u00e9lar & Verkf\u00e6ri\"},\"image\":{\"@id\":\"https:\\\/\\\/velarogverkfaeri.is\\\/en\\\/#\\\/schema\\\/logo\\\/image\\\/\"},\"sameAs\":[\"https:\\\/\\\/www.facebook.com\\\/VelarOgVerkfaeri\"]}]}<\/script>\n<!-- \/ Yoast SEO plugin. -->","yoast_head_json":{"title":"RANDI Hetta M4 Nikkel F60002-020 - V\u00e9lar &amp; Verkf\u00e6ri","robots":{"index":"index","follow":"follow","max-snippet":"max-snippet:-1","max-image-preview":"max-image-preview:large","max-video-preview":"max-video-preview:-1"},"canonical":"https:\/\/velarogverkfaeri.is\/en\/lykillausnir\/hurdabunadur-lykillausnir\/hurdarhunar-hurdabunadur-lykillausnir\/product\/randi-hetta-m4-nikkel-f60002-020\/","og_locale":"en_US","og_type":"article","og_title":"RANDI Hetta M4 Nikkel F60002-020 - V\u00e9lar &amp; Verkf\u00e6ri","og_description":"Tegund:&nbsp;F60002-020","og_url":"https:\/\/velarogverkfaeri.is\/en\/lykillausnir\/hurdabunadur-lykillausnir\/hurdarhunar-hurdabunadur-lykillausnir\/product\/randi-hetta-m4-nikkel-f60002-020\/","og_site_name":"V\u00e9lar &amp; Verkf\u00e6ri","article_publisher":"https:\/\/www.facebook.com\/VelarOgVerkfaeri","article_modified_time":"2026-02-21T01:16:25+00:00","twitter_card":"summary_large_image","schema":{"@context":"https:\/\/schema.org","@graph":[{"@type":"WebPage","@id":"https:\/\/velarogverkfaeri.is\/lykillausnir\/hurdabunadur-lykillausnir\/hurdarhunar-hurdabunadur-lykillausnir\/product\/randi-hetta-m4-nikkel-f60002-020\/","url":"https:\/\/velarogverkfaeri.is\/lykillausnir\/hurdabunadur-lykillausnir\/hurdarhunar-hurdabunadur-lykillausnir\/product\/randi-hetta-m4-nikkel-f60002-020\/","name":"RANDI Hetta M4 Nikkel F60002-020 - V\u00e9lar &amp; Verkf\u00e6ri","isPartOf":{"@id":"https:\/\/velarogverkfaeri.is\/en\/#website"},"primaryImageOfPage":{"@id":"https:\/\/velarogverkfaeri.is\/lykillausnir\/hurdabunadur-lykillausnir\/hurdarhunar-hurdabunadur-lykillausnir\/product\/randi-hetta-m4-nikkel-f60002-020\/#primaryimage"},"image":{"@id":"https:\/\/velarogverkfaeri.is\/lykillausnir\/hurdabunadur-lykillausnir\/hurdarhunar-hurdabunadur-lykillausnir\/product\/randi-hetta-m4-nikkel-f60002-020\/#primaryimage"},"thumbnailUrl":"https:\/\/velarogverkfaeri.is\/wp-content\/uploads\/2026\/02\/a01fe73d-7ab4-47f9-9e87-fcf0e739ca66.png","datePublished":"2023-06-08T19:04:33+00:00","dateModified":"2026-02-21T01:16:25+00:00","breadcrumb":{"@id":"https:\/\/velarogverkfaeri.is\/lykillausnir\/hurdabunadur-lykillausnir\/hurdarhunar-hurdabunadur-lykillausnir\/product\/randi-hetta-m4-nikkel-f60002-020\/#breadcrumb"},"inLanguage":"en-US","potentialAction":[{"@type":"ReadAction","target":["https:\/\/velarogverkfaeri.is\/lykillausnir\/hurdabunadur-lykillausnir\/hurdarhunar-hurdabunadur-lykillausnir\/product\/randi-hetta-m4-nikkel-f60002-020\/"]}]},{"@type":"ImageObject","inLanguage":"en-US","@id":"https:\/\/velarogverkfaeri.is\/lykillausnir\/hurdabunadur-lykillausnir\/hurdarhunar-hurdabunadur-lykillausnir\/product\/randi-hetta-m4-nikkel-f60002-020\/#primaryimage","url":"https:\/\/velarogverkfaeri.is\/wp-content\/uploads\/2026\/02\/a01fe73d-7ab4-47f9-9e87-fcf0e739ca66.png","contentUrl":"https:\/\/velarogverkfaeri.is\/wp-content\/uploads\/2026\/02\/a01fe73d-7ab4-47f9-9e87-fcf0e739ca66.png","width":249,"height":187},{"@type":"BreadcrumbList","@id":"https:\/\/velarogverkfaeri.is\/lykillausnir\/hurdabunadur-lykillausnir\/hurdarhunar-hurdabunadur-lykillausnir\/product\/randi-hetta-m4-nikkel-f60002-020\/#breadcrumb","itemListElement":[{"@type":"ListItem","position":1,"name":"Home","item":"https:\/\/velarogverkfaeri.is\/"},{"@type":"ListItem","position":2,"name":"Vefverslun","item":"https:\/\/velarogverkfaeri.is\/vefverslun\/"},{"@type":"ListItem","position":3,"name":"RANDI Hetta M4 Nikkel F60002-020"}]},{"@type":"WebSite","@id":"https:\/\/velarogverkfaeri.is\/en\/#website","url":"https:\/\/velarogverkfaeri.is\/en\/","name":"V\u00e9lar & Verkf\u00e6ri","description":"Umbo\u00f0s- og heildverslun fr\u00e1 \u00e1rinu 1919","publisher":{"@id":"https:\/\/velarogverkfaeri.is\/en\/#organization"},"potentialAction":[{"@type":"SearchAction","target":{"@type":"EntryPoint","urlTemplate":"https:\/\/velarogverkfaeri.is\/en\/?s={search_term_string}"},"query-input":{"@type":"PropertyValueSpecification","valueRequired":true,"valueName":"search_term_string"}}],"inLanguage":"en-US"},{"@type":"Organization","@id":"https:\/\/velarogverkfaeri.is\/en\/#organization","name":"V\u00e9lar & Verkf\u00e6ri","url":"https:\/\/velarogverkfaeri.is\/en\/","logo":{"@type":"ImageObject","inLanguage":"en-US","@id":"https:\/\/velarogverkfaeri.is\/en\/#\/schema\/logo\/image\/","url":"https:\/\/velarogverkfaeri.is\/wp-content\/uploads\/2021\/10\/vv_logo_350x100.png","contentUrl":"https:\/\/velarogverkfaeri.is\/wp-content\/uploads\/2021\/10\/vv_logo_350x100.png","width":350,"height":100,"caption":"V\u00e9lar & Verkf\u00e6ri"},"image":{"@id":"https:\/\/velarogverkfaeri.is\/en\/#\/schema\/logo\/image\/"},"sameAs":["https:\/\/www.facebook.com\/VelarOgVerkfaeri"]}]}},"_links":{"self":[{"href":"https:\/\/velarogverkfaeri.is\/en\/wp-json\/wp\/v2\/product\/49185","targetHints":{"allow":["GET"]}}],"collection":[{"href":"https:\/\/velarogverkfaeri.is\/en\/wp-json\/wp\/v2\/product"}],"about":[{"href":"https:\/\/velarogverkfaeri.is\/en\/wp-json\/wp\/v2\/types\/product"}],"replies":[{"embeddable":true,"href":"https:\/\/velarogverkfaeri.is\/en\/wp-json\/wp\/v2\/comments?post=49185"}],"wp:featuredmedia":[{"embeddable":true,"href":"https:\/\/velarogverkfaeri.is\/en\/wp-json\/wp\/v2\/media\/80398"}],"wp:attachment":[{"href":"https:\/\/velarogverkfaeri.is\/en\/wp-json\/wp\/v2\/media?parent=49185"}],"wp:term":[{"taxonomy":"product_brand","embeddable":true,"href":"https:\/\/velarogverkfaeri.is\/en\/wp-json\/wp\/v2\/product_brand?post=49185"},{"taxonomy":"product_cat","embeddable":true,"href":"https:\/\/velarogverkfaeri.is\/en\/wp-json\/wp\/v2\/product_cat?post=49185"},{"taxonomy":"product_tag","embeddable":true,"href":"https:\/\/velarogverkfaeri.is\/en\/wp-json\/wp\/v2\/product_tag?post=49185"}],"curies":[{"name":"wp","href":"https:\/\/api.w.org\/{rel}","templated":true}]}}