{"id":48754,"date":"2023-06-08T19:15:18","date_gmt":"2023-06-08T19:15:18","guid":{"rendered":"https:\/\/vv-dev.webdev.is\/?post_type=product&#038;p=48754"},"modified":"2025-10-24T11:52:25","modified_gmt":"2025-10-24T11:52:25","slug":"beslagsboden-wc-rulluhaldari-2","status":"publish","type":"product","link":"https:\/\/velarogverkfaeri.is\/en\/lykillausnir\/badherbergi-lykillausnir\/salernirsrulluhaldarar\/product\/beslagsboden-wc-rulluhaldari-2\/","title":{"rendered":"BESLAGSBODEN Kl\u00f3settr\u00falluhaldari Svartur 136&#215;100 mm BB1130"},"content":{"rendered":"<p>L\u00edm \u00e1 vegg&nbsp;&nbsp;<img decoding=\"async\" src=\"data:image\/png;base64,iVBORw0KGgoAAAANSUhEUgAAADsAAAAvCAYAAABdYrI+AAAAAXNSR0IArs4c6QAAAARnQU1BAACxjwv8YQUAAAAJcEhZcwAADsMAAA7DAcdvqGQAAAgdSURBVGhD5Vr3U1RXFD7UpQRBliK9oyJKWRAFCwoqLYpmzJgZM07+tKjxlzhBDQZLjKASIqBIkd6bsCy97NJzv+NbkmHUV3aXFL8ZeHDve7vve\/fc73zn7DptCtBnAmfp+FlgR1d2fX2dNjY2yNnZmX+cnJykmZ2Bw8guLMxTd3cXNTY2MUHxVrS5iSORq6sLubt7kMWyJEi70L59+yg+Pp78\/fU87yjYneyNG9f5CIKurq4UExNDu3btEuR0pNO58xEPYn5+gRYXF8TfC+LveVpaWuLzQf7ixYvk6enJr2NP2I3szZs3BMFNEaprFBsbS+HhERQXFyfNysNkmqC2tjbq6uriEHd3dxekL9mVtM1kTSYTPXhQwfsxPj6B9u7dSwEBAdKserx7947a29uor6+PXFycKTMzi5KSkqRZ22AT2ZGREXr16hXvwcOHs2wiuR3Dw0NUX18vwttMYWGhdPJkrjSjHZrJNjc3U0PDawoMDKQzZ87yfrM35ubmqKqqiqamTBQUFESFhcXSjDZoyrOdnZ30+vV7ooWFRQ4hCkDY8vPzBdFgEd5jVF1dLc1og2qyU1OTIrzqxI34MFFHAwKVn3+GIiMjhXh1UE9PjzSjHqrJlpeX8w1cuFAqjTgebm5uTDgwMIiePUNYT0kz6qCKLNIL3vjUqdOcHnYahw4dEsZkkyoq7ksj6qD4jhcXF2l1dU24nf3k5+cnje4sIiIi2W3hPjo62qVR5VBMtqysTISvB7\/ZPwmkOA8PD3r58g9aXrZIo8qgKPXAzj169FBYv1hKT0+XRh2D6elpGh8fE8cZtpKrqyvSzF+wWMwi0syUnJxMaWlp0qg8FJF9+7ZFPMmXbN92794tjdoPZrOZrSIKBxDEysGgIPWsrKyQj48Pj0MY4aFnZ2eFu3KhiQkjXbv2nfQq8lAUxjAPISEhdieKYgHm5PbtHwXZVi4asrKy6PLlr+nYsePk6+tLJ06cpLGxMcrOzmE13rMnhOdAfn19Q6z8qvRq8pAlu7a2xk80OjpGGrEPlpeXOY01NTVSSkoKXbnyDa\/mgQPJZDSOczjv359ENTU1nM+x6gDupabmd1ZlLy8vfhBKIUsWZdjs7Lxdfe\/MzAzduVPGFdKlS1+JlJIiDEMnawLcmV6v5yjq7e2lgwcPcmGg03nwKg4M9G+F8fnzF\/hhKIUs2eVlCMQm16L2AAzB\/fvl5O3tTSUlX3LeHh0d5ZQGcigPV1ZWOUyxZ\/FgQA6F\/8zMtCA7wHu6pKSEV1ZNupc9FeIBoOi2FQjdhw8fMNFz5wp4pSA4wcHBNDk5yfkb5h9qC3I6nU5UVfVin+4RVdAIixiuLS4uEYTf17lOTsrZyp6JPQvgjW1FZWUl171nz55jkghFFOl4oDAtbm6uXMdiZTH++PEjOn78hNivPdTf3ydC25+JYs4KNX0sWbK4IcBiUZfAt2NwcFDUv8N09Gg2hx8KCqQV2E6kEBj91tZWIVAHeGVra2s51VVXv+DaFppRUFDAYa8VsmStT3F+fo6PWgDltIYjWjWoXCBGS0uL3JnA38+fPxNp5winIrPZQpmZh4Va\/8zhHRYWxtHwoVJSgU3YgixZa\/jCRWlFf38\/p5IjR46ysoIwVBcrjKIcq4hwraqqFP8H8r7E2MTEBEVFRdHp03lbEbYd1o6lEsiSRcvF19dPKKL2lX3zpkGobByrKlQXq4zWKZR+eHiYLR\/IRUVFb42Njo5QQkKCbIXFXVqFkCXr7f0FF+pIBVqAfYpVDQ4OYofU3d1NBkMGH9FShRIj5SCC8DBAFAYCDwWr\/SkgjeXk5Ej\/yUPByroKYz7OOU4LQArtm4SERBoaGhJOLFqI1QBrAdwQtgfyrJeXJxcAUF2YjOzsbOkVPo67d++wjVUKWbKAwZDOq4OerlpgpdBDRqoBObN5idMZHgAUHnUpysaOjg4+Nz3dQBkZGdLVnwaUWU0TQdGZ4eGR\/ARh6dQAKwUjgbSBXIpjTw9c0nuBMpkmKTU1jWtTo9HIApaamipd\/WlAvHC+GigiixLLaJxg040wU4re3j6+FtWLv78\/qy3IVFT8wm5Jr\/cXRuMp7z1UMmqa4U+e\/MoipwaKYwCfvyBksCJKAdMeGRnFq4vWKxrd2GdYEYRzY2Mj20MobmJionSVPLDHUfKphWKyyH0QK+wrJH45wAxgn0LJEcIGg4F9MW4S18NYQAfy8vJYpdUABgSOSy2U726Bq1e\/ZVGoq6uVFSsoLwRJrw\/gUG5tfSvMRDx3PWAVQRTFAJpoaoAOJ9yUFqgiC6C0wv578eI5r\/LHgPQSGhrKdg7igyP2Jkgi3RQUFKpKGwCKemwFrR0T1WRReaCbEBAQyOH0oYY1whef7qGFgnCGeUAphgeAuaKiYraJaoByEGVeRESENKIeqskCsHEoshGmKMMQon8HHBHEDJ+5ogLz8vJmT4wqB0TRiVADmJqnT3+zubNp80eWLS3NfERIQoTwIdS9e\/cEWSeuXOBx29vbue4EUXQf1ABihopLi\/puh01kAYQr8iZECCGNFIL0lJuby0QHB4dY1EAUiq4U2NdlZT9xU9xejXmbyVoB21dXVyc8rxt3GhCqII\/2SVFREYe8EqCTcevWDyxoaKkqvU4J7EbWiuvXvxe\/N0X96cbmHisq19IBQRTx6ErgexmlpaV2JWmF3claAQVG0d7Q0MCrBAVHqOPH+m2ZlpYmsbdduF0KkwCldyQcRvZDwCcA1i99QbD+N1\/6+jdCU579r+IzIkv0J5VYMUMFuBx9AAAAAElFTkSuQmCC\" alt=\"\"><\/p>\n<p>St\u00e6r\u00f0: 136 x 100 mm<\/p>","protected":false},"excerpt":{"rendered":"<p>Tegund:&nbsp;BB1130<\/p>","protected":false},"featured_media":61989,"comment_status":"closed","ping_status":"closed","template":"","meta":[],"product_brand":[],"product_cat":[580,618,517],"product_tag":[],"class_list":{"0":"post-48754","1":"product","2":"type-product","3":"status-publish","4":"has-post-thumbnail","6":"product_cat-badherbergi-lykillausnir","7":"product_cat-salernirsrulluhaldarar","8":"product_cat-lykillausnir","10":"first","11":"instock","12":"taxable","13":"shipping-taxable","14":"purchasable","15":"product-type-simple"},"yoast_head":"<!-- This site is optimized with the Yoast SEO plugin v27.3 - https:\/\/yoast.com\/product\/yoast-seo-wordpress\/ -->\n<title>BESLAGSBODEN Kl\u00f3settr\u00falluhaldari Svartur 136x100 mm BB1130 - V\u00e9lar &amp; Verkf\u00e6ri<\/title>\n<meta name=\"robots\" content=\"index, follow, max-snippet:-1, max-image-preview:large, max-video-preview:-1\" \/>\n<link rel=\"canonical\" href=\"https:\/\/velarogverkfaeri.is\/en\/lykillausnir\/badherbergi-lykillausnir\/salernirsrulluhaldarar\/product\/beslagsboden-wc-rulluhaldari-2\/\" \/>\n<meta property=\"og:locale\" content=\"en_US\" \/>\n<meta property=\"og:type\" content=\"article\" \/>\n<meta property=\"og:title\" content=\"BESLAGSBODEN Kl\u00f3settr\u00falluhaldari Svartur 136x100 mm BB1130 - V\u00e9lar &amp; Verkf\u00e6ri\" \/>\n<meta property=\"og:description\" content=\"Tegund:&nbsp;BB1130\" \/>\n<meta property=\"og:url\" content=\"https:\/\/velarogverkfaeri.is\/en\/lykillausnir\/badherbergi-lykillausnir\/salernirsrulluhaldarar\/product\/beslagsboden-wc-rulluhaldari-2\/\" \/>\n<meta property=\"og:site_name\" content=\"V\u00e9lar &amp; Verkf\u00e6ri\" \/>\n<meta property=\"article:publisher\" content=\"https:\/\/www.facebook.com\/VelarOgVerkfaeri\" \/>\n<meta property=\"article:modified_time\" content=\"2025-10-24T11:52:25+00:00\" \/>\n<meta property=\"og:image\" content=\"https:\/\/velarogverkfaeri.is\/wp-content\/uploads\/2024\/06\/b5b659aa-8422-46bd-b8f2-900d42f35f94.jpg\" \/>\n\t<meta property=\"og:image:width\" content=\"1500\" \/>\n\t<meta property=\"og:image:height\" content=\"1500\" \/>\n\t<meta property=\"og:image:type\" content=\"image\/jpeg\" \/>\n<meta name=\"twitter:card\" content=\"summary_large_image\" \/>\n<script type=\"application\/ld+json\" class=\"yoast-schema-graph\">{\"@context\":\"https:\\\/\\\/schema.org\",\"@graph\":[{\"@type\":\"WebPage\",\"@id\":\"https:\\\/\\\/velarogverkfaeri.is\\\/lykillausnir\\\/badherbergi-lykillausnir\\\/salernirsrulluhaldarar\\\/product\\\/beslagsboden-wc-rulluhaldari-2\\\/\",\"url\":\"https:\\\/\\\/velarogverkfaeri.is\\\/lykillausnir\\\/badherbergi-lykillausnir\\\/salernirsrulluhaldarar\\\/product\\\/beslagsboden-wc-rulluhaldari-2\\\/\",\"name\":\"BESLAGSBODEN Kl\u00f3settr\u00falluhaldari Svartur 136x100 mm BB1130 - V\u00e9lar &amp; Verkf\u00e6ri\",\"isPartOf\":{\"@id\":\"https:\\\/\\\/velarogverkfaeri.is\\\/en\\\/#website\"},\"primaryImageOfPage\":{\"@id\":\"https:\\\/\\\/velarogverkfaeri.is\\\/lykillausnir\\\/badherbergi-lykillausnir\\\/salernirsrulluhaldarar\\\/product\\\/beslagsboden-wc-rulluhaldari-2\\\/#primaryimage\"},\"image\":{\"@id\":\"https:\\\/\\\/velarogverkfaeri.is\\\/lykillausnir\\\/badherbergi-lykillausnir\\\/salernirsrulluhaldarar\\\/product\\\/beslagsboden-wc-rulluhaldari-2\\\/#primaryimage\"},\"thumbnailUrl\":\"https:\\\/\\\/velarogverkfaeri.is\\\/wp-content\\\/uploads\\\/2024\\\/06\\\/b5b659aa-8422-46bd-b8f2-900d42f35f94.jpg\",\"datePublished\":\"2023-06-08T19:15:18+00:00\",\"dateModified\":\"2025-10-24T11:52:25+00:00\",\"breadcrumb\":{\"@id\":\"https:\\\/\\\/velarogverkfaeri.is\\\/lykillausnir\\\/badherbergi-lykillausnir\\\/salernirsrulluhaldarar\\\/product\\\/beslagsboden-wc-rulluhaldari-2\\\/#breadcrumb\"},\"inLanguage\":\"en-US\",\"potentialAction\":[{\"@type\":\"ReadAction\",\"target\":[\"https:\\\/\\\/velarogverkfaeri.is\\\/lykillausnir\\\/badherbergi-lykillausnir\\\/salernirsrulluhaldarar\\\/product\\\/beslagsboden-wc-rulluhaldari-2\\\/\"]}]},{\"@type\":\"ImageObject\",\"inLanguage\":\"en-US\",\"@id\":\"https:\\\/\\\/velarogverkfaeri.is\\\/lykillausnir\\\/badherbergi-lykillausnir\\\/salernirsrulluhaldarar\\\/product\\\/beslagsboden-wc-rulluhaldari-2\\\/#primaryimage\",\"url\":\"https:\\\/\\\/velarogverkfaeri.is\\\/wp-content\\\/uploads\\\/2024\\\/06\\\/b5b659aa-8422-46bd-b8f2-900d42f35f94.jpg\",\"contentUrl\":\"https:\\\/\\\/velarogverkfaeri.is\\\/wp-content\\\/uploads\\\/2024\\\/06\\\/b5b659aa-8422-46bd-b8f2-900d42f35f94.jpg\",\"width\":1500,\"height\":1500},{\"@type\":\"BreadcrumbList\",\"@id\":\"https:\\\/\\\/velarogverkfaeri.is\\\/lykillausnir\\\/badherbergi-lykillausnir\\\/salernirsrulluhaldarar\\\/product\\\/beslagsboden-wc-rulluhaldari-2\\\/#breadcrumb\",\"itemListElement\":[{\"@type\":\"ListItem\",\"position\":1,\"name\":\"Home\",\"item\":\"https:\\\/\\\/velarogverkfaeri.is\\\/\"},{\"@type\":\"ListItem\",\"position\":2,\"name\":\"Vefverslun\",\"item\":\"https:\\\/\\\/velarogverkfaeri.is\\\/vefverslun\\\/\"},{\"@type\":\"ListItem\",\"position\":3,\"name\":\"BESLAGSBODEN Kl\u00f3settr\u00falluhaldari Svartur 136&#215;100 mm BB1130\"}]},{\"@type\":\"WebSite\",\"@id\":\"https:\\\/\\\/velarogverkfaeri.is\\\/en\\\/#website\",\"url\":\"https:\\\/\\\/velarogverkfaeri.is\\\/en\\\/\",\"name\":\"V\u00e9lar & Verkf\u00e6ri\",\"description\":\"Umbo\u00f0s- og heildverslun fr\u00e1 \u00e1rinu 1919\",\"publisher\":{\"@id\":\"https:\\\/\\\/velarogverkfaeri.is\\\/en\\\/#organization\"},\"potentialAction\":[{\"@type\":\"SearchAction\",\"target\":{\"@type\":\"EntryPoint\",\"urlTemplate\":\"https:\\\/\\\/velarogverkfaeri.is\\\/en\\\/?s={search_term_string}\"},\"query-input\":{\"@type\":\"PropertyValueSpecification\",\"valueRequired\":true,\"valueName\":\"search_term_string\"}}],\"inLanguage\":\"en-US\"},{\"@type\":\"Organization\",\"@id\":\"https:\\\/\\\/velarogverkfaeri.is\\\/en\\\/#organization\",\"name\":\"V\u00e9lar & Verkf\u00e6ri\",\"url\":\"https:\\\/\\\/velarogverkfaeri.is\\\/en\\\/\",\"logo\":{\"@type\":\"ImageObject\",\"inLanguage\":\"en-US\",\"@id\":\"https:\\\/\\\/velarogverkfaeri.is\\\/en\\\/#\\\/schema\\\/logo\\\/image\\\/\",\"url\":\"https:\\\/\\\/velarogverkfaeri.is\\\/wp-content\\\/uploads\\\/2021\\\/10\\\/vv_logo_350x100.png\",\"contentUrl\":\"https:\\\/\\\/velarogverkfaeri.is\\\/wp-content\\\/uploads\\\/2021\\\/10\\\/vv_logo_350x100.png\",\"width\":350,\"height\":100,\"caption\":\"V\u00e9lar & Verkf\u00e6ri\"},\"image\":{\"@id\":\"https:\\\/\\\/velarogverkfaeri.is\\\/en\\\/#\\\/schema\\\/logo\\\/image\\\/\"},\"sameAs\":[\"https:\\\/\\\/www.facebook.com\\\/VelarOgVerkfaeri\"]}]}<\/script>\n<!-- \/ Yoast SEO plugin. -->","yoast_head_json":{"title":"BESLAGSBODEN Kl\u00f3settr\u00falluhaldari Svartur 136x100 mm BB1130 - V\u00e9lar &amp; Verkf\u00e6ri","robots":{"index":"index","follow":"follow","max-snippet":"max-snippet:-1","max-image-preview":"max-image-preview:large","max-video-preview":"max-video-preview:-1"},"canonical":"https:\/\/velarogverkfaeri.is\/en\/lykillausnir\/badherbergi-lykillausnir\/salernirsrulluhaldarar\/product\/beslagsboden-wc-rulluhaldari-2\/","og_locale":"en_US","og_type":"article","og_title":"BESLAGSBODEN Kl\u00f3settr\u00falluhaldari Svartur 136x100 mm BB1130 - V\u00e9lar &amp; Verkf\u00e6ri","og_description":"Tegund:&nbsp;BB1130","og_url":"https:\/\/velarogverkfaeri.is\/en\/lykillausnir\/badherbergi-lykillausnir\/salernirsrulluhaldarar\/product\/beslagsboden-wc-rulluhaldari-2\/","og_site_name":"V\u00e9lar &amp; Verkf\u00e6ri","article_publisher":"https:\/\/www.facebook.com\/VelarOgVerkfaeri","article_modified_time":"2025-10-24T11:52:25+00:00","og_image":[{"width":1500,"height":1500,"url":"https:\/\/velarogverkfaeri.is\/wp-content\/uploads\/2024\/06\/b5b659aa-8422-46bd-b8f2-900d42f35f94.jpg","type":"image\/jpeg"}],"twitter_card":"summary_large_image","schema":{"@context":"https:\/\/schema.org","@graph":[{"@type":"WebPage","@id":"https:\/\/velarogverkfaeri.is\/lykillausnir\/badherbergi-lykillausnir\/salernirsrulluhaldarar\/product\/beslagsboden-wc-rulluhaldari-2\/","url":"https:\/\/velarogverkfaeri.is\/lykillausnir\/badherbergi-lykillausnir\/salernirsrulluhaldarar\/product\/beslagsboden-wc-rulluhaldari-2\/","name":"BESLAGSBODEN Kl\u00f3settr\u00falluhaldari Svartur 136x100 mm BB1130 - V\u00e9lar &amp; Verkf\u00e6ri","isPartOf":{"@id":"https:\/\/velarogverkfaeri.is\/en\/#website"},"primaryImageOfPage":{"@id":"https:\/\/velarogverkfaeri.is\/lykillausnir\/badherbergi-lykillausnir\/salernirsrulluhaldarar\/product\/beslagsboden-wc-rulluhaldari-2\/#primaryimage"},"image":{"@id":"https:\/\/velarogverkfaeri.is\/lykillausnir\/badherbergi-lykillausnir\/salernirsrulluhaldarar\/product\/beslagsboden-wc-rulluhaldari-2\/#primaryimage"},"thumbnailUrl":"https:\/\/velarogverkfaeri.is\/wp-content\/uploads\/2024\/06\/b5b659aa-8422-46bd-b8f2-900d42f35f94.jpg","datePublished":"2023-06-08T19:15:18+00:00","dateModified":"2025-10-24T11:52:25+00:00","breadcrumb":{"@id":"https:\/\/velarogverkfaeri.is\/lykillausnir\/badherbergi-lykillausnir\/salernirsrulluhaldarar\/product\/beslagsboden-wc-rulluhaldari-2\/#breadcrumb"},"inLanguage":"en-US","potentialAction":[{"@type":"ReadAction","target":["https:\/\/velarogverkfaeri.is\/lykillausnir\/badherbergi-lykillausnir\/salernirsrulluhaldarar\/product\/beslagsboden-wc-rulluhaldari-2\/"]}]},{"@type":"ImageObject","inLanguage":"en-US","@id":"https:\/\/velarogverkfaeri.is\/lykillausnir\/badherbergi-lykillausnir\/salernirsrulluhaldarar\/product\/beslagsboden-wc-rulluhaldari-2\/#primaryimage","url":"https:\/\/velarogverkfaeri.is\/wp-content\/uploads\/2024\/06\/b5b659aa-8422-46bd-b8f2-900d42f35f94.jpg","contentUrl":"https:\/\/velarogverkfaeri.is\/wp-content\/uploads\/2024\/06\/b5b659aa-8422-46bd-b8f2-900d42f35f94.jpg","width":1500,"height":1500},{"@type":"BreadcrumbList","@id":"https:\/\/velarogverkfaeri.is\/lykillausnir\/badherbergi-lykillausnir\/salernirsrulluhaldarar\/product\/beslagsboden-wc-rulluhaldari-2\/#breadcrumb","itemListElement":[{"@type":"ListItem","position":1,"name":"Home","item":"https:\/\/velarogverkfaeri.is\/"},{"@type":"ListItem","position":2,"name":"Vefverslun","item":"https:\/\/velarogverkfaeri.is\/vefverslun\/"},{"@type":"ListItem","position":3,"name":"BESLAGSBODEN Kl\u00f3settr\u00falluhaldari Svartur 136&#215;100 mm BB1130"}]},{"@type":"WebSite","@id":"https:\/\/velarogverkfaeri.is\/en\/#website","url":"https:\/\/velarogverkfaeri.is\/en\/","name":"V\u00e9lar & Verkf\u00e6ri","description":"Umbo\u00f0s- og heildverslun fr\u00e1 \u00e1rinu 1919","publisher":{"@id":"https:\/\/velarogverkfaeri.is\/en\/#organization"},"potentialAction":[{"@type":"SearchAction","target":{"@type":"EntryPoint","urlTemplate":"https:\/\/velarogverkfaeri.is\/en\/?s={search_term_string}"},"query-input":{"@type":"PropertyValueSpecification","valueRequired":true,"valueName":"search_term_string"}}],"inLanguage":"en-US"},{"@type":"Organization","@id":"https:\/\/velarogverkfaeri.is\/en\/#organization","name":"V\u00e9lar & Verkf\u00e6ri","url":"https:\/\/velarogverkfaeri.is\/en\/","logo":{"@type":"ImageObject","inLanguage":"en-US","@id":"https:\/\/velarogverkfaeri.is\/en\/#\/schema\/logo\/image\/","url":"https:\/\/velarogverkfaeri.is\/wp-content\/uploads\/2021\/10\/vv_logo_350x100.png","contentUrl":"https:\/\/velarogverkfaeri.is\/wp-content\/uploads\/2021\/10\/vv_logo_350x100.png","width":350,"height":100,"caption":"V\u00e9lar & Verkf\u00e6ri"},"image":{"@id":"https:\/\/velarogverkfaeri.is\/en\/#\/schema\/logo\/image\/"},"sameAs":["https:\/\/www.facebook.com\/VelarOgVerkfaeri"]}]}},"_links":{"self":[{"href":"https:\/\/velarogverkfaeri.is\/en\/wp-json\/wp\/v2\/product\/48754","targetHints":{"allow":["GET"]}}],"collection":[{"href":"https:\/\/velarogverkfaeri.is\/en\/wp-json\/wp\/v2\/product"}],"about":[{"href":"https:\/\/velarogverkfaeri.is\/en\/wp-json\/wp\/v2\/types\/product"}],"replies":[{"embeddable":true,"href":"https:\/\/velarogverkfaeri.is\/en\/wp-json\/wp\/v2\/comments?post=48754"}],"wp:featuredmedia":[{"embeddable":true,"href":"https:\/\/velarogverkfaeri.is\/en\/wp-json\/wp\/v2\/media\/61989"}],"wp:attachment":[{"href":"https:\/\/velarogverkfaeri.is\/en\/wp-json\/wp\/v2\/media?parent=48754"}],"wp:term":[{"taxonomy":"product_brand","embeddable":true,"href":"https:\/\/velarogverkfaeri.is\/en\/wp-json\/wp\/v2\/product_brand?post=48754"},{"taxonomy":"product_cat","embeddable":true,"href":"https:\/\/velarogverkfaeri.is\/en\/wp-json\/wp\/v2\/product_cat?post=48754"},{"taxonomy":"product_tag","embeddable":true,"href":"https:\/\/velarogverkfaeri.is\/en\/wp-json\/wp\/v2\/product_tag?post=48754"}],"curies":[{"name":"wp","href":"https:\/\/api.w.org\/{rel}","templated":true}]}}