{"id":42980,"date":"2023-06-08T19:22:45","date_gmt":"2023-06-08T19:22:45","guid":{"rendered":"https:\/\/vv-dev.webdev.is\/?post_type=product&#038;p=42980"},"modified":"2026-03-05T15:31:34","modified_gmt":"2026-03-05T15:31:34","slug":"usag-loftbyssa-927-b-gradual-valve-u09270006","status":"publish","type":"product","link":"https:\/\/velarogverkfaeri.is\/en\/verkfaeralausnir\/rafmagnsverkfaeri\/loftverkfaeri-rafmagnsverkfaeri\/product\/usag-loftbyssa-927-b-gradual-valve-u09270006\/","title":{"rendered":"USAG Loftbyssa 927 B Gradual Valve U09270006"},"content":{"rendered":"<p><img decoding=\"async\" src=\"data:image\/png;base64,iVBORw0KGgoAAAANSUhEUgAAApIAAABqCAYAAAAP1rE7AAAAAXNSR0IArs4c6QAAAARnQU1BAACxjwv8YQUAAAAJcEhZcwAADsMAAA7DAcdvqGQAACeUSURBVHhe7Z3faxtZmvef6Sw7g7OEIjHGr+y8iFhh04zxptvCODCINPSFBLlI7tL7GuL07KUv+9IXA+2\/oNvXiZnWRTcb0iG8RJrsyztGsB1NWoIgzCT0yrvCkd3ByFnh3U43vWGzz\/lRqlOlqlKpZMf2+PshRarqnDrnOc95zqmnzg\/5F28YAgAAAAAAoE\/e0f8DAAAAAADQF3AkAQAAAABALOBIAgAAAACAWMCRBAAAAAAAsYAjCQAAAAAAYgFHEgAAAAAAxAKOJAAAAAAAiAUcSQAAAAAAEAs4kgAAAAAAIBZwJAEAAAAAQCzgSAIAAAAAgFjAkQQAAAAAALE4NI5kJb9ES0vmsUzFTR14WNksUr7Q1BeCCuWF7PmKvt5LOG1XuiqvfFVfHgDNwjItLRfJ1MB+Ey\/PQerFq3e+I2x1X+rYRMg8eBtoFvLuNNhml1kXyy67DWfP61nKcATaNwAAgJ4cvCOpX2xFytLi4qJz5Cyq3M7z6\/Tw0qzVqa3PJeLFaPG\/M6Pqei+pPqOGPgV9Mki9HGm9N2lt3WWhHayRcX0GAAAAxOeAHckmFb+uUDvJTuRcWt\/TTM+xQzlHnruHihc7npf0WJrmFhZpIbf3L+nmtr9DACIwQL0cbb2\/oJZX\/LEsLfCH2ty0vgYAAAAG4BdvGH3ek+3tbSoUCvT8+XM6e\/Ys5XI5GhkZ0aExEKORt+uUurlA2TF9LwAxvbZSdd6KyZzzMhRTjeUzWUqtF6mio1jT8x3HoVe4mkYsdkae3GHq+WJnWCpJ2cXL1Fpe6aQlUM8QFfl+65IjW5jcMmxnlrJUdNL3card+TMyDkmZaTpN7So74zLAonRHl6JMZRrOpaheUOF23m6ZRHkMh72ap6WCk5kpr6ovJ69kkqjRTtH8QpZMF627XN06c6U7UJ7hdafgDxajXgbTe1rdZ42l25VY9qTQ9XNzllq37bg+9de5VmXo2JyVdnTg0pHOb2rNdc9J25uut5wee2CkvtZTlJ2oU9G2G4++3DblqUOP7JaqRG73V4m+5vuWR\/fSHqhLDgAAAIePE79j9HlP7ty5I51Iwe7urnQsL168KK9j8S9lelj\/FU1dmaKEvuWHeklZ\/GJZoOuZDGUmXlHpH7+k705maIof3KqVaO1pixIffUIfX+Hwkxv0sPSEXk3MUOpUr3D10m\/zy\/eT316hTOYcvfzDCpVPqLTlS7bNL+1PPqYrIu\/Mz1Qr\/A1l\/88VGtooUWtCPTdznjOiXao\/5nTPqmd7yb1bf0xPnq7Ra3ZwFq6r8NpqqRNuk5jK0LkfavTkl5dpceE6ZWTgFtVKdWr8mKDrWrahjYdUevKKzs2k6JQMX6M\/t5xwX5lO1ujW3S39DOviVotmXfKW6Z2MqB8O+6xEP3X0lKCtUplzSdBF+ayDt1znfijRna\/K9Ncf6HKy\/u8XajRkpxs7z\/C6c3DXy2B6V\/ZUb7yKZU8Oun6evO6U\/dwPj+nBNy+N+mvS0HvKhpuF39M3p6\/rNLmuv\/uS\/t\/mOba7XSr+\/gG9\/LWdX4YSu9\/R7t9m6MPMEG2UWuywCTlVOipfJ11\/+\/5vSkl7Vkh9\/du\/Uith58\/p3i9S6QeR\/6medl7Jf0aln5w8EpslKn\/P+n3vQ8q+K3Rfo5e6rUqn8+4q2wo7ui59AQAAOIz0NbVtO5E23uv9Qa3zSuaM0YmxLM2KQY2nxgrK5GxnhIWmL1CS2tR6oa8FQeFiDZyVpqudEaNxyl5K6rQr9KzBj14yR9zSlO0aXfIjotyc92V75GZsklIWUXs7+rYGU7b0u5x4u0WuYrtk95Fp+jKf12lNbnxI05w5CjQ2TJbQkwjz0dPkBAsbhFGu8RERL0kX7HKOGukOkmdo3fVgQL3Hs6duzLoYn0qR1bbrws14bsE1qjl6hrW049S0eT4+nTbqPIw+7NtVJqE7zn99jS2ql52LPCxKX3PykOXU5ypum+o1rfvqKlXahq0AAAA41PTlSIrpbBPvdd+4HIogfNZ5MeJFKpymQXeSyjVw7QqtiF299iGmWUXamy2WzqLhWHtn9lfueCiZGgWjrEtiylE7QRIxomaHOdOz+7tWMF6eoXWn47xtBpLJdqLNLwEDMfJnp+lMI7OjurAop+lVWB+7oQeyb5sedi7zCEd8ALWFA8nnlacNsuTHDQAAgKNAX46kWBNpO4\/2GsmBkCNBbar8MWwEaZSGO8MXDnKjizUcceQlGDlaZqVp3twxLg6x\/qzHiz2c\/ZU7HkomsX7NVVY+5Ho2uYNerJ+z72cpqR7cPwbIM7TudJy3zUAyhTh2YgparOu005ufdhtXek7n08+vHQxg344d74GdC8fRalA5n6dyI0mzfiOiAAAADiV9OZJiY82NGzfkC0v8P9BGG8k4Za+lyWoUu36XT46+yN+uU9OZjYLxcmTno9xgh+jdPRi3ENOS7Qqtun6PsUlNPe16QUzRPTJ+Q6+aj\/jbjfssdyy0TGZ5mOamvnrBjoyVokl7ylZM0+pTNe1q6kmc9xprisAgeYbW3QHRp0zmdLr4oHLpokNTjvo5duP+WZ9K1eM2sgMXbZCxD\/tuG0smXHbcw859PhZlOfW5Qk3\/txv8EEYjAQDgSNHXZpt94VSKZjLn6FXpDn35sESlkjqe\/DhJ89cmOfwUjZ+f0Rs2HqrwJ1s0auwKlZsfKNXZDGFvRKHzarF\/eHiCpjJDVLt1i+7rvEulBjVOvEMz5xOUmGLZHj+gB7ZsdYus8z\/L5xL\/JTZZrKr7G0Oc\/t+4NnWc6iG33MTw76eNzSpqU8jL0xf15h2HU0Mv5YaQhyKdmthQM0QNo4yS72ssH1FKblRx68BGyrRTpBVbJj4ajTa9HJui1N+edpf1dYpf6i+J3p2h1BjXk9wkc18\/95pmcxbVm0P+m23McrnkYv6jTo+fvKTTYsPHQHmG152Dz2ab2HpP0X8OYE8O6pmffmzQw4eqLupccmc3ugi3N8WcotQJUw8NSvx6lLZ+HGYZON7dMrcdXZ8sRvqjv6f3ZTES9LPYgMXyi7ANufnFTFdsKAq2bxupr1\/+il7fv6\/KxHb8q+l5+oeM0lW4nbPsbKtic46tj9eXsmTVHRkkiZ\/lxqDx7IfOPQAAAIeevn7+BwCwV6jd3eT6mZzji9z5LabuPT\/BBAAA4HBzwD9IDgA49lTztFIlSn8AJxIAAI4aGJEEAAAAAACxwIgkAAAAAACIBRxJAAAAAAAQCziSAAAAAAAgFnAkAQAAAABALOBIAgAAAACAWMCRBAAAAAAAsYAjCQAAAAAAYgFHEgAAAAAAxAKOJAAAAAAAiAUcSQAAAAAAEAs4kgAAAAAAIBaH4G9tVyi\/VKSGviKyKH1zgbJj6qpZyNPa1FznOpTNIi3frhBNz9NCblzfDKJJxeUVal1apLlpfeutw2XPE83NpfX1IAg9lmnY0F0k+tIZAAAAAIDDAY9ICmeuSG12YhYXF9WRs6jyR3ZsdPjaelufR8caOSIOUfWZ4UAfLEdGZwAAAAA4NBysI7m5RvW2Rakpw4mZnqPFzgjdC2r140eOZWmBndGDG2Hsj+Z2\/07ynnPEdAYAAACAw0NfU9vb29tUKBTo+fPndPbsWcrlcjQyMqJD46CntZNZw3nU6ClXx9VyprybhWVaqdoh5lS4e3q3kl+i8pkspdaLVNHRrc4Urs\/UtifPZM4JE2kVO8OHScouzpGQOOi+iV8cFtS4xxg6cMW30jS\/kCXb1XaX3cwveGpb6WGeZndWOuk6enA\/J9PfmaX5M2UnH0\/9hMkHAAAAgOPDid8x+rwnd+7ckU6kYHd3VzqWFy9elNfxSNDpH2r05OkalUolPmr0amKGUqc46FSKZjJDtFFqUermJ\/TxFX2fnb3ff3Oarn\/yMV3JZChz8jv68p+26NxMik7RFtVKTRp6T8XdqpVo7WmLEh+J50XcDXpYeqLz2KX6Yz4\/m6GphEpXOJEWO48L1zku5127dZe2RNx\/ydOtisVO2wJdF3lmfqataoIS3wfcF+nZVP3jpLMZOifK\/svLtLhwnTJSCO2ktdk50+U7t1OklT+9I8OVE2mkdbJGt+76l91E6eEJvWanWZZt4hU9fvANvZR6cD+3W38s66ORuE6f\/PaK1MPG\/SLVTio9hckHAAAAgONFX1PbthNp472Ow3huQa6NnJ+2+KpNldtLtFxoqkA\/xFSsOQI2OkxWu0Uv9GUXyVlnhG76AiU5j5ZP5GatTu1k1pjiTdNlPq\/XbFn4uU19ymHpTryg+yZR4ggq9KxhUfqaU77x3CwlG884RK0XTeaMEc\/py3xep7VO2iGYZRubpJTVNsrmwUrT1c7GmzRdSBI1nop1q2HyAQAAAOC40ZcjKaazTbzXg2A6lO31NXabQhCjh0tLtCQO1\/R3fF7scCqNokpTH2Jqt73DXqdYt3kzRXV2cmVYXrtNQfdNosSx2WxxWZQzbcuwJHe0C0dUrRdtFMywFaq0\/R3jcMZpmP12WbYIjJ4RkVvUDJVPRwYAAADAsaEvR1KsibSdR3uN5F4zPiJGJkOo5tl5bNGs2OEtjptp6vFEJKSzJNYC2unah702UG9KWVycp3SbHVl71DTovkmUOIKxYS6LWPOp8+4cYv3iqHT+xLpNd1icjTJN6ZRaZ0b1dTjSybaGaTxUPh0ZAAAAAMeGvhxJsbHmxo0b0nkQ\/w+20YYRTuFy0Rh9bFLxUYOsicnAzRtyp3PyQmd6V05J6\/NBGJ9KkdUoU9EcWdtsKtk2K1TxjLjJn8sJum8SJU4HMY3cNn7+SNFkOcQo4uSERY1Hpr7ssAiIEUV9StVVqnh3y5uYSwU2i1RusMrfFRoPkw8AAAAAx40D\/UHySpUdkqdF1+5lZzexwtwhrHZR653e6hbHT5NVbdEFuXu5e9d2kcwdx+pZkun03rVNlkXJiat0eWSV7hXEBK5G72JusiPsd98kNI6Zn7H72bUrmrE4bJbDxFPuXdsiLEmpa+IH28N3bRfZcbTaYmJaELzTXaa\/zjE6cW296wsmTD4AAAAAHB8OwV+2AftNt0MdjHIkU\/hJHwAAAAD05GB\/kBwAAAAAABxZMCIJAAAAAABigRFJAAAAAAAQCziSAAAAAAAgFnAkAQAAAABALOBIAgAAAACAWMCRBAAAAAAAsYAjCQAAAAAAYgFHEgAAAAAAxAKOJAAAAAAAiAUcSQAAAAAAEAs4kgAAAAAAIBYnfsfo87dMk4rLn9GXD0tUKvkdGzSUmaKt\/BLdqg1RZiqhn9tbKvuc\/p5QzdPSrfuskxq9mpih1Cl9X1KhfH6Lpgz530qZNou0\/NmX9PiHczRz3iVQF81Cnr4ZmvLIHYIo790tOjeTItcjMs8ivezSwd7QLCzTZ3942Z3vgcL1u3SLaiczFLc6Zbm+euxjO\/tNmOzddrs3iDzv0pZd1iBbOuywref\/+Vc01WlbSpf3NwZt1x799I3qt8sn4tvjvhPaX0anr36rZ980qN4PCuM97WN7Xh0dzj50D9i39uhG6u9P7xxuf8SHAxyRHKfswiItLqpjftoistI0r68XF+corWMeb9hgC21K3xQ6WaDsmL5tU31GDX16EFgj4\/osiCatrbf1OTg4LBr22s5BcsB2e9hp1urkajWbfIgu8syougYB9OgvI4N+S9As3KOKlVXv5DnvG\/n46AjtMRxMbR92NltswMFOQHP7gBryWJYWuHOZm9bXgbygFvrjA2U8t3DoPswOzG6PCC92PPoZS9Mcf3gv5Hp9uB1zevSX0UG\/JRB2GOwsHR8doT2G84s3jD7vyfb2NhUKBXr+\/DmdPXuWcrkcjYyM6NDBEEO6K+spml\/Iklk1Ypq2yK\/AdLtCFV2X1vS8UYFiiLnYGd1whznIdDpDIEnK6hdrz\/TFNEnBGTtJ5mznSeRbpuGbs9S6bedv8Zew8RUspjtuVzpfMs6zHjzxKMlfgOLrz5O3KbfAXSZGP7c3OutVPjtcX\/vpadRTLvP5oDILRFqPhrtsQT1Tp9S0RZWqnZepEzENs9IpsxzhttPw5OdXZtsGsxN1KlZ1TFMuxqVzM31GPm8\/55JL6yqXonrBlsFjKwauPJJJSjb4wrCdQBmCyujVp1f3GlFnF54uUflMllLrxQDbCddBL9kFrjgCQ8fusGAduXXdwy5dtuS2fUd+dd+UVeVhddlXfaJbH+Uz8zS7s9KR3aUzv7Zh9iGGXSRz8zT8yLBhRqVFMu\/WJa98Hh1wy5dtxNCbbddOOQ39ePVh1IV8bmdWpinLJXU1SWsdOdSzbY99uPNz8JXXTwaXTXXrSOpjZNXRqR3fo2cujK67\/tJPXkpT+5HZPhxZA8tg902uNu7TBxj1EtaOFD72Zuej03G3l5D3g2\/6Cv825+lLGZdNd\/Uh6rnJmqr7tMXvHjtNTx\/q1qFbZhN3PI7p6QND25ynzs0w9azRx2n5\/Os2SA\/u9iifNduKwCx3SJ9rl0lgpxP0nIqvZRIjxYZeVT9DvjYfpfwDIRzJqKysrLz59NNPO4e43iueP\/j8zaefF94819c2334h8vr8TaGpb1S+MK6\/ffMFy\/H5A\/up528Kn3\/65ouKvrSRz3zBsW2+ffOtjtM7feO5ZuHN551rlbeZrqsMMq4pi4hv5GPTFU+V4dMvdKquPLuRedpxNXuis17lc5VHxTXT+LZiP+VT7l5lFvL62IL9nFNe93NCPqdcnDPrQV2reGbYc5bPm74sn0s3bl1JvRpymbpXzxr15CqD1qXxrDctG990DF0FyxBSRpcs3vp2X4fbTgwdGLKbmM\/ZdOnEk3cHYQfeeJ1rj711hbl1ZObplknblil\/QFtUOvPGs2UQeRrPuNLotgsbkaYppy2PnUeXrkX4A75y5a2QcQP0I\/Jx6scvDzNc4I6j6siUw6N\/TaC8Mn5wndjhwddKns7zXXXUb\/o24r6nHCJtM55pWzJfdzrd+bj1bsZ1256Np2wCs359dO96r\/VMvzueStMtp9sOTbp11GUzWi9umzJkdrVPh654nnSk3F352LJ469xts+pZt9zyea8ejOtuPbjTDC+3O273tYOrnjxldum7q+7NNGOUf0D6mtoWI5Em3ut9I8mevv6Ko+kL\/A3TptYLPhfrrPhL62rnK2ScspeS1Hha0dcm\/IxY1yBJU9r4CghMn+PNmV9LY8P8nWKmI74QnPDxqRRZ7TqtcbhcU8GevvO1kabLfF6vNfW1ojueKgM1nvE3xQDsic6Cy+dHe9spW3o6+AtnsDLzl+IHHYlocsLijFv87c5XuQXji5Ro9AzX1o6sSIl5Ps7yOTENXLoRdcZprK9x+hV61uC8rzlf9eO5WUpKmdVaIVNXNH2Zz926Sl5ynk2\/y+VluR2JBH7piLqzCZNB0buMEaajAttDvzowZe9Fd9pSh1a7q83IZRXm6Moot8suXfrQZftcD2xLtk2Pj7At2brcXOPaS1NW1L+2a2W3F5zymZj2PDZJqY7cEfoQwy6ioXRtSRuz4TaU85UslPScOSIyTsOiORntWLQH0W8FIuuoQc+q6rJZKLOOUzRp248kRN4edWLj6GhUymhNTOprLbNh9y76Tj+Ennbntl+\/fBS923F0TFuy32tR0++jzfWDaTOyLdg2Fa2f9I3Hup8VrwjzPRXU5qK848w+ThC3TzEJLHe8JQChPoRud+WCrifRX7WTdEHEjVP+AenLkRTT2Sbe67eNXGfVrtDK0hIt2YeY2tCORYfpOVq8maL6bR0n309zFUPEdvrG9Igf9kuCrU+uqWgUHbn4EMPm3g6va+2FQBix52WzV0TWmR9G+dyIl+U8pdZXdJr50A5xP8sspgZMfSu4IS0symkHFbZMxX7zkWuv2lSxbUgewh6EzKqjaBTMMDEd4qerMHp0OKEyRC2jqKssUUdWNUXidFYhRNBBbGTaXkKcBDHlY8vgM2Xkh++6TNOmpeOrnCLRiRM7K2n+eCL5IaFfbu9Gcda8cvfRh0RC6br3RrdoiKkuuz6dKc6oqI+5xqOio6MupyxY3p51MiB7nn4Mu+sitB3pOFEIeq9FTb\/fNjcwUftJ\/75EDAwEv6ccuWO\/4\/aibn2J1+eG+xCq3alBDm7Df2R59UfuQO\/4mPyV\/j8SYk2kd43kQSJHEPjrN2jthwu5OYQrk1Up1hcsF0Zdo1e+yPUJYj0Kf7VL712tcwlENkyLUqNs9NssGxlrHQKQjWNHX9i8UOnIBeMDOlZe+tKZF6N83diODGtYrPNYLtJoQB49yxyzD5NrfViCxUWlc7XeRJ5KxOiLDBFrSW7naThgbY6JbMzWMI2zXJYou7HGyYFtSlS3sX5tX5AvwCAZFFHKWMmrtYCL\/coamj+3DX0WC5k2O28umsoBmfAYXGctkC6rbKctGRSGtP11fWHjsuk0XUgWqbxdYYeIKHWNrZfLmaJ7tMbOpfjin42kM0PufvuQSKhRuboc7ei7FRuovlCswVucU+nI9VPyLDpytIsdldV8i52VNM136ShY3t51Mhh7mn6\/dmf2aSYR2nFkfN9rEdPvp83tCcoOeveTKp5Xs52+WJyrWwaO3L3ecb6vl5h9SlTi9LnyPRniQ6h2V6a1zQq1xMjyTRUvVvkHpK8RSbGx5saNG\/KnAMT\/e7XRJjZiBIE971U9raLg72Kv88WKrnjuRfqaFx2BOU0jhoz1qY05DSS\/CnR8OQ3cKLtHhTbFN7sbFa9I+U4ZuEN4xLkETaENSlSdaYLK56ZJlaqnZLrB+7E\/ZVYdiTNipEZHbCpVzxgpy+fbVfJXW6ehcWdSFmLJNIWTwV\/5rAOTJtcpl8gYlXFQYf0g8uCPUCMdOVWoz8NliF5GMa3uHhXgI9IofVj+vWTvhU77a0OH1VWqtPmFOOW2JPnFbdiKnALS56Fo279nTwcxXpsWumlXi+zu2fdE3bIT9ChkWltgfu2bckfoQ\/pHj0aIfPQdYat5US7pHJgjPO524EaM\/Jj6FVOd+rQv1BKQRqMRMEUcIm+EOhmIPUy\/t9259R7cp4W3Y4fu0UFXnoHvtajpR29ze0PUflLHKxgzW66+WBPU5vp8xwli9ykRidPn9vYhVP3Vv\/YsJ4lR\/kHpa0Ty8CGGjElNG\/HXhIK\/xaZnaWHMMbjmi2dULhSJvwkUyWy0LwOxDuHRCq0s6QpPpuX6ERfr99go9D3L2BknvhRviq8alk0GMpZFyYmrNGeOhMp4pOLZZRDyRdxFJY3tthj+5tLp\/MOJprMOQeUz2XxBz7hzKHbSEzvx7LSEsXMYl09oUe06G6zM\/qh1IEuisco0+Qttmj0bOSLJX2yPynzftgDx9TbXXQ4BP\/KMddOJOT3f+XoWo32sOKVrjcU6mV0Yp3RugebFCCg\/a2NZSUpdm+tr1CE9N0+tZcfmLNZV2ip2vs6DZWCnIEoZxZe22MW8aISJe7dFh5WmYX0riFAd9JDdxM9u7bQ77U2WoXtUxR4Bs2WwptNcbVFGD2zbX6Elu5P12rTohAsNanfW4ClZiZ10sZs3mDrd47pXLcWQeyxCH+KDePEUC1pO2TbcnwRiPXB2h+20Y6vct0wP8+uCy5h71t0OvKNyEuEAlmlFt01h\/GmxJlSe94esz2pLrdHyIVTeXnUyEHHT9+m3etod6\/mprXdG5BPQp4W2I30tSM9luT\/y5qlGEcPea9HTV\/F6tTl\/unV0WQUEIuwgSj8p45GKZ5fAu8M5sM116tyoCw4PfMcxvfqUXu0xlB59bqCuI\/gQYh1u+Tb3TTnTnvsv\/6D09fM\/wERMUbHRdRn3Xwp\/6eU7pnSmcIwpb3HP7+eWQCQ6SyoG+hA62qifFDF\/fgWA\/eNItblj0OfiB8kBOE5Mz9H8dFuODHWmWOBEggEQa5GLjSTNwokEoJtj0OdiRBIAAAAAAMQCI5IAAAAAACAWcCQBAAAAAEAs4EgCAAAAAIBYwJEEAAAAAACxgCMJAAAAAABiAUcSAAAAAADEAo4kAAAAAACIBRxJAAAAAAAQCziSAAAAAAAgFnAkAQAAAABALOBIAgAAAACAWBzg39puUnF5hSptfdlFkrKLc0T5JSpSlhbn0vr+3tAsLNPKekr\/4fQKZ1OkRnLv8xkUKWeVKH1zgbJj+uY+UNkLPW8Wafl2hWh6nhZyR\/PP0b8tfQ9ENd\/\/H\/3XdePb3LrsXrWHtm89irAyDcfSj25nfGb1bSPdz6q6EiVSfUVcy20W8rQ2NXd46xsAAA4xBzgiOU7ZhUVaXFTH\/LTFb4g0zevrxQFeDH2zyYfI\/syouj50WDR8hF5y1sjRdCIdjpa+IzGWpYVO27KPLLtg7Ia969\/S2tV7VBRtY4+o5JVzKvLu90Oj61l2jO9VLXYgB+0rmrS2Hvg1CwAAoAeY2haMpWmOndp+X25vg\/HcwoAvyreIdlbmpvX1EeRI6XtAmoUyNfjj7bJvfVmUZC+zcjtPFX1nMJrUYn8t3keGz7MvWtS2hmnwT78XMm0AAADx6Gtqe3t7mwqFAj1\/\/pzOnj1LuVyORkZGdOhguKeaHdSUa5rS7UpnGtw9LeZMeQkCp8xcU3vqJdlo2\/mpafbWJe0EeaYBXVNpO7M0f6asp9QYz7SglLcjTNopj0yzRbM5omLBjmBMyQXk6Z7G1NOKuRTVC05ZzGlYV\/42phw2Il1DjmSywTp0yuJMGwpsOZWuvVOeTt0N06pn2tOdjilrlHrrLm8y519HnfsCT12npy2qrGsdynKTayrUNa3vmTYWYeUzWUqtF5X92fUdlr9Lt56wDu7y92UrHRknaU0sD7E8U9M+ZexG5U+Bsol6vEr0tTd9O8xvajuoTJ77jJ9O\/NtO97P\/639b9P2GrXkmKG6oTtkurrBd\/V+nDuW9WFP2AABwfDnxO0af9+TOnTvSiRTs7u5Kx\/LixYvyelB264\/pyb+fposzKTql7wm2aiWqN15R4qNP6OMrGcqc3KCHpSf0amKGUqfUi0M4Np\/89gplMufo5R9WqHwiQ1MJnYCE431Wop868RK0VSrTFiV0frtUf8xpnhXPsVP5+wf08td23Awldr+j3QQnKGR8ukaNxHUdNkQb94tUO6nyky\/CNr+8PvmYrvBz53aKtPKndygjAv+jTo+f\/JnWXs\/S4sJ1Keur2iqVvhvi8P8OzPPU9zUqNYe0nFtUK63Rn1sJuq7zGNp4SKUnr+icCGcH4ladHTodJnRVanU75\/Kl+o9\/plF+mS9c53iZn6l2v05tKyVlVc6fmDZcoOsynRrdurvFeWQo+UONyuuvVX4ysQrd\/6pJqY\/+nt4\/JeRr0tB7om5sJ9JIh\/Ve\/+fvKHV+K2K9dZdXhmsnzurIP0S1W3dpy7YJT13X\/7Dq1LXQZ50olZniOwppY6TKTi59q7C1py3H\/kScXvnfMsMy9PP3FUoI++ngtVuux+++pDslXY+htmLK+D69P\/aKaqs1einzFmmz\/d5dpb\/+gB0iM0sPzcJdWv1xkq5etevRxK7HDyn7obLx0g\/naOa81Iirjh3CypSh38gyPGG5lF7c9RzWdtI05Xn2\/b+bcWxbxJd11a9OWf7RFM2INlxqUeqmqF9vmQAAAPSir6lt24m08V7vG8lZZ5Rg+gIlqU2tF3xefSan5q52RrLGKXspSY2nnsk4n3iTE5Y+96e9IzJQjE+nHUfMlU6aLoiRTZlfhZ41LEpfc5y28dwsJRvPOMSGwz+wR3a0DO0Wv\/oVgXl6SF5y8ki\/ywJwGuLJ5rYxShNCs8ZOYzJrjAipcijUmrFkzhjNmr7M53Va29RlaldotarDpG5TNNk1iqPSseSzNlw\/Ob6KWm8as7wCP\/nF9Gy9xpqMUdc9Me2PCc1f0952ztNcly66ZOQ4bBdWW+lYEW4rHcayNJtsO3lXV6nSTtKFjmx+iPrjOvbo1Z80zeW4xVVXKG\/XuR+RyhRElLbTg751CgAAYC\/oy5EU09km3uu3jXSc2KlZWVqiJfsQ01aeF25UB0uhNgFlqajTXA7dcDB6Rr\/gN1vs3rapctuQZUlMs7HT2\/NF2l+eQYj1ffMTdUcfhbbr5WzzYidMH2rNWKNgl0EcYne9dt7ZsXCc5yYVHzXImpj0cUhUOn5r4qLWWxBS\/oatK3WI6XPhiPdX1\/EIy186XovzlFpf0WHdawx9ZRwbZjfH1nF\/iI+JtnAg+bzylOvD5bx3E7420ofpObkZrlEIXi85UJkGajuKvdYpAACAaPTlSIo1kbbzaK+RPEjGR9iJ4xeis9NbH96p3Bik53RaOSt0w4F0KqxhGpcvLYvSNw055BF9zVXUPAPZLNI9sVYxRt4OozTMahVr2NzlcNa0yZEeMVq0uUb1dpJmjVEgB5WOOTJnM2i9SeddrFX0Pm+uE9xHeuevPgzEvfnpNhWXiy4HWZbfi3SmLBqOs3tEOI5Wg8r5PJUbQfVh089opIP4SMkmG1yWMsvZzUBl2oO2s+c6BQAAEIm+HEmxsebGjRuykxf\/79VGm9iIaW5zmlXSpKZnFGN8KkWWK556mQZRqXpcOHN3qJ5GlrDjVm6wTyF\/PkWM1LWp8kf3s83NKGNsPfKMytgkpbhsrpE+n9FNOR3eKDv3dTkUahq18cjt\/LjKIfIRjsvXYor3QsDol0rHHimTcD75AqcTsd6CkPVpyi9g+YSEPet6VI9SdZ4V06r6NCJh+YtyVKqm5hjxoaFPJbr894QuNMJuxBrV7iUCUVBLA9oNLshej0YapOeyLLcYO\/RhoDIN1nYke65TAAAAUehrs81+ErrZxt4Ioe5QTeyWOC8W7CdoSm50uEX3SyUqyaNBjRPv0Mx5YzX\/qRTNnNyg+4X7Os5rms1ZVO9sqjA321SodrdMXz58qOJyVmm5kUTL+ONP1OKwhyLsyZbcsGKP1CWmMjRUu0W37tuylKjR+Ct6h\/NIyMX+L+m0sUnBKXObGgF5ujd\/mGVXachwvXlkK\/8ZbbznbPKQGw7EZpyG3qRhk5iicz88pgcPdH6NBF3+9Suq\/zgu4506P6M2O3ylw2U52vRybErLfopSJzbo4dpPlL521dig4N6IIdIZ2rhPRVsfT16RlbDo9Pk0\/SZKvfmVVyDqc+IlFW9\/qepBHOxEtXfYHt5\/v6uuU1w\/W7Zt8bMJs+x2uC6732Ybt\/0xYfkPvaD\/\/0936P5Ddf\/J96OUXch2NvYolN1+9xXH08\/X2ZnqbIoKtRWWyyOjJPGz3DQynv3QqA8P1Tx9VnpByQ8+pt+4BfIQtKGG5Z54RTWPbIoeZXK1MXnDRWjb8Xu2Swf961SRoJ9FG1lVz2zojXMAAACicYB\/2ebo4fzMTX\/Tgm8H9RNG9QnzZ3Q8P2t0TDnc9bY3yDLuzL616X0AAABAgB8k\/4tBrMvLklW1N3mIA07ksaCaJ\/lnHbEjGQAAwFsGI5IAAAAAACAWGJEEAAAAAACxgCMJAAAAAABiAUcSAAAAAADEAo4kAAAAAACIBRxJAAAAAAAQCziSAAAAAAAgFnAkAQAAAABALOBIAgAAAACAWMCRBAAAAAAAMSD6H2CKmK3KaHJGAAAAAElFTkSuQmCC\" alt=\"\"><\/p>","protected":false},"excerpt":{"rendered":"<p>Tegund:&nbsp;U09270006<\/p>","protected":false},"featured_media":81003,"comment_status":"closed","ping_status":"closed","template":"","meta":[],"product_brand":[],"product_cat":[1031,592,515],"product_tag":[],"class_list":{"0":"post-42980","1":"product","2":"type-product","3":"status-publish","4":"has-post-thumbnail","6":"product_cat-loftverkfaeri-rafmagnsverkfaeri","7":"product_cat-rafmagnsverkfaeri","8":"product_cat-verkfaeralausnir","10":"first","11":"instock","12":"taxable","13":"shipping-taxable","14":"purchasable","15":"product-type-simple"},"yoast_head":"<!-- This site is optimized with the Yoast SEO plugin v27.3 - https:\/\/yoast.com\/product\/yoast-seo-wordpress\/ -->\n<title>USAG Loftbyssa 927 B Gradual Valve U09270006 - V\u00e9lar &amp; Verkf\u00e6ri<\/title>\n<meta name=\"robots\" content=\"index, follow, max-snippet:-1, max-image-preview:large, max-video-preview:-1\" \/>\n<link rel=\"canonical\" href=\"https:\/\/velarogverkfaeri.is\/en\/uncategorized\/product\/usag-loftbyssa-927-b-gradual-valve-u09270006\/\" \/>\n<meta property=\"og:locale\" content=\"en_US\" \/>\n<meta property=\"og:type\" content=\"article\" \/>\n<meta property=\"og:title\" content=\"USAG Loftbyssa 927 B Gradual Valve U09270006 - V\u00e9lar &amp; Verkf\u00e6ri\" \/>\n<meta property=\"og:description\" content=\"Tegund:&nbsp;U09270006\" \/>\n<meta property=\"og:url\" content=\"https:\/\/velarogverkfaeri.is\/en\/uncategorized\/product\/usag-loftbyssa-927-b-gradual-valve-u09270006\/\" \/>\n<meta property=\"og:site_name\" content=\"V\u00e9lar &amp; Verkf\u00e6ri\" \/>\n<meta property=\"article:publisher\" content=\"https:\/\/www.facebook.com\/VelarOgVerkfaeri\" \/>\n<meta property=\"article:modified_time\" content=\"2026-03-05T15:31:34+00:00\" \/>\n<meta name=\"twitter:card\" content=\"summary_large_image\" \/>\n<script type=\"application\/ld+json\" class=\"yoast-schema-graph\">{\"@context\":\"https:\\\/\\\/schema.org\",\"@graph\":[{\"@type\":\"WebPage\",\"@id\":\"https:\\\/\\\/velarogverkfaeri.is\\\/uncategorized\\\/product\\\/usag-loftbyssa-927-b-gradual-valve-u09270006\\\/\",\"url\":\"https:\\\/\\\/velarogverkfaeri.is\\\/uncategorized\\\/product\\\/usag-loftbyssa-927-b-gradual-valve-u09270006\\\/\",\"name\":\"USAG Loftbyssa 927 B Gradual Valve U09270006 - V\u00e9lar &amp; Verkf\u00e6ri\",\"isPartOf\":{\"@id\":\"https:\\\/\\\/velarogverkfaeri.is\\\/en\\\/#website\"},\"primaryImageOfPage\":{\"@id\":\"https:\\\/\\\/velarogverkfaeri.is\\\/uncategorized\\\/product\\\/usag-loftbyssa-927-b-gradual-valve-u09270006\\\/#primaryimage\"},\"image\":{\"@id\":\"https:\\\/\\\/velarogverkfaeri.is\\\/uncategorized\\\/product\\\/usag-loftbyssa-927-b-gradual-valve-u09270006\\\/#primaryimage\"},\"thumbnailUrl\":\"https:\\\/\\\/velarogverkfaeri.is\\\/wp-content\\\/uploads\\\/2026\\\/03\\\/2e9bd168-4ab7-4935-8032-3362cc329568.png\",\"datePublished\":\"2023-06-08T19:22:45+00:00\",\"dateModified\":\"2026-03-05T15:31:34+00:00\",\"breadcrumb\":{\"@id\":\"https:\\\/\\\/velarogverkfaeri.is\\\/uncategorized\\\/product\\\/usag-loftbyssa-927-b-gradual-valve-u09270006\\\/#breadcrumb\"},\"inLanguage\":\"en-US\",\"potentialAction\":[{\"@type\":\"ReadAction\",\"target\":[\"https:\\\/\\\/velarogverkfaeri.is\\\/uncategorized\\\/product\\\/usag-loftbyssa-927-b-gradual-valve-u09270006\\\/\"]}]},{\"@type\":\"ImageObject\",\"inLanguage\":\"en-US\",\"@id\":\"https:\\\/\\\/velarogverkfaeri.is\\\/uncategorized\\\/product\\\/usag-loftbyssa-927-b-gradual-valve-u09270006\\\/#primaryimage\",\"url\":\"https:\\\/\\\/velarogverkfaeri.is\\\/wp-content\\\/uploads\\\/2026\\\/03\\\/2e9bd168-4ab7-4935-8032-3362cc329568.png\",\"contentUrl\":\"https:\\\/\\\/velarogverkfaeri.is\\\/wp-content\\\/uploads\\\/2026\\\/03\\\/2e9bd168-4ab7-4935-8032-3362cc329568.png\",\"width\":837,\"height\":666},{\"@type\":\"BreadcrumbList\",\"@id\":\"https:\\\/\\\/velarogverkfaeri.is\\\/uncategorized\\\/product\\\/usag-loftbyssa-927-b-gradual-valve-u09270006\\\/#breadcrumb\",\"itemListElement\":[{\"@type\":\"ListItem\",\"position\":1,\"name\":\"Home\",\"item\":\"https:\\\/\\\/velarogverkfaeri.is\\\/\"},{\"@type\":\"ListItem\",\"position\":2,\"name\":\"Vefverslun\",\"item\":\"https:\\\/\\\/velarogverkfaeri.is\\\/vefverslun\\\/\"},{\"@type\":\"ListItem\",\"position\":3,\"name\":\"USAG Loftbyssa 927 B Gradual Valve U09270006\"}]},{\"@type\":\"WebSite\",\"@id\":\"https:\\\/\\\/velarogverkfaeri.is\\\/en\\\/#website\",\"url\":\"https:\\\/\\\/velarogverkfaeri.is\\\/en\\\/\",\"name\":\"V\u00e9lar & Verkf\u00e6ri\",\"description\":\"Umbo\u00f0s- og heildverslun fr\u00e1 \u00e1rinu 1919\",\"publisher\":{\"@id\":\"https:\\\/\\\/velarogverkfaeri.is\\\/en\\\/#organization\"},\"potentialAction\":[{\"@type\":\"SearchAction\",\"target\":{\"@type\":\"EntryPoint\",\"urlTemplate\":\"https:\\\/\\\/velarogverkfaeri.is\\\/en\\\/?s={search_term_string}\"},\"query-input\":{\"@type\":\"PropertyValueSpecification\",\"valueRequired\":true,\"valueName\":\"search_term_string\"}}],\"inLanguage\":\"en-US\"},{\"@type\":\"Organization\",\"@id\":\"https:\\\/\\\/velarogverkfaeri.is\\\/en\\\/#organization\",\"name\":\"V\u00e9lar & Verkf\u00e6ri\",\"url\":\"https:\\\/\\\/velarogverkfaeri.is\\\/en\\\/\",\"logo\":{\"@type\":\"ImageObject\",\"inLanguage\":\"en-US\",\"@id\":\"https:\\\/\\\/velarogverkfaeri.is\\\/en\\\/#\\\/schema\\\/logo\\\/image\\\/\",\"url\":\"https:\\\/\\\/velarogverkfaeri.is\\\/wp-content\\\/uploads\\\/2021\\\/10\\\/vv_logo_350x100.png\",\"contentUrl\":\"https:\\\/\\\/velarogverkfaeri.is\\\/wp-content\\\/uploads\\\/2021\\\/10\\\/vv_logo_350x100.png\",\"width\":350,\"height\":100,\"caption\":\"V\u00e9lar & Verkf\u00e6ri\"},\"image\":{\"@id\":\"https:\\\/\\\/velarogverkfaeri.is\\\/en\\\/#\\\/schema\\\/logo\\\/image\\\/\"},\"sameAs\":[\"https:\\\/\\\/www.facebook.com\\\/VelarOgVerkfaeri\"]}]}<\/script>\n<!-- \/ Yoast SEO plugin. -->","yoast_head_json":{"title":"USAG Loftbyssa 927 B Gradual Valve U09270006 - V\u00e9lar &amp; Verkf\u00e6ri","robots":{"index":"index","follow":"follow","max-snippet":"max-snippet:-1","max-image-preview":"max-image-preview:large","max-video-preview":"max-video-preview:-1"},"canonical":"https:\/\/velarogverkfaeri.is\/en\/uncategorized\/product\/usag-loftbyssa-927-b-gradual-valve-u09270006\/","og_locale":"en_US","og_type":"article","og_title":"USAG Loftbyssa 927 B Gradual Valve U09270006 - V\u00e9lar &amp; Verkf\u00e6ri","og_description":"Tegund:&nbsp;U09270006","og_url":"https:\/\/velarogverkfaeri.is\/en\/uncategorized\/product\/usag-loftbyssa-927-b-gradual-valve-u09270006\/","og_site_name":"V\u00e9lar &amp; Verkf\u00e6ri","article_publisher":"https:\/\/www.facebook.com\/VelarOgVerkfaeri","article_modified_time":"2026-03-05T15:31:34+00:00","twitter_card":"summary_large_image","schema":{"@context":"https:\/\/schema.org","@graph":[{"@type":"WebPage","@id":"https:\/\/velarogverkfaeri.is\/uncategorized\/product\/usag-loftbyssa-927-b-gradual-valve-u09270006\/","url":"https:\/\/velarogverkfaeri.is\/uncategorized\/product\/usag-loftbyssa-927-b-gradual-valve-u09270006\/","name":"USAG Loftbyssa 927 B Gradual Valve U09270006 - V\u00e9lar &amp; Verkf\u00e6ri","isPartOf":{"@id":"https:\/\/velarogverkfaeri.is\/en\/#website"},"primaryImageOfPage":{"@id":"https:\/\/velarogverkfaeri.is\/uncategorized\/product\/usag-loftbyssa-927-b-gradual-valve-u09270006\/#primaryimage"},"image":{"@id":"https:\/\/velarogverkfaeri.is\/uncategorized\/product\/usag-loftbyssa-927-b-gradual-valve-u09270006\/#primaryimage"},"thumbnailUrl":"https:\/\/velarogverkfaeri.is\/wp-content\/uploads\/2026\/03\/2e9bd168-4ab7-4935-8032-3362cc329568.png","datePublished":"2023-06-08T19:22:45+00:00","dateModified":"2026-03-05T15:31:34+00:00","breadcrumb":{"@id":"https:\/\/velarogverkfaeri.is\/uncategorized\/product\/usag-loftbyssa-927-b-gradual-valve-u09270006\/#breadcrumb"},"inLanguage":"en-US","potentialAction":[{"@type":"ReadAction","target":["https:\/\/velarogverkfaeri.is\/uncategorized\/product\/usag-loftbyssa-927-b-gradual-valve-u09270006\/"]}]},{"@type":"ImageObject","inLanguage":"en-US","@id":"https:\/\/velarogverkfaeri.is\/uncategorized\/product\/usag-loftbyssa-927-b-gradual-valve-u09270006\/#primaryimage","url":"https:\/\/velarogverkfaeri.is\/wp-content\/uploads\/2026\/03\/2e9bd168-4ab7-4935-8032-3362cc329568.png","contentUrl":"https:\/\/velarogverkfaeri.is\/wp-content\/uploads\/2026\/03\/2e9bd168-4ab7-4935-8032-3362cc329568.png","width":837,"height":666},{"@type":"BreadcrumbList","@id":"https:\/\/velarogverkfaeri.is\/uncategorized\/product\/usag-loftbyssa-927-b-gradual-valve-u09270006\/#breadcrumb","itemListElement":[{"@type":"ListItem","position":1,"name":"Home","item":"https:\/\/velarogverkfaeri.is\/"},{"@type":"ListItem","position":2,"name":"Vefverslun","item":"https:\/\/velarogverkfaeri.is\/vefverslun\/"},{"@type":"ListItem","position":3,"name":"USAG Loftbyssa 927 B Gradual Valve U09270006"}]},{"@type":"WebSite","@id":"https:\/\/velarogverkfaeri.is\/en\/#website","url":"https:\/\/velarogverkfaeri.is\/en\/","name":"V\u00e9lar & Verkf\u00e6ri","description":"Umbo\u00f0s- og heildverslun fr\u00e1 \u00e1rinu 1919","publisher":{"@id":"https:\/\/velarogverkfaeri.is\/en\/#organization"},"potentialAction":[{"@type":"SearchAction","target":{"@type":"EntryPoint","urlTemplate":"https:\/\/velarogverkfaeri.is\/en\/?s={search_term_string}"},"query-input":{"@type":"PropertyValueSpecification","valueRequired":true,"valueName":"search_term_string"}}],"inLanguage":"en-US"},{"@type":"Organization","@id":"https:\/\/velarogverkfaeri.is\/en\/#organization","name":"V\u00e9lar & Verkf\u00e6ri","url":"https:\/\/velarogverkfaeri.is\/en\/","logo":{"@type":"ImageObject","inLanguage":"en-US","@id":"https:\/\/velarogverkfaeri.is\/en\/#\/schema\/logo\/image\/","url":"https:\/\/velarogverkfaeri.is\/wp-content\/uploads\/2021\/10\/vv_logo_350x100.png","contentUrl":"https:\/\/velarogverkfaeri.is\/wp-content\/uploads\/2021\/10\/vv_logo_350x100.png","width":350,"height":100,"caption":"V\u00e9lar & Verkf\u00e6ri"},"image":{"@id":"https:\/\/velarogverkfaeri.is\/en\/#\/schema\/logo\/image\/"},"sameAs":["https:\/\/www.facebook.com\/VelarOgVerkfaeri"]}]}},"_links":{"self":[{"href":"https:\/\/velarogverkfaeri.is\/en\/wp-json\/wp\/v2\/product\/42980","targetHints":{"allow":["GET"]}}],"collection":[{"href":"https:\/\/velarogverkfaeri.is\/en\/wp-json\/wp\/v2\/product"}],"about":[{"href":"https:\/\/velarogverkfaeri.is\/en\/wp-json\/wp\/v2\/types\/product"}],"replies":[{"embeddable":true,"href":"https:\/\/velarogverkfaeri.is\/en\/wp-json\/wp\/v2\/comments?post=42980"}],"wp:featuredmedia":[{"embeddable":true,"href":"https:\/\/velarogverkfaeri.is\/en\/wp-json\/wp\/v2\/media\/81003"}],"wp:attachment":[{"href":"https:\/\/velarogverkfaeri.is\/en\/wp-json\/wp\/v2\/media?parent=42980"}],"wp:term":[{"taxonomy":"product_brand","embeddable":true,"href":"https:\/\/velarogverkfaeri.is\/en\/wp-json\/wp\/v2\/product_brand?post=42980"},{"taxonomy":"product_cat","embeddable":true,"href":"https:\/\/velarogverkfaeri.is\/en\/wp-json\/wp\/v2\/product_cat?post=42980"},{"taxonomy":"product_tag","embeddable":true,"href":"https:\/\/velarogverkfaeri.is\/en\/wp-json\/wp\/v2\/product_tag?post=42980"}],"curies":[{"name":"wp","href":"https:\/\/api.w.org\/{rel}","templated":true}]}}