{"id":42966,"date":"2023-06-08T19:22:43","date_gmt":"2023-06-08T19:22:43","guid":{"rendered":"https:\/\/vv-dev.webdev.is\/?post_type=product&#038;p=42966"},"modified":"2025-11-21T10:15:22","modified_gmt":"2025-11-21T10:15:22","slug":"abloy-lashus-m-segli-raflaesing-assa","status":"publish","type":"product","link":"https:\/\/velarogverkfaeri.is\/en\/lykillausnir\/adgangskerfi\/raflaesingar-og-fylgihlutir-adgangskerfi\/product\/abloy-lashus-m-segli-raflaesing-assa\/","title":{"rendered":"ABLOY L\u00e1sh\u00fas m. segli &#8211; Rafl\u00e6sing ASSA"},"content":{"rendered":"<p>Handfangsst\u00fdr\u00f0ar l\u00e6singar henta best \u00ed hur\u00f0um me\u00f0 mi\u00f0lungs umfer\u00f0. <\/p>\n<p>H\u00e6gt er a\u00f0 stj\u00f3rna l\u00e1sunum rafst\u00fdrt me\u00f0 a\u00f0gangsst\u00fdringarkerfi e\u00f0a me\u00f0 fjarst\u00fdringarkerfi eins og t\u00edmam\u00e6li, takkabor\u00f0i e\u00f0a \u00fer\u00fdstihnappi. <\/p>\n<p>EL582 er h\u00e6gt a\u00f0 nota \u00ed eldvarnarhur\u00f0ir. <\/p>\n<p>H\u00e6gt er a\u00f0 stilla handfangsst\u00fdr\u00f0a l\u00e6sa \u00feannig a\u00f0 \u00feeir virki sem bilunarl\u00e6stir e\u00f0a bilunaropnir. <br \/>\u00cd bilunarl\u00e6stu stillingunni er h\u00e6gt a\u00f0 opna l\u00e1sinn me\u00f0 handfangi \u00feegar kveikt er \u00e1 straumnum og ekki h\u00e6gt a\u00f0 opna hann me\u00f0 handfangi \u00feegar sl\u00f6kkt er \u00e1 rafmagni.<br \/>\u00cd stillingu sem ekki er l\u00e6st er rafmagnsa\u00f0ger\u00f0inni sn\u00fai\u00f0 vi\u00f0. L\u00e1sarnir eru alltaf sj\u00e1lfkrafa l\u00e6stir \u00feegar hur\u00f0inni er loka\u00f0.<\/p>\n<p>\u00cd EL582 eru b\u00e6\u00f0i ytri og innri handf\u00f6ngin rafst\u00fdr\u00f0. V\u00e9lr\u00e6n opnun fyrir strokk er alltaf m\u00f6guleg. <\/p>\n<p>Almennt nota\u00f0 \u00ed \u00fatihur\u00f0ir h\u00fasa sem og inni- og \u00fatihur\u00f0ir \u00e1 skrifstofum og atvinnuh\u00fasn\u00e6\u00f0i. Ekki h\u00e6gt a\u00f0 nota \u00ed hur\u00f0ir me\u00f0 hur\u00f0arsj\u00e1lfvirkni.<\/p>","protected":false},"excerpt":{"rendered":"<p>Tegund:&nbsp;EL582&nbsp;<\/p>","protected":false},"featured_media":61908,"comment_status":"closed","ping_status":"closed","template":"","meta":[],"product_brand":[],"product_cat":[579,517,605],"product_tag":[],"class_list":{"0":"post-42966","1":"product","2":"type-product","3":"status-publish","4":"has-post-thumbnail","6":"product_cat-adgangskerfi","7":"product_cat-lykillausnir","8":"product_cat-raflaesingar-og-fylgihlutir-adgangskerfi","10":"first","11":"instock","12":"taxable","13":"shipping-taxable","14":"purchasable","15":"product-type-simple"},"yoast_head":"<!-- This site is optimized with the Yoast SEO plugin v27.3 - https:\/\/yoast.com\/product\/yoast-seo-wordpress\/ -->\n<title>ABLOY L\u00e1sh\u00fas m. segli - Rafl\u00e6sing ASSA - V\u00e9lar &amp; Verkf\u00e6ri<\/title>\n<meta name=\"robots\" content=\"index, follow, max-snippet:-1, max-image-preview:large, max-video-preview:-1\" \/>\n<link rel=\"canonical\" href=\"https:\/\/velarogverkfaeri.is\/en\/lykillausnir\/adgangskerfi\/raflaesingar-og-fylgihlutir-adgangskerfi\/product\/abloy-lashus-m-segli-raflaesing-assa\/\" \/>\n<meta property=\"og:locale\" content=\"en_US\" \/>\n<meta property=\"og:type\" content=\"article\" \/>\n<meta property=\"og:title\" content=\"ABLOY L\u00e1sh\u00fas m. segli - Rafl\u00e6sing ASSA - V\u00e9lar &amp; Verkf\u00e6ri\" \/>\n<meta property=\"og:description\" content=\"Tegund:&nbsp;EL582&nbsp;\" \/>\n<meta property=\"og:url\" content=\"https:\/\/velarogverkfaeri.is\/en\/lykillausnir\/adgangskerfi\/raflaesingar-og-fylgihlutir-adgangskerfi\/product\/abloy-lashus-m-segli-raflaesing-assa\/\" \/>\n<meta property=\"og:site_name\" content=\"V\u00e9lar &amp; Verkf\u00e6ri\" \/>\n<meta property=\"article:publisher\" content=\"https:\/\/www.facebook.com\/VelarOgVerkfaeri\" \/>\n<meta property=\"article:modified_time\" content=\"2025-11-21T10:15:22+00:00\" \/>\n<meta property=\"og:image\" content=\"https:\/\/velarogverkfaeri.is\/wp-content\/uploads\/2024\/06\/5eb4edf2-0ad8-4324-8d31-e841b9e61919.jpg\" \/>\n\t<meta property=\"og:image:width\" content=\"798\" \/>\n\t<meta property=\"og:image:height\" content=\"800\" \/>\n\t<meta property=\"og:image:type\" content=\"image\/jpeg\" \/>\n<meta name=\"twitter:card\" content=\"summary_large_image\" \/>\n<meta name=\"twitter:label1\" content=\"Est. reading time\" \/>\n\t<meta name=\"twitter:data1\" content=\"1 minute\" \/>\n<script type=\"application\/ld+json\" class=\"yoast-schema-graph\">{\"@context\":\"https:\\\/\\\/schema.org\",\"@graph\":[{\"@type\":\"WebPage\",\"@id\":\"https:\\\/\\\/velarogverkfaeri.is\\\/lykillausnir\\\/adgangskerfi\\\/raflaesingar-og-fylgihlutir-adgangskerfi\\\/product\\\/abloy-lashus-m-segli-raflaesing-assa\\\/\",\"url\":\"https:\\\/\\\/velarogverkfaeri.is\\\/lykillausnir\\\/adgangskerfi\\\/raflaesingar-og-fylgihlutir-adgangskerfi\\\/product\\\/abloy-lashus-m-segli-raflaesing-assa\\\/\",\"name\":\"ABLOY L\u00e1sh\u00fas m. segli - Rafl\u00e6sing ASSA - V\u00e9lar &amp; Verkf\u00e6ri\",\"isPartOf\":{\"@id\":\"https:\\\/\\\/velarogverkfaeri.is\\\/en\\\/#website\"},\"primaryImageOfPage\":{\"@id\":\"https:\\\/\\\/velarogverkfaeri.is\\\/lykillausnir\\\/adgangskerfi\\\/raflaesingar-og-fylgihlutir-adgangskerfi\\\/product\\\/abloy-lashus-m-segli-raflaesing-assa\\\/#primaryimage\"},\"image\":{\"@id\":\"https:\\\/\\\/velarogverkfaeri.is\\\/lykillausnir\\\/adgangskerfi\\\/raflaesingar-og-fylgihlutir-adgangskerfi\\\/product\\\/abloy-lashus-m-segli-raflaesing-assa\\\/#primaryimage\"},\"thumbnailUrl\":\"https:\\\/\\\/velarogverkfaeri.is\\\/wp-content\\\/uploads\\\/2024\\\/06\\\/5eb4edf2-0ad8-4324-8d31-e841b9e61919.jpg\",\"datePublished\":\"2023-06-08T19:22:43+00:00\",\"dateModified\":\"2025-11-21T10:15:22+00:00\",\"breadcrumb\":{\"@id\":\"https:\\\/\\\/velarogverkfaeri.is\\\/lykillausnir\\\/adgangskerfi\\\/raflaesingar-og-fylgihlutir-adgangskerfi\\\/product\\\/abloy-lashus-m-segli-raflaesing-assa\\\/#breadcrumb\"},\"inLanguage\":\"en-US\",\"potentialAction\":[{\"@type\":\"ReadAction\",\"target\":[\"https:\\\/\\\/velarogverkfaeri.is\\\/lykillausnir\\\/adgangskerfi\\\/raflaesingar-og-fylgihlutir-adgangskerfi\\\/product\\\/abloy-lashus-m-segli-raflaesing-assa\\\/\"]}]},{\"@type\":\"ImageObject\",\"inLanguage\":\"en-US\",\"@id\":\"https:\\\/\\\/velarogverkfaeri.is\\\/lykillausnir\\\/adgangskerfi\\\/raflaesingar-og-fylgihlutir-adgangskerfi\\\/product\\\/abloy-lashus-m-segli-raflaesing-assa\\\/#primaryimage\",\"url\":\"https:\\\/\\\/velarogverkfaeri.is\\\/wp-content\\\/uploads\\\/2024\\\/06\\\/5eb4edf2-0ad8-4324-8d31-e841b9e61919.jpg\",\"contentUrl\":\"https:\\\/\\\/velarogverkfaeri.is\\\/wp-content\\\/uploads\\\/2024\\\/06\\\/5eb4edf2-0ad8-4324-8d31-e841b9e61919.jpg\",\"width\":798,\"height\":800},{\"@type\":\"BreadcrumbList\",\"@id\":\"https:\\\/\\\/velarogverkfaeri.is\\\/lykillausnir\\\/adgangskerfi\\\/raflaesingar-og-fylgihlutir-adgangskerfi\\\/product\\\/abloy-lashus-m-segli-raflaesing-assa\\\/#breadcrumb\",\"itemListElement\":[{\"@type\":\"ListItem\",\"position\":1,\"name\":\"Home\",\"item\":\"https:\\\/\\\/velarogverkfaeri.is\\\/\"},{\"@type\":\"ListItem\",\"position\":2,\"name\":\"Vefverslun\",\"item\":\"https:\\\/\\\/velarogverkfaeri.is\\\/vefverslun\\\/\"},{\"@type\":\"ListItem\",\"position\":3,\"name\":\"ABLOY L\u00e1sh\u00fas m. segli &#8211; Rafl\u00e6sing ASSA\"}]},{\"@type\":\"WebSite\",\"@id\":\"https:\\\/\\\/velarogverkfaeri.is\\\/en\\\/#website\",\"url\":\"https:\\\/\\\/velarogverkfaeri.is\\\/en\\\/\",\"name\":\"V\u00e9lar & Verkf\u00e6ri\",\"description\":\"Umbo\u00f0s- og heildverslun fr\u00e1 \u00e1rinu 1919\",\"publisher\":{\"@id\":\"https:\\\/\\\/velarogverkfaeri.is\\\/en\\\/#organization\"},\"potentialAction\":[{\"@type\":\"SearchAction\",\"target\":{\"@type\":\"EntryPoint\",\"urlTemplate\":\"https:\\\/\\\/velarogverkfaeri.is\\\/en\\\/?s={search_term_string}\"},\"query-input\":{\"@type\":\"PropertyValueSpecification\",\"valueRequired\":true,\"valueName\":\"search_term_string\"}}],\"inLanguage\":\"en-US\"},{\"@type\":\"Organization\",\"@id\":\"https:\\\/\\\/velarogverkfaeri.is\\\/en\\\/#organization\",\"name\":\"V\u00e9lar & Verkf\u00e6ri\",\"url\":\"https:\\\/\\\/velarogverkfaeri.is\\\/en\\\/\",\"logo\":{\"@type\":\"ImageObject\",\"inLanguage\":\"en-US\",\"@id\":\"https:\\\/\\\/velarogverkfaeri.is\\\/en\\\/#\\\/schema\\\/logo\\\/image\\\/\",\"url\":\"https:\\\/\\\/velarogverkfaeri.is\\\/wp-content\\\/uploads\\\/2021\\\/10\\\/vv_logo_350x100.png\",\"contentUrl\":\"https:\\\/\\\/velarogverkfaeri.is\\\/wp-content\\\/uploads\\\/2021\\\/10\\\/vv_logo_350x100.png\",\"width\":350,\"height\":100,\"caption\":\"V\u00e9lar & Verkf\u00e6ri\"},\"image\":{\"@id\":\"https:\\\/\\\/velarogverkfaeri.is\\\/en\\\/#\\\/schema\\\/logo\\\/image\\\/\"},\"sameAs\":[\"https:\\\/\\\/www.facebook.com\\\/VelarOgVerkfaeri\"]}]}<\/script>\n<!-- \/ Yoast SEO plugin. -->","yoast_head_json":{"title":"ABLOY L\u00e1sh\u00fas m. segli - Rafl\u00e6sing ASSA - V\u00e9lar &amp; Verkf\u00e6ri","robots":{"index":"index","follow":"follow","max-snippet":"max-snippet:-1","max-image-preview":"max-image-preview:large","max-video-preview":"max-video-preview:-1"},"canonical":"https:\/\/velarogverkfaeri.is\/en\/lykillausnir\/adgangskerfi\/raflaesingar-og-fylgihlutir-adgangskerfi\/product\/abloy-lashus-m-segli-raflaesing-assa\/","og_locale":"en_US","og_type":"article","og_title":"ABLOY L\u00e1sh\u00fas m. segli - Rafl\u00e6sing ASSA - V\u00e9lar &amp; Verkf\u00e6ri","og_description":"Tegund:&nbsp;EL582&nbsp;","og_url":"https:\/\/velarogverkfaeri.is\/en\/lykillausnir\/adgangskerfi\/raflaesingar-og-fylgihlutir-adgangskerfi\/product\/abloy-lashus-m-segli-raflaesing-assa\/","og_site_name":"V\u00e9lar &amp; Verkf\u00e6ri","article_publisher":"https:\/\/www.facebook.com\/VelarOgVerkfaeri","article_modified_time":"2025-11-21T10:15:22+00:00","og_image":[{"width":798,"height":800,"url":"https:\/\/velarogverkfaeri.is\/wp-content\/uploads\/2024\/06\/5eb4edf2-0ad8-4324-8d31-e841b9e61919.jpg","type":"image\/jpeg"}],"twitter_card":"summary_large_image","twitter_misc":{"Est. reading time":"1 minute"},"schema":{"@context":"https:\/\/schema.org","@graph":[{"@type":"WebPage","@id":"https:\/\/velarogverkfaeri.is\/lykillausnir\/adgangskerfi\/raflaesingar-og-fylgihlutir-adgangskerfi\/product\/abloy-lashus-m-segli-raflaesing-assa\/","url":"https:\/\/velarogverkfaeri.is\/lykillausnir\/adgangskerfi\/raflaesingar-og-fylgihlutir-adgangskerfi\/product\/abloy-lashus-m-segli-raflaesing-assa\/","name":"ABLOY L\u00e1sh\u00fas m. segli - Rafl\u00e6sing ASSA - V\u00e9lar &amp; Verkf\u00e6ri","isPartOf":{"@id":"https:\/\/velarogverkfaeri.is\/en\/#website"},"primaryImageOfPage":{"@id":"https:\/\/velarogverkfaeri.is\/lykillausnir\/adgangskerfi\/raflaesingar-og-fylgihlutir-adgangskerfi\/product\/abloy-lashus-m-segli-raflaesing-assa\/#primaryimage"},"image":{"@id":"https:\/\/velarogverkfaeri.is\/lykillausnir\/adgangskerfi\/raflaesingar-og-fylgihlutir-adgangskerfi\/product\/abloy-lashus-m-segli-raflaesing-assa\/#primaryimage"},"thumbnailUrl":"https:\/\/velarogverkfaeri.is\/wp-content\/uploads\/2024\/06\/5eb4edf2-0ad8-4324-8d31-e841b9e61919.jpg","datePublished":"2023-06-08T19:22:43+00:00","dateModified":"2025-11-21T10:15:22+00:00","breadcrumb":{"@id":"https:\/\/velarogverkfaeri.is\/lykillausnir\/adgangskerfi\/raflaesingar-og-fylgihlutir-adgangskerfi\/product\/abloy-lashus-m-segli-raflaesing-assa\/#breadcrumb"},"inLanguage":"en-US","potentialAction":[{"@type":"ReadAction","target":["https:\/\/velarogverkfaeri.is\/lykillausnir\/adgangskerfi\/raflaesingar-og-fylgihlutir-adgangskerfi\/product\/abloy-lashus-m-segli-raflaesing-assa\/"]}]},{"@type":"ImageObject","inLanguage":"en-US","@id":"https:\/\/velarogverkfaeri.is\/lykillausnir\/adgangskerfi\/raflaesingar-og-fylgihlutir-adgangskerfi\/product\/abloy-lashus-m-segli-raflaesing-assa\/#primaryimage","url":"https:\/\/velarogverkfaeri.is\/wp-content\/uploads\/2024\/06\/5eb4edf2-0ad8-4324-8d31-e841b9e61919.jpg","contentUrl":"https:\/\/velarogverkfaeri.is\/wp-content\/uploads\/2024\/06\/5eb4edf2-0ad8-4324-8d31-e841b9e61919.jpg","width":798,"height":800},{"@type":"BreadcrumbList","@id":"https:\/\/velarogverkfaeri.is\/lykillausnir\/adgangskerfi\/raflaesingar-og-fylgihlutir-adgangskerfi\/product\/abloy-lashus-m-segli-raflaesing-assa\/#breadcrumb","itemListElement":[{"@type":"ListItem","position":1,"name":"Home","item":"https:\/\/velarogverkfaeri.is\/"},{"@type":"ListItem","position":2,"name":"Vefverslun","item":"https:\/\/velarogverkfaeri.is\/vefverslun\/"},{"@type":"ListItem","position":3,"name":"ABLOY L\u00e1sh\u00fas m. segli &#8211; Rafl\u00e6sing ASSA"}]},{"@type":"WebSite","@id":"https:\/\/velarogverkfaeri.is\/en\/#website","url":"https:\/\/velarogverkfaeri.is\/en\/","name":"V\u00e9lar & Verkf\u00e6ri","description":"Umbo\u00f0s- og heildverslun fr\u00e1 \u00e1rinu 1919","publisher":{"@id":"https:\/\/velarogverkfaeri.is\/en\/#organization"},"potentialAction":[{"@type":"SearchAction","target":{"@type":"EntryPoint","urlTemplate":"https:\/\/velarogverkfaeri.is\/en\/?s={search_term_string}"},"query-input":{"@type":"PropertyValueSpecification","valueRequired":true,"valueName":"search_term_string"}}],"inLanguage":"en-US"},{"@type":"Organization","@id":"https:\/\/velarogverkfaeri.is\/en\/#organization","name":"V\u00e9lar & Verkf\u00e6ri","url":"https:\/\/velarogverkfaeri.is\/en\/","logo":{"@type":"ImageObject","inLanguage":"en-US","@id":"https:\/\/velarogverkfaeri.is\/en\/#\/schema\/logo\/image\/","url":"https:\/\/velarogverkfaeri.is\/wp-content\/uploads\/2021\/10\/vv_logo_350x100.png","contentUrl":"https:\/\/velarogverkfaeri.is\/wp-content\/uploads\/2021\/10\/vv_logo_350x100.png","width":350,"height":100,"caption":"V\u00e9lar & Verkf\u00e6ri"},"image":{"@id":"https:\/\/velarogverkfaeri.is\/en\/#\/schema\/logo\/image\/"},"sameAs":["https:\/\/www.facebook.com\/VelarOgVerkfaeri"]}]}},"_links":{"self":[{"href":"https:\/\/velarogverkfaeri.is\/en\/wp-json\/wp\/v2\/product\/42966","targetHints":{"allow":["GET"]}}],"collection":[{"href":"https:\/\/velarogverkfaeri.is\/en\/wp-json\/wp\/v2\/product"}],"about":[{"href":"https:\/\/velarogverkfaeri.is\/en\/wp-json\/wp\/v2\/types\/product"}],"replies":[{"embeddable":true,"href":"https:\/\/velarogverkfaeri.is\/en\/wp-json\/wp\/v2\/comments?post=42966"}],"wp:featuredmedia":[{"embeddable":true,"href":"https:\/\/velarogverkfaeri.is\/en\/wp-json\/wp\/v2\/media\/61908"}],"wp:attachment":[{"href":"https:\/\/velarogverkfaeri.is\/en\/wp-json\/wp\/v2\/media?parent=42966"}],"wp:term":[{"taxonomy":"product_brand","embeddable":true,"href":"https:\/\/velarogverkfaeri.is\/en\/wp-json\/wp\/v2\/product_brand?post=42966"},{"taxonomy":"product_cat","embeddable":true,"href":"https:\/\/velarogverkfaeri.is\/en\/wp-json\/wp\/v2\/product_cat?post=42966"},{"taxonomy":"product_tag","embeddable":true,"href":"https:\/\/velarogverkfaeri.is\/en\/wp-json\/wp\/v2\/product_tag?post=42966"}],"curies":[{"name":"wp","href":"https:\/\/api.w.org\/{rel}","templated":true}]}}